{"id":355,"date":"2020-04-17T22:24:28","date_gmt":"2020-04-17T22:24:28","guid":{"rendered":"https:\/\/distribucionarc.com\/?post_type=product&#038;p=355"},"modified":"2025-05-10T00:28:45","modified_gmt":"2025-05-09T22:28:45","slug":"maquina-de-embalagem-e-engarrafamento-dispensadora-100ml-%f0%9f%94%9b-1000ml","status":"publish","type":"product","link":"https:\/\/distribucionarc.com\/pt\/producto\/dosificadora-embotelladora-llenadora-envasadora-100ml-%f0%9f%94%9b-1000ml\/","title":{"rendered":"M\u00e1quina Dosadora, Engarrafadora, Envasadora e Embaladora 100 ml? 1000ml"},"content":{"rendered":"<h2 data-start=\"422\" data-end=\"515\">\ud83e\udd6b M\u00e1quina de Dosagem, Envase e Envase \u2013 100 a 1000 ml para Produtos Viscosos<\/h2>\n<p data-start=\"517\" data-end=\"916\">O <strong data-start=\"520\" data-end=\"573\">M\u00e1quina de dosagem e envase de 100 a 1000 ml<\/strong> com um sistema de pist\u00e3o pneum\u00e1tico provou ser uma solu\u00e7\u00e3o eficiente, precisa e altamente confi\u00e1vel para uma ampla gama de produtos viscosos. Feito em <strong data-start=\"726\" data-end=\"775\">a\u00e7o inoxid\u00e1vel 304\/316 de qualidade alimentar<\/strong>, atende aos mais altos padr\u00f5es de qualidade e higiene e foi projetado para oferecer desempenho industrial com grande facilidade de uso.<\/p>\n<h3 data-start=\"918\" data-end=\"958\">\ud83e\udde0 Casos reais de nossos clientes<\/h3>\n<p data-start=\"960\" data-end=\"1229\">Em <strong data-start=\"963\" data-end=\"983\">Distribui\u00e7\u00e3o ARC<\/strong>, n\u00e3o vendemos apenas m\u00e1quinas: <strong data-start=\"1014\" data-end=\"1079\">N\u00f3s o usamos, melhoramos e o respaldamos com experi\u00eancias do mundo real.<\/strong>. V\u00e1rios de nossos clientes usam esta m\u00e1quina em sua produ\u00e7\u00e3o di\u00e1ria h\u00e1 anos, com excelentes resultados. Alguns exemplos concretos:<\/p>\n<h4 data-start=\"1231\" data-end=\"1260\">\ud83e\udd5c Ind\u00fastria aliment\u00edcia<\/h4>\n<ul data-start=\"1261\" data-end=\"1737\">\n<li data-start=\"1261\" data-end=\"1454\">\n<p data-start=\"1263\" data-end=\"1454\"><strong data-start=\"1263\" data-end=\"1285\">Manteiga de amendoim<\/strong>:Um de nossos clientes de longa data produz manteiga de amendoim em v\u00e1rias texturas usando esta m\u00e1quina com grande precis\u00e3o e sem nenhuma modifica\u00e7\u00e3o.<\/p>\n<\/li>\n<li data-start=\"1455\" data-end=\"1613\">\n<p data-start=\"1457\" data-end=\"1613\"><strong data-start=\"1457\" data-end=\"1485\">Geleias tradicionais<\/strong>Outro cliente, um fabricante artesanal de geleias, usa esse enchimento para potes de 250 ml e 500 ml, sem desperd\u00edcio ou erros.<\/p>\n<\/li>\n<li data-start=\"1614\" data-end=\"1737\">\n<p data-start=\"1616\" data-end=\"1737\"><strong data-start=\"1616\" data-end=\"1652\">Molhos espessos e pastas de tomate<\/strong>:Tamb\u00e9m \u00e9 usado por produtores de molhos para churrasco, aioli ou molhos espessos.<\/p>\n<\/li>\n<\/ul>\n<h4 data-start=\"1739\" data-end=\"1756\">\ud83e\uddf4 Cosm\u00e9ticos<\/h4>\n<ul data-start=\"1757\" data-end=\"1866\">\n<li data-start=\"1757\" data-end=\"1787\">\n<p data-start=\"1759\" data-end=\"1787\"><strong data-start=\"1759\" data-end=\"1787\">Cremes corporais espessos<\/strong><\/p>\n<\/li>\n<li data-start=\"1788\" data-end=\"1832\">\n<p data-start=\"1790\" data-end=\"1832\"><strong data-start=\"1790\" data-end=\"1832\">M\u00e1scaras faciais de textura pesada<\/strong><\/p>\n<\/li>\n<li data-start=\"1833\" data-end=\"1866\">\n<p data-start=\"1835\" data-end=\"1866\"><strong data-start=\"1835\" data-end=\"1866\">G\u00e9is e b\u00e1lsamos corporais<\/strong><\/p>\n<\/li>\n<\/ul>\n<h4 data-start=\"1868\" data-end=\"1883\">\ud83e\uddea Qu\u00edmica<\/h4>\n<ul data-start=\"1884\" data-end=\"2000\">\n<li data-start=\"1884\" data-end=\"1917\">\n<p data-start=\"1886\" data-end=\"1917\"><strong data-start=\"1886\" data-end=\"1917\">Pasta de limpeza industrial<\/strong><\/p>\n<\/li>\n<li data-start=\"1918\" data-end=\"1953\">\n<p data-start=\"1920\" data-end=\"1953\"><strong data-start=\"1920\" data-end=\"1953\">Detergentes densos e sem espuma<\/strong><\/p>\n<\/li>\n<li data-start=\"1954\" data-end=\"2000\">\n<p data-start=\"1956\" data-end=\"2000\"><strong data-start=\"1956\" data-end=\"2000\">Lubrificantes semiss\u00f3lidos em embalagens macias<\/strong><\/p>\n<\/li>\n<\/ul>\n<h4 data-start=\"2002\" data-end=\"2035\">\ud83d\udc8a Medicina farmac\u00eautica e fitoter\u00e1pica<\/h4>\n<ul data-start=\"2036\" data-end=\"2129\">\n<li data-start=\"2036\" data-end=\"2070\">\n<p data-start=\"2038\" data-end=\"2070\"><strong data-start=\"2038\" data-end=\"2070\">Extratos vegetais viscosos<\/strong><\/p>\n<\/li>\n<li data-start=\"2071\" data-end=\"2092\">\n<p data-start=\"2073\" data-end=\"2092\"><strong data-start=\"2073\" data-end=\"2092\">Xaropes espessos<\/strong><\/p>\n<\/li>\n<li data-start=\"2093\" data-end=\"2129\">\n<p data-start=\"2095\" data-end=\"2129\"><strong data-start=\"2095\" data-end=\"2129\">Pomadas e b\u00e1lsamos naturais<\/strong><\/p>\n<\/li>\n<\/ul>\n<p data-start=\"2131\" data-end=\"2360\">Gra\u00e7as ao seu <strong data-start=\"2144\" data-end=\"2162\">Tremonha de 50 kg<\/strong>, dele <strong data-start=\"2167\" data-end=\"2211\">bico com sistema antigotejamento ajust\u00e1vel<\/strong> e seu design modular (que facilita a r\u00e1pida substitui\u00e7\u00e3o de pe\u00e7as em caso de avaria), esta m\u00e1quina \u00e9 <strong data-start=\"2314\" data-end=\"2357\">muito f\u00e1cil de operar, limpar e manter<\/strong>.<\/p>\n<p data-start=\"2362\" data-end=\"2520\">Al\u00e9m disso, sendo <strong data-start=\"2377\" data-end=\"2435\">semiautom\u00e1tico com op\u00e7\u00e3o de opera\u00e7\u00e3o autom\u00e1tica<\/strong>, \u00e9 perfeitamente adequado tanto para linhas de produ\u00e7\u00e3o artesanais quanto industriais.<\/p>\n<p data-start=\"2522\" data-end=\"2673\">Com certificado <strong data-start=\"2538\" data-end=\"2544\">CE<\/strong>, suporte t\u00e9cnico direto e <strong data-start=\"2572\" data-end=\"2594\">Garantia de 2 anos<\/strong>Este enchimento foi projetado para durar e se adaptar a diferentes produ\u00e7\u00f5es.<\/p>\n<p>&nbsp;<\/p>\n<table>\n<thead>\n<tr>\n<th>Recurso<\/th>\n<th>Detalhe<\/th>\n<\/tr>\n<\/thead>\n<tbody>\n<tr>\n<td>Tipo de m\u00e1quina<\/td>\n<td>M\u00e1quina de dosagem de engarrafamento de pist\u00e3o pneum\u00e1tico<\/td>\n<\/tr>\n<tr>\n<td>Faixa de enchimento<\/td>\n<td>100 ml \u2013 1000 ml<\/td>\n<\/tr>\n<tr>\n<td>Sistema de enchimento<\/td>\n<td>Pist\u00e3o pneum\u00e1tico com v\u00e1lvula rotativa<\/td>\n<\/tr>\n<tr>\n<td>Cabe\u00e7a de enchimento<\/td>\n<td>Bico individual com sistema antigotejamento<\/td>\n<\/tr>\n<tr>\n<td>Velocidade de produ\u00e7\u00e3o<\/td>\n<td>At\u00e9 30 garrafas por minuto<\/td>\n<\/tr>\n<tr>\n<td>Capacidade do funil<\/td>\n<td>50kg<\/td>\n<\/tr>\n<tr>\n<td>Precis\u00e3o de enchimento<\/td>\n<td>\u00b11%<\/td>\n<\/tr>\n<tr>\n<td>Modo de opera\u00e7\u00e3o<\/td>\n<td>Semiautom\u00e1tico \/ Autom\u00e1tico<\/td>\n<\/tr>\n<tr>\n<td>Regulamenta\u00e7\u00e3o de enchimento<\/td>\n<td>Volume e velocidade ajust\u00e1veis<\/td>\n<\/tr>\n<tr>\n<td>Material em contato<\/td>\n<td>A\u00e7o inoxid\u00e1vel 304\/316<\/td>\n<\/tr>\n<tr>\n<td>Press\u00e3o operacional<\/td>\n<td>0,4 \u2013 0,9 MPa<\/td>\n<\/tr>\n<tr>\n<td>Fonte de energia<\/td>\n<td>220 V<\/td>\n<\/tr>\n<tr>\n<td>Limpeza e manuten\u00e7\u00e3o<\/td>\n<td>F\u00e1cil desmontagem e lavagem<\/td>\n<\/tr>\n<tr>\n<td>Design modular<\/td>\n<td>Sim, com substitui\u00e7\u00e3o r\u00e1pida de pe\u00e7as<\/td>\n<\/tr>\n<tr>\n<td>Man\u00f4metro<\/td>\n<td>Incluindo<\/td>\n<\/tr>\n<tr>\n<td>Certifica\u00e7\u00e3o<\/td>\n<td>CE<\/td>\n<\/tr>\n<tr>\n<td>Garantia<\/td>\n<td>2 anos<\/td>\n<\/tr>\n<tr>\n<td>Suporte t\u00e9cnico<\/td>\n<td>Incluindo<\/td>\n<\/tr>\n<\/tbody>\n<\/table>\n<p>&nbsp;<\/p>","protected":false},"excerpt":{"rendered":"<p>M\u00e1quina para envase de l\u00edquidos muito viscosos Semiautom\u00e1tica, acionada por pist\u00e3o pneum\u00e1tico, fabricada com materiais de primeira qualidade. Equipado com cinco v\u00e1lvulas que controlam o fluxo dos produtos. Estrutura com design superior e todos os modelos s\u00e3o f\u00e1ceis de operar. Os componentes pneum\u00e1ticos utilizados s\u00e3o fabricados na Alemanha e em Taiwan. Todos os materiais de contato utilizados s\u00e3o de a\u00e7o inoxid\u00e1vel 316 de acordo com os requisitos GMP. A quantidade de volume e a velocidade de enchimento podem ser reguladas com grande precis\u00e3o.<\/p>","protected":false},"featured_media":17479,"comment_status":"open","ping_status":"closed","template":"","meta":{"wds_primary_product_brand":0,"wds_primary_product_cat":0},"product_brand":[],"product_cat":[18,20,321,21],"product_tag":[],"class_list":{"0":"post-355","1":"product","2":"type-product","3":"status-publish","4":"has-post-thumbnail","6":"product_cat-dosificadoras","7":"product_cat-dosificadoras-de-pastosos","8":"product_cat-llenadoras-de-piston","9":"product_cat-maquinas-llenadoras","11":"first","12":"instock","13":"sale","14":"taxable","15":"shipping-taxable","16":"purchasable","17":"product-type-simple"},"yoast_head":"<!-- This site is optimized with the Yoast SEO Premium plugin v24.9 (Yoast SEO v26.1) - https:\/\/yoast.com\/wordpress\/plugins\/seo\/ -->\n<title>Dosificadora, Embotelladora, Llenadora Envasadora 100 ml ? 1000 ml - distribuci\u00f3n ARC<\/title>\n<meta name=\"description\" content=\"M\u00e1quina dosificadora y embotelladora para productos viscosos como cremas, mermeladas, salsas y cosm\u00e9ticos. Rango de llenado de 100 a 1000 ml. Precisi\u00f3n \u00b11%. F\u00e1cil de usar y limpiar.\" \/>\n<meta name=\"robots\" content=\"index, follow, max-snippet:-1, max-image-preview:large, max-video-preview:-1\" \/>\n<link rel=\"canonical\" href=\"https:\/\/distribucionarc.com\/pt\/produto\/maquina-de-embalagem-e-engarrafamento-dispensadora-100ml-\ud83d\udd1b-1000ml\/\" \/>\n<meta property=\"og:locale\" content=\"pt_PT\" \/>\n<meta property=\"og:type\" content=\"article\" \/>\n<meta property=\"og:title\" content=\"Dosificadora, Embotelladora, Llenadora Envasadora 100 ml ? 1000 ml\" \/>\n<meta property=\"og:description\" content=\"M\u00e1quina dosificadora y embotelladora para productos viscosos como cremas, mermeladas, salsas y cosm\u00e9ticos. Rango de llenado de 100 a 1000 ml. Precisi\u00f3n \u00b11%. F\u00e1cil de usar y limpiar.\" \/>\n<meta property=\"og:url\" content=\"https:\/\/distribucionarc.com\/pt\/produto\/maquina-de-embalagem-e-engarrafamento-dispensadora-100ml-\ud83d\udd1b-1000ml\/\" \/>\n<meta property=\"og:site_name\" content=\"distribuci\u00f3n ARC\" \/>\n<meta property=\"article:modified_time\" content=\"2025-05-09T22:28:45+00:00\" \/>\n<meta property=\"og:image\" content=\"https:\/\/distribucionarc.com\/wp-content\/uploads\/2020\/04\/Maquina-dosificadora-de-mermeladas-y-cremas.png\" \/>\n\t<meta property=\"og:image:width\" content=\"628\" \/>\n\t<meta property=\"og:image:height\" content=\"476\" \/>\n\t<meta property=\"og:image:type\" content=\"image\/png\" \/>\n<meta name=\"twitter:card\" content=\"summary_large_image\" \/>\n<meta name=\"twitter:label1\" content=\"Tempo estimado de leitura\" \/>\n\t<meta name=\"twitter:data1\" content=\"3 minutos\" \/>\n<script type=\"application\/ld+json\" class=\"yoast-schema-graph\">{\"@context\":\"https:\/\/schema.org\",\"@graph\":[{\"@type\":\"WebPage\",\"@id\":\"https:\/\/distribucionarc.com\/lt\/producto\/dosificadora-embotelladora-llenadora-envasadora-100ml-%f0%9f%94%9b-1000ml\/\",\"url\":\"https:\/\/distribucionarc.com\/lt\/producto\/dosificadora-embotelladora-llenadora-envasadora-100ml-%f0%9f%94%9b-1000ml\/\",\"name\":\"Dosificadora, Embotelladora, Llenadora Envasadora 100 ml ? 1000 ml - distribuci\u00f3n ARC\",\"isPartOf\":{\"@id\":\"https:\/\/distribucionarc.com\/pl\/#website\"},\"primaryImageOfPage\":{\"@id\":\"https:\/\/distribucionarc.com\/lt\/producto\/dosificadora-embotelladora-llenadora-envasadora-100ml-%f0%9f%94%9b-1000ml\/#primaryimage\"},\"image\":{\"@id\":\"https:\/\/distribucionarc.com\/lt\/producto\/dosificadora-embotelladora-llenadora-envasadora-100ml-%f0%9f%94%9b-1000ml\/#primaryimage\"},\"thumbnailUrl\":\"https:\/\/distribucionarc.com\/wp-content\/uploads\/2020\/04\/Maquina-dosificadora-de-mermeladas-y-cremas.png\",\"datePublished\":\"2020-04-17T22:24:28+00:00\",\"dateModified\":\"2025-05-09T22:28:45+00:00\",\"description\":\"M\u00e1quina dosificadora y embotelladora para productos viscosos como cremas, mermeladas, salsas y cosm\u00e9ticos. Rango de llenado de 100 a 1000 ml. Precisi\u00f3n \u00b11%. F\u00e1cil de usar y limpiar.\",\"breadcrumb\":{\"@id\":\"https:\/\/distribucionarc.com\/lt\/producto\/dosificadora-embotelladora-llenadora-envasadora-100ml-%f0%9f%94%9b-1000ml\/#breadcrumb\"},\"inLanguage\":\"pt-PT\",\"potentialAction\":[{\"@type\":\"ReadAction\",\"target\":[\"https:\/\/distribucionarc.com\/lt\/producto\/dosificadora-embotelladora-llenadora-envasadora-100ml-%f0%9f%94%9b-1000ml\/\"]}]},{\"@type\":\"ImageObject\",\"inLanguage\":\"pt-PT\",\"@id\":\"https:\/\/distribucionarc.com\/lt\/producto\/dosificadora-embotelladora-llenadora-envasadora-100ml-%f0%9f%94%9b-1000ml\/#primaryimage\",\"url\":\"https:\/\/distribucionarc.com\/wp-content\/uploads\/2020\/04\/Maquina-dosificadora-de-mermeladas-y-cremas.png\",\"contentUrl\":\"https:\/\/distribucionarc.com\/wp-content\/uploads\/2020\/04\/Maquina-dosificadora-de-mermeladas-y-cremas.png\",\"width\":628,\"height\":476,\"caption\":\"Vista frontal de la m\u00e1quina dosificadora 100\u20131000 ml ideal para mermeladas, cremas y productos alimentarios viscosos\"},{\"@type\":\"BreadcrumbList\",\"@id\":\"https:\/\/distribucionarc.com\/lt\/producto\/dosificadora-embotelladora-llenadora-envasadora-100ml-%f0%9f%94%9b-1000ml\/#breadcrumb\",\"itemListElement\":[{\"@type\":\"ListItem\",\"position\":1,\"name\":\"Portada\",\"item\":\"https:\/\/www.distribucionarc.com\/tr\/\"},{\"@type\":\"ListItem\",\"position\":2,\"name\":\"Izdelki\",\"item\":\"https:\/\/www.distribucionarc.com\/sl\/trgovina\/\"},{\"@type\":\"ListItem\",\"position\":3,\"name\":\"Dosificadora, Embotelladora, Llenadora Envasadora 100 ml ? 1000 ml\"}]},{\"@type\":\"WebSite\",\"@id\":\"https:\/\/distribucionarc.com\/pl\/#website\",\"url\":\"https:\/\/distribucionarc.com\/pl\/\",\"name\":\"distribuci\u00f3n ARC\",\"description\":\"Empresa especializada en la fabricaci\u00f3n y distribuci\u00f3n de maquinaria industrial, selladoras de latas, Maquinas de hacer pastillas, Maquinas de cortar carne...\",\"publisher\":{\"@id\":\"https:\/\/distribucionarc.com\/pl\/#organization\"},\"potentialAction\":[{\"@type\":\"SearchAction\",\"target\":{\"@type\":\"EntryPoint\",\"urlTemplate\":\"https:\/\/distribucionarc.com\/pl\/?s={search_term_string}\"},\"query-input\":{\"@type\":\"PropertyValueSpecification\",\"valueRequired\":true,\"valueName\":\"search_term_string\"}}],\"inLanguage\":\"pt-PT\"},{\"@type\":\"Organization\",\"@id\":\"https:\/\/distribucionarc.com\/pl\/#organization\",\"name\":\"Distribuci\u00f3n ARC\",\"url\":\"https:\/\/distribucionarc.com\/pl\/\",\"logo\":{\"@type\":\"ImageObject\",\"inLanguage\":\"pt-PT\",\"@id\":\"https:\/\/distribucionarc.com\/pl\/#\/schema\/logo\/image\/\",\"url\":\"https:\/\/distribucionarc.com\/wp-content\/uploads\/2024\/10\/distribucion-ARC-COLOR-SIN-FONDO-e1732295305345.png\",\"contentUrl\":\"https:\/\/distribucionarc.com\/wp-content\/uploads\/2024\/10\/distribucion-ARC-COLOR-SIN-FONDO-e1732295305345.png\",\"width\":1164,\"height\":558,\"caption\":\"Distribuci\u00f3n ARC\"},\"image\":{\"@id\":\"https:\/\/distribucionarc.com\/pl\/#\/schema\/logo\/image\/\"},\"description\":\"Empresa especializada en la fabricaci\u00f3n y distribuci\u00f3n de maquinaria industrial para los sectores alimentario y farmac\u00e9utico. Nos especializamos en: M\u00e1quinas de cortar carne Fabricaci\u00f3n de comprimidos Sistemas de transporte industrial L\u00edneas de embotellado Dosificadores Y mucho m\u00e1s... Ofrecemos soluciones innovadoras y personalizadas para optimizar los procesos productivos de tu empresa.\",\"email\":\"Admistracion@distribucionarc.com\",\"telephone\":\"+34 643496664\",\"legalName\":\"ARC TECH SOLUTIONS\",\"foundingDate\":\"2024-04-09\",\"vatID\":\"B55480172\",\"numberOfEmployees\":{\"@type\":\"QuantitativeValue\",\"minValue\":\"1\",\"maxValue\":\"10\"}}]}<\/script>\n<!-- \/ Yoast SEO Premium plugin. -->","yoast_head_json":{"title":"M\u00e1quina Dosadora, Engarrafadora, Envasadora e Embaladora 100 ml? 1000 ml - distribui\u00e7\u00e3o ARC","description":"M\u00e1quina de dosagem e envase para produtos viscosos, como cremes, geleias, molhos e cosm\u00e9ticos. Faixa de enchimento de 100 a 1000 ml. Precis\u00e3o \u00b11%. F\u00e1cil de usar e limpar.","robots":{"index":"index","follow":"follow","max-snippet":"max-snippet:-1","max-image-preview":"max-image-preview:large","max-video-preview":"max-video-preview:-1"},"canonical":"https:\/\/distribucionarc.com\/pt\/produto\/maquina-de-embalagem-e-engarrafamento-dispensadora-100ml-\ud83d\udd1b-1000ml\/","og_locale":"pt_PT","og_type":"article","og_title":"Dosificadora, Embotelladora, Llenadora Envasadora 100 ml ? 1000 ml","og_description":"M\u00e1quina dosificadora y embotelladora para productos viscosos como cremas, mermeladas, salsas y cosm\u00e9ticos. Rango de llenado de 100 a 1000 ml. Precisi\u00f3n \u00b11%. F\u00e1cil de usar y limpiar.","og_url":"https:\/\/distribucionarc.com\/pt\/produto\/maquina-de-embalagem-e-engarrafamento-dispensadora-100ml-\ud83d\udd1b-1000ml\/","og_site_name":"distribuci\u00f3n ARC","article_modified_time":"2025-05-09T22:28:45+00:00","og_image":[{"width":628,"height":476,"url":"https:\/\/distribucionarc.com\/wp-content\/uploads\/2020\/04\/Maquina-dosificadora-de-mermeladas-y-cremas.png","type":"image\/png"}],"twitter_card":"summary_large_image","twitter_misc":{"Tempo estimado de leitura":"3 minutos"},"schema":{"@context":"https:\/\/schema.org","@graph":[{"@type":"WebPage","@id":"https:\/\/distribucionarc.com\/lt\/producto\/dosificadora-embotelladora-llenadora-envasadora-100ml-%f0%9f%94%9b-1000ml\/","url":"https:\/\/distribucionarc.com\/lt\/producto\/dosificadora-embotelladora-llenadora-envasadora-100ml-%f0%9f%94%9b-1000ml\/","name":"M\u00e1quina Dosadora, Engarrafadora, Envasadora e Embaladora 100 ml? 1000 ml - distribui\u00e7\u00e3o ARC","isPartOf":{"@id":"https:\/\/distribucionarc.com\/pl\/#website"},"primaryImageOfPage":{"@id":"https:\/\/distribucionarc.com\/lt\/producto\/dosificadora-embotelladora-llenadora-envasadora-100ml-%f0%9f%94%9b-1000ml\/#primaryimage"},"image":{"@id":"https:\/\/distribucionarc.com\/lt\/producto\/dosificadora-embotelladora-llenadora-envasadora-100ml-%f0%9f%94%9b-1000ml\/#primaryimage"},"thumbnailUrl":"https:\/\/distribucionarc.com\/wp-content\/uploads\/2020\/04\/Maquina-dosificadora-de-mermeladas-y-cremas.png","datePublished":"2020-04-17T22:24:28+00:00","dateModified":"2025-05-09T22:28:45+00:00","description":"M\u00e1quina de dosagem e envase para produtos viscosos, como cremes, geleias, molhos e cosm\u00e9ticos. Faixa de enchimento de 100 a 1000 ml. Precis\u00e3o \u00b11%. F\u00e1cil de usar e limpar.","breadcrumb":{"@id":"https:\/\/distribucionarc.com\/lt\/producto\/dosificadora-embotelladora-llenadora-envasadora-100ml-%f0%9f%94%9b-1000ml\/#breadcrumb"},"inLanguage":"pt-PT","potentialAction":[{"@type":"ReadAction","target":["https:\/\/distribucionarc.com\/lt\/producto\/dosificadora-embotelladora-llenadora-envasadora-100ml-%f0%9f%94%9b-1000ml\/"]}]},{"@type":"ImageObject","inLanguage":"pt-PT","@id":"https:\/\/distribucionarc.com\/lt\/producto\/dosificadora-embotelladora-llenadora-envasadora-100ml-%f0%9f%94%9b-1000ml\/#primaryimage","url":"https:\/\/distribucionarc.com\/wp-content\/uploads\/2020\/04\/Maquina-dosificadora-de-mermeladas-y-cremas.png","contentUrl":"https:\/\/distribucionarc.com\/wp-content\/uploads\/2020\/04\/Maquina-dosificadora-de-mermeladas-y-cremas.png","width":628,"height":476,"caption":"Vista frontal de la m\u00e1quina dosificadora 100\u20131000 ml ideal para mermeladas, cremas y productos alimentarios viscosos"},{"@type":"BreadcrumbList","@id":"https:\/\/distribucionarc.com\/lt\/producto\/dosificadora-embotelladora-llenadora-envasadora-100ml-%f0%9f%94%9b-1000ml\/#breadcrumb","itemListElement":[{"@type":"ListItem","position":1,"name":"Portada","item":"https:\/\/www.distribucionarc.com\/tr\/"},{"@type":"ListItem","position":2,"name":"Izdelki","item":"https:\/\/www.distribucionarc.com\/sl\/trgovina\/"},{"@type":"ListItem","position":3,"name":"Dosificadora, Embotelladora, Llenadora Envasadora 100 ml ? 1000 ml"}]},{"@type":"WebSite","@id":"https:\/\/distribucionarc.com\/pl\/#website","url":"https:\/\/distribucionarc.com\/pl\/","name":"Distribui\u00e7\u00e3o ARC","description":"Empresa especializada no fabrico e distribui\u00e7\u00e3o de m\u00e1quinas industriais, m\u00e1quinas de selar latas, m\u00e1quinas de fazer comprimidos, m\u00e1quinas de cortar carne...","publisher":{"@id":"https:\/\/distribucionarc.com\/pl\/#organization"},"potentialAction":[{"@type":"SearchAction","target":{"@type":"EntryPoint","urlTemplate":"https:\/\/distribucionarc.com\/pl\/?s={search_term_string}"},"query-input":{"@type":"PropertyValueSpecification","valueRequired":true,"valueName":"search_term_string"}}],"inLanguage":"pt-PT"},{"@type":"Organization","@id":"https:\/\/distribucionarc.com\/pl\/#organization","name":"Distribui\u00e7\u00e3o ARC","url":"https:\/\/distribucionarc.com\/pl\/","logo":{"@type":"ImageObject","inLanguage":"pt-PT","@id":"https:\/\/distribucionarc.com\/pl\/#\/schema\/logo\/image\/","url":"https:\/\/distribucionarc.com\/wp-content\/uploads\/2024\/10\/distribucion-ARC-COLOR-SIN-FONDO-e1732295305345.png","contentUrl":"https:\/\/distribucionarc.com\/wp-content\/uploads\/2024\/10\/distribucion-ARC-COLOR-SIN-FONDO-e1732295305345.png","width":1164,"height":558,"caption":"Distribuci\u00f3n ARC"},"image":{"@id":"https:\/\/distribucionarc.com\/pl\/#\/schema\/logo\/image\/"},"description":"Empresa especializada no fabrico e distribui\u00e7\u00e3o de m\u00e1quinas industriais para os sectores alimentar e farmac\u00eautico. Somos especializados em: M\u00e1quinas de cortar carne Fabrico de comprimidos Sistemas de transporte industrial Linhas de engarrafamento Dispensadores E muito mais... Oferecemos solu\u00e7\u00f5es inovadoras e personalizadas para otimizar os processos de produ\u00e7\u00e3o da sua empresa.","email":"Admistracion@distribucionarc.com","telephone":"+34 643496664","legalName":"ARC TECH SOLUTIONS","foundingDate":"2024-04-09","vatID":"B55480172","numberOfEmployees":{"@type":"QuantitativeValue","minValue":"1","maxValue":"10"}}]}},"_links":{"self":[{"href":"https:\/\/distribucionarc.com\/pt\/wp-json\/wp\/v2\/product\/355","targetHints":{"allow":["GET"]}}],"collection":[{"href":"https:\/\/distribucionarc.com\/pt\/wp-json\/wp\/v2\/product"}],"about":[{"href":"https:\/\/distribucionarc.com\/pt\/wp-json\/wp\/v2\/types\/product"}],"replies":[{"embeddable":true,"href":"https:\/\/distribucionarc.com\/pt\/wp-json\/wp\/v2\/comments?post=355"}],"version-history":[{"count":2,"href":"https:\/\/distribucionarc.com\/pt\/wp-json\/wp\/v2\/product\/355\/revisions"}],"predecessor-version":[{"id":17483,"href":"https:\/\/distribucionarc.com\/pt\/wp-json\/wp\/v2\/product\/355\/revisions\/17483"}],"wp:featuredmedia":[{"embeddable":true,"href":"https:\/\/distribucionarc.com\/pt\/wp-json\/wp\/v2\/media\/17479"}],"wp:attachment":[{"href":"https:\/\/distribucionarc.com\/pt\/wp-json\/wp\/v2\/media?parent=355"}],"wp:term":[{"taxonomy":"product_brand","embeddable":true,"href":"https:\/\/distribucionarc.com\/pt\/wp-json\/wp\/v2\/product_brand?post=355"},{"taxonomy":"product_cat","embeddable":true,"href":"https:\/\/distribucionarc.com\/pt\/wp-json\/wp\/v2\/product_cat?post=355"},{"taxonomy":"product_tag","embeddable":true,"href":"https:\/\/distribucionarc.com\/pt\/wp-json\/wp\/v2\/product_tag?post=355"}],"curies":[{"name":"wp","href":"https:\/\/api.w.org\/{rel}","templated":true}]}}