{"id":3592,"date":"2020-10-05T11:45:53","date_gmt":"2020-10-05T11:45:53","guid":{"rendered":"https:\/\/distribucionarc.com\/?post_type=product&#038;p=3592"},"modified":"2020-10-05T11:46:57","modified_gmt":"2020-10-05T11:46:57","slug":"seladora-de-latas-semiautomatica-53mm","status":"publish","type":"product","link":"https:\/\/distribucionarc.com\/pt\/producto\/selladora-de-latas-semiautomatica-53mm\/","title":{"rendered":"Seladora de latas semiautom\u00e1tica 53mm"},"content":{"rendered":"<h3>Seladora de latas semiautom\u00e1tica 53mm<\/h3>\n<p>Esse\u00a0<strong>pode tampar\u00a0<span style=\"color: #ff0000;\">PARA<\/span><span style=\"color: #0000ff;\">R<\/span>c<\/strong>\u00a0\u00c9 feito de a\u00e7o carbono premium que garante durabilidade. A superf\u00edcie da carca\u00e7a \u00e9 tratada com pl\u00e1stico revestido a p\u00f3, que \u00e9 abrasivo, resistente \u00e0 ferrugem e corros\u00e3o.<\/p>\n<p>O nivelamento \u00e9 controlado manualmente. Voc\u00ea pode ajustar o suporte atrav\u00e9s do eixo de ajuste de altura para caber em latas de diferentes alturas, faixa de altura de 11,5 a 603 mm. Di\u00e2metro 53mm.<\/p>\n<p>O\u00a0<strong>cortador<\/strong>\u00a0de\u00a0<strong><span style=\"color: #ff0000;\">PARA<\/span><span style=\"color: #0000ff;\">R<\/span>CSLA53<\/strong>\u00a0Possui dois modos de selagem, um onde a selagem \u00e9 autom\u00e1tica e outro onde voc\u00ea pode controlar o processo de selagem com uma chave de controle de ponto<\/p>\n<p>O motor com n\u00facleo duplo de cobre contribui muito para o\u00a0<strong>opera\u00e7\u00e3o altamente eficiente<\/strong>\u00a0da m\u00e1quina tampadora de latas. Motores de alta pot\u00eancia melhoram a efici\u00eancia.<\/p>\n<p>Esse\u00a0<strong>costuradora de latas autom\u00e1tica<\/strong>\u00a0para ele\u00a0<strong>conservas profissionais<\/strong>\u00a0\u00c9 perfeito para todos os tipos de latas de papel, ferro, lata e pl\u00e1stico, para tampar tampas de lata, tampas de alum\u00ednio e tampas de latas.<\/p>\n<h6><strong>Garantia\u00a0<span style=\"color: #ff0000;\">PARA<\/span><span style=\"color: #0000ff;\">R<\/span>C 2 ANOS<\/strong><\/h6>\n<h6><span style=\"color: #008000;\">\u00a0Seladora de latas autom\u00e1tica eficiente, baixo consumo 330w<\/span><\/h6>\n<h6><strong>suporte t\u00e9cnico inclu\u00eddo<\/strong><\/h6>\n<p>&nbsp;<\/p>\n<table role=\"presentation\" width=\"100%\" cellspacing=\"0\" cellpadding=\"0\">\n<tbody>\n<tr>\n<td class=\"attrLabels\">Marca:<\/td>\n<td width=\"50.0%\">ARCO<\/td>\n<\/tr>\n<tr>\n<td class=\"attrLabels\">Pa\u00eds de distribui\u00e7\u00e3o:<\/td>\n<td width=\"50.0%\">Espanha, Alemanha, EUA<\/td>\n<td class=\"attrLabels\">Peso:<\/td>\n<td width=\"50.0%\">31kg<\/td>\n<\/tr>\n<tr>\n<td class=\"attrLabels\">Marca:<\/td>\n<td width=\"50.0%\">ARCO<\/td>\n<td class=\"attrLabels\">Altura:<\/td>\n<td width=\"50.0%\">76,5 cm<\/td>\n<\/tr>\n<tr>\n<td class=\"attrLabels\">Cor:<\/td>\n<td width=\"50.0%\">Prata<\/td>\n<td class=\"attrLabels\">Longo:<\/td>\n<td width=\"50.0%\">35cm<\/td>\n<\/tr>\n<tr>\n<td class=\"attrLabels\">Tipo de produto:<\/td>\n<td width=\"50.0%\">Seladora de latas semiautom\u00e1tica<\/td>\n<td class=\"attrLabels\">Largo:<\/td>\n<td width=\"50.0%\">45cm<\/td>\n<\/tr>\n<tr>\n<td class=\"attrLabels\">N\u00famero do fabricante:<\/td>\n<td width=\"50.0%\">ARCSLA53<\/td>\n<td class=\"attrLabels\">Poder:<\/td>\n<td width=\"50.0%\">330 W<\/td>\n<\/tr>\n<tr>\n<td class=\"attrLabels\">Material:<\/td>\n<td width=\"50.0%\">a\u00e7o carbono, motor de cobre<\/td>\n<td class=\"attrLabels\">tens\u00e3o de entrada<\/td>\n<td width=\"50.0%\">220 V \u2013 60 Hz<\/td>\n<\/tr>\n<tr>\n<td class=\"attrLabels\">Garantia:<\/td>\n<td width=\"50.0%\">\u00a0 2 anos<\/td>\n<td class=\"attrLabels\">Velocidade de embalagem:<\/td>\n<td width=\"50.0%\">20 \u2013 40 pe\u00e7as por minuto<\/td>\n<\/tr>\n<tr>\n<td class=\"attrLabels\">Ferramentas de instala\u00e7\u00e3o:<\/td>\n<td width=\"50.0%\">Sim<\/td>\n<td class=\"attrLabels\">\u00a0Faixa de altura da lata:<\/td>\n<td width=\"50.0%\">11,5 \u2013 605 mm<\/td>\n<\/tr>\n<\/tbody>\n<\/table>","protected":false},"excerpt":{"rendered":"<h2>Seladora de latas semiautom\u00e1tica 53mm<\/h2>\n<p>O\u00a0<strong>costuradora de latas el\u00e9trica<\/strong>\u00a0de<span style=\"color: #ff0000;\">\u00a0<\/span><strong><span style=\"color: #ff0000;\">PARA<\/span><span style=\"color: #0000ff;\">R<\/span>c<\/strong>\u00a0\u00c9 adequado para todos os tipos de\u00a0<strong>latas de ferro<\/strong>,\u00a0<strong>pl\u00e1stico<\/strong>,\u00a0<strong>estanho<\/strong>\u00a0e\u00a0<strong>papel<\/strong>, aumente sua produ\u00e7\u00e3o com o m\u00ednimo esfor\u00e7o, melhorando muito a efici\u00eancia do trabalho. Do\u00a0<strong>melhor qualidade<\/strong>\u00a0e\u00a0<strong>f\u00e1cil de operar<\/strong>. \u00c9 o equipamento ideal para ind\u00fastrias de alimentos, bebidas, ch\u00e1 e outras ind\u00fastrias essenciais.<\/p>\n<h6><strong>Garantia\u00a0<span style=\"color: #ff0000;\">PARA<\/span><span style=\"color: #0000ff;\">R<\/span>C 2 ANOS<\/strong><\/h6>\n<h6><span style=\"color: #008000;\">\u00a0Seladora de latas autom\u00e1tica eficiente, baixo consumo 330w<\/span><\/h6>\n<h6><strong>suporte t\u00e9cnico inclu\u00eddo<\/strong><\/h6>","protected":false},"featured_media":3594,"comment_status":"open","ping_status":"closed","template":"","meta":{"wds_primary_product_brand":0,"wds_primary_product_cat":0},"product_brand":[],"product_cat":[62],"product_tag":[],"class_list":{"0":"post-3592","1":"product","2":"type-product","3":"status-publish","4":"has-post-thumbnail","6":"product_cat-selladoras-de-latas","7":"product_shipping_class-express","9":"first","10":"instock","11":"sale","12":"taxable","13":"shipping-taxable","14":"purchasable","15":"product-type-simple"},"yoast_head":"<!-- This site is optimized with the Yoast SEO Premium plugin v24.9 (Yoast SEO v26.1) - https:\/\/yoast.com\/wordpress\/plugins\/seo\/ -->\n<title>Selladora de latas semiautom\u00e1tica 53mm - distribuci\u00f3n ARC<\/title>\n<meta name=\"robots\" content=\"index, follow, max-snippet:-1, max-image-preview:large, max-video-preview:-1\" \/>\n<link rel=\"canonical\" href=\"https:\/\/distribucionarc.com\/pt\/produto\/seladora-de-latas-semiautomatica-53mm\/\" \/>\n<meta property=\"og:locale\" content=\"pt_PT\" \/>\n<meta property=\"og:type\" content=\"article\" \/>\n<meta property=\"og:title\" content=\"Selladora de latas semiautom\u00e1tica 53mm\" \/>\n<meta property=\"og:description\" content=\"Selladora de latas semiautom\u00e1tica 53mm La\u00a0cerradora de latas el\u00e9ctrica\u00a0de\u00a0ARC\u00a0es adecuada para todo tipo de\u00a0latas de hierro,\u00a0pl\u00e1stico,\u00a0esta\u00f1o\u00a0y\u00a0papel, aumente su producci\u00f3n con el m\u00ednimo esfuerzo, mejorando en gran medida la eficiencia del trabajo. De la\u00a0mejor calidad\u00a0y\u00a0sencilla de accionar. Es el equipo ideal para las industrias de\u00a0alimentos,\u00a0bebidas, t\u00e9 y otras industrias esenciales. Garant\u00eda\u00a0ARC 2 A\u00d1OS \u00a0Selladora para latas autom\u00e1tica eficiente, bajo consumo 330w soporte t\u00e9cnico incluido\" \/>\n<meta property=\"og:url\" content=\"https:\/\/distribucionarc.com\/pt\/produto\/seladora-de-latas-semiautomatica-53mm\/\" \/>\n<meta property=\"og:site_name\" content=\"distribuci\u00f3n ARC\" \/>\n<meta property=\"article:modified_time\" content=\"2020-10-05T11:46:57+00:00\" \/>\n<meta property=\"og:image\" content=\"https:\/\/distribucionarc.com\/wp-content\/uploads\/2020\/10\/Selladora-de-latas-semi-autom\u00e1tica-53mm-0.jpg\" \/>\n\t<meta property=\"og:image:width\" content=\"1133\" \/>\n\t<meta property=\"og:image:height\" content=\"1600\" \/>\n\t<meta property=\"og:image:type\" content=\"image\/jpeg\" \/>\n<meta name=\"twitter:card\" content=\"summary_large_image\" \/>\n<meta name=\"twitter:label1\" content=\"Tempo estimado de leitura\" \/>\n\t<meta name=\"twitter:data1\" content=\"1 minuto\" \/>\n<script type=\"application\/ld+json\" class=\"yoast-schema-graph\">{\"@context\":\"https:\/\/schema.org\",\"@graph\":[{\"@type\":\"WebPage\",\"@id\":\"https:\/\/distribucionarc.com\/nb\/producto\/selladora-de-latas-semiautomatica-53mm\/\",\"url\":\"https:\/\/distribucionarc.com\/nb\/producto\/selladora-de-latas-semiautomatica-53mm\/\",\"name\":\"Selladora de latas semiautom\u00e1tica 53mm - distribuci\u00f3n ARC\",\"isPartOf\":{\"@id\":\"https:\/\/www.distribucionarc.com\/de\/#website\"},\"primaryImageOfPage\":{\"@id\":\"https:\/\/distribucionarc.com\/nb\/producto\/selladora-de-latas-semiautomatica-53mm\/#primaryimage\"},\"image\":{\"@id\":\"https:\/\/distribucionarc.com\/nb\/producto\/selladora-de-latas-semiautomatica-53mm\/#primaryimage\"},\"thumbnailUrl\":\"https:\/\/distribucionarc.com\/wp-content\/uploads\/2020\/10\/Selladora-de-latas-semi-autom\u00e1tica-53mm-0.jpg\",\"datePublished\":\"2020-10-05T11:45:53+00:00\",\"dateModified\":\"2020-10-05T11:46:57+00:00\",\"breadcrumb\":{\"@id\":\"https:\/\/distribucionarc.com\/nb\/producto\/selladora-de-latas-semiautomatica-53mm\/#breadcrumb\"},\"inLanguage\":\"pt-PT\",\"potentialAction\":[{\"@type\":\"ReadAction\",\"target\":[\"https:\/\/distribucionarc.com\/nb\/producto\/selladora-de-latas-semiautomatica-53mm\/\"]}]},{\"@type\":\"ImageObject\",\"inLanguage\":\"pt-PT\",\"@id\":\"https:\/\/distribucionarc.com\/nb\/producto\/selladora-de-latas-semiautomatica-53mm\/#primaryimage\",\"url\":\"https:\/\/distribucionarc.com\/wp-content\/uploads\/2020\/10\/Selladora-de-latas-semi-autom\u00e1tica-53mm-0.jpg\",\"contentUrl\":\"https:\/\/distribucionarc.com\/wp-content\/uploads\/2020\/10\/Selladora-de-latas-semi-autom\u00e1tica-53mm-0.jpg\",\"width\":1133,\"height\":1600,\"caption\":\"Selladora de latas semiautom\u00e1tica 53mm\"},{\"@type\":\"BreadcrumbList\",\"@id\":\"https:\/\/distribucionarc.com\/nb\/producto\/selladora-de-latas-semiautomatica-53mm\/#breadcrumb\",\"itemListElement\":[{\"@type\":\"ListItem\",\"position\":1,\"name\":\"Portada\",\"item\":\"https:\/\/www.distribucionarc.com\/en\/\"},{\"@type\":\"ListItem\",\"position\":2,\"name\":\"Products\",\"item\":\"https:\/\/www.distribucionarc.com\/en\/shop\/\"},{\"@type\":\"ListItem\",\"position\":3,\"name\":\"Selladora de latas semiautom\u00e1tica 53mm\"}]},{\"@type\":\"WebSite\",\"@id\":\"https:\/\/www.distribucionarc.com\/de\/#website\",\"url\":\"https:\/\/www.distribucionarc.com\/de\/\",\"name\":\"distribuci\u00f3n ARC\",\"description\":\"Empresa especializada en la fabricaci\u00f3n y distribuci\u00f3n de maquinaria industrial, selladoras de latas, Maquinas de hacer pastillas, Maquinas de cortar carne...\",\"publisher\":{\"@id\":\"https:\/\/www.distribucionarc.com\/de\/#organization\"},\"potentialAction\":[{\"@type\":\"SearchAction\",\"target\":{\"@type\":\"EntryPoint\",\"urlTemplate\":\"https:\/\/www.distribucionarc.com\/de\/?s={search_term_string}\"},\"query-input\":{\"@type\":\"PropertyValueSpecification\",\"valueRequired\":true,\"valueName\":\"search_term_string\"}}],\"inLanguage\":\"pt-PT\"},{\"@type\":\"Organization\",\"@id\":\"https:\/\/www.distribucionarc.com\/de\/#organization\",\"name\":\"Distribuci\u00f3n ARC\",\"url\":\"https:\/\/www.distribucionarc.com\/de\/\",\"logo\":{\"@type\":\"ImageObject\",\"inLanguage\":\"pt-PT\",\"@id\":\"https:\/\/www.distribucionarc.com\/de\/#\/schema\/logo\/image\/\",\"url\":\"https:\/\/distribucionarc.com\/wp-content\/uploads\/2024\/10\/distribucion-ARC-COLOR-SIN-FONDO-e1732295305345.png\",\"contentUrl\":\"https:\/\/distribucionarc.com\/wp-content\/uploads\/2024\/10\/distribucion-ARC-COLOR-SIN-FONDO-e1732295305345.png\",\"width\":1164,\"height\":558,\"caption\":\"Distribuci\u00f3n ARC\"},\"image\":{\"@id\":\"https:\/\/www.distribucionarc.com\/de\/#\/schema\/logo\/image\/\"},\"description\":\"Empresa especializada en la fabricaci\u00f3n y distribuci\u00f3n de maquinaria industrial para los sectores alimentario y farmac\u00e9utico. Nos especializamos en: M\u00e1quinas de cortar carne Fabricaci\u00f3n de comprimidos Sistemas de transporte industrial L\u00edneas de embotellado Dosificadores Y mucho m\u00e1s... Ofrecemos soluciones innovadoras y personalizadas para optimizar los procesos productivos de tu empresa.\",\"email\":\"Admistracion@distribucionarc.com\",\"telephone\":\"+34 643496664\",\"legalName\":\"ARC TECH SOLUTIONS\",\"foundingDate\":\"2024-04-09\",\"vatID\":\"B55480172\",\"numberOfEmployees\":{\"@type\":\"QuantitativeValue\",\"minValue\":\"1\",\"maxValue\":\"10\"}}]}<\/script>\n<!-- \/ Yoast SEO Premium plugin. -->","yoast_head_json":{"title":"Seladora de latas semiautom\u00e1tica de 53 mm - distribui\u00e7\u00e3o ARC","robots":{"index":"index","follow":"follow","max-snippet":"max-snippet:-1","max-image-preview":"max-image-preview:large","max-video-preview":"max-video-preview:-1"},"canonical":"https:\/\/distribucionarc.com\/pt\/produto\/seladora-de-latas-semiautomatica-53mm\/","og_locale":"pt_PT","og_type":"article","og_title":"Selladora de latas semiautom\u00e1tica 53mm","og_description":"Selladora de latas semiautom\u00e1tica 53mm La\u00a0cerradora de latas el\u00e9ctrica\u00a0de\u00a0ARC\u00a0es adecuada para todo tipo de\u00a0latas de hierro,\u00a0pl\u00e1stico,\u00a0esta\u00f1o\u00a0y\u00a0papel, aumente su producci\u00f3n con el m\u00ednimo esfuerzo, mejorando en gran medida la eficiencia del trabajo. De la\u00a0mejor calidad\u00a0y\u00a0sencilla de accionar. Es el equipo ideal para las industrias de\u00a0alimentos,\u00a0bebidas, t\u00e9 y otras industrias esenciales. Garant\u00eda\u00a0ARC 2 A\u00d1OS \u00a0Selladora para latas autom\u00e1tica eficiente, bajo consumo 330w soporte t\u00e9cnico incluido","og_url":"https:\/\/distribucionarc.com\/pt\/produto\/seladora-de-latas-semiautomatica-53mm\/","og_site_name":"distribuci\u00f3n ARC","article_modified_time":"2020-10-05T11:46:57+00:00","og_image":[{"width":1133,"height":1600,"url":"https:\/\/distribucionarc.com\/wp-content\/uploads\/2020\/10\/Selladora-de-latas-semi-autom\u00e1tica-53mm-0.jpg","type":"image\/jpeg"}],"twitter_card":"summary_large_image","twitter_misc":{"Tempo estimado de leitura":"1 minuto"},"schema":{"@context":"https:\/\/schema.org","@graph":[{"@type":"WebPage","@id":"https:\/\/distribucionarc.com\/nb\/producto\/selladora-de-latas-semiautomatica-53mm\/","url":"https:\/\/distribucionarc.com\/nb\/producto\/selladora-de-latas-semiautomatica-53mm\/","name":"Seladora de latas semiautom\u00e1tica de 53 mm - distribui\u00e7\u00e3o ARC","isPartOf":{"@id":"https:\/\/www.distribucionarc.com\/de\/#website"},"primaryImageOfPage":{"@id":"https:\/\/distribucionarc.com\/nb\/producto\/selladora-de-latas-semiautomatica-53mm\/#primaryimage"},"image":{"@id":"https:\/\/distribucionarc.com\/nb\/producto\/selladora-de-latas-semiautomatica-53mm\/#primaryimage"},"thumbnailUrl":"https:\/\/distribucionarc.com\/wp-content\/uploads\/2020\/10\/Selladora-de-latas-semi-autom\u00e1tica-53mm-0.jpg","datePublished":"2020-10-05T11:45:53+00:00","dateModified":"2020-10-05T11:46:57+00:00","breadcrumb":{"@id":"https:\/\/distribucionarc.com\/nb\/producto\/selladora-de-latas-semiautomatica-53mm\/#breadcrumb"},"inLanguage":"pt-PT","potentialAction":[{"@type":"ReadAction","target":["https:\/\/distribucionarc.com\/nb\/producto\/selladora-de-latas-semiautomatica-53mm\/"]}]},{"@type":"ImageObject","inLanguage":"pt-PT","@id":"https:\/\/distribucionarc.com\/nb\/producto\/selladora-de-latas-semiautomatica-53mm\/#primaryimage","url":"https:\/\/distribucionarc.com\/wp-content\/uploads\/2020\/10\/Selladora-de-latas-semi-autom\u00e1tica-53mm-0.jpg","contentUrl":"https:\/\/distribucionarc.com\/wp-content\/uploads\/2020\/10\/Selladora-de-latas-semi-autom\u00e1tica-53mm-0.jpg","width":1133,"height":1600,"caption":"Selladora de latas semiautom\u00e1tica 53mm"},{"@type":"BreadcrumbList","@id":"https:\/\/distribucionarc.com\/nb\/producto\/selladora-de-latas-semiautomatica-53mm\/#breadcrumb","itemListElement":[{"@type":"ListItem","position":1,"name":"Portada","item":"https:\/\/www.distribucionarc.com\/en\/"},{"@type":"ListItem","position":2,"name":"Products","item":"https:\/\/www.distribucionarc.com\/en\/shop\/"},{"@type":"ListItem","position":3,"name":"Selladora de latas semiautom\u00e1tica 53mm"}]},{"@type":"WebSite","@id":"https:\/\/www.distribucionarc.com\/de\/#website","url":"https:\/\/www.distribucionarc.com\/de\/","name":"Distribui\u00e7\u00e3o ARC","description":"Empresa especializada no fabrico e distribui\u00e7\u00e3o de m\u00e1quinas industriais, m\u00e1quinas de selar latas, m\u00e1quinas de fazer comprimidos, m\u00e1quinas de cortar carne...","publisher":{"@id":"https:\/\/www.distribucionarc.com\/de\/#organization"},"potentialAction":[{"@type":"SearchAction","target":{"@type":"EntryPoint","urlTemplate":"https:\/\/www.distribucionarc.com\/de\/?s={search_term_string}"},"query-input":{"@type":"PropertyValueSpecification","valueRequired":true,"valueName":"search_term_string"}}],"inLanguage":"pt-PT"},{"@type":"Organization","@id":"https:\/\/www.distribucionarc.com\/de\/#organization","name":"Distribui\u00e7\u00e3o ARC","url":"https:\/\/www.distribucionarc.com\/de\/","logo":{"@type":"ImageObject","inLanguage":"pt-PT","@id":"https:\/\/www.distribucionarc.com\/de\/#\/schema\/logo\/image\/","url":"https:\/\/distribucionarc.com\/wp-content\/uploads\/2024\/10\/distribucion-ARC-COLOR-SIN-FONDO-e1732295305345.png","contentUrl":"https:\/\/distribucionarc.com\/wp-content\/uploads\/2024\/10\/distribucion-ARC-COLOR-SIN-FONDO-e1732295305345.png","width":1164,"height":558,"caption":"Distribuci\u00f3n ARC"},"image":{"@id":"https:\/\/www.distribucionarc.com\/de\/#\/schema\/logo\/image\/"},"description":"Empresa especializada no fabrico e distribui\u00e7\u00e3o de m\u00e1quinas industriais para os sectores alimentar e farmac\u00eautico. Somos especializados em: M\u00e1quinas de cortar carne Fabrico de comprimidos Sistemas de transporte industrial Linhas de engarrafamento Dispensadores E muito mais... Oferecemos solu\u00e7\u00f5es inovadoras e personalizadas para otimizar os processos de produ\u00e7\u00e3o da sua empresa.","email":"Admistracion@distribucionarc.com","telephone":"+34 643496664","legalName":"ARC TECH SOLUTIONS","foundingDate":"2024-04-09","vatID":"B55480172","numberOfEmployees":{"@type":"QuantitativeValue","minValue":"1","maxValue":"10"}}]}},"_links":{"self":[{"href":"https:\/\/distribucionarc.com\/pt\/wp-json\/wp\/v2\/product\/3592","targetHints":{"allow":["GET"]}}],"collection":[{"href":"https:\/\/distribucionarc.com\/pt\/wp-json\/wp\/v2\/product"}],"about":[{"href":"https:\/\/distribucionarc.com\/pt\/wp-json\/wp\/v2\/types\/product"}],"replies":[{"embeddable":true,"href":"https:\/\/distribucionarc.com\/pt\/wp-json\/wp\/v2\/comments?post=3592"}],"version-history":[{"count":0,"href":"https:\/\/distribucionarc.com\/pt\/wp-json\/wp\/v2\/product\/3592\/revisions"}],"wp:featuredmedia":[{"embeddable":true,"href":"https:\/\/distribucionarc.com\/pt\/wp-json\/wp\/v2\/media\/3594"}],"wp:attachment":[{"href":"https:\/\/distribucionarc.com\/pt\/wp-json\/wp\/v2\/media?parent=3592"}],"wp:term":[{"taxonomy":"product_brand","embeddable":true,"href":"https:\/\/distribucionarc.com\/pt\/wp-json\/wp\/v2\/product_brand?post=3592"},{"taxonomy":"product_cat","embeddable":true,"href":"https:\/\/distribucionarc.com\/pt\/wp-json\/wp\/v2\/product_cat?post=3592"},{"taxonomy":"product_tag","embeddable":true,"href":"https:\/\/distribucionarc.com\/pt\/wp-json\/wp\/v2\/product_tag?post=3592"}],"curies":[{"name":"wp","href":"https:\/\/api.w.org\/{rel}","templated":true}]}}