{"id":3604,"date":"2020-10-05T14:10:27","date_gmt":"2020-10-05T14:10:27","guid":{"rendered":"https:\/\/distribucionarc.com\/?post_type=product&#038;p=3604"},"modified":"2025-05-08T22:19:18","modified_gmt":"2025-05-08T20:19:18","slug":"dispensador-de-engarrafamento-com-batedor-e-enchimento-duplo-100-ml-%f0%9f%94%9b-1000-ml","status":"publish","type":"product","link":"https:\/\/distribucionarc.com\/pt\/producto\/dosificadora-embotelladora-con-batidor-y-doble-llenador-100-ml-%f0%9f%94%9b-1000-ml\/","title":{"rendered":"Dispensador, Engarrafador, com misturador e enchimento duplo 100 ml? 1000ml"},"content":{"rendered":"<h2 data-start=\"460\" data-end=\"548\">\ud83c\udf6f M\u00e1quina de Dosagem e Envase de Alta Viscosidade com Bico Duplo \u2013 100 a 1000 ml<\/h2>\n<p data-start=\"550\" data-end=\"936\">O <strong data-start=\"553\" data-end=\"619\">m\u00e1quina de dosagem e engarrafamento semiautom\u00e1tica com bico duplo<\/strong> \u00c9 especialmente projetado para envase de produtos de <strong data-start=\"680\" data-end=\"699\">alta viscosidade<\/strong> sem a necessidade de misturador, oferecendo um fluxo preciso, limpo e constante. \u00c9 ideal para empresas que precisam de uma solu\u00e7\u00e3o robusta e eficiente para embalar produtos densos, sem res\u00edduos s\u00f3lidos que possam causar sedimenta\u00e7\u00e3o.<\/p>\n<p data-start=\"938\" data-end=\"1304\">Gra\u00e7as ao seu <strong data-start=\"951\" data-end=\"982\">sistema de pist\u00e3o pneum\u00e1tico<\/strong>, seu design com <strong data-start=\"998\" data-end=\"1040\">v\u00e1lvulas rotativas de alto desempenho<\/strong> e seu <strong data-start=\"1046\" data-end=\"1085\">cabe\u00e7a dupla com sistema antigotejamento<\/strong>Esta m\u00e1quina permite uma dosagem r\u00e1pida, precisa e sem gotejamento. Sua estrutura modular facilita a manuten\u00e7\u00e3o e, em caso de pane, m\u00f3dulos inteiros podem ser substitu\u00eddos para reparos r\u00e1pidos e econ\u00f4micos.<\/p>\n<p data-start=\"1306\" data-end=\"1352\">\u00c9 perfeito para envasar produtos como:<\/p>\n<ul data-start=\"1354\" data-end=\"1602\">\n<li data-start=\"1354\" data-end=\"1386\">\n<p data-start=\"1356\" data-end=\"1386\">\ud83e\udd5c <strong data-start=\"1359\" data-end=\"1386\">Manteiga de amendoim suave<\/strong><\/p>\n<\/li>\n<li data-start=\"1387\" data-end=\"1429\">\n<p data-start=\"1389\" data-end=\"1429\">\ud83c\udf53 <strong data-start=\"1392\" data-end=\"1429\">Geleias sem peda\u00e7os ou sementes<\/strong><\/p>\n<\/li>\n<li data-start=\"1430\" data-end=\"1450\">\n<p data-start=\"1432\" data-end=\"1450\">\ud83c\udf6f <strong data-start=\"1435\" data-end=\"1450\">Mel espesso<\/strong><\/p>\n<\/li>\n<li data-start=\"1451\" data-end=\"1497\">\n<p data-start=\"1453\" data-end=\"1497\">\ud83e\uddf4 <strong data-start=\"1456\" data-end=\"1497\">Cremes e emuls\u00f5es cosm\u00e9ticas espessas<\/strong><\/p>\n<\/li>\n<li data-start=\"1498\" data-end=\"1535\">\n<p data-start=\"1500\" data-end=\"1535\">\ud83c\udf6b <strong data-start=\"1503\" data-end=\"1535\">Chocolate l\u00edquido sem grumos<\/strong><\/p>\n<\/li>\n<li data-start=\"1536\" data-end=\"1602\">\n<p data-start=\"1538\" data-end=\"1602\">\ud83c\udf45 <strong data-start=\"1541\" data-end=\"1602\">Molhos espessos e homog\u00eaneos (como ketchup suave ou sriracha)<\/strong><\/p>\n<\/li>\n<\/ul>\n<p data-start=\"1604\" data-end=\"1829\"><strong data-start=\"1604\" data-end=\"1618\">Importante<\/strong>: Para produtos com tra\u00e7os s\u00f3lidos (peda\u00e7os de frutas, sementes, amendoim mo\u00eddo ou similares), recomenda-se a utiliza\u00e7\u00e3o de uma tremonha com batedor para garantir uma dosagem homog\u00eanea e evitar entupimentos.<\/p>\n<p data-start=\"1831\" data-end=\"2178\">Este modelo tem <strong data-start=\"1854\" data-end=\"1895\">bico duplo para maior desempenho<\/strong>, permitindo o enchimento simult\u00e2neo de dois recipientes e atingindo velocidades de at\u00e9 60 garrafas por minuto. Inclui indicador de press\u00e3o de ar, regula\u00e7\u00e3o de volume e velocidade de enchimento e pode funcionar no modo <strong data-start=\"2116\" data-end=\"2147\">autom\u00e1tico ou semiautom\u00e1tico<\/strong> conforme exigido pelo operador.<\/p>\n<p data-start=\"2180\" data-end=\"2261\">Inclui <strong data-start=\"2188\" data-end=\"2208\">Certifica\u00e7\u00e3o CE<\/strong>, garantia de 2 anos e suporte t\u00e9cnico personalizado.<\/p>\n<hr data-start=\"2263\" data-end=\"2266\" \/>\n<h3 data-start=\"2268\" data-end=\"2297\">Especifica\u00e7\u00f5es T\u00e9cnicas<\/h3>\n<div class=\"_tableContainer_16hzy_1\">\n<div class=\"_tableWrapper_16hzy_14 group flex w-fit flex-col-reverse\" tabindex=\"-1\">\n<table class=\"w-fit min-w-(--thread-content-width)\" data-start=\"2299\" data-end=\"3941\">\n<thead data-start=\"2299\" data-end=\"2374\">\n<tr data-start=\"2299\" data-end=\"2374\">\n<th data-start=\"2299\" data-end=\"2333\" data-col-size=\"sm\">Recurso<\/th>\n<th data-start=\"2333\" data-end=\"2374\" data-col-size=\"md\">Detalhe<\/th>\n<\/tr>\n<\/thead>\n<tbody data-start=\"2451\" data-end=\"3941\">\n<tr data-start=\"2451\" data-end=\"2536\">\n<td data-start=\"2451\" data-end=\"2485\" data-col-size=\"sm\">Tipo de m\u00e1quina<\/td>\n<td data-col-size=\"md\" data-start=\"2485\" data-end=\"2536\">M\u00e1quina de engarrafamento e dosagem de alta viscosidade<\/td>\n<\/tr>\n<tr data-start=\"2537\" data-end=\"2636\">\n<td data-start=\"2537\" data-end=\"2571\" data-col-size=\"sm\">Tipo de produtos<\/td>\n<td data-col-size=\"md\" data-start=\"2571\" data-end=\"2636\">Cremes espessos, geleias sem peda\u00e7os, mel, molhos homog\u00eaneos<\/td>\n<\/tr>\n<tr data-start=\"2637\" data-end=\"2712\">\n<td data-start=\"2637\" data-end=\"2671\" data-col-size=\"sm\">Aplica\u00e7\u00f5es<\/td>\n<td data-col-size=\"md\" data-start=\"2671\" data-end=\"2712\">Alimentos, Cosm\u00e9ticos, Produtos Farmac\u00eauticos<\/td>\n<\/tr>\n<tr data-start=\"2713\" data-end=\"2789\">\n<td data-start=\"2713\" data-end=\"2747\" data-col-size=\"sm\">Sistema de enchimento<\/td>\n<td data-col-size=\"md\" data-start=\"2747\" data-end=\"2789\">Pist\u00e3o pneum\u00e1tico com v\u00e1lvula rotativa<\/td>\n<\/tr>\n<tr data-start=\"2790\" data-end=\"2865\">\n<td data-start=\"2790\" data-end=\"2824\" data-col-size=\"sm\">Precis\u00e3o de enchimento<\/td>\n<td data-col-size=\"md\" data-start=\"2824\" data-end=\"2865\">\u00b11%<\/td>\n<\/tr>\n<tr data-start=\"2866\" data-end=\"2942\">\n<td data-start=\"2866\" data-end=\"2900\" data-col-size=\"sm\">Faixa de enchimento<\/td>\n<td data-col-size=\"md\" data-start=\"2900\" data-end=\"2942\">100 ml \u2013 1000 ml<\/td>\n<\/tr>\n<tr data-start=\"2943\" data-end=\"3017\">\n<td data-start=\"2943\" data-end=\"2976\" data-col-size=\"sm\">Capacidade do funil<\/td>\n<td data-col-size=\"md\" data-start=\"2976\" data-end=\"3017\">50 litros<\/td>\n<\/tr>\n<tr data-start=\"3018\" data-end=\"3093\">\n<td data-start=\"3018\" data-end=\"3052\" data-col-size=\"sm\">Velocidade de produ\u00e7\u00e3o<\/td>\n<td data-col-size=\"md\" data-start=\"3052\" data-end=\"3093\">20 \u2013 60 garrafas por minuto<\/td>\n<\/tr>\n<tr data-start=\"3094\" data-end=\"3169\">\n<td data-start=\"3094\" data-end=\"3128\" data-col-size=\"sm\">Cabe\u00e7a de enchimento<\/td>\n<td data-col-size=\"md\" data-start=\"3128\" data-end=\"3169\">Bico duplo com sistema antigotejamento<\/td>\n<\/tr>\n<tr data-start=\"3170\" data-end=\"3246\">\n<td data-start=\"3170\" data-end=\"3204\" data-col-size=\"sm\">Fonte de energia<\/td>\n<td data-col-size=\"md\" data-start=\"3204\" data-end=\"3246\">220 V<\/td>\n<\/tr>\n<tr data-start=\"3247\" data-end=\"3323\">\n<td data-start=\"3247\" data-end=\"3281\" data-col-size=\"sm\">Press\u00e3o de trabalho<\/td>\n<td data-col-size=\"md\" data-start=\"3281\" data-end=\"3323\">0,4 \u2013 0,9 MPa<\/td>\n<\/tr>\n<tr data-start=\"3324\" data-end=\"3399\">\n<td data-start=\"3324\" data-end=\"3358\" data-col-size=\"sm\">Material em contato<\/td>\n<td data-col-size=\"md\" data-start=\"3358\" data-end=\"3399\">A\u00e7o inoxid\u00e1vel de qualidade alimentar<\/td>\n<\/tr>\n<tr data-start=\"3400\" data-end=\"3475\">\n<td data-start=\"3400\" data-end=\"3434\" data-col-size=\"sm\">Material geral<\/td>\n<td data-col-size=\"md\" data-start=\"3434\" data-end=\"3475\">A\u00e7o inoxid\u00e1vel 304\/316<\/td>\n<\/tr>\n<tr data-start=\"3476\" data-end=\"3551\">\n<td data-start=\"3476\" data-end=\"3510\" data-col-size=\"sm\">Modos de opera\u00e7\u00e3o<\/td>\n<td data-col-size=\"md\" data-start=\"3510\" data-end=\"3551\">Semiautom\u00e1tico \/ Autom\u00e1tico<\/td>\n<\/tr>\n<tr data-start=\"3552\" data-end=\"3634\">\n<td data-start=\"3552\" data-end=\"3586\" data-col-size=\"sm\">Indicadores e controles<\/td>\n<td data-col-size=\"md\" data-start=\"3586\" data-end=\"3634\">Man\u00f4metro, regula\u00e7\u00e3o de volume e velocidade<\/td>\n<\/tr>\n<tr data-start=\"3635\" data-end=\"3710\">\n<td data-start=\"3635\" data-end=\"3669\" data-col-size=\"sm\">Limpeza e manuten\u00e7\u00e3o<\/td>\n<td data-col-size=\"md\" data-start=\"3669\" data-end=\"3710\">F\u00e1cil desmontagem e limpeza<\/td>\n<\/tr>\n<tr data-start=\"3711\" data-end=\"3787\">\n<td data-start=\"3711\" data-end=\"3745\" data-col-size=\"sm\">Certifica\u00e7\u00e3o<\/td>\n<td data-col-size=\"md\" data-start=\"3745\" data-end=\"3787\">CE<\/td>\n<\/tr>\n<tr data-start=\"3788\" data-end=\"3864\">\n<td data-start=\"3788\" data-end=\"3822\" data-col-size=\"sm\">Garantia<\/td>\n<td data-col-size=\"md\" data-start=\"3822\" data-end=\"3864\">2 anos<\/td>\n<\/tr>\n<tr data-start=\"3865\" data-end=\"3941\">\n<td data-start=\"3865\" data-end=\"3899\" data-col-size=\"sm\">Suporte t\u00e9cnico<\/td>\n<td data-col-size=\"md\" data-start=\"3899\" data-end=\"3941\">Incluindo<\/td>\n<\/tr>\n<\/tbody>\n<\/table>\n<div class=\"sticky end-(--thread-content-margin) h-0 self-end select-none\">\n<div class=\"absolute end-0 flex items-end\"><\/div>\n<\/div>\n<\/div>\n<\/div>","protected":false},"excerpt":{"rendered":"<h2>Dispensador, Engarrafador, com misturador e enchimento duplo 100 ml? 1000ml<\/h2>\n<p><strong>M\u00e1quina de enchimento de l\u00edquidos<\/strong> semiautom\u00e1tico muito viscoso, acionado por pist\u00e3o pneum\u00e1tico, fabricado com materiais de primeira qualidade. Equipado com cinco v\u00e1lvulas que controlam o fluxo dos produtos, possui ainda dispensador duplo para um enchimento mais eficiente e r\u00e1pido. Estrutura com design superior e todos os modelos s\u00e3o f\u00e1ceis de operar. Os componentes pneum\u00e1ticos utilizados s\u00e3o fabricados na Alemanha e em Taiwan. Todos os materiais de contato utilizados s\u00e3o de a\u00e7o inoxid\u00e1vel 316 de acordo com os requisitos GMP. A quantidade de volume e a velocidade de enchimento podem ser reguladas com grande precis\u00e3o.<\/p>\n<p>&nbsp;<\/p>","protected":false},"featured_media":3612,"comment_status":"open","ping_status":"closed","template":"","meta":{"wds_primary_product_brand":0,"wds_primary_product_cat":0},"product_brand":[],"product_cat":[18,20,321,21],"product_tag":[],"class_list":{"0":"post-3604","1":"product","2":"type-product","3":"status-publish","4":"has-post-thumbnail","6":"product_cat-dosificadoras","7":"product_cat-dosificadoras-de-pastosos","8":"product_cat-llenadoras-de-piston","9":"product_cat-maquinas-llenadoras","10":"product_shipping_class-express","12":"first","13":"instock","14":"sale","15":"taxable","16":"shipping-taxable","17":"purchasable","18":"product-type-simple"},"yoast_head":"<!-- This site is optimized with the Yoast SEO Premium plugin v24.9 (Yoast SEO v26.1) - https:\/\/yoast.com\/wordpress\/plugins\/seo\/ -->\n<title>Dosificadora, Embotelladora, con batidor y doble llenador 100 ml ? 1000 ml - distribuci\u00f3n ARC<\/title>\n<meta name=\"robots\" content=\"index, follow, max-snippet:-1, max-image-preview:large, max-video-preview:-1\" \/>\n<link rel=\"canonical\" href=\"https:\/\/distribucionarc.com\/pt\/produto\/dispensador-de-engarrafamento-com-batedor-e-enchimento-duplo-100-ml-\ud83d\udd1b-1000-ml\/\" \/>\n<meta property=\"og:locale\" content=\"pt_PT\" \/>\n<meta property=\"og:type\" content=\"article\" \/>\n<meta property=\"og:title\" content=\"Dosificadora, Embotelladora, con batidor y doble llenador 100 ml ? 1000 ml\" \/>\n<meta property=\"og:description\" content=\"Dosificadora, Embotelladora, con batidor y doble llenador 100 ml ? 1000 ml M\u00e1quina para llenado de l\u00edquidos muy viscosos semiautom\u00e1tica, impulsada por un pist\u00f3n neum\u00e1tico, fabricada con materiales de primera calidad. Equipada con cinco v\u00e1lvulas que controlan el flujo de los productos adem\u00e1s, cuenta con doble dosificador para un llenado m\u00e1s eficaz y r\u00e1pido. Estructura con dise\u00f1o superior y todos los modelos son f\u00e1ciles de operar. Los componentes neum\u00e1ticos utilizados son hechos en Alemania y Taiwan. Todos los materiales de contacto utilizados, son de acero inoxidable 316 de acuerdo con los requisitos de GMP. La cantidad de volumen y la velocidad de llenado pueden ser regulados con una gran precisi\u00f3n.  &nbsp;\" \/>\n<meta property=\"og:url\" content=\"https:\/\/distribucionarc.com\/pt\/produto\/dispensador-de-engarrafamento-com-batedor-e-enchimento-duplo-100-ml-\ud83d\udd1b-1000-ml\/\" \/>\n<meta property=\"og:site_name\" content=\"distribuci\u00f3n ARC\" \/>\n<meta property=\"article:modified_time\" content=\"2025-05-08T20:19:18+00:00\" \/>\n<meta property=\"og:image\" content=\"https:\/\/distribucionarc.com\/wp-content\/uploads\/2020\/10\/Dosificadora-Embotelladora-con-batidor-y-doble-llenador-100-ml-1000-ml-0.jpg\" \/>\n\t<meta property=\"og:image:width\" content=\"1600\" \/>\n\t<meta property=\"og:image:height\" content=\"1600\" \/>\n\t<meta property=\"og:image:type\" content=\"image\/jpeg\" \/>\n<meta name=\"twitter:card\" content=\"summary_large_image\" \/>\n<meta name=\"twitter:label1\" content=\"Tempo estimado de leitura\" \/>\n\t<meta name=\"twitter:data1\" content=\"2 minutos\" \/>\n<script type=\"application\/ld+json\" class=\"yoast-schema-graph\">{\"@context\":\"https:\/\/schema.org\",\"@graph\":[{\"@type\":\"WebPage\",\"@id\":\"https:\/\/distribucionarc.com\/sl\/producto\/dosificadora-embotelladora-con-batidor-y-doble-llenador-100-ml-%f0%9f%94%9b-1000-ml\/\",\"url\":\"https:\/\/distribucionarc.com\/sl\/producto\/dosificadora-embotelladora-con-batidor-y-doble-llenador-100-ml-%f0%9f%94%9b-1000-ml\/\",\"name\":\"Dosificadora, Embotelladora, con batidor y doble llenador 100 ml ? 1000 ml - distribuci\u00f3n ARC\",\"isPartOf\":{\"@id\":\"https:\/\/distribucionarc.com\/ro\/#website\"},\"primaryImageOfPage\":{\"@id\":\"https:\/\/distribucionarc.com\/sl\/producto\/dosificadora-embotelladora-con-batidor-y-doble-llenador-100-ml-%f0%9f%94%9b-1000-ml\/#primaryimage\"},\"image\":{\"@id\":\"https:\/\/distribucionarc.com\/sl\/producto\/dosificadora-embotelladora-con-batidor-y-doble-llenador-100-ml-%f0%9f%94%9b-1000-ml\/#primaryimage\"},\"thumbnailUrl\":\"https:\/\/distribucionarc.com\/wp-content\/uploads\/2020\/10\/Dosificadora-Embotelladora-con-batidor-y-doble-llenador-100-ml-1000-ml-0.jpg\",\"datePublished\":\"2020-10-05T14:10:27+00:00\",\"dateModified\":\"2025-05-08T20:19:18+00:00\",\"breadcrumb\":{\"@id\":\"https:\/\/distribucionarc.com\/sl\/producto\/dosificadora-embotelladora-con-batidor-y-doble-llenador-100-ml-%f0%9f%94%9b-1000-ml\/#breadcrumb\"},\"inLanguage\":\"pt-PT\",\"potentialAction\":[{\"@type\":\"ReadAction\",\"target\":[\"https:\/\/distribucionarc.com\/sl\/producto\/dosificadora-embotelladora-con-batidor-y-doble-llenador-100-ml-%f0%9f%94%9b-1000-ml\/\"]}]},{\"@type\":\"ImageObject\",\"inLanguage\":\"pt-PT\",\"@id\":\"https:\/\/distribucionarc.com\/sl\/producto\/dosificadora-embotelladora-con-batidor-y-doble-llenador-100-ml-%f0%9f%94%9b-1000-ml\/#primaryimage\",\"url\":\"https:\/\/distribucionarc.com\/wp-content\/uploads\/2020\/10\/Dosificadora-Embotelladora-con-batidor-y-doble-llenador-100-ml-1000-ml-0.jpg\",\"contentUrl\":\"https:\/\/distribucionarc.com\/wp-content\/uploads\/2020\/10\/Dosificadora-Embotelladora-con-batidor-y-doble-llenador-100-ml-1000-ml-0.jpg\",\"width\":1600,\"height\":1600,\"caption\":\"Dosificadora, Embotelladora, con batidor y doble llenador 100 ml 1000 ml\"},{\"@type\":\"BreadcrumbList\",\"@id\":\"https:\/\/distribucionarc.com\/sl\/producto\/dosificadora-embotelladora-con-batidor-y-doble-llenador-100-ml-%f0%9f%94%9b-1000-ml\/#breadcrumb\",\"itemListElement\":[{\"@type\":\"ListItem\",\"position\":1,\"name\":\"Portada\",\"item\":\"https:\/\/distribucionarc.com\/ar\/\"},{\"@type\":\"ListItem\",\"position\":2,\"name\":\"Proizvodi\",\"item\":\"https:\/\/www.distribucionarc.com\/hr\/ducan\/\"},{\"@type\":\"ListItem\",\"position\":3,\"name\":\"Dosificadora, Embotelladora, con batidor y doble llenador 100 ml ? 1000 ml\"}]},{\"@type\":\"WebSite\",\"@id\":\"https:\/\/distribucionarc.com\/ro\/#website\",\"url\":\"https:\/\/distribucionarc.com\/ro\/\",\"name\":\"distribuci\u00f3n ARC\",\"description\":\"Empresa especializada en la fabricaci\u00f3n y distribuci\u00f3n de maquinaria industrial, selladoras de latas, Maquinas de hacer pastillas, Maquinas de cortar carne...\",\"publisher\":{\"@id\":\"https:\/\/distribucionarc.com\/ro\/#organization\"},\"potentialAction\":[{\"@type\":\"SearchAction\",\"target\":{\"@type\":\"EntryPoint\",\"urlTemplate\":\"https:\/\/distribucionarc.com\/ro\/?s={search_term_string}\"},\"query-input\":{\"@type\":\"PropertyValueSpecification\",\"valueRequired\":true,\"valueName\":\"search_term_string\"}}],\"inLanguage\":\"pt-PT\"},{\"@type\":\"Organization\",\"@id\":\"https:\/\/distribucionarc.com\/ro\/#organization\",\"name\":\"Distribuci\u00f3n ARC\",\"url\":\"https:\/\/distribucionarc.com\/ro\/\",\"logo\":{\"@type\":\"ImageObject\",\"inLanguage\":\"pt-PT\",\"@id\":\"https:\/\/distribucionarc.com\/ro\/#\/schema\/logo\/image\/\",\"url\":\"https:\/\/distribucionarc.com\/wp-content\/uploads\/2024\/10\/distribucion-ARC-COLOR-SIN-FONDO-e1732295305345.png\",\"contentUrl\":\"https:\/\/distribucionarc.com\/wp-content\/uploads\/2024\/10\/distribucion-ARC-COLOR-SIN-FONDO-e1732295305345.png\",\"width\":1164,\"height\":558,\"caption\":\"Distribuci\u00f3n ARC\"},\"image\":{\"@id\":\"https:\/\/distribucionarc.com\/ro\/#\/schema\/logo\/image\/\"},\"description\":\"Empresa especializada en la fabricaci\u00f3n y distribuci\u00f3n de maquinaria industrial para los sectores alimentario y farmac\u00e9utico. Nos especializamos en: M\u00e1quinas de cortar carne Fabricaci\u00f3n de comprimidos Sistemas de transporte industrial L\u00edneas de embotellado Dosificadores Y mucho m\u00e1s... Ofrecemos soluciones innovadoras y personalizadas para optimizar los procesos productivos de tu empresa.\",\"email\":\"Admistracion@distribucionarc.com\",\"telephone\":\"+34 643496664\",\"legalName\":\"ARC TECH SOLUTIONS\",\"foundingDate\":\"2024-04-09\",\"vatID\":\"B55480172\",\"numberOfEmployees\":{\"@type\":\"QuantitativeValue\",\"minValue\":\"1\",\"maxValue\":\"10\"}}]}<\/script>\n<!-- \/ Yoast SEO Premium plugin. -->","yoast_head_json":{"title":"Dispensador, Engarrafador, com misturador e enchimento duplo 100 ml? 1000 ml - distribui\u00e7\u00e3o ARC","robots":{"index":"index","follow":"follow","max-snippet":"max-snippet:-1","max-image-preview":"max-image-preview:large","max-video-preview":"max-video-preview:-1"},"canonical":"https:\/\/distribucionarc.com\/pt\/produto\/dispensador-de-engarrafamento-com-batedor-e-enchimento-duplo-100-ml-\ud83d\udd1b-1000-ml\/","og_locale":"pt_PT","og_type":"article","og_title":"Dosificadora, Embotelladora, con batidor y doble llenador 100 ml ? 1000 ml","og_description":"Dosificadora, Embotelladora, con batidor y doble llenador 100 ml ? 1000 ml M\u00e1quina para llenado de l\u00edquidos muy viscosos semiautom\u00e1tica, impulsada por un pist\u00f3n neum\u00e1tico, fabricada con materiales de primera calidad. Equipada con cinco v\u00e1lvulas que controlan el flujo de los productos adem\u00e1s, cuenta con doble dosificador para un llenado m\u00e1s eficaz y r\u00e1pido. Estructura con dise\u00f1o superior y todos los modelos son f\u00e1ciles de operar. Los componentes neum\u00e1ticos utilizados son hechos en Alemania y Taiwan. Todos los materiales de contacto utilizados, son de acero inoxidable 316 de acuerdo con los requisitos de GMP. La cantidad de volumen y la velocidad de llenado pueden ser regulados con una gran precisi\u00f3n.  &nbsp;","og_url":"https:\/\/distribucionarc.com\/pt\/produto\/dispensador-de-engarrafamento-com-batedor-e-enchimento-duplo-100-ml-\ud83d\udd1b-1000-ml\/","og_site_name":"distribuci\u00f3n ARC","article_modified_time":"2025-05-08T20:19:18+00:00","og_image":[{"width":1600,"height":1600,"url":"https:\/\/distribucionarc.com\/wp-content\/uploads\/2020\/10\/Dosificadora-Embotelladora-con-batidor-y-doble-llenador-100-ml-1000-ml-0.jpg","type":"image\/jpeg"}],"twitter_card":"summary_large_image","twitter_misc":{"Tempo estimado de leitura":"2 minutos"},"schema":{"@context":"https:\/\/schema.org","@graph":[{"@type":"WebPage","@id":"https:\/\/distribucionarc.com\/sl\/producto\/dosificadora-embotelladora-con-batidor-y-doble-llenador-100-ml-%f0%9f%94%9b-1000-ml\/","url":"https:\/\/distribucionarc.com\/sl\/producto\/dosificadora-embotelladora-con-batidor-y-doble-llenador-100-ml-%f0%9f%94%9b-1000-ml\/","name":"Dispensador, Engarrafador, com misturador e enchimento duplo 100 ml? 1000 ml - distribui\u00e7\u00e3o ARC","isPartOf":{"@id":"https:\/\/distribucionarc.com\/ro\/#website"},"primaryImageOfPage":{"@id":"https:\/\/distribucionarc.com\/sl\/producto\/dosificadora-embotelladora-con-batidor-y-doble-llenador-100-ml-%f0%9f%94%9b-1000-ml\/#primaryimage"},"image":{"@id":"https:\/\/distribucionarc.com\/sl\/producto\/dosificadora-embotelladora-con-batidor-y-doble-llenador-100-ml-%f0%9f%94%9b-1000-ml\/#primaryimage"},"thumbnailUrl":"https:\/\/distribucionarc.com\/wp-content\/uploads\/2020\/10\/Dosificadora-Embotelladora-con-batidor-y-doble-llenador-100-ml-1000-ml-0.jpg","datePublished":"2020-10-05T14:10:27+00:00","dateModified":"2025-05-08T20:19:18+00:00","breadcrumb":{"@id":"https:\/\/distribucionarc.com\/sl\/producto\/dosificadora-embotelladora-con-batidor-y-doble-llenador-100-ml-%f0%9f%94%9b-1000-ml\/#breadcrumb"},"inLanguage":"pt-PT","potentialAction":[{"@type":"ReadAction","target":["https:\/\/distribucionarc.com\/sl\/producto\/dosificadora-embotelladora-con-batidor-y-doble-llenador-100-ml-%f0%9f%94%9b-1000-ml\/"]}]},{"@type":"ImageObject","inLanguage":"pt-PT","@id":"https:\/\/distribucionarc.com\/sl\/producto\/dosificadora-embotelladora-con-batidor-y-doble-llenador-100-ml-%f0%9f%94%9b-1000-ml\/#primaryimage","url":"https:\/\/distribucionarc.com\/wp-content\/uploads\/2020\/10\/Dosificadora-Embotelladora-con-batidor-y-doble-llenador-100-ml-1000-ml-0.jpg","contentUrl":"https:\/\/distribucionarc.com\/wp-content\/uploads\/2020\/10\/Dosificadora-Embotelladora-con-batidor-y-doble-llenador-100-ml-1000-ml-0.jpg","width":1600,"height":1600,"caption":"Dosificadora, Embotelladora, con batidor y doble llenador 100 ml 1000 ml"},{"@type":"BreadcrumbList","@id":"https:\/\/distribucionarc.com\/sl\/producto\/dosificadora-embotelladora-con-batidor-y-doble-llenador-100-ml-%f0%9f%94%9b-1000-ml\/#breadcrumb","itemListElement":[{"@type":"ListItem","position":1,"name":"Portada","item":"https:\/\/distribucionarc.com\/ar\/"},{"@type":"ListItem","position":2,"name":"Proizvodi","item":"https:\/\/www.distribucionarc.com\/hr\/ducan\/"},{"@type":"ListItem","position":3,"name":"Dosificadora, Embotelladora, con batidor y doble llenador 100 ml ? 1000 ml"}]},{"@type":"WebSite","@id":"https:\/\/distribucionarc.com\/ro\/#website","url":"https:\/\/distribucionarc.com\/ro\/","name":"Distribui\u00e7\u00e3o ARC","description":"Empresa especializada no fabrico e distribui\u00e7\u00e3o de m\u00e1quinas industriais, m\u00e1quinas de selar latas, m\u00e1quinas de fazer comprimidos, m\u00e1quinas de cortar carne...","publisher":{"@id":"https:\/\/distribucionarc.com\/ro\/#organization"},"potentialAction":[{"@type":"SearchAction","target":{"@type":"EntryPoint","urlTemplate":"https:\/\/distribucionarc.com\/ro\/?s={search_term_string}"},"query-input":{"@type":"PropertyValueSpecification","valueRequired":true,"valueName":"search_term_string"}}],"inLanguage":"pt-PT"},{"@type":"Organization","@id":"https:\/\/distribucionarc.com\/ro\/#organization","name":"Distribui\u00e7\u00e3o ARC","url":"https:\/\/distribucionarc.com\/ro\/","logo":{"@type":"ImageObject","inLanguage":"pt-PT","@id":"https:\/\/distribucionarc.com\/ro\/#\/schema\/logo\/image\/","url":"https:\/\/distribucionarc.com\/wp-content\/uploads\/2024\/10\/distribucion-ARC-COLOR-SIN-FONDO-e1732295305345.png","contentUrl":"https:\/\/distribucionarc.com\/wp-content\/uploads\/2024\/10\/distribucion-ARC-COLOR-SIN-FONDO-e1732295305345.png","width":1164,"height":558,"caption":"Distribuci\u00f3n ARC"},"image":{"@id":"https:\/\/distribucionarc.com\/ro\/#\/schema\/logo\/image\/"},"description":"Empresa especializada no fabrico e distribui\u00e7\u00e3o de m\u00e1quinas industriais para os sectores alimentar e farmac\u00eautico. Somos especializados em: M\u00e1quinas de cortar carne Fabrico de comprimidos Sistemas de transporte industrial Linhas de engarrafamento Dispensadores E muito mais... Oferecemos solu\u00e7\u00f5es inovadoras e personalizadas para otimizar os processos de produ\u00e7\u00e3o da sua empresa.","email":"Admistracion@distribucionarc.com","telephone":"+34 643496664","legalName":"ARC TECH SOLUTIONS","foundingDate":"2024-04-09","vatID":"B55480172","numberOfEmployees":{"@type":"QuantitativeValue","minValue":"1","maxValue":"10"}}]}},"_links":{"self":[{"href":"https:\/\/distribucionarc.com\/pt\/wp-json\/wp\/v2\/product\/3604","targetHints":{"allow":["GET"]}}],"collection":[{"href":"https:\/\/distribucionarc.com\/pt\/wp-json\/wp\/v2\/product"}],"about":[{"href":"https:\/\/distribucionarc.com\/pt\/wp-json\/wp\/v2\/types\/product"}],"replies":[{"embeddable":true,"href":"https:\/\/distribucionarc.com\/pt\/wp-json\/wp\/v2\/comments?post=3604"}],"version-history":[{"count":3,"href":"https:\/\/distribucionarc.com\/pt\/wp-json\/wp\/v2\/product\/3604\/revisions"}],"predecessor-version":[{"id":17467,"href":"https:\/\/distribucionarc.com\/pt\/wp-json\/wp\/v2\/product\/3604\/revisions\/17467"}],"wp:featuredmedia":[{"embeddable":true,"href":"https:\/\/distribucionarc.com\/pt\/wp-json\/wp\/v2\/media\/3612"}],"wp:attachment":[{"href":"https:\/\/distribucionarc.com\/pt\/wp-json\/wp\/v2\/media?parent=3604"}],"wp:term":[{"taxonomy":"product_brand","embeddable":true,"href":"https:\/\/distribucionarc.com\/pt\/wp-json\/wp\/v2\/product_brand?post=3604"},{"taxonomy":"product_cat","embeddable":true,"href":"https:\/\/distribucionarc.com\/pt\/wp-json\/wp\/v2\/product_cat?post=3604"},{"taxonomy":"product_tag","embeddable":true,"href":"https:\/\/distribucionarc.com\/pt\/wp-json\/wp\/v2\/product_tag?post=3604"}],"curies":[{"name":"wp","href":"https:\/\/api.w.org\/{rel}","templated":true}]}}