{"id":3631,"date":"2020-10-05T14:55:53","date_gmt":"2020-10-05T14:55:53","guid":{"rendered":"https:\/\/distribucionarc.com\/?post_type=product&#038;p=3631"},"modified":"2025-05-08T22:48:16","modified_gmt":"2025-05-08T20:48:16","slug":"maquina-de-engarrafar-liquidos-viscosos-oleo-detergente-500-a-5000ml","status":"publish","type":"product","link":"https:\/\/distribucionarc.com\/pt\/producto\/embotelladora-liquidos-viscosos-aceite-detergente-500-a-5000ml\/","title":{"rendered":"Engarrafadora para l\u00edquidos viscosos, \u00f3leos, detergentes, 500 a 5000ml"},"content":{"rendered":"<h2 data-start=\"438\" data-end=\"518\">\ud83e\uddfc M\u00e1quina de Dosagem e Envase para Produtos de Limpeza \u2013 500 ml a 5000 ml<\/h2>\n<p data-start=\"520\" data-end=\"870\">O <strong data-start=\"523\" data-end=\"573\">m\u00e1quina de dosagem e engarrafamento de alta capacidade<\/strong> \u00c9 uma m\u00e1quina especialmente projetada para envasar produtos qu\u00edmicos e de limpeza em grandes recipientes, como jarras de 3 a 5 litros ou garrafas de 1 litro. Gra\u00e7as ao seu sistema de <strong data-start=\"761\" data-end=\"803\">pist\u00e3o pneum\u00e1tico com v\u00e1lvula rotativa<\/strong>, oferece dosagem precisa e limpa, sem gotejamentos ou desperd\u00edcios.<\/p>\n<p data-start=\"872\" data-end=\"1197\">\u00c9 ideal para produtos <strong data-start=\"896\" data-end=\"912\">sem g\u00e1s<\/strong>, \u00e0 medida que enche a partir do topo do recipiente. Para produtos que geram espuma durante o enchimento (como alguns sab\u00f5es ou detergentes espumantes), outro tipo de m\u00e1quina \u00e9 recomendado. <strong data-start=\"1114\" data-end=\"1137\">bico submers\u00edvel<\/strong> aumente gradualmente para evitar a forma\u00e7\u00e3o de bolhas.<\/p>\n<p data-start=\"1199\" data-end=\"1483\">Esta m\u00e1quina <strong data-start=\"1212\" data-end=\"1234\">n\u00e3o inclui batedor<\/strong>, mas permite duas op\u00e7\u00f5es de alimenta\u00e7\u00e3o do produto: enchimento manual da tremonha (50 L) ou liga\u00e7\u00e3o direta por meio de <strong data-start=\"1354\" data-end=\"1388\">mangueira para um tanque externo<\/strong>, como um <strong data-start=\"1398\" data-end=\"1444\">IBCs de 1000 litros ou tambores de 200 litros<\/strong>, ideal para produ\u00e7\u00f5es industriais.<\/p>\n<p data-start=\"1485\" data-end=\"1527\">Alguns exemplos de produtos compat\u00edveis:<\/p>\n<ul data-start=\"1529\" data-end=\"1835\">\n<li data-start=\"1529\" data-end=\"1563\">\n<p data-start=\"1531\" data-end=\"1563\">\ud83e\uddfc <strong data-start=\"1534\" data-end=\"1563\">Sabonete l\u00edquido sem espuma<\/strong><\/p>\n<\/li>\n<li data-start=\"1564\" data-end=\"1596\">\n<p data-start=\"1566\" data-end=\"1596\">\ud83e\uddfd <strong data-start=\"1569\" data-end=\"1596\">Detergentes para pisos<\/strong><\/p>\n<\/li>\n<li data-start=\"1597\" data-end=\"1629\">\n<p data-start=\"1599\" data-end=\"1629\">\ud83e\uddf4 <strong data-start=\"1602\" data-end=\"1629\">Desinfetantes l\u00edquidos<\/strong><\/p>\n<\/li>\n<li data-start=\"1630\" data-end=\"1670\">\n<p data-start=\"1632\" data-end=\"1670\">\ud83e\uddea <strong data-start=\"1635\" data-end=\"1670\">Produtos qu\u00edmicos industriais<\/strong><\/p>\n<\/li>\n<li data-start=\"1671\" data-end=\"1733\">\n<p data-start=\"1673\" data-end=\"1733\">\ud83d\udee2\ufe0f <strong data-start=\"1677\" data-end=\"1733\">Cera l\u00edquida, polidores, limpadores multiuso<\/strong><\/p>\n<\/li>\n<li data-start=\"1734\" data-end=\"1785\">\n<p data-start=\"1736\" data-end=\"1785\">\u2744\ufe0f <strong data-start=\"1739\" data-end=\"1785\">Anticongelantes e fluidos automotivos<\/strong><\/p>\n<\/li>\n<li data-start=\"1786\" data-end=\"1835\">\n<p data-start=\"1788\" data-end=\"1835\">\ud83e\uddf4 <strong data-start=\"1791\" data-end=\"1835\">Amaciantes ou solu\u00e7\u00f5es t\u00e9cnicas espessas<\/strong><\/p>\n<\/li>\n<\/ul>\n<p data-start=\"1837\" data-end=\"2162\">Fabricada em a\u00e7o inoxid\u00e1vel 304\/316, esta m\u00e1quina permite regular tanto o volume como a velocidade de enchimento, podendo atingir at\u00e9 <strong data-start=\"1969\" data-end=\"1994\">30 recipientes por minuto<\/strong>, e pode trabalhar no modo <strong data-start=\"2021\" data-end=\"2052\">autom\u00e1tico ou semiautom\u00e1tico<\/strong>. Seu design modular permite manuten\u00e7\u00e3o r\u00e1pida, facilitando a substitui\u00e7\u00e3o de pe\u00e7as em caso de pane.<\/p>\n<p data-start=\"2164\" data-end=\"2251\">Inclui <strong data-start=\"2172\" data-end=\"2192\">Certifica\u00e7\u00e3o CE<\/strong>, <strong data-start=\"2194\" data-end=\"2216\">Garantia de 2 anos<\/strong> e <strong data-start=\"2219\" data-end=\"2250\">suporte t\u00e9cnico profissional<\/strong>.<\/p>\n<hr data-start=\"2253\" data-end=\"2256\" \/>\n<h3 data-start=\"2258\" data-end=\"2287\">Especifica\u00e7\u00f5es T\u00e9cnicas<\/h3>\n<div class=\"_tableContainer_16hzy_1\">\n<div class=\"_tableWrapper_16hzy_14 group flex w-fit flex-col-reverse\" tabindex=\"-1\">\n<table class=\"w-fit min-w-(--thread-content-width)\" data-start=\"2289\" data-end=\"4035\">\n<thead data-start=\"2289\" data-end=\"2364\">\n<tr data-start=\"2289\" data-end=\"2364\">\n<th data-start=\"2289\" data-end=\"2323\" data-col-size=\"sm\">Recurso<\/th>\n<th data-start=\"2323\" data-end=\"2364\" data-col-size=\"md\">Detalhe<\/th>\n<\/tr>\n<\/thead>\n<tbody data-start=\"2441\" data-end=\"4035\">\n<tr data-start=\"2441\" data-end=\"2531\">\n<td data-start=\"2441\" data-end=\"2475\" data-col-size=\"sm\">Tipo de m\u00e1quina<\/td>\n<td data-col-size=\"md\" data-start=\"2475\" data-end=\"2531\">M\u00e1quina de engarrafamento e dosagem para l\u00edquidos de limpeza<\/td>\n<\/tr>\n<tr data-start=\"2532\" data-end=\"2607\">\n<td data-start=\"2532\" data-end=\"2566\" data-col-size=\"sm\">Tipo de produtos<\/td>\n<td data-col-size=\"md\" data-start=\"2566\" data-end=\"2607\">L\u00edquidos viscosos n\u00e3o espumantes<\/td>\n<\/tr>\n<tr data-start=\"2608\" data-end=\"2685\">\n<td data-start=\"2608\" data-end=\"2642\" data-col-size=\"sm\">Aplica\u00e7\u00f5es<\/td>\n<td data-col-size=\"md\" data-start=\"2642\" data-end=\"2685\">Ind\u00fastrias qu\u00edmica, de limpeza e automotiva<\/td>\n<\/tr>\n<tr data-start=\"2686\" data-end=\"2797\">\n<td data-start=\"2686\" data-end=\"2720\" data-col-size=\"sm\">Produtos compat\u00edveis<\/td>\n<td data-col-size=\"md\" data-start=\"2720\" data-end=\"2797\">Sab\u00e3o l\u00edquido, detergentes, desinfetantes, cera l\u00edquida, anticongelante<\/td>\n<\/tr>\n<tr data-start=\"2798\" data-end=\"2874\">\n<td data-start=\"2798\" data-end=\"2832\" data-col-size=\"sm\">Sistema de enchimento<\/td>\n<td data-col-size=\"md\" data-start=\"2832\" data-end=\"2874\">Pist\u00e3o pneum\u00e1tico com v\u00e1lvula rotativa<\/td>\n<\/tr>\n<tr data-start=\"2875\" data-end=\"2950\">\n<td data-start=\"2875\" data-end=\"2909\" data-col-size=\"sm\">Precis\u00e3o de enchimento<\/td>\n<td data-col-size=\"md\" data-start=\"2909\" data-end=\"2950\">\u00b11%<\/td>\n<\/tr>\n<tr data-start=\"2951\" data-end=\"3027\">\n<td data-start=\"2951\" data-end=\"2985\" data-col-size=\"sm\">Faixa de enchimento<\/td>\n<td data-col-size=\"md\" data-start=\"2985\" data-end=\"3027\">500 ml \u2013 5000 ml<\/td>\n<\/tr>\n<tr data-start=\"3028\" data-end=\"3107\">\n<td data-start=\"3028\" data-end=\"3061\" data-col-size=\"sm\">Capacidade do funil<\/td>\n<td data-col-size=\"md\" data-start=\"3061\" data-end=\"3107\">50 litros (ou alimenta\u00e7\u00e3o de IBC\/tambor)<\/td>\n<\/tr>\n<tr data-start=\"3108\" data-end=\"3183\">\n<td data-start=\"3108\" data-end=\"3142\" data-col-size=\"sm\">Velocidade de produ\u00e7\u00e3o<\/td>\n<td data-col-size=\"md\" data-start=\"3142\" data-end=\"3183\">At\u00e9 30 recipientes por minuto<\/td>\n<\/tr>\n<tr data-start=\"3184\" data-end=\"3263\">\n<td data-start=\"3184\" data-end=\"3218\" data-col-size=\"sm\">Cabe\u00e7a de enchimento<\/td>\n<td data-col-size=\"md\" data-start=\"3218\" data-end=\"3263\">Bico individual com sistema antigotejamento<\/td>\n<\/tr>\n<tr data-start=\"3264\" data-end=\"3340\">\n<td data-start=\"3264\" data-end=\"3298\" data-col-size=\"sm\">Fonte de energia<\/td>\n<td data-col-size=\"md\" data-start=\"3298\" data-end=\"3340\">220 V<\/td>\n<\/tr>\n<tr data-start=\"3341\" data-end=\"3417\">\n<td data-start=\"3341\" data-end=\"3375\" data-col-size=\"sm\">Press\u00e3o de trabalho<\/td>\n<td data-col-size=\"md\" data-start=\"3375\" data-end=\"3417\">0,4 \u2013 0,9 MPa<\/td>\n<\/tr>\n<tr data-start=\"3418\" data-end=\"3493\">\n<td data-start=\"3418\" data-end=\"3452\" data-col-size=\"sm\">Material em contato<\/td>\n<td data-col-size=\"md\" data-start=\"3452\" data-end=\"3493\">A\u00e7o inoxid\u00e1vel de qualidade alimentar<\/td>\n<\/tr>\n<tr data-start=\"3494\" data-end=\"3569\">\n<td data-start=\"3494\" data-end=\"3528\" data-col-size=\"sm\">Material geral<\/td>\n<td data-col-size=\"md\" data-start=\"3528\" data-end=\"3569\">A\u00e7o inoxid\u00e1vel 304\/316<\/td>\n<\/tr>\n<tr data-start=\"3570\" data-end=\"3645\">\n<td data-start=\"3570\" data-end=\"3604\" data-col-size=\"sm\">Modos de opera\u00e7\u00e3o<\/td>\n<td data-col-size=\"md\" data-start=\"3604\" data-end=\"3645\">Semiautom\u00e1tico \/ Autom\u00e1tico<\/td>\n<\/tr>\n<tr data-start=\"3646\" data-end=\"3728\">\n<td data-start=\"3646\" data-end=\"3680\" data-col-size=\"sm\">Indicadores e controles<\/td>\n<td data-col-size=\"md\" data-start=\"3680\" data-end=\"3728\">Man\u00f4metro, regula\u00e7\u00e3o de volume e velocidade<\/td>\n<\/tr>\n<tr data-start=\"3729\" data-end=\"3804\">\n<td data-start=\"3729\" data-end=\"3763\" data-col-size=\"sm\">Limpeza e manuten\u00e7\u00e3o<\/td>\n<td data-col-size=\"md\" data-start=\"3763\" data-end=\"3804\">F\u00e1cil desmontagem e limpeza<\/td>\n<\/tr>\n<tr data-start=\"3805\" data-end=\"3881\">\n<td data-start=\"3805\" data-end=\"3839\" data-col-size=\"sm\">Certifica\u00e7\u00e3o<\/td>\n<td data-col-size=\"md\" data-start=\"3839\" data-end=\"3881\">CE<\/td>\n<\/tr>\n<tr data-start=\"3882\" data-end=\"3958\">\n<td data-start=\"3882\" data-end=\"3916\" data-col-size=\"sm\">Garantia<\/td>\n<td data-col-size=\"md\" data-start=\"3916\" data-end=\"3958\">2 anos<\/td>\n<\/tr>\n<tr data-start=\"3959\" data-end=\"4035\">\n<td data-start=\"3959\" data-end=\"3993\" data-col-size=\"sm\">Suporte t\u00e9cnico<\/td>\n<td data-col-size=\"md\" data-start=\"3993\" data-end=\"4035\">Incluindo<\/td>\n<\/tr>\n<\/tbody>\n<\/table>\n<div class=\"sticky end-(--thread-content-margin) h-0 self-end select-none\">\n<div class=\"absolute end-0 flex items-end\"><\/div>\n<\/div>\n<\/div>\n<\/div>\n<p>&nbsp;<\/p>","protected":false},"excerpt":{"rendered":"<h2>Dispensador, Engarrafador, Enchedor com Batedor 500 ml? 5000ml<\/h2>\n<p><b>M\u00e1quina para enchimento de detergentes, produtos qu\u00edmicos, compotas<\/b>\u00a0semiautom\u00e1tico muito viscoso, acionado por pist\u00e3o pneum\u00e1tico, fabricado com materiais de primeira qualidade. Equipado com cinco v\u00e1lvulas que controlam o fluxo dos produtos. Estrutura com design superior e todos os modelos s\u00e3o f\u00e1ceis de operar. Os componentes pneum\u00e1ticos utilizados s\u00e3o fabricados na Alemanha e em Taiwan. Todos os materiais de contato utilizados s\u00e3o de a\u00e7o inoxid\u00e1vel 316 de acordo com os requisitos GMP. A quantidade de volume e a velocidade de enchimento podem ser reguladas com grande precis\u00e3o.<\/p>","protected":false},"featured_media":3632,"comment_status":"open","ping_status":"closed","template":"","meta":{"wds_primary_product_brand":0,"wds_primary_product_cat":0},"product_brand":[],"product_cat":[18,19,321,21],"product_tag":[],"class_list":{"0":"post-3631","1":"product","2":"type-product","3":"status-publish","4":"has-post-thumbnail","6":"product_cat-dosificadoras","7":"product_cat-dosificadoras-de-liquidos","8":"product_cat-llenadoras-de-piston","9":"product_cat-maquinas-llenadoras","10":"product_shipping_class-express","12":"first","13":"instock","14":"sale","15":"taxable","16":"shipping-taxable","17":"purchasable","18":"product-type-simple"},"yoast_head":"<!-- This site is optimized with the Yoast SEO Premium plugin v24.9 (Yoast SEO v26.1) - https:\/\/yoast.com\/wordpress\/plugins\/seo\/ -->\n<title>Embotelladora l\u00edquidos viscosos, aceite, detergente, 500 a 5000ml - distribuci\u00f3n ARC<\/title>\n<meta name=\"robots\" content=\"index, follow, max-snippet:-1, max-image-preview:large, max-video-preview:-1\" \/>\n<link rel=\"canonical\" href=\"https:\/\/distribucionarc.com\/pt\/produto\/maquina-de-engarrafar-liquidos-viscosos-oleo-detergente-500-a-5000ml\/\" \/>\n<meta property=\"og:locale\" content=\"pt_PT\" \/>\n<meta property=\"og:type\" content=\"article\" \/>\n<meta property=\"og:title\" content=\"Embotelladora l\u00edquidos viscosos, aceite, detergente, 500 a 5000ml\" \/>\n<meta property=\"og:description\" content=\"Dosificadora, Embotelladora, Llenadora con Batidor 500 ml ? 5000 ml M\u00e1quina para llenado detergente, qu\u00edmicos, mermeladas\u00a0muy viscosos semiautom\u00e1tica, impulsada por un pist\u00f3n neum\u00e1tico, fabricada con materiales de primera calidad. Equipada con cinco v\u00e1lvulas que controlan el flujo de los productos. Estructura con dise\u00f1o superior y todos los modelos son f\u00e1ciles de operar. Los componentes neum\u00e1ticos utilizados son hechos en Alemania y Taiwan. Todos los materiales de contacto utilizados, son de acero inoxidable 316 de acuerdo con los requisitos de GMP. La cantidad de volumen y la velocidad de llenado pueden ser regulados con una gran precisi\u00f3n.\" \/>\n<meta property=\"og:url\" content=\"https:\/\/distribucionarc.com\/pt\/produto\/maquina-de-engarrafar-liquidos-viscosos-oleo-detergente-500-a-5000ml\/\" \/>\n<meta property=\"og:site_name\" content=\"distribuci\u00f3n ARC\" \/>\n<meta property=\"article:modified_time\" content=\"2025-05-08T20:48:16+00:00\" \/>\n<meta property=\"og:image\" content=\"https:\/\/distribucionarc.com\/wp-content\/uploads\/2020\/10\/Dosificadora-Embotelladora-Llenadora-con-Batidor-500-ml-3000-ml-0.jpg\" \/>\n\t<meta property=\"og:image:width\" content=\"1600\" \/>\n\t<meta property=\"og:image:height\" content=\"1600\" \/>\n\t<meta property=\"og:image:type\" content=\"image\/jpeg\" \/>\n<meta name=\"twitter:card\" content=\"summary_large_image\" \/>\n<meta name=\"twitter:label1\" content=\"Tempo estimado de leitura\" \/>\n\t<meta name=\"twitter:data1\" content=\"2 minutos\" \/>\n<script type=\"application\/ld+json\" class=\"yoast-schema-graph\">{\"@context\":\"https:\/\/schema.org\",\"@graph\":[{\"@type\":\"WebPage\",\"@id\":\"https:\/\/distribucionarc.com\/pt\/producto\/embotelladora-liquidos-viscosos-aceite-detergente-500-a-5000ml\/\",\"url\":\"https:\/\/distribucionarc.com\/pt\/producto\/embotelladora-liquidos-viscosos-aceite-detergente-500-a-5000ml\/\",\"name\":\"Embotelladora l\u00edquidos viscosos, aceite, detergente, 500 a 5000ml - distribuci\u00f3n ARC\",\"isPartOf\":{\"@id\":\"https:\/\/distribucionarc.com\/de\/#website\"},\"primaryImageOfPage\":{\"@id\":\"https:\/\/distribucionarc.com\/pt\/producto\/embotelladora-liquidos-viscosos-aceite-detergente-500-a-5000ml\/#primaryimage\"},\"image\":{\"@id\":\"https:\/\/distribucionarc.com\/pt\/producto\/embotelladora-liquidos-viscosos-aceite-detergente-500-a-5000ml\/#primaryimage\"},\"thumbnailUrl\":\"https:\/\/distribucionarc.com\/wp-content\/uploads\/2020\/10\/Dosificadora-Embotelladora-Llenadora-con-Batidor-500-ml-3000-ml-0.jpg\",\"datePublished\":\"2020-10-05T14:55:53+00:00\",\"dateModified\":\"2025-05-08T20:48:16+00:00\",\"breadcrumb\":{\"@id\":\"https:\/\/distribucionarc.com\/pt\/producto\/embotelladora-liquidos-viscosos-aceite-detergente-500-a-5000ml\/#breadcrumb\"},\"inLanguage\":\"pt-PT\",\"potentialAction\":[{\"@type\":\"ReadAction\",\"target\":[\"https:\/\/distribucionarc.com\/pt\/producto\/embotelladora-liquidos-viscosos-aceite-detergente-500-a-5000ml\/\"]}]},{\"@type\":\"ImageObject\",\"inLanguage\":\"pt-PT\",\"@id\":\"https:\/\/distribucionarc.com\/pt\/producto\/embotelladora-liquidos-viscosos-aceite-detergente-500-a-5000ml\/#primaryimage\",\"url\":\"https:\/\/distribucionarc.com\/wp-content\/uploads\/2020\/10\/Dosificadora-Embotelladora-Llenadora-con-Batidor-500-ml-3000-ml-0.jpg\",\"contentUrl\":\"https:\/\/distribucionarc.com\/wp-content\/uploads\/2020\/10\/Dosificadora-Embotelladora-Llenadora-con-Batidor-500-ml-3000-ml-0.jpg\",\"width\":1600,\"height\":1600,\"caption\":\"Dosificadora, Embotelladora, Llenadora con Batidor 500 ml 3000 ml\"},{\"@type\":\"BreadcrumbList\",\"@id\":\"https:\/\/distribucionarc.com\/pt\/producto\/embotelladora-liquidos-viscosos-aceite-detergente-500-a-5000ml\/#breadcrumb\",\"itemListElement\":[{\"@type\":\"ListItem\",\"position\":1,\"name\":\"Portada\",\"item\":\"https:\/\/distribucionarc.com\/pl\/\"},{\"@type\":\"ListItem\",\"position\":2,\"name\":\"Produkty\",\"item\":\"https:\/\/distribucionarc.com\/pl\/shop\/\"},{\"@type\":\"ListItem\",\"position\":3,\"name\":\"Embotelladora l\u00edquidos viscosos, aceite, detergente, 500 a 5000ml\"}]},{\"@type\":\"WebSite\",\"@id\":\"https:\/\/distribucionarc.com\/de\/#website\",\"url\":\"https:\/\/distribucionarc.com\/de\/\",\"name\":\"distribuci\u00f3n ARC\",\"description\":\"Empresa especializada en la fabricaci\u00f3n y distribuci\u00f3n de maquinaria industrial, selladoras de latas, Maquinas de hacer pastillas, Maquinas de cortar carne...\",\"publisher\":{\"@id\":\"https:\/\/distribucionarc.com\/de\/#organization\"},\"potentialAction\":[{\"@type\":\"SearchAction\",\"target\":{\"@type\":\"EntryPoint\",\"urlTemplate\":\"https:\/\/distribucionarc.com\/de\/?s={search_term_string}\"},\"query-input\":{\"@type\":\"PropertyValueSpecification\",\"valueRequired\":true,\"valueName\":\"search_term_string\"}}],\"inLanguage\":\"pt-PT\"},{\"@type\":\"Organization\",\"@id\":\"https:\/\/distribucionarc.com\/de\/#organization\",\"name\":\"Distribuci\u00f3n ARC\",\"url\":\"https:\/\/distribucionarc.com\/de\/\",\"logo\":{\"@type\":\"ImageObject\",\"inLanguage\":\"pt-PT\",\"@id\":\"https:\/\/distribucionarc.com\/de\/#\/schema\/logo\/image\/\",\"url\":\"https:\/\/distribucionarc.com\/wp-content\/uploads\/2024\/10\/distribucion-ARC-COLOR-SIN-FONDO-e1732295305345.png\",\"contentUrl\":\"https:\/\/distribucionarc.com\/wp-content\/uploads\/2024\/10\/distribucion-ARC-COLOR-SIN-FONDO-e1732295305345.png\",\"width\":1164,\"height\":558,\"caption\":\"Distribuci\u00f3n ARC\"},\"image\":{\"@id\":\"https:\/\/distribucionarc.com\/de\/#\/schema\/logo\/image\/\"},\"description\":\"Empresa especializada en la fabricaci\u00f3n y distribuci\u00f3n de maquinaria industrial para los sectores alimentario y farmac\u00e9utico. Nos especializamos en: M\u00e1quinas de cortar carne Fabricaci\u00f3n de comprimidos Sistemas de transporte industrial L\u00edneas de embotellado Dosificadores Y mucho m\u00e1s... Ofrecemos soluciones innovadoras y personalizadas para optimizar los procesos productivos de tu empresa.\",\"email\":\"Admistracion@distribucionarc.com\",\"telephone\":\"+34 643496664\",\"legalName\":\"ARC TECH SOLUTIONS\",\"foundingDate\":\"2024-04-09\",\"vatID\":\"B55480172\",\"numberOfEmployees\":{\"@type\":\"QuantitativeValue\",\"minValue\":\"1\",\"maxValue\":\"10\"}}]}<\/script>\n<!-- \/ Yoast SEO Premium plugin. -->","yoast_head_json":{"title":"Engarrafamento de l\u00edquidos viscosos, \u00f3leos, detergentes, 500 a 5000ml - distribui\u00e7\u00e3o ARC","robots":{"index":"index","follow":"follow","max-snippet":"max-snippet:-1","max-image-preview":"max-image-preview:large","max-video-preview":"max-video-preview:-1"},"canonical":"https:\/\/distribucionarc.com\/pt\/produto\/maquina-de-engarrafar-liquidos-viscosos-oleo-detergente-500-a-5000ml\/","og_locale":"pt_PT","og_type":"article","og_title":"Embotelladora l\u00edquidos viscosos, aceite, detergente, 500 a 5000ml","og_description":"Dosificadora, Embotelladora, Llenadora con Batidor 500 ml ? 5000 ml M\u00e1quina para llenado detergente, qu\u00edmicos, mermeladas\u00a0muy viscosos semiautom\u00e1tica, impulsada por un pist\u00f3n neum\u00e1tico, fabricada con materiales de primera calidad. Equipada con cinco v\u00e1lvulas que controlan el flujo de los productos. Estructura con dise\u00f1o superior y todos los modelos son f\u00e1ciles de operar. Los componentes neum\u00e1ticos utilizados son hechos en Alemania y Taiwan. Todos los materiales de contacto utilizados, son de acero inoxidable 316 de acuerdo con los requisitos de GMP. La cantidad de volumen y la velocidad de llenado pueden ser regulados con una gran precisi\u00f3n.","og_url":"https:\/\/distribucionarc.com\/pt\/produto\/maquina-de-engarrafar-liquidos-viscosos-oleo-detergente-500-a-5000ml\/","og_site_name":"distribuci\u00f3n ARC","article_modified_time":"2025-05-08T20:48:16+00:00","og_image":[{"width":1600,"height":1600,"url":"https:\/\/distribucionarc.com\/wp-content\/uploads\/2020\/10\/Dosificadora-Embotelladora-Llenadora-con-Batidor-500-ml-3000-ml-0.jpg","type":"image\/jpeg"}],"twitter_card":"summary_large_image","twitter_misc":{"Tempo estimado de leitura":"2 minutos"},"schema":{"@context":"https:\/\/schema.org","@graph":[{"@type":"WebPage","@id":"https:\/\/distribucionarc.com\/pt\/producto\/embotelladora-liquidos-viscosos-aceite-detergente-500-a-5000ml\/","url":"https:\/\/distribucionarc.com\/pt\/producto\/embotelladora-liquidos-viscosos-aceite-detergente-500-a-5000ml\/","name":"Engarrafamento de l\u00edquidos viscosos, \u00f3leos, detergentes, 500 a 5000ml - distribui\u00e7\u00e3o ARC","isPartOf":{"@id":"https:\/\/distribucionarc.com\/de\/#website"},"primaryImageOfPage":{"@id":"https:\/\/distribucionarc.com\/pt\/producto\/embotelladora-liquidos-viscosos-aceite-detergente-500-a-5000ml\/#primaryimage"},"image":{"@id":"https:\/\/distribucionarc.com\/pt\/producto\/embotelladora-liquidos-viscosos-aceite-detergente-500-a-5000ml\/#primaryimage"},"thumbnailUrl":"https:\/\/distribucionarc.com\/wp-content\/uploads\/2020\/10\/Dosificadora-Embotelladora-Llenadora-con-Batidor-500-ml-3000-ml-0.jpg","datePublished":"2020-10-05T14:55:53+00:00","dateModified":"2025-05-08T20:48:16+00:00","breadcrumb":{"@id":"https:\/\/distribucionarc.com\/pt\/producto\/embotelladora-liquidos-viscosos-aceite-detergente-500-a-5000ml\/#breadcrumb"},"inLanguage":"pt-PT","potentialAction":[{"@type":"ReadAction","target":["https:\/\/distribucionarc.com\/pt\/producto\/embotelladora-liquidos-viscosos-aceite-detergente-500-a-5000ml\/"]}]},{"@type":"ImageObject","inLanguage":"pt-PT","@id":"https:\/\/distribucionarc.com\/pt\/producto\/embotelladora-liquidos-viscosos-aceite-detergente-500-a-5000ml\/#primaryimage","url":"https:\/\/distribucionarc.com\/wp-content\/uploads\/2020\/10\/Dosificadora-Embotelladora-Llenadora-con-Batidor-500-ml-3000-ml-0.jpg","contentUrl":"https:\/\/distribucionarc.com\/wp-content\/uploads\/2020\/10\/Dosificadora-Embotelladora-Llenadora-con-Batidor-500-ml-3000-ml-0.jpg","width":1600,"height":1600,"caption":"Dosificadora, Embotelladora, Llenadora con Batidor 500 ml 3000 ml"},{"@type":"BreadcrumbList","@id":"https:\/\/distribucionarc.com\/pt\/producto\/embotelladora-liquidos-viscosos-aceite-detergente-500-a-5000ml\/#breadcrumb","itemListElement":[{"@type":"ListItem","position":1,"name":"Portada","item":"https:\/\/distribucionarc.com\/pl\/"},{"@type":"ListItem","position":2,"name":"Produkty","item":"https:\/\/distribucionarc.com\/pl\/shop\/"},{"@type":"ListItem","position":3,"name":"Embotelladora l\u00edquidos viscosos, aceite, detergente, 500 a 5000ml"}]},{"@type":"WebSite","@id":"https:\/\/distribucionarc.com\/de\/#website","url":"https:\/\/distribucionarc.com\/de\/","name":"Distribui\u00e7\u00e3o ARC","description":"Empresa especializada no fabrico e distribui\u00e7\u00e3o de m\u00e1quinas industriais, m\u00e1quinas de selar latas, m\u00e1quinas de fazer comprimidos, m\u00e1quinas de cortar carne...","publisher":{"@id":"https:\/\/distribucionarc.com\/de\/#organization"},"potentialAction":[{"@type":"SearchAction","target":{"@type":"EntryPoint","urlTemplate":"https:\/\/distribucionarc.com\/de\/?s={search_term_string}"},"query-input":{"@type":"PropertyValueSpecification","valueRequired":true,"valueName":"search_term_string"}}],"inLanguage":"pt-PT"},{"@type":"Organization","@id":"https:\/\/distribucionarc.com\/de\/#organization","name":"Distribui\u00e7\u00e3o ARC","url":"https:\/\/distribucionarc.com\/de\/","logo":{"@type":"ImageObject","inLanguage":"pt-PT","@id":"https:\/\/distribucionarc.com\/de\/#\/schema\/logo\/image\/","url":"https:\/\/distribucionarc.com\/wp-content\/uploads\/2024\/10\/distribucion-ARC-COLOR-SIN-FONDO-e1732295305345.png","contentUrl":"https:\/\/distribucionarc.com\/wp-content\/uploads\/2024\/10\/distribucion-ARC-COLOR-SIN-FONDO-e1732295305345.png","width":1164,"height":558,"caption":"Distribuci\u00f3n ARC"},"image":{"@id":"https:\/\/distribucionarc.com\/de\/#\/schema\/logo\/image\/"},"description":"Empresa especializada no fabrico e distribui\u00e7\u00e3o de m\u00e1quinas industriais para os sectores alimentar e farmac\u00eautico. Somos especializados em: M\u00e1quinas de cortar carne Fabrico de comprimidos Sistemas de transporte industrial Linhas de engarrafamento Dispensadores E muito mais... Oferecemos solu\u00e7\u00f5es inovadoras e personalizadas para otimizar os processos de produ\u00e7\u00e3o da sua empresa.","email":"Admistracion@distribucionarc.com","telephone":"+34 643496664","legalName":"ARC TECH SOLUTIONS","foundingDate":"2024-04-09","vatID":"B55480172","numberOfEmployees":{"@type":"QuantitativeValue","minValue":"1","maxValue":"10"}}]}},"_links":{"self":[{"href":"https:\/\/distribucionarc.com\/pt\/wp-json\/wp\/v2\/product\/3631","targetHints":{"allow":["GET"]}}],"collection":[{"href":"https:\/\/distribucionarc.com\/pt\/wp-json\/wp\/v2\/product"}],"about":[{"href":"https:\/\/distribucionarc.com\/pt\/wp-json\/wp\/v2\/types\/product"}],"replies":[{"embeddable":true,"href":"https:\/\/distribucionarc.com\/pt\/wp-json\/wp\/v2\/comments?post=3631"}],"version-history":[{"count":2,"href":"https:\/\/distribucionarc.com\/pt\/wp-json\/wp\/v2\/product\/3631\/revisions"}],"predecessor-version":[{"id":17469,"href":"https:\/\/distribucionarc.com\/pt\/wp-json\/wp\/v2\/product\/3631\/revisions\/17469"}],"wp:featuredmedia":[{"embeddable":true,"href":"https:\/\/distribucionarc.com\/pt\/wp-json\/wp\/v2\/media\/3632"}],"wp:attachment":[{"href":"https:\/\/distribucionarc.com\/pt\/wp-json\/wp\/v2\/media?parent=3631"}],"wp:term":[{"taxonomy":"product_brand","embeddable":true,"href":"https:\/\/distribucionarc.com\/pt\/wp-json\/wp\/v2\/product_brand?post=3631"},{"taxonomy":"product_cat","embeddable":true,"href":"https:\/\/distribucionarc.com\/pt\/wp-json\/wp\/v2\/product_cat?post=3631"},{"taxonomy":"product_tag","embeddable":true,"href":"https:\/\/distribucionarc.com\/pt\/wp-json\/wp\/v2\/product_tag?post=3631"}],"curies":[{"name":"wp","href":"https:\/\/api.w.org\/{rel}","templated":true}]}}