{"id":3751,"date":"2020-10-07T13:01:49","date_gmt":"2020-10-07T13:01:49","guid":{"rendered":"https:\/\/distribucionarc.com\/?post_type=product&#038;p=3751"},"modified":"2023-12-05T11:26:40","modified_gmt":"2023-12-05T11:26:40","slug":"maquina-de-enrolar-fios","status":"publish","type":"product","link":"https:\/\/distribucionarc.com\/pt\/producto\/maquina-bobinadora-de-hilo\/","title":{"rendered":"m\u00e1quina de enrolamento de cabos"},"content":{"rendered":"<h3>m\u00e1quina de enrolamento de cabos<\/h3>\n<p>Esse<strong> m\u00e1quina de enrolamento de linha <span style=\"color: #ff0000;\">PARA<\/span><span style=\"color: #0000ff;\">R<\/span>c<\/strong> \u00c9 totalmente autom\u00e1tico e tamb\u00e9m possui um sistema inteligente sincronizado de alta precis\u00e3o e de \u00faltima gera\u00e7\u00e3o que controla todas as falhas durante o processo. Este recurso inteligente informa sobre velocidade excessiva durante o processo, calibra a velocidade de enrolamento e executa um processo de autoteste. O recurso de calibrador permite medir facilmente a largura do enrolamento<\/p>\n<p>O motor do<strong> enrolador autom\u00e1tico <span style=\"color: #ff0000;\">PARA<\/span><span style=\"color: #0000ff;\">R<\/span>CMBH10<\/strong> \u00c9 controlado por um computador que controla a velocidade; que permite controlar a velocidade durante o processo e ao mesmo tempo sincronizar o oscilador de cordas com ele.<\/p>\n<p>Voc\u00ea pode definir todos os dados, como: ponto inicial, tamanho do fio, largura de deslocamento do enrolamento, velocidade de in\u00edcio do enrolamento, parada lenta, velocidade de enrolamento, velocidade de rota\u00e7\u00e3o lenta, dire\u00e7\u00e3o de deslocamento do enrolamento, dire\u00e7\u00e3o do enrolamento, parada bipolar, reinicializa\u00e7\u00e3o autom\u00e1tica e partida. Possui capacidade de mem\u00f3ria de 999 par\u00e2metros.<\/p>\n<h6><strong>Garantia\u00a0<span style=\"color: #ff0000;\">PARA<\/span><span style=\"color: #0000ff;\">R<\/span>C 2 ANOS<\/strong><\/h6>\n<h6><span style=\"color: #008000;\">Rebobinador de linha eficiente, baixo consumo 350w<\/span><\/h6>\n<h6><strong>suporte t\u00e9cnico inclu\u00eddo<\/strong><\/h6>\n<p>&nbsp;<\/p>\n<p>&nbsp;<\/p>\n<table role=\"presentation\" width=\"100%\" cellspacing=\"0\" cellpadding=\"0\">\n<tbody>\n<tr>\n<td class=\"attrLabels\">Marca:<\/td>\n<td width=\"50.0%\">ARCO<\/td>\n<\/tr>\n<tr>\n<td class=\"attrLabels\">Pa\u00eds de distribui\u00e7\u00e3o:<\/td>\n<td width=\"50.0%\">Espanha, Alemanha, EUA<\/td>\n<td class=\"attrLabels\">Dimens\u00f5es da m\u00e1quina:<\/td>\n<td width=\"50.0%\">47x48x39cm<\/td>\n<\/tr>\n<tr>\n<td class=\"attrLabels\">Garantia:<\/td>\n<td width=\"50.0%\">2 anos<\/td>\n<td class=\"attrLabels\">Poder:<\/td>\n<td width=\"50.0%\">350 W<\/td>\n<\/tr>\n<tr>\n<td class=\"attrLabels\">Cor:<\/td>\n<td width=\"50.0%\">Prata<\/td>\n<td class=\"attrLabels\">Tens\u00e3o de entrada:<\/td>\n<td width=\"50.0%\">220 V \u2013 60 Hz<\/td>\n<\/tr>\n<tr>\n<td class=\"attrLabels\">Tipo de produto:<\/td>\n<td width=\"50.0%\">Enrolador de linha el\u00e9trico<\/td>\n<td class=\"attrLabels\">Largura m\u00e1xima do enrolamento:<\/td>\n<td width=\"50.0%\">110mm<\/td>\n<\/tr>\n<tr>\n<td class=\"attrLabels\">N\u00famero do fabricante:<\/td>\n<td width=\"50.0%\">ARCMBH10<\/td>\n<td class=\"attrLabels\">Tamanho do fio:<\/td>\n<td width=\"50.0%\">0,03 \u2013 1,2 mm<\/td>\n<\/tr>\n<tr>\n<td class=\"attrLabels\">Material:<\/td>\n<td width=\"50.0%\">a\u00e7o refor\u00e7ado, motor eficiente, computador inteligente<\/td>\n<td class=\"attrLabels\">Velocidade m\u00e1xima de giro:<\/td>\n<td width=\"50.0%\">6000 voltas por minuto<\/td>\n<\/tr>\n<tr>\n<td class=\"attrLabels\">Ferramentas de instala\u00e7\u00e3o:<\/td>\n<td width=\"50.0%\">Sim<\/td>\n<td class=\"attrLabels\">Resolu\u00e7\u00e3o de contagem:<\/td>\n<td width=\"50.0%\">0,1 c\u00edrculos<\/td>\n<\/tr>\n<tr>\n<td class=\"attrLabels\">Peso:<\/td>\n<td width=\"50.0%\">29kg<\/td>\n<td class=\"attrLabels\">Grupos armazen\u00e1veis:<\/td>\n<td width=\"50.0%\">999 mem\u00f3rias sinuosas<\/td>\n<\/tr>\n<\/tbody>\n<\/table>","protected":false},"excerpt":{"rendered":"<h2>m\u00e1quina de enrolamento de cabos<\/h2>\n<p>Esse<strong> enrolador de linha <span style=\"color: #ff0000;\">PARA<\/span><span style=\"color: #0000ff;\">R<\/span>C autom\u00e1tico<\/strong> Controlado por computador, adota os mais recentes sistemas de enrolamento sincronizado de alta precis\u00e3o e sem problemas; quando aparecem desalinhamentos no processo de enrolamento em velocidade excessiva. Possui um sistema superinteligente com fun\u00e7\u00f5es de autoteste, erro de equipamento, rastreamento de excesso de velocidade e calibra\u00e7\u00e3o de velocidade. Voc\u00ea pode configurar os par\u00e2metros de velocidade que melhor atendem \u00e0s suas necessidades. Esse <strong>m\u00e1quina de enrolamento de linha<\/strong> \u00c9 adaptado para metais finos como cobre, a\u00e7o, alum\u00ednio, arame ou at\u00e9 mesmo n\u00e1ilon grosso.<\/p>\n<h6><strong>Garantia\u00a0<span style=\"color: #ff0000;\">PARA<\/span><span style=\"color: #0000ff;\">R<\/span>C 2 ANOS<\/strong><\/h6>\n<h6><span style=\"color: #008000;\">Rebobinador de linha eficiente, baixo consumo 350w<\/span><\/h6>\n<h6><strong>suporte t\u00e9cnico inclu\u00eddo<\/strong><\/h6>","protected":false},"featured_media":3757,"comment_status":"open","ping_status":"closed","template":"","meta":{"wds_primary_product_brand":0,"wds_primary_product_cat":0},"product_brand":[],"product_cat":[69],"product_tag":[],"class_list":{"0":"post-3751","1":"product","2":"type-product","3":"status-publish","4":"has-post-thumbnail","6":"product_cat-maquinas-variadas","7":"product_shipping_class-hosteleria","9":"first","10":"instock","11":"taxable","12":"shipping-taxable","13":"purchasable","14":"product-type-simple"},"yoast_head":"<!-- This site is optimized with the Yoast SEO Premium plugin v24.9 (Yoast SEO v26.1) - https:\/\/yoast.com\/wordpress\/plugins\/seo\/ -->\n<title>M\u00e1quina bobinadora de cable - distribuci\u00f3n ARC<\/title>\n<meta name=\"robots\" content=\"index, follow, max-snippet:-1, max-image-preview:large, max-video-preview:-1\" \/>\n<link rel=\"canonical\" href=\"https:\/\/distribucionarc.com\/pt\/produto\/maquina-de-enrolar-fios\/\" \/>\n<meta property=\"og:locale\" content=\"pt_PT\" \/>\n<meta property=\"og:type\" content=\"article\" \/>\n<meta property=\"og:title\" content=\"M\u00e1quina bobinadora de cable\" \/>\n<meta property=\"og:description\" content=\"M\u00e1quina bobinadora de cable Esta bobinadora de hilo ARC autom\u00e1tica controlada por ordenador, adopta los \u00faltimos sistemas de bobinado sincronizado de alta precisi\u00f3n y sin problemas; cuando aparecen desalineaciones en el proceso de bobinado a una velocidad excesiva. Cuenta con un sistema super inteligente con funciones de autocomprobaci\u00f3n, errores del equipo, seguimiento de velocidad excesiva y calibraci\u00f3n de la velocidad. Puede configurar los par\u00e1metros de velocidad que m\u00e1s se adapten a su necesidad. Esta maquina para bobinar hilo est\u00e1 adaptada para metales finos como cobre, acero, aluminio, alambre o incluso nylon grueso. Garant\u00eda\u00a0ARC 2 A\u00d1OS Rebobinadora de hilo eficiente, bajo consumo 350w soporte t\u00e9cnico incluido\" \/>\n<meta property=\"og:url\" content=\"https:\/\/distribucionarc.com\/pt\/produto\/maquina-de-enrolar-fios\/\" \/>\n<meta property=\"og:site_name\" content=\"distribuci\u00f3n ARC\" \/>\n<meta property=\"article:modified_time\" content=\"2023-12-05T11:26:40+00:00\" \/>\n<meta property=\"og:image\" content=\"https:\/\/distribucionarc.com\/wp-content\/uploads\/2020\/10\/M\u00e1quina-bobinadora-de-hilo-2.jpg\" \/>\n\t<meta property=\"og:image:width\" content=\"1000\" \/>\n\t<meta property=\"og:image:height\" content=\"1000\" \/>\n\t<meta property=\"og:image:type\" content=\"image\/jpeg\" \/>\n<meta name=\"twitter:card\" content=\"summary_large_image\" \/>\n<meta name=\"twitter:label1\" content=\"Tempo estimado de leitura\" \/>\n\t<meta name=\"twitter:data1\" content=\"1 minuto\" \/>\n<script type=\"application\/ld+json\" class=\"yoast-schema-graph\">{\"@context\":\"https:\/\/schema.org\",\"@graph\":[{\"@type\":\"WebPage\",\"@id\":\"https:\/\/distribucionarc.com\/producto\/maquina-bobinadora-de-hilo\/\",\"url\":\"https:\/\/distribucionarc.com\/producto\/maquina-bobinadora-de-hilo\/\",\"name\":\"M\u00e1quina bobinadora de cable - distribuci\u00f3n ARC\",\"isPartOf\":{\"@id\":\"https:\/\/distribucionarc.com\/ro\/#website\"},\"primaryImageOfPage\":{\"@id\":\"https:\/\/distribucionarc.com\/producto\/maquina-bobinadora-de-hilo\/#primaryimage\"},\"image\":{\"@id\":\"https:\/\/distribucionarc.com\/producto\/maquina-bobinadora-de-hilo\/#primaryimage\"},\"thumbnailUrl\":\"https:\/\/distribucionarc.com\/wp-content\/uploads\/2020\/10\/M\u00e1quina-bobinadora-de-hilo-2.jpg\",\"datePublished\":\"2020-10-07T13:01:49+00:00\",\"dateModified\":\"2023-12-05T11:26:40+00:00\",\"breadcrumb\":{\"@id\":\"https:\/\/distribucionarc.com\/producto\/maquina-bobinadora-de-hilo\/#breadcrumb\"},\"inLanguage\":\"pt-PT\",\"potentialAction\":[{\"@type\":\"ReadAction\",\"target\":[\"https:\/\/distribucionarc.com\/producto\/maquina-bobinadora-de-hilo\/\"]}]},{\"@type\":\"ImageObject\",\"inLanguage\":\"pt-PT\",\"@id\":\"https:\/\/distribucionarc.com\/producto\/maquina-bobinadora-de-hilo\/#primaryimage\",\"url\":\"https:\/\/distribucionarc.com\/wp-content\/uploads\/2020\/10\/M\u00e1quina-bobinadora-de-hilo-2.jpg\",\"contentUrl\":\"https:\/\/distribucionarc.com\/wp-content\/uploads\/2020\/10\/M\u00e1quina-bobinadora-de-hilo-2.jpg\",\"width\":1000,\"height\":1000,\"caption\":\"M\u00e1quina bobinadora de hilo\"},{\"@type\":\"BreadcrumbList\",\"@id\":\"https:\/\/distribucionarc.com\/producto\/maquina-bobinadora-de-hilo\/#breadcrumb\",\"itemListElement\":[{\"@type\":\"ListItem\",\"position\":1,\"name\":\"Portada\",\"item\":\"https:\/\/distribucionarc.com\/ar\/\"},{\"@type\":\"ListItem\",\"position\":2,\"name\":\"Proizvodi\",\"item\":\"https:\/\/www.distribucionarc.com\/hr\/ducan\/\"},{\"@type\":\"ListItem\",\"position\":3,\"name\":\"M\u00e1quina bobinadora de cable\"}]},{\"@type\":\"WebSite\",\"@id\":\"https:\/\/distribucionarc.com\/ro\/#website\",\"url\":\"https:\/\/distribucionarc.com\/ro\/\",\"name\":\"distribuci\u00f3n ARC\",\"description\":\"Empresa especializada en la fabricaci\u00f3n y distribuci\u00f3n de maquinaria industrial, selladoras de latas, Maquinas de hacer pastillas, Maquinas de cortar carne...\",\"publisher\":{\"@id\":\"https:\/\/distribucionarc.com\/ro\/#organization\"},\"potentialAction\":[{\"@type\":\"SearchAction\",\"target\":{\"@type\":\"EntryPoint\",\"urlTemplate\":\"https:\/\/distribucionarc.com\/ro\/?s={search_term_string}\"},\"query-input\":{\"@type\":\"PropertyValueSpecification\",\"valueRequired\":true,\"valueName\":\"search_term_string\"}}],\"inLanguage\":\"pt-PT\"},{\"@type\":\"Organization\",\"@id\":\"https:\/\/distribucionarc.com\/ro\/#organization\",\"name\":\"Distribuci\u00f3n ARC\",\"url\":\"https:\/\/distribucionarc.com\/ro\/\",\"logo\":{\"@type\":\"ImageObject\",\"inLanguage\":\"pt-PT\",\"@id\":\"https:\/\/distribucionarc.com\/ro\/#\/schema\/logo\/image\/\",\"url\":\"https:\/\/distribucionarc.com\/wp-content\/uploads\/2024\/10\/distribucion-ARC-COLOR-SIN-FONDO-e1732295305345.png\",\"contentUrl\":\"https:\/\/distribucionarc.com\/wp-content\/uploads\/2024\/10\/distribucion-ARC-COLOR-SIN-FONDO-e1732295305345.png\",\"width\":1164,\"height\":558,\"caption\":\"Distribuci\u00f3n ARC\"},\"image\":{\"@id\":\"https:\/\/distribucionarc.com\/ro\/#\/schema\/logo\/image\/\"},\"description\":\"Empresa especializada en la fabricaci\u00f3n y distribuci\u00f3n de maquinaria industrial para los sectores alimentario y farmac\u00e9utico. Nos especializamos en: M\u00e1quinas de cortar carne Fabricaci\u00f3n de comprimidos Sistemas de transporte industrial L\u00edneas de embotellado Dosificadores Y mucho m\u00e1s... Ofrecemos soluciones innovadoras y personalizadas para optimizar los procesos productivos de tu empresa.\",\"email\":\"Admistracion@distribucionarc.com\",\"telephone\":\"+34 643496664\",\"legalName\":\"ARC TECH SOLUTIONS\",\"foundingDate\":\"2024-04-09\",\"vatID\":\"B55480172\",\"numberOfEmployees\":{\"@type\":\"QuantitativeValue\",\"minValue\":\"1\",\"maxValue\":\"10\"}}]}<\/script>\n<!-- \/ Yoast SEO Premium plugin. -->","yoast_head_json":{"title":"M\u00e1quina enroladora de cabos - distribui\u00e7\u00e3o ARC","robots":{"index":"index","follow":"follow","max-snippet":"max-snippet:-1","max-image-preview":"max-image-preview:large","max-video-preview":"max-video-preview:-1"},"canonical":"https:\/\/distribucionarc.com\/pt\/produto\/maquina-de-enrolar-fios\/","og_locale":"pt_PT","og_type":"article","og_title":"M\u00e1quina bobinadora de cable","og_description":"M\u00e1quina bobinadora de cable Esta bobinadora de hilo ARC autom\u00e1tica controlada por ordenador, adopta los \u00faltimos sistemas de bobinado sincronizado de alta precisi\u00f3n y sin problemas; cuando aparecen desalineaciones en el proceso de bobinado a una velocidad excesiva. Cuenta con un sistema super inteligente con funciones de autocomprobaci\u00f3n, errores del equipo, seguimiento de velocidad excesiva y calibraci\u00f3n de la velocidad. Puede configurar los par\u00e1metros de velocidad que m\u00e1s se adapten a su necesidad. Esta maquina para bobinar hilo est\u00e1 adaptada para metales finos como cobre, acero, aluminio, alambre o incluso nylon grueso. Garant\u00eda\u00a0ARC 2 A\u00d1OS Rebobinadora de hilo eficiente, bajo consumo 350w soporte t\u00e9cnico incluido","og_url":"https:\/\/distribucionarc.com\/pt\/produto\/maquina-de-enrolar-fios\/","og_site_name":"distribuci\u00f3n ARC","article_modified_time":"2023-12-05T11:26:40+00:00","og_image":[{"width":1000,"height":1000,"url":"https:\/\/distribucionarc.com\/wp-content\/uploads\/2020\/10\/M\u00e1quina-bobinadora-de-hilo-2.jpg","type":"image\/jpeg"}],"twitter_card":"summary_large_image","twitter_misc":{"Tempo estimado de leitura":"1 minuto"},"schema":{"@context":"https:\/\/schema.org","@graph":[{"@type":"WebPage","@id":"https:\/\/distribucionarc.com\/producto\/maquina-bobinadora-de-hilo\/","url":"https:\/\/distribucionarc.com\/producto\/maquina-bobinadora-de-hilo\/","name":"M\u00e1quina enroladora de cabos - distribui\u00e7\u00e3o ARC","isPartOf":{"@id":"https:\/\/distribucionarc.com\/ro\/#website"},"primaryImageOfPage":{"@id":"https:\/\/distribucionarc.com\/producto\/maquina-bobinadora-de-hilo\/#primaryimage"},"image":{"@id":"https:\/\/distribucionarc.com\/producto\/maquina-bobinadora-de-hilo\/#primaryimage"},"thumbnailUrl":"https:\/\/distribucionarc.com\/wp-content\/uploads\/2020\/10\/M\u00e1quina-bobinadora-de-hilo-2.jpg","datePublished":"2020-10-07T13:01:49+00:00","dateModified":"2023-12-05T11:26:40+00:00","breadcrumb":{"@id":"https:\/\/distribucionarc.com\/producto\/maquina-bobinadora-de-hilo\/#breadcrumb"},"inLanguage":"pt-PT","potentialAction":[{"@type":"ReadAction","target":["https:\/\/distribucionarc.com\/producto\/maquina-bobinadora-de-hilo\/"]}]},{"@type":"ImageObject","inLanguage":"pt-PT","@id":"https:\/\/distribucionarc.com\/producto\/maquina-bobinadora-de-hilo\/#primaryimage","url":"https:\/\/distribucionarc.com\/wp-content\/uploads\/2020\/10\/M\u00e1quina-bobinadora-de-hilo-2.jpg","contentUrl":"https:\/\/distribucionarc.com\/wp-content\/uploads\/2020\/10\/M\u00e1quina-bobinadora-de-hilo-2.jpg","width":1000,"height":1000,"caption":"M\u00e1quina bobinadora de hilo"},{"@type":"BreadcrumbList","@id":"https:\/\/distribucionarc.com\/producto\/maquina-bobinadora-de-hilo\/#breadcrumb","itemListElement":[{"@type":"ListItem","position":1,"name":"Portada","item":"https:\/\/distribucionarc.com\/ar\/"},{"@type":"ListItem","position":2,"name":"Proizvodi","item":"https:\/\/www.distribucionarc.com\/hr\/ducan\/"},{"@type":"ListItem","position":3,"name":"M\u00e1quina bobinadora de cable"}]},{"@type":"WebSite","@id":"https:\/\/distribucionarc.com\/ro\/#website","url":"https:\/\/distribucionarc.com\/ro\/","name":"Distribui\u00e7\u00e3o ARC","description":"Empresa especializada no fabrico e distribui\u00e7\u00e3o de m\u00e1quinas industriais, m\u00e1quinas de selar latas, m\u00e1quinas de fazer comprimidos, m\u00e1quinas de cortar carne...","publisher":{"@id":"https:\/\/distribucionarc.com\/ro\/#organization"},"potentialAction":[{"@type":"SearchAction","target":{"@type":"EntryPoint","urlTemplate":"https:\/\/distribucionarc.com\/ro\/?s={search_term_string}"},"query-input":{"@type":"PropertyValueSpecification","valueRequired":true,"valueName":"search_term_string"}}],"inLanguage":"pt-PT"},{"@type":"Organization","@id":"https:\/\/distribucionarc.com\/ro\/#organization","name":"Distribui\u00e7\u00e3o ARC","url":"https:\/\/distribucionarc.com\/ro\/","logo":{"@type":"ImageObject","inLanguage":"pt-PT","@id":"https:\/\/distribucionarc.com\/ro\/#\/schema\/logo\/image\/","url":"https:\/\/distribucionarc.com\/wp-content\/uploads\/2024\/10\/distribucion-ARC-COLOR-SIN-FONDO-e1732295305345.png","contentUrl":"https:\/\/distribucionarc.com\/wp-content\/uploads\/2024\/10\/distribucion-ARC-COLOR-SIN-FONDO-e1732295305345.png","width":1164,"height":558,"caption":"Distribuci\u00f3n ARC"},"image":{"@id":"https:\/\/distribucionarc.com\/ro\/#\/schema\/logo\/image\/"},"description":"Empresa especializada no fabrico e distribui\u00e7\u00e3o de m\u00e1quinas industriais para os sectores alimentar e farmac\u00eautico. Somos especializados em: M\u00e1quinas de cortar carne Fabrico de comprimidos Sistemas de transporte industrial Linhas de engarrafamento Dispensadores E muito mais... Oferecemos solu\u00e7\u00f5es inovadoras e personalizadas para otimizar os processos de produ\u00e7\u00e3o da sua empresa.","email":"Admistracion@distribucionarc.com","telephone":"+34 643496664","legalName":"ARC TECH SOLUTIONS","foundingDate":"2024-04-09","vatID":"B55480172","numberOfEmployees":{"@type":"QuantitativeValue","minValue":"1","maxValue":"10"}}]}},"_links":{"self":[{"href":"https:\/\/distribucionarc.com\/pt\/wp-json\/wp\/v2\/product\/3751","targetHints":{"allow":["GET"]}}],"collection":[{"href":"https:\/\/distribucionarc.com\/pt\/wp-json\/wp\/v2\/product"}],"about":[{"href":"https:\/\/distribucionarc.com\/pt\/wp-json\/wp\/v2\/types\/product"}],"replies":[{"embeddable":true,"href":"https:\/\/distribucionarc.com\/pt\/wp-json\/wp\/v2\/comments?post=3751"}],"version-history":[{"count":0,"href":"https:\/\/distribucionarc.com\/pt\/wp-json\/wp\/v2\/product\/3751\/revisions"}],"wp:featuredmedia":[{"embeddable":true,"href":"https:\/\/distribucionarc.com\/pt\/wp-json\/wp\/v2\/media\/3757"}],"wp:attachment":[{"href":"https:\/\/distribucionarc.com\/pt\/wp-json\/wp\/v2\/media?parent=3751"}],"wp:term":[{"taxonomy":"product_brand","embeddable":true,"href":"https:\/\/distribucionarc.com\/pt\/wp-json\/wp\/v2\/product_brand?post=3751"},{"taxonomy":"product_cat","embeddable":true,"href":"https:\/\/distribucionarc.com\/pt\/wp-json\/wp\/v2\/product_cat?post=3751"},{"taxonomy":"product_tag","embeddable":true,"href":"https:\/\/distribucionarc.com\/pt\/wp-json\/wp\/v2\/product_tag?post=3751"}],"curies":[{"name":"wp","href":"https:\/\/api.w.org\/{rel}","templated":true}]}}