{"id":3887,"date":"2020-10-10T14:02:33","date_gmt":"2020-10-10T14:02:33","guid":{"rendered":"https:\/\/distribucionarc.com\/?post_type=product&#038;p=3887"},"modified":"2020-10-10T14:13:37","modified_gmt":"2020-10-10T14:13:37","slug":"amarrar-linguicas-42mm","status":"publish","type":"product","link":"https:\/\/distribucionarc.com\/pt\/producto\/atadora-embutidos-42mm\/","title":{"rendered":"Pasta de salsicha 42mm"},"content":{"rendered":"<h3>Pasta de salsicha 42mm<\/h3>\n<p>Esse\u00a0<strong>m\u00e1quina projetada para amarrar salsichas\u00a0<span style=\"color: #ff0000;\">PARA<\/span><span style=\"color: #0000ff;\">R<\/span>c<\/strong>\u00a0\u00c9 feito de a\u00e7o inoxid\u00e1vel 304 de alta qualidade, \u00e0 prova de ferrugem, resistente ao desgaste, f\u00e1cil de limpar e atende \u00e0s normas de sa\u00fade e higiene. Voc\u00ea pode ajustar o comprimento das salsichas, aceitar um\u00a0<strong>di\u00e2metro 0 \u2013 42 mm<\/strong>.<\/p>\n<p>Possui cabo ergon\u00f4mico e engrenagens de precis\u00e3o para um processo r\u00e1pido e preciso. Esta m\u00e1quina manual desenrola-se facilmente sem esfor\u00e7o e economiza energia em compara\u00e7\u00e3o com outras atadoras. O design da mesa economiza espa\u00e7o e garante um processo est\u00e1vel durante o uso. Esse<strong> marceneiro de salsicha <span style=\"color: #ff0000;\">PARA<\/span><span style=\"color: #0000ff;\">R<\/span>CAS42<\/strong>\u00a0usa um sistema de caminho circular em vez de cortar os fios manualmente. Para melhorar a taxa de fabrica\u00e7\u00e3o de produtos da pequena ind\u00fastria de processamento. Gra\u00e7as a este sistema \u00e9 capaz de produzir<strong>\u00a050 \u2013 60 pe\u00e7as por minuto<\/strong>, al\u00e9m de economizar custos com material e esfor\u00e7o f\u00edsico.<\/p>\n<h6><strong>Garantia\u00a0<span style=\"color: #ff0000;\">PARA<\/span><span style=\"color: #0000ff;\">R<\/span>C 2 ANOS<\/strong><\/h6>\n<h6><strong>suporte t\u00e9cnico inclu\u00eddo<\/strong><\/h6>\n<p>&nbsp;<\/p>\n<table width=\"100%\">\n<tbody>\n<tr>\n<td>Marca:<\/td>\n<td width=\"32%\">ARCO<\/td>\n<td>Peso:<\/td>\n<td width=\"30%\">5,5kg<\/td>\n<\/tr>\n<tr>\n<td>Pa\u00eds de distribui\u00e7\u00e3o:<\/td>\n<td width=\"32%\">Espanha, Alemanha, EUA<\/td>\n<td>Altura:<\/td>\n<td width=\"30%\">18,7 cm<\/td>\n<\/tr>\n<tr>\n<td>Cor:<\/td>\n<td width=\"32%\">Prata<\/td>\n<td>Longo:<\/td>\n<td width=\"30%\">35,5 cm<\/td>\n<\/tr>\n<tr>\n<td>Tipo de produto:<\/td>\n<td width=\"32%\">Dispensador de caf\u00e9 nitro<\/td>\n<td>Largo:<\/td>\n<td width=\"30%\">16,7 cm<\/td>\n<\/tr>\n<tr>\n<td>N\u00famero do fabricante:<\/td>\n<td width=\"32%\">ARCAS42<\/td>\n<td>Di\u00e2metro da salsicha:<\/td>\n<td width=\"30%\">42 mm<\/td>\n<\/tr>\n<tr>\n<td>Material:<\/td>\n<td width=\"32%\">a\u00e7o inoxid\u00e1vel 304<\/td>\n<td>Produ\u00e7\u00e3o:<\/td>\n<td width=\"30%\">50 \u2013 60 pe\u00e7as<\/td>\n<\/tr>\n<tr>\n<td>Cara:<\/td>\n<td width=\"32%\">manual<\/td>\n<td>\u00a0Garantia:<\/td>\n<td width=\"30%\">2 ANOS<\/td>\n<\/tr>\n<\/tbody>\n<\/table>","protected":false},"excerpt":{"rendered":"<h2>Pasta de salsicha 42mm<\/h2>\n<p>Esse<strong>\u00a0m\u00e1quina manual para amarrar salsichas e salsichas\u00a0<span style=\"color: #ff0000;\">PARA<\/span><span style=\"color: #0000ff;\">R<\/span>c<\/strong>\u00a0\u00c9 fabricado com materiais de alta qualidade; A\u00e7o inoxid\u00e1vel 304 gra\u00e7as a isso.\u00a0<strong>pasta de salsicha<\/strong>\u00a0pode melhorar a produ\u00e7\u00e3o de seus produtos. Seu design compacto e pequeno permite economizar custos, reduzindo problemas desnecess\u00e1rios com dispositivos grandes. Foi projetado para amarrar salsichas de forma circular sem a necessidade de cortar fios, agilizando o processo conferindo ao seu produto um design artesanal.<\/p>\n<h6><strong>Garantia\u00a0<span style=\"color: #ff0000;\">PARA<\/span><span style=\"color: #0000ff;\">R<\/span>C 2 ANOS<\/strong><\/h6>\n<h6><strong>suporte t\u00e9cnico inclu\u00eddo<\/strong><\/h6>","protected":false},"featured_media":3884,"comment_status":"open","ping_status":"closed","template":"","meta":{"wds_primary_product_brand":0,"wds_primary_product_cat":0},"product_brand":[],"product_cat":[50],"product_tag":[],"class_list":{"0":"post-3887","1":"product","2":"type-product","3":"status-publish","4":"has-post-thumbnail","6":"product_cat-elaboradoras-de-croquetas-y-albondigas","7":"product_shipping_class-hosteleria","9":"first","10":"instock","11":"sale","12":"taxable","13":"shipping-taxable","14":"purchasable","15":"product-type-simple"},"yoast_head":"<!-- This site is optimized with the Yoast SEO Premium plugin v24.9 (Yoast SEO v26.1) - https:\/\/yoast.com\/wordpress\/plugins\/seo\/ -->\n<title>Atadora embutidos 42mm - distribuci\u00f3n ARC<\/title>\n<meta name=\"robots\" content=\"index, follow, max-snippet:-1, max-image-preview:large, max-video-preview:-1\" \/>\n<link rel=\"canonical\" href=\"https:\/\/distribucionarc.com\/pt\/produto\/amarrar-linguicas-42mm\/\" \/>\n<meta property=\"og:locale\" content=\"pt_PT\" \/>\n<meta property=\"og:type\" content=\"article\" \/>\n<meta property=\"og:title\" content=\"Atadora embutidos 42mm\" \/>\n<meta property=\"og:description\" content=\"Atadora embutidos 42mm Esta\u00a0m\u00e1quina manual para el atado de salchichas y embutidos\u00a0ARC\u00a0est\u00e1 fabricada con materiales de alta calidad; acero inoxidable 304. Gracias a esta\u00a0atadora de salchichas\u00a0puede mejorar la producci\u00f3n de sus productos. Su dise\u00f1o compacto y peque\u00f1o le permite ahorrar as\u00ed costes reduciendo problemas innecesarios con dispositivos grandes. Est\u00e1 dise\u00f1ada para atar los embutidos de forma circular sin necesidad de cortar hilos, acelerando el proceso d\u00e1ndole a su producto un dise\u00f1o artesanal. Garant\u00eda\u00a0ARC 2 A\u00d1OS soporte t\u00e9cnico incluido\" \/>\n<meta property=\"og:url\" content=\"https:\/\/distribucionarc.com\/pt\/produto\/amarrar-linguicas-42mm\/\" \/>\n<meta property=\"og:site_name\" content=\"distribuci\u00f3n ARC\" \/>\n<meta property=\"article:modified_time\" content=\"2020-10-10T14:13:37+00:00\" \/>\n<meta property=\"og:image\" content=\"https:\/\/distribucionarc.com\/wp-content\/uploads\/2020\/10\/Atadora-de-embutidos-manual-32mm-2.jpg\" \/>\n\t<meta property=\"og:image:width\" content=\"1600\" \/>\n\t<meta property=\"og:image:height\" content=\"1600\" \/>\n\t<meta property=\"og:image:type\" content=\"image\/jpeg\" \/>\n<meta name=\"twitter:card\" content=\"summary_large_image\" \/>\n<meta name=\"twitter:label1\" content=\"Tempo estimado de leitura\" \/>\n\t<meta name=\"twitter:data1\" content=\"1 minuto\" \/>\n<script type=\"application\/ld+json\" class=\"yoast-schema-graph\">{\"@context\":\"https:\/\/schema.org\",\"@graph\":[{\"@type\":\"WebPage\",\"@id\":\"https:\/\/distribucionarc.com\/hr\/producto\/atadora-embutidos-42mm\/\",\"url\":\"https:\/\/distribucionarc.com\/hr\/producto\/atadora-embutidos-42mm\/\",\"name\":\"Atadora embutidos 42mm - distribuci\u00f3n ARC\",\"isPartOf\":{\"@id\":\"https:\/\/distribucionarc.com\/pl\/#website\"},\"primaryImageOfPage\":{\"@id\":\"https:\/\/distribucionarc.com\/hr\/producto\/atadora-embutidos-42mm\/#primaryimage\"},\"image\":{\"@id\":\"https:\/\/distribucionarc.com\/hr\/producto\/atadora-embutidos-42mm\/#primaryimage\"},\"thumbnailUrl\":\"https:\/\/distribucionarc.com\/wp-content\/uploads\/2020\/10\/Atadora-de-embutidos-manual-32mm-2.jpg\",\"datePublished\":\"2020-10-10T14:02:33+00:00\",\"dateModified\":\"2020-10-10T14:13:37+00:00\",\"breadcrumb\":{\"@id\":\"https:\/\/distribucionarc.com\/hr\/producto\/atadora-embutidos-42mm\/#breadcrumb\"},\"inLanguage\":\"pt-PT\",\"potentialAction\":[{\"@type\":\"ReadAction\",\"target\":[\"https:\/\/distribucionarc.com\/hr\/producto\/atadora-embutidos-42mm\/\"]}]},{\"@type\":\"ImageObject\",\"inLanguage\":\"pt-PT\",\"@id\":\"https:\/\/distribucionarc.com\/hr\/producto\/atadora-embutidos-42mm\/#primaryimage\",\"url\":\"https:\/\/distribucionarc.com\/wp-content\/uploads\/2020\/10\/Atadora-de-embutidos-manual-32mm-2.jpg\",\"contentUrl\":\"https:\/\/distribucionarc.com\/wp-content\/uploads\/2020\/10\/Atadora-de-embutidos-manual-32mm-2.jpg\",\"width\":1600,\"height\":1600,\"caption\":\"Atadora embutidos 42mm\"},{\"@type\":\"BreadcrumbList\",\"@id\":\"https:\/\/distribucionarc.com\/hr\/producto\/atadora-embutidos-42mm\/#breadcrumb\",\"itemListElement\":[{\"@type\":\"ListItem\",\"position\":1,\"name\":\"Portada\",\"item\":\"https:\/\/www.distribucionarc.com\/tr\/\"},{\"@type\":\"ListItem\",\"position\":2,\"name\":\"Izdelki\",\"item\":\"https:\/\/www.distribucionarc.com\/sl\/trgovina\/\"},{\"@type\":\"ListItem\",\"position\":3,\"name\":\"Atadora embutidos 42mm\"}]},{\"@type\":\"WebSite\",\"@id\":\"https:\/\/distribucionarc.com\/pl\/#website\",\"url\":\"https:\/\/distribucionarc.com\/pl\/\",\"name\":\"distribuci\u00f3n ARC\",\"description\":\"Empresa especializada en la fabricaci\u00f3n y distribuci\u00f3n de maquinaria industrial, selladoras de latas, Maquinas de hacer pastillas, Maquinas de cortar carne...\",\"publisher\":{\"@id\":\"https:\/\/distribucionarc.com\/pl\/#organization\"},\"potentialAction\":[{\"@type\":\"SearchAction\",\"target\":{\"@type\":\"EntryPoint\",\"urlTemplate\":\"https:\/\/distribucionarc.com\/pl\/?s={search_term_string}\"},\"query-input\":{\"@type\":\"PropertyValueSpecification\",\"valueRequired\":true,\"valueName\":\"search_term_string\"}}],\"inLanguage\":\"pt-PT\"},{\"@type\":\"Organization\",\"@id\":\"https:\/\/distribucionarc.com\/pl\/#organization\",\"name\":\"Distribuci\u00f3n ARC\",\"url\":\"https:\/\/distribucionarc.com\/pl\/\",\"logo\":{\"@type\":\"ImageObject\",\"inLanguage\":\"pt-PT\",\"@id\":\"https:\/\/distribucionarc.com\/pl\/#\/schema\/logo\/image\/\",\"url\":\"https:\/\/distribucionarc.com\/wp-content\/uploads\/2024\/10\/distribucion-ARC-COLOR-SIN-FONDO-e1732295305345.png\",\"contentUrl\":\"https:\/\/distribucionarc.com\/wp-content\/uploads\/2024\/10\/distribucion-ARC-COLOR-SIN-FONDO-e1732295305345.png\",\"width\":1164,\"height\":558,\"caption\":\"Distribuci\u00f3n ARC\"},\"image\":{\"@id\":\"https:\/\/distribucionarc.com\/pl\/#\/schema\/logo\/image\/\"},\"description\":\"Empresa especializada en la fabricaci\u00f3n y distribuci\u00f3n de maquinaria industrial para los sectores alimentario y farmac\u00e9utico. Nos especializamos en: M\u00e1quinas de cortar carne Fabricaci\u00f3n de comprimidos Sistemas de transporte industrial L\u00edneas de embotellado Dosificadores Y mucho m\u00e1s... Ofrecemos soluciones innovadoras y personalizadas para optimizar los procesos productivos de tu empresa.\",\"email\":\"Admistracion@distribucionarc.com\",\"telephone\":\"+34 643496664\",\"legalName\":\"ARC TECH SOLUTIONS\",\"foundingDate\":\"2024-04-09\",\"vatID\":\"B55480172\",\"numberOfEmployees\":{\"@type\":\"QuantitativeValue\",\"minValue\":\"1\",\"maxValue\":\"10\"}}]}<\/script>\n<!-- \/ Yoast SEO Premium plugin. -->","yoast_head_json":{"title":"Encadernadora de salsichas 42mm - distribui\u00e7\u00e3o ARC","robots":{"index":"index","follow":"follow","max-snippet":"max-snippet:-1","max-image-preview":"max-image-preview:large","max-video-preview":"max-video-preview:-1"},"canonical":"https:\/\/distribucionarc.com\/pt\/produto\/amarrar-linguicas-42mm\/","og_locale":"pt_PT","og_type":"article","og_title":"Atadora embutidos 42mm","og_description":"Atadora embutidos 42mm Esta\u00a0m\u00e1quina manual para el atado de salchichas y embutidos\u00a0ARC\u00a0est\u00e1 fabricada con materiales de alta calidad; acero inoxidable 304. Gracias a esta\u00a0atadora de salchichas\u00a0puede mejorar la producci\u00f3n de sus productos. Su dise\u00f1o compacto y peque\u00f1o le permite ahorrar as\u00ed costes reduciendo problemas innecesarios con dispositivos grandes. Est\u00e1 dise\u00f1ada para atar los embutidos de forma circular sin necesidad de cortar hilos, acelerando el proceso d\u00e1ndole a su producto un dise\u00f1o artesanal. Garant\u00eda\u00a0ARC 2 A\u00d1OS soporte t\u00e9cnico incluido","og_url":"https:\/\/distribucionarc.com\/pt\/produto\/amarrar-linguicas-42mm\/","og_site_name":"distribuci\u00f3n ARC","article_modified_time":"2020-10-10T14:13:37+00:00","og_image":[{"width":1600,"height":1600,"url":"https:\/\/distribucionarc.com\/wp-content\/uploads\/2020\/10\/Atadora-de-embutidos-manual-32mm-2.jpg","type":"image\/jpeg"}],"twitter_card":"summary_large_image","twitter_misc":{"Tempo estimado de leitura":"1 minuto"},"schema":{"@context":"https:\/\/schema.org","@graph":[{"@type":"WebPage","@id":"https:\/\/distribucionarc.com\/hr\/producto\/atadora-embutidos-42mm\/","url":"https:\/\/distribucionarc.com\/hr\/producto\/atadora-embutidos-42mm\/","name":"Encadernadora de salsichas 42mm - distribui\u00e7\u00e3o ARC","isPartOf":{"@id":"https:\/\/distribucionarc.com\/pl\/#website"},"primaryImageOfPage":{"@id":"https:\/\/distribucionarc.com\/hr\/producto\/atadora-embutidos-42mm\/#primaryimage"},"image":{"@id":"https:\/\/distribucionarc.com\/hr\/producto\/atadora-embutidos-42mm\/#primaryimage"},"thumbnailUrl":"https:\/\/distribucionarc.com\/wp-content\/uploads\/2020\/10\/Atadora-de-embutidos-manual-32mm-2.jpg","datePublished":"2020-10-10T14:02:33+00:00","dateModified":"2020-10-10T14:13:37+00:00","breadcrumb":{"@id":"https:\/\/distribucionarc.com\/hr\/producto\/atadora-embutidos-42mm\/#breadcrumb"},"inLanguage":"pt-PT","potentialAction":[{"@type":"ReadAction","target":["https:\/\/distribucionarc.com\/hr\/producto\/atadora-embutidos-42mm\/"]}]},{"@type":"ImageObject","inLanguage":"pt-PT","@id":"https:\/\/distribucionarc.com\/hr\/producto\/atadora-embutidos-42mm\/#primaryimage","url":"https:\/\/distribucionarc.com\/wp-content\/uploads\/2020\/10\/Atadora-de-embutidos-manual-32mm-2.jpg","contentUrl":"https:\/\/distribucionarc.com\/wp-content\/uploads\/2020\/10\/Atadora-de-embutidos-manual-32mm-2.jpg","width":1600,"height":1600,"caption":"Atadora embutidos 42mm"},{"@type":"BreadcrumbList","@id":"https:\/\/distribucionarc.com\/hr\/producto\/atadora-embutidos-42mm\/#breadcrumb","itemListElement":[{"@type":"ListItem","position":1,"name":"Portada","item":"https:\/\/www.distribucionarc.com\/tr\/"},{"@type":"ListItem","position":2,"name":"Izdelki","item":"https:\/\/www.distribucionarc.com\/sl\/trgovina\/"},{"@type":"ListItem","position":3,"name":"Atadora embutidos 42mm"}]},{"@type":"WebSite","@id":"https:\/\/distribucionarc.com\/pl\/#website","url":"https:\/\/distribucionarc.com\/pl\/","name":"Distribui\u00e7\u00e3o ARC","description":"Empresa especializada no fabrico e distribui\u00e7\u00e3o de m\u00e1quinas industriais, m\u00e1quinas de selar latas, m\u00e1quinas de fazer comprimidos, m\u00e1quinas de cortar carne...","publisher":{"@id":"https:\/\/distribucionarc.com\/pl\/#organization"},"potentialAction":[{"@type":"SearchAction","target":{"@type":"EntryPoint","urlTemplate":"https:\/\/distribucionarc.com\/pl\/?s={search_term_string}"},"query-input":{"@type":"PropertyValueSpecification","valueRequired":true,"valueName":"search_term_string"}}],"inLanguage":"pt-PT"},{"@type":"Organization","@id":"https:\/\/distribucionarc.com\/pl\/#organization","name":"Distribui\u00e7\u00e3o ARC","url":"https:\/\/distribucionarc.com\/pl\/","logo":{"@type":"ImageObject","inLanguage":"pt-PT","@id":"https:\/\/distribucionarc.com\/pl\/#\/schema\/logo\/image\/","url":"https:\/\/distribucionarc.com\/wp-content\/uploads\/2024\/10\/distribucion-ARC-COLOR-SIN-FONDO-e1732295305345.png","contentUrl":"https:\/\/distribucionarc.com\/wp-content\/uploads\/2024\/10\/distribucion-ARC-COLOR-SIN-FONDO-e1732295305345.png","width":1164,"height":558,"caption":"Distribuci\u00f3n ARC"},"image":{"@id":"https:\/\/distribucionarc.com\/pl\/#\/schema\/logo\/image\/"},"description":"Empresa especializada no fabrico e distribui\u00e7\u00e3o de m\u00e1quinas industriais para os sectores alimentar e farmac\u00eautico. Somos especializados em: M\u00e1quinas de cortar carne Fabrico de comprimidos Sistemas de transporte industrial Linhas de engarrafamento Dispensadores E muito mais... Oferecemos solu\u00e7\u00f5es inovadoras e personalizadas para otimizar os processos de produ\u00e7\u00e3o da sua empresa.","email":"Admistracion@distribucionarc.com","telephone":"+34 643496664","legalName":"ARC TECH SOLUTIONS","foundingDate":"2024-04-09","vatID":"B55480172","numberOfEmployees":{"@type":"QuantitativeValue","minValue":"1","maxValue":"10"}}]}},"_links":{"self":[{"href":"https:\/\/distribucionarc.com\/pt\/wp-json\/wp\/v2\/product\/3887","targetHints":{"allow":["GET"]}}],"collection":[{"href":"https:\/\/distribucionarc.com\/pt\/wp-json\/wp\/v2\/product"}],"about":[{"href":"https:\/\/distribucionarc.com\/pt\/wp-json\/wp\/v2\/types\/product"}],"replies":[{"embeddable":true,"href":"https:\/\/distribucionarc.com\/pt\/wp-json\/wp\/v2\/comments?post=3887"}],"version-history":[{"count":0,"href":"https:\/\/distribucionarc.com\/pt\/wp-json\/wp\/v2\/product\/3887\/revisions"}],"wp:featuredmedia":[{"embeddable":true,"href":"https:\/\/distribucionarc.com\/pt\/wp-json\/wp\/v2\/media\/3884"}],"wp:attachment":[{"href":"https:\/\/distribucionarc.com\/pt\/wp-json\/wp\/v2\/media?parent=3887"}],"wp:term":[{"taxonomy":"product_brand","embeddable":true,"href":"https:\/\/distribucionarc.com\/pt\/wp-json\/wp\/v2\/product_brand?post=3887"},{"taxonomy":"product_cat","embeddable":true,"href":"https:\/\/distribucionarc.com\/pt\/wp-json\/wp\/v2\/product_cat?post=3887"},{"taxonomy":"product_tag","embeddable":true,"href":"https:\/\/distribucionarc.com\/pt\/wp-json\/wp\/v2\/product_tag?post=3887"}],"curies":[{"name":"wp","href":"https:\/\/api.w.org\/{rel}","templated":true}]}}