{"id":4083,"date":"2020-11-10T21:10:29","date_gmt":"2020-11-10T21:10:29","guid":{"rendered":"https:\/\/distribucionarc.com\/?post_type=product&#038;p=4083"},"modified":"2021-01-26T09:22:00","modified_gmt":"2021-01-26T09:22:00","slug":"destilador-agua-alcool-20l","status":"publish","type":"product","link":"https:\/\/distribucionarc.com\/pt\/producto\/destilador-alcohol-de-agua-20l\/","title":{"rendered":"Destilador de \u00e1lcool de \u00e1gua 20L"},"content":{"rendered":"<h3>Destilador de \u00e1lcool de \u00e1gua 20L<\/h3>\n<p><span style=\"font-size: 16px;\"><br \/>\nEle <\/span><strong style=\"font-size: 16px;\">destilador de \u00e1lcool<\/strong><span style=\"font-size: 16px;\">\u00a0de\u00a0<\/span><strong style=\"font-size: 16px;\">ARCO<\/strong><span style=\"font-size: 16px;\">\u00a0\u00c9 adequado para destilar vinho de frutas, \u00e1gua, conhaque, extra\u00e7\u00e3o de plantas, etc. Recomendado para iniciantes e profissionais. Capaz de aplicar todos os tipos de m\u00e9todos de aquecimento.<\/span><\/p>\n<p>Ele\u00a0<strong>destilador de \u00e1lcool<\/strong>\u00a0<strong>ARCO<\/strong>\u00a0Possui grande capacidade de produ\u00e7\u00e3o para fabricar at\u00e9\u00a0<strong>20L<\/strong>\u00a0da mat\u00e9ria. O robusto\u00a0<strong>destilador<\/strong>\u00a0O a\u00e7o inoxid\u00e1vel dura anos. O fundo espesso permite todos os tipos de m\u00e9todos de aquecimento.<\/p>\n<p>O resfriamento de\u00a0<strong>destilador de \u00e1gua<\/strong>\u00a0\u00c9 do tipo aberto com design de cano duplo. As bobinas de cobre possuem uma grande \u00e1rea de contato com a \u00e1gua refrigerante, o que oferece uma\u00a0<strong>desempenho de resfriamento e manter uma temperatura bastante baixa do produto destilado<\/strong>. A \u00e1gua circulante entra pela entrada inferior e drena pela sa\u00edda superior. Tubos de silicone de qualidade alimentar flex\u00edveis e resistentes garantem um fluxo r\u00e1pido de \u00e1gua. A bomba de circula\u00e7\u00e3o de \u00e1gua adicional economiza \u00e1gua e proporciona mais produ\u00e7\u00e3o. O term\u00f4metro embutido na tampa do\u00a0<strong>destilador de \u00e1lcool<\/strong>\u00a0<strong>ARCDAF20<\/strong>\u00a0Permite f\u00e1cil monitoramento da temperatura durante o processo de destila\u00e7\u00e3o.<\/p>\n<p>Quatro ganchos r\u00e1pidos ajudam a selar firmemente o\u00a0<strong>kit de destila\u00e7\u00e3o<\/strong>, as al\u00e7as de eleva\u00e7\u00e3o fixadas na ca\u00e7amba mant\u00eam uma grande tens\u00e3o. Cont\u00e9m v\u00e1lvula de evacua\u00e7\u00e3o de ar unidirecional envolvida para aplica\u00e7\u00e3o no processo de fermenta\u00e7\u00e3o de gr\u00e3os.<\/p>\n<h6><\/h6>\n<h6><strong>Garantia ARC de 2 ANOS<\/strong><\/h6>\n<h6>Sistema de resfriamento r\u00e1pido<\/h6>\n<h6><strong>suporte t\u00e9cnico inclu\u00eddo<\/strong><\/h6>\n<p>&nbsp;<\/p>\n<p>&nbsp;<\/p>\n<table role=\"presentation\" width=\"100%\" cellspacing=\"0\" cellpadding=\"0\">\n<tbody>\n<tr>\n<td class=\"attrLabels\">Temperatura:<\/td>\n<td width=\"50.0%\">0-350\u00baC adaptabilidade ao calor<\/td>\n<\/tr>\n<tr>\n<td class=\"attrLabels\">Pa\u00eds de distribui\u00e7\u00e3o:<\/td>\n<td width=\"50.0%\">Espanha, Alemanha, EUA<\/td>\n<td class=\"attrLabels\">Peso:<\/td>\n<td width=\"50.0%\">9kg<\/td>\n<\/tr>\n<tr>\n<td class=\"attrLabels\">Marca:<\/td>\n<td width=\"50.0%\">ARCO<\/td>\n<td class=\"attrLabels\">Altura:<\/td>\n<td width=\"50.0%\">38cm<\/td>\n<\/tr>\n<tr>\n<td class=\"attrLabels\">Cor:<\/td>\n<td width=\"50.0%\">Prata<\/td>\n<td class=\"attrLabels\">Longo:<\/td>\n<td width=\"50.0%\">\u00a030cm<\/td>\n<\/tr>\n<tr>\n<td class=\"attrLabels\">Tipo de produto:<\/td>\n<td width=\"50.0%\">destilador de \u00e1lcool de \u00e1gua<\/td>\n<td class=\"attrLabels\">Largo:<\/td>\n<td width=\"50.0%\">30cm<\/td>\n<\/tr>\n<tr>\n<td class=\"attrLabels\">N\u00famero do fabricante:<\/td>\n<td width=\"50.0%\">ARCDAF20<\/td>\n<td class=\"attrLabels\">Tipo de a\u00e7o:<\/td>\n<td width=\"50.0%\">304<\/td>\n<\/tr>\n<tr>\n<td class=\"attrLabels\">Material:<\/td>\n<td width=\"50.0%\">a\u00e7o inoxid\u00e1vel, base especial, controle de press\u00e3o e temperatura<\/td>\n<td class=\"attrLabels\">Tipo de tampa:<\/td>\n<td width=\"50.0%\">Fechamento herm\u00e9tico, Ganchos de fechamento<\/td>\n<\/tr>\n<tr>\n<td class=\"attrLabels\">Tamanho do barril:<\/td>\n<td width=\"50.0%\">30x30cm<\/td>\n<td class=\"attrLabels\">Garantia:<\/td>\n<td width=\"50.0%\">2 ANOS<\/td>\n<\/tr>\n<tr>\n<td class=\"attrLabels\">Litros:<\/td>\n<td width=\"50.0%\">20L<\/td>\n<td class=\"attrLabels\">Ferramentas de instala\u00e7\u00e3o:<\/td>\n<td width=\"50.0%\">Sim<\/td>\n<\/tr>\n<\/tbody>\n<\/table>","protected":false},"excerpt":{"rendered":"<h2>Destilador de \u00e1lcool de \u00e1gua 20L<\/h2>\n<p>Esta panela de a\u00e7o inoxid\u00e1vel. Pode ser aquecido por fog\u00e3o de indu\u00e7\u00e3o, fog\u00e3o ou qualquer outra fonte de aquecimento.  O\u00a0<strong>ARCDAF20 <\/strong>Possui barris duplos para melhores resultados de destila\u00e7\u00e3o. Esse\u00a0<strong>destilador de \u00e1gua<\/strong>\u00a0Adota o m\u00e9todo de resfriamento do tipo aberto, as bobinas de cobre com r\u00e1pida condutividade t\u00e9rmica garantem um desempenho de resfriamento promissor junto com grande \u00e1rea de contato com o refrigerante, proporcionando temperatura bastante baixa do produto destilado. Ele\u00a0<strong>destilador de \u00e1lcool<\/strong>\u00a0de\u00a0<strong>ARCO<\/strong>\u00a0\u00c9 perfeito para adicionar sabores ao seu produto. Bomba de circula\u00e7\u00e3o de \u00e1gua acoplada para economizar \u00e1gua de resfriamento e proporcionar mais sabor.<\/p>\n<h6><strong>Garantia ARC de 2 ANOS<\/strong><\/h6>\n<h6>Sistema de resfriamento r\u00e1pido<\/h6>\n<h6><strong>suporte t\u00e9cnico inclu\u00eddo<\/strong><\/h6>","protected":false},"featured_media":4085,"comment_status":"open","ping_status":"closed","template":"","meta":{"wds_primary_product_brand":0,"wds_primary_product_cat":0},"product_brand":[],"product_cat":[54],"product_tag":[],"class_list":{"0":"post-4083","1":"product","2":"type-product","3":"status-publish","4":"has-post-thumbnail","6":"product_cat-maceracion-fermentacion","7":"product_shipping_class-hosteleria","9":"first","10":"instock","11":"sale","12":"taxable","13":"shipping-taxable","14":"purchasable","15":"product-type-simple"},"yoast_head":"<!-- This site is optimized with the Yoast SEO Premium plugin v24.9 (Yoast SEO v26.1) - https:\/\/yoast.com\/wordpress\/plugins\/seo\/ -->\n<title>Destilador alcohol de agua 20L - distribuci\u00f3n ARC<\/title>\n<meta name=\"robots\" content=\"index, follow, max-snippet:-1, max-image-preview:large, max-video-preview:-1\" \/>\n<link rel=\"canonical\" href=\"https:\/\/distribucionarc.com\/pt\/produto\/destilador-agua-alcool-20l\/\" \/>\n<meta property=\"og:locale\" content=\"pt_PT\" \/>\n<meta property=\"og:type\" content=\"article\" \/>\n<meta property=\"og:title\" content=\"Destilador alcohol de agua 20L\" \/>\n<meta property=\"og:description\" content=\"Destilador alcohol de agua 20L Esta olla de acero inox. se puede calentar por cocina de inducci\u00f3n, estufa o cualquier otra fuente de calefacci\u00f3n. \u00a0La\u00a0ARCDAF20 cuenta\u00a0 con barriles dobles para obtener mejores resultados de destilaci\u00f3n. Este\u00a0destilador de agua\u00a0adopta el m\u00e9todo de enfriamiento de tipo abierto, las bobinas de cobre con conductividad t\u00e9rmica r\u00e1pida aseguran un rendimiento de enfriamiento prometedor junto con una gran \u00e1rea de contacto con el refrigerante, proporcionando una temperatura bastante baja del producto destilado. El\u00a0destilador de alcohol\u00a0de\u00a0ARC\u00a0es el \u00a0perfecto para a\u00f1adir sabores a su producto, Bomba de agua circulante unida para ahorrar agua de refrigeraci\u00f3n y proporcionar m\u00e1s sabor. Garant\u00eda\u00a0ARC 2 A\u00d1OS Sistema de enfriado r\u00e1pido soporte t\u00e9cnico incluido\" \/>\n<meta property=\"og:url\" content=\"https:\/\/distribucionarc.com\/pt\/produto\/destilador-agua-alcool-20l\/\" \/>\n<meta property=\"og:site_name\" content=\"distribuci\u00f3n ARC\" \/>\n<meta property=\"article:modified_time\" content=\"2021-01-26T09:22:00+00:00\" \/>\n<meta property=\"og:image\" content=\"https:\/\/distribucionarc.com\/wp-content\/uploads\/2020\/11\/Destilador-alcohol-de-agua-20L-0.jpg\" \/>\n\t<meta property=\"og:image:width\" content=\"1000\" \/>\n\t<meta property=\"og:image:height\" content=\"1000\" \/>\n\t<meta property=\"og:image:type\" content=\"image\/jpeg\" \/>\n<meta name=\"twitter:card\" content=\"summary_large_image\" \/>\n<meta name=\"twitter:label1\" content=\"Tempo estimado de leitura\" \/>\n\t<meta name=\"twitter:data1\" content=\"2 minutos\" \/>\n<script type=\"application\/ld+json\" class=\"yoast-schema-graph\">{\"@context\":\"https:\/\/schema.org\",\"@graph\":[{\"@type\":\"WebPage\",\"@id\":\"https:\/\/distribucionarc.com\/it\/producto\/destilador-alcohol-de-agua-20l\/\",\"url\":\"https:\/\/distribucionarc.com\/it\/producto\/destilador-alcohol-de-agua-20l\/\",\"name\":\"Destilador alcohol de agua 20L - distribuci\u00f3n ARC\",\"isPartOf\":{\"@id\":\"https:\/\/distribucionarc.com\/de\/#website\"},\"primaryImageOfPage\":{\"@id\":\"https:\/\/distribucionarc.com\/it\/producto\/destilador-alcohol-de-agua-20l\/#primaryimage\"},\"image\":{\"@id\":\"https:\/\/distribucionarc.com\/it\/producto\/destilador-alcohol-de-agua-20l\/#primaryimage\"},\"thumbnailUrl\":\"https:\/\/distribucionarc.com\/wp-content\/uploads\/2020\/11\/Destilador-alcohol-de-agua-20L-0.jpg\",\"datePublished\":\"2020-11-10T21:10:29+00:00\",\"dateModified\":\"2021-01-26T09:22:00+00:00\",\"breadcrumb\":{\"@id\":\"https:\/\/distribucionarc.com\/it\/producto\/destilador-alcohol-de-agua-20l\/#breadcrumb\"},\"inLanguage\":\"pt-PT\",\"potentialAction\":[{\"@type\":\"ReadAction\",\"target\":[\"https:\/\/distribucionarc.com\/it\/producto\/destilador-alcohol-de-agua-20l\/\"]}]},{\"@type\":\"ImageObject\",\"inLanguage\":\"pt-PT\",\"@id\":\"https:\/\/distribucionarc.com\/it\/producto\/destilador-alcohol-de-agua-20l\/#primaryimage\",\"url\":\"https:\/\/distribucionarc.com\/wp-content\/uploads\/2020\/11\/Destilador-alcohol-de-agua-20L-0.jpg\",\"contentUrl\":\"https:\/\/distribucionarc.com\/wp-content\/uploads\/2020\/11\/Destilador-alcohol-de-agua-20L-0.jpg\",\"width\":1000,\"height\":1000,\"caption\":\"Destilador alcohol de agua 20L\"},{\"@type\":\"BreadcrumbList\",\"@id\":\"https:\/\/distribucionarc.com\/it\/producto\/destilador-alcohol-de-agua-20l\/#breadcrumb\",\"itemListElement\":[{\"@type\":\"ListItem\",\"position\":1,\"name\":\"Portada\",\"item\":\"https:\/\/distribucionarc.com\/pl\/\"},{\"@type\":\"ListItem\",\"position\":2,\"name\":\"Produkty\",\"item\":\"https:\/\/distribucionarc.com\/pl\/shop\/\"},{\"@type\":\"ListItem\",\"position\":3,\"name\":\"Destilador alcohol de agua 20L\"}]},{\"@type\":\"WebSite\",\"@id\":\"https:\/\/distribucionarc.com\/de\/#website\",\"url\":\"https:\/\/distribucionarc.com\/de\/\",\"name\":\"distribuci\u00f3n ARC\",\"description\":\"Empresa especializada en la fabricaci\u00f3n y distribuci\u00f3n de maquinaria industrial, selladoras de latas, Maquinas de hacer pastillas, Maquinas de cortar carne...\",\"publisher\":{\"@id\":\"https:\/\/distribucionarc.com\/de\/#organization\"},\"potentialAction\":[{\"@type\":\"SearchAction\",\"target\":{\"@type\":\"EntryPoint\",\"urlTemplate\":\"https:\/\/distribucionarc.com\/de\/?s={search_term_string}\"},\"query-input\":{\"@type\":\"PropertyValueSpecification\",\"valueRequired\":true,\"valueName\":\"search_term_string\"}}],\"inLanguage\":\"pt-PT\"},{\"@type\":\"Organization\",\"@id\":\"https:\/\/distribucionarc.com\/de\/#organization\",\"name\":\"Distribuci\u00f3n ARC\",\"url\":\"https:\/\/distribucionarc.com\/de\/\",\"logo\":{\"@type\":\"ImageObject\",\"inLanguage\":\"pt-PT\",\"@id\":\"https:\/\/distribucionarc.com\/de\/#\/schema\/logo\/image\/\",\"url\":\"https:\/\/distribucionarc.com\/wp-content\/uploads\/2024\/10\/distribucion-ARC-COLOR-SIN-FONDO-e1732295305345.png\",\"contentUrl\":\"https:\/\/distribucionarc.com\/wp-content\/uploads\/2024\/10\/distribucion-ARC-COLOR-SIN-FONDO-e1732295305345.png\",\"width\":1164,\"height\":558,\"caption\":\"Distribuci\u00f3n ARC\"},\"image\":{\"@id\":\"https:\/\/distribucionarc.com\/de\/#\/schema\/logo\/image\/\"},\"description\":\"Empresa especializada en la fabricaci\u00f3n y distribuci\u00f3n de maquinaria industrial para los sectores alimentario y farmac\u00e9utico. Nos especializamos en: M\u00e1quinas de cortar carne Fabricaci\u00f3n de comprimidos Sistemas de transporte industrial L\u00edneas de embotellado Dosificadores Y mucho m\u00e1s... Ofrecemos soluciones innovadoras y personalizadas para optimizar los procesos productivos de tu empresa.\",\"email\":\"Admistracion@distribucionarc.com\",\"telephone\":\"+34 643496664\",\"legalName\":\"ARC TECH SOLUTIONS\",\"foundingDate\":\"2024-04-09\",\"vatID\":\"B55480172\",\"numberOfEmployees\":{\"@type\":\"QuantitativeValue\",\"minValue\":\"1\",\"maxValue\":\"10\"}}]}<\/script>\n<!-- \/ Yoast SEO Premium plugin. -->","yoast_head_json":{"title":"Destilador de \u00e1gua e \u00e1lcool 20L - distribui\u00e7\u00e3o ARC","robots":{"index":"index","follow":"follow","max-snippet":"max-snippet:-1","max-image-preview":"max-image-preview:large","max-video-preview":"max-video-preview:-1"},"canonical":"https:\/\/distribucionarc.com\/pt\/produto\/destilador-agua-alcool-20l\/","og_locale":"pt_PT","og_type":"article","og_title":"Destilador alcohol de agua 20L","og_description":"Destilador alcohol de agua 20L Esta olla de acero inox. se puede calentar por cocina de inducci\u00f3n, estufa o cualquier otra fuente de calefacci\u00f3n. \u00a0La\u00a0ARCDAF20 cuenta\u00a0 con barriles dobles para obtener mejores resultados de destilaci\u00f3n. Este\u00a0destilador de agua\u00a0adopta el m\u00e9todo de enfriamiento de tipo abierto, las bobinas de cobre con conductividad t\u00e9rmica r\u00e1pida aseguran un rendimiento de enfriamiento prometedor junto con una gran \u00e1rea de contacto con el refrigerante, proporcionando una temperatura bastante baja del producto destilado. El\u00a0destilador de alcohol\u00a0de\u00a0ARC\u00a0es el \u00a0perfecto para a\u00f1adir sabores a su producto, Bomba de agua circulante unida para ahorrar agua de refrigeraci\u00f3n y proporcionar m\u00e1s sabor. Garant\u00eda\u00a0ARC 2 A\u00d1OS Sistema de enfriado r\u00e1pido soporte t\u00e9cnico incluido","og_url":"https:\/\/distribucionarc.com\/pt\/produto\/destilador-agua-alcool-20l\/","og_site_name":"distribuci\u00f3n ARC","article_modified_time":"2021-01-26T09:22:00+00:00","og_image":[{"width":1000,"height":1000,"url":"https:\/\/distribucionarc.com\/wp-content\/uploads\/2020\/11\/Destilador-alcohol-de-agua-20L-0.jpg","type":"image\/jpeg"}],"twitter_card":"summary_large_image","twitter_misc":{"Tempo estimado de leitura":"2 minutos"},"schema":{"@context":"https:\/\/schema.org","@graph":[{"@type":"WebPage","@id":"https:\/\/distribucionarc.com\/it\/producto\/destilador-alcohol-de-agua-20l\/","url":"https:\/\/distribucionarc.com\/it\/producto\/destilador-alcohol-de-agua-20l\/","name":"Destilador de \u00e1gua e \u00e1lcool 20L - distribui\u00e7\u00e3o ARC","isPartOf":{"@id":"https:\/\/distribucionarc.com\/de\/#website"},"primaryImageOfPage":{"@id":"https:\/\/distribucionarc.com\/it\/producto\/destilador-alcohol-de-agua-20l\/#primaryimage"},"image":{"@id":"https:\/\/distribucionarc.com\/it\/producto\/destilador-alcohol-de-agua-20l\/#primaryimage"},"thumbnailUrl":"https:\/\/distribucionarc.com\/wp-content\/uploads\/2020\/11\/Destilador-alcohol-de-agua-20L-0.jpg","datePublished":"2020-11-10T21:10:29+00:00","dateModified":"2021-01-26T09:22:00+00:00","breadcrumb":{"@id":"https:\/\/distribucionarc.com\/it\/producto\/destilador-alcohol-de-agua-20l\/#breadcrumb"},"inLanguage":"pt-PT","potentialAction":[{"@type":"ReadAction","target":["https:\/\/distribucionarc.com\/it\/producto\/destilador-alcohol-de-agua-20l\/"]}]},{"@type":"ImageObject","inLanguage":"pt-PT","@id":"https:\/\/distribucionarc.com\/it\/producto\/destilador-alcohol-de-agua-20l\/#primaryimage","url":"https:\/\/distribucionarc.com\/wp-content\/uploads\/2020\/11\/Destilador-alcohol-de-agua-20L-0.jpg","contentUrl":"https:\/\/distribucionarc.com\/wp-content\/uploads\/2020\/11\/Destilador-alcohol-de-agua-20L-0.jpg","width":1000,"height":1000,"caption":"Destilador alcohol de agua 20L"},{"@type":"BreadcrumbList","@id":"https:\/\/distribucionarc.com\/it\/producto\/destilador-alcohol-de-agua-20l\/#breadcrumb","itemListElement":[{"@type":"ListItem","position":1,"name":"Portada","item":"https:\/\/distribucionarc.com\/pl\/"},{"@type":"ListItem","position":2,"name":"Produkty","item":"https:\/\/distribucionarc.com\/pl\/shop\/"},{"@type":"ListItem","position":3,"name":"Destilador alcohol de agua 20L"}]},{"@type":"WebSite","@id":"https:\/\/distribucionarc.com\/de\/#website","url":"https:\/\/distribucionarc.com\/de\/","name":"Distribui\u00e7\u00e3o ARC","description":"Empresa especializada no fabrico e distribui\u00e7\u00e3o de m\u00e1quinas industriais, m\u00e1quinas de selar latas, m\u00e1quinas de fazer comprimidos, m\u00e1quinas de cortar carne...","publisher":{"@id":"https:\/\/distribucionarc.com\/de\/#organization"},"potentialAction":[{"@type":"SearchAction","target":{"@type":"EntryPoint","urlTemplate":"https:\/\/distribucionarc.com\/de\/?s={search_term_string}"},"query-input":{"@type":"PropertyValueSpecification","valueRequired":true,"valueName":"search_term_string"}}],"inLanguage":"pt-PT"},{"@type":"Organization","@id":"https:\/\/distribucionarc.com\/de\/#organization","name":"Distribui\u00e7\u00e3o ARC","url":"https:\/\/distribucionarc.com\/de\/","logo":{"@type":"ImageObject","inLanguage":"pt-PT","@id":"https:\/\/distribucionarc.com\/de\/#\/schema\/logo\/image\/","url":"https:\/\/distribucionarc.com\/wp-content\/uploads\/2024\/10\/distribucion-ARC-COLOR-SIN-FONDO-e1732295305345.png","contentUrl":"https:\/\/distribucionarc.com\/wp-content\/uploads\/2024\/10\/distribucion-ARC-COLOR-SIN-FONDO-e1732295305345.png","width":1164,"height":558,"caption":"Distribuci\u00f3n ARC"},"image":{"@id":"https:\/\/distribucionarc.com\/de\/#\/schema\/logo\/image\/"},"description":"Empresa especializada no fabrico e distribui\u00e7\u00e3o de m\u00e1quinas industriais para os sectores alimentar e farmac\u00eautico. Somos especializados em: M\u00e1quinas de cortar carne Fabrico de comprimidos Sistemas de transporte industrial Linhas de engarrafamento Dispensadores E muito mais... Oferecemos solu\u00e7\u00f5es inovadoras e personalizadas para otimizar os processos de produ\u00e7\u00e3o da sua empresa.","email":"Admistracion@distribucionarc.com","telephone":"+34 643496664","legalName":"ARC TECH SOLUTIONS","foundingDate":"2024-04-09","vatID":"B55480172","numberOfEmployees":{"@type":"QuantitativeValue","minValue":"1","maxValue":"10"}}]}},"_links":{"self":[{"href":"https:\/\/distribucionarc.com\/pt\/wp-json\/wp\/v2\/product\/4083","targetHints":{"allow":["GET"]}}],"collection":[{"href":"https:\/\/distribucionarc.com\/pt\/wp-json\/wp\/v2\/product"}],"about":[{"href":"https:\/\/distribucionarc.com\/pt\/wp-json\/wp\/v2\/types\/product"}],"replies":[{"embeddable":true,"href":"https:\/\/distribucionarc.com\/pt\/wp-json\/wp\/v2\/comments?post=4083"}],"version-history":[{"count":0,"href":"https:\/\/distribucionarc.com\/pt\/wp-json\/wp\/v2\/product\/4083\/revisions"}],"wp:featuredmedia":[{"embeddable":true,"href":"https:\/\/distribucionarc.com\/pt\/wp-json\/wp\/v2\/media\/4085"}],"wp:attachment":[{"href":"https:\/\/distribucionarc.com\/pt\/wp-json\/wp\/v2\/media?parent=4083"}],"wp:term":[{"taxonomy":"product_brand","embeddable":true,"href":"https:\/\/distribucionarc.com\/pt\/wp-json\/wp\/v2\/product_brand?post=4083"},{"taxonomy":"product_cat","embeddable":true,"href":"https:\/\/distribucionarc.com\/pt\/wp-json\/wp\/v2\/product_cat?post=4083"},{"taxonomy":"product_tag","embeddable":true,"href":"https:\/\/distribucionarc.com\/pt\/wp-json\/wp\/v2\/product_tag?post=4083"}],"curies":[{"name":"wp","href":"https:\/\/api.w.org\/{rel}","templated":true}]}}