{"id":4099,"date":"2020-11-18T13:53:14","date_gmt":"2020-11-18T13:53:14","guid":{"rendered":"https:\/\/distribucionarc.com\/?post_type=product&#038;p=4099"},"modified":"2021-01-26T09:22:51","modified_gmt":"2021-01-26T09:22:51","slug":"gravadora-a-laser-cnc","status":"publish","type":"product","link":"https:\/\/distribucionarc.com\/pt\/producto\/grabador-laser-cnc\/","title":{"rendered":"Gravador a laser CNC"},"content":{"rendered":"<h3>Gravador, marcador a laser CNC para madeira, PVC, PCB, metal<\/h3>\n<p>Ele\u00a0<b>marcador a laser\u00a0<span style=\"color: #ff0000;\">PARA<\/span><span style=\"color: #0000ff;\">R<\/span>c<\/b>\u00a0\u00c9 uma m\u00e1quina que incorpora a mais recente tecnologia e os melhores materiais em alum\u00ednio e acr\u00edlico, incorpora um software simples, f\u00e1cil de usar e com atualiza\u00e7\u00f5es gratuitas para sempre.<\/p>\n<p>A altura da grava\u00e7\u00e3o \u00e9 ilimitada e pode ser colocada diretamente em cima para trabalhar mais pr\u00f3ximo do metal, o\u00a0<strong>m\u00e1quina de grava\u00e7\u00e3o\u00a0<span style=\"color: #ff0000;\">PARA<\/span><span style=\"color: #0000ff;\">R<\/span>CMGLA1<\/strong>\u00a0\u00c9 multifuncional com uma variedade de metais e a\u00e7os.<\/p>\n<p>Se voc\u00ea \u00e9 apaixonado por arte, esta m\u00e1quina lhe oferecer\u00e1 uma \u00f3tima maneira de repetir processos e fazer coisas que nenhuma ferramenta manual jamais permitiu.<\/p>\n<h6><strong>Garantia\u00a0<span style=\"color: #ff0000;\">PARA<\/span><span style=\"color: #0000ff;\">R<\/span>C 2 ANOS<\/strong><\/h6>\n<h6><span style=\"color: #008000;\">Gravador a laser eficiente, fonte de alimenta\u00e7\u00e3o 12V 5A<\/span><\/h6>\n<h6><strong>suporte t\u00e9cnico inclu\u00eddo<\/strong><\/h6>\n<p>&nbsp;<\/p>\n<p>&nbsp;<\/p>\n<hr \/>\n<p>\u00c1rea de trabalho: 30x18x4,5cm.<\/p>\n<p>Tamanho do quadro: 33x40x24CM<\/p>\n<p>Fuso: motor de fuso 775 (12-36V) 24V: 10000r\/min<\/p>\n<p>Pin\u00e7a do eixo: ER11<\/p>\n<p>Motor de passo: Nema17 de passo, torque 0,3N\/M, 1,3A<\/p>\n<p>Fonte de alimenta\u00e7\u00e3o: AC110-240V<\/p>\n<p>Programas: driver GRBL<\/p>\n<p>Sistema de suporte: Windows XP\/Win 7\/Win 8\/Win 10<\/p>\n<p>Brocas: ponta de 0,1 mm, 20 graus, di\u00e2metro 3,175 mm.<\/p>\n<p>Laser: suporte 500mw 405nm, 12v\/2500mw 450nm, 12v\/5500mw 450nm, 12v.<\/p>","protected":false},"excerpt":{"rendered":"<h2>Gravador, marcador a laser CNC para madeira, PVC, PCB, metal<\/h2>\n<p>Esta m\u00e1quina<strong> marca\u00e7\u00e3o a laser\u00a0<span style=\"color: #ff0000;\">PARA<\/span><span style=\"color: #0000ff;\">R<\/span>c<\/strong> para DIY \u00e9 ideal para grava\u00e7\u00e3o a laser com impress\u00e3o em escala de cinza, posicionamento com pouca luz e fun\u00e7\u00f5es de posicionamento livre. Esta mini m\u00e1quina \u00e9 perfeita para artistas, profissionais e artes\u00e3os. Voc\u00ea s\u00f3 precisa conect\u00e1-lo ao computador e depois poder\u00e1 imprimir qualquer imagem que desejar com sua criatividade.<\/p>\n<h6><strong>Garantia\u00a0<span style=\"color: #ff0000;\">PARA<\/span><span style=\"color: #0000ff;\">R<\/span>C 2 ANOS<\/strong><\/h6>\n<h6><span style=\"color: #008000;\">Gravador a laser eficiente, fonte de alimenta\u00e7\u00e3o 12V 5A<\/span><\/h6>\n<h6><strong>suporte t\u00e9cnico inclu\u00eddo<\/strong><\/h6>\n<p>&nbsp;<\/p>","protected":false},"featured_media":4106,"comment_status":"open","ping_status":"closed","template":"","meta":{"wds_primary_product_brand":0,"wds_primary_product_cat":0},"product_brand":[],"product_cat":[69,70],"product_tag":[],"class_list":{"0":"post-4099","1":"product","2":"type-product","3":"status-publish","4":"has-post-thumbnail","6":"product_cat-maquinas-variadas","7":"product_cat-talladoras-marcadoras-de-metal-grabadoras-laser","8":"product_shipping_class-hosteleria","10":"first","11":"instock","12":"sale","13":"taxable","14":"shipping-taxable","15":"purchasable","16":"product-type-simple"},"yoast_head":"<!-- This site is optimized with the Yoast SEO Premium plugin v24.9 (Yoast SEO v26.1) - https:\/\/yoast.com\/wordpress\/plugins\/seo\/ -->\n<title>Grabador l\u00e1ser CNC - distribuci\u00f3n ARC<\/title>\n<meta name=\"robots\" content=\"index, follow, max-snippet:-1, max-image-preview:large, max-video-preview:-1\" \/>\n<link rel=\"canonical\" href=\"https:\/\/distribucionarc.com\/pt\/produto\/gravadora-a-laser-cnc\/\" \/>\n<meta property=\"og:locale\" content=\"pt_PT\" \/>\n<meta property=\"og:type\" content=\"article\" \/>\n<meta property=\"og:title\" content=\"Grabador l\u00e1ser CNC\" \/>\n<meta property=\"og:description\" content=\"Grabador, marcador l\u00e1ser CNC para madera, PVC, PCB, metal Esta\u00a0m\u00e1quina de marcado l\u00e1ser\u00a0ARC para bricolaje es ideal para el uso de grabado l\u00e1ser con funciones de impresi\u00f3n en escala de grises, posicionamiento con poca luz y posicionamiento de libertad. Esta mini m\u00e1quina es perfecta para artistas, profesionales y artesanos. Solo necesita conectarlo al ordenador, y luego puede imprimir cualquier imagen que desee con su propia creatividad. Garant\u00eda\u00a0ARC 2 A\u00d1OS Grabador l\u00e1ser eficiente, fuente alimentacion\u00a0 12V 5A soporte t\u00e9cnico incluido &nbsp;\" \/>\n<meta property=\"og:url\" content=\"https:\/\/distribucionarc.com\/pt\/produto\/gravadora-a-laser-cnc\/\" \/>\n<meta property=\"og:site_name\" content=\"distribuci\u00f3n ARC\" \/>\n<meta property=\"article:modified_time\" content=\"2021-01-26T09:22:51+00:00\" \/>\n<meta property=\"og:image\" content=\"https:\/\/distribucionarc.com\/wp-content\/uploads\/2020\/11\/Grabador-l\u00e1ser-CNC-5.jpg\" \/>\n\t<meta property=\"og:image:width\" content=\"980\" \/>\n\t<meta property=\"og:image:height\" content=\"964\" \/>\n\t<meta property=\"og:image:type\" content=\"image\/jpeg\" \/>\n<meta name=\"twitter:card\" content=\"summary_large_image\" \/>\n<meta name=\"twitter:label1\" content=\"Tempo estimado de leitura\" \/>\n\t<meta name=\"twitter:data1\" content=\"1 minuto\" \/>\n<script type=\"application\/ld+json\" class=\"yoast-schema-graph\">{\"@context\":\"https:\/\/schema.org\",\"@graph\":[{\"@type\":\"WebPage\",\"@id\":\"https:\/\/distribucionarc.com\/lt\/producto\/grabador-laser-cnc\/\",\"url\":\"https:\/\/distribucionarc.com\/lt\/producto\/grabador-laser-cnc\/\",\"name\":\"Grabador l\u00e1ser CNC - distribuci\u00f3n ARC\",\"isPartOf\":{\"@id\":\"https:\/\/distribucionarc.com\/de\/#website\"},\"primaryImageOfPage\":{\"@id\":\"https:\/\/distribucionarc.com\/lt\/producto\/grabador-laser-cnc\/#primaryimage\"},\"image\":{\"@id\":\"https:\/\/distribucionarc.com\/lt\/producto\/grabador-laser-cnc\/#primaryimage\"},\"thumbnailUrl\":\"https:\/\/distribucionarc.com\/wp-content\/uploads\/2020\/11\/Grabador-l\u00e1ser-CNC-5.jpg\",\"datePublished\":\"2020-11-18T13:53:14+00:00\",\"dateModified\":\"2021-01-26T09:22:51+00:00\",\"breadcrumb\":{\"@id\":\"https:\/\/distribucionarc.com\/lt\/producto\/grabador-laser-cnc\/#breadcrumb\"},\"inLanguage\":\"pt-PT\",\"potentialAction\":[{\"@type\":\"ReadAction\",\"target\":[\"https:\/\/distribucionarc.com\/lt\/producto\/grabador-laser-cnc\/\"]}]},{\"@type\":\"ImageObject\",\"inLanguage\":\"pt-PT\",\"@id\":\"https:\/\/distribucionarc.com\/lt\/producto\/grabador-laser-cnc\/#primaryimage\",\"url\":\"https:\/\/distribucionarc.com\/wp-content\/uploads\/2020\/11\/Grabador-l\u00e1ser-CNC-5.jpg\",\"contentUrl\":\"https:\/\/distribucionarc.com\/wp-content\/uploads\/2020\/11\/Grabador-l\u00e1ser-CNC-5.jpg\",\"width\":980,\"height\":964,\"caption\":\"Grabador l\u00e1ser CNC\"},{\"@type\":\"BreadcrumbList\",\"@id\":\"https:\/\/distribucionarc.com\/lt\/producto\/grabador-laser-cnc\/#breadcrumb\",\"itemListElement\":[{\"@type\":\"ListItem\",\"position\":1,\"name\":\"Portada\",\"item\":\"https:\/\/distribucionarc.com\/pl\/\"},{\"@type\":\"ListItem\",\"position\":2,\"name\":\"Produkty\",\"item\":\"https:\/\/distribucionarc.com\/pl\/shop\/\"},{\"@type\":\"ListItem\",\"position\":3,\"name\":\"Grabador l\u00e1ser CNC\"}]},{\"@type\":\"WebSite\",\"@id\":\"https:\/\/distribucionarc.com\/de\/#website\",\"url\":\"https:\/\/distribucionarc.com\/de\/\",\"name\":\"distribuci\u00f3n ARC\",\"description\":\"Empresa especializada en la fabricaci\u00f3n y distribuci\u00f3n de maquinaria industrial, selladoras de latas, Maquinas de hacer pastillas, Maquinas de cortar carne...\",\"publisher\":{\"@id\":\"https:\/\/distribucionarc.com\/de\/#organization\"},\"potentialAction\":[{\"@type\":\"SearchAction\",\"target\":{\"@type\":\"EntryPoint\",\"urlTemplate\":\"https:\/\/distribucionarc.com\/de\/?s={search_term_string}\"},\"query-input\":{\"@type\":\"PropertyValueSpecification\",\"valueRequired\":true,\"valueName\":\"search_term_string\"}}],\"inLanguage\":\"pt-PT\"},{\"@type\":\"Organization\",\"@id\":\"https:\/\/distribucionarc.com\/de\/#organization\",\"name\":\"Distribuci\u00f3n ARC\",\"url\":\"https:\/\/distribucionarc.com\/de\/\",\"logo\":{\"@type\":\"ImageObject\",\"inLanguage\":\"pt-PT\",\"@id\":\"https:\/\/distribucionarc.com\/de\/#\/schema\/logo\/image\/\",\"url\":\"https:\/\/distribucionarc.com\/wp-content\/uploads\/2024\/10\/distribucion-ARC-COLOR-SIN-FONDO-e1732295305345.png\",\"contentUrl\":\"https:\/\/distribucionarc.com\/wp-content\/uploads\/2024\/10\/distribucion-ARC-COLOR-SIN-FONDO-e1732295305345.png\",\"width\":1164,\"height\":558,\"caption\":\"Distribuci\u00f3n ARC\"},\"image\":{\"@id\":\"https:\/\/distribucionarc.com\/de\/#\/schema\/logo\/image\/\"},\"description\":\"Empresa especializada en la fabricaci\u00f3n y distribuci\u00f3n de maquinaria industrial para los sectores alimentario y farmac\u00e9utico. Nos especializamos en: M\u00e1quinas de cortar carne Fabricaci\u00f3n de comprimidos Sistemas de transporte industrial L\u00edneas de embotellado Dosificadores Y mucho m\u00e1s... Ofrecemos soluciones innovadoras y personalizadas para optimizar los procesos productivos de tu empresa.\",\"email\":\"Admistracion@distribucionarc.com\",\"telephone\":\"+34 643496664\",\"legalName\":\"ARC TECH SOLUTIONS\",\"foundingDate\":\"2024-04-09\",\"vatID\":\"B55480172\",\"numberOfEmployees\":{\"@type\":\"QuantitativeValue\",\"minValue\":\"1\",\"maxValue\":\"10\"}}]}<\/script>\n<!-- \/ Yoast SEO Premium plugin. -->","yoast_head_json":{"title":"Gravador a laser CNC - distribui\u00e7\u00e3o ARC","robots":{"index":"index","follow":"follow","max-snippet":"max-snippet:-1","max-image-preview":"max-image-preview:large","max-video-preview":"max-video-preview:-1"},"canonical":"https:\/\/distribucionarc.com\/pt\/produto\/gravadora-a-laser-cnc\/","og_locale":"pt_PT","og_type":"article","og_title":"Grabador l\u00e1ser CNC","og_description":"Grabador, marcador l\u00e1ser CNC para madera, PVC, PCB, metal Esta\u00a0m\u00e1quina de marcado l\u00e1ser\u00a0ARC para bricolaje es ideal para el uso de grabado l\u00e1ser con funciones de impresi\u00f3n en escala de grises, posicionamiento con poca luz y posicionamiento de libertad. Esta mini m\u00e1quina es perfecta para artistas, profesionales y artesanos. Solo necesita conectarlo al ordenador, y luego puede imprimir cualquier imagen que desee con su propia creatividad. Garant\u00eda\u00a0ARC 2 A\u00d1OS Grabador l\u00e1ser eficiente, fuente alimentacion\u00a0 12V 5A soporte t\u00e9cnico incluido &nbsp;","og_url":"https:\/\/distribucionarc.com\/pt\/produto\/gravadora-a-laser-cnc\/","og_site_name":"distribuci\u00f3n ARC","article_modified_time":"2021-01-26T09:22:51+00:00","og_image":[{"width":980,"height":964,"url":"https:\/\/distribucionarc.com\/wp-content\/uploads\/2020\/11\/Grabador-l\u00e1ser-CNC-5.jpg","type":"image\/jpeg"}],"twitter_card":"summary_large_image","twitter_misc":{"Tempo estimado de leitura":"1 minuto"},"schema":{"@context":"https:\/\/schema.org","@graph":[{"@type":"WebPage","@id":"https:\/\/distribucionarc.com\/lt\/producto\/grabador-laser-cnc\/","url":"https:\/\/distribucionarc.com\/lt\/producto\/grabador-laser-cnc\/","name":"Gravador a laser CNC - distribui\u00e7\u00e3o ARC","isPartOf":{"@id":"https:\/\/distribucionarc.com\/de\/#website"},"primaryImageOfPage":{"@id":"https:\/\/distribucionarc.com\/lt\/producto\/grabador-laser-cnc\/#primaryimage"},"image":{"@id":"https:\/\/distribucionarc.com\/lt\/producto\/grabador-laser-cnc\/#primaryimage"},"thumbnailUrl":"https:\/\/distribucionarc.com\/wp-content\/uploads\/2020\/11\/Grabador-l\u00e1ser-CNC-5.jpg","datePublished":"2020-11-18T13:53:14+00:00","dateModified":"2021-01-26T09:22:51+00:00","breadcrumb":{"@id":"https:\/\/distribucionarc.com\/lt\/producto\/grabador-laser-cnc\/#breadcrumb"},"inLanguage":"pt-PT","potentialAction":[{"@type":"ReadAction","target":["https:\/\/distribucionarc.com\/lt\/producto\/grabador-laser-cnc\/"]}]},{"@type":"ImageObject","inLanguage":"pt-PT","@id":"https:\/\/distribucionarc.com\/lt\/producto\/grabador-laser-cnc\/#primaryimage","url":"https:\/\/distribucionarc.com\/wp-content\/uploads\/2020\/11\/Grabador-l\u00e1ser-CNC-5.jpg","contentUrl":"https:\/\/distribucionarc.com\/wp-content\/uploads\/2020\/11\/Grabador-l\u00e1ser-CNC-5.jpg","width":980,"height":964,"caption":"Grabador l\u00e1ser CNC"},{"@type":"BreadcrumbList","@id":"https:\/\/distribucionarc.com\/lt\/producto\/grabador-laser-cnc\/#breadcrumb","itemListElement":[{"@type":"ListItem","position":1,"name":"Portada","item":"https:\/\/distribucionarc.com\/pl\/"},{"@type":"ListItem","position":2,"name":"Produkty","item":"https:\/\/distribucionarc.com\/pl\/shop\/"},{"@type":"ListItem","position":3,"name":"Grabador l\u00e1ser CNC"}]},{"@type":"WebSite","@id":"https:\/\/distribucionarc.com\/de\/#website","url":"https:\/\/distribucionarc.com\/de\/","name":"Distribui\u00e7\u00e3o ARC","description":"Empresa especializada no fabrico e distribui\u00e7\u00e3o de m\u00e1quinas industriais, m\u00e1quinas de selar latas, m\u00e1quinas de fazer comprimidos, m\u00e1quinas de cortar carne...","publisher":{"@id":"https:\/\/distribucionarc.com\/de\/#organization"},"potentialAction":[{"@type":"SearchAction","target":{"@type":"EntryPoint","urlTemplate":"https:\/\/distribucionarc.com\/de\/?s={search_term_string}"},"query-input":{"@type":"PropertyValueSpecification","valueRequired":true,"valueName":"search_term_string"}}],"inLanguage":"pt-PT"},{"@type":"Organization","@id":"https:\/\/distribucionarc.com\/de\/#organization","name":"Distribui\u00e7\u00e3o ARC","url":"https:\/\/distribucionarc.com\/de\/","logo":{"@type":"ImageObject","inLanguage":"pt-PT","@id":"https:\/\/distribucionarc.com\/de\/#\/schema\/logo\/image\/","url":"https:\/\/distribucionarc.com\/wp-content\/uploads\/2024\/10\/distribucion-ARC-COLOR-SIN-FONDO-e1732295305345.png","contentUrl":"https:\/\/distribucionarc.com\/wp-content\/uploads\/2024\/10\/distribucion-ARC-COLOR-SIN-FONDO-e1732295305345.png","width":1164,"height":558,"caption":"Distribuci\u00f3n ARC"},"image":{"@id":"https:\/\/distribucionarc.com\/de\/#\/schema\/logo\/image\/"},"description":"Empresa especializada no fabrico e distribui\u00e7\u00e3o de m\u00e1quinas industriais para os sectores alimentar e farmac\u00eautico. Somos especializados em: M\u00e1quinas de cortar carne Fabrico de comprimidos Sistemas de transporte industrial Linhas de engarrafamento Dispensadores E muito mais... Oferecemos solu\u00e7\u00f5es inovadoras e personalizadas para otimizar os processos de produ\u00e7\u00e3o da sua empresa.","email":"Admistracion@distribucionarc.com","telephone":"+34 643496664","legalName":"ARC TECH SOLUTIONS","foundingDate":"2024-04-09","vatID":"B55480172","numberOfEmployees":{"@type":"QuantitativeValue","minValue":"1","maxValue":"10"}}]}},"_links":{"self":[{"href":"https:\/\/distribucionarc.com\/pt\/wp-json\/wp\/v2\/product\/4099","targetHints":{"allow":["GET"]}}],"collection":[{"href":"https:\/\/distribucionarc.com\/pt\/wp-json\/wp\/v2\/product"}],"about":[{"href":"https:\/\/distribucionarc.com\/pt\/wp-json\/wp\/v2\/types\/product"}],"replies":[{"embeddable":true,"href":"https:\/\/distribucionarc.com\/pt\/wp-json\/wp\/v2\/comments?post=4099"}],"version-history":[{"count":0,"href":"https:\/\/distribucionarc.com\/pt\/wp-json\/wp\/v2\/product\/4099\/revisions"}],"wp:featuredmedia":[{"embeddable":true,"href":"https:\/\/distribucionarc.com\/pt\/wp-json\/wp\/v2\/media\/4106"}],"wp:attachment":[{"href":"https:\/\/distribucionarc.com\/pt\/wp-json\/wp\/v2\/media?parent=4099"}],"wp:term":[{"taxonomy":"product_brand","embeddable":true,"href":"https:\/\/distribucionarc.com\/pt\/wp-json\/wp\/v2\/product_brand?post=4099"},{"taxonomy":"product_cat","embeddable":true,"href":"https:\/\/distribucionarc.com\/pt\/wp-json\/wp\/v2\/product_cat?post=4099"},{"taxonomy":"product_tag","embeddable":true,"href":"https:\/\/distribucionarc.com\/pt\/wp-json\/wp\/v2\/product_tag?post=4099"}],"curies":[{"name":"wp","href":"https:\/\/api.w.org\/{rel}","templated":true}]}}