{"id":4288,"date":"2021-01-27T14:37:58","date_gmt":"2021-01-27T14:37:58","guid":{"rendered":"https:\/\/distribucionarc.com\/?post_type=product&#038;p=4288"},"modified":"2023-02-24T13:39:13","modified_gmt":"2023-02-24T13:39:13","slug":"lotter-de-impressao-termica","status":"publish","type":"product","link":"https:\/\/distribucionarc.com\/pt\/producto\/loteadora-de-impresion-termica\/","title":{"rendered":"M\u00e1quina de impress\u00e3o t\u00e9rmica\u00a0"},"content":{"rendered":"<h3>M\u00e1quina de impress\u00e3o t\u00e9rmica<\/h3>\n<p>O layout e o layout do teclado deste<strong> impressora t\u00e9rmica de lote<\/strong> S\u00e3o f\u00e1ceis de usar, a opera\u00e7\u00e3o simples e intuitiva facilita o processo para voc\u00ea. O <strong>m\u00e1quina de lote de impress\u00e3o <span style=\"color: #ff0000;\">PARA<\/span><span style=\"color: #0000ff;\">R<\/span>CLIT100<\/strong> Possui um painel de controle simples onde voc\u00ea pode ajustar a temperatura e a velocidade conforme necess\u00e1rio. Adequado para fitas de baixa, m\u00e9dia e alta temperatura.<\/p>\n<p>A fita de tinta de estampagem a quente possui um motor premium de alta qualidade, que fornece sa\u00edda est\u00e1vel e opera\u00e7\u00e3o confi\u00e1vel para garantir a durabilidade do <strong>m\u00e1quina dosadora t\u00e9rmica<\/strong>. A cabe\u00e7a de impress\u00e3o totalmente em cobre deste <strong>marcador de c\u00f3digo<\/strong> Pode ser desmontado para facilitar a altera\u00e7\u00e3o de caracteres e c\u00f3digo para um trabalho mais conveniente. O c\u00f3digo de caracteres ajust\u00e1vel melhora a efici\u00eancia do trabalho e um efeito de impress\u00e3o mais claro.<\/p>\n<p>O <strong>impressora de fita t\u00e9rmica<\/strong> oferece dois m\u00e9todos de codifica\u00e7\u00e3o: autom\u00e1tico e pedal para facilitar o uso di\u00e1rio. Se a codifica\u00e7\u00e3o cont\u00ednua n\u00e3o for usada, coloque a chave em pausa. Voc\u00ea pode usar o pedal para imprimir o c\u00f3digo. A dist\u00e2ncia entre as correias pode ser ajustada atrav\u00e9s da porca para evitar desgaste das correias. Vire a fita para cima para reduzir a folga e abaixe-a para aument\u00e1-la. Gra\u00e7as a isso <strong>m\u00e1quina de lote de impress\u00e3o<\/strong> Voc\u00ea pode ajustar o local mais adequado para garantir uma melhor impress\u00e3o.<\/p>\n<p>O<strong> m\u00e1quina de impress\u00e3o de fita <span style=\"color: #ff0000;\">PARA<\/span><span style=\"color: #0000ff;\">R<\/span>CLIT100<\/strong> \u00c9 amplamente utilizado na impress\u00e3o de alimentos, bebidas, produtos farmac\u00eauticos, aqu\u00e1ticos, produtos naturais, cosm\u00e9ticos, componentes eletr\u00f4nicos, hardware, produtos qu\u00edmicos e outras ind\u00fastrias.<\/p>\n<hr \/>\n<ul>\n<li>Tipo: M\u00e1quina de impress\u00e3o de fita quente<\/li>\n<li>Modo de codifica\u00e7\u00e3o: semiautom\u00e1tico<\/li>\n<li>Velocidade de impress\u00e3o: 10~100 vezes\/min, velocidade cont\u00ednua ajust\u00e1vel<\/li>\n<li>\u00c1rea de impress\u00e3o: linha \u00fanica: m\u00e1x. 4 x 35 aprox. 15 pe\u00e7as deste tipo<\/li>\n<li>Linha dupla: m\u00e1x. 8 x 35 aprox. 30 pe\u00e7as do tipo<\/li>\n<li>Linha tripla: m\u00e1x. 12 x 35 aprox. 45 pe\u00e7as de tipos<\/li>\n<li>Tipo de impress\u00e3o: n\u00fameros, letras<\/li>\n<li>Fita de estampagem a quente: largura padr\u00e3o 35 mm, comprimento 100 mm, di\u00e2metro da bobina 25,4 mm<\/li>\n<li>Motor redutor: 15W, 220V; Velocidade 140rpm<\/li>\n<li>Temperatura de trabalho: 0 ~ 200\u00b0C.<\/li>\n<li>Tamanho do produto: 25,3 x 22,09 x 32 cm (C x L x A)<\/li>\n<\/ul>\n<h6><\/h6>\n<h6><strong>Garantia\u00a0<span style=\"color: #ff0000;\">PARA<\/span><span style=\"color: #0000ff;\">R<\/span>C 2 ANOS<\/strong><\/h6>\n<h6><span style=\"color: #008000;\">M\u00e1quina de lote de impress\u00e3o eficiente, consumo de 175 W<\/span><\/h6>\n<h6><strong>suporte t\u00e9cnico inclu\u00eddo<\/strong><\/h6>\n<p>&nbsp;<\/p>\n<p>&nbsp;<\/p>","protected":false},"excerpt":{"rendered":"<h2>M\u00e1quina de impress\u00e3o t\u00e9rmica<\/h2>\n<p>Como vai <strong>etiquetadora de impress\u00e3o<\/strong> semiautom\u00e1tico <strong><span style=\"color: #ff0000;\">PARA<\/span><span style=\"color: #0000ff;\">R<\/span>c<\/strong> agrupar\u00e1 seus produtos em alta velocidade, favorecendo o processo linear, <strong>m\u00e1quina de estampagem el\u00e9trica<\/strong> usa fita de estampagem a quente em vez de tinta l\u00edquida; conseguindo assim uma impress\u00e3o n\u00edtida, f\u00e1cil de secar, limpar e higi\u00e9nica. Esse <strong>carimbo t\u00e9rmico<\/strong> Funciona pela maneira espec\u00edfica de alterar palavras em movimento ou imprimir n\u00fameros. O <strong>m\u00e1quina de lote de impress\u00e3o <span style=\"color: #ff0000;\">PARA<\/span><span style=\"color: #0000ff;\">R<\/span>c<\/strong> \u00c9 amplamente utilizado na impress\u00e3o de alimentos, bebidas, medicamentos, produtos aqu\u00e1ticos, produtos naturais, cosm\u00e9ticos, componentes eletr\u00f4nicos, hardware, produtos qu\u00edmicos e outras ind\u00fastrias.<\/p>\n<h6><strong>Garantia\u00a0<span style=\"color: #ff0000;\">PARA<\/span><span style=\"color: #0000ff;\">R<\/span>C 2 ANOS<\/strong><\/h6>\n<h6><span style=\"color: #008000;\">M\u00e1quina de lote de impress\u00e3o eficiente, consumo de 175 W<\/span><\/h6>\n<h6><strong>suporte t\u00e9cnico inclu\u00eddo<\/strong><\/h6>","protected":false},"featured_media":4289,"comment_status":"open","ping_status":"closed","template":"","meta":{"wds_primary_product_brand":0,"wds_primary_product_cat":0},"product_brand":[],"product_cat":[44],"product_tag":[],"class_list":{"0":"post-4288","1":"product","2":"type-product","3":"status-publish","4":"has-post-thumbnail","6":"product_cat-etiquetadoras-de-botellas","8":"first","9":"instock","10":"taxable","11":"shipping-taxable","12":"purchasable","13":"product-type-simple"},"yoast_head":"<!-- This site is optimized with the Yoast SEO Premium plugin v24.9 (Yoast SEO v26.1) - https:\/\/yoast.com\/wordpress\/plugins\/seo\/ -->\n<title>Loteadora de impresi\u00f3n t\u00e9rmica\u00a0 - distribuci\u00f3n ARC<\/title>\n<meta name=\"robots\" content=\"index, follow, max-snippet:-1, max-image-preview:large, max-video-preview:-1\" \/>\n<link rel=\"canonical\" href=\"https:\/\/distribucionarc.com\/pt\/produto\/lotter-de-impressao-termica\/\" \/>\n<meta property=\"og:locale\" content=\"pt_PT\" \/>\n<meta property=\"og:type\" content=\"article\" \/>\n<meta property=\"og:title\" content=\"Loteadora de impresi\u00f3n t\u00e9rmica\u00a0\" \/>\n<meta property=\"og:description\" content=\"Loteadora de impresi\u00f3n t\u00e9rmica Como esta etiquetadora de impresi\u00f3n semiautom\u00e1tica ARC realizar\u00e1 el loteado de sus productos a una gran velocidad favoreciendo el proceso lineal, la m\u00e1quina de estampaci\u00f3n el\u00e9ctrica utiliza cinta de estampaci\u00f3n en caliente en lugar de tinta l\u00edquida; logrando as\u00ed una impresi\u00f3n clara y f\u00e1cil de secar, limpiar e higi\u00e9nica. Esta estampadora t\u00e9rmica funciona mediante la forma espec\u00edfica de cambiar palabras en movimiento o n\u00fameros de impresi\u00f3n. La loteadora de impresi\u00f3n ARC es ampliamente utilizada en la impresi\u00f3n de alimentos, bebidas, medicamentos, productos acu\u00e1ticos, productos naturales, cosm\u00e9ticos, componentes electr\u00f3nicos, hardware, productos qu\u00edmicos y otras industrias. Garant\u00eda\u00a0ARC 2 A\u00d1OS Loteadora de impresi\u00f3n eficiente, consumo de 175 W soporte t\u00e9cnico incluido\" \/>\n<meta property=\"og:url\" content=\"https:\/\/distribucionarc.com\/pt\/produto\/lotter-de-impressao-termica\/\" \/>\n<meta property=\"og:site_name\" content=\"distribuci\u00f3n ARC\" \/>\n<meta property=\"article:modified_time\" content=\"2023-02-24T13:39:13+00:00\" \/>\n<meta property=\"og:image\" content=\"https:\/\/distribucionarc.com\/wp-content\/uploads\/2021\/01\/Loteadora-de-impresion-termica-0-.jpg\" \/>\n\t<meta property=\"og:image:width\" content=\"1600\" \/>\n\t<meta property=\"og:image:height\" content=\"1600\" \/>\n\t<meta property=\"og:image:type\" content=\"image\/jpeg\" \/>\n<meta name=\"twitter:card\" content=\"summary_large_image\" \/>\n<meta name=\"twitter:label1\" content=\"Tempo estimado de leitura\" \/>\n\t<meta name=\"twitter:data1\" content=\"2 minutos\" \/>\n<script type=\"application\/ld+json\" class=\"yoast-schema-graph\">{\"@context\":\"https:\/\/schema.org\",\"@graph\":[{\"@type\":\"WebPage\",\"@id\":\"https:\/\/distribucionarc.com\/pt\/producto\/loteadora-de-impresion-termica\/\",\"url\":\"https:\/\/distribucionarc.com\/pt\/producto\/loteadora-de-impresion-termica\/\",\"name\":\"Loteadora de impresi\u00f3n t\u00e9rmica\u00a0 - distribuci\u00f3n ARC\",\"isPartOf\":{\"@id\":\"https:\/\/distribucionarc.com\/de\/#website\"},\"primaryImageOfPage\":{\"@id\":\"https:\/\/distribucionarc.com\/pt\/producto\/loteadora-de-impresion-termica\/#primaryimage\"},\"image\":{\"@id\":\"https:\/\/distribucionarc.com\/pt\/producto\/loteadora-de-impresion-termica\/#primaryimage\"},\"thumbnailUrl\":\"https:\/\/distribucionarc.com\/wp-content\/uploads\/2021\/01\/Loteadora-de-impresion-termica-0-.jpg\",\"datePublished\":\"2021-01-27T14:37:58+00:00\",\"dateModified\":\"2023-02-24T13:39:13+00:00\",\"breadcrumb\":{\"@id\":\"https:\/\/distribucionarc.com\/pt\/producto\/loteadora-de-impresion-termica\/#breadcrumb\"},\"inLanguage\":\"pt-PT\",\"potentialAction\":[{\"@type\":\"ReadAction\",\"target\":[\"https:\/\/distribucionarc.com\/pt\/producto\/loteadora-de-impresion-termica\/\"]}]},{\"@type\":\"ImageObject\",\"inLanguage\":\"pt-PT\",\"@id\":\"https:\/\/distribucionarc.com\/pt\/producto\/loteadora-de-impresion-termica\/#primaryimage\",\"url\":\"https:\/\/distribucionarc.com\/wp-content\/uploads\/2021\/01\/Loteadora-de-impresion-termica-0-.jpg\",\"contentUrl\":\"https:\/\/distribucionarc.com\/wp-content\/uploads\/2021\/01\/Loteadora-de-impresion-termica-0-.jpg\",\"width\":1600,\"height\":1600,\"caption\":\"Loteadora de impresi\u00f3n t\u00e9rmica\u00a0\"},{\"@type\":\"BreadcrumbList\",\"@id\":\"https:\/\/distribucionarc.com\/pt\/producto\/loteadora-de-impresion-termica\/#breadcrumb\",\"itemListElement\":[{\"@type\":\"ListItem\",\"position\":1,\"name\":\"Portada\",\"item\":\"https:\/\/distribucionarc.com\/pl\/\"},{\"@type\":\"ListItem\",\"position\":2,\"name\":\"Produkty\",\"item\":\"https:\/\/distribucionarc.com\/pl\/shop\/\"},{\"@type\":\"ListItem\",\"position\":3,\"name\":\"Loteadora de impresi\u00f3n t\u00e9rmica\u00a0\"}]},{\"@type\":\"WebSite\",\"@id\":\"https:\/\/distribucionarc.com\/de\/#website\",\"url\":\"https:\/\/distribucionarc.com\/de\/\",\"name\":\"distribuci\u00f3n ARC\",\"description\":\"Empresa especializada en la fabricaci\u00f3n y distribuci\u00f3n de maquinaria industrial, selladoras de latas, Maquinas de hacer pastillas, Maquinas de cortar carne...\",\"publisher\":{\"@id\":\"https:\/\/distribucionarc.com\/de\/#organization\"},\"potentialAction\":[{\"@type\":\"SearchAction\",\"target\":{\"@type\":\"EntryPoint\",\"urlTemplate\":\"https:\/\/distribucionarc.com\/de\/?s={search_term_string}\"},\"query-input\":{\"@type\":\"PropertyValueSpecification\",\"valueRequired\":true,\"valueName\":\"search_term_string\"}}],\"inLanguage\":\"pt-PT\"},{\"@type\":\"Organization\",\"@id\":\"https:\/\/distribucionarc.com\/de\/#organization\",\"name\":\"Distribuci\u00f3n ARC\",\"url\":\"https:\/\/distribucionarc.com\/de\/\",\"logo\":{\"@type\":\"ImageObject\",\"inLanguage\":\"pt-PT\",\"@id\":\"https:\/\/distribucionarc.com\/de\/#\/schema\/logo\/image\/\",\"url\":\"https:\/\/distribucionarc.com\/wp-content\/uploads\/2024\/10\/distribucion-ARC-COLOR-SIN-FONDO-e1732295305345.png\",\"contentUrl\":\"https:\/\/distribucionarc.com\/wp-content\/uploads\/2024\/10\/distribucion-ARC-COLOR-SIN-FONDO-e1732295305345.png\",\"width\":1164,\"height\":558,\"caption\":\"Distribuci\u00f3n ARC\"},\"image\":{\"@id\":\"https:\/\/distribucionarc.com\/de\/#\/schema\/logo\/image\/\"},\"description\":\"Empresa especializada en la fabricaci\u00f3n y distribuci\u00f3n de maquinaria industrial para los sectores alimentario y farmac\u00e9utico. Nos especializamos en: M\u00e1quinas de cortar carne Fabricaci\u00f3n de comprimidos Sistemas de transporte industrial L\u00edneas de embotellado Dosificadores Y mucho m\u00e1s... Ofrecemos soluciones innovadoras y personalizadas para optimizar los procesos productivos de tu empresa.\",\"email\":\"Admistracion@distribucionarc.com\",\"telephone\":\"+34 643496664\",\"legalName\":\"ARC TECH SOLUTIONS\",\"foundingDate\":\"2024-04-09\",\"vatID\":\"B55480172\",\"numberOfEmployees\":{\"@type\":\"QuantitativeValue\",\"minValue\":\"1\",\"maxValue\":\"10\"}}]}<\/script>\n<!-- \/ Yoast SEO Premium plugin. -->","yoast_head_json":{"title":"Loteria de impress\u00e3o t\u00e9rmica - distribui\u00e7\u00e3o ARC","robots":{"index":"index","follow":"follow","max-snippet":"max-snippet:-1","max-image-preview":"max-image-preview:large","max-video-preview":"max-video-preview:-1"},"canonical":"https:\/\/distribucionarc.com\/pt\/produto\/lotter-de-impressao-termica\/","og_locale":"pt_PT","og_type":"article","og_title":"Loteadora de impresi\u00f3n t\u00e9rmica\u00a0","og_description":"Loteadora de impresi\u00f3n t\u00e9rmica Como esta etiquetadora de impresi\u00f3n semiautom\u00e1tica ARC realizar\u00e1 el loteado de sus productos a una gran velocidad favoreciendo el proceso lineal, la m\u00e1quina de estampaci\u00f3n el\u00e9ctrica utiliza cinta de estampaci\u00f3n en caliente en lugar de tinta l\u00edquida; logrando as\u00ed una impresi\u00f3n clara y f\u00e1cil de secar, limpiar e higi\u00e9nica. Esta estampadora t\u00e9rmica funciona mediante la forma espec\u00edfica de cambiar palabras en movimiento o n\u00fameros de impresi\u00f3n. La loteadora de impresi\u00f3n ARC es ampliamente utilizada en la impresi\u00f3n de alimentos, bebidas, medicamentos, productos acu\u00e1ticos, productos naturales, cosm\u00e9ticos, componentes electr\u00f3nicos, hardware, productos qu\u00edmicos y otras industrias. Garant\u00eda\u00a0ARC 2 A\u00d1OS Loteadora de impresi\u00f3n eficiente, consumo de 175 W soporte t\u00e9cnico incluido","og_url":"https:\/\/distribucionarc.com\/pt\/produto\/lotter-de-impressao-termica\/","og_site_name":"distribuci\u00f3n ARC","article_modified_time":"2023-02-24T13:39:13+00:00","og_image":[{"width":1600,"height":1600,"url":"https:\/\/distribucionarc.com\/wp-content\/uploads\/2021\/01\/Loteadora-de-impresion-termica-0-.jpg","type":"image\/jpeg"}],"twitter_card":"summary_large_image","twitter_misc":{"Tempo estimado de leitura":"2 minutos"},"schema":{"@context":"https:\/\/schema.org","@graph":[{"@type":"WebPage","@id":"https:\/\/distribucionarc.com\/pt\/producto\/loteadora-de-impresion-termica\/","url":"https:\/\/distribucionarc.com\/pt\/producto\/loteadora-de-impresion-termica\/","name":"Loteria de impress\u00e3o t\u00e9rmica - distribui\u00e7\u00e3o ARC","isPartOf":{"@id":"https:\/\/distribucionarc.com\/de\/#website"},"primaryImageOfPage":{"@id":"https:\/\/distribucionarc.com\/pt\/producto\/loteadora-de-impresion-termica\/#primaryimage"},"image":{"@id":"https:\/\/distribucionarc.com\/pt\/producto\/loteadora-de-impresion-termica\/#primaryimage"},"thumbnailUrl":"https:\/\/distribucionarc.com\/wp-content\/uploads\/2021\/01\/Loteadora-de-impresion-termica-0-.jpg","datePublished":"2021-01-27T14:37:58+00:00","dateModified":"2023-02-24T13:39:13+00:00","breadcrumb":{"@id":"https:\/\/distribucionarc.com\/pt\/producto\/loteadora-de-impresion-termica\/#breadcrumb"},"inLanguage":"pt-PT","potentialAction":[{"@type":"ReadAction","target":["https:\/\/distribucionarc.com\/pt\/producto\/loteadora-de-impresion-termica\/"]}]},{"@type":"ImageObject","inLanguage":"pt-PT","@id":"https:\/\/distribucionarc.com\/pt\/producto\/loteadora-de-impresion-termica\/#primaryimage","url":"https:\/\/distribucionarc.com\/wp-content\/uploads\/2021\/01\/Loteadora-de-impresion-termica-0-.jpg","contentUrl":"https:\/\/distribucionarc.com\/wp-content\/uploads\/2021\/01\/Loteadora-de-impresion-termica-0-.jpg","width":1600,"height":1600,"caption":"Loteadora de impresi\u00f3n t\u00e9rmica\u00a0"},{"@type":"BreadcrumbList","@id":"https:\/\/distribucionarc.com\/pt\/producto\/loteadora-de-impresion-termica\/#breadcrumb","itemListElement":[{"@type":"ListItem","position":1,"name":"Portada","item":"https:\/\/distribucionarc.com\/pl\/"},{"@type":"ListItem","position":2,"name":"Produkty","item":"https:\/\/distribucionarc.com\/pl\/shop\/"},{"@type":"ListItem","position":3,"name":"Loteadora de impresi\u00f3n t\u00e9rmica\u00a0"}]},{"@type":"WebSite","@id":"https:\/\/distribucionarc.com\/de\/#website","url":"https:\/\/distribucionarc.com\/de\/","name":"Distribui\u00e7\u00e3o ARC","description":"Empresa especializada no fabrico e distribui\u00e7\u00e3o de m\u00e1quinas industriais, m\u00e1quinas de selar latas, m\u00e1quinas de fazer comprimidos, m\u00e1quinas de cortar carne...","publisher":{"@id":"https:\/\/distribucionarc.com\/de\/#organization"},"potentialAction":[{"@type":"SearchAction","target":{"@type":"EntryPoint","urlTemplate":"https:\/\/distribucionarc.com\/de\/?s={search_term_string}"},"query-input":{"@type":"PropertyValueSpecification","valueRequired":true,"valueName":"search_term_string"}}],"inLanguage":"pt-PT"},{"@type":"Organization","@id":"https:\/\/distribucionarc.com\/de\/#organization","name":"Distribui\u00e7\u00e3o ARC","url":"https:\/\/distribucionarc.com\/de\/","logo":{"@type":"ImageObject","inLanguage":"pt-PT","@id":"https:\/\/distribucionarc.com\/de\/#\/schema\/logo\/image\/","url":"https:\/\/distribucionarc.com\/wp-content\/uploads\/2024\/10\/distribucion-ARC-COLOR-SIN-FONDO-e1732295305345.png","contentUrl":"https:\/\/distribucionarc.com\/wp-content\/uploads\/2024\/10\/distribucion-ARC-COLOR-SIN-FONDO-e1732295305345.png","width":1164,"height":558,"caption":"Distribuci\u00f3n ARC"},"image":{"@id":"https:\/\/distribucionarc.com\/de\/#\/schema\/logo\/image\/"},"description":"Empresa especializada no fabrico e distribui\u00e7\u00e3o de m\u00e1quinas industriais para os sectores alimentar e farmac\u00eautico. Somos especializados em: M\u00e1quinas de cortar carne Fabrico de comprimidos Sistemas de transporte industrial Linhas de engarrafamento Dispensadores E muito mais... Oferecemos solu\u00e7\u00f5es inovadoras e personalizadas para otimizar os processos de produ\u00e7\u00e3o da sua empresa.","email":"Admistracion@distribucionarc.com","telephone":"+34 643496664","legalName":"ARC TECH SOLUTIONS","foundingDate":"2024-04-09","vatID":"B55480172","numberOfEmployees":{"@type":"QuantitativeValue","minValue":"1","maxValue":"10"}}]}},"_links":{"self":[{"href":"https:\/\/distribucionarc.com\/pt\/wp-json\/wp\/v2\/product\/4288","targetHints":{"allow":["GET"]}}],"collection":[{"href":"https:\/\/distribucionarc.com\/pt\/wp-json\/wp\/v2\/product"}],"about":[{"href":"https:\/\/distribucionarc.com\/pt\/wp-json\/wp\/v2\/types\/product"}],"replies":[{"embeddable":true,"href":"https:\/\/distribucionarc.com\/pt\/wp-json\/wp\/v2\/comments?post=4288"}],"version-history":[{"count":0,"href":"https:\/\/distribucionarc.com\/pt\/wp-json\/wp\/v2\/product\/4288\/revisions"}],"wp:featuredmedia":[{"embeddable":true,"href":"https:\/\/distribucionarc.com\/pt\/wp-json\/wp\/v2\/media\/4289"}],"wp:attachment":[{"href":"https:\/\/distribucionarc.com\/pt\/wp-json\/wp\/v2\/media?parent=4288"}],"wp:term":[{"taxonomy":"product_brand","embeddable":true,"href":"https:\/\/distribucionarc.com\/pt\/wp-json\/wp\/v2\/product_brand?post=4288"},{"taxonomy":"product_cat","embeddable":true,"href":"https:\/\/distribucionarc.com\/pt\/wp-json\/wp\/v2\/product_cat?post=4288"},{"taxonomy":"product_tag","embeddable":true,"href":"https:\/\/distribucionarc.com\/pt\/wp-json\/wp\/v2\/product_tag?post=4288"}],"curies":[{"name":"wp","href":"https:\/\/api.w.org\/{rel}","templated":true}]}}