{"id":4303,"date":"2021-01-28T11:21:17","date_gmt":"2021-01-28T11:21:17","guid":{"rendered":"https:\/\/distribucionarc.com\/?post_type=product&#038;p=4303"},"modified":"2021-01-28T11:21:18","modified_gmt":"2021-01-28T11:21:18","slug":"torradeira-grill-com-correia-transportadora","status":"publish","type":"product","link":"https:\/\/distribucionarc.com\/pt\/producto\/tostador-grill-con-cinta-transportadora\/","title":{"rendered":"Torradeira grill com esteira transportadora"},"content":{"rendered":"<h3>Torradeira grill com esteira transportadora<\/h3>\n<p>Esse<strong> torradeira de correia transportadora<\/strong> de <strong><span style=\"color: #ff0000;\">PARA<\/span><span style=\"color: #0000ff;\">R<\/span>c<\/strong> \u00c9 adequado para praticamente todas as cozinhas comerciais, r\u00e1pido, eficiente e f\u00e1cil de usar. Pode preparar at\u00e9 300 fatias de p\u00e3o por hora. Esse <strong>Torradeira grelha<\/strong> Possui sete velocidades ajust\u00e1veis e tr\u00eas modos de torragem para controlar a cor e o frescor do p\u00e3o. Deixe que o aroma irresist\u00edvel de uma torrada quente e dourada tente seus clientes. Esse <strong>Torradeira<\/strong> \u00c9 ideal para caf\u00e9s, buf\u00eas e cafeterias. Evite que seus clientes esperem!<\/p>\n<p>Ele <strong>grelha com fita <span style=\"color: #ff0000;\">PARA<\/span><span style=\"color: #0000ff;\">R<\/span>CTPC300<\/strong> \u00a0\u00c9 feito de material seguro para alimentos e \u00e9 fortificado para longos per\u00edodos de uso, garantindo resist\u00eancia \u00e0 corros\u00e3o. Com isso <strong>torradeira industrial<\/strong> O processo de cozimento, manuten\u00e7\u00e3o e limpeza ser\u00e1 f\u00e1cil gra\u00e7as \u00e0s suas partes remov\u00edveis.<\/p>\n<p>Nosso <strong>cinto para torradeira de p\u00e3o <span style=\"color: #ff0000;\">PARA<\/span><span style=\"color: #0000ff;\">R<\/span>c<\/strong> pode torrar at\u00e9 300 fatias de p\u00e3o por hora. Voc\u00ea pode ajustar a velocidade da esteira para controlar a tostagem do p\u00e3o, com 7 texturas de p\u00e3o diferentes para escolher. Ele <strong>grelha com fita<\/strong> Ele \u00e9 adaptado para 3 modos diferentes de torrar para garantir que o p\u00e3o fique perfeitamente crocante.<\/p>\n<p>Possui aberturas de ventila\u00e7\u00e3o para dissipa\u00e7\u00e3o eficaz do calor. Com isso <strong>Torradeira grelha <span style=\"color: #ff0000;\">PARA<\/span><span style=\"color: #0000ff;\">R<\/span>CTPC300<\/strong> Uma bandeja de migalhas remov\u00edvel est\u00e1 inclu\u00edda para facilitar a limpeza. Esse <strong>forno de assar<\/strong> \u00c9 equipado com rede de corrente de qualidade alimentar que pode distribuir p\u00e3o de forma r\u00e1pida e suave. Quatro p\u00e9s antiderrapantes mant\u00eam a mesa est\u00e1vel. <strong>fog\u00e3o com fita<\/strong>. Ele conta com a capacidade de distribuir p\u00e3o pelo funil frontal ou traseiro, e os usu\u00e1rios podem alternar conforme desejarem para atender a diferentes necessidades.<\/p>\n<h6><strong>Garantia\u00a0<span style=\"color: #ff0000;\">PARA<\/span><span style=\"color: #0000ff;\">R<\/span>C 2 ANOS<\/strong><\/h6>\n<h6>\u00a0<span style=\"color: #008000;\">Torradeira de correia eficiente, baixo consumo 1800w<\/span><\/h6>\n<h6><strong>suporte t\u00e9cnico inclu\u00eddo<\/strong><\/h6>\n<p>&nbsp;<\/p>\n<table role=\"presentation\" width=\"100%\" cellspacing=\"0\" cellpadding=\"0\">\n<tbody>\n<tr>\n<td class=\"attrLabels\">Marca:<\/td>\n<td width=\"50.0%\">ARCO<\/td>\n<\/tr>\n<tr>\n<td class=\"attrLabels\">Garantia:<\/td>\n<td width=\"50.0%\">2 anos<\/td>\n<td class=\"attrLabels\">Peso:<\/td>\n<td width=\"50.0%\">16kg<\/td>\n<\/tr>\n<tr>\n<td class=\"attrLabels\">Pa\u00eds de distribui\u00e7\u00e3o:<\/td>\n<td width=\"50.0%\">Espanha, Alemanha, EUA<\/td>\n<td class=\"attrLabels\">Altura:<\/td>\n<td width=\"50.0%\">38,7 cm<\/td>\n<\/tr>\n<tr>\n<td class=\"attrLabels\">Cor:<\/td>\n<td width=\"50.0%\">Prata<\/td>\n<td class=\"attrLabels\">Longo:<\/td>\n<td width=\"50.0%\">36,8 cm<\/td>\n<\/tr>\n<tr>\n<td class=\"attrLabels\">Tipo de produto:<\/td>\n<td width=\"50.0%\">Torradeira com cinto<\/td>\n<td class=\"attrLabels\">Largo:<\/td>\n<td width=\"50.0%\">\u00a041,8 cm<\/td>\n<\/tr>\n<tr>\n<td class=\"attrLabels\">N\u00famero do fabricante:<\/td>\n<td width=\"50.0%\">ARCTPC300<\/td>\n<td class=\"attrLabels\">Produ\u00e7\u00e3o:<\/td>\n<td width=\"50.0%\">300 pe\u00e7as por hora<\/td>\n<\/tr>\n<tr>\n<td class=\"attrLabels\">Material:<\/td>\n<td width=\"50.0%\">A\u00e7o inoxid\u00e1vel, correia transportadora, aquecedor infravermelho, bandeja para migalhas<\/td>\n<td class=\"attrLabels\">Faixa de temperatura:<\/td>\n<td width=\"50.0%\">30\u00baC \u2013 250\u00baC<\/td>\n<\/tr>\n<tr>\n<td class=\"attrLabels\">Poder:<\/td>\n<td width=\"50.0%\">1800 W<\/td>\n<td class=\"attrLabels\">Regulamento:<\/td>\n<td width=\"50.0%\">7 temperaturas para diferentes torras<\/td>\n<\/tr>\n<tr>\n<td class=\"attrLabels\">Tens\u00e3o:<\/td>\n<td width=\"50.0%\">220 V 50 Hz a 60 Hz<\/td>\n<td class=\"attrLabels\">Ferramentas de instala\u00e7\u00e3o:<\/td>\n<td width=\"50.0%\">Sim<\/td>\n<\/tr>\n<\/tbody>\n<\/table>\n<p>&nbsp;<\/p>","protected":false},"excerpt":{"rendered":"<h2>Torradeira grill com esteira transportadora<\/h2>\n<p>Esse <strong>torradeira de correia transportadora<\/strong> de <strong><span style=\"color: #ff0000;\">PARA<\/span><span style=\"color: #0000ff;\">R<\/span>c<\/strong> \u00c9 adequado para praticamente todas as cozinhas comerciais, r\u00e1pido, eficiente e f\u00e1cil de usar. Pode preparar at\u00e9 300 fatias de p\u00e3o por hora. Esse <strong>Torradeira grelha<\/strong> Possui sete velocidades ajust\u00e1veis e tr\u00eas modos de torragem para controlar a cor e o frescor do p\u00e3o. Deixe que o aroma irresist\u00edvel de uma torrada quente e dourada tente seus clientes. Esse <strong>Torradeira<\/strong> \u00c9 ideal para caf\u00e9s, buf\u00eas e cafeterias. Evite que seus clientes esperem!<\/p>\n<h6><strong>Garantia\u00a0<span style=\"color: #ff0000;\">PARA<\/span><span style=\"color: #0000ff;\">R<\/span>C 2 ANOS<\/strong><\/h6>\n<h6>\u00a0<span style=\"color: #008000;\">Torradeira de correia eficiente, baixo consumo 1800w<\/span><\/h6>\n<h6><strong>suporte t\u00e9cnico inclu\u00eddo<\/strong><\/h6>","protected":false},"featured_media":4305,"comment_status":"open","ping_status":"closed","template":"","meta":{"wds_primary_product_brand":0,"wds_primary_product_cat":0},"product_brand":[],"product_cat":[40,53],"product_tag":[],"class_list":{"0":"post-4303","1":"product","2":"type-product","3":"status-publish","4":"has-post-thumbnail","6":"product_cat-hornos","7":"product_cat-panaderia-y-pasteleria-industrial","8":"product_shipping_class-hosteleria","10":"first","11":"instock","12":"sale","13":"taxable","14":"shipping-taxable","15":"purchasable","16":"product-type-simple"},"yoast_head":"<!-- This site is optimized with the Yoast SEO Premium plugin v24.9 (Yoast SEO v26.1) - https:\/\/yoast.com\/wordpress\/plugins\/seo\/ -->\n<title>Tostador grill con cinta transportadora - distribuci\u00f3n ARC<\/title>\n<meta name=\"robots\" content=\"index, follow, max-snippet:-1, max-image-preview:large, max-video-preview:-1\" \/>\n<link rel=\"canonical\" href=\"https:\/\/distribucionarc.com\/pt\/produto\/torradeira-grill-com-correia-transportadora\/\" \/>\n<meta property=\"og:locale\" content=\"pt_PT\" \/>\n<meta property=\"og:type\" content=\"article\" \/>\n<meta property=\"og:title\" content=\"Tostador grill con cinta transportadora\" \/>\n<meta property=\"og:description\" content=\"Tostador grill con cinta transportadora Esta tostadora con cinta transportadora de ARC es adecuada para pr\u00e1cticamente todas las cocinas comerciales r\u00e1pida, eficiente y f\u00e1cil de usar. Puede preparar hasta 300 rebanadas de pan por hora. Este Grill tostador dispone de siete velocidades ajustables y tres modos de tostado para controlar el color y la frescura del pan. Deje que el aroma irresistible del pan tostado c\u00e1lido y dorado tiente a sus clientes. Esta Tostadora de pan es ideal para caf\u00e9s, buf\u00e9s y cafeter\u00edas. \u00a1Evite que sus clientes esperen! Garant\u00eda\u00a0ARC 2 A\u00d1OS \u00a0Tostadora con cinta eficiente, bajo consumo 1800w soporte t\u00e9cnico incluido\" \/>\n<meta property=\"og:url\" content=\"https:\/\/distribucionarc.com\/pt\/produto\/torradeira-grill-com-correia-transportadora\/\" \/>\n<meta property=\"og:site_name\" content=\"distribuci\u00f3n ARC\" \/>\n<meta property=\"article:modified_time\" content=\"2021-01-28T11:21:18+00:00\" \/>\n<meta property=\"og:image\" content=\"https:\/\/distribucionarc.com\/wp-content\/uploads\/2021\/01\/Tostador-grill-con-cinta-transportadora-0.jpg\" \/>\n\t<meta property=\"og:image:width\" content=\"1600\" \/>\n\t<meta property=\"og:image:height\" content=\"1600\" \/>\n\t<meta property=\"og:image:type\" content=\"image\/jpeg\" \/>\n<meta name=\"twitter:card\" content=\"summary_large_image\" \/>\n<meta name=\"twitter:label1\" content=\"Tempo estimado de leitura\" \/>\n\t<meta name=\"twitter:data1\" content=\"2 minutos\" \/>\n<script type=\"application\/ld+json\" class=\"yoast-schema-graph\">{\"@context\":\"https:\/\/schema.org\",\"@graph\":[{\"@type\":\"WebPage\",\"@id\":\"https:\/\/distribucionarc.com\/sk\/producto\/tostador-grill-con-cinta-transportadora\/\",\"url\":\"https:\/\/distribucionarc.com\/sk\/producto\/tostador-grill-con-cinta-transportadora\/\",\"name\":\"Tostador grill con cinta transportadora - distribuci\u00f3n ARC\",\"isPartOf\":{\"@id\":\"https:\/\/distribucionarc.com\/ro\/#website\"},\"primaryImageOfPage\":{\"@id\":\"https:\/\/distribucionarc.com\/sk\/producto\/tostador-grill-con-cinta-transportadora\/#primaryimage\"},\"image\":{\"@id\":\"https:\/\/distribucionarc.com\/sk\/producto\/tostador-grill-con-cinta-transportadora\/#primaryimage\"},\"thumbnailUrl\":\"https:\/\/distribucionarc.com\/wp-content\/uploads\/2021\/01\/Tostador-grill-con-cinta-transportadora-0.jpg\",\"datePublished\":\"2021-01-28T11:21:17+00:00\",\"dateModified\":\"2021-01-28T11:21:18+00:00\",\"breadcrumb\":{\"@id\":\"https:\/\/distribucionarc.com\/sk\/producto\/tostador-grill-con-cinta-transportadora\/#breadcrumb\"},\"inLanguage\":\"pt-PT\",\"potentialAction\":[{\"@type\":\"ReadAction\",\"target\":[\"https:\/\/distribucionarc.com\/sk\/producto\/tostador-grill-con-cinta-transportadora\/\"]}]},{\"@type\":\"ImageObject\",\"inLanguage\":\"pt-PT\",\"@id\":\"https:\/\/distribucionarc.com\/sk\/producto\/tostador-grill-con-cinta-transportadora\/#primaryimage\",\"url\":\"https:\/\/distribucionarc.com\/wp-content\/uploads\/2021\/01\/Tostador-grill-con-cinta-transportadora-0.jpg\",\"contentUrl\":\"https:\/\/distribucionarc.com\/wp-content\/uploads\/2021\/01\/Tostador-grill-con-cinta-transportadora-0.jpg\",\"width\":1600,\"height\":1600,\"caption\":\"Tostador grill con cinta transportadora\"},{\"@type\":\"BreadcrumbList\",\"@id\":\"https:\/\/distribucionarc.com\/sk\/producto\/tostador-grill-con-cinta-transportadora\/#breadcrumb\",\"itemListElement\":[{\"@type\":\"ListItem\",\"position\":1,\"name\":\"Portada\",\"item\":\"https:\/\/distribucionarc.com\/ar\/\"},{\"@type\":\"ListItem\",\"position\":2,\"name\":\"Proizvodi\",\"item\":\"https:\/\/www.distribucionarc.com\/hr\/ducan\/\"},{\"@type\":\"ListItem\",\"position\":3,\"name\":\"Tostador grill con cinta transportadora\"}]},{\"@type\":\"WebSite\",\"@id\":\"https:\/\/distribucionarc.com\/ro\/#website\",\"url\":\"https:\/\/distribucionarc.com\/ro\/\",\"name\":\"distribuci\u00f3n ARC\",\"description\":\"Empresa especializada en la fabricaci\u00f3n y distribuci\u00f3n de maquinaria industrial, selladoras de latas, Maquinas de hacer pastillas, Maquinas de cortar carne...\",\"publisher\":{\"@id\":\"https:\/\/distribucionarc.com\/ro\/#organization\"},\"potentialAction\":[{\"@type\":\"SearchAction\",\"target\":{\"@type\":\"EntryPoint\",\"urlTemplate\":\"https:\/\/distribucionarc.com\/ro\/?s={search_term_string}\"},\"query-input\":{\"@type\":\"PropertyValueSpecification\",\"valueRequired\":true,\"valueName\":\"search_term_string\"}}],\"inLanguage\":\"pt-PT\"},{\"@type\":\"Organization\",\"@id\":\"https:\/\/distribucionarc.com\/ro\/#organization\",\"name\":\"Distribuci\u00f3n ARC\",\"url\":\"https:\/\/distribucionarc.com\/ro\/\",\"logo\":{\"@type\":\"ImageObject\",\"inLanguage\":\"pt-PT\",\"@id\":\"https:\/\/distribucionarc.com\/ro\/#\/schema\/logo\/image\/\",\"url\":\"https:\/\/distribucionarc.com\/wp-content\/uploads\/2024\/10\/distribucion-ARC-COLOR-SIN-FONDO-e1732295305345.png\",\"contentUrl\":\"https:\/\/distribucionarc.com\/wp-content\/uploads\/2024\/10\/distribucion-ARC-COLOR-SIN-FONDO-e1732295305345.png\",\"width\":1164,\"height\":558,\"caption\":\"Distribuci\u00f3n ARC\"},\"image\":{\"@id\":\"https:\/\/distribucionarc.com\/ro\/#\/schema\/logo\/image\/\"},\"description\":\"Empresa especializada en la fabricaci\u00f3n y distribuci\u00f3n de maquinaria industrial para los sectores alimentario y farmac\u00e9utico. Nos especializamos en: M\u00e1quinas de cortar carne Fabricaci\u00f3n de comprimidos Sistemas de transporte industrial L\u00edneas de embotellado Dosificadores Y mucho m\u00e1s... Ofrecemos soluciones innovadoras y personalizadas para optimizar los procesos productivos de tu empresa.\",\"email\":\"Admistracion@distribucionarc.com\",\"telephone\":\"+34 643496664\",\"legalName\":\"ARC TECH SOLUTIONS\",\"foundingDate\":\"2024-04-09\",\"vatID\":\"B55480172\",\"numberOfEmployees\":{\"@type\":\"QuantitativeValue\",\"minValue\":\"1\",\"maxValue\":\"10\"}}]}<\/script>\n<!-- \/ Yoast SEO Premium plugin. -->","yoast_head_json":{"title":"Grelhador torradeira com correia transportadora - Distribui\u00e7\u00e3o ARC","robots":{"index":"index","follow":"follow","max-snippet":"max-snippet:-1","max-image-preview":"max-image-preview:large","max-video-preview":"max-video-preview:-1"},"canonical":"https:\/\/distribucionarc.com\/pt\/produto\/torradeira-grill-com-correia-transportadora\/","og_locale":"pt_PT","og_type":"article","og_title":"Tostador grill con cinta transportadora","og_description":"Tostador grill con cinta transportadora Esta tostadora con cinta transportadora de ARC es adecuada para pr\u00e1cticamente todas las cocinas comerciales r\u00e1pida, eficiente y f\u00e1cil de usar. Puede preparar hasta 300 rebanadas de pan por hora. Este Grill tostador dispone de siete velocidades ajustables y tres modos de tostado para controlar el color y la frescura del pan. Deje que el aroma irresistible del pan tostado c\u00e1lido y dorado tiente a sus clientes. Esta Tostadora de pan es ideal para caf\u00e9s, buf\u00e9s y cafeter\u00edas. \u00a1Evite que sus clientes esperen! Garant\u00eda\u00a0ARC 2 A\u00d1OS \u00a0Tostadora con cinta eficiente, bajo consumo 1800w soporte t\u00e9cnico incluido","og_url":"https:\/\/distribucionarc.com\/pt\/produto\/torradeira-grill-com-correia-transportadora\/","og_site_name":"distribuci\u00f3n ARC","article_modified_time":"2021-01-28T11:21:18+00:00","og_image":[{"width":1600,"height":1600,"url":"https:\/\/distribucionarc.com\/wp-content\/uploads\/2021\/01\/Tostador-grill-con-cinta-transportadora-0.jpg","type":"image\/jpeg"}],"twitter_card":"summary_large_image","twitter_misc":{"Tempo estimado de leitura":"2 minutos"},"schema":{"@context":"https:\/\/schema.org","@graph":[{"@type":"WebPage","@id":"https:\/\/distribucionarc.com\/sk\/producto\/tostador-grill-con-cinta-transportadora\/","url":"https:\/\/distribucionarc.com\/sk\/producto\/tostador-grill-con-cinta-transportadora\/","name":"Grelhador torradeira com correia transportadora - Distribui\u00e7\u00e3o ARC","isPartOf":{"@id":"https:\/\/distribucionarc.com\/ro\/#website"},"primaryImageOfPage":{"@id":"https:\/\/distribucionarc.com\/sk\/producto\/tostador-grill-con-cinta-transportadora\/#primaryimage"},"image":{"@id":"https:\/\/distribucionarc.com\/sk\/producto\/tostador-grill-con-cinta-transportadora\/#primaryimage"},"thumbnailUrl":"https:\/\/distribucionarc.com\/wp-content\/uploads\/2021\/01\/Tostador-grill-con-cinta-transportadora-0.jpg","datePublished":"2021-01-28T11:21:17+00:00","dateModified":"2021-01-28T11:21:18+00:00","breadcrumb":{"@id":"https:\/\/distribucionarc.com\/sk\/producto\/tostador-grill-con-cinta-transportadora\/#breadcrumb"},"inLanguage":"pt-PT","potentialAction":[{"@type":"ReadAction","target":["https:\/\/distribucionarc.com\/sk\/producto\/tostador-grill-con-cinta-transportadora\/"]}]},{"@type":"ImageObject","inLanguage":"pt-PT","@id":"https:\/\/distribucionarc.com\/sk\/producto\/tostador-grill-con-cinta-transportadora\/#primaryimage","url":"https:\/\/distribucionarc.com\/wp-content\/uploads\/2021\/01\/Tostador-grill-con-cinta-transportadora-0.jpg","contentUrl":"https:\/\/distribucionarc.com\/wp-content\/uploads\/2021\/01\/Tostador-grill-con-cinta-transportadora-0.jpg","width":1600,"height":1600,"caption":"Tostador grill con cinta transportadora"},{"@type":"BreadcrumbList","@id":"https:\/\/distribucionarc.com\/sk\/producto\/tostador-grill-con-cinta-transportadora\/#breadcrumb","itemListElement":[{"@type":"ListItem","position":1,"name":"Portada","item":"https:\/\/distribucionarc.com\/ar\/"},{"@type":"ListItem","position":2,"name":"Proizvodi","item":"https:\/\/www.distribucionarc.com\/hr\/ducan\/"},{"@type":"ListItem","position":3,"name":"Tostador grill con cinta transportadora"}]},{"@type":"WebSite","@id":"https:\/\/distribucionarc.com\/ro\/#website","url":"https:\/\/distribucionarc.com\/ro\/","name":"Distribui\u00e7\u00e3o ARC","description":"Empresa especializada no fabrico e distribui\u00e7\u00e3o de m\u00e1quinas industriais, m\u00e1quinas de selar latas, m\u00e1quinas de fazer comprimidos, m\u00e1quinas de cortar carne...","publisher":{"@id":"https:\/\/distribucionarc.com\/ro\/#organization"},"potentialAction":[{"@type":"SearchAction","target":{"@type":"EntryPoint","urlTemplate":"https:\/\/distribucionarc.com\/ro\/?s={search_term_string}"},"query-input":{"@type":"PropertyValueSpecification","valueRequired":true,"valueName":"search_term_string"}}],"inLanguage":"pt-PT"},{"@type":"Organization","@id":"https:\/\/distribucionarc.com\/ro\/#organization","name":"Distribui\u00e7\u00e3o ARC","url":"https:\/\/distribucionarc.com\/ro\/","logo":{"@type":"ImageObject","inLanguage":"pt-PT","@id":"https:\/\/distribucionarc.com\/ro\/#\/schema\/logo\/image\/","url":"https:\/\/distribucionarc.com\/wp-content\/uploads\/2024\/10\/distribucion-ARC-COLOR-SIN-FONDO-e1732295305345.png","contentUrl":"https:\/\/distribucionarc.com\/wp-content\/uploads\/2024\/10\/distribucion-ARC-COLOR-SIN-FONDO-e1732295305345.png","width":1164,"height":558,"caption":"Distribuci\u00f3n ARC"},"image":{"@id":"https:\/\/distribucionarc.com\/ro\/#\/schema\/logo\/image\/"},"description":"Empresa especializada no fabrico e distribui\u00e7\u00e3o de m\u00e1quinas industriais para os sectores alimentar e farmac\u00eautico. Somos especializados em: M\u00e1quinas de cortar carne Fabrico de comprimidos Sistemas de transporte industrial Linhas de engarrafamento Dispensadores E muito mais... Oferecemos solu\u00e7\u00f5es inovadoras e personalizadas para otimizar os processos de produ\u00e7\u00e3o da sua empresa.","email":"Admistracion@distribucionarc.com","telephone":"+34 643496664","legalName":"ARC TECH SOLUTIONS","foundingDate":"2024-04-09","vatID":"B55480172","numberOfEmployees":{"@type":"QuantitativeValue","minValue":"1","maxValue":"10"}}]}},"_links":{"self":[{"href":"https:\/\/distribucionarc.com\/pt\/wp-json\/wp\/v2\/product\/4303","targetHints":{"allow":["GET"]}}],"collection":[{"href":"https:\/\/distribucionarc.com\/pt\/wp-json\/wp\/v2\/product"}],"about":[{"href":"https:\/\/distribucionarc.com\/pt\/wp-json\/wp\/v2\/types\/product"}],"replies":[{"embeddable":true,"href":"https:\/\/distribucionarc.com\/pt\/wp-json\/wp\/v2\/comments?post=4303"}],"version-history":[{"count":0,"href":"https:\/\/distribucionarc.com\/pt\/wp-json\/wp\/v2\/product\/4303\/revisions"}],"wp:featuredmedia":[{"embeddable":true,"href":"https:\/\/distribucionarc.com\/pt\/wp-json\/wp\/v2\/media\/4305"}],"wp:attachment":[{"href":"https:\/\/distribucionarc.com\/pt\/wp-json\/wp\/v2\/media?parent=4303"}],"wp:term":[{"taxonomy":"product_brand","embeddable":true,"href":"https:\/\/distribucionarc.com\/pt\/wp-json\/wp\/v2\/product_brand?post=4303"},{"taxonomy":"product_cat","embeddable":true,"href":"https:\/\/distribucionarc.com\/pt\/wp-json\/wp\/v2\/product_cat?post=4303"},{"taxonomy":"product_tag","embeddable":true,"href":"https:\/\/distribucionarc.com\/pt\/wp-json\/wp\/v2\/product_tag?post=4303"}],"curies":[{"name":"wp","href":"https:\/\/api.w.org\/{rel}","templated":true}]}}