{"id":4318,"date":"2021-01-28T14:12:22","date_gmt":"2021-01-28T14:12:22","guid":{"rendered":"https:\/\/distribucionarc.com\/?post_type=product&#038;p=4318"},"modified":"2021-01-28T14:12:22","modified_gmt":"2021-01-28T14:12:22","slug":"cortador-de-fita-automatico","status":"publish","type":"product","link":"https:\/\/distribucionarc.com\/pt\/producto\/cortadora-de-cinta-automatica\/","title":{"rendered":"Cortador de fita autom\u00e1tico\u00a0"},"content":{"rendered":"<h3>Cortador de fita autom\u00e1tico<\/h3>\n<p>O <strong>cortador\u00a0<\/strong><b>frio<\/b>\u00a0\u00c9 fabricado em a\u00e7o inoxid\u00e1vel e pl\u00e1stico de alta qualidade, caracterizado pela alta qualidade e durabilidade. Por raz\u00f5es de seguran\u00e7a, este <strong>m\u00e1quina de corte de cinta <span style=\"color: #ff0000;\">PARA<\/span><span style=\"color: #0000ff;\">R<\/span>CCCA175<\/strong> \u00c9 fornecido com plugues de aterramento e diversas aberturas de dissipa\u00e7\u00e3o de calor.<\/p>\n<p>Esse <strong>m\u00e1quina de corte de fita<\/strong> \u00c9 equipado com controle por microcomputador, o <strong>cortador de fita <span style=\"color: #ff0000;\">PARA<\/span><span style=\"color: #0000ff;\">R<\/span>c<\/strong> \u00c9 totalmente autom\u00e1tico. O painel de controle transparente torna a opera\u00e7\u00e3o f\u00e1cil e conveniente. <strong>Cortador milim\u00e9trico<\/strong> para realizar corte sincronizado de tiras com largura de corte de 100mm. As velocidades de corte e alimenta\u00e7\u00e3o s\u00e3o ajust\u00e1veis. A l\u00e2mina de soldagem de a\u00e7o branco tem \u00f3timo efeito de corte.<\/p>\n<p>Gra\u00e7as \u00e0 indu\u00e7\u00e3o de alta precis\u00e3o, este <strong>m\u00e1quina de corte a frio <span style=\"color: #ff0000;\">PARA<\/span><span style=\"color: #0000ff;\">R<\/span>CCCA175<\/strong> Ele para automaticamente quando o corte \u00e9 conclu\u00eddo. Economize energia e eletricidade. Ao mesmo tempo, a seguran\u00e7a \u00e9 garantida. A bra\u00e7adeira deste <strong>Cortador el\u00e9trico milim\u00e9trico<\/strong> Suporta dois rolos de fita que podem funcionar ao mesmo tempo. A dist\u00e2ncia entre as placas \u00e9 ajust\u00e1vel. Se as tiras ficarem soltas ou o corte n\u00e3o for liso, aperte as tiras. Esse<strong> dispositivo de corte de cinta<\/strong> \u00c9 adequado para diversas fitas, como tecidos de malha, tiras de velcro, couro, fitas, cintos de mochila, cadar\u00e7os de sapato, pl\u00e1stico, el\u00e1sticos, z\u00edperes, etc.<\/p>\n<h6><strong>Garantia\u00a0<span style=\"color: #ff0000;\">PARA<\/span><span style=\"color: #0000ff;\">R<\/span>C 2 ANOS<\/strong><\/h6>\n<h6><span style=\"color: #008000;\">Cortador de fita autom\u00e1tico eficiente, baixo consumo 225w<\/span><\/h6>\n<h6><strong>suporte t\u00e9cnico inclu\u00eddo<\/strong><\/h6>\n<p>&nbsp;<\/p>\n<table role=\"presentation\" width=\"100%\" cellspacing=\"0\" cellpadding=\"0\">\n<tbody>\n<tr>\n<td class=\"attrLabels\">Marca:<\/td>\n<td width=\"50.0%\">ARCO<\/td>\n<\/tr>\n<tr>\n<td class=\"attrLabels\">Garantia:<\/td>\n<td width=\"50.0%\">2 anos<\/td>\n<td class=\"attrLabels\">Peso:<\/td>\n<td width=\"50.0%\">22,5kg<\/td>\n<\/tr>\n<tr>\n<td class=\"attrLabels\">Pa\u00eds de distribui\u00e7\u00e3o:<\/td>\n<td width=\"50.0%\">Espanha, Alemanha, EUA<\/td>\n<td class=\"attrLabels\">Altura:<\/td>\n<td width=\"50.0%\">42,5 cm<\/td>\n<\/tr>\n<tr>\n<td class=\"attrLabels\">Cor:<\/td>\n<td width=\"50.0%\">Prata<\/td>\n<td class=\"attrLabels\">Longo:<\/td>\n<td width=\"50.0%\">96cm<\/td>\n<\/tr>\n<tr>\n<td class=\"attrLabels\">Tipo de produto:<\/td>\n<td width=\"50.0%\">cortador de fita<\/td>\n<td class=\"attrLabels\">Largo:<\/td>\n<td width=\"50.0%\">31,5 cm<\/td>\n<\/tr>\n<tr>\n<td class=\"attrLabels\">N\u00famero do fabricante:<\/td>\n<td width=\"50.0%\">ARCCCA175<\/td>\n<td class=\"attrLabels\">Comprimento de corte:<\/td>\n<td width=\"50.0%\">1-99999 mm<\/td>\n<\/tr>\n<tr>\n<td class=\"attrLabels\">Material:<\/td>\n<td width=\"50.0%\">em a\u00e7o inoxid\u00e1vel, microcomputador<\/td>\n<td class=\"attrLabels\">Velocidade de corte:<\/td>\n<td width=\"50.0%\">110 tiras por minuto (comprimento 50 mm)<\/td>\n<\/tr>\n<tr>\n<td class=\"attrLabels\">Poder:<\/td>\n<td width=\"50.0%\">225W<\/td>\n<td class=\"attrLabels\">Largura de corte:<\/td>\n<td width=\"50.0%\">100mm<\/td>\n<\/tr>\n<tr>\n<td class=\"attrLabels\">Tens\u00e3o:<\/td>\n<td width=\"50.0%\">220 V 50 Hz a 60 Hz<\/td>\n<td class=\"attrLabels\">Espessura de corte:<\/td>\n<td width=\"50.0%\">2mm<\/td>\n<\/tr>\n<\/tbody>\n<\/table>","protected":false},"excerpt":{"rendered":"<h2>Cortador de fita autom\u00e1tico<\/h2>\n<p>Esse <strong>cortador de cinta <span style=\"color: #ff0000;\">PARA<\/span><span style=\"color: #0000ff;\">R<\/span>c<\/strong> com fun\u00e7\u00e3o de corte a frio. \u00c9 controlado por um sistema de controle de microcomputador. Todo o processo de corte \u00e9 autom\u00e1tico, simples e seguro. O <strong>cortador de fita<\/strong> Pode ser usado para muitas tiras de comprimentos diferentes, como tiras de velcro, tiras de n\u00e1ilon, etc. O <strong>m\u00e1quina de corte de fita <span style=\"color: #ff0000;\">PARA<\/span><span style=\"color: #0000ff;\">R<\/span>c<\/strong> Possui fun\u00e7\u00e3o de corte a frio, \u00e9 f\u00e1cil e conveniente de usar. Esse <strong>cortador de cinto el\u00e9trico<\/strong> \u00c9 caracterizado por excelente efeito de corte, efici\u00eancia e processamento sem rebarbas. O comprimento da fita pode ser de 50 mm, este cortador milimetrado pode cortar at\u00e9 110 pe\u00e7as por minuto.<\/p>\n<h6><strong>Garantia\u00a0<span style=\"color: #ff0000;\">PARA<\/span><span style=\"color: #0000ff;\">R<\/span>C 2 ANOS<\/strong><\/h6>\n<h6><span style=\"color: #008000;\">Cortador de fita autom\u00e1tico eficiente, baixo consumo 225w<\/span><\/h6>\n<h6><strong>suporte t\u00e9cnico inclu\u00eddo<\/strong><\/h6>","protected":false},"featured_media":4319,"comment_status":"open","ping_status":"closed","template":"","meta":{"wds_primary_product_brand":0,"wds_primary_product_cat":0},"product_brand":[],"product_cat":[69],"product_tag":[],"class_list":{"0":"post-4318","1":"product","2":"type-product","3":"status-publish","4":"has-post-thumbnail","6":"product_cat-maquinas-variadas","7":"product_shipping_class-express","9":"first","10":"instock","11":"sale","12":"taxable","13":"shipping-taxable","14":"purchasable","15":"product-type-simple"},"yoast_head":"<!-- This site is optimized with the Yoast SEO Premium plugin v24.9 (Yoast SEO v26.1) - https:\/\/yoast.com\/wordpress\/plugins\/seo\/ -->\n<title>Cortadora de cinta autom\u00e1tica\u00a0 - distribuci\u00f3n ARC<\/title>\n<meta name=\"robots\" content=\"index, follow, max-snippet:-1, max-image-preview:large, max-video-preview:-1\" \/>\n<link rel=\"canonical\" href=\"https:\/\/distribucionarc.com\/pt\/produto\/cortador-de-fita-automatico\/\" \/>\n<meta property=\"og:locale\" content=\"pt_PT\" \/>\n<meta property=\"og:type\" content=\"article\" \/>\n<meta property=\"og:title\" content=\"Cortadora de cinta autom\u00e1tica\u00a0\" \/>\n<meta property=\"og:description\" content=\"Cortadora de cinta autom\u00e1tica Esta cortadora de correas ARC con funci\u00f3n de corte en fr\u00edo. Est\u00e1 controlado por un sistema de control por microordenador. Todo el proceso de corte es autom\u00e1tico, sencillo y seguro. La cortadora de cintas se puede utilizar para muchas correas de diferentes longitudes, tales como correas de velcro, correas de nailon, etc. La m\u00e1quina para corte de cintas ARC cuenta con funci\u00f3n de corte en fr\u00edo, es f\u00e1cil y c\u00f3modo de usar. Esta cortadora el\u00e9ctrica de correas se caracteriza por su excelente efecto de corte, eficiencia y procesamiento sin rebabas. La longitud de la cinta puede ser de 50 mm, esta cortadora milim\u00e9trica puede cortar hasta 110 piezas por minuto. Garant\u00eda\u00a0ARC 2 A\u00d1OS Cortador de cinta autom\u00e1tico eficiente, bajo consumo 225w soporte t\u00e9cnico incluido\" \/>\n<meta property=\"og:url\" content=\"https:\/\/distribucionarc.com\/pt\/produto\/cortador-de-fita-automatico\/\" \/>\n<meta property=\"og:site_name\" content=\"distribuci\u00f3n ARC\" \/>\n<meta property=\"og:image\" content=\"https:\/\/distribucionarc.com\/wp-content\/uploads\/2021\/01\/Cortadora-de-cinta-automatica-0.jpg\" \/>\n\t<meta property=\"og:image:width\" content=\"1600\" \/>\n\t<meta property=\"og:image:height\" content=\"1600\" \/>\n\t<meta property=\"og:image:type\" content=\"image\/jpeg\" \/>\n<meta name=\"twitter:card\" content=\"summary_large_image\" \/>\n<meta name=\"twitter:label1\" content=\"Tempo estimado de leitura\" \/>\n\t<meta name=\"twitter:data1\" content=\"2 minutos\" \/>\n<script type=\"application\/ld+json\" class=\"yoast-schema-graph\">{\"@context\":\"https:\/\/schema.org\",\"@graph\":[{\"@type\":\"WebPage\",\"@id\":\"https:\/\/distribucionarc.com\/pl\/producto\/cortadora-de-cinta-automatica\/\",\"url\":\"https:\/\/distribucionarc.com\/pl\/producto\/cortadora-de-cinta-automatica\/\",\"name\":\"Cortadora de cinta autom\u00e1tica\u00a0 - distribuci\u00f3n ARC\",\"isPartOf\":{\"@id\":\"https:\/\/distribucionarc.com\/de\/#website\"},\"primaryImageOfPage\":{\"@id\":\"https:\/\/distribucionarc.com\/pl\/producto\/cortadora-de-cinta-automatica\/#primaryimage\"},\"image\":{\"@id\":\"https:\/\/distribucionarc.com\/pl\/producto\/cortadora-de-cinta-automatica\/#primaryimage\"},\"thumbnailUrl\":\"https:\/\/distribucionarc.com\/wp-content\/uploads\/2021\/01\/Cortadora-de-cinta-automatica-0.jpg\",\"datePublished\":\"2021-01-28T14:12:22+00:00\",\"breadcrumb\":{\"@id\":\"https:\/\/distribucionarc.com\/pl\/producto\/cortadora-de-cinta-automatica\/#breadcrumb\"},\"inLanguage\":\"pt-PT\",\"potentialAction\":[{\"@type\":\"ReadAction\",\"target\":[\"https:\/\/distribucionarc.com\/pl\/producto\/cortadora-de-cinta-automatica\/\"]}]},{\"@type\":\"ImageObject\",\"inLanguage\":\"pt-PT\",\"@id\":\"https:\/\/distribucionarc.com\/pl\/producto\/cortadora-de-cinta-automatica\/#primaryimage\",\"url\":\"https:\/\/distribucionarc.com\/wp-content\/uploads\/2021\/01\/Cortadora-de-cinta-automatica-0.jpg\",\"contentUrl\":\"https:\/\/distribucionarc.com\/wp-content\/uploads\/2021\/01\/Cortadora-de-cinta-automatica-0.jpg\",\"width\":1600,\"height\":1600,\"caption\":\"Cortadora de cinta autom\u00e1tica\u00a0\"},{\"@type\":\"BreadcrumbList\",\"@id\":\"https:\/\/distribucionarc.com\/pl\/producto\/cortadora-de-cinta-automatica\/#breadcrumb\",\"itemListElement\":[{\"@type\":\"ListItem\",\"position\":1,\"name\":\"Portada\",\"item\":\"https:\/\/distribucionarc.com\/pl\/\"},{\"@type\":\"ListItem\",\"position\":2,\"name\":\"Produkty\",\"item\":\"https:\/\/distribucionarc.com\/pl\/shop\/\"},{\"@type\":\"ListItem\",\"position\":3,\"name\":\"Cortadora de cinta autom\u00e1tica\u00a0\"}]},{\"@type\":\"WebSite\",\"@id\":\"https:\/\/distribucionarc.com\/de\/#website\",\"url\":\"https:\/\/distribucionarc.com\/de\/\",\"name\":\"distribuci\u00f3n ARC\",\"description\":\"Empresa especializada en la fabricaci\u00f3n y distribuci\u00f3n de maquinaria industrial, selladoras de latas, Maquinas de hacer pastillas, Maquinas de cortar carne...\",\"publisher\":{\"@id\":\"https:\/\/distribucionarc.com\/de\/#organization\"},\"potentialAction\":[{\"@type\":\"SearchAction\",\"target\":{\"@type\":\"EntryPoint\",\"urlTemplate\":\"https:\/\/distribucionarc.com\/de\/?s={search_term_string}\"},\"query-input\":{\"@type\":\"PropertyValueSpecification\",\"valueRequired\":true,\"valueName\":\"search_term_string\"}}],\"inLanguage\":\"pt-PT\"},{\"@type\":\"Organization\",\"@id\":\"https:\/\/distribucionarc.com\/de\/#organization\",\"name\":\"Distribuci\u00f3n ARC\",\"url\":\"https:\/\/distribucionarc.com\/de\/\",\"logo\":{\"@type\":\"ImageObject\",\"inLanguage\":\"pt-PT\",\"@id\":\"https:\/\/distribucionarc.com\/de\/#\/schema\/logo\/image\/\",\"url\":\"https:\/\/distribucionarc.com\/wp-content\/uploads\/2024\/10\/distribucion-ARC-COLOR-SIN-FONDO-e1732295305345.png\",\"contentUrl\":\"https:\/\/distribucionarc.com\/wp-content\/uploads\/2024\/10\/distribucion-ARC-COLOR-SIN-FONDO-e1732295305345.png\",\"width\":1164,\"height\":558,\"caption\":\"Distribuci\u00f3n ARC\"},\"image\":{\"@id\":\"https:\/\/distribucionarc.com\/de\/#\/schema\/logo\/image\/\"},\"description\":\"Empresa especializada en la fabricaci\u00f3n y distribuci\u00f3n de maquinaria industrial para los sectores alimentario y farmac\u00e9utico. Nos especializamos en: M\u00e1quinas de cortar carne Fabricaci\u00f3n de comprimidos Sistemas de transporte industrial L\u00edneas de embotellado Dosificadores Y mucho m\u00e1s... Ofrecemos soluciones innovadoras y personalizadas para optimizar los procesos productivos de tu empresa.\",\"email\":\"Admistracion@distribucionarc.com\",\"telephone\":\"+34 643496664\",\"legalName\":\"ARC TECH SOLUTIONS\",\"foundingDate\":\"2024-04-09\",\"vatID\":\"B55480172\",\"numberOfEmployees\":{\"@type\":\"QuantitativeValue\",\"minValue\":\"1\",\"maxValue\":\"10\"}}]}<\/script>\n<!-- \/ Yoast SEO Premium plugin. -->","yoast_head_json":{"title":"Cortador de fita autom\u00e1tico - distribui\u00e7\u00e3o ARC","robots":{"index":"index","follow":"follow","max-snippet":"max-snippet:-1","max-image-preview":"max-image-preview:large","max-video-preview":"max-video-preview:-1"},"canonical":"https:\/\/distribucionarc.com\/pt\/produto\/cortador-de-fita-automatico\/","og_locale":"pt_PT","og_type":"article","og_title":"Cortadora de cinta autom\u00e1tica\u00a0","og_description":"Cortadora de cinta autom\u00e1tica Esta cortadora de correas ARC con funci\u00f3n de corte en fr\u00edo. Est\u00e1 controlado por un sistema de control por microordenador. Todo el proceso de corte es autom\u00e1tico, sencillo y seguro. La cortadora de cintas se puede utilizar para muchas correas de diferentes longitudes, tales como correas de velcro, correas de nailon, etc. La m\u00e1quina para corte de cintas ARC cuenta con funci\u00f3n de corte en fr\u00edo, es f\u00e1cil y c\u00f3modo de usar. Esta cortadora el\u00e9ctrica de correas se caracteriza por su excelente efecto de corte, eficiencia y procesamiento sin rebabas. La longitud de la cinta puede ser de 50 mm, esta cortadora milim\u00e9trica puede cortar hasta 110 piezas por minuto. Garant\u00eda\u00a0ARC 2 A\u00d1OS Cortador de cinta autom\u00e1tico eficiente, bajo consumo 225w soporte t\u00e9cnico incluido","og_url":"https:\/\/distribucionarc.com\/pt\/produto\/cortador-de-fita-automatico\/","og_site_name":"distribuci\u00f3n ARC","og_image":[{"width":1600,"height":1600,"url":"https:\/\/distribucionarc.com\/wp-content\/uploads\/2021\/01\/Cortadora-de-cinta-automatica-0.jpg","type":"image\/jpeg"}],"twitter_card":"summary_large_image","twitter_misc":{"Tempo estimado de leitura":"2 minutos"},"schema":{"@context":"https:\/\/schema.org","@graph":[{"@type":"WebPage","@id":"https:\/\/distribucionarc.com\/pl\/producto\/cortadora-de-cinta-automatica\/","url":"https:\/\/distribucionarc.com\/pl\/producto\/cortadora-de-cinta-automatica\/","name":"Cortador de fita autom\u00e1tico - distribui\u00e7\u00e3o ARC","isPartOf":{"@id":"https:\/\/distribucionarc.com\/de\/#website"},"primaryImageOfPage":{"@id":"https:\/\/distribucionarc.com\/pl\/producto\/cortadora-de-cinta-automatica\/#primaryimage"},"image":{"@id":"https:\/\/distribucionarc.com\/pl\/producto\/cortadora-de-cinta-automatica\/#primaryimage"},"thumbnailUrl":"https:\/\/distribucionarc.com\/wp-content\/uploads\/2021\/01\/Cortadora-de-cinta-automatica-0.jpg","datePublished":"2021-01-28T14:12:22+00:00","breadcrumb":{"@id":"https:\/\/distribucionarc.com\/pl\/producto\/cortadora-de-cinta-automatica\/#breadcrumb"},"inLanguage":"pt-PT","potentialAction":[{"@type":"ReadAction","target":["https:\/\/distribucionarc.com\/pl\/producto\/cortadora-de-cinta-automatica\/"]}]},{"@type":"ImageObject","inLanguage":"pt-PT","@id":"https:\/\/distribucionarc.com\/pl\/producto\/cortadora-de-cinta-automatica\/#primaryimage","url":"https:\/\/distribucionarc.com\/wp-content\/uploads\/2021\/01\/Cortadora-de-cinta-automatica-0.jpg","contentUrl":"https:\/\/distribucionarc.com\/wp-content\/uploads\/2021\/01\/Cortadora-de-cinta-automatica-0.jpg","width":1600,"height":1600,"caption":"Cortadora de cinta autom\u00e1tica\u00a0"},{"@type":"BreadcrumbList","@id":"https:\/\/distribucionarc.com\/pl\/producto\/cortadora-de-cinta-automatica\/#breadcrumb","itemListElement":[{"@type":"ListItem","position":1,"name":"Portada","item":"https:\/\/distribucionarc.com\/pl\/"},{"@type":"ListItem","position":2,"name":"Produkty","item":"https:\/\/distribucionarc.com\/pl\/shop\/"},{"@type":"ListItem","position":3,"name":"Cortadora de cinta autom\u00e1tica\u00a0"}]},{"@type":"WebSite","@id":"https:\/\/distribucionarc.com\/de\/#website","url":"https:\/\/distribucionarc.com\/de\/","name":"Distribui\u00e7\u00e3o ARC","description":"Empresa especializada no fabrico e distribui\u00e7\u00e3o de m\u00e1quinas industriais, m\u00e1quinas de selar latas, m\u00e1quinas de fazer comprimidos, m\u00e1quinas de cortar carne...","publisher":{"@id":"https:\/\/distribucionarc.com\/de\/#organization"},"potentialAction":[{"@type":"SearchAction","target":{"@type":"EntryPoint","urlTemplate":"https:\/\/distribucionarc.com\/de\/?s={search_term_string}"},"query-input":{"@type":"PropertyValueSpecification","valueRequired":true,"valueName":"search_term_string"}}],"inLanguage":"pt-PT"},{"@type":"Organization","@id":"https:\/\/distribucionarc.com\/de\/#organization","name":"Distribui\u00e7\u00e3o ARC","url":"https:\/\/distribucionarc.com\/de\/","logo":{"@type":"ImageObject","inLanguage":"pt-PT","@id":"https:\/\/distribucionarc.com\/de\/#\/schema\/logo\/image\/","url":"https:\/\/distribucionarc.com\/wp-content\/uploads\/2024\/10\/distribucion-ARC-COLOR-SIN-FONDO-e1732295305345.png","contentUrl":"https:\/\/distribucionarc.com\/wp-content\/uploads\/2024\/10\/distribucion-ARC-COLOR-SIN-FONDO-e1732295305345.png","width":1164,"height":558,"caption":"Distribuci\u00f3n ARC"},"image":{"@id":"https:\/\/distribucionarc.com\/de\/#\/schema\/logo\/image\/"},"description":"Empresa especializada no fabrico e distribui\u00e7\u00e3o de m\u00e1quinas industriais para os sectores alimentar e farmac\u00eautico. Somos especializados em: M\u00e1quinas de cortar carne Fabrico de comprimidos Sistemas de transporte industrial Linhas de engarrafamento Dispensadores E muito mais... Oferecemos solu\u00e7\u00f5es inovadoras e personalizadas para otimizar os processos de produ\u00e7\u00e3o da sua empresa.","email":"Admistracion@distribucionarc.com","telephone":"+34 643496664","legalName":"ARC TECH SOLUTIONS","foundingDate":"2024-04-09","vatID":"B55480172","numberOfEmployees":{"@type":"QuantitativeValue","minValue":"1","maxValue":"10"}}]}},"_links":{"self":[{"href":"https:\/\/distribucionarc.com\/pt\/wp-json\/wp\/v2\/product\/4318","targetHints":{"allow":["GET"]}}],"collection":[{"href":"https:\/\/distribucionarc.com\/pt\/wp-json\/wp\/v2\/product"}],"about":[{"href":"https:\/\/distribucionarc.com\/pt\/wp-json\/wp\/v2\/types\/product"}],"replies":[{"embeddable":true,"href":"https:\/\/distribucionarc.com\/pt\/wp-json\/wp\/v2\/comments?post=4318"}],"version-history":[{"count":0,"href":"https:\/\/distribucionarc.com\/pt\/wp-json\/wp\/v2\/product\/4318\/revisions"}],"wp:featuredmedia":[{"embeddable":true,"href":"https:\/\/distribucionarc.com\/pt\/wp-json\/wp\/v2\/media\/4319"}],"wp:attachment":[{"href":"https:\/\/distribucionarc.com\/pt\/wp-json\/wp\/v2\/media?parent=4318"}],"wp:term":[{"taxonomy":"product_brand","embeddable":true,"href":"https:\/\/distribucionarc.com\/pt\/wp-json\/wp\/v2\/product_brand?post=4318"},{"taxonomy":"product_cat","embeddable":true,"href":"https:\/\/distribucionarc.com\/pt\/wp-json\/wp\/v2\/product_cat?post=4318"},{"taxonomy":"product_tag","embeddable":true,"href":"https:\/\/distribucionarc.com\/pt\/wp-json\/wp\/v2\/product_tag?post=4318"}],"curies":[{"name":"wp","href":"https:\/\/api.w.org\/{rel}","templated":true}]}}