{"id":4345,"date":"2021-01-29T10:05:10","date_gmt":"2021-01-29T10:05:10","guid":{"rendered":"https:\/\/distribucionarc.com\/?post_type=product&#038;p=4345"},"modified":"2021-01-29T10:05:10","modified_gmt":"2021-01-29T10:05:10","slug":"inflador-para-milho-cereais-trigo-arroz","status":"publish","type":"product","link":"https:\/\/distribucionarc.com\/pt\/producto\/inflador-para-maiz-cereales-trigo-arroz\/","title":{"rendered":"Inflador para milho, cereais, trigo, arroz"},"content":{"rendered":"<h3>Inflador para milho, cereais, trigo, arroz<\/h3>\n<p>Com isso <strong>lanche <span style=\"color: #ff0000;\">PARA<\/span><span style=\"color: #0000ff;\">R<\/span>c<\/strong> Voc\u00ea pode fazer diversos cereais ou lanches. Gra\u00e7as ao seu <strong>infla\u00e7\u00e3o quente<\/strong> Pode real\u00e7ar o sabor de suas massas feitas com arroz, trigo, milho, etc. Com isso <strong>extrusora de cereais <span style=\"color: #ff0000;\">PARA<\/span><span style=\"color: #0000ff;\">R<\/span>CIC35<\/strong> Voc\u00ea pode combinar diferentes sabores para personalizar seu produto. Requer um motor diesel de 6 HP ou um motor el\u00e9trico de 3,5 kW.<\/p>\n<p>Esse <strong>inflador de lanche<\/strong> Inclui 7 formas para fazer diferentes cereais ou snacks. Gra\u00e7as ao sistema de aquecimento deste <strong>extrusora de lanche <span style=\"color: #ff0000;\">PARA<\/span><span style=\"color: #0000ff;\">R<\/span>c<\/strong> Voc\u00ea pode aprimorar seu produto para criar lanches ou cereais exclusivos e com identidade pr\u00f3pria.<\/p>\n<h6><\/h6>\n<h6><strong>Garantia\u00a0<span style=\"color: #ff0000;\">PARA<\/span><span style=\"color: #0000ff;\">R<\/span>C 2 ANOS<\/strong><\/h6>\n<h6><span style=\"color: #008000;\">Insuflador de cereais eficiente, baixo consumo 3,5 kW<\/span><\/h6>\n<h6><strong>suporte t\u00e9cnico inclu\u00eddo<\/strong><\/h6>\n<hr \/>\n<p>Pot\u00eancia necess\u00e1ria: motor de 4-5,5 kW ou diesel de 6 HP<\/p>\n<p>Velocidade necess\u00e1ria do motor: 1400r\/m<\/p>\n<p>Velocidade da m\u00e1quina: 440-500 r\/m<\/p>\n<p>Di\u00e2metro das motocicletas: 90-100mm<\/p>\n<p>Capacidade: aprox. 20 kg\/h<\/p>\n<p>Mat\u00e9ria prima: farinha de trigo, arroz e milho.<\/p>\n<p>7 formas, 1 tremonha, 2 pares de parafusos, 2 engrenagens, 1 roda, 1 cortador<\/p>\n<p>&nbsp;<\/p>\n<table role=\"presentation\" width=\"100%\" cellspacing=\"0\" cellpadding=\"0\">\n<tbody>\n<tr>\n<td class=\"attrLabels\">Marca:<\/td>\n<td width=\"50.0%\">ARCO<\/td>\n<\/tr>\n<tr>\n<td class=\"attrLabels\">Garantia:<\/td>\n<td width=\"50.0%\">2 anos<\/td>\n<td class=\"attrLabels\">Altura:<\/td>\n<td width=\"50.0%\">72cm<\/td>\n<\/tr>\n<tr>\n<td class=\"attrLabels\">Pa\u00eds de distribui\u00e7\u00e3o:<\/td>\n<td width=\"50.0%\">Espanha, Alemanha, EUA<\/td>\n<td class=\"attrLabels\">Longo:<\/td>\n<td width=\"50.0%\">85cm<\/td>\n<\/tr>\n<tr>\n<td class=\"attrLabels\">Cor:<\/td>\n<td width=\"50.0%\">verde<\/td>\n<td class=\"attrLabels\">Largo:<\/td>\n<td width=\"50.0%\">45cm<\/td>\n<\/tr>\n<tr>\n<td class=\"attrLabels\">Tipo de produto:<\/td>\n<td width=\"50.0%\">lanche<\/td>\n<td class=\"attrLabels\">Capacidade da tremonha:<\/td>\n<td width=\"50.0%\">20kg<\/td>\n<\/tr>\n<tr>\n<td class=\"attrLabels\">N\u00famero do fabricante:<\/td>\n<td width=\"50.0%\">ARCIC35<\/td>\n<td class=\"attrLabels\">Energia el\u00e9trica:<\/td>\n<td width=\"50.0%\">3500W<\/td>\n<\/tr>\n<tr>\n<td class=\"attrLabels\">Material:<\/td>\n<td width=\"50.0%\">304 alimentos em a\u00e7o inoxid\u00e1vel<\/td>\n<td class=\"attrLabels\">Pot\u00eancia do motor:<\/td>\n<td width=\"50.0%\">Gas\u00f3leo 6 CV<\/td>\n<\/tr>\n<tr>\n<td class=\"attrLabels\">Opera\u00e7\u00e3o:<\/td>\n<td width=\"50.0%\">Energia ou Motor Diesel<\/td>\n<td class=\"attrLabels\">Tipo de infla\u00e7\u00e3o:<\/td>\n<td width=\"50.0%\">extrusora quente<\/td>\n<\/tr>\n<tr>\n<td class=\"attrLabels\">Peso:<\/td>\n<td width=\"50.0%\">15kg<\/td>\n<td class=\"attrLabels\">Di\u00e2metro da bobina:<\/td>\n<td width=\"50.0%\">90 \u2013 100 mm<\/td>\n<\/tr>\n<\/tbody>\n<\/table>\n<p>&nbsp;<\/p>\n<p>&nbsp;<\/p>\n<p>&nbsp;<\/p>","protected":false},"excerpt":{"rendered":"<h2>Inflador para milho, cereais, trigo, arroz<\/h2>\n<p>Esse <strong>inflador de cereais<span style=\"color: #ff0000;\"> PARA<\/span><span style=\"color: #0000ff;\">R<\/span>c<\/strong> Possui vantagens devido ao seu pequeno tamanho, peso leve, estrutura de qualidade e f\u00e1cil opera\u00e7\u00e3o. Com isso<strong> extrusora<\/strong> <strong>arroz<\/strong> Voc\u00ea pode usar diversos produtos como arroz, massa de milho como mat\u00e9ria-prima e adicionar diversos sabores para produzir diversos cereais ou salgadinhos. Esse <strong>inflador industrial <\/strong>Incorpora um aquecedor para coletar o produto original e aumentar o sabor em at\u00e9 90 vezes. O <strong>extrusora de milho <span style=\"color: #ff0000;\">PARA<\/span><span style=\"color: #0000ff;\">R<\/span>c<\/strong> Voc\u00ea pode fazer diversos formatos com a variedade de moldes que incorpora, para fazer petiscos picantes, doces e salgados.<\/p>\n<h6><strong>Garantia\u00a0<span style=\"color: #ff0000;\">PARA<\/span><span style=\"color: #0000ff;\">R<\/span>C 2 ANOS<\/strong><\/h6>\n<h6><span style=\"color: #008000;\">Insuflador de cereais eficiente, baixo consumo 3,5 kW<\/span><\/h6>\n<h6><strong>suporte t\u00e9cnico inclu\u00eddo<\/strong><\/h6>","protected":false},"featured_media":4348,"comment_status":"open","ping_status":"closed","template":"","meta":{"wds_primary_product_brand":0,"wds_primary_product_cat":0},"product_brand":[],"product_cat":[266],"product_tag":[],"class_list":{"0":"post-4345","1":"product","2":"type-product","3":"status-publish","4":"has-post-thumbnail","6":"product_cat-accessories","7":"product_shipping_class-express","9":"first","10":"instock","11":"sale","12":"taxable","13":"shipping-taxable","14":"purchasable","15":"product-type-simple"},"yoast_head":"<!-- This site is optimized with the Yoast SEO Premium plugin v24.9 (Yoast SEO v26.1) - https:\/\/yoast.com\/wordpress\/plugins\/seo\/ -->\n<title>Inflador para ma\u00edz, cereales, trigo, arroz - distribuci\u00f3n ARC<\/title>\n<meta name=\"robots\" content=\"index, follow, max-snippet:-1, max-image-preview:large, max-video-preview:-1\" \/>\n<link rel=\"canonical\" href=\"https:\/\/distribucionarc.com\/pt\/produto\/inflador-para-milho-cereais-trigo-arroz\/\" \/>\n<meta property=\"og:locale\" content=\"pt_PT\" \/>\n<meta property=\"og:type\" content=\"article\" \/>\n<meta property=\"og:title\" content=\"Inflador para ma\u00edz, cereales, trigo, arroz\" \/>\n<meta property=\"og:description\" content=\"Inflador para ma\u00edz, cereales, trigo, arroz Esta infladora de cereales ARC tiene ventajas debido a su reducido tama\u00f1o, peso ligero, estructura de calidad, a su vez que el funcionamiento es sencillo. Con este extrusora de arroz puede utilizar diferentes productos como arroz, masa de ma\u00edz como materia prima y agregar varios sabores para producir diferentes cereales o aperitivos. Este inflador industrial incorpora un calentador para recoger el producto original e incrementar el sabor hasta 90 veces. La extrusora de ma\u00edz ARC puede hacer diferentes formas con la variedad de moldes que incorpora, para elaborar aperitivos picantes, dulces, salados. Garant\u00eda\u00a0ARC 2 A\u00d1OS Infladora para cereales eficiente, bajo consumo\u00a0 3,5 kW soporte t\u00e9cnico incluido\" \/>\n<meta property=\"og:url\" content=\"https:\/\/distribucionarc.com\/pt\/produto\/inflador-para-milho-cereais-trigo-arroz\/\" \/>\n<meta property=\"og:site_name\" content=\"distribuci\u00f3n ARC\" \/>\n<meta property=\"og:image\" content=\"https:\/\/distribucionarc.com\/wp-content\/uploads\/2021\/01\/Inflador-para-maiz-cereales-trigo-arroz-0.jpg\" \/>\n\t<meta property=\"og:image:width\" content=\"1000\" \/>\n\t<meta property=\"og:image:height\" content=\"1000\" \/>\n\t<meta property=\"og:image:type\" content=\"image\/jpeg\" \/>\n<meta name=\"twitter:card\" content=\"summary_large_image\" \/>\n<meta name=\"twitter:label1\" content=\"Tempo estimado de leitura\" \/>\n\t<meta name=\"twitter:data1\" content=\"1 minuto\" \/>\n<script type=\"application\/ld+json\" class=\"yoast-schema-graph\">{\"@context\":\"https:\/\/schema.org\",\"@graph\":[{\"@type\":\"WebPage\",\"@id\":\"https:\/\/distribucionarc.com\/en\/producto\/inflador-para-maiz-cereales-trigo-arroz\/\",\"url\":\"https:\/\/distribucionarc.com\/en\/producto\/inflador-para-maiz-cereales-trigo-arroz\/\",\"name\":\"Inflador para ma\u00edz, cereales, trigo, arroz - distribuci\u00f3n ARC\",\"isPartOf\":{\"@id\":\"https:\/\/distribucionarc.com\/pl\/#website\"},\"primaryImageOfPage\":{\"@id\":\"https:\/\/distribucionarc.com\/en\/producto\/inflador-para-maiz-cereales-trigo-arroz\/#primaryimage\"},\"image\":{\"@id\":\"https:\/\/distribucionarc.com\/en\/producto\/inflador-para-maiz-cereales-trigo-arroz\/#primaryimage\"},\"thumbnailUrl\":\"https:\/\/distribucionarc.com\/wp-content\/uploads\/2021\/01\/Inflador-para-maiz-cereales-trigo-arroz-0.jpg\",\"datePublished\":\"2021-01-29T10:05:10+00:00\",\"breadcrumb\":{\"@id\":\"https:\/\/distribucionarc.com\/en\/producto\/inflador-para-maiz-cereales-trigo-arroz\/#breadcrumb\"},\"inLanguage\":\"pt-PT\",\"potentialAction\":[{\"@type\":\"ReadAction\",\"target\":[\"https:\/\/distribucionarc.com\/en\/producto\/inflador-para-maiz-cereales-trigo-arroz\/\"]}]},{\"@type\":\"ImageObject\",\"inLanguage\":\"pt-PT\",\"@id\":\"https:\/\/distribucionarc.com\/en\/producto\/inflador-para-maiz-cereales-trigo-arroz\/#primaryimage\",\"url\":\"https:\/\/distribucionarc.com\/wp-content\/uploads\/2021\/01\/Inflador-para-maiz-cereales-trigo-arroz-0.jpg\",\"contentUrl\":\"https:\/\/distribucionarc.com\/wp-content\/uploads\/2021\/01\/Inflador-para-maiz-cereales-trigo-arroz-0.jpg\",\"width\":1000,\"height\":1000,\"caption\":\"Inflador para ma\u00edz, cereales, trigo, arroz\"},{\"@type\":\"BreadcrumbList\",\"@id\":\"https:\/\/distribucionarc.com\/en\/producto\/inflador-para-maiz-cereales-trigo-arroz\/#breadcrumb\",\"itemListElement\":[{\"@type\":\"ListItem\",\"position\":1,\"name\":\"Portada\",\"item\":\"https:\/\/www.distribucionarc.com\/tr\/\"},{\"@type\":\"ListItem\",\"position\":2,\"name\":\"Izdelki\",\"item\":\"https:\/\/www.distribucionarc.com\/sl\/trgovina\/\"},{\"@type\":\"ListItem\",\"position\":3,\"name\":\"Inflador para ma\u00edz, cereales, trigo, arroz\"}]},{\"@type\":\"WebSite\",\"@id\":\"https:\/\/distribucionarc.com\/pl\/#website\",\"url\":\"https:\/\/distribucionarc.com\/pl\/\",\"name\":\"distribuci\u00f3n ARC\",\"description\":\"Empresa especializada en la fabricaci\u00f3n y distribuci\u00f3n de maquinaria industrial, selladoras de latas, Maquinas de hacer pastillas, Maquinas de cortar carne...\",\"publisher\":{\"@id\":\"https:\/\/distribucionarc.com\/pl\/#organization\"},\"potentialAction\":[{\"@type\":\"SearchAction\",\"target\":{\"@type\":\"EntryPoint\",\"urlTemplate\":\"https:\/\/distribucionarc.com\/pl\/?s={search_term_string}\"},\"query-input\":{\"@type\":\"PropertyValueSpecification\",\"valueRequired\":true,\"valueName\":\"search_term_string\"}}],\"inLanguage\":\"pt-PT\"},{\"@type\":\"Organization\",\"@id\":\"https:\/\/distribucionarc.com\/pl\/#organization\",\"name\":\"Distribuci\u00f3n ARC\",\"url\":\"https:\/\/distribucionarc.com\/pl\/\",\"logo\":{\"@type\":\"ImageObject\",\"inLanguage\":\"pt-PT\",\"@id\":\"https:\/\/distribucionarc.com\/pl\/#\/schema\/logo\/image\/\",\"url\":\"https:\/\/distribucionarc.com\/wp-content\/uploads\/2024\/10\/distribucion-ARC-COLOR-SIN-FONDO-e1732295305345.png\",\"contentUrl\":\"https:\/\/distribucionarc.com\/wp-content\/uploads\/2024\/10\/distribucion-ARC-COLOR-SIN-FONDO-e1732295305345.png\",\"width\":1164,\"height\":558,\"caption\":\"Distribuci\u00f3n ARC\"},\"image\":{\"@id\":\"https:\/\/distribucionarc.com\/pl\/#\/schema\/logo\/image\/\"},\"description\":\"Empresa especializada en la fabricaci\u00f3n y distribuci\u00f3n de maquinaria industrial para los sectores alimentario y farmac\u00e9utico. Nos especializamos en: M\u00e1quinas de cortar carne Fabricaci\u00f3n de comprimidos Sistemas de transporte industrial L\u00edneas de embotellado Dosificadores Y mucho m\u00e1s... Ofrecemos soluciones innovadoras y personalizadas para optimizar los procesos productivos de tu empresa.\",\"email\":\"Admistracion@distribucionarc.com\",\"telephone\":\"+34 643496664\",\"legalName\":\"ARC TECH SOLUTIONS\",\"foundingDate\":\"2024-04-09\",\"vatID\":\"B55480172\",\"numberOfEmployees\":{\"@type\":\"QuantitativeValue\",\"minValue\":\"1\",\"maxValue\":\"10\"}}]}<\/script>\n<!-- \/ Yoast SEO Premium plugin. -->","yoast_head_json":{"title":"Insuflador para milho, cereais, trigo, arroz - distribui\u00e7\u00e3o ARC","robots":{"index":"index","follow":"follow","max-snippet":"max-snippet:-1","max-image-preview":"max-image-preview:large","max-video-preview":"max-video-preview:-1"},"canonical":"https:\/\/distribucionarc.com\/pt\/produto\/inflador-para-milho-cereais-trigo-arroz\/","og_locale":"pt_PT","og_type":"article","og_title":"Inflador para ma\u00edz, cereales, trigo, arroz","og_description":"Inflador para ma\u00edz, cereales, trigo, arroz Esta infladora de cereales ARC tiene ventajas debido a su reducido tama\u00f1o, peso ligero, estructura de calidad, a su vez que el funcionamiento es sencillo. Con este extrusora de arroz puede utilizar diferentes productos como arroz, masa de ma\u00edz como materia prima y agregar varios sabores para producir diferentes cereales o aperitivos. Este inflador industrial incorpora un calentador para recoger el producto original e incrementar el sabor hasta 90 veces. La extrusora de ma\u00edz ARC puede hacer diferentes formas con la variedad de moldes que incorpora, para elaborar aperitivos picantes, dulces, salados. Garant\u00eda\u00a0ARC 2 A\u00d1OS Infladora para cereales eficiente, bajo consumo\u00a0 3,5 kW soporte t\u00e9cnico incluido","og_url":"https:\/\/distribucionarc.com\/pt\/produto\/inflador-para-milho-cereais-trigo-arroz\/","og_site_name":"distribuci\u00f3n ARC","og_image":[{"width":1000,"height":1000,"url":"https:\/\/distribucionarc.com\/wp-content\/uploads\/2021\/01\/Inflador-para-maiz-cereales-trigo-arroz-0.jpg","type":"image\/jpeg"}],"twitter_card":"summary_large_image","twitter_misc":{"Tempo estimado de leitura":"1 minuto"},"schema":{"@context":"https:\/\/schema.org","@graph":[{"@type":"WebPage","@id":"https:\/\/distribucionarc.com\/en\/producto\/inflador-para-maiz-cereales-trigo-arroz\/","url":"https:\/\/distribucionarc.com\/en\/producto\/inflador-para-maiz-cereales-trigo-arroz\/","name":"Insuflador para milho, cereais, trigo, arroz - distribui\u00e7\u00e3o ARC","isPartOf":{"@id":"https:\/\/distribucionarc.com\/pl\/#website"},"primaryImageOfPage":{"@id":"https:\/\/distribucionarc.com\/en\/producto\/inflador-para-maiz-cereales-trigo-arroz\/#primaryimage"},"image":{"@id":"https:\/\/distribucionarc.com\/en\/producto\/inflador-para-maiz-cereales-trigo-arroz\/#primaryimage"},"thumbnailUrl":"https:\/\/distribucionarc.com\/wp-content\/uploads\/2021\/01\/Inflador-para-maiz-cereales-trigo-arroz-0.jpg","datePublished":"2021-01-29T10:05:10+00:00","breadcrumb":{"@id":"https:\/\/distribucionarc.com\/en\/producto\/inflador-para-maiz-cereales-trigo-arroz\/#breadcrumb"},"inLanguage":"pt-PT","potentialAction":[{"@type":"ReadAction","target":["https:\/\/distribucionarc.com\/en\/producto\/inflador-para-maiz-cereales-trigo-arroz\/"]}]},{"@type":"ImageObject","inLanguage":"pt-PT","@id":"https:\/\/distribucionarc.com\/en\/producto\/inflador-para-maiz-cereales-trigo-arroz\/#primaryimage","url":"https:\/\/distribucionarc.com\/wp-content\/uploads\/2021\/01\/Inflador-para-maiz-cereales-trigo-arroz-0.jpg","contentUrl":"https:\/\/distribucionarc.com\/wp-content\/uploads\/2021\/01\/Inflador-para-maiz-cereales-trigo-arroz-0.jpg","width":1000,"height":1000,"caption":"Inflador para ma\u00edz, cereales, trigo, arroz"},{"@type":"BreadcrumbList","@id":"https:\/\/distribucionarc.com\/en\/producto\/inflador-para-maiz-cereales-trigo-arroz\/#breadcrumb","itemListElement":[{"@type":"ListItem","position":1,"name":"Portada","item":"https:\/\/www.distribucionarc.com\/tr\/"},{"@type":"ListItem","position":2,"name":"Izdelki","item":"https:\/\/www.distribucionarc.com\/sl\/trgovina\/"},{"@type":"ListItem","position":3,"name":"Inflador para ma\u00edz, cereales, trigo, arroz"}]},{"@type":"WebSite","@id":"https:\/\/distribucionarc.com\/pl\/#website","url":"https:\/\/distribucionarc.com\/pl\/","name":"Distribui\u00e7\u00e3o ARC","description":"Empresa especializada no fabrico e distribui\u00e7\u00e3o de m\u00e1quinas industriais, m\u00e1quinas de selar latas, m\u00e1quinas de fazer comprimidos, m\u00e1quinas de cortar carne...","publisher":{"@id":"https:\/\/distribucionarc.com\/pl\/#organization"},"potentialAction":[{"@type":"SearchAction","target":{"@type":"EntryPoint","urlTemplate":"https:\/\/distribucionarc.com\/pl\/?s={search_term_string}"},"query-input":{"@type":"PropertyValueSpecification","valueRequired":true,"valueName":"search_term_string"}}],"inLanguage":"pt-PT"},{"@type":"Organization","@id":"https:\/\/distribucionarc.com\/pl\/#organization","name":"Distribui\u00e7\u00e3o ARC","url":"https:\/\/distribucionarc.com\/pl\/","logo":{"@type":"ImageObject","inLanguage":"pt-PT","@id":"https:\/\/distribucionarc.com\/pl\/#\/schema\/logo\/image\/","url":"https:\/\/distribucionarc.com\/wp-content\/uploads\/2024\/10\/distribucion-ARC-COLOR-SIN-FONDO-e1732295305345.png","contentUrl":"https:\/\/distribucionarc.com\/wp-content\/uploads\/2024\/10\/distribucion-ARC-COLOR-SIN-FONDO-e1732295305345.png","width":1164,"height":558,"caption":"Distribuci\u00f3n ARC"},"image":{"@id":"https:\/\/distribucionarc.com\/pl\/#\/schema\/logo\/image\/"},"description":"Empresa especializada no fabrico e distribui\u00e7\u00e3o de m\u00e1quinas industriais para os sectores alimentar e farmac\u00eautico. Somos especializados em: M\u00e1quinas de cortar carne Fabrico de comprimidos Sistemas de transporte industrial Linhas de engarrafamento Dispensadores E muito mais... Oferecemos solu\u00e7\u00f5es inovadoras e personalizadas para otimizar os processos de produ\u00e7\u00e3o da sua empresa.","email":"Admistracion@distribucionarc.com","telephone":"+34 643496664","legalName":"ARC TECH SOLUTIONS","foundingDate":"2024-04-09","vatID":"B55480172","numberOfEmployees":{"@type":"QuantitativeValue","minValue":"1","maxValue":"10"}}]}},"_links":{"self":[{"href":"https:\/\/distribucionarc.com\/pt\/wp-json\/wp\/v2\/product\/4345","targetHints":{"allow":["GET"]}}],"collection":[{"href":"https:\/\/distribucionarc.com\/pt\/wp-json\/wp\/v2\/product"}],"about":[{"href":"https:\/\/distribucionarc.com\/pt\/wp-json\/wp\/v2\/types\/product"}],"replies":[{"embeddable":true,"href":"https:\/\/distribucionarc.com\/pt\/wp-json\/wp\/v2\/comments?post=4345"}],"version-history":[{"count":0,"href":"https:\/\/distribucionarc.com\/pt\/wp-json\/wp\/v2\/product\/4345\/revisions"}],"wp:featuredmedia":[{"embeddable":true,"href":"https:\/\/distribucionarc.com\/pt\/wp-json\/wp\/v2\/media\/4348"}],"wp:attachment":[{"href":"https:\/\/distribucionarc.com\/pt\/wp-json\/wp\/v2\/media?parent=4345"}],"wp:term":[{"taxonomy":"product_brand","embeddable":true,"href":"https:\/\/distribucionarc.com\/pt\/wp-json\/wp\/v2\/product_brand?post=4345"},{"taxonomy":"product_cat","embeddable":true,"href":"https:\/\/distribucionarc.com\/pt\/wp-json\/wp\/v2\/product_cat?post=4345"},{"taxonomy":"product_tag","embeddable":true,"href":"https:\/\/distribucionarc.com\/pt\/wp-json\/wp\/v2\/product_tag?post=4345"}],"curies":[{"name":"wp","href":"https:\/\/api.w.org\/{rel}","templated":true}]}}