{"id":488,"date":"2020-04-19T14:37:15","date_gmt":"2020-04-19T14:37:15","guid":{"rendered":"https:\/\/distribucionarc.com\/?post_type=product&#038;p=488"},"modified":"2023-03-31T07:37:39","modified_gmt":"2023-03-31T07:37:39","slug":"rotuladora-eletrica-de-garrafas-5%ef%b8%8f%e2%83%a30%ef%b8%8f%e2%83%a3-etiquetas-m-%f0%9f%a7%b4-rotulagem-do-numero-do-lote","status":"publish","type":"product","link":"https:\/\/distribucionarc.com\/pt\/producto\/maquina-etiquetadora-de-botellas-electrica-5%ef%b8%8f%e2%83%a30%ef%b8%8f%e2%83%a3-etiquetas-m-%f0%9f%a7%b4-etiquetado-numero-de-lote\/","title":{"rendered":"M\u00e1quina el\u00e9trica de rotulagem de garrafas 5\ufe0f\u20e30\ufe0f\u20e3 Etiquetas \/m? Rotulagem de n\u00famero de lote"},"content":{"rendered":"<h2>Rotuladora el\u00e9trica de garrafas 5\ufe0f\u20e30\ufe0f\u20e3 etiquetas por minuto?<strong>\u00a0 Rotulagem de n\u00famero de lote\u00a0<\/strong><\/h2>\n<p>&nbsp;<\/p>\n<p>M\u00e1quina semiautom\u00e1tica adequada para diversos tamanhos de etiquetas adesivas e tamb\u00e9m para todos os tipos de garrafas redondas. Possui tamb\u00e9m alta precis\u00e3o e alta velocidade para dispensa\u00e7\u00e3o e etiquetagem autom\u00e1tica. Pode ser usado em garrafas PET, garrafas pl\u00e1sticas, garrafas de vidro, garrafas met\u00e1licas, etc.<\/p>\n<ul class=\"_1V4Ij\" data-hook=\"collapse-info-section\">\n<li class=\"_2knBS undefined\" data-hook=\"collapse-info-item\">\n<div class=\"rah-static rah-static--height-auto\" aria-hidden=\"false\">\n<div>\n<div class=\"_1yvxJ cell\">\n<div class=\"WncCi\" data-hook=\"info-section-description\">\n<ul>\n<li>Pr\u00e1tico para etiquetar garrafas redondas de diferentes tamanhos.<\/li>\n<li>Rotulagem ajust\u00e1vel de acordo com as necessidades da pe\u00e7a.<\/li>\n<li>A efici\u00eancia da rotulagem \u00e9 muito alta.<\/li>\n<li>Basta colocar a garrafa manualmente na orienta\u00e7\u00e3o desejada e pressionar.<\/li>\n<li>Rotulagem perfeita, sem dobras, rugas ou bolhas, aumentando a competitividade do produto.<\/li>\n<li>Os sensores e componentes eletr\u00f4nicos s\u00e3o controlados pelo PLC tornando o desempenho mais est\u00e1vel.<\/li>\n<li>Manuten\u00e7\u00e3o e reparos s\u00e3o de baixo custo.<\/li>\n<li>\u00c9 muito f\u00e1cil de usar.<\/li>\n<\/ul>\n<\/div>\n<\/div>\n<\/div>\n<\/div>\n<\/li>\n<li class=\"_2knBS\" data-hook=\"collapse-info-item\">\n<h3 class=\"s8gg2 _2UIKs\" data-hook=\"info-section-title\">Especifica\u00e7\u00f5es:<\/h3>\n<\/li>\n<li>Tens\u00e3o: 220V<\/li>\n<li>Pot\u00eancia do motor: 120W<\/li>\n<li>Di\u00e2metros de garrafa de: 15 a 120mm.<\/li>\n<li>Di\u00e2metro externo m\u00e1ximo da bobina: 275mm.<\/li>\n<li>Di\u00e2metro interno do rolo: 75mm.<\/li>\n<li>Tamanho m\u00ednimo da etiqueta: 26 mm (largura) x 25 mm (comprimento)<\/li>\n<li>Tamanho m\u00e1ximo da etiqueta: 150 mm (largura) x 180 mm (comprimento)<\/li>\n<li>Velocidade de rotulagem: 20 a 40 garrafas\/min.<\/li>\n<li>Precis\u00e3o: +\/- 0,5 mm.<\/li>\n<li>Dispositivo para rotulagem de lote ou data de validade<\/li>\n<\/ul>\n<h3>Neste v\u00eddeo voc\u00ea pode ver a montagem da m\u00e1quina. ?<\/h3>\n<p><iframe loading=\"lazy\" src=\"https:\/\/www.youtube.com\/embed\/_gJQm-YM1Cc\" width=\"560\" height=\"315\" frameborder=\"0\" allowfullscreen=\"allowfullscreen\"><\/iframe><\/p>\n<h3>Tamb\u00e9m podemos v\u00ea-lo em opera\u00e7\u00e3o?<\/h3>\n<p><iframe loading=\"lazy\" src=\"https:\/\/www.youtube.com\/embed\/KtgEGh9dzfs\" width=\"560\" height=\"315\" frameborder=\"0\" allowfullscreen=\"allowfullscreen\"><\/iframe><\/p>","protected":false},"excerpt":{"rendered":"<p>M\u00e1quina de rotulagem de garrafas<\/p>\n<p>Com esta m\u00e1quina podemos etiquetar diversos tipos de garrafas, sejam elas de alum\u00ednio, vidro ou pl\u00e1stico.<\/p>\n<p>Esta etiquetadora imprime automaticamente o n\u00famero do lote ou data de validade<\/p>\n<p>Tamanho da garrafa (comprimento) m\u00e1ximo 15mm\u2796120mm<\/p>\n<p>Todas as nossas m\u00e1quinas t\u00eam garantia de 2\ufe0f\u20e3 anos.<\/p>\n<p>Suporte t\u00e9cnico em caso de avaria.<\/p>","protected":false},"featured_media":498,"comment_status":"open","ping_status":"closed","template":"","meta":{"wds_primary_product_brand":0,"wds_primary_product_cat":0},"product_brand":[],"product_cat":[44],"product_tag":[],"class_list":{"0":"post-488","1":"product","2":"type-product","3":"status-publish","4":"has-post-thumbnail","6":"product_cat-etiquetadoras-de-botellas","8":"first","9":"instock","10":"taxable","11":"shipping-taxable","12":"purchasable","13":"product-type-simple"},"yoast_head":"<!-- This site is optimized with the Yoast SEO Premium plugin v24.9 (Yoast SEO v26.1) - https:\/\/yoast.com\/wordpress\/plugins\/seo\/ -->\n<title>M\u00e1quina Etiquetadora de Botellas El\u00e9ctrica 5\ufe0f\u20e30\ufe0f\u20e3 Etiquetas \/m ? Etiquetado N\u00famero de Lote - distribuci\u00f3n ARC<\/title>\n<meta name=\"robots\" content=\"index, follow, max-snippet:-1, max-image-preview:large, max-video-preview:-1\" \/>\n<link rel=\"canonical\" href=\"https:\/\/distribucionarc.com\/pt\/produto\/rotuladora-eletrica-de-garrafas-5\ufe0f\u20e30\ufe0f\u20e3-etiquetas-m-\ud83e\uddf4-rotulagem-do-numero-do-lote\/\" \/>\n<meta property=\"og:locale\" content=\"pt_PT\" \/>\n<meta property=\"og:type\" content=\"article\" \/>\n<meta property=\"og:title\" content=\"M\u00e1quina Etiquetadora de Botellas El\u00e9ctrica 5\ufe0f\u20e30\ufe0f\u20e3 Etiquetas \/m ? Etiquetado N\u00famero de Lote\" \/>\n<meta property=\"og:description\" content=\"M\u00e1quina Etiquetadora de Botellas  Con esta m\u00e1quina podemos etiquetar diferentes tipos de botellas pueden ser de aluminio,cristal o pl\u00e1stico.  Esta etiquetadora imprime el n\u00famero de lote autom\u00e1ticamente o la fecha de caducidad  Tama\u00f1o de la botella (largo) m\u00e1ximo 15mm\u2796120mm  Toda nuestra maquinaria tiene garant\u00eda de 2\ufe0f\u20e3 a\u00f1os.  Soporte t\u00e9cnico en caso de aver\u00eda.\" \/>\n<meta property=\"og:url\" content=\"https:\/\/distribucionarc.com\/pt\/produto\/rotuladora-eletrica-de-garrafas-5\ufe0f\u20e30\ufe0f\u20e3-etiquetas-m-\ud83e\uddf4-rotulagem-do-numero-do-lote\/\" \/>\n<meta property=\"og:site_name\" content=\"distribuci\u00f3n ARC\" \/>\n<meta property=\"article:modified_time\" content=\"2023-03-31T07:37:39+00:00\" \/>\n<meta property=\"og:image\" content=\"https:\/\/distribucionarc.com\/wp-content\/uploads\/2020\/04\/maquina_Etiquetadora_de_botellas_fecha_de_caducidad_0.jpg\" \/>\n\t<meta property=\"og:image:width\" content=\"1600\" \/>\n\t<meta property=\"og:image:height\" content=\"1600\" \/>\n\t<meta property=\"og:image:type\" content=\"image\/jpeg\" \/>\n<meta name=\"twitter:card\" content=\"summary_large_image\" \/>\n<meta name=\"twitter:label1\" content=\"Tempo estimado de leitura\" \/>\n\t<meta name=\"twitter:data1\" content=\"1 minuto\" \/>\n<script type=\"application\/ld+json\" class=\"yoast-schema-graph\">{\"@context\":\"https:\/\/schema.org\",\"@graph\":[{\"@type\":\"WebPage\",\"@id\":\"https:\/\/distribucionarc.com\/nb\/producto\/maquina-etiquetadora-de-botellas-electrica-5%ef%b8%8f%e2%83%a30%ef%b8%8f%e2%83%a3-etiquetas-m-%f0%9f%a7%b4-etiquetado-numero-de-lote\/\",\"url\":\"https:\/\/distribucionarc.com\/nb\/producto\/maquina-etiquetadora-de-botellas-electrica-5%ef%b8%8f%e2%83%a30%ef%b8%8f%e2%83%a3-etiquetas-m-%f0%9f%a7%b4-etiquetado-numero-de-lote\/\",\"name\":\"M\u00e1quina Etiquetadora de Botellas El\u00e9ctrica 5\ufe0f\u20e30\ufe0f\u20e3 Etiquetas \/m ? Etiquetado N\u00famero de Lote - distribuci\u00f3n ARC\",\"isPartOf\":{\"@id\":\"https:\/\/www.distribucionarc.com\/sl\/#website\"},\"primaryImageOfPage\":{\"@id\":\"https:\/\/distribucionarc.com\/nb\/producto\/maquina-etiquetadora-de-botellas-electrica-5%ef%b8%8f%e2%83%a30%ef%b8%8f%e2%83%a3-etiquetas-m-%f0%9f%a7%b4-etiquetado-numero-de-lote\/#primaryimage\"},\"image\":{\"@id\":\"https:\/\/distribucionarc.com\/nb\/producto\/maquina-etiquetadora-de-botellas-electrica-5%ef%b8%8f%e2%83%a30%ef%b8%8f%e2%83%a3-etiquetas-m-%f0%9f%a7%b4-etiquetado-numero-de-lote\/#primaryimage\"},\"thumbnailUrl\":\"https:\/\/distribucionarc.com\/wp-content\/uploads\/2020\/04\/maquina_Etiquetadora_de_botellas_fecha_de_caducidad_0.jpg\",\"datePublished\":\"2020-04-19T14:37:15+00:00\",\"dateModified\":\"2023-03-31T07:37:39+00:00\",\"breadcrumb\":{\"@id\":\"https:\/\/distribucionarc.com\/nb\/producto\/maquina-etiquetadora-de-botellas-electrica-5%ef%b8%8f%e2%83%a30%ef%b8%8f%e2%83%a3-etiquetas-m-%f0%9f%a7%b4-etiquetado-numero-de-lote\/#breadcrumb\"},\"inLanguage\":\"pt-PT\",\"potentialAction\":[{\"@type\":\"ReadAction\",\"target\":[\"https:\/\/distribucionarc.com\/nb\/producto\/maquina-etiquetadora-de-botellas-electrica-5%ef%b8%8f%e2%83%a30%ef%b8%8f%e2%83%a3-etiquetas-m-%f0%9f%a7%b4-etiquetado-numero-de-lote\/\"]}]},{\"@type\":\"ImageObject\",\"inLanguage\":\"pt-PT\",\"@id\":\"https:\/\/distribucionarc.com\/nb\/producto\/maquina-etiquetadora-de-botellas-electrica-5%ef%b8%8f%e2%83%a30%ef%b8%8f%e2%83%a3-etiquetas-m-%f0%9f%a7%b4-etiquetado-numero-de-lote\/#primaryimage\",\"url\":\"https:\/\/distribucionarc.com\/wp-content\/uploads\/2020\/04\/maquina_Etiquetadora_de_botellas_fecha_de_caducidad_0.jpg\",\"contentUrl\":\"https:\/\/distribucionarc.com\/wp-content\/uploads\/2020\/04\/maquina_Etiquetadora_de_botellas_fecha_de_caducidad_0.jpg\",\"width\":1600,\"height\":1600},{\"@type\":\"BreadcrumbList\",\"@id\":\"https:\/\/distribucionarc.com\/nb\/producto\/maquina-etiquetadora-de-botellas-electrica-5%ef%b8%8f%e2%83%a30%ef%b8%8f%e2%83%a3-etiquetas-m-%f0%9f%a7%b4-etiquetado-numero-de-lote\/#breadcrumb\",\"itemListElement\":[{\"@type\":\"ListItem\",\"position\":1,\"name\":\"Portada\",\"item\":\"https:\/\/www.distribucionarc.com\/\"},{\"@type\":\"ListItem\",\"position\":2,\"name\":\"\u00dcr\u00fcnler\",\"item\":\"https:\/\/www.distribucionarc.com\/tr\/magaza\/\"},{\"@type\":\"ListItem\",\"position\":3,\"name\":\"M\u00e1quina Etiquetadora de Botellas El\u00e9ctrica 5\ufe0f\u20e30\ufe0f\u20e3 Etiquetas \/m ? Etiquetado N\u00famero de Lote\"}]},{\"@type\":\"WebSite\",\"@id\":\"https:\/\/www.distribucionarc.com\/sl\/#website\",\"url\":\"https:\/\/www.distribucionarc.com\/sl\/\",\"name\":\"distribuci\u00f3n ARC\",\"description\":\"Empresa especializada en la fabricaci\u00f3n y distribuci\u00f3n de maquinaria industrial, selladoras de latas, Maquinas de hacer pastillas, Maquinas de cortar carne...\",\"publisher\":{\"@id\":\"https:\/\/www.distribucionarc.com\/sl\/#organization\"},\"potentialAction\":[{\"@type\":\"SearchAction\",\"target\":{\"@type\":\"EntryPoint\",\"urlTemplate\":\"https:\/\/www.distribucionarc.com\/sl\/?s={search_term_string}\"},\"query-input\":{\"@type\":\"PropertyValueSpecification\",\"valueRequired\":true,\"valueName\":\"search_term_string\"}}],\"inLanguage\":\"pt-PT\"},{\"@type\":\"Organization\",\"@id\":\"https:\/\/www.distribucionarc.com\/sl\/#organization\",\"name\":\"Distribuci\u00f3n ARC\",\"url\":\"https:\/\/www.distribucionarc.com\/sl\/\",\"logo\":{\"@type\":\"ImageObject\",\"inLanguage\":\"pt-PT\",\"@id\":\"https:\/\/www.distribucionarc.com\/sl\/#\/schema\/logo\/image\/\",\"url\":\"https:\/\/distribucionarc.com\/wp-content\/uploads\/2024\/10\/distribucion-ARC-COLOR-SIN-FONDO-e1732295305345.png\",\"contentUrl\":\"https:\/\/distribucionarc.com\/wp-content\/uploads\/2024\/10\/distribucion-ARC-COLOR-SIN-FONDO-e1732295305345.png\",\"width\":1164,\"height\":558,\"caption\":\"Distribuci\u00f3n ARC\"},\"image\":{\"@id\":\"https:\/\/www.distribucionarc.com\/sl\/#\/schema\/logo\/image\/\"},\"description\":\"Empresa especializada en la fabricaci\u00f3n y distribuci\u00f3n de maquinaria industrial para los sectores alimentario y farmac\u00e9utico. Nos especializamos en: M\u00e1quinas de cortar carne Fabricaci\u00f3n de comprimidos Sistemas de transporte industrial L\u00edneas de embotellado Dosificadores Y mucho m\u00e1s... Ofrecemos soluciones innovadoras y personalizadas para optimizar los procesos productivos de tu empresa.\",\"email\":\"Admistracion@distribucionarc.com\",\"telephone\":\"+34 643496664\",\"legalName\":\"ARC TECH SOLUTIONS\",\"foundingDate\":\"2024-04-09\",\"vatID\":\"B55480172\",\"numberOfEmployees\":{\"@type\":\"QuantitativeValue\",\"minValue\":\"1\",\"maxValue\":\"10\"}}]}<\/script>\n<!-- \/ Yoast SEO Premium plugin. -->","yoast_head_json":{"title":"M\u00e1quina el\u00e9trica de rotulagem de garrafas 5\ufe0f\u20e30\ufe0f\u20e3 Etiquetas \/m? Rotulagem de n\u00famero de lote - distribui\u00e7\u00e3o ARC","robots":{"index":"index","follow":"follow","max-snippet":"max-snippet:-1","max-image-preview":"max-image-preview:large","max-video-preview":"max-video-preview:-1"},"canonical":"https:\/\/distribucionarc.com\/pt\/produto\/rotuladora-eletrica-de-garrafas-5\ufe0f\u20e30\ufe0f\u20e3-etiquetas-m-\ud83e\uddf4-rotulagem-do-numero-do-lote\/","og_locale":"pt_PT","og_type":"article","og_title":"M\u00e1quina Etiquetadora de Botellas El\u00e9ctrica 5\ufe0f\u20e30\ufe0f\u20e3 Etiquetas \/m ? Etiquetado N\u00famero de Lote","og_description":"M\u00e1quina Etiquetadora de Botellas  Con esta m\u00e1quina podemos etiquetar diferentes tipos de botellas pueden ser de aluminio,cristal o pl\u00e1stico.  Esta etiquetadora imprime el n\u00famero de lote autom\u00e1ticamente o la fecha de caducidad  Tama\u00f1o de la botella (largo) m\u00e1ximo 15mm\u2796120mm  Toda nuestra maquinaria tiene garant\u00eda de 2\ufe0f\u20e3 a\u00f1os.  Soporte t\u00e9cnico en caso de aver\u00eda.","og_url":"https:\/\/distribucionarc.com\/pt\/produto\/rotuladora-eletrica-de-garrafas-5\ufe0f\u20e30\ufe0f\u20e3-etiquetas-m-\ud83e\uddf4-rotulagem-do-numero-do-lote\/","og_site_name":"distribuci\u00f3n ARC","article_modified_time":"2023-03-31T07:37:39+00:00","og_image":[{"width":1600,"height":1600,"url":"https:\/\/distribucionarc.com\/wp-content\/uploads\/2020\/04\/maquina_Etiquetadora_de_botellas_fecha_de_caducidad_0.jpg","type":"image\/jpeg"}],"twitter_card":"summary_large_image","twitter_misc":{"Tempo estimado de leitura":"1 minuto"},"schema":{"@context":"https:\/\/schema.org","@graph":[{"@type":"WebPage","@id":"https:\/\/distribucionarc.com\/nb\/producto\/maquina-etiquetadora-de-botellas-electrica-5%ef%b8%8f%e2%83%a30%ef%b8%8f%e2%83%a3-etiquetas-m-%f0%9f%a7%b4-etiquetado-numero-de-lote\/","url":"https:\/\/distribucionarc.com\/nb\/producto\/maquina-etiquetadora-de-botellas-electrica-5%ef%b8%8f%e2%83%a30%ef%b8%8f%e2%83%a3-etiquetas-m-%f0%9f%a7%b4-etiquetado-numero-de-lote\/","name":"M\u00e1quina el\u00e9trica de rotulagem de garrafas 5\ufe0f\u20e30\ufe0f\u20e3 Etiquetas \/m? Rotulagem de n\u00famero de lote - distribui\u00e7\u00e3o ARC","isPartOf":{"@id":"https:\/\/www.distribucionarc.com\/sl\/#website"},"primaryImageOfPage":{"@id":"https:\/\/distribucionarc.com\/nb\/producto\/maquina-etiquetadora-de-botellas-electrica-5%ef%b8%8f%e2%83%a30%ef%b8%8f%e2%83%a3-etiquetas-m-%f0%9f%a7%b4-etiquetado-numero-de-lote\/#primaryimage"},"image":{"@id":"https:\/\/distribucionarc.com\/nb\/producto\/maquina-etiquetadora-de-botellas-electrica-5%ef%b8%8f%e2%83%a30%ef%b8%8f%e2%83%a3-etiquetas-m-%f0%9f%a7%b4-etiquetado-numero-de-lote\/#primaryimage"},"thumbnailUrl":"https:\/\/distribucionarc.com\/wp-content\/uploads\/2020\/04\/maquina_Etiquetadora_de_botellas_fecha_de_caducidad_0.jpg","datePublished":"2020-04-19T14:37:15+00:00","dateModified":"2023-03-31T07:37:39+00:00","breadcrumb":{"@id":"https:\/\/distribucionarc.com\/nb\/producto\/maquina-etiquetadora-de-botellas-electrica-5%ef%b8%8f%e2%83%a30%ef%b8%8f%e2%83%a3-etiquetas-m-%f0%9f%a7%b4-etiquetado-numero-de-lote\/#breadcrumb"},"inLanguage":"pt-PT","potentialAction":[{"@type":"ReadAction","target":["https:\/\/distribucionarc.com\/nb\/producto\/maquina-etiquetadora-de-botellas-electrica-5%ef%b8%8f%e2%83%a30%ef%b8%8f%e2%83%a3-etiquetas-m-%f0%9f%a7%b4-etiquetado-numero-de-lote\/"]}]},{"@type":"ImageObject","inLanguage":"pt-PT","@id":"https:\/\/distribucionarc.com\/nb\/producto\/maquina-etiquetadora-de-botellas-electrica-5%ef%b8%8f%e2%83%a30%ef%b8%8f%e2%83%a3-etiquetas-m-%f0%9f%a7%b4-etiquetado-numero-de-lote\/#primaryimage","url":"https:\/\/distribucionarc.com\/wp-content\/uploads\/2020\/04\/maquina_Etiquetadora_de_botellas_fecha_de_caducidad_0.jpg","contentUrl":"https:\/\/distribucionarc.com\/wp-content\/uploads\/2020\/04\/maquina_Etiquetadora_de_botellas_fecha_de_caducidad_0.jpg","width":1600,"height":1600},{"@type":"BreadcrumbList","@id":"https:\/\/distribucionarc.com\/nb\/producto\/maquina-etiquetadora-de-botellas-electrica-5%ef%b8%8f%e2%83%a30%ef%b8%8f%e2%83%a3-etiquetas-m-%f0%9f%a7%b4-etiquetado-numero-de-lote\/#breadcrumb","itemListElement":[{"@type":"ListItem","position":1,"name":"Portada","item":"https:\/\/www.distribucionarc.com\/"},{"@type":"ListItem","position":2,"name":"\u00dcr\u00fcnler","item":"https:\/\/www.distribucionarc.com\/tr\/magaza\/"},{"@type":"ListItem","position":3,"name":"M\u00e1quina Etiquetadora de Botellas El\u00e9ctrica 5\ufe0f\u20e30\ufe0f\u20e3 Etiquetas \/m ? Etiquetado N\u00famero de Lote"}]},{"@type":"WebSite","@id":"https:\/\/www.distribucionarc.com\/sl\/#website","url":"https:\/\/www.distribucionarc.com\/sl\/","name":"Distribui\u00e7\u00e3o ARC","description":"Empresa especializada no fabrico e distribui\u00e7\u00e3o de m\u00e1quinas industriais, m\u00e1quinas de selar latas, m\u00e1quinas de fazer comprimidos, m\u00e1quinas de cortar carne...","publisher":{"@id":"https:\/\/www.distribucionarc.com\/sl\/#organization"},"potentialAction":[{"@type":"SearchAction","target":{"@type":"EntryPoint","urlTemplate":"https:\/\/www.distribucionarc.com\/sl\/?s={search_term_string}"},"query-input":{"@type":"PropertyValueSpecification","valueRequired":true,"valueName":"search_term_string"}}],"inLanguage":"pt-PT"},{"@type":"Organization","@id":"https:\/\/www.distribucionarc.com\/sl\/#organization","name":"Distribui\u00e7\u00e3o ARC","url":"https:\/\/www.distribucionarc.com\/sl\/","logo":{"@type":"ImageObject","inLanguage":"pt-PT","@id":"https:\/\/www.distribucionarc.com\/sl\/#\/schema\/logo\/image\/","url":"https:\/\/distribucionarc.com\/wp-content\/uploads\/2024\/10\/distribucion-ARC-COLOR-SIN-FONDO-e1732295305345.png","contentUrl":"https:\/\/distribucionarc.com\/wp-content\/uploads\/2024\/10\/distribucion-ARC-COLOR-SIN-FONDO-e1732295305345.png","width":1164,"height":558,"caption":"Distribuci\u00f3n ARC"},"image":{"@id":"https:\/\/www.distribucionarc.com\/sl\/#\/schema\/logo\/image\/"},"description":"Empresa especializada no fabrico e distribui\u00e7\u00e3o de m\u00e1quinas industriais para os sectores alimentar e farmac\u00eautico. Somos especializados em: M\u00e1quinas de cortar carne Fabrico de comprimidos Sistemas de transporte industrial Linhas de engarrafamento Dispensadores E muito mais... Oferecemos solu\u00e7\u00f5es inovadoras e personalizadas para otimizar os processos de produ\u00e7\u00e3o da sua empresa.","email":"Admistracion@distribucionarc.com","telephone":"+34 643496664","legalName":"ARC TECH SOLUTIONS","foundingDate":"2024-04-09","vatID":"B55480172","numberOfEmployees":{"@type":"QuantitativeValue","minValue":"1","maxValue":"10"}}]}},"_links":{"self":[{"href":"https:\/\/distribucionarc.com\/pt\/wp-json\/wp\/v2\/product\/488","targetHints":{"allow":["GET"]}}],"collection":[{"href":"https:\/\/distribucionarc.com\/pt\/wp-json\/wp\/v2\/product"}],"about":[{"href":"https:\/\/distribucionarc.com\/pt\/wp-json\/wp\/v2\/types\/product"}],"replies":[{"embeddable":true,"href":"https:\/\/distribucionarc.com\/pt\/wp-json\/wp\/v2\/comments?post=488"}],"version-history":[{"count":0,"href":"https:\/\/distribucionarc.com\/pt\/wp-json\/wp\/v2\/product\/488\/revisions"}],"wp:featuredmedia":[{"embeddable":true,"href":"https:\/\/distribucionarc.com\/pt\/wp-json\/wp\/v2\/media\/498"}],"wp:attachment":[{"href":"https:\/\/distribucionarc.com\/pt\/wp-json\/wp\/v2\/media?parent=488"}],"wp:term":[{"taxonomy":"product_brand","embeddable":true,"href":"https:\/\/distribucionarc.com\/pt\/wp-json\/wp\/v2\/product_brand?post=488"},{"taxonomy":"product_cat","embeddable":true,"href":"https:\/\/distribucionarc.com\/pt\/wp-json\/wp\/v2\/product_cat?post=488"},{"taxonomy":"product_tag","embeddable":true,"href":"https:\/\/distribucionarc.com\/pt\/wp-json\/wp\/v2\/product_tag?post=488"}],"curies":[{"name":"wp","href":"https:\/\/api.w.org\/{rel}","templated":true}]}}