{"id":502,"date":"2020-04-19T15:15:10","date_gmt":"2020-04-19T15:15:10","guid":{"rendered":"https:\/\/distribucionarc.com\/?post_type=product&#038;p=502"},"modified":"2023-03-31T07:42:33","modified_gmt":"2023-03-31T07:42:33","slug":"maquina-profissional-de-rotulagem-de-garrafas-%f0%9f%a7%b4-rotulagem-de-numero-de-lote","status":"publish","type":"product","link":"https:\/\/distribucionarc.com\/pt\/producto\/maquina-etiquetadora-de-botellas-profesional-%f0%9f%a7%b4-etiquetado-numero-de-lote\/","title":{"rendered":"M\u00e1quina profissional de rotulagem de garrafas? Rotulagem de n\u00famero de lote\u00a0"},"content":{"rendered":"<h2>M\u00e1quina profissional de rotulagem de garrafas?<strong>\u00a0 Rotulagem de n\u00famero de lote\u00a0<\/strong><\/h2>\n<p>&nbsp;<\/p>\n<p>M\u00e1quina semiautom\u00e1tica adequada para diferentes tamanhos de etiquetas adesivas, bem como para todos os tipos de garrafas redondas. Tamb\u00e9m possui alta precis\u00e3o e velocidade para dispensar e etiquetar automaticamente. Pode ser usado em garrafas PET, garrafas pl\u00e1sticas, garrafas de vidro, garrafas met\u00e1licas, etc.<\/p>\n<ul class=\"_1V4Ij\" data-hook=\"collapse-info-section\">\n<li class=\"_2knBS undefined\" data-hook=\"collapse-info-item\">\n<div class=\"rah-static rah-static--height-auto\" aria-hidden=\"false\">\n<div class=\"_1yvxJ cell\">\n<div class=\"WncCi\" data-hook=\"info-section-description\">\n<ul>\n<li>Pr\u00e1tico para etiquetar garrafas redondas de diferentes tamanhos.<\/li>\n<li>Rotulagem ajust\u00e1vel de acordo com as necessidades da pe\u00e7a.<\/li>\n<li>A efici\u00eancia da rotulagem \u00e9 muito alta.<\/li>\n<li>Basta colocar manualmente a garrafa na orienta\u00e7\u00e3o necess\u00e1ria<\/li>\n<li>Rotulagem perfeita, sem dobras, rugas ou bolhas, aumentando a competitividade do produto.<\/li>\n<li>Os sensores e componentes eletr\u00f4nicos s\u00e3o controlados pelo PLC tornando o desempenho mais est\u00e1vel.<\/li>\n<li>Manuten\u00e7\u00e3o e reparos s\u00e3o de baixo custo.<\/li>\n<li>\u00c9 muito f\u00e1cil de usar.<\/li>\n<\/ul>\n<p><strong>Especifica\u00e7\u00e3o<\/strong><\/p>\n<p>M\u00e1quina rotuladora semiautom\u00e1tica de garrafas redondas SL130 com fun\u00e7\u00e3o de impressora de codifica\u00e7\u00e3o<br \/>\nEsta m\u00e1quina rotula 1 garrafa redonda com 2 r\u00f3tulos, desde que o comprimento dos 2 r\u00f3tulos seja o mesmo.<br \/>\nEsta m\u00e1quina de etiquetar \u00e9 usada para etiquetar e codificar v\u00e1rias garrafas redondas, codificando, como: garrafas de vidro, garrafas de pl\u00e1stico, latas, cristal, etc.<\/p>\n<p>Esta m\u00e1quina est\u00e1 configurada com fun\u00e7\u00e3o de codifica\u00e7\u00e3o. Ao etiquetar, voc\u00ea pode imprimir o n\u00famero do lote de produ\u00e7\u00e3o e a data ao mesmo tempo, o que simplifica o processo de fabrica\u00e7\u00e3o e melhora a efici\u00eancia.<\/p>\n<p>Utilizamos o sistema eletromagn\u00e9tico, o que melhora a precis\u00e3o. Na m\u00e1quina, a liga de alum\u00ednio de alta qualidade \u00e9 anodizada, portanto a vida \u00fatil da m\u00e1quina \u00e9 maior.<\/p>\n<p>Todas as pe\u00e7as e componentes padronizados da m\u00e1quina s\u00e3o cuidadosamente fabricados em a\u00e7o inoxid\u00e1vel. Enquanto isso, com painel de controle PLC e display de cristal l\u00edquido, a apar\u00eancia \u00e9 muito moderna.<\/p>\n<p>DETALHES:<\/p>\n<p>Tens\u00e3o: 200~240V ou 110V<\/p>\n<p>Pot\u00eancia: 150W<\/p>\n<p>Dimens\u00f5es da etiqueta (m\u00e1x.): 120 (largura) x 400 (comprimento) mm<\/p>\n<p>Dimens\u00f5es da etiqueta (MINI): 10 (largura) x 30 (comprimento) mm<\/p>\n<h3>Tamanho da garrafa.<\/h3>\n<p>Dimens\u00e3o m\u00e1xima (m\u00e1x.): 125 125 mm (4,92 \u00bb)<\/p>\n<p>Dimens\u00e3o m\u00ednima (MINI): 20 20mm (0,8 \u00bb)<\/p>\n<p>Dimens\u00f5es externas: 580x680x860mm (22,84\u00d726,77\u00d733,86\u2033)<\/p>\n<p>Peso l\u00edquido: 42kg<\/p>\n<p>Conte\u00fado do pacote:<br \/>\nCinto 1X\u03a64<\/p>\n<p>1 x tubo protetor 3A<\/p>\n<p>1 manual de instru\u00e7\u00f5es<\/p>\n<p>1 x mola de freio<\/p>\n<p>1 x chave sextavada interna M4<\/p>\n<p>1 x chave sextavada interna M5<\/p>\n<p>1 x chave sextavada interna M6<\/p>\n<p>1 x chave sextavada interna M8<\/p>\n<p>1 m\u00e1quina de codifica\u00e7\u00e3o HP-241<\/p>\n<\/div>\n<p>&nbsp;<\/p>\n<div class=\"WncCi\" data-hook=\"info-section-description\">\n<p>&nbsp;<\/p>\n<\/div>\n<\/div>\n<\/div>\n<\/li>\n<\/ul>\n<p><iframe loading=\"lazy\" src=\"https:\/\/www.youtube.com\/embed\/-ImYO2i-Ji0\" width=\"560\" height=\"315\" frameborder=\"0\" allowfullscreen=\"allowfullscreen\"><\/iframe><\/p>","protected":false},"excerpt":{"rendered":"<p>M\u00e1quina de rotulagem de garrafas<\/p>\n<p>Rotuladora semiautom\u00e1tica de garrafas redondas SL130 com fun\u00e7\u00e3o de impressora de lote e expira\u00e7\u00e3o<br \/>\nEsta m\u00e1quina rotula 1 garrafa redonda com 2 r\u00f3tulos, desde que o comprimento dos 2 r\u00f3tulos seja o mesmo.<br \/>\nEsta m\u00e1quina de etiquetar \u00e9 usada para etiquetar e codificar v\u00e1rias garrafas redondas, codificando, como: garrafas de vidro, garrafas de pl\u00e1stico, latas, etc.<br \/>\ntamanho m\u00e1ximo da etiqueta (120 mm de largura \u2796400 mm de comprimento)<\/p>\n<p>Todas as nossas m\u00e1quinas t\u00eam garantia de 2\ufe0f\u20e3 anos.<\/p>\n<p>Suporte t\u00e9cnico em caso de avaria.<\/p>","protected":false},"featured_media":506,"comment_status":"open","ping_status":"closed","template":"","meta":{"wds_primary_product_brand":0,"wds_primary_product_cat":0},"product_brand":[],"product_cat":[44],"product_tag":[],"class_list":{"0":"post-502","1":"product","2":"type-product","3":"status-publish","4":"has-post-thumbnail","6":"product_cat-etiquetadoras-de-botellas","8":"first","9":"instock","10":"taxable","11":"shipping-taxable","12":"purchasable","13":"product-type-simple"},"yoast_head":"<!-- This site is optimized with the Yoast SEO Premium plugin v24.9 (Yoast SEO v26.1) - https:\/\/yoast.com\/wordpress\/plugins\/seo\/ -->\n<title>M\u00e1quina Etiquetadora de Botellas Profesional ?\u00a0 Etiquetado N\u00famero de Lote\u00a0 - distribuci\u00f3n ARC<\/title>\n<meta name=\"robots\" content=\"index, follow, max-snippet:-1, max-image-preview:large, max-video-preview:-1\" \/>\n<link rel=\"canonical\" href=\"https:\/\/www.distribucionarc.com\/producto\/maquina-etiquetadora-de-botellas-profesional-\ud83e\uddf4-etiquetado-numero-de-lote\/\" \/>\n<meta property=\"og:locale\" content=\"pt_PT\" \/>\n<meta property=\"og:type\" content=\"article\" \/>\n<meta property=\"og:title\" content=\"M\u00e1quina Etiquetadora de Botellas Profesional ?\u00a0 Etiquetado N\u00famero de Lote\u00a0\" \/>\n<meta property=\"og:description\" content=\"M\u00e1quina Etiquetadora de Botellas  Etiquetadora de botellas redondas semiautom\u00e1tica SL130 con funci\u00f3n de impresora de lote y caducidad Esta m\u00e1quina etiqueta 1 botella redonda con 2 etiquetas, siempre y cuando la longitud de las 2 etiquetas sea la misma. Esta m\u00e1quina de etiquetas se utiliza para etiquetar y codificar en varias botellas redondas, codificaci\u00f3n, como: botellas de vidrio, botellas de pl\u00e1stico, latas, etc. tama\u00f1o de la etiqueta\u00a0 maximo (120mm ancho \u2796400mm largo)  Toda nuestra maquinaria tiene garant\u00eda de 2\ufe0f\u20e3 a\u00f1os.  Soporte t\u00e9cnico en caso de aver\u00eda.\" \/>\n<meta property=\"og:url\" content=\"https:\/\/www.distribucionarc.com\/producto\/maquina-etiquetadora-de-botellas-profesional-\ud83e\uddf4-etiquetado-numero-de-lote\/\" \/>\n<meta property=\"og:site_name\" content=\"distribuci\u00f3n ARC\" \/>\n<meta property=\"article:modified_time\" content=\"2023-03-31T07:42:33+00:00\" \/>\n<meta property=\"og:image\" content=\"https:\/\/www.distribucionarc.com\/wp-content\/uploads\/2020\/04\/maquina_Etiquetadora_de_botellas_profesional_0.jpg\" \/>\n\t<meta property=\"og:image:width\" content=\"1600\" \/>\n\t<meta property=\"og:image:height\" content=\"1600\" \/>\n\t<meta property=\"og:image:type\" content=\"image\/jpeg\" \/>\n<meta name=\"twitter:card\" content=\"summary_large_image\" \/>\n<meta name=\"twitter:label1\" content=\"Tempo estimado de leitura\" \/>\n\t<meta name=\"twitter:data1\" content=\"2 minutos\" \/>\n<script type=\"application\/ld+json\" class=\"yoast-schema-graph\">{\"@context\":\"https:\/\/schema.org\",\"@graph\":[{\"@type\":\"WebPage\",\"@id\":\"https:\/\/www.distribucionarc.com\/producto\/maquina-etiquetadora-de-botellas-profesional-%f0%9f%a7%b4-etiquetado-numero-de-lote\/\",\"url\":\"https:\/\/www.distribucionarc.com\/producto\/maquina-etiquetadora-de-botellas-profesional-%f0%9f%a7%b4-etiquetado-numero-de-lote\/\",\"name\":\"M\u00e1quina Etiquetadora de Botellas Profesional ?\u00a0 Etiquetado N\u00famero de Lote\u00a0 - distribuci\u00f3n ARC\",\"isPartOf\":{\"@id\":\"https:\/\/distribucionarc.com\/en\/#website\"},\"primaryImageOfPage\":{\"@id\":\"https:\/\/www.distribucionarc.com\/producto\/maquina-etiquetadora-de-botellas-profesional-%f0%9f%a7%b4-etiquetado-numero-de-lote\/#primaryimage\"},\"image\":{\"@id\":\"https:\/\/www.distribucionarc.com\/producto\/maquina-etiquetadora-de-botellas-profesional-%f0%9f%a7%b4-etiquetado-numero-de-lote\/#primaryimage\"},\"thumbnailUrl\":\"https:\/\/distribucionarc.com\/wp-content\/uploads\/2020\/04\/maquina_Etiquetadora_de_botellas_profesional_0.jpg\",\"datePublished\":\"2020-04-19T15:15:10+00:00\",\"dateModified\":\"2023-03-31T07:42:33+00:00\",\"breadcrumb\":{\"@id\":\"https:\/\/www.distribucionarc.com\/producto\/maquina-etiquetadora-de-botellas-profesional-%f0%9f%a7%b4-etiquetado-numero-de-lote\/#breadcrumb\"},\"inLanguage\":\"pt-PT\",\"potentialAction\":[{\"@type\":\"ReadAction\",\"target\":[\"https:\/\/www.distribucionarc.com\/producto\/maquina-etiquetadora-de-botellas-profesional-%f0%9f%a7%b4-etiquetado-numero-de-lote\/\"]}]},{\"@type\":\"ImageObject\",\"inLanguage\":\"pt-PT\",\"@id\":\"https:\/\/www.distribucionarc.com\/producto\/maquina-etiquetadora-de-botellas-profesional-%f0%9f%a7%b4-etiquetado-numero-de-lote\/#primaryimage\",\"url\":\"https:\/\/distribucionarc.com\/wp-content\/uploads\/2020\/04\/maquina_Etiquetadora_de_botellas_profesional_0.jpg\",\"contentUrl\":\"https:\/\/distribucionarc.com\/wp-content\/uploads\/2020\/04\/maquina_Etiquetadora_de_botellas_profesional_0.jpg\",\"width\":1600,\"height\":1600},{\"@type\":\"BreadcrumbList\",\"@id\":\"https:\/\/www.distribucionarc.com\/producto\/maquina-etiquetadora-de-botellas-profesional-%f0%9f%a7%b4-etiquetado-numero-de-lote\/#breadcrumb\",\"itemListElement\":[{\"@type\":\"ListItem\",\"position\":1,\"name\":\"Portada\",\"item\":\"https:\/\/distribucionarc.com\/\"},{\"@type\":\"ListItem\",\"position\":2,\"name\":\"\u0627\u0644\u0645\u0646\u062a\u062c\u0627\u062a\",\"item\":\"https:\/\/distribucionarc.com\/ar\/%d9%85%d8%ad%d9%84\/\"},{\"@type\":\"ListItem\",\"position\":3,\"name\":\"M\u00e1quina Etiquetadora de Botellas Profesional ?\u00a0 Etiquetado N\u00famero de Lote\u00a0\"}]},{\"@type\":\"WebSite\",\"@id\":\"https:\/\/distribucionarc.com\/en\/#website\",\"url\":\"https:\/\/distribucionarc.com\/en\/\",\"name\":\"distribuci\u00f3n ARC\",\"description\":\"Empresa especializada en la fabricaci\u00f3n y distribuci\u00f3n de maquinaria industrial, selladoras de latas, Maquinas de hacer pastillas, Maquinas de cortar carne...\",\"publisher\":{\"@id\":\"https:\/\/distribucionarc.com\/en\/#organization\"},\"potentialAction\":[{\"@type\":\"SearchAction\",\"target\":{\"@type\":\"EntryPoint\",\"urlTemplate\":\"https:\/\/distribucionarc.com\/en\/?s={search_term_string}\"},\"query-input\":{\"@type\":\"PropertyValueSpecification\",\"valueRequired\":true,\"valueName\":\"search_term_string\"}}],\"inLanguage\":\"pt-PT\"},{\"@type\":\"Organization\",\"@id\":\"https:\/\/distribucionarc.com\/en\/#organization\",\"name\":\"Distribuci\u00f3n ARC\",\"url\":\"https:\/\/distribucionarc.com\/en\/\",\"logo\":{\"@type\":\"ImageObject\",\"inLanguage\":\"pt-PT\",\"@id\":\"https:\/\/distribucionarc.com\/en\/#\/schema\/logo\/image\/\",\"url\":\"https:\/\/distribucionarc.com\/wp-content\/uploads\/2024\/10\/distribucion-ARC-COLOR-SIN-FONDO-e1732295305345.png\",\"contentUrl\":\"https:\/\/distribucionarc.com\/wp-content\/uploads\/2024\/10\/distribucion-ARC-COLOR-SIN-FONDO-e1732295305345.png\",\"width\":1164,\"height\":558,\"caption\":\"Distribuci\u00f3n ARC\"},\"image\":{\"@id\":\"https:\/\/distribucionarc.com\/en\/#\/schema\/logo\/image\/\"},\"description\":\"Empresa especializada en la fabricaci\u00f3n y distribuci\u00f3n de maquinaria industrial para los sectores alimentario y farmac\u00e9utico. Nos especializamos en: M\u00e1quinas de cortar carne Fabricaci\u00f3n de comprimidos Sistemas de transporte industrial L\u00edneas de embotellado Dosificadores Y mucho m\u00e1s... Ofrecemos soluciones innovadoras y personalizadas para optimizar los procesos productivos de tu empresa.\",\"email\":\"Admistracion@distribucionarc.com\",\"telephone\":\"+34 643496664\",\"legalName\":\"ARC TECH SOLUTIONS\",\"foundingDate\":\"2024-04-09\",\"vatID\":\"B55480172\",\"numberOfEmployees\":{\"@type\":\"QuantitativeValue\",\"minValue\":\"1\",\"maxValue\":\"10\"}}]}<\/script>\n<!-- \/ Yoast SEO Premium plugin. -->","yoast_head_json":{"title":"M\u00e1quina profissional de rotulagem de garrafas? Rotulagem de n\u00famero de lote - distribui\u00e7\u00e3o ARC","robots":{"index":"index","follow":"follow","max-snippet":"max-snippet:-1","max-image-preview":"max-image-preview:large","max-video-preview":"max-video-preview:-1"},"canonical":"https:\/\/www.distribucionarc.com\/producto\/maquina-etiquetadora-de-botellas-profesional-\ud83e\uddf4-etiquetado-numero-de-lote\/","og_locale":"pt_PT","og_type":"article","og_title":"M\u00e1quina Etiquetadora de Botellas Profesional ?\u00a0 Etiquetado N\u00famero de Lote\u00a0","og_description":"M\u00e1quina Etiquetadora de Botellas  Etiquetadora de botellas redondas semiautom\u00e1tica SL130 con funci\u00f3n de impresora de lote y caducidad Esta m\u00e1quina etiqueta 1 botella redonda con 2 etiquetas, siempre y cuando la longitud de las 2 etiquetas sea la misma. Esta m\u00e1quina de etiquetas se utiliza para etiquetar y codificar en varias botellas redondas, codificaci\u00f3n, como: botellas de vidrio, botellas de pl\u00e1stico, latas, etc. tama\u00f1o de la etiqueta\u00a0 maximo (120mm ancho \u2796400mm largo)  Toda nuestra maquinaria tiene garant\u00eda de 2\ufe0f\u20e3 a\u00f1os.  Soporte t\u00e9cnico en caso de aver\u00eda.","og_url":"https:\/\/www.distribucionarc.com\/producto\/maquina-etiquetadora-de-botellas-profesional-\ud83e\uddf4-etiquetado-numero-de-lote\/","og_site_name":"distribuci\u00f3n ARC","article_modified_time":"2023-03-31T07:42:33+00:00","og_image":[{"width":1600,"height":1600,"url":"https:\/\/www.distribucionarc.com\/wp-content\/uploads\/2020\/04\/maquina_Etiquetadora_de_botellas_profesional_0.jpg","type":"image\/jpeg"}],"twitter_card":"summary_large_image","twitter_misc":{"Tempo estimado de leitura":"2 minutos"},"schema":{"@context":"https:\/\/schema.org","@graph":[{"@type":"WebPage","@id":"https:\/\/www.distribucionarc.com\/producto\/maquina-etiquetadora-de-botellas-profesional-%f0%9f%a7%b4-etiquetado-numero-de-lote\/","url":"https:\/\/www.distribucionarc.com\/producto\/maquina-etiquetadora-de-botellas-profesional-%f0%9f%a7%b4-etiquetado-numero-de-lote\/","name":"M\u00e1quina profissional de rotulagem de garrafas? Rotulagem de n\u00famero de lote - distribui\u00e7\u00e3o ARC","isPartOf":{"@id":"https:\/\/distribucionarc.com\/en\/#website"},"primaryImageOfPage":{"@id":"https:\/\/www.distribucionarc.com\/producto\/maquina-etiquetadora-de-botellas-profesional-%f0%9f%a7%b4-etiquetado-numero-de-lote\/#primaryimage"},"image":{"@id":"https:\/\/www.distribucionarc.com\/producto\/maquina-etiquetadora-de-botellas-profesional-%f0%9f%a7%b4-etiquetado-numero-de-lote\/#primaryimage"},"thumbnailUrl":"https:\/\/distribucionarc.com\/wp-content\/uploads\/2020\/04\/maquina_Etiquetadora_de_botellas_profesional_0.jpg","datePublished":"2020-04-19T15:15:10+00:00","dateModified":"2023-03-31T07:42:33+00:00","breadcrumb":{"@id":"https:\/\/www.distribucionarc.com\/producto\/maquina-etiquetadora-de-botellas-profesional-%f0%9f%a7%b4-etiquetado-numero-de-lote\/#breadcrumb"},"inLanguage":"pt-PT","potentialAction":[{"@type":"ReadAction","target":["https:\/\/www.distribucionarc.com\/producto\/maquina-etiquetadora-de-botellas-profesional-%f0%9f%a7%b4-etiquetado-numero-de-lote\/"]}]},{"@type":"ImageObject","inLanguage":"pt-PT","@id":"https:\/\/www.distribucionarc.com\/producto\/maquina-etiquetadora-de-botellas-profesional-%f0%9f%a7%b4-etiquetado-numero-de-lote\/#primaryimage","url":"https:\/\/distribucionarc.com\/wp-content\/uploads\/2020\/04\/maquina_Etiquetadora_de_botellas_profesional_0.jpg","contentUrl":"https:\/\/distribucionarc.com\/wp-content\/uploads\/2020\/04\/maquina_Etiquetadora_de_botellas_profesional_0.jpg","width":1600,"height":1600},{"@type":"BreadcrumbList","@id":"https:\/\/www.distribucionarc.com\/producto\/maquina-etiquetadora-de-botellas-profesional-%f0%9f%a7%b4-etiquetado-numero-de-lote\/#breadcrumb","itemListElement":[{"@type":"ListItem","position":1,"name":"Portada","item":"https:\/\/distribucionarc.com\/"},{"@type":"ListItem","position":2,"name":"\u0627\u0644\u0645\u0646\u062a\u062c\u0627\u062a","item":"https:\/\/distribucionarc.com\/ar\/%d9%85%d8%ad%d9%84\/"},{"@type":"ListItem","position":3,"name":"M\u00e1quina Etiquetadora de Botellas Profesional ?\u00a0 Etiquetado N\u00famero de Lote\u00a0"}]},{"@type":"WebSite","@id":"https:\/\/distribucionarc.com\/en\/#website","url":"https:\/\/distribucionarc.com\/en\/","name":"Distribui\u00e7\u00e3o ARC","description":"Empresa especializada no fabrico e distribui\u00e7\u00e3o de m\u00e1quinas industriais, m\u00e1quinas de selar latas, m\u00e1quinas de fazer comprimidos, m\u00e1quinas de cortar carne...","publisher":{"@id":"https:\/\/distribucionarc.com\/en\/#organization"},"potentialAction":[{"@type":"SearchAction","target":{"@type":"EntryPoint","urlTemplate":"https:\/\/distribucionarc.com\/en\/?s={search_term_string}"},"query-input":{"@type":"PropertyValueSpecification","valueRequired":true,"valueName":"search_term_string"}}],"inLanguage":"pt-PT"},{"@type":"Organization","@id":"https:\/\/distribucionarc.com\/en\/#organization","name":"Distribui\u00e7\u00e3o ARC","url":"https:\/\/distribucionarc.com\/en\/","logo":{"@type":"ImageObject","inLanguage":"pt-PT","@id":"https:\/\/distribucionarc.com\/en\/#\/schema\/logo\/image\/","url":"https:\/\/distribucionarc.com\/wp-content\/uploads\/2024\/10\/distribucion-ARC-COLOR-SIN-FONDO-e1732295305345.png","contentUrl":"https:\/\/distribucionarc.com\/wp-content\/uploads\/2024\/10\/distribucion-ARC-COLOR-SIN-FONDO-e1732295305345.png","width":1164,"height":558,"caption":"Distribuci\u00f3n ARC"},"image":{"@id":"https:\/\/distribucionarc.com\/en\/#\/schema\/logo\/image\/"},"description":"Empresa especializada no fabrico e distribui\u00e7\u00e3o de m\u00e1quinas industriais para os sectores alimentar e farmac\u00eautico. Somos especializados em: M\u00e1quinas de cortar carne Fabrico de comprimidos Sistemas de transporte industrial Linhas de engarrafamento Dispensadores E muito mais... Oferecemos solu\u00e7\u00f5es inovadoras e personalizadas para otimizar os processos de produ\u00e7\u00e3o da sua empresa.","email":"Admistracion@distribucionarc.com","telephone":"+34 643496664","legalName":"ARC TECH SOLUTIONS","foundingDate":"2024-04-09","vatID":"B55480172","numberOfEmployees":{"@type":"QuantitativeValue","minValue":"1","maxValue":"10"}}]}},"_links":{"self":[{"href":"https:\/\/distribucionarc.com\/pt\/wp-json\/wp\/v2\/product\/502","targetHints":{"allow":["GET"]}}],"collection":[{"href":"https:\/\/distribucionarc.com\/pt\/wp-json\/wp\/v2\/product"}],"about":[{"href":"https:\/\/distribucionarc.com\/pt\/wp-json\/wp\/v2\/types\/product"}],"replies":[{"embeddable":true,"href":"https:\/\/distribucionarc.com\/pt\/wp-json\/wp\/v2\/comments?post=502"}],"version-history":[{"count":0,"href":"https:\/\/distribucionarc.com\/pt\/wp-json\/wp\/v2\/product\/502\/revisions"}],"wp:featuredmedia":[{"embeddable":true,"href":"https:\/\/distribucionarc.com\/pt\/wp-json\/wp\/v2\/media\/506"}],"wp:attachment":[{"href":"https:\/\/distribucionarc.com\/pt\/wp-json\/wp\/v2\/media?parent=502"}],"wp:term":[{"taxonomy":"product_brand","embeddable":true,"href":"https:\/\/distribucionarc.com\/pt\/wp-json\/wp\/v2\/product_brand?post=502"},{"taxonomy":"product_cat","embeddable":true,"href":"https:\/\/distribucionarc.com\/pt\/wp-json\/wp\/v2\/product_cat?post=502"},{"taxonomy":"product_tag","embeddable":true,"href":"https:\/\/distribucionarc.com\/pt\/wp-json\/wp\/v2\/product_tag?post=502"}],"curies":[{"name":"wp","href":"https:\/\/api.w.org\/{rel}","templated":true}]}}