{"id":5761,"date":"2023-05-12T21:13:08","date_gmt":"2023-05-12T21:13:08","guid":{"rendered":"https:\/\/distribucionarc.com\/?post_type=product&#038;p=5761"},"modified":"2024-10-05T03:04:04","modified_gmt":"2024-10-05T03:04:04","slug":"fatiador-automatico-de-carne","status":"publish","type":"product","link":"https:\/\/distribucionarc.com\/pt\/producto\/cortadora-de-fiambre-automatica\/","title":{"rendered":"Fatiador de carne autom\u00e1tico"},"content":{"rendered":"<h2>Frios e fatiador autom\u00e1tico de carne<\/h2>\n<p><a href=\"https:\/\/distribucionarc.com\/wp-content\/uploads\/2023\/05\/cortadora-fiambre-automatica-medidas-1.jpg\"><img loading=\"lazy\" decoding=\"async\" class=\"alignnone size-medium wp-image-5956\" src=\"https:\/\/distribucionarc.com\/wp-content\/uploads\/2023\/05\/cortadora-fiambre-automatica-medidas-1-300x300.jpg\" alt=\"\" width=\"300\" height=\"300\" srcset=\"https:\/\/distribucionarc.com\/wp-content\/uploads\/2023\/05\/cortadora-fiambre-automatica-medidas-1-300x300.jpg 300w, https:\/\/distribucionarc.com\/wp-content\/uploads\/2023\/05\/cortadora-fiambre-automatica-medidas-1-430x430.jpg 430w, https:\/\/distribucionarc.com\/wp-content\/uploads\/2023\/05\/cortadora-fiambre-automatica-medidas-1-150x150.jpg 150w, https:\/\/distribucionarc.com\/wp-content\/uploads\/2023\/05\/cortadora-fiambre-automatica-medidas-1-700x700.jpg 700w, https:\/\/distribucionarc.com\/wp-content\/uploads\/2023\/05\/cortadora-fiambre-automatica-medidas-1-1024x1024.jpg 1024w, https:\/\/distribucionarc.com\/wp-content\/uploads\/2023\/05\/cortadora-fiambre-automatica-medidas-1-768x768.jpg 768w, https:\/\/distribucionarc.com\/wp-content\/uploads\/2023\/05\/cortadora-fiambre-automatica-medidas-1-1536x1536.jpg 1536w, https:\/\/distribucionarc.com\/wp-content\/uploads\/2023\/05\/cortadora-fiambre-automatica-medidas-1-12x12.jpg 12w, https:\/\/distribucionarc.com\/wp-content\/uploads\/2023\/05\/cortadora-fiambre-automatica-medidas-1-48x48.jpg 48w, https:\/\/distribucionarc.com\/wp-content\/uploads\/2023\/05\/cortadora-fiambre-automatica-medidas-1.jpg 2000w\" sizes=\"auto, (max-width: 300px) 100vw, 300px\" \/><\/a><\/p>\n<p>Nosso <strong>frios e fatiador de carne<\/strong>e autom\u00e1tico \u00e9 a solu\u00e7\u00e3o perfeita para obter cortes precisos e eficientes de forma autom\u00e1tica. Com acabamento de alta qualidade, esta m\u00e1quina oferece uma s\u00e9rie de recursos que a tornam segura e f\u00e1cil de usar. N\u00e3o \u00e9 necess\u00e1rio controle manual, proporcionando comodidade e precis\u00e3o no corte. Fabricado com corpo em a\u00e7o inoxid\u00e1vel AISI 304 de alta qualidade, este fatiador oferece durabilidade e resist\u00eancia. O dispositivo de corte inclinado e o acionamento autom\u00e1tico do carro tornam-no especialmente adequado para produtos c\u00e1rneos. Com l\u00e2minas de 320 mm de di\u00e2metro, largura m\u00e1xima de corte de 300 mm e espessura de corte ajust\u00e1vel de 0 a 18 mm, voc\u00ea poder\u00e1 obter fatias perfeitas de acordo com suas necessidades. Em termos de liga\u00e7\u00e3o, possui liga\u00e7\u00e3o el\u00e9trica de 1 \/ N \/ PE 230 volts \/ 50 Hz e pot\u00eancia de 370*2 watts. As suas dimens\u00f5es externas de 747 mm x 582 mm x 764 mm tornam-no compacto e f\u00e1cil de colocar no seu espa\u00e7o de trabalho.<\/p>\n<div style=\"width: 1280px;\" class=\"wp-video\"><video class=\"wp-video-shortcode\" id=\"video-5761-1\" width=\"1280\" height=\"720\" preload=\"metadata\" controls=\"controls\"><source type=\"video\/mp4\" src=\"https:\/\/distribucionarc.com\/wp-content\/uploads\/2023\/05\/cortadora-fiambre-automatica-funcionamiento.mp4?_=1\" \/><a href=\"https:\/\/distribucionarc.com\/wp-content\/uploads\/2023\/05\/cortadora-fiambre-automatica-funcionamiento.mp4\">https:\/\/distribucionarc.com\/wp-content\/uploads\/2023\/05\/cortadora-fiambre-automatica-funcionamiento.mp4<\/a><\/video><\/div>\n<p>Especifica\u00e7\u00f5es t\u00e9cnicas<strong> AR10168<\/strong><\/p>\n<ul>\n<li>Controle manual ou autom\u00e1tico<\/li>\n<li>corte preciso<\/li>\n<li>F\u00e1cil opera\u00e7\u00e3o mec\u00e2nica<\/li>\n<li>A prote\u00e7\u00e3o das m\u00e3os oferece opera\u00e7\u00e3o segura<\/li>\n<li>Rebolo substitu\u00edvel<\/li>\n<li>Prote\u00e7\u00e3o contra respingos<\/li>\n<li>F\u00e1cil de limpar<\/li>\n<li>Corpo em a\u00e7o inoxid\u00e1vel AISI 304 de alta qualidade<\/li>\n<li>Dispositivo de corte inclinado<\/li>\n<li>Acionamento autom\u00e1tico do carro<\/li>\n<li>Particularmente adequado para produtos de carne<\/li>\n<li>Di\u00e2metro das l\u00e2minas: 320mm<\/li>\n<li>Largura de corte: m\u00e1ximo 300 mm<\/li>\n<li>Espessura de corte: 0 \u2013 18mm<\/li>\n<li>Conex\u00e3o el\u00e9trica: 1\/N\/PE 230 volts\/50 Hz<\/li>\n<\/ul>\n<h3>Solicite mais informa\u00e7\u00f5es<\/h3>\n<p>Em\u00a0<b>Distribui\u00e7\u00e3o ARC<\/b>\u00a0Aconselhamos na otimiza\u00e7\u00e3o da f\u00e1brica ou na cria\u00e7\u00e3o de uma nova ind\u00fastria<\/p>","protected":false},"excerpt":{"rendered":"<p>Fatiador Autom\u00e1tico de Carnes e Frios Nosso fatiador autom\u00e1tico de carnes e frios \u00e9 a solu\u00e7\u00e3o perfeita para obter cortes<\/p>","protected":false},"featured_media":5955,"comment_status":"open","ping_status":"closed","template":"","meta":{"wds_primary_product_brand":0,"wds_primary_product_cat":0},"product_brand":[],"product_cat":[115,116,117],"product_tag":[],"class_list":{"0":"post-5761","1":"product","2":"type-product","3":"status-publish","4":"has-post-thumbnail","6":"product_cat-cortadoras","7":"product_cat-coartadoras-de-carne","8":"product_cat-filetes","9":"product_shipping_class-express","11":"first","12":"instock","13":"taxable","14":"shipping-taxable","15":"purchasable","16":"product-type-simple"},"yoast_head":"<!-- This site is optimized with the Yoast SEO Premium plugin v24.9 (Yoast SEO v26.1) - https:\/\/yoast.com\/wordpress\/plugins\/seo\/ -->\n<title>Cortadora de fiambre autom\u00e1tica - distribuci\u00f3n ARC<\/title>\n<meta name=\"robots\" content=\"index, follow, max-snippet:-1, max-image-preview:large, max-video-preview:-1\" \/>\n<link rel=\"canonical\" href=\"https:\/\/distribucionarc.com\/pt\/produto\/fatiador-automatico-de-carne\/\" \/>\n<meta property=\"og:locale\" content=\"pt_PT\" \/>\n<meta property=\"og:type\" content=\"article\" \/>\n<meta property=\"og:title\" content=\"Cortadora de fiambre autom\u00e1tica\" \/>\n<meta property=\"og:description\" content=\"Cortadora de fiambre y carne autom\u00e1tica Nuestra cortadora de fiambre y carne autom\u00e1tica es la soluci\u00f3n perfecta para obtener cortes\" \/>\n<meta property=\"og:url\" content=\"https:\/\/distribucionarc.com\/pt\/produto\/fatiador-automatico-de-carne\/\" \/>\n<meta property=\"og:site_name\" content=\"distribuci\u00f3n ARC\" \/>\n<meta property=\"article:modified_time\" content=\"2024-10-05T03:04:04+00:00\" \/>\n<meta property=\"og:image\" content=\"https:\/\/distribucionarc.com\/wp-content\/uploads\/2023\/05\/cortadora-fiambre-automatica-imagen-producto.jpg\" \/>\n\t<meta property=\"og:image:width\" content=\"1600\" \/>\n\t<meta property=\"og:image:height\" content=\"1600\" \/>\n\t<meta property=\"og:image:type\" content=\"image\/jpeg\" \/>\n<meta name=\"twitter:card\" content=\"summary_large_image\" \/>\n<meta name=\"twitter:label1\" content=\"Tempo estimado de leitura\" \/>\n\t<meta name=\"twitter:data1\" content=\"2 minutos\" \/>\n<script type=\"application\/ld+json\" class=\"yoast-schema-graph\">{\"@context\":\"https:\/\/schema.org\",\"@graph\":[{\"@type\":\"WebPage\",\"@id\":\"https:\/\/distribucionarc.com\/nl\/producto\/cortadora-de-fiambre-automatica\/\",\"url\":\"https:\/\/distribucionarc.com\/nl\/producto\/cortadora-de-fiambre-automatica\/\",\"name\":\"Cortadora de fiambre autom\u00e1tica - distribuci\u00f3n ARC\",\"isPartOf\":{\"@id\":\"https:\/\/distribucionarc.com\/pl\/#website\"},\"primaryImageOfPage\":{\"@id\":\"https:\/\/distribucionarc.com\/nl\/producto\/cortadora-de-fiambre-automatica\/#primaryimage\"},\"image\":{\"@id\":\"https:\/\/distribucionarc.com\/nl\/producto\/cortadora-de-fiambre-automatica\/#primaryimage\"},\"thumbnailUrl\":\"https:\/\/distribucionarc.com\/wp-content\/uploads\/2023\/05\/cortadora-fiambre-automatica-imagen-producto.jpg\",\"datePublished\":\"2023-05-12T21:13:08+00:00\",\"dateModified\":\"2024-10-05T03:04:04+00:00\",\"breadcrumb\":{\"@id\":\"https:\/\/distribucionarc.com\/nl\/producto\/cortadora-de-fiambre-automatica\/#breadcrumb\"},\"inLanguage\":\"pt-PT\",\"potentialAction\":[{\"@type\":\"ReadAction\",\"target\":[\"https:\/\/distribucionarc.com\/nl\/producto\/cortadora-de-fiambre-automatica\/\"]}]},{\"@type\":\"ImageObject\",\"inLanguage\":\"pt-PT\",\"@id\":\"https:\/\/distribucionarc.com\/nl\/producto\/cortadora-de-fiambre-automatica\/#primaryimage\",\"url\":\"https:\/\/distribucionarc.com\/wp-content\/uploads\/2023\/05\/cortadora-fiambre-automatica-imagen-producto.jpg\",\"contentUrl\":\"https:\/\/distribucionarc.com\/wp-content\/uploads\/2023\/05\/cortadora-fiambre-automatica-imagen-producto.jpg\",\"width\":1600,\"height\":1600},{\"@type\":\"BreadcrumbList\",\"@id\":\"https:\/\/distribucionarc.com\/nl\/producto\/cortadora-de-fiambre-automatica\/#breadcrumb\",\"itemListElement\":[{\"@type\":\"ListItem\",\"position\":1,\"name\":\"Portada\",\"item\":\"https:\/\/www.distribucionarc.com\/tr\/\"},{\"@type\":\"ListItem\",\"position\":2,\"name\":\"Izdelki\",\"item\":\"https:\/\/www.distribucionarc.com\/sl\/trgovina\/\"},{\"@type\":\"ListItem\",\"position\":3,\"name\":\"Cortadora de fiambre autom\u00e1tica\"}]},{\"@type\":\"WebSite\",\"@id\":\"https:\/\/distribucionarc.com\/pl\/#website\",\"url\":\"https:\/\/distribucionarc.com\/pl\/\",\"name\":\"distribuci\u00f3n ARC\",\"description\":\"Empresa especializada en la fabricaci\u00f3n y distribuci\u00f3n de maquinaria industrial, selladoras de latas, Maquinas de hacer pastillas, Maquinas de cortar carne...\",\"publisher\":{\"@id\":\"https:\/\/distribucionarc.com\/pl\/#organization\"},\"potentialAction\":[{\"@type\":\"SearchAction\",\"target\":{\"@type\":\"EntryPoint\",\"urlTemplate\":\"https:\/\/distribucionarc.com\/pl\/?s={search_term_string}\"},\"query-input\":{\"@type\":\"PropertyValueSpecification\",\"valueRequired\":true,\"valueName\":\"search_term_string\"}}],\"inLanguage\":\"pt-PT\"},{\"@type\":\"Organization\",\"@id\":\"https:\/\/distribucionarc.com\/pl\/#organization\",\"name\":\"Distribuci\u00f3n ARC\",\"url\":\"https:\/\/distribucionarc.com\/pl\/\",\"logo\":{\"@type\":\"ImageObject\",\"inLanguage\":\"pt-PT\",\"@id\":\"https:\/\/distribucionarc.com\/pl\/#\/schema\/logo\/image\/\",\"url\":\"https:\/\/distribucionarc.com\/wp-content\/uploads\/2024\/10\/distribucion-ARC-COLOR-SIN-FONDO-e1732295305345.png\",\"contentUrl\":\"https:\/\/distribucionarc.com\/wp-content\/uploads\/2024\/10\/distribucion-ARC-COLOR-SIN-FONDO-e1732295305345.png\",\"width\":1164,\"height\":558,\"caption\":\"Distribuci\u00f3n ARC\"},\"image\":{\"@id\":\"https:\/\/distribucionarc.com\/pl\/#\/schema\/logo\/image\/\"},\"description\":\"Empresa especializada en la fabricaci\u00f3n y distribuci\u00f3n de maquinaria industrial para los sectores alimentario y farmac\u00e9utico. Nos especializamos en: M\u00e1quinas de cortar carne Fabricaci\u00f3n de comprimidos Sistemas de transporte industrial L\u00edneas de embotellado Dosificadores Y mucho m\u00e1s... Ofrecemos soluciones innovadoras y personalizadas para optimizar los procesos productivos de tu empresa.\",\"email\":\"Admistracion@distribucionarc.com\",\"telephone\":\"+34 643496664\",\"legalName\":\"ARC TECH SOLUTIONS\",\"foundingDate\":\"2024-04-09\",\"vatID\":\"B55480172\",\"numberOfEmployees\":{\"@type\":\"QuantitativeValue\",\"minValue\":\"1\",\"maxValue\":\"10\"}}]}<\/script>\n<!-- \/ Yoast SEO Premium plugin. -->","yoast_head_json":{"title":"Fatiador autom\u00e1tico de carne - distribui\u00e7\u00e3o ARC","robots":{"index":"index","follow":"follow","max-snippet":"max-snippet:-1","max-image-preview":"max-image-preview:large","max-video-preview":"max-video-preview:-1"},"canonical":"https:\/\/distribucionarc.com\/pt\/produto\/fatiador-automatico-de-carne\/","og_locale":"pt_PT","og_type":"article","og_title":"Cortadora de fiambre autom\u00e1tica","og_description":"Cortadora de fiambre y carne autom\u00e1tica Nuestra cortadora de fiambre y carne autom\u00e1tica es la soluci\u00f3n perfecta para obtener cortes","og_url":"https:\/\/distribucionarc.com\/pt\/produto\/fatiador-automatico-de-carne\/","og_site_name":"distribuci\u00f3n ARC","article_modified_time":"2024-10-05T03:04:04+00:00","og_image":[{"width":1600,"height":1600,"url":"https:\/\/distribucionarc.com\/wp-content\/uploads\/2023\/05\/cortadora-fiambre-automatica-imagen-producto.jpg","type":"image\/jpeg"}],"twitter_card":"summary_large_image","twitter_misc":{"Tempo estimado de leitura":"2 minutos"},"schema":{"@context":"https:\/\/schema.org","@graph":[{"@type":"WebPage","@id":"https:\/\/distribucionarc.com\/nl\/producto\/cortadora-de-fiambre-automatica\/","url":"https:\/\/distribucionarc.com\/nl\/producto\/cortadora-de-fiambre-automatica\/","name":"Fatiador autom\u00e1tico de carne - distribui\u00e7\u00e3o ARC","isPartOf":{"@id":"https:\/\/distribucionarc.com\/pl\/#website"},"primaryImageOfPage":{"@id":"https:\/\/distribucionarc.com\/nl\/producto\/cortadora-de-fiambre-automatica\/#primaryimage"},"image":{"@id":"https:\/\/distribucionarc.com\/nl\/producto\/cortadora-de-fiambre-automatica\/#primaryimage"},"thumbnailUrl":"https:\/\/distribucionarc.com\/wp-content\/uploads\/2023\/05\/cortadora-fiambre-automatica-imagen-producto.jpg","datePublished":"2023-05-12T21:13:08+00:00","dateModified":"2024-10-05T03:04:04+00:00","breadcrumb":{"@id":"https:\/\/distribucionarc.com\/nl\/producto\/cortadora-de-fiambre-automatica\/#breadcrumb"},"inLanguage":"pt-PT","potentialAction":[{"@type":"ReadAction","target":["https:\/\/distribucionarc.com\/nl\/producto\/cortadora-de-fiambre-automatica\/"]}]},{"@type":"ImageObject","inLanguage":"pt-PT","@id":"https:\/\/distribucionarc.com\/nl\/producto\/cortadora-de-fiambre-automatica\/#primaryimage","url":"https:\/\/distribucionarc.com\/wp-content\/uploads\/2023\/05\/cortadora-fiambre-automatica-imagen-producto.jpg","contentUrl":"https:\/\/distribucionarc.com\/wp-content\/uploads\/2023\/05\/cortadora-fiambre-automatica-imagen-producto.jpg","width":1600,"height":1600},{"@type":"BreadcrumbList","@id":"https:\/\/distribucionarc.com\/nl\/producto\/cortadora-de-fiambre-automatica\/#breadcrumb","itemListElement":[{"@type":"ListItem","position":1,"name":"Portada","item":"https:\/\/www.distribucionarc.com\/tr\/"},{"@type":"ListItem","position":2,"name":"Izdelki","item":"https:\/\/www.distribucionarc.com\/sl\/trgovina\/"},{"@type":"ListItem","position":3,"name":"Cortadora de fiambre autom\u00e1tica"}]},{"@type":"WebSite","@id":"https:\/\/distribucionarc.com\/pl\/#website","url":"https:\/\/distribucionarc.com\/pl\/","name":"Distribui\u00e7\u00e3o ARC","description":"Empresa especializada no fabrico e distribui\u00e7\u00e3o de m\u00e1quinas industriais, m\u00e1quinas de selar latas, m\u00e1quinas de fazer comprimidos, m\u00e1quinas de cortar carne...","publisher":{"@id":"https:\/\/distribucionarc.com\/pl\/#organization"},"potentialAction":[{"@type":"SearchAction","target":{"@type":"EntryPoint","urlTemplate":"https:\/\/distribucionarc.com\/pl\/?s={search_term_string}"},"query-input":{"@type":"PropertyValueSpecification","valueRequired":true,"valueName":"search_term_string"}}],"inLanguage":"pt-PT"},{"@type":"Organization","@id":"https:\/\/distribucionarc.com\/pl\/#organization","name":"Distribui\u00e7\u00e3o ARC","url":"https:\/\/distribucionarc.com\/pl\/","logo":{"@type":"ImageObject","inLanguage":"pt-PT","@id":"https:\/\/distribucionarc.com\/pl\/#\/schema\/logo\/image\/","url":"https:\/\/distribucionarc.com\/wp-content\/uploads\/2024\/10\/distribucion-ARC-COLOR-SIN-FONDO-e1732295305345.png","contentUrl":"https:\/\/distribucionarc.com\/wp-content\/uploads\/2024\/10\/distribucion-ARC-COLOR-SIN-FONDO-e1732295305345.png","width":1164,"height":558,"caption":"Distribuci\u00f3n ARC"},"image":{"@id":"https:\/\/distribucionarc.com\/pl\/#\/schema\/logo\/image\/"},"description":"Empresa especializada no fabrico e distribui\u00e7\u00e3o de m\u00e1quinas industriais para os sectores alimentar e farmac\u00eautico. Somos especializados em: M\u00e1quinas de cortar carne Fabrico de comprimidos Sistemas de transporte industrial Linhas de engarrafamento Dispensadores E muito mais... Oferecemos solu\u00e7\u00f5es inovadoras e personalizadas para otimizar os processos de produ\u00e7\u00e3o da sua empresa.","email":"Admistracion@distribucionarc.com","telephone":"+34 643496664","legalName":"ARC TECH SOLUTIONS","foundingDate":"2024-04-09","vatID":"B55480172","numberOfEmployees":{"@type":"QuantitativeValue","minValue":"1","maxValue":"10"}}]}},"_links":{"self":[{"href":"https:\/\/distribucionarc.com\/pt\/wp-json\/wp\/v2\/product\/5761","targetHints":{"allow":["GET"]}}],"collection":[{"href":"https:\/\/distribucionarc.com\/pt\/wp-json\/wp\/v2\/product"}],"about":[{"href":"https:\/\/distribucionarc.com\/pt\/wp-json\/wp\/v2\/types\/product"}],"replies":[{"embeddable":true,"href":"https:\/\/distribucionarc.com\/pt\/wp-json\/wp\/v2\/comments?post=5761"}],"version-history":[{"count":0,"href":"https:\/\/distribucionarc.com\/pt\/wp-json\/wp\/v2\/product\/5761\/revisions"}],"wp:featuredmedia":[{"embeddable":true,"href":"https:\/\/distribucionarc.com\/pt\/wp-json\/wp\/v2\/media\/5955"}],"wp:attachment":[{"href":"https:\/\/distribucionarc.com\/pt\/wp-json\/wp\/v2\/media?parent=5761"}],"wp:term":[{"taxonomy":"product_brand","embeddable":true,"href":"https:\/\/distribucionarc.com\/pt\/wp-json\/wp\/v2\/product_brand?post=5761"},{"taxonomy":"product_cat","embeddable":true,"href":"https:\/\/distribucionarc.com\/pt\/wp-json\/wp\/v2\/product_cat?post=5761"},{"taxonomy":"product_tag","embeddable":true,"href":"https:\/\/distribucionarc.com\/pt\/wp-json\/wp\/v2\/product_tag?post=5761"}],"curies":[{"name":"wp","href":"https:\/\/api.w.org\/{rel}","templated":true}]}}