{"id":627,"date":"2020-04-30T16:36:12","date_gmt":"2020-04-30T16:36:12","guid":{"rendered":"https:\/\/distribucionarc.com\/?post_type=product&#038;p=627"},"modified":"2023-04-12T22:40:29","modified_gmt":"2023-04-12T22:40:29","slug":"seladora-de-tampas-semiautomatica-por-inducao-termica","status":"publish","type":"product","link":"https:\/\/distribucionarc.com\/pt\/producto\/maquina-selladora-de-induccion-termica-selladora-de-operculos-semiautomatica\/","title":{"rendered":"M\u00e1quina de selagem por indu\u00e7\u00e3o t\u00e9rmica semiautom\u00e1tica para selador de op\u00e9rculo"},"content":{"rendered":"<p>Esta m\u00e1quina seladora por indu\u00e7\u00e3o t\u00e9rmica funciona em garrafas n\u00e3o met\u00e1licas, devem ser de pl\u00e1stico ou vidro, bem como recipientes em forma de copo. Ele \u00e9 atualizado para o popular m\u00e9todo de veda\u00e7\u00e3o herm\u00e9tica. A veda\u00e7\u00e3o t\u00e9rmica por indu\u00e7\u00e3o melhora a qualidade do produto, evita a absor\u00e7\u00e3o natural de umidade, prolonga a vida \u00fatil e aumenta a seguran\u00e7a contra falsifica\u00e7\u00e3o. Hoje em dia, a instala\u00e7\u00e3o de veda\u00e7\u00f5es tornou-se essencial e \u00e9 amplamente utilizada nas ind\u00fastrias qu\u00edmica, farmac\u00eautica e cosm\u00e9tica, bem como em bebidas e alimentos, entre outras ind\u00fastrias.<\/p>\n<ul>\n<li>Adequado para garrafas de vidro ou pl\u00e1stico, como ABS, PE (HDPE, LDPE), PET, PP, PS, PVC, (n\u00e3o use recipientes de metal), tampas de rosca, tampas inviol\u00e1veis, etc.<\/li>\n<li>Funciona para selar uma grande variedade de produtos embalados como: p\u00f3s, c\u00e1psulas e comprimidos, leite, \u00e1gua, suco, iogurte, \u00e1lcool, gelatina, alimentos processados, \u00f3leo de motor, etc.<\/li>\n<li>semiautom\u00e1tico.<\/li>\n<li>Veda\u00e7\u00e3o herm\u00e9tica por indu\u00e7\u00e3o t\u00e9rmica sem contato direto.<\/li>\n<li>\u00c9 muito f\u00e1cil de manusear j\u00e1 que foi desenhado com painel.<\/li>\n<li>Sem pe\u00e7as m\u00f3veis, sem ru\u00eddo, os componentes eletr\u00f4nicos montados s\u00e3o de estado s\u00f3lido 100% para longa vida \u00fatil.<\/li>\n<li>\u00c9 muito seguro de usar, possui circuito de prote\u00e7\u00e3o contra sobrecargas de corrente e superaquecimento.<\/li>\n<li>Padr\u00e3o de alta qualidade e seguran\u00e7a: GB 15579 e 1995<\/li>\n<li>Pot\u00eancia: 110V e 220V<\/li>\n<li>Pot\u00eancia de sa\u00edda: 1800W<\/li>\n<li>Di\u00e2metro de veda\u00e7\u00e3o de: 20 a 80 mm<\/li>\n<li>Temperatura ambiente de trabalho: 25 a 45 \u00b0C<\/li>\n<li>Umidade relativa: \u2264 95%<\/li>\n<li>Altura ajust\u00e1vel de: 20 a 350mm.<\/li>\n<li>Velocidade da correia: at\u00e9 8,5m\/min.<\/li>\n<\/ul>\n<div id=\"comp-ju8d08ip\" class=\"style-ju8e633l\" data-is-absolute-layout=\"false\">\n<div id=\"comp-ju8d08ipinlineContent\" class=\"style-ju8e633linlineContent\">\n<div id=\"comp-ju8d08ipinlineContent-gridWrapper\" data-mesh-internal=\"true\">\n<div id=\"comp-ju8d08ipinlineContent-gridContainer\" data-mesh-internal=\"true\">\n<div id=\"comp-ju8d2m6m\" class=\"s_BIwzIGroupSkin\" data-is-absolute-layout=\"false\">\n<div id=\"comp-ju8d2m6minlineContent\" class=\"s_BIwzIGroupSkininlineContent\">\n<div id=\"comp-ju8d2m6minlineContent-gridWrapper\" data-mesh-internal=\"true\">\n<div id=\"comp-ju8d2m6minlineContent-gridContainer\" data-mesh-internal=\"true\">\n<div id=\"comp-ju8d26x1\" class=\"txtNew\" data-packed=\"true\">\n<h6 class=\"font_6\">O que \u00e9 selagem de embalagens por indu\u00e7\u00e3o?<\/h6>\n<p class=\"font_8\">\n<\/div>\n<div id=\"comp-ju8d270s\" class=\"style-ju8d27a4\" title=\"\" data-is-responsive=\"false\" data-display-mode=\"fill\" data-content-padding-horizontal=\"4\" data-content-padding-vertical=\"4\" data-exact-height=\"98\">\n<div id=\"comp-ju8d270slink\" class=\"style-ju8d27a4link\"><img decoding=\"async\" id=\"comp-ju8d270simgimage\" src=\"https:\/\/static.wixstatic.com\/media\/0ab0df_fc6543c220494629b174900d082fb8c2.jpg\/v1\/fill\/w_104,h_94,al_c,q_80,usm_0.66_1.00_0.01\/0ab0df_fc6543c220494629b174900d082fb8c2.webp\" alt=\"\" data-type=\"image\" \/><\/div>\n<\/div>\n<div id=\"comp-ju8d2750\" class=\"txtNew\" data-packed=\"true\">\n<p class=\"font_8\">Os seladores de recipientes por indu\u00e7\u00e3o s\u00e3o baseados em um sistema de veda\u00e7\u00e3o de recipientes limpo e sem contato, atrav\u00e9s do qual um op\u00e9rculo ou &#039;disco&#039; de alum\u00ednio \u00e9 colado ao longo do per\u00edmetro da boca de um recipiente.<\/p>\n<\/div>\n<\/div>\n<\/div>\n<\/div>\n<\/div>\n<div id=\"comp-ju8deb64\" class=\"txtNew\" data-packed=\"true\">\n<h6 class=\"font_6\">Em primeiro lugar, para selar um recipiente por indu\u00e7\u00e3o \u00e9 imprescind\u00edvel a exist\u00eancia de uma tampa de rosca, que n\u00e3o pode ser met\u00e1lica. O disco\/tampa de indu\u00e7\u00e3o j\u00e1 deve estar colocado dentro da tampa.<\/h6>\n<h6 class=\"font_6\"><span class=\"wixGuard\">\u200b<\/span><\/h6>\n<h6 class=\"font_6\">Quanto ao corpo do recipiente, ser\u00e1 sempre recomendado que seja feito de qualquer pol\u00edmero pl\u00e1stico (PP, PET, PE, etc.). Para recipientes de vidro, recomendamos a utiliza\u00e7\u00e3o do sistema de selagem por condu\u00e7\u00e3o ou tamb\u00e9m conhecido como: selagem a quente.<\/h6>\n<h6 class=\"font_6\"><span class=\"wixGuard\">\u200b<\/span><\/h6>\n<h6 class=\"font_6\">Um plugue adequado. Para veda\u00e7\u00e3o por indu\u00e7\u00e3o posso compor os seguintes elementos (camadas):<\/h6>\n<h6 class=\"font_6\"><span class=\"wixGuard\">\u200b<\/span><\/h6>\n<\/div>\n<div id=\"comp-ju8d8b6w\" class=\"s_BIwzIGroupSkin\" data-is-absolute-layout=\"false\">\n<div id=\"comp-ju8d8b6winlineContent\" class=\"s_BIwzIGroupSkininlineContent\">\n<div id=\"comp-ju8d8b6winlineContent-gridWrapper\" data-mesh-internal=\"true\">\n<div id=\"comp-ju8d8b6winlineContent-gridContainer\" data-mesh-internal=\"true\">\n<div id=\"comp-ju8d8bb0\" class=\"txtNew\" data-packed=\"true\">\n<h2 class=\"font_2\">Tampa interna \u201csem rebarbas\u201d, adequada para incorporar disco\/op\u00e9rculo de alum\u00ednio<\/h2>\n<\/div>\n<div id=\"comp-ju8d8bba\" class=\"txtNew\" data-packed=\"true\">\n<h2 class=\"font_2\">Cart\u00e3o: este elemento cumpre uma dupla fun\u00e7\u00e3o, pois n\u00e3o s\u00f3 \u00e9 necess\u00e1rio incorporar e centrar o op\u00e9rculo na tampa, mas tamb\u00e9m garantir\u00e1 que o op\u00e9rculo tenha um contacto adequado com a boca do recipiente uma vez fechada a tampa e antes da indu\u00e7\u00e3o veda\u00e7\u00e3o.<\/h2>\n<\/div>\n<div id=\"comp-ju8d8bbi\" class=\"txtNew\" data-packed=\"true\">\n<h2 class=\"font_2\">camadas adesivas<\/h2>\n<\/div>\n<div id=\"comp-ju8d8bbr\" class=\"txtNew\" data-packed=\"true\">\n<h2 class=\"font_2\">Op\u00e9rculo\/chapa de alum\u00ednio. Sem d\u00favida, o elemento mais importante de todos, pois sem ele seria imposs\u00edvel lacrar o recipiente. Atualmente, existem diferentes tipos de tampas cuja escolha depender\u00e1 do tipo de produto que se pretende vedar.<\/h2>\n<\/div>\n<div id=\"comp-ju8d8bc0\" class=\"ca1\" title=\"\" data-is-responsive=\"false\" data-display-mode=\"stretch\" data-content-padding-horizontal=\"0\" data-content-padding-vertical=\"0\" data-exact-height=\"166\">\n<div id=\"comp-ju8d8bc0link\" class=\"ca1link\"><img decoding=\"async\" id=\"comp-ju8d8bc0imgimage\" src=\"https:\/\/static.wixstatic.com\/media\/0ab0df_0918d28554344404b02ebd3639ef0817.jpg\/v1\/fill\/w_93,h_166,al_c,q_80,usm_0.66_1.00_0.01\/0ab0df_0918d28554344404b02ebd3639ef0817.webp\" alt=\"\" data-type=\"image\" \/><\/div>\n<\/div>\n<div id=\"comp-ju8d8bcd-rotated-wrapper\" data-mesh-internal=\"true\">\n<div id=\"comp-ju8d8bcd\" class=\"style-ju4eg3ke1\" data-svg-id=\"b851f16f69da4d608e8726a8c991fe31.svg\" data-svg-type=\"shape\" data-display-mode=\"legacyFit\" data-strokewidth=\"1\" data-viewbox=\"0 0 200 200\" data-preserve-viewbox=\"ignore\" data-angle=\"229\" data-angle-style-location=\"inline\">\n<div id=\"comp-ju8d8bcdlink\" class=\"style-ju4eg3ke1link\">\n<div id=\"comp-ju8d8bcdsvg\" class=\"style-ju4eg3ke1_comp-ju8d8bcd style-ju4eg3ke1_non-scaling-stroke style-ju4eg3ke1svg\"><\/div>\n<\/div>\n<\/div>\n<\/div>\n<div id=\"comp-ju8d8bcw-rotated-wrapper\" data-mesh-internal=\"true\">\n<div id=\"comp-ju8d8bcw\" class=\"style-ju4eg3ke1\" data-svg-id=\"b851f16f69da4d608e8726a8c991fe31.svg\" data-svg-type=\"shape\" data-display-mode=\"legacyFit\" data-strokewidth=\"1\" data-viewbox=\"0 0 200 200\" data-preserve-viewbox=\"ignore\" data-angle=\"232\" data-angle-style-location=\"inline\">\n<div id=\"comp-ju8d8bcwlink\" class=\"style-ju4eg3ke1link\">\n<div id=\"comp-ju8d8bcwsvg\" class=\"style-ju4eg3ke1_comp-ju8d8bcw style-ju4eg3ke1_non-scaling-stroke style-ju4eg3ke1svg\"><\/div>\n<\/div>\n<\/div>\n<\/div>\n<div id=\"comp-ju8d8bd9-rotated-wrapper\" data-mesh-internal=\"true\">\n<div id=\"comp-ju8d8bd9\" class=\"style-ju4eg3ke1\" data-svg-id=\"b851f16f69da4d608e8726a8c991fe31.svg\" data-svg-type=\"shape\" data-display-mode=\"legacyFit\" data-strokewidth=\"1\" data-viewbox=\"0 0 200 200\" data-preserve-viewbox=\"ignore\" data-angle=\"153\" data-angle-style-location=\"inline\">\n<div id=\"comp-ju8d8bd9link\" class=\"style-ju4eg3ke1link\">\n<div id=\"comp-ju8d8bd9svg\" class=\"style-ju4eg3ke1_comp-ju8d8bd9 style-ju4eg3ke1_non-scaling-stroke style-ju4eg3ke1svg\"><\/div>\n<\/div>\n<\/div>\n<\/div>\n<div id=\"comp-ju8d8bdm-rotated-wrapper\" data-mesh-internal=\"true\">\n<div id=\"comp-ju8d8bdm\" class=\"style-ju4eg3ke1\" data-svg-id=\"b851f16f69da4d608e8726a8c991fe31.svg\" data-svg-type=\"shape\" data-display-mode=\"legacyFit\" data-strokewidth=\"1\" data-viewbox=\"0 0 200 200\" data-preserve-viewbox=\"ignore\" data-angle=\"67\" data-angle-style-location=\"inline\">\n<div id=\"comp-ju8d8bdmlink\" class=\"style-ju4eg3ke1link\">\n<div id=\"comp-ju8d8bdmsvg\" class=\"style-ju4eg3ke1_comp-ju8d8bdm style-ju4eg3ke1_non-scaling-stroke style-ju4eg3ke1svg\"><\/div>\n<\/div>\n<\/div>\n<\/div>\n<div id=\"comp-ju8d8bdx-rotated-wrapper\" data-mesh-internal=\"true\">\n<div id=\"comp-ju8d8bdx\" class=\"style-ju4eg3ke1\" data-svg-id=\"b851f16f69da4d608e8726a8c991fe31.svg\" data-svg-type=\"shape\" data-display-mode=\"legacyFit\" data-strokewidth=\"1\" data-viewbox=\"0 0 200 200\" data-preserve-viewbox=\"ignore\" data-angle=\"259\" data-angle-style-location=\"inline\">\n<div id=\"comp-ju8d8bdxlink\" class=\"style-ju4eg3ke1link\">\n<div id=\"comp-ju8d8bdxsvg\" class=\"style-ju4eg3ke1_comp-ju8d8bdx style-ju4eg3ke1_non-scaling-stroke style-ju4eg3ke1svg\"><\/div>\n<\/div>\n<\/div>\n<\/div>\n<\/div>\n<\/div>\n<\/div>\n<\/div>\n<\/div>\n<\/div>\n<\/div>\n<\/div>\n<p><iframe loading=\"lazy\" src=\"https:\/\/www.youtube.com\/embed\/Y59OPYvS82g\" width=\"560\" height=\"315\" frameborder=\"0\" allowfullscreen=\"allowfullscreen\">&nbsp;<\/p>\n<p><\/iframe><\/p>","protected":false},"excerpt":{"rendered":"<h2>Seladora de tampa por indu\u00e7\u00e3o t\u00e9rmica semiautom\u00e1tica<\/h2>\n<p>A veda\u00e7\u00e3o t\u00e9rmica por indu\u00e7\u00e3o melhora a qualidade do produto, evita a absor\u00e7\u00e3o natural de umidade, prolonga a vida \u00fatil e aumenta a seguran\u00e7a contra falsifica\u00e7\u00e3o.<\/p>\n<h6 class=\"font_8\">Seladora por indu\u00e7\u00e3o semiautom\u00e1tica recomendada para alta produ\u00e7\u00e3o, econ\u00f4mica, com cabe\u00e7a seladora para di\u00e2metros de boca de recipientes de<\/h6>\n<p class=\"font_8\">\u00d820 mm at\u00e9 \u00d880 mm.<\/p>\n<p class=\"font_8\"><span class=\"wixGuard\">\u200b<\/span><\/p>\n<p class=\"font_8\">Caracteriza-se por ser compacto e leve, mas ao mesmo tempo possui a pot\u00eancia e efic\u00e1cia necess\u00e1rias para a grande maioria das aplica\u00e7\u00f5es de veda\u00e7\u00e3o por indu\u00e7\u00e3o; controlado por chip SIEMENS \u201cIGBT\u201d de alta efici\u00eancia e baixo consumo el\u00e9trico. Nossa recomenda\u00e7\u00e3o, Qualidade-Pre\u00e7o para altas produ\u00e7\u00f5es.<\/p>","protected":false},"featured_media":628,"comment_status":"open","ping_status":"closed","template":"","meta":{"wds_primary_product_brand":0,"wds_primary_product_cat":0},"product_brand":[],"product_cat":[45,28],"product_tag":[],"class_list":{"0":"post-627","1":"product","2":"type-product","3":"status-publish","4":"has-post-thumbnail","6":"product_cat-selladoras-de-induccion","7":"product_cat-tapadoras","9":"first","10":"instock","11":"taxable","12":"shipping-taxable","13":"purchasable","14":"product-type-simple"},"yoast_head":"<!-- This site is optimized with the Yoast SEO Premium plugin v24.9 (Yoast SEO v26.1) - https:\/\/yoast.com\/wordpress\/plugins\/seo\/ -->\n<title>M\u00e1quina Selladora de Inducci\u00f3n T\u00e9rmica selladora de op\u00e9rculos semiautom\u00e1tica - distribuci\u00f3n ARC<\/title>\n<meta name=\"robots\" content=\"index, follow, max-snippet:-1, max-image-preview:large, max-video-preview:-1\" \/>\n<link rel=\"canonical\" href=\"https:\/\/distribucionarc.com\/pt\/produto\/seladora-de-tampas-semiautomatica-por-inducao-termica\/\" \/>\n<meta property=\"og:locale\" content=\"pt_PT\" \/>\n<meta property=\"og:type\" content=\"article\" \/>\n<meta property=\"og:title\" content=\"M\u00e1quina Selladora de Inducci\u00f3n T\u00e9rmica selladora de op\u00e9rculos semiautom\u00e1tica\" \/>\n<meta property=\"og:description\" content=\"selladora de op\u00e9rculos inducci\u00f3n t\u00e9rmica semiautom\u00e1tica El sellado t\u00e9rmico por inducci\u00f3n mejora la calidad del producto, evita la absorci\u00f3n de la humedad natural, prolonga el per\u00edodo de caducidad, a\u00f1ade seguridad contra falsificaciones. Selladora semiautom\u00e1tica por inducci\u00f3n recomendada para altas producciones, econ\u00f3mica, con cabezal de sellado para di\u00e1metros de bocas de envases desde \u00d820 mm hasta \u00d880 mm. \u200b Se caracteriza por ser compacta y ligera, pero al mismo tiempo dispone de la potencia y efectividad necesaria para la gran mayor\u00eda de aplicaciones de sellado por inducci\u00f3n; controlada mediante un chip SIEMENS \u201cIGBT\u201d de alta eficiencia y bajo consumo el\u00e9ctrico. Nuestra recomendaci\u00f3n, Calidad-Precio para producciones altas.\" \/>\n<meta property=\"og:url\" content=\"https:\/\/distribucionarc.com\/pt\/produto\/seladora-de-tampas-semiautomatica-por-inducao-termica\/\" \/>\n<meta property=\"og:site_name\" content=\"distribuci\u00f3n ARC\" \/>\n<meta property=\"article:modified_time\" content=\"2023-04-12T22:40:29+00:00\" \/>\n<meta property=\"og:image\" content=\"https:\/\/distribucionarc.com\/wp-content\/uploads\/2020\/04\/selladora_de_op\u00e9rculos_semiautom\u00e1tica_0.jpg\" \/>\n\t<meta property=\"og:image:width\" content=\"1600\" \/>\n\t<meta property=\"og:image:height\" content=\"1600\" \/>\n\t<meta property=\"og:image:type\" content=\"image\/jpeg\" \/>\n<meta name=\"twitter:card\" content=\"summary_large_image\" \/>\n<meta name=\"twitter:label1\" content=\"Tempo estimado de leitura\" \/>\n\t<meta name=\"twitter:data1\" content=\"3 minutos\" \/>\n<script type=\"application\/ld+json\" class=\"yoast-schema-graph\">{\"@context\":\"https:\/\/schema.org\",\"@graph\":[{\"@type\":\"WebPage\",\"@id\":\"https:\/\/distribucionarc.com\/de\/producto\/maquina-selladora-de-induccion-termica-selladora-de-operculos-semiautomatica\/\",\"url\":\"https:\/\/distribucionarc.com\/de\/producto\/maquina-selladora-de-induccion-termica-selladora-de-operculos-semiautomatica\/\",\"name\":\"M\u00e1quina Selladora de Inducci\u00f3n T\u00e9rmica selladora de op\u00e9rculos semiautom\u00e1tica - distribuci\u00f3n ARC\",\"isPartOf\":{\"@id\":\"https:\/\/distribucionarc.com\/de\/#website\"},\"primaryImageOfPage\":{\"@id\":\"https:\/\/distribucionarc.com\/de\/producto\/maquina-selladora-de-induccion-termica-selladora-de-operculos-semiautomatica\/#primaryimage\"},\"image\":{\"@id\":\"https:\/\/distribucionarc.com\/de\/producto\/maquina-selladora-de-induccion-termica-selladora-de-operculos-semiautomatica\/#primaryimage\"},\"thumbnailUrl\":\"https:\/\/distribucionarc.com\/wp-content\/uploads\/2020\/04\/selladora_de_op\u00e9rculos_semiautom\u00e1tica_0.jpg\",\"datePublished\":\"2020-04-30T16:36:12+00:00\",\"dateModified\":\"2023-04-12T22:40:29+00:00\",\"breadcrumb\":{\"@id\":\"https:\/\/distribucionarc.com\/de\/producto\/maquina-selladora-de-induccion-termica-selladora-de-operculos-semiautomatica\/#breadcrumb\"},\"inLanguage\":\"pt-PT\",\"potentialAction\":[{\"@type\":\"ReadAction\",\"target\":[\"https:\/\/distribucionarc.com\/de\/producto\/maquina-selladora-de-induccion-termica-selladora-de-operculos-semiautomatica\/\"]}]},{\"@type\":\"ImageObject\",\"inLanguage\":\"pt-PT\",\"@id\":\"https:\/\/distribucionarc.com\/de\/producto\/maquina-selladora-de-induccion-termica-selladora-de-operculos-semiautomatica\/#primaryimage\",\"url\":\"https:\/\/distribucionarc.com\/wp-content\/uploads\/2020\/04\/selladora_de_op\u00e9rculos_semiautom\u00e1tica_0.jpg\",\"contentUrl\":\"https:\/\/distribucionarc.com\/wp-content\/uploads\/2020\/04\/selladora_de_op\u00e9rculos_semiautom\u00e1tica_0.jpg\",\"width\":1600,\"height\":1600},{\"@type\":\"BreadcrumbList\",\"@id\":\"https:\/\/distribucionarc.com\/de\/producto\/maquina-selladora-de-induccion-termica-selladora-de-operculos-semiautomatica\/#breadcrumb\",\"itemListElement\":[{\"@type\":\"ListItem\",\"position\":1,\"name\":\"Portada\",\"item\":\"https:\/\/distribucionarc.com\/pl\/\"},{\"@type\":\"ListItem\",\"position\":2,\"name\":\"Produkty\",\"item\":\"https:\/\/distribucionarc.com\/pl\/shop\/\"},{\"@type\":\"ListItem\",\"position\":3,\"name\":\"M\u00e1quina Selladora de Inducci\u00f3n T\u00e9rmica selladora de op\u00e9rculos semiautom\u00e1tica\"}]},{\"@type\":\"WebSite\",\"@id\":\"https:\/\/distribucionarc.com\/de\/#website\",\"url\":\"https:\/\/distribucionarc.com\/de\/\",\"name\":\"distribuci\u00f3n ARC\",\"description\":\"Empresa especializada en la fabricaci\u00f3n y distribuci\u00f3n de maquinaria industrial, selladoras de latas, Maquinas de hacer pastillas, Maquinas de cortar carne...\",\"publisher\":{\"@id\":\"https:\/\/distribucionarc.com\/de\/#organization\"},\"potentialAction\":[{\"@type\":\"SearchAction\",\"target\":{\"@type\":\"EntryPoint\",\"urlTemplate\":\"https:\/\/distribucionarc.com\/de\/?s={search_term_string}\"},\"query-input\":{\"@type\":\"PropertyValueSpecification\",\"valueRequired\":true,\"valueName\":\"search_term_string\"}}],\"inLanguage\":\"pt-PT\"},{\"@type\":\"Organization\",\"@id\":\"https:\/\/distribucionarc.com\/de\/#organization\",\"name\":\"Distribuci\u00f3n ARC\",\"url\":\"https:\/\/distribucionarc.com\/de\/\",\"logo\":{\"@type\":\"ImageObject\",\"inLanguage\":\"pt-PT\",\"@id\":\"https:\/\/distribucionarc.com\/de\/#\/schema\/logo\/image\/\",\"url\":\"https:\/\/distribucionarc.com\/wp-content\/uploads\/2024\/10\/distribucion-ARC-COLOR-SIN-FONDO-e1732295305345.png\",\"contentUrl\":\"https:\/\/distribucionarc.com\/wp-content\/uploads\/2024\/10\/distribucion-ARC-COLOR-SIN-FONDO-e1732295305345.png\",\"width\":1164,\"height\":558,\"caption\":\"Distribuci\u00f3n ARC\"},\"image\":{\"@id\":\"https:\/\/distribucionarc.com\/de\/#\/schema\/logo\/image\/\"},\"description\":\"Empresa especializada en la fabricaci\u00f3n y distribuci\u00f3n de maquinaria industrial para los sectores alimentario y farmac\u00e9utico. Nos especializamos en: M\u00e1quinas de cortar carne Fabricaci\u00f3n de comprimidos Sistemas de transporte industrial L\u00edneas de embotellado Dosificadores Y mucho m\u00e1s... Ofrecemos soluciones innovadoras y personalizadas para optimizar los procesos productivos de tu empresa.\",\"email\":\"Admistracion@distribucionarc.com\",\"telephone\":\"+34 643496664\",\"legalName\":\"ARC TECH SOLUTIONS\",\"foundingDate\":\"2024-04-09\",\"vatID\":\"B55480172\",\"numberOfEmployees\":{\"@type\":\"QuantitativeValue\",\"minValue\":\"1\",\"maxValue\":\"10\"}}]}<\/script>\n<!-- \/ Yoast SEO Premium plugin. -->","yoast_head_json":{"title":"M\u00e1quina seladora de tampas semiautom\u00e1tica por indu\u00e7\u00e3o t\u00e9rmica - distribui\u00e7\u00e3o ARC","robots":{"index":"index","follow":"follow","max-snippet":"max-snippet:-1","max-image-preview":"max-image-preview:large","max-video-preview":"max-video-preview:-1"},"canonical":"https:\/\/distribucionarc.com\/pt\/produto\/seladora-de-tampas-semiautomatica-por-inducao-termica\/","og_locale":"pt_PT","og_type":"article","og_title":"M\u00e1quina Selladora de Inducci\u00f3n T\u00e9rmica selladora de op\u00e9rculos semiautom\u00e1tica","og_description":"selladora de op\u00e9rculos inducci\u00f3n t\u00e9rmica semiautom\u00e1tica El sellado t\u00e9rmico por inducci\u00f3n mejora la calidad del producto, evita la absorci\u00f3n de la humedad natural, prolonga el per\u00edodo de caducidad, a\u00f1ade seguridad contra falsificaciones. Selladora semiautom\u00e1tica por inducci\u00f3n recomendada para altas producciones, econ\u00f3mica, con cabezal de sellado para di\u00e1metros de bocas de envases desde \u00d820 mm hasta \u00d880 mm. \u200b Se caracteriza por ser compacta y ligera, pero al mismo tiempo dispone de la potencia y efectividad necesaria para la gran mayor\u00eda de aplicaciones de sellado por inducci\u00f3n; controlada mediante un chip SIEMENS \u201cIGBT\u201d de alta eficiencia y bajo consumo el\u00e9ctrico. Nuestra recomendaci\u00f3n, Calidad-Precio para producciones altas.","og_url":"https:\/\/distribucionarc.com\/pt\/produto\/seladora-de-tampas-semiautomatica-por-inducao-termica\/","og_site_name":"distribuci\u00f3n ARC","article_modified_time":"2023-04-12T22:40:29+00:00","og_image":[{"width":1600,"height":1600,"url":"https:\/\/distribucionarc.com\/wp-content\/uploads\/2020\/04\/selladora_de_op\u00e9rculos_semiautom\u00e1tica_0.jpg","type":"image\/jpeg"}],"twitter_card":"summary_large_image","twitter_misc":{"Tempo estimado de leitura":"3 minutos"},"schema":{"@context":"https:\/\/schema.org","@graph":[{"@type":"WebPage","@id":"https:\/\/distribucionarc.com\/de\/producto\/maquina-selladora-de-induccion-termica-selladora-de-operculos-semiautomatica\/","url":"https:\/\/distribucionarc.com\/de\/producto\/maquina-selladora-de-induccion-termica-selladora-de-operculos-semiautomatica\/","name":"M\u00e1quina seladora de tampas semiautom\u00e1tica por indu\u00e7\u00e3o t\u00e9rmica - distribui\u00e7\u00e3o ARC","isPartOf":{"@id":"https:\/\/distribucionarc.com\/de\/#website"},"primaryImageOfPage":{"@id":"https:\/\/distribucionarc.com\/de\/producto\/maquina-selladora-de-induccion-termica-selladora-de-operculos-semiautomatica\/#primaryimage"},"image":{"@id":"https:\/\/distribucionarc.com\/de\/producto\/maquina-selladora-de-induccion-termica-selladora-de-operculos-semiautomatica\/#primaryimage"},"thumbnailUrl":"https:\/\/distribucionarc.com\/wp-content\/uploads\/2020\/04\/selladora_de_op\u00e9rculos_semiautom\u00e1tica_0.jpg","datePublished":"2020-04-30T16:36:12+00:00","dateModified":"2023-04-12T22:40:29+00:00","breadcrumb":{"@id":"https:\/\/distribucionarc.com\/de\/producto\/maquina-selladora-de-induccion-termica-selladora-de-operculos-semiautomatica\/#breadcrumb"},"inLanguage":"pt-PT","potentialAction":[{"@type":"ReadAction","target":["https:\/\/distribucionarc.com\/de\/producto\/maquina-selladora-de-induccion-termica-selladora-de-operculos-semiautomatica\/"]}]},{"@type":"ImageObject","inLanguage":"pt-PT","@id":"https:\/\/distribucionarc.com\/de\/producto\/maquina-selladora-de-induccion-termica-selladora-de-operculos-semiautomatica\/#primaryimage","url":"https:\/\/distribucionarc.com\/wp-content\/uploads\/2020\/04\/selladora_de_op\u00e9rculos_semiautom\u00e1tica_0.jpg","contentUrl":"https:\/\/distribucionarc.com\/wp-content\/uploads\/2020\/04\/selladora_de_op\u00e9rculos_semiautom\u00e1tica_0.jpg","width":1600,"height":1600},{"@type":"BreadcrumbList","@id":"https:\/\/distribucionarc.com\/de\/producto\/maquina-selladora-de-induccion-termica-selladora-de-operculos-semiautomatica\/#breadcrumb","itemListElement":[{"@type":"ListItem","position":1,"name":"Portada","item":"https:\/\/distribucionarc.com\/pl\/"},{"@type":"ListItem","position":2,"name":"Produkty","item":"https:\/\/distribucionarc.com\/pl\/shop\/"},{"@type":"ListItem","position":3,"name":"M\u00e1quina Selladora de Inducci\u00f3n T\u00e9rmica selladora de op\u00e9rculos semiautom\u00e1tica"}]},{"@type":"WebSite","@id":"https:\/\/distribucionarc.com\/de\/#website","url":"https:\/\/distribucionarc.com\/de\/","name":"Distribui\u00e7\u00e3o ARC","description":"Empresa especializada no fabrico e distribui\u00e7\u00e3o de m\u00e1quinas industriais, m\u00e1quinas de selar latas, m\u00e1quinas de fazer comprimidos, m\u00e1quinas de cortar carne...","publisher":{"@id":"https:\/\/distribucionarc.com\/de\/#organization"},"potentialAction":[{"@type":"SearchAction","target":{"@type":"EntryPoint","urlTemplate":"https:\/\/distribucionarc.com\/de\/?s={search_term_string}"},"query-input":{"@type":"PropertyValueSpecification","valueRequired":true,"valueName":"search_term_string"}}],"inLanguage":"pt-PT"},{"@type":"Organization","@id":"https:\/\/distribucionarc.com\/de\/#organization","name":"Distribui\u00e7\u00e3o ARC","url":"https:\/\/distribucionarc.com\/de\/","logo":{"@type":"ImageObject","inLanguage":"pt-PT","@id":"https:\/\/distribucionarc.com\/de\/#\/schema\/logo\/image\/","url":"https:\/\/distribucionarc.com\/wp-content\/uploads\/2024\/10\/distribucion-ARC-COLOR-SIN-FONDO-e1732295305345.png","contentUrl":"https:\/\/distribucionarc.com\/wp-content\/uploads\/2024\/10\/distribucion-ARC-COLOR-SIN-FONDO-e1732295305345.png","width":1164,"height":558,"caption":"Distribuci\u00f3n ARC"},"image":{"@id":"https:\/\/distribucionarc.com\/de\/#\/schema\/logo\/image\/"},"description":"Empresa especializada no fabrico e distribui\u00e7\u00e3o de m\u00e1quinas industriais para os sectores alimentar e farmac\u00eautico. Somos especializados em: M\u00e1quinas de cortar carne Fabrico de comprimidos Sistemas de transporte industrial Linhas de engarrafamento Dispensadores E muito mais... Oferecemos solu\u00e7\u00f5es inovadoras e personalizadas para otimizar os processos de produ\u00e7\u00e3o da sua empresa.","email":"Admistracion@distribucionarc.com","telephone":"+34 643496664","legalName":"ARC TECH SOLUTIONS","foundingDate":"2024-04-09","vatID":"B55480172","numberOfEmployees":{"@type":"QuantitativeValue","minValue":"1","maxValue":"10"}}]}},"_links":{"self":[{"href":"https:\/\/distribucionarc.com\/pt\/wp-json\/wp\/v2\/product\/627","targetHints":{"allow":["GET"]}}],"collection":[{"href":"https:\/\/distribucionarc.com\/pt\/wp-json\/wp\/v2\/product"}],"about":[{"href":"https:\/\/distribucionarc.com\/pt\/wp-json\/wp\/v2\/types\/product"}],"replies":[{"embeddable":true,"href":"https:\/\/distribucionarc.com\/pt\/wp-json\/wp\/v2\/comments?post=627"}],"version-history":[{"count":0,"href":"https:\/\/distribucionarc.com\/pt\/wp-json\/wp\/v2\/product\/627\/revisions"}],"wp:featuredmedia":[{"embeddable":true,"href":"https:\/\/distribucionarc.com\/pt\/wp-json\/wp\/v2\/media\/628"}],"wp:attachment":[{"href":"https:\/\/distribucionarc.com\/pt\/wp-json\/wp\/v2\/media?parent=627"}],"wp:term":[{"taxonomy":"product_brand","embeddable":true,"href":"https:\/\/distribucionarc.com\/pt\/wp-json\/wp\/v2\/product_brand?post=627"},{"taxonomy":"product_cat","embeddable":true,"href":"https:\/\/distribucionarc.com\/pt\/wp-json\/wp\/v2\/product_cat?post=627"},{"taxonomy":"product_tag","embeddable":true,"href":"https:\/\/distribucionarc.com\/pt\/wp-json\/wp\/v2\/product_tag?post=627"}],"curies":[{"name":"wp","href":"https:\/\/api.w.org\/{rel}","templated":true}]}}