{"id":6641,"date":"2024-04-24T16:45:56","date_gmt":"2024-04-24T16:45:56","guid":{"rendered":"https:\/\/distribucionarc.com\/?post_type=product&#038;p=6641"},"modified":"2024-04-24T16:45:58","modified_gmt":"2024-04-24T16:45:58","slug":"maquina-rotativa-de-comprimidos-de-pressao-dupla-para-suplementos-dieteticos","status":"publish","type":"product","link":"https:\/\/distribucionarc.com\/pt\/producto\/maquina-de-tabletas-rotativa-de-doble-prensa-para-complementos-dieteticos\/","title":{"rendered":"M\u00c1QUINA DE COMPRIMIDOS ROTATIVOS DE IMPRENSA DUPLA PARA SUPLEMENTOS DIET\u00c9TICOS"},"content":{"rendered":"<p>Descubra o nosso<strong> m\u00e1quina rotativa de comprimidos de prensa dupla para suplementos diet\u00e9ticos<\/strong>! Converte p\u00f3, gr\u00e2nulos e gr\u00e3os em<strong> comprimidos de suplemento diet\u00e9tico<\/strong> com alta qualidade com formatos variados. Seguro e higi\u00eanico gra\u00e7as ao seu design fechado e capa protetora transparente. Controle PLC para opera\u00e7\u00e3o precisa. Aumente a produ\u00e7\u00e3o e melhore a qualidade do seu<strong> suplementos diet\u00e9ticos<\/strong>. Otimize seu processo produtivo conosco!<\/p>\n<p>&nbsp;<\/p>\n<table>\n<tbody>\n<tr>\n<td width=\"189\">Modelo<\/td>\n<td width=\"189\">ZARPW-21D<\/td>\n<td width=\"189\">ZARPW-19D<\/td>\n<\/tr>\n<tr>\n<td width=\"189\">Socos morrem<\/td>\n<td width=\"189\">21<\/td>\n<td width=\"189\">19<\/td>\n<\/tr>\n<tr>\n<td width=\"189\">Press\u00e3o m\u00e1xima (kn)<\/td>\n<td width=\"189\">100<\/td>\n<td width=\"189\">100<\/td>\n<\/tr>\n<tr>\n<td width=\"189\">Di\u00e2metro m\u00e1ximo do comprimido (mm)<\/td>\n<td width=\"189\">40<\/td>\n<td width=\"189\">40<\/td>\n<\/tr>\n<tr>\n<td width=\"189\">Profundidade m\u00e1xima de enchimento (mm)<\/td>\n<td width=\"189\">25<\/td>\n<td width=\"189\">30<\/td>\n<\/tr>\n<tr>\n<td width=\"189\">Espessura m\u00e1xima do comprimido (mm)<\/td>\n<td width=\"189\">12<\/td>\n<td width=\"189\">15<\/td>\n<\/tr>\n<tr>\n<td width=\"189\">Velocidade da torre (r\/min)<\/td>\n<td width=\"189\">0-30<\/td>\n<td width=\"189\">0-30<\/td>\n<\/tr>\n<tr>\n<td width=\"189\">Capacidade de produ\u00e7\u00e3o (pe\u00e7a\/h)<\/td>\n<td width=\"189\">25500<\/td>\n<td width=\"189\">20500<\/td>\n<\/tr>\n<tr>\n<td width=\"189\">Pot\u00eancia do motor<\/td>\n<td width=\"189\">5.5<\/td>\n<td width=\"189\">5.5<\/td>\n<\/tr>\n<tr>\n<td width=\"189\">Tamanho total (mm)<\/td>\n<td width=\"189\">1500*<\/p>\n<p>1300*<\/p>\n<p>1650*<\/td>\n<td width=\"189\">1230*<\/p>\n<p>950*<\/p>\n<p>1900*<\/td>\n<\/tr>\n<tr>\n<td width=\"189\">Peso l\u00edquido kg<\/td>\n<td width=\"189\">1850<\/td>\n<td width=\"189\">2500<\/td>\n<\/tr>\n<\/tbody>\n<\/table>","protected":false},"excerpt":{"rendered":"<p>Descubra nossa m\u00e1quina rotativa de comprimidos de dupla prensagem para suplementos alimentares! Converte p\u00f3, gr\u00e2nulos e gr\u00e3os em comprimidos<\/p>","protected":false},"featured_media":6644,"comment_status":"open","ping_status":"closed","template":"","meta":{"wds_primary_product_brand":0,"wds_primary_product_cat":0},"product_brand":[],"product_cat":[84],"product_tag":[],"class_list":{"0":"post-6641","1":"product","2":"type-product","3":"status-publish","4":"has-post-thumbnail","6":"product_cat-maquinas-para-hacer-pastillas","8":"first","9":"instock","10":"taxable","11":"shipping-taxable","12":"purchasable","13":"product-type-simple"},"yoast_head":"<!-- This site is optimized with the Yoast SEO Premium plugin v24.9 (Yoast SEO v26.1) - https:\/\/yoast.com\/wordpress\/plugins\/seo\/ -->\n<title>MAQUINA DE TABLETAS ROTATIVA DE DOBLE PRENSA PARA COMPLEMENTOS DIETETICOS - distribuci\u00f3n ARC<\/title>\n<meta name=\"robots\" content=\"index, follow, max-snippet:-1, max-image-preview:large, max-video-preview:-1\" \/>\n<link rel=\"canonical\" href=\"https:\/\/distribucionarc.com\/pt\/produto\/maquina-rotativa-de-comprimidos-de-pressao-dupla-para-suplementos-dieteticos\/\" \/>\n<meta property=\"og:locale\" content=\"pt_PT\" \/>\n<meta property=\"og:type\" content=\"article\" \/>\n<meta property=\"og:title\" content=\"MAQUINA DE TABLETAS ROTATIVA DE DOBLE PRENSA PARA COMPLEMENTOS DIETETICOS\" \/>\n<meta property=\"og:description\" content=\"\u00a1Descubre nuestra m\u00e1quina de tabletas rotativa de doble prensa para complementos diet\u00e9ticos! Convierte polvo, gr\u00e1nulos y granos en tabletas de\" \/>\n<meta property=\"og:url\" content=\"https:\/\/distribucionarc.com\/pt\/produto\/maquina-rotativa-de-comprimidos-de-pressao-dupla-para-suplementos-dieteticos\/\" \/>\n<meta property=\"og:site_name\" content=\"distribuci\u00f3n ARC\" \/>\n<meta property=\"article:modified_time\" content=\"2024-04-24T16:45:58+00:00\" \/>\n<meta property=\"og:image\" content=\"https:\/\/distribucionarc.com\/wp-content\/uploads\/2024\/04\/MAQUINA-DE-TABLETAS-ROTATIVA-DE-DOBLE-PRENSA-PARA-COMPLEMENTOS-DIETETICOS-fotor-20240424184144.jpg\" \/>\n\t<meta property=\"og:image:width\" content=\"688\" \/>\n\t<meta property=\"og:image:height\" content=\"944\" \/>\n\t<meta property=\"og:image:type\" content=\"image\/jpeg\" \/>\n<meta name=\"twitter:card\" content=\"summary_large_image\" \/>\n<meta name=\"twitter:label1\" content=\"Tempo estimado de leitura\" \/>\n\t<meta name=\"twitter:data1\" content=\"1 minuto\" \/>\n<script type=\"application\/ld+json\" class=\"yoast-schema-graph\">{\"@context\":\"https:\/\/schema.org\",\"@graph\":[{\"@type\":\"WebPage\",\"@id\":\"https:\/\/distribucionarc.com\/en\/producto\/maquina-de-tabletas-rotativa-de-doble-prensa-para-complementos-dieteticos\/\",\"url\":\"https:\/\/distribucionarc.com\/en\/producto\/maquina-de-tabletas-rotativa-de-doble-prensa-para-complementos-dieteticos\/\",\"name\":\"MAQUINA DE TABLETAS ROTATIVA DE DOBLE PRENSA PARA COMPLEMENTOS DIETETICOS - distribuci\u00f3n ARC\",\"isPartOf\":{\"@id\":\"https:\/\/distribucionarc.com\/bg\/#website\"},\"primaryImageOfPage\":{\"@id\":\"https:\/\/distribucionarc.com\/en\/producto\/maquina-de-tabletas-rotativa-de-doble-prensa-para-complementos-dieteticos\/#primaryimage\"},\"image\":{\"@id\":\"https:\/\/distribucionarc.com\/en\/producto\/maquina-de-tabletas-rotativa-de-doble-prensa-para-complementos-dieteticos\/#primaryimage\"},\"thumbnailUrl\":\"https:\/\/distribucionarc.com\/wp-content\/uploads\/2024\/04\/MAQUINA-DE-TABLETAS-ROTATIVA-DE-DOBLE-PRENSA-PARA-COMPLEMENTOS-DIETETICOS-fotor-20240424184144.jpg\",\"datePublished\":\"2024-04-24T16:45:56+00:00\",\"dateModified\":\"2024-04-24T16:45:58+00:00\",\"breadcrumb\":{\"@id\":\"https:\/\/distribucionarc.com\/en\/producto\/maquina-de-tabletas-rotativa-de-doble-prensa-para-complementos-dieteticos\/#breadcrumb\"},\"inLanguage\":\"pt-PT\",\"potentialAction\":[{\"@type\":\"ReadAction\",\"target\":[\"https:\/\/distribucionarc.com\/en\/producto\/maquina-de-tabletas-rotativa-de-doble-prensa-para-complementos-dieteticos\/\"]}]},{\"@type\":\"ImageObject\",\"inLanguage\":\"pt-PT\",\"@id\":\"https:\/\/distribucionarc.com\/en\/producto\/maquina-de-tabletas-rotativa-de-doble-prensa-para-complementos-dieteticos\/#primaryimage\",\"url\":\"https:\/\/distribucionarc.com\/wp-content\/uploads\/2024\/04\/MAQUINA-DE-TABLETAS-ROTATIVA-DE-DOBLE-PRENSA-PARA-COMPLEMENTOS-DIETETICOS-fotor-20240424184144.jpg\",\"contentUrl\":\"https:\/\/distribucionarc.com\/wp-content\/uploads\/2024\/04\/MAQUINA-DE-TABLETAS-ROTATIVA-DE-DOBLE-PRENSA-PARA-COMPLEMENTOS-DIETETICOS-fotor-20240424184144.jpg\",\"width\":688,\"height\":944,\"caption\":\"#image_title\"},{\"@type\":\"BreadcrumbList\",\"@id\":\"https:\/\/distribucionarc.com\/en\/producto\/maquina-de-tabletas-rotativa-de-doble-prensa-para-complementos-dieteticos\/#breadcrumb\",\"itemListElement\":[{\"@type\":\"ListItem\",\"position\":1,\"name\":\"Portada\",\"item\":\"https:\/\/distribucionarc.com\/el\/\"},{\"@type\":\"ListItem\",\"position\":2,\"name\":\"Proizvodi\",\"item\":\"https:\/\/www.distribucionarc.com\/hr\/ducan\/\"},{\"@type\":\"ListItem\",\"position\":3,\"name\":\"MAQUINA DE TABLETAS ROTATIVA DE DOBLE PRENSA PARA COMPLEMENTOS DIETETICOS\"}]},{\"@type\":\"WebSite\",\"@id\":\"https:\/\/distribucionarc.com\/bg\/#website\",\"url\":\"https:\/\/distribucionarc.com\/bg\/\",\"name\":\"distribuci\u00f3n ARC\",\"description\":\"Empresa especializada en la fabricaci\u00f3n y distribuci\u00f3n de maquinaria industrial, selladoras de latas, Maquinas de hacer pastillas, Maquinas de cortar carne...\",\"publisher\":{\"@id\":\"https:\/\/distribucionarc.com\/bg\/#organization\"},\"potentialAction\":[{\"@type\":\"SearchAction\",\"target\":{\"@type\":\"EntryPoint\",\"urlTemplate\":\"https:\/\/distribucionarc.com\/bg\/?s={search_term_string}\"},\"query-input\":{\"@type\":\"PropertyValueSpecification\",\"valueRequired\":true,\"valueName\":\"search_term_string\"}}],\"inLanguage\":\"pt-PT\"},{\"@type\":\"Organization\",\"@id\":\"https:\/\/distribucionarc.com\/bg\/#organization\",\"name\":\"Distribuci\u00f3n ARC\",\"url\":\"https:\/\/distribucionarc.com\/bg\/\",\"logo\":{\"@type\":\"ImageObject\",\"inLanguage\":\"pt-PT\",\"@id\":\"https:\/\/distribucionarc.com\/bg\/#\/schema\/logo\/image\/\",\"url\":\"https:\/\/distribucionarc.com\/wp-content\/uploads\/2024\/10\/distribucion-ARC-COLOR-SIN-FONDO-e1732295305345.png\",\"contentUrl\":\"https:\/\/distribucionarc.com\/wp-content\/uploads\/2024\/10\/distribucion-ARC-COLOR-SIN-FONDO-e1732295305345.png\",\"width\":1164,\"height\":558,\"caption\":\"Distribuci\u00f3n ARC\"},\"image\":{\"@id\":\"https:\/\/distribucionarc.com\/bg\/#\/schema\/logo\/image\/\"},\"description\":\"Empresa especializada en la fabricaci\u00f3n y distribuci\u00f3n de maquinaria industrial para los sectores alimentario y farmac\u00e9utico. Nos especializamos en: M\u00e1quinas de cortar carne Fabricaci\u00f3n de comprimidos Sistemas de transporte industrial L\u00edneas de embotellado Dosificadores Y mucho m\u00e1s... Ofrecemos soluciones innovadoras y personalizadas para optimizar los procesos productivos de tu empresa.\",\"email\":\"Admistracion@distribucionarc.com\",\"telephone\":\"+34 643496664\",\"legalName\":\"ARC TECH SOLUTIONS\",\"foundingDate\":\"2024-04-09\",\"vatID\":\"B55480172\",\"numberOfEmployees\":{\"@type\":\"QuantitativeValue\",\"minValue\":\"1\",\"maxValue\":\"10\"}}]}<\/script>\n<!-- \/ Yoast SEO Premium plugin. -->","yoast_head_json":{"title":"M\u00c1QUINA DE COMPRIMIDOS ROTATIVOS DE IMPRENSA DUPLA PARA SUPLEMENTOS ALIMENTARES - distribui\u00e7\u00e3o ARC","robots":{"index":"index","follow":"follow","max-snippet":"max-snippet:-1","max-image-preview":"max-image-preview:large","max-video-preview":"max-video-preview:-1"},"canonical":"https:\/\/distribucionarc.com\/pt\/produto\/maquina-rotativa-de-comprimidos-de-pressao-dupla-para-suplementos-dieteticos\/","og_locale":"pt_PT","og_type":"article","og_title":"MAQUINA DE TABLETAS ROTATIVA DE DOBLE PRENSA PARA COMPLEMENTOS DIETETICOS","og_description":"\u00a1Descubre nuestra m\u00e1quina de tabletas rotativa de doble prensa para complementos diet\u00e9ticos! Convierte polvo, gr\u00e1nulos y granos en tabletas de","og_url":"https:\/\/distribucionarc.com\/pt\/produto\/maquina-rotativa-de-comprimidos-de-pressao-dupla-para-suplementos-dieteticos\/","og_site_name":"distribuci\u00f3n ARC","article_modified_time":"2024-04-24T16:45:58+00:00","og_image":[{"width":688,"height":944,"url":"https:\/\/distribucionarc.com\/wp-content\/uploads\/2024\/04\/MAQUINA-DE-TABLETAS-ROTATIVA-DE-DOBLE-PRENSA-PARA-COMPLEMENTOS-DIETETICOS-fotor-20240424184144.jpg","type":"image\/jpeg"}],"twitter_card":"summary_large_image","twitter_misc":{"Tempo estimado de leitura":"1 minuto"},"schema":{"@context":"https:\/\/schema.org","@graph":[{"@type":"WebPage","@id":"https:\/\/distribucionarc.com\/en\/producto\/maquina-de-tabletas-rotativa-de-doble-prensa-para-complementos-dieteticos\/","url":"https:\/\/distribucionarc.com\/en\/producto\/maquina-de-tabletas-rotativa-de-doble-prensa-para-complementos-dieteticos\/","name":"M\u00c1QUINA DE COMPRIMIDOS ROTATIVOS DE IMPRENSA DUPLA PARA SUPLEMENTOS ALIMENTARES - distribui\u00e7\u00e3o ARC","isPartOf":{"@id":"https:\/\/distribucionarc.com\/bg\/#website"},"primaryImageOfPage":{"@id":"https:\/\/distribucionarc.com\/en\/producto\/maquina-de-tabletas-rotativa-de-doble-prensa-para-complementos-dieteticos\/#primaryimage"},"image":{"@id":"https:\/\/distribucionarc.com\/en\/producto\/maquina-de-tabletas-rotativa-de-doble-prensa-para-complementos-dieteticos\/#primaryimage"},"thumbnailUrl":"https:\/\/distribucionarc.com\/wp-content\/uploads\/2024\/04\/MAQUINA-DE-TABLETAS-ROTATIVA-DE-DOBLE-PRENSA-PARA-COMPLEMENTOS-DIETETICOS-fotor-20240424184144.jpg","datePublished":"2024-04-24T16:45:56+00:00","dateModified":"2024-04-24T16:45:58+00:00","breadcrumb":{"@id":"https:\/\/distribucionarc.com\/en\/producto\/maquina-de-tabletas-rotativa-de-doble-prensa-para-complementos-dieteticos\/#breadcrumb"},"inLanguage":"pt-PT","potentialAction":[{"@type":"ReadAction","target":["https:\/\/distribucionarc.com\/en\/producto\/maquina-de-tabletas-rotativa-de-doble-prensa-para-complementos-dieteticos\/"]}]},{"@type":"ImageObject","inLanguage":"pt-PT","@id":"https:\/\/distribucionarc.com\/en\/producto\/maquina-de-tabletas-rotativa-de-doble-prensa-para-complementos-dieteticos\/#primaryimage","url":"https:\/\/distribucionarc.com\/wp-content\/uploads\/2024\/04\/MAQUINA-DE-TABLETAS-ROTATIVA-DE-DOBLE-PRENSA-PARA-COMPLEMENTOS-DIETETICOS-fotor-20240424184144.jpg","contentUrl":"https:\/\/distribucionarc.com\/wp-content\/uploads\/2024\/04\/MAQUINA-DE-TABLETAS-ROTATIVA-DE-DOBLE-PRENSA-PARA-COMPLEMENTOS-DIETETICOS-fotor-20240424184144.jpg","width":688,"height":944,"caption":"#image_title"},{"@type":"BreadcrumbList","@id":"https:\/\/distribucionarc.com\/en\/producto\/maquina-de-tabletas-rotativa-de-doble-prensa-para-complementos-dieteticos\/#breadcrumb","itemListElement":[{"@type":"ListItem","position":1,"name":"Portada","item":"https:\/\/distribucionarc.com\/el\/"},{"@type":"ListItem","position":2,"name":"Proizvodi","item":"https:\/\/www.distribucionarc.com\/hr\/ducan\/"},{"@type":"ListItem","position":3,"name":"MAQUINA DE TABLETAS ROTATIVA DE DOBLE PRENSA PARA COMPLEMENTOS DIETETICOS"}]},{"@type":"WebSite","@id":"https:\/\/distribucionarc.com\/bg\/#website","url":"https:\/\/distribucionarc.com\/bg\/","name":"Distribui\u00e7\u00e3o ARC","description":"Empresa especializada no fabrico e distribui\u00e7\u00e3o de m\u00e1quinas industriais, m\u00e1quinas de selar latas, m\u00e1quinas de fazer comprimidos, m\u00e1quinas de cortar carne...","publisher":{"@id":"https:\/\/distribucionarc.com\/bg\/#organization"},"potentialAction":[{"@type":"SearchAction","target":{"@type":"EntryPoint","urlTemplate":"https:\/\/distribucionarc.com\/bg\/?s={search_term_string}"},"query-input":{"@type":"PropertyValueSpecification","valueRequired":true,"valueName":"search_term_string"}}],"inLanguage":"pt-PT"},{"@type":"Organization","@id":"https:\/\/distribucionarc.com\/bg\/#organization","name":"Distribui\u00e7\u00e3o ARC","url":"https:\/\/distribucionarc.com\/bg\/","logo":{"@type":"ImageObject","inLanguage":"pt-PT","@id":"https:\/\/distribucionarc.com\/bg\/#\/schema\/logo\/image\/","url":"https:\/\/distribucionarc.com\/wp-content\/uploads\/2024\/10\/distribucion-ARC-COLOR-SIN-FONDO-e1732295305345.png","contentUrl":"https:\/\/distribucionarc.com\/wp-content\/uploads\/2024\/10\/distribucion-ARC-COLOR-SIN-FONDO-e1732295305345.png","width":1164,"height":558,"caption":"Distribuci\u00f3n ARC"},"image":{"@id":"https:\/\/distribucionarc.com\/bg\/#\/schema\/logo\/image\/"},"description":"Empresa especializada no fabrico e distribui\u00e7\u00e3o de m\u00e1quinas industriais para os sectores alimentar e farmac\u00eautico. Somos especializados em: M\u00e1quinas de cortar carne Fabrico de comprimidos Sistemas de transporte industrial Linhas de engarrafamento Dispensadores E muito mais... Oferecemos solu\u00e7\u00f5es inovadoras e personalizadas para otimizar os processos de produ\u00e7\u00e3o da sua empresa.","email":"Admistracion@distribucionarc.com","telephone":"+34 643496664","legalName":"ARC TECH SOLUTIONS","foundingDate":"2024-04-09","vatID":"B55480172","numberOfEmployees":{"@type":"QuantitativeValue","minValue":"1","maxValue":"10"}}]}},"_links":{"self":[{"href":"https:\/\/distribucionarc.com\/pt\/wp-json\/wp\/v2\/product\/6641","targetHints":{"allow":["GET"]}}],"collection":[{"href":"https:\/\/distribucionarc.com\/pt\/wp-json\/wp\/v2\/product"}],"about":[{"href":"https:\/\/distribucionarc.com\/pt\/wp-json\/wp\/v2\/types\/product"}],"replies":[{"embeddable":true,"href":"https:\/\/distribucionarc.com\/pt\/wp-json\/wp\/v2\/comments?post=6641"}],"version-history":[{"count":0,"href":"https:\/\/distribucionarc.com\/pt\/wp-json\/wp\/v2\/product\/6641\/revisions"}],"wp:featuredmedia":[{"embeddable":true,"href":"https:\/\/distribucionarc.com\/pt\/wp-json\/wp\/v2\/media\/6644"}],"wp:attachment":[{"href":"https:\/\/distribucionarc.com\/pt\/wp-json\/wp\/v2\/media?parent=6641"}],"wp:term":[{"taxonomy":"product_brand","embeddable":true,"href":"https:\/\/distribucionarc.com\/pt\/wp-json\/wp\/v2\/product_brand?post=6641"},{"taxonomy":"product_cat","embeddable":true,"href":"https:\/\/distribucionarc.com\/pt\/wp-json\/wp\/v2\/product_cat?post=6641"},{"taxonomy":"product_tag","embeddable":true,"href":"https:\/\/distribucionarc.com\/pt\/wp-json\/wp\/v2\/product_tag?post=6641"}],"curies":[{"name":"wp","href":"https:\/\/api.w.org\/{rel}","templated":true}]}}