{"id":6660,"date":"2024-04-24T18:26:04","date_gmt":"2024-04-24T18:26:04","guid":{"rendered":"https:\/\/distribucionarc.com\/?post_type=product&#038;p=6660"},"modified":"2024-04-24T18:26:06","modified_gmt":"2024-04-24T18:26:06","slug":"prensa-rotativa-industrial-para-comprimidos-de-vitamina-acy-b12","status":"publish","type":"product","link":"https:\/\/distribucionarc.com\/pt\/producto\/maquina-prensa-rotativa-industrial-para-tabletas-de-vitaminas-a-c-y-b12\/","title":{"rendered":"M\u00c1QUINA DE PRENSA ROTATIVA INDUSTRIAL PARA COMPRIMIDOS DE VITAMINA A, CY B12"},"content":{"rendered":"<p><strong>M\u00e1quina de prensa rotativa industrial ZRAP15\/17\/19D<\/strong>. Projetado para prensar p\u00f3, gr\u00e2nulos e pequenos gr\u00e2nulos para <strong>comprimidos de vitaminas A, C e B12<\/strong>. Atende aos padr\u00f5es GMP, f\u00e1cil de limpar e manter, com prote\u00e7\u00e3o contra sobrecarga de press\u00e3o. Otimize sua produ\u00e7\u00e3o e garanta qualidade conosco. Melhore a qualidade do seu <strong>vitamina A, comprimidos CY B12<\/strong> com nossa tecnologia avan\u00e7ada.<\/p>\n<p>&nbsp;<\/p>\n<table>\n<tbody>\n<tr>\n<td width=\"135\">Modelo<\/td>\n<td width=\"135\">ZARP-15D<\/td>\n<td width=\"135\">ZARP-17D<\/td>\n<td width=\"135\">ZARP-19D<\/td>\n<\/tr>\n<tr>\n<td width=\"135\">Socos morrem<\/td>\n<td width=\"135\">15<\/td>\n<td width=\"135\">17<\/td>\n<td width=\"135\">19<\/td>\n<\/tr>\n<tr>\n<td width=\"135\">press\u00e3o m\u00e1xima (kn)<\/td>\n<td width=\"135\">60<\/td>\n<td width=\"135\">60<\/td>\n<td width=\"135\">60<\/td>\n<\/tr>\n<tr>\n<td width=\"135\">Di\u00e2metro do comprimido (mm)<\/td>\n<td width=\"135\">25<\/td>\n<td width=\"135\">20<\/td>\n<td width=\"135\">13<\/td>\n<\/tr>\n<tr>\n<td width=\"135\">Profundidade de enchimento (mm)<\/td>\n<td width=\"135\">15<\/td>\n<td width=\"135\">15<\/td>\n<td width=\"135\">15<\/td>\n<\/tr>\n<tr>\n<td width=\"135\">M\u00e1x. espessura do comprimido (mm)<\/td>\n<td width=\"135\">6<\/td>\n<td width=\"135\">6<\/td>\n<td width=\"135\">6<\/td>\n<\/tr>\n<tr>\n<td width=\"135\">Velocidade da torre (r-min)<\/td>\n<td width=\"135\">0-35<\/td>\n<td width=\"135\">0-35<\/td>\n<td width=\"135\">0-35<\/td>\n<\/tr>\n<tr>\n<td width=\"135\">Capacidade de produ\u00e7\u00e3o (pe\u00e7a\/h)<\/td>\n<td width=\"135\">31500<\/td>\n<td width=\"135\">35700<\/td>\n<td width=\"135\">39900<\/td>\n<\/tr>\n<tr>\n<td width=\"135\">Pot\u00eancia do motor (kw)<\/td>\n<td width=\"135\">2.2<\/td>\n<td width=\"135\">2.2<\/td>\n<td width=\"135\">2.2<\/td>\n<\/tr>\n<tr>\n<td width=\"135\">Tamanho total (mm)<\/td>\n<td width=\"135\">615*<\/p>\n<p>890*<\/p>\n<p>1415*<\/td>\n<td width=\"135\">615*<\/p>\n<p>890*<\/p>\n<p>1415*<\/td>\n<td width=\"135\">615*<\/p>\n<p>890*<\/p>\n<p>1415*<\/td>\n<\/tr>\n<tr>\n<td width=\"135\">Peso l\u00edquido kg<\/td>\n<td width=\"135\">1000<\/td>\n<td width=\"135\">1000<\/td>\n<td width=\"135\">1000<\/td>\n<\/tr>\n<\/tbody>\n<\/table>","protected":false},"excerpt":{"rendered":"<p>M\u00e1quina de prensa rotativa industrial ZRAP15\/17\/19D. Projetado para prensar p\u00f3, gr\u00e2nulos e pequenos gr\u00e2nulos para comprimidos de vitaminas A, C e<\/p>","protected":false},"featured_media":6663,"comment_status":"open","ping_status":"closed","template":"","meta":{"wds_primary_product_brand":0,"wds_primary_product_cat":0},"product_brand":[],"product_cat":[84],"product_tag":[],"class_list":{"0":"post-6660","1":"product","2":"type-product","3":"status-publish","4":"has-post-thumbnail","6":"product_cat-maquinas-para-hacer-pastillas","8":"first","9":"instock","10":"taxable","11":"shipping-taxable","12":"purchasable","13":"product-type-simple"},"yoast_head":"<!-- This site is optimized with the Yoast SEO Premium plugin v24.9 (Yoast SEO v26.1) - https:\/\/yoast.com\/wordpress\/plugins\/seo\/ -->\n<title>MAQUINA PRENSA ROTATIVA INDUSTRIAL PARA TABLETAS DE VITAMINAS A, C Y B12 - distribuci\u00f3n ARC<\/title>\n<meta name=\"robots\" content=\"index, follow, max-snippet:-1, max-image-preview:large, max-video-preview:-1\" \/>\n<link rel=\"canonical\" href=\"https:\/\/distribucionarc.com\/pt\/produto\/prensa-rotativa-industrial-para-comprimidos-de-vitamina-acy-b12\/\" \/>\n<meta property=\"og:locale\" content=\"pt_PT\" \/>\n<meta property=\"og:type\" content=\"article\" \/>\n<meta property=\"og:title\" content=\"MAQUINA PRENSA ROTATIVA INDUSTRIAL PARA TABLETAS DE VITAMINAS A, C Y B12\" \/>\n<meta property=\"og:description\" content=\"Maquina prensa rotativa industrial ZRAP15\/17\/19D. Dise\u00f1ada para prensar polvo, granulado y gr\u00e1nulos peque\u00f1os para tabletas de vitaminas A, C y\" \/>\n<meta property=\"og:url\" content=\"https:\/\/distribucionarc.com\/pt\/produto\/prensa-rotativa-industrial-para-comprimidos-de-vitamina-acy-b12\/\" \/>\n<meta property=\"og:site_name\" content=\"distribuci\u00f3n ARC\" \/>\n<meta property=\"article:modified_time\" content=\"2024-04-24T18:26:06+00:00\" \/>\n<meta property=\"og:image\" content=\"https:\/\/distribucionarc.com\/wp-content\/uploads\/2024\/04\/MAQUINA-PRENSA-ROTATIVA-ZARP15_17_19D-PARA-TABLETAS-DE-VITAMINAS-A-C-Y-B12.jpg\" \/>\n\t<meta property=\"og:image:width\" content=\"608\" \/>\n\t<meta property=\"og:image:height\" content=\"904\" \/>\n\t<meta property=\"og:image:type\" content=\"image\/jpeg\" \/>\n<meta name=\"twitter:card\" content=\"summary_large_image\" \/>\n<meta name=\"twitter:label1\" content=\"Tempo estimado de leitura\" \/>\n\t<meta name=\"twitter:data1\" content=\"1 minuto\" \/>\n<script type=\"application\/ld+json\" class=\"yoast-schema-graph\">{\"@context\":\"https:\/\/schema.org\",\"@graph\":[{\"@type\":\"WebPage\",\"@id\":\"https:\/\/distribucionarc.com\/pt\/producto\/maquina-prensa-rotativa-industrial-para-tabletas-de-vitaminas-a-c-y-b12\/\",\"url\":\"https:\/\/distribucionarc.com\/pt\/producto\/maquina-prensa-rotativa-industrial-para-tabletas-de-vitaminas-a-c-y-b12\/\",\"name\":\"MAQUINA PRENSA ROTATIVA INDUSTRIAL PARA TABLETAS DE VITAMINAS A, C Y B12 - distribuci\u00f3n ARC\",\"isPartOf\":{\"@id\":\"https:\/\/distribucionarc.com\/de\/#website\"},\"primaryImageOfPage\":{\"@id\":\"https:\/\/distribucionarc.com\/pt\/producto\/maquina-prensa-rotativa-industrial-para-tabletas-de-vitaminas-a-c-y-b12\/#primaryimage\"},\"image\":{\"@id\":\"https:\/\/distribucionarc.com\/pt\/producto\/maquina-prensa-rotativa-industrial-para-tabletas-de-vitaminas-a-c-y-b12\/#primaryimage\"},\"thumbnailUrl\":\"https:\/\/distribucionarc.com\/wp-content\/uploads\/2024\/04\/MAQUINA-PRENSA-ROTATIVA-ZARP15_17_19D-PARA-TABLETAS-DE-VITAMINAS-A-C-Y-B12.jpg\",\"datePublished\":\"2024-04-24T18:26:04+00:00\",\"dateModified\":\"2024-04-24T18:26:06+00:00\",\"breadcrumb\":{\"@id\":\"https:\/\/distribucionarc.com\/pt\/producto\/maquina-prensa-rotativa-industrial-para-tabletas-de-vitaminas-a-c-y-b12\/#breadcrumb\"},\"inLanguage\":\"pt-PT\",\"potentialAction\":[{\"@type\":\"ReadAction\",\"target\":[\"https:\/\/distribucionarc.com\/pt\/producto\/maquina-prensa-rotativa-industrial-para-tabletas-de-vitaminas-a-c-y-b12\/\"]}]},{\"@type\":\"ImageObject\",\"inLanguage\":\"pt-PT\",\"@id\":\"https:\/\/distribucionarc.com\/pt\/producto\/maquina-prensa-rotativa-industrial-para-tabletas-de-vitaminas-a-c-y-b12\/#primaryimage\",\"url\":\"https:\/\/distribucionarc.com\/wp-content\/uploads\/2024\/04\/MAQUINA-PRENSA-ROTATIVA-ZARP15_17_19D-PARA-TABLETAS-DE-VITAMINAS-A-C-Y-B12.jpg\",\"contentUrl\":\"https:\/\/distribucionarc.com\/wp-content\/uploads\/2024\/04\/MAQUINA-PRENSA-ROTATIVA-ZARP15_17_19D-PARA-TABLETAS-DE-VITAMINAS-A-C-Y-B12.jpg\",\"width\":608,\"height\":904,\"caption\":\"#image_title\"},{\"@type\":\"BreadcrumbList\",\"@id\":\"https:\/\/distribucionarc.com\/pt\/producto\/maquina-prensa-rotativa-industrial-para-tabletas-de-vitaminas-a-c-y-b12\/#breadcrumb\",\"itemListElement\":[{\"@type\":\"ListItem\",\"position\":1,\"name\":\"Portada\",\"item\":\"https:\/\/distribucionarc.com\/pl\/\"},{\"@type\":\"ListItem\",\"position\":2,\"name\":\"Produkty\",\"item\":\"https:\/\/distribucionarc.com\/pl\/shop\/\"},{\"@type\":\"ListItem\",\"position\":3,\"name\":\"MAQUINA PRENSA ROTATIVA INDUSTRIAL PARA TABLETAS DE VITAMINAS A, C Y B12\"}]},{\"@type\":\"WebSite\",\"@id\":\"https:\/\/distribucionarc.com\/de\/#website\",\"url\":\"https:\/\/distribucionarc.com\/de\/\",\"name\":\"distribuci\u00f3n ARC\",\"description\":\"Empresa especializada en la fabricaci\u00f3n y distribuci\u00f3n de maquinaria industrial, selladoras de latas, Maquinas de hacer pastillas, Maquinas de cortar carne...\",\"publisher\":{\"@id\":\"https:\/\/distribucionarc.com\/de\/#organization\"},\"potentialAction\":[{\"@type\":\"SearchAction\",\"target\":{\"@type\":\"EntryPoint\",\"urlTemplate\":\"https:\/\/distribucionarc.com\/de\/?s={search_term_string}\"},\"query-input\":{\"@type\":\"PropertyValueSpecification\",\"valueRequired\":true,\"valueName\":\"search_term_string\"}}],\"inLanguage\":\"pt-PT\"},{\"@type\":\"Organization\",\"@id\":\"https:\/\/distribucionarc.com\/de\/#organization\",\"name\":\"Distribuci\u00f3n ARC\",\"url\":\"https:\/\/distribucionarc.com\/de\/\",\"logo\":{\"@type\":\"ImageObject\",\"inLanguage\":\"pt-PT\",\"@id\":\"https:\/\/distribucionarc.com\/de\/#\/schema\/logo\/image\/\",\"url\":\"https:\/\/distribucionarc.com\/wp-content\/uploads\/2024\/10\/distribucion-ARC-COLOR-SIN-FONDO-e1732295305345.png\",\"contentUrl\":\"https:\/\/distribucionarc.com\/wp-content\/uploads\/2024\/10\/distribucion-ARC-COLOR-SIN-FONDO-e1732295305345.png\",\"width\":1164,\"height\":558,\"caption\":\"Distribuci\u00f3n ARC\"},\"image\":{\"@id\":\"https:\/\/distribucionarc.com\/de\/#\/schema\/logo\/image\/\"},\"description\":\"Empresa especializada en la fabricaci\u00f3n y distribuci\u00f3n de maquinaria industrial para los sectores alimentario y farmac\u00e9utico. Nos especializamos en: M\u00e1quinas de cortar carne Fabricaci\u00f3n de comprimidos Sistemas de transporte industrial L\u00edneas de embotellado Dosificadores Y mucho m\u00e1s... Ofrecemos soluciones innovadoras y personalizadas para optimizar los procesos productivos de tu empresa.\",\"email\":\"Admistracion@distribucionarc.com\",\"telephone\":\"+34 643496664\",\"legalName\":\"ARC TECH SOLUTIONS\",\"foundingDate\":\"2024-04-09\",\"vatID\":\"B55480172\",\"numberOfEmployees\":{\"@type\":\"QuantitativeValue\",\"minValue\":\"1\",\"maxValue\":\"10\"}}]}<\/script>\n<!-- \/ Yoast SEO Premium plugin. -->","yoast_head_json":{"title":"M\u00c1QUINA DE PRENSA ROTATIVA INDUSTRIAL PARA COMPRIMIDOS DE VITAMINA A, CY B12 - distribui\u00e7\u00e3o ARC","robots":{"index":"index","follow":"follow","max-snippet":"max-snippet:-1","max-image-preview":"max-image-preview:large","max-video-preview":"max-video-preview:-1"},"canonical":"https:\/\/distribucionarc.com\/pt\/produto\/prensa-rotativa-industrial-para-comprimidos-de-vitamina-acy-b12\/","og_locale":"pt_PT","og_type":"article","og_title":"MAQUINA PRENSA ROTATIVA INDUSTRIAL PARA TABLETAS DE VITAMINAS A, C Y B12","og_description":"Maquina prensa rotativa industrial ZRAP15\/17\/19D. Dise\u00f1ada para prensar polvo, granulado y gr\u00e1nulos peque\u00f1os para tabletas de vitaminas A, C y","og_url":"https:\/\/distribucionarc.com\/pt\/produto\/prensa-rotativa-industrial-para-comprimidos-de-vitamina-acy-b12\/","og_site_name":"distribuci\u00f3n ARC","article_modified_time":"2024-04-24T18:26:06+00:00","og_image":[{"width":608,"height":904,"url":"https:\/\/distribucionarc.com\/wp-content\/uploads\/2024\/04\/MAQUINA-PRENSA-ROTATIVA-ZARP15_17_19D-PARA-TABLETAS-DE-VITAMINAS-A-C-Y-B12.jpg","type":"image\/jpeg"}],"twitter_card":"summary_large_image","twitter_misc":{"Tempo estimado de leitura":"1 minuto"},"schema":{"@context":"https:\/\/schema.org","@graph":[{"@type":"WebPage","@id":"https:\/\/distribucionarc.com\/pt\/producto\/maquina-prensa-rotativa-industrial-para-tabletas-de-vitaminas-a-c-y-b12\/","url":"https:\/\/distribucionarc.com\/pt\/producto\/maquina-prensa-rotativa-industrial-para-tabletas-de-vitaminas-a-c-y-b12\/","name":"M\u00c1QUINA DE PRENSA ROTATIVA INDUSTRIAL PARA COMPRIMIDOS DE VITAMINA A, CY B12 - distribui\u00e7\u00e3o ARC","isPartOf":{"@id":"https:\/\/distribucionarc.com\/de\/#website"},"primaryImageOfPage":{"@id":"https:\/\/distribucionarc.com\/pt\/producto\/maquina-prensa-rotativa-industrial-para-tabletas-de-vitaminas-a-c-y-b12\/#primaryimage"},"image":{"@id":"https:\/\/distribucionarc.com\/pt\/producto\/maquina-prensa-rotativa-industrial-para-tabletas-de-vitaminas-a-c-y-b12\/#primaryimage"},"thumbnailUrl":"https:\/\/distribucionarc.com\/wp-content\/uploads\/2024\/04\/MAQUINA-PRENSA-ROTATIVA-ZARP15_17_19D-PARA-TABLETAS-DE-VITAMINAS-A-C-Y-B12.jpg","datePublished":"2024-04-24T18:26:04+00:00","dateModified":"2024-04-24T18:26:06+00:00","breadcrumb":{"@id":"https:\/\/distribucionarc.com\/pt\/producto\/maquina-prensa-rotativa-industrial-para-tabletas-de-vitaminas-a-c-y-b12\/#breadcrumb"},"inLanguage":"pt-PT","potentialAction":[{"@type":"ReadAction","target":["https:\/\/distribucionarc.com\/pt\/producto\/maquina-prensa-rotativa-industrial-para-tabletas-de-vitaminas-a-c-y-b12\/"]}]},{"@type":"ImageObject","inLanguage":"pt-PT","@id":"https:\/\/distribucionarc.com\/pt\/producto\/maquina-prensa-rotativa-industrial-para-tabletas-de-vitaminas-a-c-y-b12\/#primaryimage","url":"https:\/\/distribucionarc.com\/wp-content\/uploads\/2024\/04\/MAQUINA-PRENSA-ROTATIVA-ZARP15_17_19D-PARA-TABLETAS-DE-VITAMINAS-A-C-Y-B12.jpg","contentUrl":"https:\/\/distribucionarc.com\/wp-content\/uploads\/2024\/04\/MAQUINA-PRENSA-ROTATIVA-ZARP15_17_19D-PARA-TABLETAS-DE-VITAMINAS-A-C-Y-B12.jpg","width":608,"height":904,"caption":"#image_title"},{"@type":"BreadcrumbList","@id":"https:\/\/distribucionarc.com\/pt\/producto\/maquina-prensa-rotativa-industrial-para-tabletas-de-vitaminas-a-c-y-b12\/#breadcrumb","itemListElement":[{"@type":"ListItem","position":1,"name":"Portada","item":"https:\/\/distribucionarc.com\/pl\/"},{"@type":"ListItem","position":2,"name":"Produkty","item":"https:\/\/distribucionarc.com\/pl\/shop\/"},{"@type":"ListItem","position":3,"name":"MAQUINA PRENSA ROTATIVA INDUSTRIAL PARA TABLETAS DE VITAMINAS A, C Y B12"}]},{"@type":"WebSite","@id":"https:\/\/distribucionarc.com\/de\/#website","url":"https:\/\/distribucionarc.com\/de\/","name":"Distribui\u00e7\u00e3o ARC","description":"Empresa especializada no fabrico e distribui\u00e7\u00e3o de m\u00e1quinas industriais, m\u00e1quinas de selar latas, m\u00e1quinas de fazer comprimidos, m\u00e1quinas de cortar carne...","publisher":{"@id":"https:\/\/distribucionarc.com\/de\/#organization"},"potentialAction":[{"@type":"SearchAction","target":{"@type":"EntryPoint","urlTemplate":"https:\/\/distribucionarc.com\/de\/?s={search_term_string}"},"query-input":{"@type":"PropertyValueSpecification","valueRequired":true,"valueName":"search_term_string"}}],"inLanguage":"pt-PT"},{"@type":"Organization","@id":"https:\/\/distribucionarc.com\/de\/#organization","name":"Distribui\u00e7\u00e3o ARC","url":"https:\/\/distribucionarc.com\/de\/","logo":{"@type":"ImageObject","inLanguage":"pt-PT","@id":"https:\/\/distribucionarc.com\/de\/#\/schema\/logo\/image\/","url":"https:\/\/distribucionarc.com\/wp-content\/uploads\/2024\/10\/distribucion-ARC-COLOR-SIN-FONDO-e1732295305345.png","contentUrl":"https:\/\/distribucionarc.com\/wp-content\/uploads\/2024\/10\/distribucion-ARC-COLOR-SIN-FONDO-e1732295305345.png","width":1164,"height":558,"caption":"Distribuci\u00f3n ARC"},"image":{"@id":"https:\/\/distribucionarc.com\/de\/#\/schema\/logo\/image\/"},"description":"Empresa especializada no fabrico e distribui\u00e7\u00e3o de m\u00e1quinas industriais para os sectores alimentar e farmac\u00eautico. Somos especializados em: M\u00e1quinas de cortar carne Fabrico de comprimidos Sistemas de transporte industrial Linhas de engarrafamento Dispensadores E muito mais... Oferecemos solu\u00e7\u00f5es inovadoras e personalizadas para otimizar os processos de produ\u00e7\u00e3o da sua empresa.","email":"Admistracion@distribucionarc.com","telephone":"+34 643496664","legalName":"ARC TECH SOLUTIONS","foundingDate":"2024-04-09","vatID":"B55480172","numberOfEmployees":{"@type":"QuantitativeValue","minValue":"1","maxValue":"10"}}]}},"_links":{"self":[{"href":"https:\/\/distribucionarc.com\/pt\/wp-json\/wp\/v2\/product\/6660","targetHints":{"allow":["GET"]}}],"collection":[{"href":"https:\/\/distribucionarc.com\/pt\/wp-json\/wp\/v2\/product"}],"about":[{"href":"https:\/\/distribucionarc.com\/pt\/wp-json\/wp\/v2\/types\/product"}],"replies":[{"embeddable":true,"href":"https:\/\/distribucionarc.com\/pt\/wp-json\/wp\/v2\/comments?post=6660"}],"version-history":[{"count":0,"href":"https:\/\/distribucionarc.com\/pt\/wp-json\/wp\/v2\/product\/6660\/revisions"}],"wp:featuredmedia":[{"embeddable":true,"href":"https:\/\/distribucionarc.com\/pt\/wp-json\/wp\/v2\/media\/6663"}],"wp:attachment":[{"href":"https:\/\/distribucionarc.com\/pt\/wp-json\/wp\/v2\/media?parent=6660"}],"wp:term":[{"taxonomy":"product_brand","embeddable":true,"href":"https:\/\/distribucionarc.com\/pt\/wp-json\/wp\/v2\/product_brand?post=6660"},{"taxonomy":"product_cat","embeddable":true,"href":"https:\/\/distribucionarc.com\/pt\/wp-json\/wp\/v2\/product_cat?post=6660"},{"taxonomy":"product_tag","embeddable":true,"href":"https:\/\/distribucionarc.com\/pt\/wp-json\/wp\/v2\/product_tag?post=6660"}],"curies":[{"name":"wp","href":"https:\/\/api.w.org\/{rel}","templated":true}]}}