{"id":6686,"date":"2024-04-24T19:17:37","date_gmt":"2024-04-24T19:17:37","guid":{"rendered":"https:\/\/distribucionarc.com\/?post_type=product&#038;p=6686"},"modified":"2024-04-24T19:17:39","modified_gmt":"2024-04-24T19:17:39","slug":"maquina-granuladora-para-comprimidos-de-suplemento-nutricional","status":"publish","type":"product","link":"https:\/\/distribucionarc.com\/pt\/producto\/maquina-granuladora-para-comprimidos-de-suplementos-nutricionales\/","title":{"rendered":"M\u00c1QUINA GRANULADORA PARA COMPRIMIDOS DE SUPLEMENTOS NUTRICIONAIS"},"content":{"rendered":"<p>Nosso <strong>M\u00e1quina rotativa ZARP<\/strong> Ele \u00e9 projetado para sua produ\u00e7\u00e3o de<strong> comprimidos de suplemento nutricional<\/strong> <strong>prensador<\/strong> de p\u00f3, gr\u00e2nulos e gr\u00e3os pequenos em comprimidos de alta qualidade, perfeitos para produ\u00e7\u00e3o em lote. Ajuste a velocidade, a quantidade de enchimento de p\u00f3 e a espessura do <strong>comprimido<\/strong> de acordo com suas necessidades. Com dispositivo de amortecimento mec\u00e2nico para evitar danos por sobrecarga. Otimize seu processo de fabrica\u00e7\u00e3o com precis\u00e3o e efici\u00eancia.<\/p>\n<p>&nbsp;<\/p>\n<table>\n<tbody>\n<tr>\n<td width=\"81\"><em>Modelo<\/em><\/td>\n<td width=\"81\">ZARP-15<\/td>\n<td width=\"81\"><em>ZARP-17<\/em><\/td>\n<td width=\"81\"><em>ZARP-19<\/em><\/td>\n<td width=\"81\"><em>ZARP-29<\/em><\/td>\n<td width=\"81\"><em>ZARP-31<\/em><\/td>\n<td width=\"81\"><em>ZARP-33<\/em><\/td>\n<\/tr>\n<tr>\n<td width=\"81\">Socos morrem<\/td>\n<td width=\"81\">15<\/td>\n<td width=\"81\">17<\/td>\n<td width=\"81\">19<\/td>\n<td width=\"81\">29<\/td>\n<td width=\"81\">31<\/td>\n<td width=\"81\">33<\/td>\n<\/tr>\n<tr>\n<td width=\"81\">press\u00e3o m\u00e1xima (kn)<\/td>\n<td width=\"81\">80<\/td>\n<td width=\"81\">60<\/td>\n<td width=\"81\">60<\/td>\n<td width=\"81\">60<\/td>\n<td width=\"81\">60<\/td>\n<td width=\"81\">60<\/td>\n<\/tr>\n<tr>\n<td width=\"81\">Di\u00e2metro m\u00e1ximo do comprimido (mm)<\/td>\n<td width=\"81\">25<\/td>\n<td width=\"81\">20<\/td>\n<td width=\"81\">13<\/td>\n<td width=\"81\">20<\/td>\n<td width=\"81\">20<\/td>\n<td width=\"81\">12<\/td>\n<\/tr>\n<tr>\n<td width=\"81\">Profundidade m\u00e1xima de enchimento (mm)<\/td>\n<td width=\"81\">15 ajust\u00e1veis<\/td>\n<td width=\"81\">15 ajust\u00e1veis<\/td>\n<td width=\"81\">15 ajust\u00e1veis<\/td>\n<td width=\"81\">15 ajust\u00e1veis<\/td>\n<td width=\"81\">15 ajust\u00e1veis<\/td>\n<td width=\"81\">15 ajust\u00e1veis<\/td>\n<\/tr>\n<tr>\n<td width=\"81\">Espessura m\u00e1xima do comprimido (mm)<\/td>\n<td width=\"81\">6 ajust\u00e1vel<\/td>\n<td width=\"81\">6 ajust\u00e1vel<\/td>\n<td width=\"81\">6 ajust\u00e1vel<\/td>\n<td width=\"81\">6 ajust\u00e1vel<\/td>\n<td width=\"81\">6 ajust\u00e1vel<\/td>\n<td width=\"81\">6 ajust\u00e1vel<\/td>\n<\/tr>\n<tr>\n<td width=\"81\">Velocidade da torre (r-min)<\/td>\n<td width=\"81\">0-35<\/td>\n<td width=\"81\">0-35<\/td>\n<td width=\"81\">0-35<\/td>\n<td width=\"81\">11-28<\/td>\n<td width=\"81\">11-28<\/td>\n<td width=\"81\">11-28<\/td>\n<\/tr>\n<tr>\n<td width=\"81\">Capacidade de produ\u00e7\u00e3o (pe\u00e7as\/h)<\/td>\n<td width=\"81\">31500<\/td>\n<td width=\"81\">35700<\/td>\n<td width=\"81\">39900<\/td>\n<td width=\"81\">38280-97000<\/td>\n<td width=\"81\">40900-104000<\/td>\n<td width=\"81\">43000-110000<\/td>\n<\/tr>\n<tr>\n<td width=\"81\">Tens\u00e3o (V)<\/td>\n<td width=\"81\">220V E 380V<\/td>\n<td width=\"81\">220V E 380V<\/td>\n<td width=\"81\">220V E 380V<\/td>\n<td width=\"81\">220V E 380V<\/td>\n<td width=\"81\">220V E 380V<\/td>\n<td width=\"81\">220V E 380V<\/td>\n<\/tr>\n<tr>\n<td width=\"81\">Pot\u00eancia do motor (kw)<\/td>\n<td width=\"81\">2.2<\/td>\n<td width=\"81\">2.2<\/td>\n<td width=\"81\">2.2<\/td>\n<td width=\"81\">2.2<\/td>\n<td width=\"81\">2.2<\/td>\n<td width=\"81\">2.2<\/td>\n<\/tr>\n<tr>\n<td width=\"81\">Tamanho total (mm)<\/td>\n<td width=\"81\">760*<\/p>\n<p>750*<\/p>\n<p>1550*<\/td>\n<td width=\"81\">760*<\/p>\n<p>750*<\/p>\n<p>1550*<\/td>\n<td width=\"81\">950*<\/p>\n<p>960*<\/p>\n<p>1600*<\/td>\n<td width=\"81\">950*<\/p>\n<p>960*<\/p>\n<p>1600*<\/td>\n<td width=\"81\">950*<\/p>\n<p>960*<\/p>\n<p>1600*<\/td>\n<td width=\"81\">950*<\/p>\n<p>960*<\/p>\n<p>1600*<\/td>\n<\/tr>\n<tr>\n<td width=\"81\">Peso kg<\/td>\n<td width=\"81\">500<\/td>\n<td width=\"81\">500<\/td>\n<td width=\"81\">500<\/td>\n<td width=\"81\">850<\/td>\n<td width=\"81\">850<\/td>\n<td width=\"81\">850<\/td>\n<\/tr>\n<\/tbody>\n<\/table>\n<p>&nbsp;<\/p>\n<p>&nbsp;<\/p>","protected":false},"excerpt":{"rendered":"<p>Nossa m\u00e1quina rotativa ZARP foi projetada para sua produ\u00e7\u00e3o de comprimidos, p\u00f3s, gr\u00e2nulos e prensagem de gr\u00e3os de suplementos nutricionais.<\/p>","protected":false},"featured_media":6694,"comment_status":"open","ping_status":"closed","template":"","meta":{"wds_primary_product_brand":0,"wds_primary_product_cat":0},"product_brand":[],"product_cat":[84],"product_tag":[],"class_list":{"0":"post-6686","1":"product","2":"type-product","3":"status-publish","4":"has-post-thumbnail","6":"product_cat-maquinas-para-hacer-pastillas","8":"first","9":"instock","10":"taxable","11":"shipping-taxable","12":"purchasable","13":"product-type-simple"},"yoast_head":"<!-- This site is optimized with the Yoast SEO Premium plugin v24.9 (Yoast SEO v26.1) - https:\/\/yoast.com\/wordpress\/plugins\/seo\/ -->\n<title>MAQUINA GRANULADORA PARA COMPRIMIDOS DE SUPLEMENTOS NUTRICIONALES - distribuci\u00f3n ARC<\/title>\n<meta name=\"robots\" content=\"index, follow, max-snippet:-1, max-image-preview:large, max-video-preview:-1\" \/>\n<link rel=\"canonical\" href=\"https:\/\/distribucionarc.com\/pt\/produto\/maquina-granuladora-para-comprimidos-de-suplemento-nutricional\/\" \/>\n<meta property=\"og:locale\" content=\"pt_PT\" \/>\n<meta property=\"og:type\" content=\"article\" \/>\n<meta property=\"og:title\" content=\"MAQUINA GRANULADORA PARA COMPRIMIDOS DE SUPLEMENTOS NUTRICIONALES\" \/>\n<meta property=\"og:description\" content=\"Nuestra m\u00e1quina rotativa ZARP esta dise\u00f1ada para tu producci\u00f3n de comprimidos de suplementos nutricionales prensadora de polvo, gr\u00e1nulos y granos\" \/>\n<meta property=\"og:url\" content=\"https:\/\/distribucionarc.com\/pt\/produto\/maquina-granuladora-para-comprimidos-de-suplemento-nutricional\/\" \/>\n<meta property=\"og:site_name\" content=\"distribuci\u00f3n ARC\" \/>\n<meta property=\"article:modified_time\" content=\"2024-04-24T19:17:39+00:00\" \/>\n<meta property=\"og:image\" content=\"https:\/\/distribucionarc.com\/wp-content\/uploads\/2024\/04\/MAQUINA-GRANULADORA-PARA-COMPRIMIDOS-DE-SUPLEMENTOS-NUTRICIONALES.jpg\" \/>\n\t<meta property=\"og:image:width\" content=\"816\" \/>\n\t<meta property=\"og:image:height\" content=\"824\" \/>\n\t<meta property=\"og:image:type\" content=\"image\/jpeg\" \/>\n<meta name=\"twitter:card\" content=\"summary_large_image\" \/>\n<meta name=\"twitter:label1\" content=\"Tempo estimado de leitura\" \/>\n\t<meta name=\"twitter:data1\" content=\"1 minuto\" \/>\n<script type=\"application\/ld+json\" class=\"yoast-schema-graph\">{\"@context\":\"https:\/\/schema.org\",\"@graph\":[{\"@type\":\"WebPage\",\"@id\":\"https:\/\/distribucionarc.com\/nb\/producto\/maquina-granuladora-para-comprimidos-de-suplementos-nutricionales\/\",\"url\":\"https:\/\/distribucionarc.com\/nb\/producto\/maquina-granuladora-para-comprimidos-de-suplementos-nutricionales\/\",\"name\":\"MAQUINA GRANULADORA PARA COMPRIMIDOS DE SUPLEMENTOS NUTRICIONALES - distribuci\u00f3n ARC\",\"isPartOf\":{\"@id\":\"https:\/\/distribucionarc.com\/de\/#website\"},\"primaryImageOfPage\":{\"@id\":\"https:\/\/distribucionarc.com\/nb\/producto\/maquina-granuladora-para-comprimidos-de-suplementos-nutricionales\/#primaryimage\"},\"image\":{\"@id\":\"https:\/\/distribucionarc.com\/nb\/producto\/maquina-granuladora-para-comprimidos-de-suplementos-nutricionales\/#primaryimage\"},\"thumbnailUrl\":\"https:\/\/distribucionarc.com\/wp-content\/uploads\/2024\/04\/MAQUINA-GRANULADORA-PARA-COMPRIMIDOS-DE-SUPLEMENTOS-NUTRICIONALES.jpg\",\"datePublished\":\"2024-04-24T19:17:37+00:00\",\"dateModified\":\"2024-04-24T19:17:39+00:00\",\"breadcrumb\":{\"@id\":\"https:\/\/distribucionarc.com\/nb\/producto\/maquina-granuladora-para-comprimidos-de-suplementos-nutricionales\/#breadcrumb\"},\"inLanguage\":\"pt-PT\",\"potentialAction\":[{\"@type\":\"ReadAction\",\"target\":[\"https:\/\/distribucionarc.com\/nb\/producto\/maquina-granuladora-para-comprimidos-de-suplementos-nutricionales\/\"]}]},{\"@type\":\"ImageObject\",\"inLanguage\":\"pt-PT\",\"@id\":\"https:\/\/distribucionarc.com\/nb\/producto\/maquina-granuladora-para-comprimidos-de-suplementos-nutricionales\/#primaryimage\",\"url\":\"https:\/\/distribucionarc.com\/wp-content\/uploads\/2024\/04\/MAQUINA-GRANULADORA-PARA-COMPRIMIDOS-DE-SUPLEMENTOS-NUTRICIONALES.jpg\",\"contentUrl\":\"https:\/\/distribucionarc.com\/wp-content\/uploads\/2024\/04\/MAQUINA-GRANULADORA-PARA-COMPRIMIDOS-DE-SUPLEMENTOS-NUTRICIONALES.jpg\",\"width\":816,\"height\":824,\"caption\":\"#image_title\"},{\"@type\":\"BreadcrumbList\",\"@id\":\"https:\/\/distribucionarc.com\/nb\/producto\/maquina-granuladora-para-comprimidos-de-suplementos-nutricionales\/#breadcrumb\",\"itemListElement\":[{\"@type\":\"ListItem\",\"position\":1,\"name\":\"Portada\",\"item\":\"https:\/\/distribucionarc.com\/pl\/\"},{\"@type\":\"ListItem\",\"position\":2,\"name\":\"Produkty\",\"item\":\"https:\/\/distribucionarc.com\/pl\/shop\/\"},{\"@type\":\"ListItem\",\"position\":3,\"name\":\"MAQUINA GRANULADORA PARA COMPRIMIDOS DE SUPLEMENTOS NUTRICIONALES\"}]},{\"@type\":\"WebSite\",\"@id\":\"https:\/\/distribucionarc.com\/de\/#website\",\"url\":\"https:\/\/distribucionarc.com\/de\/\",\"name\":\"distribuci\u00f3n ARC\",\"description\":\"Empresa especializada en la fabricaci\u00f3n y distribuci\u00f3n de maquinaria industrial, selladoras de latas, Maquinas de hacer pastillas, Maquinas de cortar carne...\",\"publisher\":{\"@id\":\"https:\/\/distribucionarc.com\/de\/#organization\"},\"potentialAction\":[{\"@type\":\"SearchAction\",\"target\":{\"@type\":\"EntryPoint\",\"urlTemplate\":\"https:\/\/distribucionarc.com\/de\/?s={search_term_string}\"},\"query-input\":{\"@type\":\"PropertyValueSpecification\",\"valueRequired\":true,\"valueName\":\"search_term_string\"}}],\"inLanguage\":\"pt-PT\"},{\"@type\":\"Organization\",\"@id\":\"https:\/\/distribucionarc.com\/de\/#organization\",\"name\":\"Distribuci\u00f3n ARC\",\"url\":\"https:\/\/distribucionarc.com\/de\/\",\"logo\":{\"@type\":\"ImageObject\",\"inLanguage\":\"pt-PT\",\"@id\":\"https:\/\/distribucionarc.com\/de\/#\/schema\/logo\/image\/\",\"url\":\"https:\/\/distribucionarc.com\/wp-content\/uploads\/2024\/10\/distribucion-ARC-COLOR-SIN-FONDO-e1732295305345.png\",\"contentUrl\":\"https:\/\/distribucionarc.com\/wp-content\/uploads\/2024\/10\/distribucion-ARC-COLOR-SIN-FONDO-e1732295305345.png\",\"width\":1164,\"height\":558,\"caption\":\"Distribuci\u00f3n ARC\"},\"image\":{\"@id\":\"https:\/\/distribucionarc.com\/de\/#\/schema\/logo\/image\/\"},\"description\":\"Empresa especializada en la fabricaci\u00f3n y distribuci\u00f3n de maquinaria industrial para los sectores alimentario y farmac\u00e9utico. Nos especializamos en: M\u00e1quinas de cortar carne Fabricaci\u00f3n de comprimidos Sistemas de transporte industrial L\u00edneas de embotellado Dosificadores Y mucho m\u00e1s... Ofrecemos soluciones innovadoras y personalizadas para optimizar los procesos productivos de tu empresa.\",\"email\":\"Admistracion@distribucionarc.com\",\"telephone\":\"+34 643496664\",\"legalName\":\"ARC TECH SOLUTIONS\",\"foundingDate\":\"2024-04-09\",\"vatID\":\"B55480172\",\"numberOfEmployees\":{\"@type\":\"QuantitativeValue\",\"minValue\":\"1\",\"maxValue\":\"10\"}}]}<\/script>\n<!-- \/ Yoast SEO Premium plugin. -->","yoast_head_json":{"title":"M\u00c1QUINA GRANULADORA PARA COMPRIMIDOS DE SUPLEMENTO NUTRICIONAL - distribui\u00e7\u00e3o ARC","robots":{"index":"index","follow":"follow","max-snippet":"max-snippet:-1","max-image-preview":"max-image-preview:large","max-video-preview":"max-video-preview:-1"},"canonical":"https:\/\/distribucionarc.com\/pt\/produto\/maquina-granuladora-para-comprimidos-de-suplemento-nutricional\/","og_locale":"pt_PT","og_type":"article","og_title":"MAQUINA GRANULADORA PARA COMPRIMIDOS DE SUPLEMENTOS NUTRICIONALES","og_description":"Nuestra m\u00e1quina rotativa ZARP esta dise\u00f1ada para tu producci\u00f3n de comprimidos de suplementos nutricionales prensadora de polvo, gr\u00e1nulos y granos","og_url":"https:\/\/distribucionarc.com\/pt\/produto\/maquina-granuladora-para-comprimidos-de-suplemento-nutricional\/","og_site_name":"distribuci\u00f3n ARC","article_modified_time":"2024-04-24T19:17:39+00:00","og_image":[{"width":816,"height":824,"url":"https:\/\/distribucionarc.com\/wp-content\/uploads\/2024\/04\/MAQUINA-GRANULADORA-PARA-COMPRIMIDOS-DE-SUPLEMENTOS-NUTRICIONALES.jpg","type":"image\/jpeg"}],"twitter_card":"summary_large_image","twitter_misc":{"Tempo estimado de leitura":"1 minuto"},"schema":{"@context":"https:\/\/schema.org","@graph":[{"@type":"WebPage","@id":"https:\/\/distribucionarc.com\/nb\/producto\/maquina-granuladora-para-comprimidos-de-suplementos-nutricionales\/","url":"https:\/\/distribucionarc.com\/nb\/producto\/maquina-granuladora-para-comprimidos-de-suplementos-nutricionales\/","name":"M\u00c1QUINA GRANULADORA PARA COMPRIMIDOS DE SUPLEMENTO NUTRICIONAL - distribui\u00e7\u00e3o ARC","isPartOf":{"@id":"https:\/\/distribucionarc.com\/de\/#website"},"primaryImageOfPage":{"@id":"https:\/\/distribucionarc.com\/nb\/producto\/maquina-granuladora-para-comprimidos-de-suplementos-nutricionales\/#primaryimage"},"image":{"@id":"https:\/\/distribucionarc.com\/nb\/producto\/maquina-granuladora-para-comprimidos-de-suplementos-nutricionales\/#primaryimage"},"thumbnailUrl":"https:\/\/distribucionarc.com\/wp-content\/uploads\/2024\/04\/MAQUINA-GRANULADORA-PARA-COMPRIMIDOS-DE-SUPLEMENTOS-NUTRICIONALES.jpg","datePublished":"2024-04-24T19:17:37+00:00","dateModified":"2024-04-24T19:17:39+00:00","breadcrumb":{"@id":"https:\/\/distribucionarc.com\/nb\/producto\/maquina-granuladora-para-comprimidos-de-suplementos-nutricionales\/#breadcrumb"},"inLanguage":"pt-PT","potentialAction":[{"@type":"ReadAction","target":["https:\/\/distribucionarc.com\/nb\/producto\/maquina-granuladora-para-comprimidos-de-suplementos-nutricionales\/"]}]},{"@type":"ImageObject","inLanguage":"pt-PT","@id":"https:\/\/distribucionarc.com\/nb\/producto\/maquina-granuladora-para-comprimidos-de-suplementos-nutricionales\/#primaryimage","url":"https:\/\/distribucionarc.com\/wp-content\/uploads\/2024\/04\/MAQUINA-GRANULADORA-PARA-COMPRIMIDOS-DE-SUPLEMENTOS-NUTRICIONALES.jpg","contentUrl":"https:\/\/distribucionarc.com\/wp-content\/uploads\/2024\/04\/MAQUINA-GRANULADORA-PARA-COMPRIMIDOS-DE-SUPLEMENTOS-NUTRICIONALES.jpg","width":816,"height":824,"caption":"#image_title"},{"@type":"BreadcrumbList","@id":"https:\/\/distribucionarc.com\/nb\/producto\/maquina-granuladora-para-comprimidos-de-suplementos-nutricionales\/#breadcrumb","itemListElement":[{"@type":"ListItem","position":1,"name":"Portada","item":"https:\/\/distribucionarc.com\/pl\/"},{"@type":"ListItem","position":2,"name":"Produkty","item":"https:\/\/distribucionarc.com\/pl\/shop\/"},{"@type":"ListItem","position":3,"name":"MAQUINA GRANULADORA PARA COMPRIMIDOS DE SUPLEMENTOS NUTRICIONALES"}]},{"@type":"WebSite","@id":"https:\/\/distribucionarc.com\/de\/#website","url":"https:\/\/distribucionarc.com\/de\/","name":"Distribui\u00e7\u00e3o ARC","description":"Empresa especializada no fabrico e distribui\u00e7\u00e3o de m\u00e1quinas industriais, m\u00e1quinas de selar latas, m\u00e1quinas de fazer comprimidos, m\u00e1quinas de cortar carne...","publisher":{"@id":"https:\/\/distribucionarc.com\/de\/#organization"},"potentialAction":[{"@type":"SearchAction","target":{"@type":"EntryPoint","urlTemplate":"https:\/\/distribucionarc.com\/de\/?s={search_term_string}"},"query-input":{"@type":"PropertyValueSpecification","valueRequired":true,"valueName":"search_term_string"}}],"inLanguage":"pt-PT"},{"@type":"Organization","@id":"https:\/\/distribucionarc.com\/de\/#organization","name":"Distribui\u00e7\u00e3o ARC","url":"https:\/\/distribucionarc.com\/de\/","logo":{"@type":"ImageObject","inLanguage":"pt-PT","@id":"https:\/\/distribucionarc.com\/de\/#\/schema\/logo\/image\/","url":"https:\/\/distribucionarc.com\/wp-content\/uploads\/2024\/10\/distribucion-ARC-COLOR-SIN-FONDO-e1732295305345.png","contentUrl":"https:\/\/distribucionarc.com\/wp-content\/uploads\/2024\/10\/distribucion-ARC-COLOR-SIN-FONDO-e1732295305345.png","width":1164,"height":558,"caption":"Distribuci\u00f3n ARC"},"image":{"@id":"https:\/\/distribucionarc.com\/de\/#\/schema\/logo\/image\/"},"description":"Empresa especializada no fabrico e distribui\u00e7\u00e3o de m\u00e1quinas industriais para os sectores alimentar e farmac\u00eautico. Somos especializados em: M\u00e1quinas de cortar carne Fabrico de comprimidos Sistemas de transporte industrial Linhas de engarrafamento Dispensadores E muito mais... Oferecemos solu\u00e7\u00f5es inovadoras e personalizadas para otimizar os processos de produ\u00e7\u00e3o da sua empresa.","email":"Admistracion@distribucionarc.com","telephone":"+34 643496664","legalName":"ARC TECH SOLUTIONS","foundingDate":"2024-04-09","vatID":"B55480172","numberOfEmployees":{"@type":"QuantitativeValue","minValue":"1","maxValue":"10"}}]}},"_links":{"self":[{"href":"https:\/\/distribucionarc.com\/pt\/wp-json\/wp\/v2\/product\/6686","targetHints":{"allow":["GET"]}}],"collection":[{"href":"https:\/\/distribucionarc.com\/pt\/wp-json\/wp\/v2\/product"}],"about":[{"href":"https:\/\/distribucionarc.com\/pt\/wp-json\/wp\/v2\/types\/product"}],"replies":[{"embeddable":true,"href":"https:\/\/distribucionarc.com\/pt\/wp-json\/wp\/v2\/comments?post=6686"}],"version-history":[{"count":0,"href":"https:\/\/distribucionarc.com\/pt\/wp-json\/wp\/v2\/product\/6686\/revisions"}],"wp:featuredmedia":[{"embeddable":true,"href":"https:\/\/distribucionarc.com\/pt\/wp-json\/wp\/v2\/media\/6694"}],"wp:attachment":[{"href":"https:\/\/distribucionarc.com\/pt\/wp-json\/wp\/v2\/media?parent=6686"}],"wp:term":[{"taxonomy":"product_brand","embeddable":true,"href":"https:\/\/distribucionarc.com\/pt\/wp-json\/wp\/v2\/product_brand?post=6686"},{"taxonomy":"product_cat","embeddable":true,"href":"https:\/\/distribucionarc.com\/pt\/wp-json\/wp\/v2\/product_cat?post=6686"},{"taxonomy":"product_tag","embeddable":true,"href":"https:\/\/distribucionarc.com\/pt\/wp-json\/wp\/v2\/product_tag?post=6686"}],"curies":[{"name":"wp","href":"https:\/\/api.w.org\/{rel}","templated":true}]}}