{"id":6748,"date":"2024-04-25T12:11:18","date_gmt":"2024-04-25T12:11:18","guid":{"rendered":"https:\/\/distribucionarc.com\/?post_type=product&#038;p=6748"},"modified":"2024-04-25T12:12:15","modified_gmt":"2024-04-25T12:12:15","slug":"prensagem-de-comprimidos-para-comprimidos-de-impulso-de-vitamina-mastigavel","status":"publish","type":"product","link":"https:\/\/distribucionarc.com\/pt\/producto\/prensadora-de-tabletas-para-comprimidos-masticables-de-impulso-vitaminico\/","title":{"rendered":"PRENSADOR DE COMPRIMIDOS PARA COMPRIMIDOS MASTIG\u00c1VEIS DE REFOR\u00c7O DE VITAMINAS"},"content":{"rendered":"<p><strong>A prensa rotativa para comprimidos da s\u00e9rie ZARPS<\/strong> \u00c9 uma m\u00e1quina de \u00faltima gera\u00e7\u00e3o para a produ\u00e7\u00e3o de <strong>comprimidos mastig\u00e1veis de refor\u00e7o vitam\u00ednico.<\/strong> Equipado com controle PLC, oferece ajuste preciso de press\u00e3o, profundidade de enchimento, espessura e capacidade do comprimido. Al\u00e9m disso, possui interface USB para exporta\u00e7\u00e3o de dados de trabalho.<\/p>\n<p>&nbsp;<\/p>\n<table>\n<tbody>\n<tr>\n<td width=\"113\">Modelo<\/td>\n<td width=\"113\">ZARP-8<\/td>\n<td width=\"113\">ZARP-10<\/td>\n<td width=\"113\">ZARP-18<\/td>\n<td width=\"113\">ZARP-20<\/td>\n<\/tr>\n<tr>\n<td width=\"113\">Socos morrem<\/td>\n<td width=\"113\">8<\/td>\n<td width=\"113\">10<\/td>\n<td width=\"113\">18<\/td>\n<td width=\"113\">20<\/td>\n<\/tr>\n<tr>\n<td width=\"113\">Tipo de ferramentas<\/td>\n<td width=\"113\">IPT<\/td>\n<td width=\"113\">IPT<\/td>\n<td width=\"113\">ZP<\/td>\n<td width=\"113\">ZP<\/td>\n<\/tr>\n<tr>\n<td width=\"113\">press\u00e3o m\u00e1xima<\/td>\n<td width=\"113\">80<\/td>\n<td width=\"113\">80<\/td>\n<td width=\"113\">80<\/td>\n<td width=\"113\">80<\/td>\n<\/tr>\n<tr>\n<td width=\"113\">Pr\u00e9-press\u00e3o de milho (kn)<\/td>\n<td width=\"113\">10<\/td>\n<td width=\"113\">10<\/td>\n<td width=\"113\">10<\/td>\n<td width=\"113\">10<\/td>\n<\/tr>\n<tr>\n<td width=\"113\">Di\u00e2metro m\u00e1ximo do comprimido (mm)<\/td>\n<td width=\"113\">23<\/td>\n<td width=\"113\">22<\/td>\n<td width=\"113\">13<\/td>\n<td width=\"113\">13<\/td>\n<\/tr>\n<tr>\n<td width=\"113\">Profundidade m\u00e1xima de enchimento (mm)<\/td>\n<td width=\"113\">17<\/td>\n<td width=\"113\">17<\/td>\n<td width=\"113\">17<\/td>\n<td width=\"113\">17<\/td>\n<\/tr>\n<tr>\n<td width=\"113\">Espessura m\u00e1xima do comprimido (mm)<\/td>\n<td width=\"113\">6<\/td>\n<td width=\"113\">6<\/td>\n<td width=\"113\">6<\/td>\n<td width=\"113\">6<\/td>\n<\/tr>\n<tr>\n<td width=\"113\">Velocidade da torre (r\/min)<\/td>\n<td width=\"113\">5-30<\/td>\n<td width=\"113\">5-30<\/td>\n<td width=\"113\">5-30<\/td>\n<td width=\"113\">5-30<\/td>\n<\/tr>\n<tr>\n<td width=\"113\">Capacidade de produ\u00e7\u00e3o (pe\u00e7as\/h)<\/td>\n<td width=\"113\">14400<\/td>\n<td width=\"113\">1800<\/td>\n<td width=\"113\">32400<\/td>\n<td width=\"113\">36000<\/td>\n<\/tr>\n<tr>\n<td width=\"113\">Pot\u00eancia do motor (kw)<\/td>\n<td width=\"113\">2.2<\/td>\n<td width=\"113\">2.2<\/td>\n<td width=\"113\">2.2<\/td>\n<td width=\"113\">2.2<\/td>\n<\/tr>\n<tr>\n<td width=\"113\">Tamanho total (mm)<\/td>\n<td width=\"113\">750*<\/p>\n<p>660*<\/p>\n<p>1620*<\/td>\n<td width=\"113\">750*<\/p>\n<p>660*<\/p>\n<p>1620*<\/td>\n<td width=\"113\">750*<\/p>\n<p>660*<\/p>\n<p>1620*<\/td>\n<td width=\"113\">750*<\/p>\n<p>660*<\/p>\n<p>1620*<\/td>\n<\/tr>\n<tr>\n<td width=\"113\">Peso l\u00edquido<\/td>\n<td width=\"113\">780<\/td>\n<td width=\"113\">780<\/td>\n<td width=\"113\">780<\/td>\n<td width=\"113\">780<\/td>\n<\/tr>\n<tr>\n<td width=\"113\">&nbsp;<\/td>\n<td width=\"113\">&nbsp;<\/td>\n<td width=\"113\">&nbsp;<\/td>\n<td width=\"113\">&nbsp;<\/td>\n<td width=\"113\">&nbsp;<\/td>\n<\/tr>\n<\/tbody>\n<\/table>","protected":false},"excerpt":{"rendered":"<p>A prensa rotativa para comprimidos da s\u00e9rie ZARPS \u00e9 uma m\u00e1quina de \u00faltima gera\u00e7\u00e3o para a produ\u00e7\u00e3o de comprimidos mastig\u00e1veis por impulso.<\/p>","protected":false},"featured_media":6749,"comment_status":"open","ping_status":"closed","template":"","meta":{"wds_primary_product_brand":0,"wds_primary_product_cat":0},"product_brand":[],"product_cat":[84],"product_tag":[],"class_list":{"0":"post-6748","1":"product","2":"type-product","3":"status-publish","4":"has-post-thumbnail","6":"product_cat-maquinas-para-hacer-pastillas","8":"first","9":"instock","10":"taxable","11":"shipping-taxable","12":"purchasable","13":"product-type-simple"},"yoast_head":"<!-- This site is optimized with the Yoast SEO Premium plugin v24.9 (Yoast SEO v26.1) - https:\/\/yoast.com\/wordpress\/plugins\/seo\/ -->\n<title>PRENSADORA DE TABLETAS PARA COMPRIMIDOS MASTICABLES DE IMPULSO VITAMINICO - distribuci\u00f3n ARC<\/title>\n<meta name=\"robots\" content=\"index, follow, max-snippet:-1, max-image-preview:large, max-video-preview:-1\" \/>\n<link rel=\"canonical\" href=\"https:\/\/distribucionarc.com\/pt\/produto\/prensagem-de-comprimidos-para-comprimidos-de-impulso-de-vitamina-mastigavel\/\" \/>\n<meta property=\"og:locale\" content=\"pt_PT\" \/>\n<meta property=\"og:type\" content=\"article\" \/>\n<meta property=\"og:title\" content=\"PRENSADORA DE TABLETAS PARA COMPRIMIDOS MASTICABLES DE IMPULSO VITAMINICO\" \/>\n<meta property=\"og:description\" content=\"La prensadora de tabletas rotativa serie ZARPS es una m\u00e1quina de vanguardia para la producci\u00f3n de comprimidos masticables de impulso\" \/>\n<meta property=\"og:url\" content=\"https:\/\/distribucionarc.com\/pt\/produto\/prensagem-de-comprimidos-para-comprimidos-de-impulso-de-vitamina-mastigavel\/\" \/>\n<meta property=\"og:site_name\" content=\"distribuci\u00f3n ARC\" \/>\n<meta property=\"article:modified_time\" content=\"2024-04-25T12:12:15+00:00\" \/>\n<meta property=\"og:image\" content=\"https:\/\/distribucionarc.com\/wp-content\/uploads\/2024\/04\/PRENSADORA-DE-TABLETAS-PARA-COMPRIMIDOS-MASTICABLES-DE-IMPULSO-VITAMINICO.jpg\" \/>\n\t<meta property=\"og:image:width\" content=\"656\" \/>\n\t<meta property=\"og:image:height\" content=\"848\" \/>\n\t<meta property=\"og:image:type\" content=\"image\/jpeg\" \/>\n<meta name=\"twitter:card\" content=\"summary_large_image\" \/>\n<meta name=\"twitter:label1\" content=\"Tempo estimado de leitura\" \/>\n\t<meta name=\"twitter:data1\" content=\"1 minuto\" \/>\n<script type=\"application\/ld+json\" class=\"yoast-schema-graph\">{\"@context\":\"https:\/\/schema.org\",\"@graph\":[{\"@type\":\"WebPage\",\"@id\":\"https:\/\/distribucionarc.com\/nl\/producto\/prensadora-de-tabletas-para-comprimidos-masticables-de-impulso-vitaminico\/\",\"url\":\"https:\/\/distribucionarc.com\/nl\/producto\/prensadora-de-tabletas-para-comprimidos-masticables-de-impulso-vitaminico\/\",\"name\":\"PRENSADORA DE TABLETAS PARA COMPRIMIDOS MASTICABLES DE IMPULSO VITAMINICO - distribuci\u00f3n ARC\",\"isPartOf\":{\"@id\":\"https:\/\/www.distribucionarc.com\/sl\/#website\"},\"primaryImageOfPage\":{\"@id\":\"https:\/\/distribucionarc.com\/nl\/producto\/prensadora-de-tabletas-para-comprimidos-masticables-de-impulso-vitaminico\/#primaryimage\"},\"image\":{\"@id\":\"https:\/\/distribucionarc.com\/nl\/producto\/prensadora-de-tabletas-para-comprimidos-masticables-de-impulso-vitaminico\/#primaryimage\"},\"thumbnailUrl\":\"https:\/\/distribucionarc.com\/wp-content\/uploads\/2024\/04\/PRENSADORA-DE-TABLETAS-PARA-COMPRIMIDOS-MASTICABLES-DE-IMPULSO-VITAMINICO.jpg\",\"datePublished\":\"2024-04-25T12:11:18+00:00\",\"dateModified\":\"2024-04-25T12:12:15+00:00\",\"breadcrumb\":{\"@id\":\"https:\/\/distribucionarc.com\/nl\/producto\/prensadora-de-tabletas-para-comprimidos-masticables-de-impulso-vitaminico\/#breadcrumb\"},\"inLanguage\":\"pt-PT\",\"potentialAction\":[{\"@type\":\"ReadAction\",\"target\":[\"https:\/\/distribucionarc.com\/nl\/producto\/prensadora-de-tabletas-para-comprimidos-masticables-de-impulso-vitaminico\/\"]}]},{\"@type\":\"ImageObject\",\"inLanguage\":\"pt-PT\",\"@id\":\"https:\/\/distribucionarc.com\/nl\/producto\/prensadora-de-tabletas-para-comprimidos-masticables-de-impulso-vitaminico\/#primaryimage\",\"url\":\"https:\/\/distribucionarc.com\/wp-content\/uploads\/2024\/04\/PRENSADORA-DE-TABLETAS-PARA-COMPRIMIDOS-MASTICABLES-DE-IMPULSO-VITAMINICO.jpg\",\"contentUrl\":\"https:\/\/distribucionarc.com\/wp-content\/uploads\/2024\/04\/PRENSADORA-DE-TABLETAS-PARA-COMPRIMIDOS-MASTICABLES-DE-IMPULSO-VITAMINICO.jpg\",\"width\":656,\"height\":848,\"caption\":\"#image_title\"},{\"@type\":\"BreadcrumbList\",\"@id\":\"https:\/\/distribucionarc.com\/nl\/producto\/prensadora-de-tabletas-para-comprimidos-masticables-de-impulso-vitaminico\/#breadcrumb\",\"itemListElement\":[{\"@type\":\"ListItem\",\"position\":1,\"name\":\"Portada\",\"item\":\"https:\/\/www.distribucionarc.com\/\"},{\"@type\":\"ListItem\",\"position\":2,\"name\":\"\u00dcr\u00fcnler\",\"item\":\"https:\/\/www.distribucionarc.com\/tr\/magaza\/\"},{\"@type\":\"ListItem\",\"position\":3,\"name\":\"PRENSADORA DE TABLETAS PARA COMPRIMIDOS MASTICABLES DE IMPULSO VITAMINICO\"}]},{\"@type\":\"WebSite\",\"@id\":\"https:\/\/www.distribucionarc.com\/sl\/#website\",\"url\":\"https:\/\/www.distribucionarc.com\/sl\/\",\"name\":\"distribuci\u00f3n ARC\",\"description\":\"Empresa especializada en la fabricaci\u00f3n y distribuci\u00f3n de maquinaria industrial, selladoras de latas, Maquinas de hacer pastillas, Maquinas de cortar carne...\",\"publisher\":{\"@id\":\"https:\/\/www.distribucionarc.com\/sl\/#organization\"},\"potentialAction\":[{\"@type\":\"SearchAction\",\"target\":{\"@type\":\"EntryPoint\",\"urlTemplate\":\"https:\/\/www.distribucionarc.com\/sl\/?s={search_term_string}\"},\"query-input\":{\"@type\":\"PropertyValueSpecification\",\"valueRequired\":true,\"valueName\":\"search_term_string\"}}],\"inLanguage\":\"pt-PT\"},{\"@type\":\"Organization\",\"@id\":\"https:\/\/www.distribucionarc.com\/sl\/#organization\",\"name\":\"Distribuci\u00f3n ARC\",\"url\":\"https:\/\/www.distribucionarc.com\/sl\/\",\"logo\":{\"@type\":\"ImageObject\",\"inLanguage\":\"pt-PT\",\"@id\":\"https:\/\/www.distribucionarc.com\/sl\/#\/schema\/logo\/image\/\",\"url\":\"https:\/\/distribucionarc.com\/wp-content\/uploads\/2024\/10\/distribucion-ARC-COLOR-SIN-FONDO-e1732295305345.png\",\"contentUrl\":\"https:\/\/distribucionarc.com\/wp-content\/uploads\/2024\/10\/distribucion-ARC-COLOR-SIN-FONDO-e1732295305345.png\",\"width\":1164,\"height\":558,\"caption\":\"Distribuci\u00f3n ARC\"},\"image\":{\"@id\":\"https:\/\/www.distribucionarc.com\/sl\/#\/schema\/logo\/image\/\"},\"description\":\"Empresa especializada en la fabricaci\u00f3n y distribuci\u00f3n de maquinaria industrial para los sectores alimentario y farmac\u00e9utico. Nos especializamos en: M\u00e1quinas de cortar carne Fabricaci\u00f3n de comprimidos Sistemas de transporte industrial L\u00edneas de embotellado Dosificadores Y mucho m\u00e1s... Ofrecemos soluciones innovadoras y personalizadas para optimizar los procesos productivos de tu empresa.\",\"email\":\"Admistracion@distribucionarc.com\",\"telephone\":\"+34 643496664\",\"legalName\":\"ARC TECH SOLUTIONS\",\"foundingDate\":\"2024-04-09\",\"vatID\":\"B55480172\",\"numberOfEmployees\":{\"@type\":\"QuantitativeValue\",\"minValue\":\"1\",\"maxValue\":\"10\"}}]}<\/script>\n<!-- \/ Yoast SEO Premium plugin. -->","yoast_head_json":{"title":"PRENSA DE COMPRIMIDOS PARA COMPRIMIDOS MASTIG\u00c1VEIS DE VITAMIN BOOST - distribui\u00e7\u00e3o ARC","robots":{"index":"index","follow":"follow","max-snippet":"max-snippet:-1","max-image-preview":"max-image-preview:large","max-video-preview":"max-video-preview:-1"},"canonical":"https:\/\/distribucionarc.com\/pt\/produto\/prensagem-de-comprimidos-para-comprimidos-de-impulso-de-vitamina-mastigavel\/","og_locale":"pt_PT","og_type":"article","og_title":"PRENSADORA DE TABLETAS PARA COMPRIMIDOS MASTICABLES DE IMPULSO VITAMINICO","og_description":"La prensadora de tabletas rotativa serie ZARPS es una m\u00e1quina de vanguardia para la producci\u00f3n de comprimidos masticables de impulso","og_url":"https:\/\/distribucionarc.com\/pt\/produto\/prensagem-de-comprimidos-para-comprimidos-de-impulso-de-vitamina-mastigavel\/","og_site_name":"distribuci\u00f3n ARC","article_modified_time":"2024-04-25T12:12:15+00:00","og_image":[{"width":656,"height":848,"url":"https:\/\/distribucionarc.com\/wp-content\/uploads\/2024\/04\/PRENSADORA-DE-TABLETAS-PARA-COMPRIMIDOS-MASTICABLES-DE-IMPULSO-VITAMINICO.jpg","type":"image\/jpeg"}],"twitter_card":"summary_large_image","twitter_misc":{"Tempo estimado de leitura":"1 minuto"},"schema":{"@context":"https:\/\/schema.org","@graph":[{"@type":"WebPage","@id":"https:\/\/distribucionarc.com\/nl\/producto\/prensadora-de-tabletas-para-comprimidos-masticables-de-impulso-vitaminico\/","url":"https:\/\/distribucionarc.com\/nl\/producto\/prensadora-de-tabletas-para-comprimidos-masticables-de-impulso-vitaminico\/","name":"PRENSA DE COMPRIMIDOS PARA COMPRIMIDOS MASTIG\u00c1VEIS DE VITAMIN BOOST - distribui\u00e7\u00e3o ARC","isPartOf":{"@id":"https:\/\/www.distribucionarc.com\/sl\/#website"},"primaryImageOfPage":{"@id":"https:\/\/distribucionarc.com\/nl\/producto\/prensadora-de-tabletas-para-comprimidos-masticables-de-impulso-vitaminico\/#primaryimage"},"image":{"@id":"https:\/\/distribucionarc.com\/nl\/producto\/prensadora-de-tabletas-para-comprimidos-masticables-de-impulso-vitaminico\/#primaryimage"},"thumbnailUrl":"https:\/\/distribucionarc.com\/wp-content\/uploads\/2024\/04\/PRENSADORA-DE-TABLETAS-PARA-COMPRIMIDOS-MASTICABLES-DE-IMPULSO-VITAMINICO.jpg","datePublished":"2024-04-25T12:11:18+00:00","dateModified":"2024-04-25T12:12:15+00:00","breadcrumb":{"@id":"https:\/\/distribucionarc.com\/nl\/producto\/prensadora-de-tabletas-para-comprimidos-masticables-de-impulso-vitaminico\/#breadcrumb"},"inLanguage":"pt-PT","potentialAction":[{"@type":"ReadAction","target":["https:\/\/distribucionarc.com\/nl\/producto\/prensadora-de-tabletas-para-comprimidos-masticables-de-impulso-vitaminico\/"]}]},{"@type":"ImageObject","inLanguage":"pt-PT","@id":"https:\/\/distribucionarc.com\/nl\/producto\/prensadora-de-tabletas-para-comprimidos-masticables-de-impulso-vitaminico\/#primaryimage","url":"https:\/\/distribucionarc.com\/wp-content\/uploads\/2024\/04\/PRENSADORA-DE-TABLETAS-PARA-COMPRIMIDOS-MASTICABLES-DE-IMPULSO-VITAMINICO.jpg","contentUrl":"https:\/\/distribucionarc.com\/wp-content\/uploads\/2024\/04\/PRENSADORA-DE-TABLETAS-PARA-COMPRIMIDOS-MASTICABLES-DE-IMPULSO-VITAMINICO.jpg","width":656,"height":848,"caption":"#image_title"},{"@type":"BreadcrumbList","@id":"https:\/\/distribucionarc.com\/nl\/producto\/prensadora-de-tabletas-para-comprimidos-masticables-de-impulso-vitaminico\/#breadcrumb","itemListElement":[{"@type":"ListItem","position":1,"name":"Portada","item":"https:\/\/www.distribucionarc.com\/"},{"@type":"ListItem","position":2,"name":"\u00dcr\u00fcnler","item":"https:\/\/www.distribucionarc.com\/tr\/magaza\/"},{"@type":"ListItem","position":3,"name":"PRENSADORA DE TABLETAS PARA COMPRIMIDOS MASTICABLES DE IMPULSO VITAMINICO"}]},{"@type":"WebSite","@id":"https:\/\/www.distribucionarc.com\/sl\/#website","url":"https:\/\/www.distribucionarc.com\/sl\/","name":"Distribui\u00e7\u00e3o ARC","description":"Empresa especializada no fabrico e distribui\u00e7\u00e3o de m\u00e1quinas industriais, m\u00e1quinas de selar latas, m\u00e1quinas de fazer comprimidos, m\u00e1quinas de cortar carne...","publisher":{"@id":"https:\/\/www.distribucionarc.com\/sl\/#organization"},"potentialAction":[{"@type":"SearchAction","target":{"@type":"EntryPoint","urlTemplate":"https:\/\/www.distribucionarc.com\/sl\/?s={search_term_string}"},"query-input":{"@type":"PropertyValueSpecification","valueRequired":true,"valueName":"search_term_string"}}],"inLanguage":"pt-PT"},{"@type":"Organization","@id":"https:\/\/www.distribucionarc.com\/sl\/#organization","name":"Distribui\u00e7\u00e3o ARC","url":"https:\/\/www.distribucionarc.com\/sl\/","logo":{"@type":"ImageObject","inLanguage":"pt-PT","@id":"https:\/\/www.distribucionarc.com\/sl\/#\/schema\/logo\/image\/","url":"https:\/\/distribucionarc.com\/wp-content\/uploads\/2024\/10\/distribucion-ARC-COLOR-SIN-FONDO-e1732295305345.png","contentUrl":"https:\/\/distribucionarc.com\/wp-content\/uploads\/2024\/10\/distribucion-ARC-COLOR-SIN-FONDO-e1732295305345.png","width":1164,"height":558,"caption":"Distribuci\u00f3n ARC"},"image":{"@id":"https:\/\/www.distribucionarc.com\/sl\/#\/schema\/logo\/image\/"},"description":"Empresa especializada no fabrico e distribui\u00e7\u00e3o de m\u00e1quinas industriais para os sectores alimentar e farmac\u00eautico. Somos especializados em: M\u00e1quinas de cortar carne Fabrico de comprimidos Sistemas de transporte industrial Linhas de engarrafamento Dispensadores E muito mais... Oferecemos solu\u00e7\u00f5es inovadoras e personalizadas para otimizar os processos de produ\u00e7\u00e3o da sua empresa.","email":"Admistracion@distribucionarc.com","telephone":"+34 643496664","legalName":"ARC TECH SOLUTIONS","foundingDate":"2024-04-09","vatID":"B55480172","numberOfEmployees":{"@type":"QuantitativeValue","minValue":"1","maxValue":"10"}}]}},"_links":{"self":[{"href":"https:\/\/distribucionarc.com\/pt\/wp-json\/wp\/v2\/product\/6748","targetHints":{"allow":["GET"]}}],"collection":[{"href":"https:\/\/distribucionarc.com\/pt\/wp-json\/wp\/v2\/product"}],"about":[{"href":"https:\/\/distribucionarc.com\/pt\/wp-json\/wp\/v2\/types\/product"}],"replies":[{"embeddable":true,"href":"https:\/\/distribucionarc.com\/pt\/wp-json\/wp\/v2\/comments?post=6748"}],"version-history":[{"count":0,"href":"https:\/\/distribucionarc.com\/pt\/wp-json\/wp\/v2\/product\/6748\/revisions"}],"wp:featuredmedia":[{"embeddable":true,"href":"https:\/\/distribucionarc.com\/pt\/wp-json\/wp\/v2\/media\/6749"}],"wp:attachment":[{"href":"https:\/\/distribucionarc.com\/pt\/wp-json\/wp\/v2\/media?parent=6748"}],"wp:term":[{"taxonomy":"product_brand","embeddable":true,"href":"https:\/\/distribucionarc.com\/pt\/wp-json\/wp\/v2\/product_brand?post=6748"},{"taxonomy":"product_cat","embeddable":true,"href":"https:\/\/distribucionarc.com\/pt\/wp-json\/wp\/v2\/product_cat?post=6748"},{"taxonomy":"product_tag","embeddable":true,"href":"https:\/\/distribucionarc.com\/pt\/wp-json\/wp\/v2\/product_tag?post=6748"}],"curies":[{"name":"wp","href":"https:\/\/api.w.org\/{rel}","templated":true}]}}