{"id":6753,"date":"2024-04-25T15:59:13","date_gmt":"2024-04-25T15:59:13","guid":{"rendered":"https:\/\/distribucionarc.com\/?post_type=product&#038;p=6753"},"modified":"2024-04-25T15:59:15","modified_gmt":"2024-04-25T15:59:15","slug":"maquina-de-prensagem-rotativa-para-comprimidos-mastigaveis-de-proteina-de-ovo","status":"publish","type":"product","link":"https:\/\/distribucionarc.com\/pt\/producto\/maquina-prensadora-rotativa-de-tabletas-masticables-de-proteinas-de-huevo\/","title":{"rendered":"M\u00c1QUINA DE PRENSAGEM ROTATIVA PARA COMPRIMIDOS DE PROTE\u00cdNA DE OVO MASTIG\u00c1VEL"},"content":{"rendered":"<p>Descubra o <strong>M\u00e1quina de prensagem rotativa HARSZP<\/strong>, pe\u00e7a fundamental na produ\u00e7\u00e3o de <strong>comprimidos mastig\u00e1veis de prote\u00edna de ovo<\/strong> na ind\u00fastria farmac\u00eautica. Com uma versatilidade \u00edmpar, esta m\u00e1quina permite prensar uma vasta gama de materiais, desde p\u00f3s a granulados, transformando-os em <strong>comprimidos<\/strong> com formas personalizadas e precisas. Com foco na seguran\u00e7a e precis\u00e3o, <strong>a m\u00e1quina de prensagem rotativa HARSZP<\/strong> Garante controle total em todos os momentos. Seus recursos incluem a capacidade de regular a velocidade de convers\u00e3o de frequ\u00eancia, exibi\u00e7\u00e3o em tempo real da press\u00e3o m\u00e9dia e prote\u00e7\u00e3o abrangente contra sobrecarga. Al\u00e9m disso, o seu sistema integrado de travagem de emerg\u00eancia garante um funcionamento seguro e fi\u00e1vel em qualquer situa\u00e7\u00e3o.<\/p>\n<p>&nbsp;<\/p>\n<table>\n<tbody>\n<tr>\n<td width=\"113\">Modelo<\/td>\n<td width=\"113\">HARSZP35<\/td>\n<td width=\"113\">HARSPZ43<\/td>\n<td width=\"113\">HARSPZ53<\/td>\n<td width=\"113\">HARSPZ57<\/td>\n<\/tr>\n<tr>\n<td width=\"113\">Morrer (jogos)<\/td>\n<td width=\"113\">35<\/td>\n<td width=\"113\">43<\/td>\n<td width=\"113\">53<\/td>\n<td width=\"113\">57<\/td>\n<\/tr>\n<tr>\n<td width=\"113\">Tipo de ferramentas<\/td>\n<td width=\"113\">IPT<\/td>\n<td width=\"113\">IPT<\/td>\n<td width=\"113\">IPT<\/td>\n<td width=\"113\">IPT<\/td>\n<\/tr>\n<tr>\n<td width=\"113\">press\u00e3o m\u00e1xima (toneladas)<\/td>\n<td width=\"113\">100<\/td>\n<td width=\"113\">100<\/td>\n<td width=\"113\">100<\/td>\n<td width=\"113\">100<\/td>\n<\/tr>\n<tr>\n<td width=\"113\">Press\u00e3o m\u00e1xima (toneladas)<\/td>\n<td width=\"113\">60<\/td>\n<td width=\"113\">60<\/td>\n<td width=\"113\">60<\/td>\n<td width=\"113\">60<\/td>\n<\/tr>\n<tr>\n<td width=\"113\">Di\u00e2metro do comprimido (mm)<\/td>\n<td width=\"113\">25<\/td>\n<td width=\"113\">18<\/td>\n<td width=\"113\">13<\/td>\n<td width=\"113\">11<\/td>\n<\/tr>\n<tr>\n<td width=\"113\">Profundidade de enchimento (mm)<\/td>\n<td width=\"113\">18<\/td>\n<td width=\"113\">18<\/td>\n<td width=\"113\">18<\/td>\n<td width=\"113\">18<\/td>\n<\/tr>\n<tr>\n<td width=\"113\">Espessura m\u00e1xima do comprimido (mm)<\/td>\n<td width=\"113\">9<\/td>\n<td width=\"113\">9<\/td>\n<td width=\"113\">9<\/td>\n<td width=\"113\">9<\/td>\n<\/tr>\n<tr>\n<td width=\"113\">Velocidade da torre (r\/min)<\/td>\n<td width=\"113\">45<\/td>\n<td width=\"113\">45<\/td>\n<td width=\"113\">45<\/td>\n<td width=\"113\">45<\/td>\n<\/tr>\n<tr>\n<td width=\"113\">Capacidade de produ\u00e7\u00e3o (pe\u00e7a\/h)<\/td>\n<td width=\"113\">189000<\/td>\n<td width=\"113\">232200<\/td>\n<td width=\"113\">286200<\/td>\n<td width=\"113\">307800<\/td>\n<\/tr>\n<tr>\n<td width=\"113\">Pot\u00eancia do motor (kw)<\/td>\n<td width=\"113\">11<\/td>\n<td width=\"113\">11<\/td>\n<td width=\"113\">11<\/td>\n<td width=\"113\">11<\/td>\n<\/tr>\n<tr>\n<td width=\"113\">Tamanho total (mm)<\/td>\n<td width=\"113\">1170*<\/p>\n<p>1290*<\/p>\n<p>1750*<\/td>\n<td width=\"113\">1170*<\/p>\n<p>1290*<\/p>\n<p>1750*<\/td>\n<td width=\"113\">1170*<\/p>\n<p>1290*<\/p>\n<p>1190*<\/td>\n<td width=\"113\">1170*<\/p>\n<p>1290*<\/p>\n<p>1190*<\/td>\n<\/tr>\n<tr>\n<td width=\"113\">Peso l\u00edquido<\/td>\n<td width=\"113\">3500<\/td>\n<td width=\"113\">3500<\/td>\n<td width=\"113\">3500<\/td>\n<td width=\"113\">3500<\/td>\n<\/tr>\n<\/tbody>\n<\/table>\n<p>&nbsp;<\/p>\n<p>&nbsp;<\/p>","protected":false},"excerpt":{"rendered":"<p>Conhe\u00e7a a M\u00e1quina de Prensa Rotativa HARSZP, pe\u00e7a fundamental na produ\u00e7\u00e3o de comprimidos mastig\u00e1veis de prote\u00edna de ovo em<\/p>","protected":false},"featured_media":6754,"comment_status":"open","ping_status":"closed","template":"","meta":{"wds_primary_product_brand":0,"wds_primary_product_cat":0},"product_brand":[],"product_cat":[84],"product_tag":[],"class_list":{"0":"post-6753","1":"product","2":"type-product","3":"status-publish","4":"has-post-thumbnail","6":"product_cat-maquinas-para-hacer-pastillas","8":"first","9":"instock","10":"taxable","11":"shipping-taxable","12":"purchasable","13":"product-type-simple"},"yoast_head":"<!-- This site is optimized with the Yoast SEO Premium plugin v24.9 (Yoast SEO v26.1) - https:\/\/yoast.com\/wordpress\/plugins\/seo\/ -->\n<title>MAQUINA PRENSADORA ROTATIVA DE TABLETAS MASTICABLES DE PROTEINAS DE HUEVO - distribuci\u00f3n ARC<\/title>\n<meta name=\"robots\" content=\"index, follow, max-snippet:-1, max-image-preview:large, max-video-preview:-1\" \/>\n<link rel=\"canonical\" href=\"https:\/\/www.distribucionarc.com\/lt\/producto\/maquina-prensadora-rotativa-de-tabletas-masticables-de-proteinas-de-huevo\/\" \/>\n<meta property=\"og:locale\" content=\"pt_PT\" \/>\n<meta property=\"og:type\" content=\"article\" \/>\n<meta property=\"og:title\" content=\"MAQUINA PRENSADORA ROTATIVA DE TABLETAS MASTICABLES DE PROTEINAS DE HUEVO\" \/>\n<meta property=\"og:description\" content=\"Descubre la M\u00e1quina Prensadora Rotativa HARSZP, una pieza fundamental en la producci\u00f3n de tabletas masticables de prote\u00ednas de huevo en\" \/>\n<meta property=\"og:url\" content=\"https:\/\/www.distribucionarc.com\/lt\/producto\/maquina-prensadora-rotativa-de-tabletas-masticables-de-proteinas-de-huevo\/\" \/>\n<meta property=\"og:site_name\" content=\"distribuci\u00f3n ARC\" \/>\n<meta property=\"article:modified_time\" content=\"2024-04-25T15:59:15+00:00\" \/>\n<meta property=\"og:image\" content=\"https:\/\/www.distribucionarc.com\/wp-content\/uploads\/2024\/04\/MAQUINA-PRENSADORA-ROTATIVA-DE-TABLETAS-MASTICABLES-DE-PROTEINAS-DE-HUEVO.jpg\" \/>\n\t<meta property=\"og:image:width\" content=\"624\" \/>\n\t<meta property=\"og:image:height\" content=\"904\" \/>\n\t<meta property=\"og:image:type\" content=\"image\/jpeg\" \/>\n<meta name=\"twitter:card\" content=\"summary_large_image\" \/>\n<meta name=\"twitter:label1\" content=\"Tempo estimado de leitura\" \/>\n\t<meta name=\"twitter:data1\" content=\"1 minuto\" \/>\n<script type=\"application\/ld+json\" class=\"yoast-schema-graph\">{\"@context\":\"https:\/\/schema.org\",\"@graph\":[{\"@type\":\"WebPage\",\"@id\":\"https:\/\/www.distribucionarc.com\/lt\/producto\/maquina-prensadora-rotativa-de-tabletas-masticables-de-proteinas-de-huevo\/\",\"url\":\"https:\/\/www.distribucionarc.com\/lt\/producto\/maquina-prensadora-rotativa-de-tabletas-masticables-de-proteinas-de-huevo\/\",\"name\":\"MAQUINA PRENSADORA ROTATIVA DE TABLETAS MASTICABLES DE PROTEINAS DE HUEVO - distribuci\u00f3n ARC\",\"isPartOf\":{\"@id\":\"https:\/\/www.distribucionarc.com\/sl\/#website\"},\"primaryImageOfPage\":{\"@id\":\"https:\/\/www.distribucionarc.com\/lt\/producto\/maquina-prensadora-rotativa-de-tabletas-masticables-de-proteinas-de-huevo\/#primaryimage\"},\"image\":{\"@id\":\"https:\/\/www.distribucionarc.com\/lt\/producto\/maquina-prensadora-rotativa-de-tabletas-masticables-de-proteinas-de-huevo\/#primaryimage\"},\"thumbnailUrl\":\"https:\/\/distribucionarc.com\/wp-content\/uploads\/2024\/04\/MAQUINA-PRENSADORA-ROTATIVA-DE-TABLETAS-MASTICABLES-DE-PROTEINAS-DE-HUEVO.jpg\",\"datePublished\":\"2024-04-25T15:59:13+00:00\",\"dateModified\":\"2024-04-25T15:59:15+00:00\",\"breadcrumb\":{\"@id\":\"https:\/\/www.distribucionarc.com\/lt\/producto\/maquina-prensadora-rotativa-de-tabletas-masticables-de-proteinas-de-huevo\/#breadcrumb\"},\"inLanguage\":\"pt-PT\",\"potentialAction\":[{\"@type\":\"ReadAction\",\"target\":[\"https:\/\/www.distribucionarc.com\/lt\/producto\/maquina-prensadora-rotativa-de-tabletas-masticables-de-proteinas-de-huevo\/\"]}]},{\"@type\":\"ImageObject\",\"inLanguage\":\"pt-PT\",\"@id\":\"https:\/\/www.distribucionarc.com\/lt\/producto\/maquina-prensadora-rotativa-de-tabletas-masticables-de-proteinas-de-huevo\/#primaryimage\",\"url\":\"https:\/\/distribucionarc.com\/wp-content\/uploads\/2024\/04\/MAQUINA-PRENSADORA-ROTATIVA-DE-TABLETAS-MASTICABLES-DE-PROTEINAS-DE-HUEVO.jpg\",\"contentUrl\":\"https:\/\/distribucionarc.com\/wp-content\/uploads\/2024\/04\/MAQUINA-PRENSADORA-ROTATIVA-DE-TABLETAS-MASTICABLES-DE-PROTEINAS-DE-HUEVO.jpg\",\"width\":624,\"height\":904,\"caption\":\"#image_title\"},{\"@type\":\"BreadcrumbList\",\"@id\":\"https:\/\/www.distribucionarc.com\/lt\/producto\/maquina-prensadora-rotativa-de-tabletas-masticables-de-proteinas-de-huevo\/#breadcrumb\",\"itemListElement\":[{\"@type\":\"ListItem\",\"position\":1,\"name\":\"Portada\",\"item\":\"https:\/\/www.distribucionarc.com\/\"},{\"@type\":\"ListItem\",\"position\":2,\"name\":\"\u00dcr\u00fcnler\",\"item\":\"https:\/\/www.distribucionarc.com\/tr\/magaza\/\"},{\"@type\":\"ListItem\",\"position\":3,\"name\":\"MAQUINA PRENSADORA ROTATIVA DE TABLETAS MASTICABLES DE PROTEINAS DE HUEVO\"}]},{\"@type\":\"WebSite\",\"@id\":\"https:\/\/www.distribucionarc.com\/sl\/#website\",\"url\":\"https:\/\/www.distribucionarc.com\/sl\/\",\"name\":\"distribuci\u00f3n ARC\",\"description\":\"Empresa especializada en la fabricaci\u00f3n y distribuci\u00f3n de maquinaria industrial, selladoras de latas, Maquinas de hacer pastillas, Maquinas de cortar carne...\",\"publisher\":{\"@id\":\"https:\/\/www.distribucionarc.com\/sl\/#organization\"},\"potentialAction\":[{\"@type\":\"SearchAction\",\"target\":{\"@type\":\"EntryPoint\",\"urlTemplate\":\"https:\/\/www.distribucionarc.com\/sl\/?s={search_term_string}\"},\"query-input\":{\"@type\":\"PropertyValueSpecification\",\"valueRequired\":true,\"valueName\":\"search_term_string\"}}],\"inLanguage\":\"pt-PT\"},{\"@type\":\"Organization\",\"@id\":\"https:\/\/www.distribucionarc.com\/sl\/#organization\",\"name\":\"Distribuci\u00f3n ARC\",\"url\":\"https:\/\/www.distribucionarc.com\/sl\/\",\"logo\":{\"@type\":\"ImageObject\",\"inLanguage\":\"pt-PT\",\"@id\":\"https:\/\/www.distribucionarc.com\/sl\/#\/schema\/logo\/image\/\",\"url\":\"https:\/\/distribucionarc.com\/wp-content\/uploads\/2024\/10\/distribucion-ARC-COLOR-SIN-FONDO-e1732295305345.png\",\"contentUrl\":\"https:\/\/distribucionarc.com\/wp-content\/uploads\/2024\/10\/distribucion-ARC-COLOR-SIN-FONDO-e1732295305345.png\",\"width\":1164,\"height\":558,\"caption\":\"Distribuci\u00f3n ARC\"},\"image\":{\"@id\":\"https:\/\/www.distribucionarc.com\/sl\/#\/schema\/logo\/image\/\"},\"description\":\"Empresa especializada en la fabricaci\u00f3n y distribuci\u00f3n de maquinaria industrial para los sectores alimentario y farmac\u00e9utico. Nos especializamos en: M\u00e1quinas de cortar carne Fabricaci\u00f3n de comprimidos Sistemas de transporte industrial L\u00edneas de embotellado Dosificadores Y mucho m\u00e1s... Ofrecemos soluciones innovadoras y personalizadas para optimizar los procesos productivos de tu empresa.\",\"email\":\"Admistracion@distribucionarc.com\",\"telephone\":\"+34 643496664\",\"legalName\":\"ARC TECH SOLUTIONS\",\"foundingDate\":\"2024-04-09\",\"vatID\":\"B55480172\",\"numberOfEmployees\":{\"@type\":\"QuantitativeValue\",\"minValue\":\"1\",\"maxValue\":\"10\"}}]}<\/script>\n<!-- \/ Yoast SEO Premium plugin. -->","yoast_head_json":{"title":"M\u00c1QUINA DE PRENSAGEM ROTATIVA PARA COMPRIMIDOS DE PROTE\u00cdNA DE OVO MASTIG\u00c1VEL - distribui\u00e7\u00e3o ARC","robots":{"index":"index","follow":"follow","max-snippet":"max-snippet:-1","max-image-preview":"max-image-preview:large","max-video-preview":"max-video-preview:-1"},"canonical":"https:\/\/www.distribucionarc.com\/lt\/producto\/maquina-prensadora-rotativa-de-tabletas-masticables-de-proteinas-de-huevo\/","og_locale":"pt_PT","og_type":"article","og_title":"MAQUINA PRENSADORA ROTATIVA DE TABLETAS MASTICABLES DE PROTEINAS DE HUEVO","og_description":"Descubre la M\u00e1quina Prensadora Rotativa HARSZP, una pieza fundamental en la producci\u00f3n de tabletas masticables de prote\u00ednas de huevo en","og_url":"https:\/\/www.distribucionarc.com\/lt\/producto\/maquina-prensadora-rotativa-de-tabletas-masticables-de-proteinas-de-huevo\/","og_site_name":"distribuci\u00f3n ARC","article_modified_time":"2024-04-25T15:59:15+00:00","og_image":[{"width":624,"height":904,"url":"https:\/\/www.distribucionarc.com\/wp-content\/uploads\/2024\/04\/MAQUINA-PRENSADORA-ROTATIVA-DE-TABLETAS-MASTICABLES-DE-PROTEINAS-DE-HUEVO.jpg","type":"image\/jpeg"}],"twitter_card":"summary_large_image","twitter_misc":{"Tempo estimado de leitura":"1 minuto"},"schema":{"@context":"https:\/\/schema.org","@graph":[{"@type":"WebPage","@id":"https:\/\/www.distribucionarc.com\/lt\/producto\/maquina-prensadora-rotativa-de-tabletas-masticables-de-proteinas-de-huevo\/","url":"https:\/\/www.distribucionarc.com\/lt\/producto\/maquina-prensadora-rotativa-de-tabletas-masticables-de-proteinas-de-huevo\/","name":"M\u00c1QUINA DE PRENSAGEM ROTATIVA PARA COMPRIMIDOS DE PROTE\u00cdNA DE OVO MASTIG\u00c1VEL - distribui\u00e7\u00e3o ARC","isPartOf":{"@id":"https:\/\/www.distribucionarc.com\/sl\/#website"},"primaryImageOfPage":{"@id":"https:\/\/www.distribucionarc.com\/lt\/producto\/maquina-prensadora-rotativa-de-tabletas-masticables-de-proteinas-de-huevo\/#primaryimage"},"image":{"@id":"https:\/\/www.distribucionarc.com\/lt\/producto\/maquina-prensadora-rotativa-de-tabletas-masticables-de-proteinas-de-huevo\/#primaryimage"},"thumbnailUrl":"https:\/\/distribucionarc.com\/wp-content\/uploads\/2024\/04\/MAQUINA-PRENSADORA-ROTATIVA-DE-TABLETAS-MASTICABLES-DE-PROTEINAS-DE-HUEVO.jpg","datePublished":"2024-04-25T15:59:13+00:00","dateModified":"2024-04-25T15:59:15+00:00","breadcrumb":{"@id":"https:\/\/www.distribucionarc.com\/lt\/producto\/maquina-prensadora-rotativa-de-tabletas-masticables-de-proteinas-de-huevo\/#breadcrumb"},"inLanguage":"pt-PT","potentialAction":[{"@type":"ReadAction","target":["https:\/\/www.distribucionarc.com\/lt\/producto\/maquina-prensadora-rotativa-de-tabletas-masticables-de-proteinas-de-huevo\/"]}]},{"@type":"ImageObject","inLanguage":"pt-PT","@id":"https:\/\/www.distribucionarc.com\/lt\/producto\/maquina-prensadora-rotativa-de-tabletas-masticables-de-proteinas-de-huevo\/#primaryimage","url":"https:\/\/distribucionarc.com\/wp-content\/uploads\/2024\/04\/MAQUINA-PRENSADORA-ROTATIVA-DE-TABLETAS-MASTICABLES-DE-PROTEINAS-DE-HUEVO.jpg","contentUrl":"https:\/\/distribucionarc.com\/wp-content\/uploads\/2024\/04\/MAQUINA-PRENSADORA-ROTATIVA-DE-TABLETAS-MASTICABLES-DE-PROTEINAS-DE-HUEVO.jpg","width":624,"height":904,"caption":"#image_title"},{"@type":"BreadcrumbList","@id":"https:\/\/www.distribucionarc.com\/lt\/producto\/maquina-prensadora-rotativa-de-tabletas-masticables-de-proteinas-de-huevo\/#breadcrumb","itemListElement":[{"@type":"ListItem","position":1,"name":"Portada","item":"https:\/\/www.distribucionarc.com\/"},{"@type":"ListItem","position":2,"name":"\u00dcr\u00fcnler","item":"https:\/\/www.distribucionarc.com\/tr\/magaza\/"},{"@type":"ListItem","position":3,"name":"MAQUINA PRENSADORA ROTATIVA DE TABLETAS MASTICABLES DE PROTEINAS DE HUEVO"}]},{"@type":"WebSite","@id":"https:\/\/www.distribucionarc.com\/sl\/#website","url":"https:\/\/www.distribucionarc.com\/sl\/","name":"Distribui\u00e7\u00e3o ARC","description":"Empresa especializada no fabrico e distribui\u00e7\u00e3o de m\u00e1quinas industriais, m\u00e1quinas de selar latas, m\u00e1quinas de fazer comprimidos, m\u00e1quinas de cortar carne...","publisher":{"@id":"https:\/\/www.distribucionarc.com\/sl\/#organization"},"potentialAction":[{"@type":"SearchAction","target":{"@type":"EntryPoint","urlTemplate":"https:\/\/www.distribucionarc.com\/sl\/?s={search_term_string}"},"query-input":{"@type":"PropertyValueSpecification","valueRequired":true,"valueName":"search_term_string"}}],"inLanguage":"pt-PT"},{"@type":"Organization","@id":"https:\/\/www.distribucionarc.com\/sl\/#organization","name":"Distribui\u00e7\u00e3o ARC","url":"https:\/\/www.distribucionarc.com\/sl\/","logo":{"@type":"ImageObject","inLanguage":"pt-PT","@id":"https:\/\/www.distribucionarc.com\/sl\/#\/schema\/logo\/image\/","url":"https:\/\/distribucionarc.com\/wp-content\/uploads\/2024\/10\/distribucion-ARC-COLOR-SIN-FONDO-e1732295305345.png","contentUrl":"https:\/\/distribucionarc.com\/wp-content\/uploads\/2024\/10\/distribucion-ARC-COLOR-SIN-FONDO-e1732295305345.png","width":1164,"height":558,"caption":"Distribuci\u00f3n ARC"},"image":{"@id":"https:\/\/www.distribucionarc.com\/sl\/#\/schema\/logo\/image\/"},"description":"Empresa especializada no fabrico e distribui\u00e7\u00e3o de m\u00e1quinas industriais para os sectores alimentar e farmac\u00eautico. Somos especializados em: M\u00e1quinas de cortar carne Fabrico de comprimidos Sistemas de transporte industrial Linhas de engarrafamento Dispensadores E muito mais... Oferecemos solu\u00e7\u00f5es inovadoras e personalizadas para otimizar os processos de produ\u00e7\u00e3o da sua empresa.","email":"Admistracion@distribucionarc.com","telephone":"+34 643496664","legalName":"ARC TECH SOLUTIONS","foundingDate":"2024-04-09","vatID":"B55480172","numberOfEmployees":{"@type":"QuantitativeValue","minValue":"1","maxValue":"10"}}]}},"_links":{"self":[{"href":"https:\/\/distribucionarc.com\/pt\/wp-json\/wp\/v2\/product\/6753","targetHints":{"allow":["GET"]}}],"collection":[{"href":"https:\/\/distribucionarc.com\/pt\/wp-json\/wp\/v2\/product"}],"about":[{"href":"https:\/\/distribucionarc.com\/pt\/wp-json\/wp\/v2\/types\/product"}],"replies":[{"embeddable":true,"href":"https:\/\/distribucionarc.com\/pt\/wp-json\/wp\/v2\/comments?post=6753"}],"version-history":[{"count":0,"href":"https:\/\/distribucionarc.com\/pt\/wp-json\/wp\/v2\/product\/6753\/revisions"}],"wp:featuredmedia":[{"embeddable":true,"href":"https:\/\/distribucionarc.com\/pt\/wp-json\/wp\/v2\/media\/6754"}],"wp:attachment":[{"href":"https:\/\/distribucionarc.com\/pt\/wp-json\/wp\/v2\/media?parent=6753"}],"wp:term":[{"taxonomy":"product_brand","embeddable":true,"href":"https:\/\/distribucionarc.com\/pt\/wp-json\/wp\/v2\/product_brand?post=6753"},{"taxonomy":"product_cat","embeddable":true,"href":"https:\/\/distribucionarc.com\/pt\/wp-json\/wp\/v2\/product_cat?post=6753"},{"taxonomy":"product_tag","embeddable":true,"href":"https:\/\/distribucionarc.com\/pt\/wp-json\/wp\/v2\/product_tag?post=6753"}],"curies":[{"name":"wp","href":"https:\/\/api.w.org\/{rel}","templated":true}]}}