{"id":6848,"date":"2024-04-26T15:41:34","date_gmt":"2024-04-26T15:41:34","guid":{"rendered":"https:\/\/distribucionarc.com\/?post_type=product&#038;p=6848"},"modified":"2024-08-09T23:22:02","modified_gmt":"2024-08-09T23:22:02","slug":"prensador-probiotico-de-curso-unico","status":"publish","type":"product","link":"https:\/\/distribucionarc.com\/pt\/producto\/prensadora-de-un-solo-golpe-de-probioticos\/","title":{"rendered":"PRESSIONE PROBI\u00d3TICOS DE UM PUNCH"},"content":{"rendered":"<p>Apresentando o P<strong>TDP One-Hit Tablets fotos<\/strong>, dispon\u00edvel em uma variedade de modelos, incluindo<strong> TDP-1, TDP-1.5, TDP-2, TDP-5 e TDP-6<\/strong>, com op\u00e7\u00f5es <strong>manual, semiautom\u00e1tico e autom\u00e1tico.<\/strong> Esta m\u00e1quina vers\u00e1til \u00e9 essencial no <strong>produ\u00e7\u00e3o de comprimidos probi\u00f3ticos farmac\u00eauticos<\/strong> de p\u00f3s secos e gr\u00e2nulos. Capaz de produzir comprimidos de at\u00e9 25 mm de di\u00e2metro, a prensa TDP oferece precis\u00e3o e efici\u00eancia excepcionais em cada golpe. Seu design el\u00e9trico nas vers\u00f5es semiautom\u00e1tica e autom\u00e1tica garante um funcionamento suave e confi\u00e1vel, enquanto a vers\u00e3o manual proporciona controle total ao usu\u00e1rio. Al\u00e9m disso, a Prensa TDP possui um molde substitu\u00edvel, facilitando a adapta\u00e7\u00e3o a diferentes formatos e tamanhos de comprimidos, dependendo das necessidades do usu\u00e1rio. Isso o torna uma ferramenta altamente adapt\u00e1vel para atender a uma ampla gama de requisitos de produ\u00e7\u00e3o. Descubra a excel\u00eancia em<strong> fabrica\u00e7\u00e3o de comprimidos farmac\u00eauticos probi\u00f3ticos<\/strong> com o <strong>Prensa para comprimidos TDP<\/strong>, um investimento essencial para laborat\u00f3rios e empresas farmac\u00eauticas que buscam qualidade, precis\u00e3o e versatilidade em seu processo de fabrica\u00e7\u00e3o.<\/p>\n<p>&nbsp;<\/p>\n<table>\n<tbody>\n<tr>\n<td width=\"81\">Modelo<\/td>\n<td width=\"81\">TARDP-0<\/td>\n<td width=\"81\">TARDP-1<\/td>\n<td width=\"81\">TARDP-1.5<\/td>\n<td width=\"81\">TARDP-2 (controle de frequ\u00eancia)<\/td>\n<td width=\"81\">TARDP-5<\/td>\n<td width=\"81\">TARDP-6<\/td>\n<\/tr>\n<tr>\n<td width=\"81\">Jogo<\/td>\n<td width=\"81\">1<\/td>\n<td width=\"81\">1<\/td>\n<td width=\"81\">1<\/td>\n<td width=\"81\">1<\/td>\n<td width=\"81\">1<\/td>\n<td width=\"81\">1<\/td>\n<\/tr>\n<tr>\n<td width=\"81\">Press\u00e3o m\u00e1xima (toneladas)<\/td>\n<td width=\"81\">15<\/td>\n<td width=\"81\">15<\/td>\n<td width=\"81\">15<\/td>\n<td width=\"81\">15<\/td>\n<td width=\"81\">50<\/td>\n<td width=\"81\">60<\/td>\n<\/tr>\n<tr>\n<td width=\"81\">Di\u00e2metro do comprimido (mm)<\/td>\n<td width=\"81\">12<\/td>\n<td width=\"81\">12<\/td>\n<td width=\"81\">3-12<\/td>\n<td width=\"81\">12<\/td>\n<td width=\"81\">5-18<\/td>\n<td width=\"81\">25<\/td>\n<\/tr>\n<tr>\n<td width=\"81\">Profundidade m\u00e1xima enchimento (mm)<\/td>\n<td width=\"81\">12<\/td>\n<td width=\"81\">12<\/td>\n<td width=\"81\">0-12<\/td>\n<td width=\"81\">12<\/td>\n<td width=\"81\">18<\/td>\n<td width=\"81\">16<\/td>\n<\/tr>\n<tr>\n<td width=\"81\">Espessura m\u00e1xima do comprimido (mil\u00edmetros)<\/td>\n<td width=\"81\">6<\/td>\n<td width=\"81\">6<\/td>\n<td width=\"81\">0-6<\/td>\n<td width=\"81\">6<\/td>\n<td width=\"81\">7<\/td>\n<td width=\"81\">6<\/td>\n<\/tr>\n<tr>\n<td width=\"81\">Capacidade de produ\u00e7\u00e3o (pe\u00e7as\/h)<\/td>\n<td width=\"81\">2000<\/td>\n<td width=\"81\">4000<\/td>\n<td width=\"81\">6000<\/td>\n<td width=\"81\">4000<\/td>\n<td width=\"81\">4000<\/td>\n<td width=\"81\">3500<\/td>\n<\/tr>\n<tr>\n<td width=\"81\">Pot\u00eancia do motor (kw)<\/td>\n<td width=\"81\">\u00a0\u00a0\u00a0\u00a0\u00a0\u00a0\u00a0\u00a0 \/<\/td>\n<td width=\"81\">0.75<\/td>\n<td width=\"81\">0.37<\/td>\n<td width=\"81\">0.75<\/td>\n<td width=\"81\">0.75<\/td>\n<td width=\"81\">Monof\u00e1sico1.5<\/p>\n<p>Trif\u00e1sico0,75<\/td>\n<\/tr>\n<tr>\n<td width=\"81\">Tamanho total (mm)<\/td>\n<td width=\"81\">350*<\/p>\n<p>220*<\/p>\n<p>520*<\/td>\n<td width=\"81\">480*<\/p>\n<p>420*<\/p>\n<p>650*<\/td>\n<td width=\"81\">650*<\/p>\n<p>330*<\/p>\n<p>620*<\/td>\n<td width=\"81\">480*<\/p>\n<p>430*<\/p>\n<p>650*<\/td>\n<td width=\"81\">700*<\/p>\n<p>340*<\/p>\n<p>600*<\/td>\n<td width=\"81\">780*<\/p>\n<p>450*<\/p>\n<p>690*<\/td>\n<\/tr>\n<tr>\n<td width=\"81\">Peso l\u00edquido (kg)<\/td>\n<td width=\"81\">21<\/td>\n<td width=\"81\">40<\/td>\n<td width=\"81\">45<\/td>\n<td width=\"81\">45<\/td>\n<td width=\"81\">110<\/td>\n<td width=\"81\">150<\/td>\n<\/tr>\n<\/tbody>\n<\/table>","protected":false},"excerpt":{"rendered":"<p>Apresentando a prensa de comprimidos TDP Single Punch, dispon\u00edvel em uma variedade de modelos, incluindo TDP-1, TDP-1.5,<\/p>","protected":false},"featured_media":6856,"comment_status":"open","ping_status":"closed","template":"","meta":{"wds_primary_product_brand":0,"wds_primary_product_cat":0},"product_brand":[],"product_cat":[84],"product_tag":[],"class_list":{"0":"post-6848","1":"product","2":"type-product","3":"status-publish","4":"has-post-thumbnail","6":"product_cat-maquinas-para-hacer-pastillas","8":"first","9":"instock","10":"taxable","11":"shipping-taxable","12":"purchasable","13":"product-type-simple"},"yoast_head":"<!-- This site is optimized with the Yoast SEO Premium plugin v24.9 (Yoast SEO v26.1) - https:\/\/yoast.com\/wordpress\/plugins\/seo\/ -->\n<title>PRENSADORA DE UN SOLO GOLPE DE PROBIOTICOS - distribuci\u00f3n ARC<\/title>\n<meta name=\"robots\" content=\"index, follow, max-snippet:-1, max-image-preview:large, max-video-preview:-1\" \/>\n<link rel=\"canonical\" href=\"https:\/\/www.distribucionarc.com\/it\/producto\/prensadora-de-un-solo-golpe-de-probioticos\/\" \/>\n<meta property=\"og:locale\" content=\"pt_PT\" \/>\n<meta property=\"og:type\" content=\"article\" \/>\n<meta property=\"og:title\" content=\"PRENSADORA DE UN SOLO GOLPE DE PROBIOTICOS\" \/>\n<meta property=\"og:description\" content=\"Presentamos la Prensa de Tabletas de un Solo Golpe TDP, disponible en una variedad de modelos que incluyen TDP-1, TDP-1.5,\" \/>\n<meta property=\"og:url\" content=\"https:\/\/www.distribucionarc.com\/it\/producto\/prensadora-de-un-solo-golpe-de-probioticos\/\" \/>\n<meta property=\"og:site_name\" content=\"distribuci\u00f3n ARC\" \/>\n<meta property=\"article:modified_time\" content=\"2024-08-09T23:22:02+00:00\" \/>\n<meta property=\"og:image\" content=\"https:\/\/www.distribucionarc.com\/wp-content\/uploads\/2024\/04\/PRENSADORA-DE-UN-SOLO-GOLPE-DE-PROBIOTICOS-1.jpg\" \/>\n\t<meta property=\"og:image:width\" content=\"2016\" \/>\n\t<meta property=\"og:image:height\" content=\"328\" \/>\n\t<meta property=\"og:image:type\" content=\"image\/jpeg\" \/>\n<meta name=\"twitter:card\" content=\"summary_large_image\" \/>\n<meta name=\"twitter:label1\" content=\"Tempo estimado de leitura\" \/>\n\t<meta name=\"twitter:data1\" content=\"1 minuto\" \/>\n<script type=\"application\/ld+json\" class=\"yoast-schema-graph\">{\"@context\":\"https:\/\/schema.org\",\"@graph\":[{\"@type\":\"WebPage\",\"@id\":\"https:\/\/www.distribucionarc.com\/it\/producto\/prensadora-de-un-solo-golpe-de-probioticos\/\",\"url\":\"https:\/\/www.distribucionarc.com\/it\/producto\/prensadora-de-un-solo-golpe-de-probioticos\/\",\"name\":\"PRENSADORA DE UN SOLO GOLPE DE PROBIOTICOS - distribuci\u00f3n ARC\",\"isPartOf\":{\"@id\":\"https:\/\/www.distribucionarc.com\/de\/#website\"},\"primaryImageOfPage\":{\"@id\":\"https:\/\/www.distribucionarc.com\/it\/producto\/prensadora-de-un-solo-golpe-de-probioticos\/#primaryimage\"},\"image\":{\"@id\":\"https:\/\/www.distribucionarc.com\/it\/producto\/prensadora-de-un-solo-golpe-de-probioticos\/#primaryimage\"},\"thumbnailUrl\":\"https:\/\/distribucionarc.com\/wp-content\/uploads\/2024\/04\/PRENSADORA-DE-UN-SOLO-GOLPE-DE-PROBIOTICOS-1.jpg\",\"datePublished\":\"2024-04-26T15:41:34+00:00\",\"dateModified\":\"2024-08-09T23:22:02+00:00\",\"breadcrumb\":{\"@id\":\"https:\/\/www.distribucionarc.com\/it\/producto\/prensadora-de-un-solo-golpe-de-probioticos\/#breadcrumb\"},\"inLanguage\":\"pt-PT\",\"potentialAction\":[{\"@type\":\"ReadAction\",\"target\":[\"https:\/\/www.distribucionarc.com\/it\/producto\/prensadora-de-un-solo-golpe-de-probioticos\/\"]}]},{\"@type\":\"ImageObject\",\"inLanguage\":\"pt-PT\",\"@id\":\"https:\/\/www.distribucionarc.com\/it\/producto\/prensadora-de-un-solo-golpe-de-probioticos\/#primaryimage\",\"url\":\"https:\/\/distribucionarc.com\/wp-content\/uploads\/2024\/04\/PRENSADORA-DE-UN-SOLO-GOLPE-DE-PROBIOTICOS-1.jpg\",\"contentUrl\":\"https:\/\/distribucionarc.com\/wp-content\/uploads\/2024\/04\/PRENSADORA-DE-UN-SOLO-GOLPE-DE-PROBIOTICOS-1.jpg\",\"width\":2016,\"height\":328,\"caption\":\"#image_title\"},{\"@type\":\"BreadcrumbList\",\"@id\":\"https:\/\/www.distribucionarc.com\/it\/producto\/prensadora-de-un-solo-golpe-de-probioticos\/#breadcrumb\",\"itemListElement\":[{\"@type\":\"ListItem\",\"position\":1,\"name\":\"Portada\",\"item\":\"https:\/\/www.distribucionarc.com\/en\/\"},{\"@type\":\"ListItem\",\"position\":2,\"name\":\"Products\",\"item\":\"https:\/\/www.distribucionarc.com\/en\/shop\/\"},{\"@type\":\"ListItem\",\"position\":3,\"name\":\"PRENSADORA DE UN SOLO GOLPE DE PROBIOTICOS\"}]},{\"@type\":\"WebSite\",\"@id\":\"https:\/\/www.distribucionarc.com\/de\/#website\",\"url\":\"https:\/\/www.distribucionarc.com\/de\/\",\"name\":\"distribuci\u00f3n ARC\",\"description\":\"Empresa especializada en la fabricaci\u00f3n y distribuci\u00f3n de maquinaria industrial, selladoras de latas, Maquinas de hacer pastillas, Maquinas de cortar carne...\",\"publisher\":{\"@id\":\"https:\/\/www.distribucionarc.com\/de\/#organization\"},\"potentialAction\":[{\"@type\":\"SearchAction\",\"target\":{\"@type\":\"EntryPoint\",\"urlTemplate\":\"https:\/\/www.distribucionarc.com\/de\/?s={search_term_string}\"},\"query-input\":{\"@type\":\"PropertyValueSpecification\",\"valueRequired\":true,\"valueName\":\"search_term_string\"}}],\"inLanguage\":\"pt-PT\"},{\"@type\":\"Organization\",\"@id\":\"https:\/\/www.distribucionarc.com\/de\/#organization\",\"name\":\"Distribuci\u00f3n ARC\",\"url\":\"https:\/\/www.distribucionarc.com\/de\/\",\"logo\":{\"@type\":\"ImageObject\",\"inLanguage\":\"pt-PT\",\"@id\":\"https:\/\/www.distribucionarc.com\/de\/#\/schema\/logo\/image\/\",\"url\":\"https:\/\/distribucionarc.com\/wp-content\/uploads\/2024\/10\/distribucion-ARC-COLOR-SIN-FONDO-e1732295305345.png\",\"contentUrl\":\"https:\/\/distribucionarc.com\/wp-content\/uploads\/2024\/10\/distribucion-ARC-COLOR-SIN-FONDO-e1732295305345.png\",\"width\":1164,\"height\":558,\"caption\":\"Distribuci\u00f3n ARC\"},\"image\":{\"@id\":\"https:\/\/www.distribucionarc.com\/de\/#\/schema\/logo\/image\/\"},\"description\":\"Empresa especializada en la fabricaci\u00f3n y distribuci\u00f3n de maquinaria industrial para los sectores alimentario y farmac\u00e9utico. Nos especializamos en: M\u00e1quinas de cortar carne Fabricaci\u00f3n de comprimidos Sistemas de transporte industrial L\u00edneas de embotellado Dosificadores Y mucho m\u00e1s... Ofrecemos soluciones innovadoras y personalizadas para optimizar los procesos productivos de tu empresa.\",\"email\":\"Admistracion@distribucionarc.com\",\"telephone\":\"+34 643496664\",\"legalName\":\"ARC TECH SOLUTIONS\",\"foundingDate\":\"2024-04-09\",\"vatID\":\"B55480172\",\"numberOfEmployees\":{\"@type\":\"QuantitativeValue\",\"minValue\":\"1\",\"maxValue\":\"10\"}}]}<\/script>\n<!-- \/ Yoast SEO Premium plugin. -->","yoast_head_json":{"title":"PRESSIONE PROBI\u00d3TICOS DE PUN\u00c7\u00c3O \u00daNICA - Distribui\u00e7\u00e3o ARC","robots":{"index":"index","follow":"follow","max-snippet":"max-snippet:-1","max-image-preview":"max-image-preview:large","max-video-preview":"max-video-preview:-1"},"canonical":"https:\/\/www.distribucionarc.com\/it\/producto\/prensadora-de-un-solo-golpe-de-probioticos\/","og_locale":"pt_PT","og_type":"article","og_title":"PRENSADORA DE UN SOLO GOLPE DE PROBIOTICOS","og_description":"Presentamos la Prensa de Tabletas de un Solo Golpe TDP, disponible en una variedad de modelos que incluyen TDP-1, TDP-1.5,","og_url":"https:\/\/www.distribucionarc.com\/it\/producto\/prensadora-de-un-solo-golpe-de-probioticos\/","og_site_name":"distribuci\u00f3n ARC","article_modified_time":"2024-08-09T23:22:02+00:00","og_image":[{"width":2016,"height":328,"url":"https:\/\/www.distribucionarc.com\/wp-content\/uploads\/2024\/04\/PRENSADORA-DE-UN-SOLO-GOLPE-DE-PROBIOTICOS-1.jpg","type":"image\/jpeg"}],"twitter_card":"summary_large_image","twitter_misc":{"Tempo estimado de leitura":"1 minuto"},"schema":{"@context":"https:\/\/schema.org","@graph":[{"@type":"WebPage","@id":"https:\/\/www.distribucionarc.com\/it\/producto\/prensadora-de-un-solo-golpe-de-probioticos\/","url":"https:\/\/www.distribucionarc.com\/it\/producto\/prensadora-de-un-solo-golpe-de-probioticos\/","name":"PRESSIONE PROBI\u00d3TICOS DE PUN\u00c7\u00c3O \u00daNICA - Distribui\u00e7\u00e3o ARC","isPartOf":{"@id":"https:\/\/www.distribucionarc.com\/de\/#website"},"primaryImageOfPage":{"@id":"https:\/\/www.distribucionarc.com\/it\/producto\/prensadora-de-un-solo-golpe-de-probioticos\/#primaryimage"},"image":{"@id":"https:\/\/www.distribucionarc.com\/it\/producto\/prensadora-de-un-solo-golpe-de-probioticos\/#primaryimage"},"thumbnailUrl":"https:\/\/distribucionarc.com\/wp-content\/uploads\/2024\/04\/PRENSADORA-DE-UN-SOLO-GOLPE-DE-PROBIOTICOS-1.jpg","datePublished":"2024-04-26T15:41:34+00:00","dateModified":"2024-08-09T23:22:02+00:00","breadcrumb":{"@id":"https:\/\/www.distribucionarc.com\/it\/producto\/prensadora-de-un-solo-golpe-de-probioticos\/#breadcrumb"},"inLanguage":"pt-PT","potentialAction":[{"@type":"ReadAction","target":["https:\/\/www.distribucionarc.com\/it\/producto\/prensadora-de-un-solo-golpe-de-probioticos\/"]}]},{"@type":"ImageObject","inLanguage":"pt-PT","@id":"https:\/\/www.distribucionarc.com\/it\/producto\/prensadora-de-un-solo-golpe-de-probioticos\/#primaryimage","url":"https:\/\/distribucionarc.com\/wp-content\/uploads\/2024\/04\/PRENSADORA-DE-UN-SOLO-GOLPE-DE-PROBIOTICOS-1.jpg","contentUrl":"https:\/\/distribucionarc.com\/wp-content\/uploads\/2024\/04\/PRENSADORA-DE-UN-SOLO-GOLPE-DE-PROBIOTICOS-1.jpg","width":2016,"height":328,"caption":"#image_title"},{"@type":"BreadcrumbList","@id":"https:\/\/www.distribucionarc.com\/it\/producto\/prensadora-de-un-solo-golpe-de-probioticos\/#breadcrumb","itemListElement":[{"@type":"ListItem","position":1,"name":"Portada","item":"https:\/\/www.distribucionarc.com\/en\/"},{"@type":"ListItem","position":2,"name":"Products","item":"https:\/\/www.distribucionarc.com\/en\/shop\/"},{"@type":"ListItem","position":3,"name":"PRENSADORA DE UN SOLO GOLPE DE PROBIOTICOS"}]},{"@type":"WebSite","@id":"https:\/\/www.distribucionarc.com\/de\/#website","url":"https:\/\/www.distribucionarc.com\/de\/","name":"Distribui\u00e7\u00e3o ARC","description":"Empresa especializada no fabrico e distribui\u00e7\u00e3o de m\u00e1quinas industriais, m\u00e1quinas de selar latas, m\u00e1quinas de fazer comprimidos, m\u00e1quinas de cortar carne...","publisher":{"@id":"https:\/\/www.distribucionarc.com\/de\/#organization"},"potentialAction":[{"@type":"SearchAction","target":{"@type":"EntryPoint","urlTemplate":"https:\/\/www.distribucionarc.com\/de\/?s={search_term_string}"},"query-input":{"@type":"PropertyValueSpecification","valueRequired":true,"valueName":"search_term_string"}}],"inLanguage":"pt-PT"},{"@type":"Organization","@id":"https:\/\/www.distribucionarc.com\/de\/#organization","name":"Distribui\u00e7\u00e3o ARC","url":"https:\/\/www.distribucionarc.com\/de\/","logo":{"@type":"ImageObject","inLanguage":"pt-PT","@id":"https:\/\/www.distribucionarc.com\/de\/#\/schema\/logo\/image\/","url":"https:\/\/distribucionarc.com\/wp-content\/uploads\/2024\/10\/distribucion-ARC-COLOR-SIN-FONDO-e1732295305345.png","contentUrl":"https:\/\/distribucionarc.com\/wp-content\/uploads\/2024\/10\/distribucion-ARC-COLOR-SIN-FONDO-e1732295305345.png","width":1164,"height":558,"caption":"Distribuci\u00f3n ARC"},"image":{"@id":"https:\/\/www.distribucionarc.com\/de\/#\/schema\/logo\/image\/"},"description":"Empresa especializada no fabrico e distribui\u00e7\u00e3o de m\u00e1quinas industriais para os sectores alimentar e farmac\u00eautico. Somos especializados em: M\u00e1quinas de cortar carne Fabrico de comprimidos Sistemas de transporte industrial Linhas de engarrafamento Dispensadores E muito mais... Oferecemos solu\u00e7\u00f5es inovadoras e personalizadas para otimizar os processos de produ\u00e7\u00e3o da sua empresa.","email":"Admistracion@distribucionarc.com","telephone":"+34 643496664","legalName":"ARC TECH SOLUTIONS","foundingDate":"2024-04-09","vatID":"B55480172","numberOfEmployees":{"@type":"QuantitativeValue","minValue":"1","maxValue":"10"}}]}},"_links":{"self":[{"href":"https:\/\/distribucionarc.com\/pt\/wp-json\/wp\/v2\/product\/6848","targetHints":{"allow":["GET"]}}],"collection":[{"href":"https:\/\/distribucionarc.com\/pt\/wp-json\/wp\/v2\/product"}],"about":[{"href":"https:\/\/distribucionarc.com\/pt\/wp-json\/wp\/v2\/types\/product"}],"replies":[{"embeddable":true,"href":"https:\/\/distribucionarc.com\/pt\/wp-json\/wp\/v2\/comments?post=6848"}],"version-history":[{"count":0,"href":"https:\/\/distribucionarc.com\/pt\/wp-json\/wp\/v2\/product\/6848\/revisions"}],"wp:featuredmedia":[{"embeddable":true,"href":"https:\/\/distribucionarc.com\/pt\/wp-json\/wp\/v2\/media\/6856"}],"wp:attachment":[{"href":"https:\/\/distribucionarc.com\/pt\/wp-json\/wp\/v2\/media?parent=6848"}],"wp:term":[{"taxonomy":"product_brand","embeddable":true,"href":"https:\/\/distribucionarc.com\/pt\/wp-json\/wp\/v2\/product_brand?post=6848"},{"taxonomy":"product_cat","embeddable":true,"href":"https:\/\/distribucionarc.com\/pt\/wp-json\/wp\/v2\/product_cat?post=6848"},{"taxonomy":"product_tag","embeddable":true,"href":"https:\/\/distribucionarc.com\/pt\/wp-json\/wp\/v2\/product_tag?post=6848"}],"curies":[{"name":"wp","href":"https:\/\/api.w.org\/{rel}","templated":true}]}}