{"id":6863,"date":"2024-04-26T16:23:43","date_gmt":"2024-04-26T16:23:43","guid":{"rendered":"https:\/\/distribucionarc.com\/?post_type=product&#038;p=6863"},"modified":"2024-04-26T16:23:45","modified_gmt":"2024-04-26T16:23:45","slug":"compactadora-prensadora-para-comprimidos-de-proteina-melhorada","status":"publish","type":"product","link":"https:\/\/distribucionarc.com\/pt\/producto\/maquina-compactadora-prensadora-para-comprimidos-mejorados-de-proteinas\/","title":{"rendered":"M\u00c1QUINA DE PRENSA COMPACTADORA PARA COMPRIMIDOS DE PROTE\u00cdNA MELHORADOS"},"content":{"rendered":"<p>Apresentamos o<strong> M\u00e1quina compactadora de prensas para comprimidos modelo TARHDP<\/strong>, dispon\u00edvel em modelos el\u00e9tricos <strong>TARHDP-3<\/strong>, c\u00e2mbio el\u00e9trico e manual, <strong>TARHDP-5 e TARHDP-6.<\/strong> Esta m\u00e1quina foi projetada especificamente para a produ\u00e7\u00e3o de<strong> comprimidos melhorados com prote\u00ednas<\/strong> de gr\u00e2nulos e p\u00f3s finos. Com a capacidade de processar pequenos gr\u00e2nulos de p\u00f3, o<strong> M\u00e1quina TAR HDP<\/strong> oferece efici\u00eancia excepcional e resultados de alta qualidade em todos os ciclos de produ\u00e7\u00e3o. Seu design el\u00e9trico garante opera\u00e7\u00e3o suave e confi\u00e1vel, enquanto a op\u00e7\u00e3o de intercambialidade el\u00e9trica e manual proporciona versatilidade na opera\u00e7\u00e3o de acordo com a necessidade do usu\u00e1rio. Al\u00e9m disso, o <strong>M\u00e1quina TAR HDP<\/strong> \u00c9 equipado com recursos avan\u00e7ados para produ\u00e7\u00e3o ideal, como press\u00e3o precisa e ajustes de espessura do comprimido. Seu design robusto e dur\u00e1vel o torna um investimento confi\u00e1vel para empresas que buscam melhorar seu processo produtivo. <strong>fabrica\u00e7\u00e3o de comprimidos de prote\u00edna.<\/strong><\/p>\n<p>&nbsp;<\/p>\n<table>\n<tbody>\n<tr>\n<td width=\"113\">Modelo<\/td>\n<td width=\"113\">TARHDP-3 el\u00e9trico<\/td>\n<td width=\"113\">TARHDP-3 (troca el\u00e9trica manual<\/td>\n<td width=\"113\">TARHDP-5<\/td>\n<td width=\"113\">TARHDP-6<\/td>\n<\/tr>\n<tr>\n<td width=\"113\">Jogos<\/td>\n<td width=\"113\">1<\/td>\n<td width=\"113\">1<\/td>\n<td width=\"113\">1<\/td>\n<td width=\"113\">1<\/td>\n<\/tr>\n<tr>\n<td width=\"113\">Press\u00e3o m\u00e1xima (toneladas)<\/td>\n<td width=\"113\">30<\/td>\n<td width=\"113\">30<\/td>\n<td width=\"113\">50<\/td>\n<td width=\"113\">60<\/td>\n<\/tr>\n<tr>\n<td width=\"113\">Di\u00e2metro m\u00e1ximo de comprimido (mm)<\/td>\n<td width=\"113\">5-15<\/td>\n<td width=\"113\">12<\/td>\n<td width=\"113\">5.15<\/td>\n<td width=\"113\">20<\/td>\n<\/tr>\n<tr>\n<td width=\"113\">Profundidade m\u00e1xima enchimento (mil\u00edmetros)<\/td>\n<td width=\"113\">18<\/td>\n<td width=\"113\">12<\/td>\n<td width=\"113\">0.18<\/td>\n<td width=\"113\">18<\/td>\n<\/tr>\n<tr>\n<td width=\"113\">Espessura m\u00e1xima comprimido (mil\u00edmetros)<\/td>\n<td width=\"113\">6<\/td>\n<td width=\"113\">6<\/td>\n<td width=\"113\">0.7<\/td>\n<td width=\"113\">7<\/td>\n<\/tr>\n<tr>\n<td width=\"113\">Capacidade de produ\u00e7\u00e3o (pe\u00e7as\/h)<\/td>\n<td width=\"113\">4000<\/td>\n<td width=\"113\">4000<\/td>\n<td width=\"113\">4200<\/td>\n<td width=\"113\">4000<\/td>\n<\/tr>\n<tr>\n<td width=\"113\">Pot\u00eancia do motor (kw)<\/td>\n<td width=\"113\">0.75<\/td>\n<td width=\"113\">4000<\/td>\n<td width=\"113\">0.78<\/td>\n<td width=\"113\">1.5<\/td>\n<\/tr>\n<tr>\n<td width=\"113\">Tamanho total (mil\u00edmetros)<\/td>\n<td width=\"113\">450*<\/p>\n<p>300*<\/p>\n<p>550*<\/td>\n<td width=\"113\">450*<\/p>\n<p>300*<\/p>\n<p>550*<\/td>\n<td width=\"113\">480*<\/p>\n<p>460*<\/p>\n<p>620*<\/td>\n<td width=\"113\">500*<\/p>\n<p>410*<\/p>\n<p>680*<\/td>\n<\/tr>\n<tr>\n<td width=\"113\">Peso l\u00edquido (kg)<\/td>\n<td width=\"113\">50<\/td>\n<td width=\"113\">40<\/td>\n<td width=\"113\">55<\/td>\n<td width=\"113\">85<\/td>\n<\/tr>\n<\/tbody>\n<\/table>\n<p>&nbsp;<\/p>","protected":false},"excerpt":{"rendered":"<p>Apresentando a M\u00e1quina Compactadora de Comprimidos Modelo TARHDP, dispon\u00edvel nos modelos el\u00e9trico TARHDP-3, el\u00e9trico intercambi\u00e1vel e manual, TARHDP-5<\/p>","protected":false},"featured_media":6864,"comment_status":"open","ping_status":"closed","template":"","meta":{"wds_primary_product_brand":0,"wds_primary_product_cat":0},"product_brand":[],"product_cat":[84],"product_tag":[],"class_list":{"0":"post-6863","1":"product","2":"type-product","3":"status-publish","4":"has-post-thumbnail","6":"product_cat-maquinas-para-hacer-pastillas","8":"first","9":"instock","10":"taxable","11":"shipping-taxable","12":"purchasable","13":"product-type-simple"},"yoast_head":"<!-- This site is optimized with the Yoast SEO Premium plugin v24.9 (Yoast SEO v26.1) - https:\/\/yoast.com\/wordpress\/plugins\/seo\/ -->\n<title>MAQUINA COMPACTADORA PRENSADORA PARA COMPRIMIDOS MEJORADOS DE PROTEINAS - distribuci\u00f3n ARC<\/title>\n<meta name=\"robots\" content=\"index, follow, max-snippet:-1, max-image-preview:large, max-video-preview:-1\" \/>\n<link rel=\"canonical\" href=\"https:\/\/distribucionarc.com\/pt\/produto\/compactadora-prensadora-para-comprimidos-de-proteina-melhorada\/\" \/>\n<meta property=\"og:locale\" content=\"pt_PT\" \/>\n<meta property=\"og:type\" content=\"article\" \/>\n<meta property=\"og:title\" content=\"MAQUINA COMPACTADORA PRENSADORA PARA COMPRIMIDOS MEJORADOS DE PROTEINAS\" \/>\n<meta property=\"og:description\" content=\"Presentamos la M\u00e1quina Compactadora Prensadora de Tabletas Modelo TARHDP, disponible en los modelos el\u00e9ctricos TARHDP-3, intercambio el\u00e9ctrico y manual, TARHDP-5\" \/>\n<meta property=\"og:url\" content=\"https:\/\/distribucionarc.com\/pt\/produto\/compactadora-prensadora-para-comprimidos-de-proteina-melhorada\/\" \/>\n<meta property=\"og:site_name\" content=\"distribuci\u00f3n ARC\" \/>\n<meta property=\"article:modified_time\" content=\"2024-04-26T16:23:45+00:00\" \/>\n<meta property=\"og:image\" content=\"https:\/\/distribucionarc.com\/wp-content\/uploads\/2024\/04\/MAQUINA-COMPACTADORA-PRENSADORA-PARA-COMPRIMIDOS-MEJORADOS-DE-PROTEINAS-TARHDP-6.jpg\" \/>\n\t<meta property=\"og:image:width\" content=\"1656\" \/>\n\t<meta property=\"og:image:height\" content=\"1160\" \/>\n\t<meta property=\"og:image:type\" content=\"image\/jpeg\" \/>\n<meta name=\"twitter:card\" content=\"summary_large_image\" \/>\n<meta name=\"twitter:label1\" content=\"Tempo estimado de leitura\" \/>\n\t<meta name=\"twitter:data1\" content=\"1 minuto\" \/>\n<script type=\"application\/ld+json\" class=\"yoast-schema-graph\">{\"@context\":\"https:\/\/schema.org\",\"@graph\":[{\"@type\":\"WebPage\",\"@id\":\"https:\/\/distribucionarc.com\/pt\/producto\/maquina-compactadora-prensadora-para-comprimidos-mejorados-de-proteinas\/\",\"url\":\"https:\/\/distribucionarc.com\/pt\/producto\/maquina-compactadora-prensadora-para-comprimidos-mejorados-de-proteinas\/\",\"name\":\"MAQUINA COMPACTADORA PRENSADORA PARA COMPRIMIDOS MEJORADOS DE PROTEINAS - distribuci\u00f3n ARC\",\"isPartOf\":{\"@id\":\"https:\/\/distribucionarc.com\/de\/#website\"},\"primaryImageOfPage\":{\"@id\":\"https:\/\/distribucionarc.com\/pt\/producto\/maquina-compactadora-prensadora-para-comprimidos-mejorados-de-proteinas\/#primaryimage\"},\"image\":{\"@id\":\"https:\/\/distribucionarc.com\/pt\/producto\/maquina-compactadora-prensadora-para-comprimidos-mejorados-de-proteinas\/#primaryimage\"},\"thumbnailUrl\":\"https:\/\/distribucionarc.com\/wp-content\/uploads\/2024\/04\/MAQUINA-COMPACTADORA-PRENSADORA-PARA-COMPRIMIDOS-MEJORADOS-DE-PROTEINAS-TARHDP-6.jpg\",\"datePublished\":\"2024-04-26T16:23:43+00:00\",\"dateModified\":\"2024-04-26T16:23:45+00:00\",\"breadcrumb\":{\"@id\":\"https:\/\/distribucionarc.com\/pt\/producto\/maquina-compactadora-prensadora-para-comprimidos-mejorados-de-proteinas\/#breadcrumb\"},\"inLanguage\":\"pt-PT\",\"potentialAction\":[{\"@type\":\"ReadAction\",\"target\":[\"https:\/\/distribucionarc.com\/pt\/producto\/maquina-compactadora-prensadora-para-comprimidos-mejorados-de-proteinas\/\"]}]},{\"@type\":\"ImageObject\",\"inLanguage\":\"pt-PT\",\"@id\":\"https:\/\/distribucionarc.com\/pt\/producto\/maquina-compactadora-prensadora-para-comprimidos-mejorados-de-proteinas\/#primaryimage\",\"url\":\"https:\/\/distribucionarc.com\/wp-content\/uploads\/2024\/04\/MAQUINA-COMPACTADORA-PRENSADORA-PARA-COMPRIMIDOS-MEJORADOS-DE-PROTEINAS-TARHDP-6.jpg\",\"contentUrl\":\"https:\/\/distribucionarc.com\/wp-content\/uploads\/2024\/04\/MAQUINA-COMPACTADORA-PRENSADORA-PARA-COMPRIMIDOS-MEJORADOS-DE-PROTEINAS-TARHDP-6.jpg\",\"width\":1656,\"height\":1160,\"caption\":\"#image_title\"},{\"@type\":\"BreadcrumbList\",\"@id\":\"https:\/\/distribucionarc.com\/pt\/producto\/maquina-compactadora-prensadora-para-comprimidos-mejorados-de-proteinas\/#breadcrumb\",\"itemListElement\":[{\"@type\":\"ListItem\",\"position\":1,\"name\":\"Portada\",\"item\":\"https:\/\/distribucionarc.com\/pl\/\"},{\"@type\":\"ListItem\",\"position\":2,\"name\":\"Produkty\",\"item\":\"https:\/\/distribucionarc.com\/pl\/shop\/\"},{\"@type\":\"ListItem\",\"position\":3,\"name\":\"MAQUINA COMPACTADORA PRENSADORA PARA COMPRIMIDOS MEJORADOS DE PROTEINAS\"}]},{\"@type\":\"WebSite\",\"@id\":\"https:\/\/distribucionarc.com\/de\/#website\",\"url\":\"https:\/\/distribucionarc.com\/de\/\",\"name\":\"distribuci\u00f3n ARC\",\"description\":\"Empresa especializada en la fabricaci\u00f3n y distribuci\u00f3n de maquinaria industrial, selladoras de latas, Maquinas de hacer pastillas, Maquinas de cortar carne...\",\"publisher\":{\"@id\":\"https:\/\/distribucionarc.com\/de\/#organization\"},\"potentialAction\":[{\"@type\":\"SearchAction\",\"target\":{\"@type\":\"EntryPoint\",\"urlTemplate\":\"https:\/\/distribucionarc.com\/de\/?s={search_term_string}\"},\"query-input\":{\"@type\":\"PropertyValueSpecification\",\"valueRequired\":true,\"valueName\":\"search_term_string\"}}],\"inLanguage\":\"pt-PT\"},{\"@type\":\"Organization\",\"@id\":\"https:\/\/distribucionarc.com\/de\/#organization\",\"name\":\"Distribuci\u00f3n ARC\",\"url\":\"https:\/\/distribucionarc.com\/de\/\",\"logo\":{\"@type\":\"ImageObject\",\"inLanguage\":\"pt-PT\",\"@id\":\"https:\/\/distribucionarc.com\/de\/#\/schema\/logo\/image\/\",\"url\":\"https:\/\/distribucionarc.com\/wp-content\/uploads\/2024\/10\/distribucion-ARC-COLOR-SIN-FONDO-e1732295305345.png\",\"contentUrl\":\"https:\/\/distribucionarc.com\/wp-content\/uploads\/2024\/10\/distribucion-ARC-COLOR-SIN-FONDO-e1732295305345.png\",\"width\":1164,\"height\":558,\"caption\":\"Distribuci\u00f3n ARC\"},\"image\":{\"@id\":\"https:\/\/distribucionarc.com\/de\/#\/schema\/logo\/image\/\"},\"description\":\"Empresa especializada en la fabricaci\u00f3n y distribuci\u00f3n de maquinaria industrial para los sectores alimentario y farmac\u00e9utico. Nos especializamos en: M\u00e1quinas de cortar carne Fabricaci\u00f3n de comprimidos Sistemas de transporte industrial L\u00edneas de embotellado Dosificadores Y mucho m\u00e1s... Ofrecemos soluciones innovadoras y personalizadas para optimizar los procesos productivos de tu empresa.\",\"email\":\"Admistracion@distribucionarc.com\",\"telephone\":\"+34 643496664\",\"legalName\":\"ARC TECH SOLUTIONS\",\"foundingDate\":\"2024-04-09\",\"vatID\":\"B55480172\",\"numberOfEmployees\":{\"@type\":\"QuantitativeValue\",\"minValue\":\"1\",\"maxValue\":\"10\"}}]}<\/script>\n<!-- \/ Yoast SEO Premium plugin. -->","yoast_head_json":{"title":"M\u00c1QUINA DE PRENSA COMPACTADORA PARA COMPRIMIDOS DE PROTE\u00cdNA MELHORADA - distribui\u00e7\u00e3o ARC","robots":{"index":"index","follow":"follow","max-snippet":"max-snippet:-1","max-image-preview":"max-image-preview:large","max-video-preview":"max-video-preview:-1"},"canonical":"https:\/\/distribucionarc.com\/pt\/produto\/compactadora-prensadora-para-comprimidos-de-proteina-melhorada\/","og_locale":"pt_PT","og_type":"article","og_title":"MAQUINA COMPACTADORA PRENSADORA PARA COMPRIMIDOS MEJORADOS DE PROTEINAS","og_description":"Presentamos la M\u00e1quina Compactadora Prensadora de Tabletas Modelo TARHDP, disponible en los modelos el\u00e9ctricos TARHDP-3, intercambio el\u00e9ctrico y manual, TARHDP-5","og_url":"https:\/\/distribucionarc.com\/pt\/produto\/compactadora-prensadora-para-comprimidos-de-proteina-melhorada\/","og_site_name":"distribuci\u00f3n ARC","article_modified_time":"2024-04-26T16:23:45+00:00","og_image":[{"width":1656,"height":1160,"url":"https:\/\/distribucionarc.com\/wp-content\/uploads\/2024\/04\/MAQUINA-COMPACTADORA-PRENSADORA-PARA-COMPRIMIDOS-MEJORADOS-DE-PROTEINAS-TARHDP-6.jpg","type":"image\/jpeg"}],"twitter_card":"summary_large_image","twitter_misc":{"Tempo estimado de leitura":"1 minuto"},"schema":{"@context":"https:\/\/schema.org","@graph":[{"@type":"WebPage","@id":"https:\/\/distribucionarc.com\/pt\/producto\/maquina-compactadora-prensadora-para-comprimidos-mejorados-de-proteinas\/","url":"https:\/\/distribucionarc.com\/pt\/producto\/maquina-compactadora-prensadora-para-comprimidos-mejorados-de-proteinas\/","name":"M\u00c1QUINA DE PRENSA COMPACTADORA PARA COMPRIMIDOS DE PROTE\u00cdNA MELHORADA - distribui\u00e7\u00e3o ARC","isPartOf":{"@id":"https:\/\/distribucionarc.com\/de\/#website"},"primaryImageOfPage":{"@id":"https:\/\/distribucionarc.com\/pt\/producto\/maquina-compactadora-prensadora-para-comprimidos-mejorados-de-proteinas\/#primaryimage"},"image":{"@id":"https:\/\/distribucionarc.com\/pt\/producto\/maquina-compactadora-prensadora-para-comprimidos-mejorados-de-proteinas\/#primaryimage"},"thumbnailUrl":"https:\/\/distribucionarc.com\/wp-content\/uploads\/2024\/04\/MAQUINA-COMPACTADORA-PRENSADORA-PARA-COMPRIMIDOS-MEJORADOS-DE-PROTEINAS-TARHDP-6.jpg","datePublished":"2024-04-26T16:23:43+00:00","dateModified":"2024-04-26T16:23:45+00:00","breadcrumb":{"@id":"https:\/\/distribucionarc.com\/pt\/producto\/maquina-compactadora-prensadora-para-comprimidos-mejorados-de-proteinas\/#breadcrumb"},"inLanguage":"pt-PT","potentialAction":[{"@type":"ReadAction","target":["https:\/\/distribucionarc.com\/pt\/producto\/maquina-compactadora-prensadora-para-comprimidos-mejorados-de-proteinas\/"]}]},{"@type":"ImageObject","inLanguage":"pt-PT","@id":"https:\/\/distribucionarc.com\/pt\/producto\/maquina-compactadora-prensadora-para-comprimidos-mejorados-de-proteinas\/#primaryimage","url":"https:\/\/distribucionarc.com\/wp-content\/uploads\/2024\/04\/MAQUINA-COMPACTADORA-PRENSADORA-PARA-COMPRIMIDOS-MEJORADOS-DE-PROTEINAS-TARHDP-6.jpg","contentUrl":"https:\/\/distribucionarc.com\/wp-content\/uploads\/2024\/04\/MAQUINA-COMPACTADORA-PRENSADORA-PARA-COMPRIMIDOS-MEJORADOS-DE-PROTEINAS-TARHDP-6.jpg","width":1656,"height":1160,"caption":"#image_title"},{"@type":"BreadcrumbList","@id":"https:\/\/distribucionarc.com\/pt\/producto\/maquina-compactadora-prensadora-para-comprimidos-mejorados-de-proteinas\/#breadcrumb","itemListElement":[{"@type":"ListItem","position":1,"name":"Portada","item":"https:\/\/distribucionarc.com\/pl\/"},{"@type":"ListItem","position":2,"name":"Produkty","item":"https:\/\/distribucionarc.com\/pl\/shop\/"},{"@type":"ListItem","position":3,"name":"MAQUINA COMPACTADORA PRENSADORA PARA COMPRIMIDOS MEJORADOS DE PROTEINAS"}]},{"@type":"WebSite","@id":"https:\/\/distribucionarc.com\/de\/#website","url":"https:\/\/distribucionarc.com\/de\/","name":"Distribui\u00e7\u00e3o ARC","description":"Empresa especializada no fabrico e distribui\u00e7\u00e3o de m\u00e1quinas industriais, m\u00e1quinas de selar latas, m\u00e1quinas de fazer comprimidos, m\u00e1quinas de cortar carne...","publisher":{"@id":"https:\/\/distribucionarc.com\/de\/#organization"},"potentialAction":[{"@type":"SearchAction","target":{"@type":"EntryPoint","urlTemplate":"https:\/\/distribucionarc.com\/de\/?s={search_term_string}"},"query-input":{"@type":"PropertyValueSpecification","valueRequired":true,"valueName":"search_term_string"}}],"inLanguage":"pt-PT"},{"@type":"Organization","@id":"https:\/\/distribucionarc.com\/de\/#organization","name":"Distribui\u00e7\u00e3o ARC","url":"https:\/\/distribucionarc.com\/de\/","logo":{"@type":"ImageObject","inLanguage":"pt-PT","@id":"https:\/\/distribucionarc.com\/de\/#\/schema\/logo\/image\/","url":"https:\/\/distribucionarc.com\/wp-content\/uploads\/2024\/10\/distribucion-ARC-COLOR-SIN-FONDO-e1732295305345.png","contentUrl":"https:\/\/distribucionarc.com\/wp-content\/uploads\/2024\/10\/distribucion-ARC-COLOR-SIN-FONDO-e1732295305345.png","width":1164,"height":558,"caption":"Distribuci\u00f3n ARC"},"image":{"@id":"https:\/\/distribucionarc.com\/de\/#\/schema\/logo\/image\/"},"description":"Empresa especializada no fabrico e distribui\u00e7\u00e3o de m\u00e1quinas industriais para os sectores alimentar e farmac\u00eautico. Somos especializados em: M\u00e1quinas de cortar carne Fabrico de comprimidos Sistemas de transporte industrial Linhas de engarrafamento Dispensadores E muito mais... Oferecemos solu\u00e7\u00f5es inovadoras e personalizadas para otimizar os processos de produ\u00e7\u00e3o da sua empresa.","email":"Admistracion@distribucionarc.com","telephone":"+34 643496664","legalName":"ARC TECH SOLUTIONS","foundingDate":"2024-04-09","vatID":"B55480172","numberOfEmployees":{"@type":"QuantitativeValue","minValue":"1","maxValue":"10"}}]}},"_links":{"self":[{"href":"https:\/\/distribucionarc.com\/pt\/wp-json\/wp\/v2\/product\/6863","targetHints":{"allow":["GET"]}}],"collection":[{"href":"https:\/\/distribucionarc.com\/pt\/wp-json\/wp\/v2\/product"}],"about":[{"href":"https:\/\/distribucionarc.com\/pt\/wp-json\/wp\/v2\/types\/product"}],"replies":[{"embeddable":true,"href":"https:\/\/distribucionarc.com\/pt\/wp-json\/wp\/v2\/comments?post=6863"}],"version-history":[{"count":0,"href":"https:\/\/distribucionarc.com\/pt\/wp-json\/wp\/v2\/product\/6863\/revisions"}],"wp:featuredmedia":[{"embeddable":true,"href":"https:\/\/distribucionarc.com\/pt\/wp-json\/wp\/v2\/media\/6864"}],"wp:attachment":[{"href":"https:\/\/distribucionarc.com\/pt\/wp-json\/wp\/v2\/media?parent=6863"}],"wp:term":[{"taxonomy":"product_brand","embeddable":true,"href":"https:\/\/distribucionarc.com\/pt\/wp-json\/wp\/v2\/product_brand?post=6863"},{"taxonomy":"product_cat","embeddable":true,"href":"https:\/\/distribucionarc.com\/pt\/wp-json\/wp\/v2\/product_cat?post=6863"},{"taxonomy":"product_tag","embeddable":true,"href":"https:\/\/distribucionarc.com\/pt\/wp-json\/wp\/v2\/product_tag?post=6863"}],"curies":[{"name":"wp","href":"https:\/\/api.w.org\/{rel}","templated":true}]}}