{"id":687,"date":"2020-06-19T20:07:04","date_gmt":"2020-06-19T20:07:04","guid":{"rendered":"https:\/\/distribucionarc.com\/?post_type=product&#038;p=687"},"modified":"2024-10-05T03:52:47","modified_gmt":"2024-10-05T03:52:47","slug":"moedor-de-carne-ou-legumes-especial-para-a-industria","status":"publish","type":"product","link":"https:\/\/distribucionarc.com\/pt\/producto\/picadora-de-carne-o-verduras-especial-para-industra\/","title":{"rendered":"moedor especial de carne ou vegetais para a ind\u00fastria"},"content":{"rendered":"<p>O moedor de carne ARCP V2 \u00e9 um poderoso moedor de carne profissional com carca\u00e7a e placa de a\u00e7o inoxid\u00e1vel. O princ\u00edpio \u00e9 que a engrenagem helicoidal e a coroa tamb\u00e9m s\u00e3o feitas de a\u00e7o inoxid\u00e1vel. A ARCP <strong>picador de carne<\/strong> V2 possui quatro p\u00e9s de borracha e, portanto, \u00e9 adicionalmente protegido contra escorreg\u00f5es. O picador de carne ARCP V2 \u00e9 f\u00e1cil de limpar e a parte picadora \u00e9 remov\u00edvel em uma s\u00f3 parte.<\/p>\n<p>a nova vers\u00e3o do ARCP V2\u00a0 <strong>Possui uma caracter\u00edstica \u00fanica, baixo consumo, alto desempenho.<\/strong><\/p>\n<p><span style=\"color: #ff0000;\">360 W<\/span> <span style=\"color: #008000;\">Sistema inteligente integrado de baixo consumo.<\/span><\/p>\n<p>Abaixo voc\u00ea encontra todos os recursos do moedor de carne ARCP V2:<\/p>\n<ul>\n<li>Poderoso moedor de carne profissional<\/li>\n<li>Caixa e bandeja em a\u00e7o inoxid\u00e1vel<\/li>\n<li>engrenagem helicoidal e anel de parafuso em a\u00e7o inoxid\u00e1vel<\/li>\n<li>Facas e pratos feitos de a\u00e7o temperado<\/li>\n<li>a pe\u00e7a de retifica\u00e7\u00e3o pode ser removida em um movimento<\/li>\n<li>Com 2 velocidades de avan\u00e7o e r\u00e9:<\/li>\n<li>Produ\u00e7\u00e3o: At\u00e9 120 kg por hora<\/li>\n<li>Dimens\u00f5es da bandeja: L200 x P295 x A45 mm 4,8 x 20 x 29cm<\/li>\n<li>Di\u00e2metro de abertura da bandeja: 55mm<\/li>\n<li>Di\u00e2metro da placa de moagem: 70mm<\/li>\n<li>interruptor de prote\u00e7\u00e3o do motor<\/li>\n<li>Quatro bases de p\u00e9s de borracha<\/li>\n<li>F\u00e1cil de limpar<\/li>\n<li>Peso l\u00edquido: 22kg<\/li>\n<li>Dimens\u00f5es: L280 x P160 x A290mm<\/li>\n<li>220V\/50Hz\/Monof\u00e1sico 370 Watts<\/li>\n<\/ul>\n<p>O padr\u00e3o inclui:<\/p>\n<ul>\n<li>1 empurrador<\/li>\n<li>1 lingui\u00e7a recheada \u2013 \u00d8 20 mm<\/li>\n<li>2 facas cruzadas<\/li>\n<li>placa de esmagamento 6 mm<\/li>\n<li>placa de esmagamento 8 mm<\/li>\n<\/ul>\n<p><iframe loading=\"lazy\" src=\"https:\/\/www.youtube.com\/embed\/xyT98EOJOG8\" width=\"560\" height=\"315\" frameborder=\"0\" allowfullscreen=\"allowfullscreen\"><\/iframe><\/p>","protected":false},"excerpt":{"rendered":"<h2><span style=\"color: #000080;\">PARA<span style=\"color: #ff0000;\"><strong>R<\/strong><\/span><\/span>Moedor de carne CP V2 120kg\/h??<\/h2>\n<p><span style=\"color: #ff0000;\">360 W<\/span> <span style=\"color: #008000;\">Sistema inteligente integrado de baixo consumo.<\/span><\/p>\n<p>picador perfeito para a\u00e7ougues ou empresas semi-industriais que necessitam de grande quantidade de carne no menor tempo poss\u00edvel<\/p>\n<p>todas as nossas m\u00e1quinas t\u00eam <strong>2 anos de garantia<\/strong><\/p>\n<p><strong>suporte t\u00e9cnico em caso de avaria<\/strong><\/p>\n<p>tudo que voc\u00ea precisa para o seu neg\u00f3cio em um s\u00f3 lugar<\/p>","protected":false},"featured_media":690,"comment_status":"open","ping_status":"closed","template":"","meta":{"wds_primary_product_brand":0,"wds_primary_product_cat":0},"product_brand":[],"product_cat":[120],"product_tag":[],"class_list":{"0":"post-687","1":"product","2":"type-product","3":"status-publish","4":"has-post-thumbnail","6":"product_cat-picadoras-carne","7":"product_shipping_class-hosteleria","9":"first","10":"outofstock","11":"sale","12":"taxable","13":"shipping-taxable","14":"purchasable","15":"product-type-simple"},"yoast_head":"<!-- This site is optimized with the Yoast SEO Premium plugin v24.9 (Yoast SEO v26.1) - https:\/\/yoast.com\/wordpress\/plugins\/seo\/ -->\n<title>picadora de carne o verduras especial para industra - distribuci\u00f3n ARC<\/title>\n<meta name=\"robots\" content=\"index, follow, max-snippet:-1, max-image-preview:large, max-video-preview:-1\" \/>\n<link rel=\"canonical\" href=\"https:\/\/www.distribucionarc.com\/bg\/producto\/picadora-de-carne-o-verduras-especial-para-industra\/\" \/>\n<meta property=\"og:locale\" content=\"pt_PT\" \/>\n<meta property=\"og:type\" content=\"article\" \/>\n<meta property=\"og:title\" content=\"picadora de carne o verduras especial para industra\" \/>\n<meta property=\"og:description\" content=\"ARCP V2 Picadora de carne 120kg \/h\u00a0 ?? 360w sistema inteligente integrado de bajo consumo.  picadora perfecta para carnicerias o empresas semi industriales que requieran gran cantidad de carne en el menor tiempo posible  toda nuestra maquinaria tiene garantia de 2 a\u00f1os  soporte tecnico en caso de averia  todo lo necesario para su negocio en un solo lugar\" \/>\n<meta property=\"og:url\" content=\"https:\/\/www.distribucionarc.com\/bg\/producto\/picadora-de-carne-o-verduras-especial-para-industra\/\" \/>\n<meta property=\"og:site_name\" content=\"distribuci\u00f3n ARC\" \/>\n<meta property=\"article:modified_time\" content=\"2024-10-05T03:52:47+00:00\" \/>\n<meta property=\"og:image\" content=\"https:\/\/www.distribucionarc.com\/wp-content\/uploads\/2020\/06\/picadora-de-carne-verduras-especial-para-industra-0.jpg\" \/>\n\t<meta property=\"og:image:width\" content=\"1600\" \/>\n\t<meta property=\"og:image:height\" content=\"1600\" \/>\n\t<meta property=\"og:image:type\" content=\"image\/jpeg\" \/>\n<meta name=\"twitter:card\" content=\"summary_large_image\" \/>\n<meta name=\"twitter:label1\" content=\"Tempo estimado de leitura\" \/>\n\t<meta name=\"twitter:data1\" content=\"2 minutos\" \/>\n<script type=\"application\/ld+json\" class=\"yoast-schema-graph\">{\"@context\":\"https:\/\/schema.org\",\"@graph\":[{\"@type\":\"WebPage\",\"@id\":\"https:\/\/www.distribucionarc.com\/bg\/producto\/picadora-de-carne-o-verduras-especial-para-industra\/\",\"url\":\"https:\/\/www.distribucionarc.com\/bg\/producto\/picadora-de-carne-o-verduras-especial-para-industra\/\",\"name\":\"picadora de carne o verduras especial para industra - distribuci\u00f3n ARC\",\"isPartOf\":{\"@id\":\"https:\/\/distribucionarc.com\/pl\/#website\"},\"primaryImageOfPage\":{\"@id\":\"https:\/\/www.distribucionarc.com\/bg\/producto\/picadora-de-carne-o-verduras-especial-para-industra\/#primaryimage\"},\"image\":{\"@id\":\"https:\/\/www.distribucionarc.com\/bg\/producto\/picadora-de-carne-o-verduras-especial-para-industra\/#primaryimage\"},\"thumbnailUrl\":\"https:\/\/distribucionarc.com\/wp-content\/uploads\/2020\/06\/picadora-de-carne-verduras-especial-para-industra-0.jpg\",\"datePublished\":\"2020-06-19T20:07:04+00:00\",\"dateModified\":\"2024-10-05T03:52:47+00:00\",\"breadcrumb\":{\"@id\":\"https:\/\/www.distribucionarc.com\/bg\/producto\/picadora-de-carne-o-verduras-especial-para-industra\/#breadcrumb\"},\"inLanguage\":\"pt-PT\",\"potentialAction\":[{\"@type\":\"ReadAction\",\"target\":[\"https:\/\/www.distribucionarc.com\/bg\/producto\/picadora-de-carne-o-verduras-especial-para-industra\/\"]}]},{\"@type\":\"ImageObject\",\"inLanguage\":\"pt-PT\",\"@id\":\"https:\/\/www.distribucionarc.com\/bg\/producto\/picadora-de-carne-o-verduras-especial-para-industra\/#primaryimage\",\"url\":\"https:\/\/distribucionarc.com\/wp-content\/uploads\/2020\/06\/picadora-de-carne-verduras-especial-para-industra-0.jpg\",\"contentUrl\":\"https:\/\/distribucionarc.com\/wp-content\/uploads\/2020\/06\/picadora-de-carne-verduras-especial-para-industra-0.jpg\",\"width\":1600,\"height\":1600},{\"@type\":\"BreadcrumbList\",\"@id\":\"https:\/\/www.distribucionarc.com\/bg\/producto\/picadora-de-carne-o-verduras-especial-para-industra\/#breadcrumb\",\"itemListElement\":[{\"@type\":\"ListItem\",\"position\":1,\"name\":\"Portada\",\"item\":\"https:\/\/www.distribucionarc.com\/tr\/\"},{\"@type\":\"ListItem\",\"position\":2,\"name\":\"Izdelki\",\"item\":\"https:\/\/www.distribucionarc.com\/sl\/trgovina\/\"},{\"@type\":\"ListItem\",\"position\":3,\"name\":\"picadora de carne o verduras especial para industra\"}]},{\"@type\":\"WebSite\",\"@id\":\"https:\/\/distribucionarc.com\/pl\/#website\",\"url\":\"https:\/\/distribucionarc.com\/pl\/\",\"name\":\"distribuci\u00f3n ARC\",\"description\":\"Empresa especializada en la fabricaci\u00f3n y distribuci\u00f3n de maquinaria industrial, selladoras de latas, Maquinas de hacer pastillas, Maquinas de cortar carne...\",\"publisher\":{\"@id\":\"https:\/\/distribucionarc.com\/pl\/#organization\"},\"potentialAction\":[{\"@type\":\"SearchAction\",\"target\":{\"@type\":\"EntryPoint\",\"urlTemplate\":\"https:\/\/distribucionarc.com\/pl\/?s={search_term_string}\"},\"query-input\":{\"@type\":\"PropertyValueSpecification\",\"valueRequired\":true,\"valueName\":\"search_term_string\"}}],\"inLanguage\":\"pt-PT\"},{\"@type\":\"Organization\",\"@id\":\"https:\/\/distribucionarc.com\/pl\/#organization\",\"name\":\"Distribuci\u00f3n ARC\",\"url\":\"https:\/\/distribucionarc.com\/pl\/\",\"logo\":{\"@type\":\"ImageObject\",\"inLanguage\":\"pt-PT\",\"@id\":\"https:\/\/distribucionarc.com\/pl\/#\/schema\/logo\/image\/\",\"url\":\"https:\/\/distribucionarc.com\/wp-content\/uploads\/2024\/10\/distribucion-ARC-COLOR-SIN-FONDO-e1732295305345.png\",\"contentUrl\":\"https:\/\/distribucionarc.com\/wp-content\/uploads\/2024\/10\/distribucion-ARC-COLOR-SIN-FONDO-e1732295305345.png\",\"width\":1164,\"height\":558,\"caption\":\"Distribuci\u00f3n ARC\"},\"image\":{\"@id\":\"https:\/\/distribucionarc.com\/pl\/#\/schema\/logo\/image\/\"},\"description\":\"Empresa especializada en la fabricaci\u00f3n y distribuci\u00f3n de maquinaria industrial para los sectores alimentario y farmac\u00e9utico. Nos especializamos en: M\u00e1quinas de cortar carne Fabricaci\u00f3n de comprimidos Sistemas de transporte industrial L\u00edneas de embotellado Dosificadores Y mucho m\u00e1s... Ofrecemos soluciones innovadoras y personalizadas para optimizar los procesos productivos de tu empresa.\",\"email\":\"Admistracion@distribucionarc.com\",\"telephone\":\"+34 643496664\",\"legalName\":\"ARC TECH SOLUTIONS\",\"foundingDate\":\"2024-04-09\",\"vatID\":\"B55480172\",\"numberOfEmployees\":{\"@type\":\"QuantitativeValue\",\"minValue\":\"1\",\"maxValue\":\"10\"}}]}<\/script>\n<!-- \/ Yoast SEO Premium plugin. -->","yoast_head_json":{"title":"moedor especial de carne ou vegetais para a ind\u00fastria - distribui\u00e7\u00e3o ARC","robots":{"index":"index","follow":"follow","max-snippet":"max-snippet:-1","max-image-preview":"max-image-preview:large","max-video-preview":"max-video-preview:-1"},"canonical":"https:\/\/www.distribucionarc.com\/bg\/producto\/picadora-de-carne-o-verduras-especial-para-industra\/","og_locale":"pt_PT","og_type":"article","og_title":"picadora de carne o verduras especial para industra","og_description":"ARCP V2 Picadora de carne 120kg \/h\u00a0 ?? 360w sistema inteligente integrado de bajo consumo.  picadora perfecta para carnicerias o empresas semi industriales que requieran gran cantidad de carne en el menor tiempo posible  toda nuestra maquinaria tiene garantia de 2 a\u00f1os  soporte tecnico en caso de averia  todo lo necesario para su negocio en un solo lugar","og_url":"https:\/\/www.distribucionarc.com\/bg\/producto\/picadora-de-carne-o-verduras-especial-para-industra\/","og_site_name":"distribuci\u00f3n ARC","article_modified_time":"2024-10-05T03:52:47+00:00","og_image":[{"width":1600,"height":1600,"url":"https:\/\/www.distribucionarc.com\/wp-content\/uploads\/2020\/06\/picadora-de-carne-verduras-especial-para-industra-0.jpg","type":"image\/jpeg"}],"twitter_card":"summary_large_image","twitter_misc":{"Tempo estimado de leitura":"2 minutos"},"schema":{"@context":"https:\/\/schema.org","@graph":[{"@type":"WebPage","@id":"https:\/\/www.distribucionarc.com\/bg\/producto\/picadora-de-carne-o-verduras-especial-para-industra\/","url":"https:\/\/www.distribucionarc.com\/bg\/producto\/picadora-de-carne-o-verduras-especial-para-industra\/","name":"moedor especial de carne ou vegetais para a ind\u00fastria - distribui\u00e7\u00e3o ARC","isPartOf":{"@id":"https:\/\/distribucionarc.com\/pl\/#website"},"primaryImageOfPage":{"@id":"https:\/\/www.distribucionarc.com\/bg\/producto\/picadora-de-carne-o-verduras-especial-para-industra\/#primaryimage"},"image":{"@id":"https:\/\/www.distribucionarc.com\/bg\/producto\/picadora-de-carne-o-verduras-especial-para-industra\/#primaryimage"},"thumbnailUrl":"https:\/\/distribucionarc.com\/wp-content\/uploads\/2020\/06\/picadora-de-carne-verduras-especial-para-industra-0.jpg","datePublished":"2020-06-19T20:07:04+00:00","dateModified":"2024-10-05T03:52:47+00:00","breadcrumb":{"@id":"https:\/\/www.distribucionarc.com\/bg\/producto\/picadora-de-carne-o-verduras-especial-para-industra\/#breadcrumb"},"inLanguage":"pt-PT","potentialAction":[{"@type":"ReadAction","target":["https:\/\/www.distribucionarc.com\/bg\/producto\/picadora-de-carne-o-verduras-especial-para-industra\/"]}]},{"@type":"ImageObject","inLanguage":"pt-PT","@id":"https:\/\/www.distribucionarc.com\/bg\/producto\/picadora-de-carne-o-verduras-especial-para-industra\/#primaryimage","url":"https:\/\/distribucionarc.com\/wp-content\/uploads\/2020\/06\/picadora-de-carne-verduras-especial-para-industra-0.jpg","contentUrl":"https:\/\/distribucionarc.com\/wp-content\/uploads\/2020\/06\/picadora-de-carne-verduras-especial-para-industra-0.jpg","width":1600,"height":1600},{"@type":"BreadcrumbList","@id":"https:\/\/www.distribucionarc.com\/bg\/producto\/picadora-de-carne-o-verduras-especial-para-industra\/#breadcrumb","itemListElement":[{"@type":"ListItem","position":1,"name":"Portada","item":"https:\/\/www.distribucionarc.com\/tr\/"},{"@type":"ListItem","position":2,"name":"Izdelki","item":"https:\/\/www.distribucionarc.com\/sl\/trgovina\/"},{"@type":"ListItem","position":3,"name":"picadora de carne o verduras especial para industra"}]},{"@type":"WebSite","@id":"https:\/\/distribucionarc.com\/pl\/#website","url":"https:\/\/distribucionarc.com\/pl\/","name":"Distribui\u00e7\u00e3o ARC","description":"Empresa especializada no fabrico e distribui\u00e7\u00e3o de m\u00e1quinas industriais, m\u00e1quinas de selar latas, m\u00e1quinas de fazer comprimidos, m\u00e1quinas de cortar carne...","publisher":{"@id":"https:\/\/distribucionarc.com\/pl\/#organization"},"potentialAction":[{"@type":"SearchAction","target":{"@type":"EntryPoint","urlTemplate":"https:\/\/distribucionarc.com\/pl\/?s={search_term_string}"},"query-input":{"@type":"PropertyValueSpecification","valueRequired":true,"valueName":"search_term_string"}}],"inLanguage":"pt-PT"},{"@type":"Organization","@id":"https:\/\/distribucionarc.com\/pl\/#organization","name":"Distribui\u00e7\u00e3o ARC","url":"https:\/\/distribucionarc.com\/pl\/","logo":{"@type":"ImageObject","inLanguage":"pt-PT","@id":"https:\/\/distribucionarc.com\/pl\/#\/schema\/logo\/image\/","url":"https:\/\/distribucionarc.com\/wp-content\/uploads\/2024\/10\/distribucion-ARC-COLOR-SIN-FONDO-e1732295305345.png","contentUrl":"https:\/\/distribucionarc.com\/wp-content\/uploads\/2024\/10\/distribucion-ARC-COLOR-SIN-FONDO-e1732295305345.png","width":1164,"height":558,"caption":"Distribuci\u00f3n ARC"},"image":{"@id":"https:\/\/distribucionarc.com\/pl\/#\/schema\/logo\/image\/"},"description":"Empresa especializada no fabrico e distribui\u00e7\u00e3o de m\u00e1quinas industriais para os sectores alimentar e farmac\u00eautico. Somos especializados em: M\u00e1quinas de cortar carne Fabrico de comprimidos Sistemas de transporte industrial Linhas de engarrafamento Dispensadores E muito mais... Oferecemos solu\u00e7\u00f5es inovadoras e personalizadas para otimizar os processos de produ\u00e7\u00e3o da sua empresa.","email":"Admistracion@distribucionarc.com","telephone":"+34 643496664","legalName":"ARC TECH SOLUTIONS","foundingDate":"2024-04-09","vatID":"B55480172","numberOfEmployees":{"@type":"QuantitativeValue","minValue":"1","maxValue":"10"}}]}},"_links":{"self":[{"href":"https:\/\/distribucionarc.com\/pt\/wp-json\/wp\/v2\/product\/687","targetHints":{"allow":["GET"]}}],"collection":[{"href":"https:\/\/distribucionarc.com\/pt\/wp-json\/wp\/v2\/product"}],"about":[{"href":"https:\/\/distribucionarc.com\/pt\/wp-json\/wp\/v2\/types\/product"}],"replies":[{"embeddable":true,"href":"https:\/\/distribucionarc.com\/pt\/wp-json\/wp\/v2\/comments?post=687"}],"version-history":[{"count":0,"href":"https:\/\/distribucionarc.com\/pt\/wp-json\/wp\/v2\/product\/687\/revisions"}],"wp:featuredmedia":[{"embeddable":true,"href":"https:\/\/distribucionarc.com\/pt\/wp-json\/wp\/v2\/media\/690"}],"wp:attachment":[{"href":"https:\/\/distribucionarc.com\/pt\/wp-json\/wp\/v2\/media?parent=687"}],"wp:term":[{"taxonomy":"product_brand","embeddable":true,"href":"https:\/\/distribucionarc.com\/pt\/wp-json\/wp\/v2\/product_brand?post=687"},{"taxonomy":"product_cat","embeddable":true,"href":"https:\/\/distribucionarc.com\/pt\/wp-json\/wp\/v2\/product_cat?post=687"},{"taxonomy":"product_tag","embeddable":true,"href":"https:\/\/distribucionarc.com\/pt\/wp-json\/wp\/v2\/product_tag?post=687"}],"curies":[{"name":"wp","href":"https:\/\/api.w.org\/{rel}","templated":true}]}}