{"id":6870,"date":"2024-04-26T17:20:58","date_gmt":"2024-04-26T17:20:58","guid":{"rendered":"https:\/\/distribucionarc.com\/?post_type=product&#038;p=6870"},"modified":"2024-04-26T17:20:59","modified_gmt":"2024-04-26T17:20:59","slug":"moedor-para-fortalecer-potenciadores-de-po","status":"publish","type":"product","link":"https:\/\/distribucionarc.com\/pt\/producto\/amoladora-para-polvo-de-potenciadores-de-fortalecimiento\/","title":{"rendered":"MOEDOR PARA P\u00d3 DE FORTALECIMENTO"},"content":{"rendered":"<p>Apresentando nosso inovador<strong> Moedor para fortalecer p\u00f3 de intensificadores,<\/strong> projetado para oferecer desempenho excepcional. Esta m\u00e1quina aproveita o movimento relativo de alta velocidade entre discos dentados fixos e m\u00f3veis para triturar material, usando uma combina\u00e7\u00e3o de impacto, fric\u00e7\u00e3o e engrenagens. Sua tela intercambi\u00e1vel permite adapt\u00e1-la \u00e0s diferentes necessidades de retifica\u00e7\u00e3o.<\/p>\n<p>&nbsp;<\/p>\n<table>\n<tbody>\n<tr>\n<td width=\"113\">Modelo<\/td>\n<td width=\"113\">130B<\/td>\n<td width=\"113\">180B<\/td>\n<td width=\"113\">250B<\/td>\n<td width=\"113\">320B<\/td>\n<\/tr>\n<tr>\n<td width=\"113\">Velocidade do fuso (rota\u00e7\u00f5es\/min)<\/td>\n<td width=\"113\">7000<\/td>\n<td width=\"113\">7000<\/td>\n<td width=\"113\">5000<\/td>\n<td width=\"113\">4000<\/td>\n<\/tr>\n<tr>\n<td width=\"113\">Capacidade de produ\u00e7\u00e3o (kg\/h)<\/td>\n<td width=\"113\">2-5<\/td>\n<td width=\"113\">10-30<\/td>\n<td width=\"113\">50-250<\/td>\n<td width=\"113\">80-300<\/td>\n<\/tr>\n<tr>\n<td width=\"113\">Pot\u00eancia do motor (kw)<\/td>\n<td width=\"113\">1.1<\/td>\n<td width=\"113\">2.2<\/td>\n<td width=\"113\">5.5<\/td>\n<td width=\"113\">7.5<\/td>\n<\/tr>\n<tr>\n<td width=\"113\">Esmague gr\u00e3os finos (malha)<\/td>\n<td width=\"113\">10-120<\/td>\n<td width=\"113\">10-120<\/td>\n<td width=\"113\">10-120<\/td>\n<td width=\"113\">10-120<\/td>\n<\/tr>\n<tr>\n<td width=\"113\">Ru\u00eddo de trabalho (decibel)<\/td>\n<td width=\"113\">-85<\/td>\n<td width=\"113\">-85<\/td>\n<td width=\"113\">-85<\/td>\n<td width=\"113\">-85<\/td>\n<\/tr>\n<tr>\n<td width=\"113\">Tamanho total (mm)<\/td>\n<td width=\"113\">400*<\/p>\n<p>350*<\/p>\n<p>830*<\/td>\n<td width=\"113\">690*<\/p>\n<p>420*<\/p>\n<p>880*<\/td>\n<td width=\"113\">950*520*<\/p>\n<p>1250*<\/td>\n<td width=\"113\">960*<\/p>\n<p>520*<\/p>\n<p>1450*<\/td>\n<\/tr>\n<tr>\n<td width=\"113\">Peso l\u00edquido (kg)<\/td>\n<td width=\"113\">75<\/td>\n<td width=\"113\">85<\/td>\n<td width=\"113\">220<\/td>\n<td width=\"113\">250<\/td>\n<\/tr>\n<\/tbody>\n<\/table>","protected":false},"excerpt":{"rendered":"<p>Apresentamos nosso inovador Moedor de P\u00f3 Strength Enhancer, projetado para oferecer desempenho excepcional. Esta m\u00e1quina aproveita a vantagem de<\/p>","protected":false},"featured_media":6873,"comment_status":"open","ping_status":"closed","template":"","meta":{"wds_primary_product_brand":0,"wds_primary_product_cat":0},"product_brand":[],"product_cat":[84],"product_tag":[],"class_list":{"0":"post-6870","1":"product","2":"type-product","3":"status-publish","4":"has-post-thumbnail","6":"product_cat-maquinas-para-hacer-pastillas","8":"first","9":"instock","10":"taxable","11":"shipping-taxable","12":"purchasable","13":"product-type-simple"},"yoast_head":"<!-- This site is optimized with the Yoast SEO Premium plugin v24.9 (Yoast SEO v26.1) - https:\/\/yoast.com\/wordpress\/plugins\/seo\/ -->\n<title>AMOLADORA PARA POLVO DE POTENCIADORES DE FORTALECIMIENTO - distribuci\u00f3n ARC<\/title>\n<meta name=\"robots\" content=\"index, follow, max-snippet:-1, max-image-preview:large, max-video-preview:-1\" \/>\n<link rel=\"canonical\" href=\"https:\/\/distribucionarc.com\/pt\/produto\/moedor-para-fortalecer-potenciadores-de-po\/\" \/>\n<meta property=\"og:locale\" content=\"pt_PT\" \/>\n<meta property=\"og:type\" content=\"article\" \/>\n<meta property=\"og:title\" content=\"AMOLADORA PARA POLVO DE POTENCIADORES DE FORTALECIMIENTO\" \/>\n<meta property=\"og:description\" content=\"Presentamos nuestra innovadora Amoladora para polvo de potenciadores de fortalecimiento, dise\u00f1ada para ofrecer un rendimiento excepcional. Esta m\u00e1quina aprovecha el\" \/>\n<meta property=\"og:url\" content=\"https:\/\/distribucionarc.com\/pt\/produto\/moedor-para-fortalecer-potenciadores-de-po\/\" \/>\n<meta property=\"og:site_name\" content=\"distribuci\u00f3n ARC\" \/>\n<meta property=\"article:modified_time\" content=\"2024-04-26T17:20:59+00:00\" \/>\n<meta property=\"og:image\" content=\"https:\/\/distribucionarc.com\/wp-content\/uploads\/2024\/04\/AMOLADORA-PARA-POLVO-DE-POTENCIADORES-DE-FORTALECIMIENTO.jpg\" \/>\n\t<meta property=\"og:image:width\" content=\"1072\" \/>\n\t<meta property=\"og:image:height\" content=\"1152\" \/>\n\t<meta property=\"og:image:type\" content=\"image\/jpeg\" \/>\n<meta name=\"twitter:card\" content=\"summary_large_image\" \/>\n<meta name=\"twitter:label1\" content=\"Tempo estimado de leitura\" \/>\n\t<meta name=\"twitter:data1\" content=\"1 minuto\" \/>\n<script type=\"application\/ld+json\" class=\"yoast-schema-graph\">{\"@context\":\"https:\/\/schema.org\",\"@graph\":[{\"@type\":\"WebPage\",\"@id\":\"https:\/\/distribucionarc.com\/hr\/producto\/amoladora-para-polvo-de-potenciadores-de-fortalecimiento\/\",\"url\":\"https:\/\/distribucionarc.com\/hr\/producto\/amoladora-para-polvo-de-potenciadores-de-fortalecimiento\/\",\"name\":\"AMOLADORA PARA POLVO DE POTENCIADORES DE FORTALECIMIENTO - distribuci\u00f3n ARC\",\"isPartOf\":{\"@id\":\"https:\/\/distribucionarc.com\/de\/#website\"},\"primaryImageOfPage\":{\"@id\":\"https:\/\/distribucionarc.com\/hr\/producto\/amoladora-para-polvo-de-potenciadores-de-fortalecimiento\/#primaryimage\"},\"image\":{\"@id\":\"https:\/\/distribucionarc.com\/hr\/producto\/amoladora-para-polvo-de-potenciadores-de-fortalecimiento\/#primaryimage\"},\"thumbnailUrl\":\"https:\/\/distribucionarc.com\/wp-content\/uploads\/2024\/04\/AMOLADORA-PARA-POLVO-DE-POTENCIADORES-DE-FORTALECIMIENTO.jpg\",\"datePublished\":\"2024-04-26T17:20:58+00:00\",\"dateModified\":\"2024-04-26T17:20:59+00:00\",\"breadcrumb\":{\"@id\":\"https:\/\/distribucionarc.com\/hr\/producto\/amoladora-para-polvo-de-potenciadores-de-fortalecimiento\/#breadcrumb\"},\"inLanguage\":\"pt-PT\",\"potentialAction\":[{\"@type\":\"ReadAction\",\"target\":[\"https:\/\/distribucionarc.com\/hr\/producto\/amoladora-para-polvo-de-potenciadores-de-fortalecimiento\/\"]}]},{\"@type\":\"ImageObject\",\"inLanguage\":\"pt-PT\",\"@id\":\"https:\/\/distribucionarc.com\/hr\/producto\/amoladora-para-polvo-de-potenciadores-de-fortalecimiento\/#primaryimage\",\"url\":\"https:\/\/distribucionarc.com\/wp-content\/uploads\/2024\/04\/AMOLADORA-PARA-POLVO-DE-POTENCIADORES-DE-FORTALECIMIENTO.jpg\",\"contentUrl\":\"https:\/\/distribucionarc.com\/wp-content\/uploads\/2024\/04\/AMOLADORA-PARA-POLVO-DE-POTENCIADORES-DE-FORTALECIMIENTO.jpg\",\"width\":1072,\"height\":1152,\"caption\":\"#image_title\"},{\"@type\":\"BreadcrumbList\",\"@id\":\"https:\/\/distribucionarc.com\/hr\/producto\/amoladora-para-polvo-de-potenciadores-de-fortalecimiento\/#breadcrumb\",\"itemListElement\":[{\"@type\":\"ListItem\",\"position\":1,\"name\":\"Portada\",\"item\":\"https:\/\/distribucionarc.com\/pl\/\"},{\"@type\":\"ListItem\",\"position\":2,\"name\":\"Produkty\",\"item\":\"https:\/\/distribucionarc.com\/pl\/shop\/\"},{\"@type\":\"ListItem\",\"position\":3,\"name\":\"AMOLADORA PARA POLVO DE POTENCIADORES DE FORTALECIMIENTO\"}]},{\"@type\":\"WebSite\",\"@id\":\"https:\/\/distribucionarc.com\/de\/#website\",\"url\":\"https:\/\/distribucionarc.com\/de\/\",\"name\":\"distribuci\u00f3n ARC\",\"description\":\"Empresa especializada en la fabricaci\u00f3n y distribuci\u00f3n de maquinaria industrial, selladoras de latas, Maquinas de hacer pastillas, Maquinas de cortar carne...\",\"publisher\":{\"@id\":\"https:\/\/distribucionarc.com\/de\/#organization\"},\"potentialAction\":[{\"@type\":\"SearchAction\",\"target\":{\"@type\":\"EntryPoint\",\"urlTemplate\":\"https:\/\/distribucionarc.com\/de\/?s={search_term_string}\"},\"query-input\":{\"@type\":\"PropertyValueSpecification\",\"valueRequired\":true,\"valueName\":\"search_term_string\"}}],\"inLanguage\":\"pt-PT\"},{\"@type\":\"Organization\",\"@id\":\"https:\/\/distribucionarc.com\/de\/#organization\",\"name\":\"Distribuci\u00f3n ARC\",\"url\":\"https:\/\/distribucionarc.com\/de\/\",\"logo\":{\"@type\":\"ImageObject\",\"inLanguage\":\"pt-PT\",\"@id\":\"https:\/\/distribucionarc.com\/de\/#\/schema\/logo\/image\/\",\"url\":\"https:\/\/distribucionarc.com\/wp-content\/uploads\/2024\/10\/distribucion-ARC-COLOR-SIN-FONDO-e1732295305345.png\",\"contentUrl\":\"https:\/\/distribucionarc.com\/wp-content\/uploads\/2024\/10\/distribucion-ARC-COLOR-SIN-FONDO-e1732295305345.png\",\"width\":1164,\"height\":558,\"caption\":\"Distribuci\u00f3n ARC\"},\"image\":{\"@id\":\"https:\/\/distribucionarc.com\/de\/#\/schema\/logo\/image\/\"},\"description\":\"Empresa especializada en la fabricaci\u00f3n y distribuci\u00f3n de maquinaria industrial para los sectores alimentario y farmac\u00e9utico. Nos especializamos en: M\u00e1quinas de cortar carne Fabricaci\u00f3n de comprimidos Sistemas de transporte industrial L\u00edneas de embotellado Dosificadores Y mucho m\u00e1s... Ofrecemos soluciones innovadoras y personalizadas para optimizar los procesos productivos de tu empresa.\",\"email\":\"Admistracion@distribucionarc.com\",\"telephone\":\"+34 643496664\",\"legalName\":\"ARC TECH SOLUTIONS\",\"foundingDate\":\"2024-04-09\",\"vatID\":\"B55480172\",\"numberOfEmployees\":{\"@type\":\"QuantitativeValue\",\"minValue\":\"1\",\"maxValue\":\"10\"}}]}<\/script>\n<!-- \/ Yoast SEO Premium plugin. -->","yoast_head_json":{"title":"MOINHO PARA FORTALECIMENTO DE P\u00d3 - Distribui\u00e7\u00e3o ARC","robots":{"index":"index","follow":"follow","max-snippet":"max-snippet:-1","max-image-preview":"max-image-preview:large","max-video-preview":"max-video-preview:-1"},"canonical":"https:\/\/distribucionarc.com\/pt\/produto\/moedor-para-fortalecer-potenciadores-de-po\/","og_locale":"pt_PT","og_type":"article","og_title":"AMOLADORA PARA POLVO DE POTENCIADORES DE FORTALECIMIENTO","og_description":"Presentamos nuestra innovadora Amoladora para polvo de potenciadores de fortalecimiento, dise\u00f1ada para ofrecer un rendimiento excepcional. Esta m\u00e1quina aprovecha el","og_url":"https:\/\/distribucionarc.com\/pt\/produto\/moedor-para-fortalecer-potenciadores-de-po\/","og_site_name":"distribuci\u00f3n ARC","article_modified_time":"2024-04-26T17:20:59+00:00","og_image":[{"width":1072,"height":1152,"url":"https:\/\/distribucionarc.com\/wp-content\/uploads\/2024\/04\/AMOLADORA-PARA-POLVO-DE-POTENCIADORES-DE-FORTALECIMIENTO.jpg","type":"image\/jpeg"}],"twitter_card":"summary_large_image","twitter_misc":{"Tempo estimado de leitura":"1 minuto"},"schema":{"@context":"https:\/\/schema.org","@graph":[{"@type":"WebPage","@id":"https:\/\/distribucionarc.com\/hr\/producto\/amoladora-para-polvo-de-potenciadores-de-fortalecimiento\/","url":"https:\/\/distribucionarc.com\/hr\/producto\/amoladora-para-polvo-de-potenciadores-de-fortalecimiento\/","name":"MOINHO PARA FORTALECIMENTO DE P\u00d3 - Distribui\u00e7\u00e3o ARC","isPartOf":{"@id":"https:\/\/distribucionarc.com\/de\/#website"},"primaryImageOfPage":{"@id":"https:\/\/distribucionarc.com\/hr\/producto\/amoladora-para-polvo-de-potenciadores-de-fortalecimiento\/#primaryimage"},"image":{"@id":"https:\/\/distribucionarc.com\/hr\/producto\/amoladora-para-polvo-de-potenciadores-de-fortalecimiento\/#primaryimage"},"thumbnailUrl":"https:\/\/distribucionarc.com\/wp-content\/uploads\/2024\/04\/AMOLADORA-PARA-POLVO-DE-POTENCIADORES-DE-FORTALECIMIENTO.jpg","datePublished":"2024-04-26T17:20:58+00:00","dateModified":"2024-04-26T17:20:59+00:00","breadcrumb":{"@id":"https:\/\/distribucionarc.com\/hr\/producto\/amoladora-para-polvo-de-potenciadores-de-fortalecimiento\/#breadcrumb"},"inLanguage":"pt-PT","potentialAction":[{"@type":"ReadAction","target":["https:\/\/distribucionarc.com\/hr\/producto\/amoladora-para-polvo-de-potenciadores-de-fortalecimiento\/"]}]},{"@type":"ImageObject","inLanguage":"pt-PT","@id":"https:\/\/distribucionarc.com\/hr\/producto\/amoladora-para-polvo-de-potenciadores-de-fortalecimiento\/#primaryimage","url":"https:\/\/distribucionarc.com\/wp-content\/uploads\/2024\/04\/AMOLADORA-PARA-POLVO-DE-POTENCIADORES-DE-FORTALECIMIENTO.jpg","contentUrl":"https:\/\/distribucionarc.com\/wp-content\/uploads\/2024\/04\/AMOLADORA-PARA-POLVO-DE-POTENCIADORES-DE-FORTALECIMIENTO.jpg","width":1072,"height":1152,"caption":"#image_title"},{"@type":"BreadcrumbList","@id":"https:\/\/distribucionarc.com\/hr\/producto\/amoladora-para-polvo-de-potenciadores-de-fortalecimiento\/#breadcrumb","itemListElement":[{"@type":"ListItem","position":1,"name":"Portada","item":"https:\/\/distribucionarc.com\/pl\/"},{"@type":"ListItem","position":2,"name":"Produkty","item":"https:\/\/distribucionarc.com\/pl\/shop\/"},{"@type":"ListItem","position":3,"name":"AMOLADORA PARA POLVO DE POTENCIADORES DE FORTALECIMIENTO"}]},{"@type":"WebSite","@id":"https:\/\/distribucionarc.com\/de\/#website","url":"https:\/\/distribucionarc.com\/de\/","name":"Distribui\u00e7\u00e3o ARC","description":"Empresa especializada no fabrico e distribui\u00e7\u00e3o de m\u00e1quinas industriais, m\u00e1quinas de selar latas, m\u00e1quinas de fazer comprimidos, m\u00e1quinas de cortar carne...","publisher":{"@id":"https:\/\/distribucionarc.com\/de\/#organization"},"potentialAction":[{"@type":"SearchAction","target":{"@type":"EntryPoint","urlTemplate":"https:\/\/distribucionarc.com\/de\/?s={search_term_string}"},"query-input":{"@type":"PropertyValueSpecification","valueRequired":true,"valueName":"search_term_string"}}],"inLanguage":"pt-PT"},{"@type":"Organization","@id":"https:\/\/distribucionarc.com\/de\/#organization","name":"Distribui\u00e7\u00e3o ARC","url":"https:\/\/distribucionarc.com\/de\/","logo":{"@type":"ImageObject","inLanguage":"pt-PT","@id":"https:\/\/distribucionarc.com\/de\/#\/schema\/logo\/image\/","url":"https:\/\/distribucionarc.com\/wp-content\/uploads\/2024\/10\/distribucion-ARC-COLOR-SIN-FONDO-e1732295305345.png","contentUrl":"https:\/\/distribucionarc.com\/wp-content\/uploads\/2024\/10\/distribucion-ARC-COLOR-SIN-FONDO-e1732295305345.png","width":1164,"height":558,"caption":"Distribuci\u00f3n ARC"},"image":{"@id":"https:\/\/distribucionarc.com\/de\/#\/schema\/logo\/image\/"},"description":"Empresa especializada no fabrico e distribui\u00e7\u00e3o de m\u00e1quinas industriais para os sectores alimentar e farmac\u00eautico. Somos especializados em: M\u00e1quinas de cortar carne Fabrico de comprimidos Sistemas de transporte industrial Linhas de engarrafamento Dispensadores E muito mais... Oferecemos solu\u00e7\u00f5es inovadoras e personalizadas para otimizar os processos de produ\u00e7\u00e3o da sua empresa.","email":"Admistracion@distribucionarc.com","telephone":"+34 643496664","legalName":"ARC TECH SOLUTIONS","foundingDate":"2024-04-09","vatID":"B55480172","numberOfEmployees":{"@type":"QuantitativeValue","minValue":"1","maxValue":"10"}}]}},"_links":{"self":[{"href":"https:\/\/distribucionarc.com\/pt\/wp-json\/wp\/v2\/product\/6870","targetHints":{"allow":["GET"]}}],"collection":[{"href":"https:\/\/distribucionarc.com\/pt\/wp-json\/wp\/v2\/product"}],"about":[{"href":"https:\/\/distribucionarc.com\/pt\/wp-json\/wp\/v2\/types\/product"}],"replies":[{"embeddable":true,"href":"https:\/\/distribucionarc.com\/pt\/wp-json\/wp\/v2\/comments?post=6870"}],"version-history":[{"count":0,"href":"https:\/\/distribucionarc.com\/pt\/wp-json\/wp\/v2\/product\/6870\/revisions"}],"wp:featuredmedia":[{"embeddable":true,"href":"https:\/\/distribucionarc.com\/pt\/wp-json\/wp\/v2\/media\/6873"}],"wp:attachment":[{"href":"https:\/\/distribucionarc.com\/pt\/wp-json\/wp\/v2\/media?parent=6870"}],"wp:term":[{"taxonomy":"product_brand","embeddable":true,"href":"https:\/\/distribucionarc.com\/pt\/wp-json\/wp\/v2\/product_brand?post=6870"},{"taxonomy":"product_cat","embeddable":true,"href":"https:\/\/distribucionarc.com\/pt\/wp-json\/wp\/v2\/product_cat?post=6870"},{"taxonomy":"product_tag","embeddable":true,"href":"https:\/\/distribucionarc.com\/pt\/wp-json\/wp\/v2\/product_tag?post=6870"}],"curies":[{"name":"wp","href":"https:\/\/api.w.org\/{rel}","templated":true}]}}