{"id":6892,"date":"2024-04-26T18:22:25","date_gmt":"2024-04-26T18:22:25","guid":{"rendered":"https:\/\/distribucionarc.com\/?post_type=product&#038;p=6892"},"modified":"2024-04-26T18:22:27","modified_gmt":"2024-04-26T18:22:27","slug":"misturador-misturador-industrial-v-de-alta-capacidade","status":"publish","type":"product","link":"https:\/\/distribucionarc.com\/pt\/producto\/mezcladora-v-blender-industrial-de-alta-capacidad\/","title":{"rendered":"MISTURADOR V INDUSTRIAL DE ALTA CAPACIDADE"},"content":{"rendered":"<p>Descubra o nosso<strong> V BLENDER M\u00e1quina Industrial Especializada na mistura de materiais em p\u00f3 seco<\/strong>, perfeito para as ind\u00fastrias farmac\u00eautica, qu\u00edmica e aliment\u00edcia. Gra\u00e7as \u00e0 sua avan\u00e7ada transmiss\u00e3o mec\u00e2nica, os dois cilindros em<strong> Formato V<\/strong> Eles giram alternadamente para obter uma mistura uniforme e eficaz. Al\u00e9m disso, seu design intuitivo facilita a opera\u00e7\u00e3o, simplificando seus processos de produ\u00e7\u00e3o. Aumente a qualidade e a efici\u00eancia do seu trabalho com a nossa solu\u00e7\u00e3o inovadora.<\/p>\n<p>&nbsp;<\/p>\n<table>\n<tbody>\n<tr>\n<td width=\"71\">modelo<\/td>\n<td width=\"71\">Volume corporal (Litros)<\/td>\n<td width=\"71\">Volume de trabalho (Litros)<\/td>\n<td width=\"71\">Capacidade m\u00e1xima (KG)<\/td>\n<td width=\"71\">Capacidade ideal de lideran\u00e7a (g)<\/td>\n<td width=\"71\">Velocidade do cilindro (rota\u00e7\u00f5es\/min)<\/td>\n<td width=\"71\">For\u00e7a (kw)<\/td>\n<td width=\"71\">Dimens\u00f5es totais (mil\u00edmetros)<\/td>\n<\/tr>\n<tr>\n<td width=\"71\">VARH-50<\/td>\n<td width=\"71\">50<\/td>\n<td width=\"71\">20<\/td>\n<td width=\"71\">20<\/td>\n<td width=\"71\">14<\/td>\n<td width=\"71\">15<\/td>\n<td width=\"71\">0.75<\/td>\n<td width=\"71\">1350*<\/p>\n<p>650*<\/p>\n<p>1160*<\/td>\n<\/tr>\n<tr>\n<td width=\"71\">VARH-100<\/td>\n<td width=\"71\">100<\/td>\n<td width=\"71\">40<\/td>\n<td width=\"71\">40<\/td>\n<td width=\"71\">28<\/td>\n<td width=\"71\">15<\/td>\n<td width=\"71\">1.1<\/td>\n<td width=\"71\">1580*<\/p>\n<p>650*<\/p>\n<p>1460*<\/td>\n<\/tr>\n<tr>\n<td width=\"71\">VARH-200<\/td>\n<td width=\"71\">200<\/td>\n<td width=\"71\">80<\/td>\n<td width=\"71\">80<\/td>\n<td width=\"71\">56<\/td>\n<td width=\"71\">15<\/td>\n<td width=\"71\">1.5<\/td>\n<td width=\"71\">1750*<\/p>\n<p>690*<\/p>\n<p>1600*<\/td>\n<\/tr>\n<tr>\n<td width=\"71\">VARH-300<\/td>\n<td width=\"71\">300<\/td>\n<td width=\"71\">120<\/td>\n<td width=\"71\">120<\/td>\n<td width=\"71\">84<\/td>\n<td width=\"71\">15<\/td>\n<td width=\"71\">1.5<\/td>\n<td width=\"71\">2015*<\/p>\n<p>720*<\/p>\n<p>1735*<\/td>\n<\/tr>\n<tr>\n<td width=\"71\">VARH-500<\/td>\n<td width=\"71\">500<\/td>\n<td width=\"71\">200<\/td>\n<td width=\"71\">200<\/td>\n<td width=\"71\">140<\/td>\n<td width=\"71\">13<\/td>\n<td width=\"71\">3.0<\/td>\n<td width=\"71\">2450*<\/p>\n<p>980*<\/p>\n<p>2050*<\/td>\n<\/tr>\n<tr>\n<td width=\"71\">VARH-1000<\/td>\n<td width=\"71\">1000<\/td>\n<td width=\"71\">400<\/td>\n<td width=\"71\">400<\/td>\n<td width=\"71\">280<\/td>\n<td width=\"71\">12<\/td>\n<td width=\"71\">4.0<\/td>\n<td width=\"71\">2950*<\/p>\n<p>1250*<\/p>\n<p>2800*<\/td>\n<\/tr>\n<tr>\n<td width=\"71\">VARH-2000<\/td>\n<td width=\"71\">2000<\/td>\n<td width=\"71\">800<\/td>\n<td width=\"71\">800<\/td>\n<td width=\"71\">560<\/td>\n<td width=\"71\">12<\/td>\n<td width=\"71\">7.5<\/td>\n<td width=\"71\">3500*<\/p>\n<p>1550*<\/p>\n<p>3200*<\/td>\n<\/tr>\n<\/tbody>\n<\/table>","protected":false},"excerpt":{"rendered":"<p>Descubra nossa M\u00e1quina Industrial V BLENDER Especializada em misturar materiais em p\u00f3 seco, perfeita para a ind\u00fastria farmac\u00eautica,<\/p>","protected":false},"featured_media":6906,"comment_status":"open","ping_status":"closed","template":"","meta":{"wds_primary_product_brand":0,"wds_primary_product_cat":0},"product_brand":[],"product_cat":[84],"product_tag":[],"class_list":{"0":"post-6892","1":"product","2":"type-product","3":"status-publish","4":"has-post-thumbnail","6":"product_cat-maquinas-para-hacer-pastillas","8":"first","9":"instock","10":"taxable","11":"shipping-taxable","12":"purchasable","13":"product-type-simple"},"yoast_head":"<!-- This site is optimized with the Yoast SEO Premium plugin v24.9 (Yoast SEO v26.1) - https:\/\/yoast.com\/wordpress\/plugins\/seo\/ -->\n<title>MEZCLADORA V BLENDER INDUSTRIAL DE ALTA CAPACIDAD - distribuci\u00f3n ARC<\/title>\n<meta name=\"robots\" content=\"index, follow, max-snippet:-1, max-image-preview:large, max-video-preview:-1\" \/>\n<link rel=\"canonical\" href=\"https:\/\/www.distribucionarc.com\/it\/producto\/mezcladora-v-blender-industrial-de-alta-capacidad\/\" \/>\n<meta property=\"og:locale\" content=\"pt_PT\" \/>\n<meta property=\"og:type\" content=\"article\" \/>\n<meta property=\"og:title\" content=\"MEZCLADORA V BLENDER INDUSTRIAL DE ALTA CAPACIDAD\" \/>\n<meta property=\"og:description\" content=\"Descubre nuestra M\u00e1quina V BLENDER Industrial Especializada en la mezcla de materiales en polvo seco, perfecta para las industrias farmac\u00e9utica,\" \/>\n<meta property=\"og:url\" content=\"https:\/\/www.distribucionarc.com\/it\/producto\/mezcladora-v-blender-industrial-de-alta-capacidad\/\" \/>\n<meta property=\"og:site_name\" content=\"distribuci\u00f3n ARC\" \/>\n<meta property=\"article:modified_time\" content=\"2024-04-26T18:22:27+00:00\" \/>\n<meta property=\"og:image\" content=\"https:\/\/www.distribucionarc.com\/wp-content\/uploads\/2024\/04\/MEZCLADORA-V-BLENDER-INDUSTRIAL-DE-ALTA-CAPACIDAD.jpg\" \/>\n\t<meta property=\"og:image:width\" content=\"736\" \/>\n\t<meta property=\"og:image:height\" content=\"712\" \/>\n\t<meta property=\"og:image:type\" content=\"image\/jpeg\" \/>\n<meta name=\"twitter:card\" content=\"summary_large_image\" \/>\n<meta name=\"twitter:label1\" content=\"Tempo estimado de leitura\" \/>\n\t<meta name=\"twitter:data1\" content=\"1 minuto\" \/>\n<script type=\"application\/ld+json\" class=\"yoast-schema-graph\">{\"@context\":\"https:\/\/schema.org\",\"@graph\":[{\"@type\":\"WebPage\",\"@id\":\"https:\/\/www.distribucionarc.com\/it\/producto\/mezcladora-v-blender-industrial-de-alta-capacidad\/\",\"url\":\"https:\/\/www.distribucionarc.com\/it\/producto\/mezcladora-v-blender-industrial-de-alta-capacidad\/\",\"name\":\"MEZCLADORA V BLENDER INDUSTRIAL DE ALTA CAPACIDAD - distribuci\u00f3n ARC\",\"isPartOf\":{\"@id\":\"https:\/\/distribucionarc.com\/bg\/#website\"},\"primaryImageOfPage\":{\"@id\":\"https:\/\/www.distribucionarc.com\/it\/producto\/mezcladora-v-blender-industrial-de-alta-capacidad\/#primaryimage\"},\"image\":{\"@id\":\"https:\/\/www.distribucionarc.com\/it\/producto\/mezcladora-v-blender-industrial-de-alta-capacidad\/#primaryimage\"},\"thumbnailUrl\":\"https:\/\/distribucionarc.com\/wp-content\/uploads\/2024\/04\/MEZCLADORA-V-BLENDER-INDUSTRIAL-DE-ALTA-CAPACIDAD.jpg\",\"datePublished\":\"2024-04-26T18:22:25+00:00\",\"dateModified\":\"2024-04-26T18:22:27+00:00\",\"breadcrumb\":{\"@id\":\"https:\/\/www.distribucionarc.com\/it\/producto\/mezcladora-v-blender-industrial-de-alta-capacidad\/#breadcrumb\"},\"inLanguage\":\"pt-PT\",\"potentialAction\":[{\"@type\":\"ReadAction\",\"target\":[\"https:\/\/www.distribucionarc.com\/it\/producto\/mezcladora-v-blender-industrial-de-alta-capacidad\/\"]}]},{\"@type\":\"ImageObject\",\"inLanguage\":\"pt-PT\",\"@id\":\"https:\/\/www.distribucionarc.com\/it\/producto\/mezcladora-v-blender-industrial-de-alta-capacidad\/#primaryimage\",\"url\":\"https:\/\/distribucionarc.com\/wp-content\/uploads\/2024\/04\/MEZCLADORA-V-BLENDER-INDUSTRIAL-DE-ALTA-CAPACIDAD.jpg\",\"contentUrl\":\"https:\/\/distribucionarc.com\/wp-content\/uploads\/2024\/04\/MEZCLADORA-V-BLENDER-INDUSTRIAL-DE-ALTA-CAPACIDAD.jpg\",\"width\":736,\"height\":712,\"caption\":\"#image_title\"},{\"@type\":\"BreadcrumbList\",\"@id\":\"https:\/\/www.distribucionarc.com\/it\/producto\/mezcladora-v-blender-industrial-de-alta-capacidad\/#breadcrumb\",\"itemListElement\":[{\"@type\":\"ListItem\",\"position\":1,\"name\":\"Portada\",\"item\":\"https:\/\/distribucionarc.com\/nb\/\"},{\"@type\":\"ListItem\",\"position\":2,\"name\":\"Products\",\"item\":\"https:\/\/www.distribucionarc.com\/en\/shop\/\"},{\"@type\":\"ListItem\",\"position\":3,\"name\":\"MEZCLADORA V BLENDER INDUSTRIAL DE ALTA CAPACIDAD\"}]},{\"@type\":\"WebSite\",\"@id\":\"https:\/\/distribucionarc.com\/bg\/#website\",\"url\":\"https:\/\/distribucionarc.com\/bg\/\",\"name\":\"distribuci\u00f3n ARC\",\"description\":\"Empresa especializada en la fabricaci\u00f3n y distribuci\u00f3n de maquinaria industrial, selladoras de latas, Maquinas de hacer pastillas, Maquinas de cortar carne...\",\"publisher\":{\"@id\":\"https:\/\/distribucionarc.com\/bg\/#organization\"},\"potentialAction\":[{\"@type\":\"SearchAction\",\"target\":{\"@type\":\"EntryPoint\",\"urlTemplate\":\"https:\/\/distribucionarc.com\/bg\/?s={search_term_string}\"},\"query-input\":{\"@type\":\"PropertyValueSpecification\",\"valueRequired\":true,\"valueName\":\"search_term_string\"}}],\"inLanguage\":\"pt-PT\"},{\"@type\":\"Organization\",\"@id\":\"https:\/\/distribucionarc.com\/bg\/#organization\",\"name\":\"Distribuci\u00f3n ARC\",\"url\":\"https:\/\/distribucionarc.com\/bg\/\",\"logo\":{\"@type\":\"ImageObject\",\"inLanguage\":\"pt-PT\",\"@id\":\"https:\/\/distribucionarc.com\/bg\/#\/schema\/logo\/image\/\",\"url\":\"https:\/\/distribucionarc.com\/wp-content\/uploads\/2024\/10\/distribucion-ARC-COLOR-SIN-FONDO-e1732295305345.png\",\"contentUrl\":\"https:\/\/distribucionarc.com\/wp-content\/uploads\/2024\/10\/distribucion-ARC-COLOR-SIN-FONDO-e1732295305345.png\",\"width\":1164,\"height\":558,\"caption\":\"Distribuci\u00f3n ARC\"},\"image\":{\"@id\":\"https:\/\/distribucionarc.com\/bg\/#\/schema\/logo\/image\/\"},\"description\":\"Empresa especializada en la fabricaci\u00f3n y distribuci\u00f3n de maquinaria industrial para los sectores alimentario y farmac\u00e9utico. Nos especializamos en: M\u00e1quinas de cortar carne Fabricaci\u00f3n de comprimidos Sistemas de transporte industrial L\u00edneas de embotellado Dosificadores Y mucho m\u00e1s... Ofrecemos soluciones innovadoras y personalizadas para optimizar los procesos productivos de tu empresa.\",\"email\":\"Admistracion@distribucionarc.com\",\"telephone\":\"+34 643496664\",\"legalName\":\"ARC TECH SOLUTIONS\",\"foundingDate\":\"2024-04-09\",\"vatID\":\"B55480172\",\"numberOfEmployees\":{\"@type\":\"QuantitativeValue\",\"minValue\":\"1\",\"maxValue\":\"10\"}}]}<\/script>\n<!-- \/ Yoast SEO Premium plugin. -->","yoast_head_json":{"title":"MISTURADOR INDUSTRIAL V BLENDER DE ALTA CAPACIDADE - Distribui\u00e7\u00e3o ARC","robots":{"index":"index","follow":"follow","max-snippet":"max-snippet:-1","max-image-preview":"max-image-preview:large","max-video-preview":"max-video-preview:-1"},"canonical":"https:\/\/www.distribucionarc.com\/it\/producto\/mezcladora-v-blender-industrial-de-alta-capacidad\/","og_locale":"pt_PT","og_type":"article","og_title":"MEZCLADORA V BLENDER INDUSTRIAL DE ALTA CAPACIDAD","og_description":"Descubre nuestra M\u00e1quina V BLENDER Industrial Especializada en la mezcla de materiales en polvo seco, perfecta para las industrias farmac\u00e9utica,","og_url":"https:\/\/www.distribucionarc.com\/it\/producto\/mezcladora-v-blender-industrial-de-alta-capacidad\/","og_site_name":"distribuci\u00f3n ARC","article_modified_time":"2024-04-26T18:22:27+00:00","og_image":[{"width":736,"height":712,"url":"https:\/\/www.distribucionarc.com\/wp-content\/uploads\/2024\/04\/MEZCLADORA-V-BLENDER-INDUSTRIAL-DE-ALTA-CAPACIDAD.jpg","type":"image\/jpeg"}],"twitter_card":"summary_large_image","twitter_misc":{"Tempo estimado de leitura":"1 minuto"},"schema":{"@context":"https:\/\/schema.org","@graph":[{"@type":"WebPage","@id":"https:\/\/www.distribucionarc.com\/it\/producto\/mezcladora-v-blender-industrial-de-alta-capacidad\/","url":"https:\/\/www.distribucionarc.com\/it\/producto\/mezcladora-v-blender-industrial-de-alta-capacidad\/","name":"MISTURADOR INDUSTRIAL V BLENDER DE ALTA CAPACIDADE - Distribui\u00e7\u00e3o ARC","isPartOf":{"@id":"https:\/\/distribucionarc.com\/bg\/#website"},"primaryImageOfPage":{"@id":"https:\/\/www.distribucionarc.com\/it\/producto\/mezcladora-v-blender-industrial-de-alta-capacidad\/#primaryimage"},"image":{"@id":"https:\/\/www.distribucionarc.com\/it\/producto\/mezcladora-v-blender-industrial-de-alta-capacidad\/#primaryimage"},"thumbnailUrl":"https:\/\/distribucionarc.com\/wp-content\/uploads\/2024\/04\/MEZCLADORA-V-BLENDER-INDUSTRIAL-DE-ALTA-CAPACIDAD.jpg","datePublished":"2024-04-26T18:22:25+00:00","dateModified":"2024-04-26T18:22:27+00:00","breadcrumb":{"@id":"https:\/\/www.distribucionarc.com\/it\/producto\/mezcladora-v-blender-industrial-de-alta-capacidad\/#breadcrumb"},"inLanguage":"pt-PT","potentialAction":[{"@type":"ReadAction","target":["https:\/\/www.distribucionarc.com\/it\/producto\/mezcladora-v-blender-industrial-de-alta-capacidad\/"]}]},{"@type":"ImageObject","inLanguage":"pt-PT","@id":"https:\/\/www.distribucionarc.com\/it\/producto\/mezcladora-v-blender-industrial-de-alta-capacidad\/#primaryimage","url":"https:\/\/distribucionarc.com\/wp-content\/uploads\/2024\/04\/MEZCLADORA-V-BLENDER-INDUSTRIAL-DE-ALTA-CAPACIDAD.jpg","contentUrl":"https:\/\/distribucionarc.com\/wp-content\/uploads\/2024\/04\/MEZCLADORA-V-BLENDER-INDUSTRIAL-DE-ALTA-CAPACIDAD.jpg","width":736,"height":712,"caption":"#image_title"},{"@type":"BreadcrumbList","@id":"https:\/\/www.distribucionarc.com\/it\/producto\/mezcladora-v-blender-industrial-de-alta-capacidad\/#breadcrumb","itemListElement":[{"@type":"ListItem","position":1,"name":"Portada","item":"https:\/\/distribucionarc.com\/nb\/"},{"@type":"ListItem","position":2,"name":"Products","item":"https:\/\/www.distribucionarc.com\/en\/shop\/"},{"@type":"ListItem","position":3,"name":"MEZCLADORA V BLENDER INDUSTRIAL DE ALTA CAPACIDAD"}]},{"@type":"WebSite","@id":"https:\/\/distribucionarc.com\/bg\/#website","url":"https:\/\/distribucionarc.com\/bg\/","name":"Distribui\u00e7\u00e3o ARC","description":"Empresa especializada no fabrico e distribui\u00e7\u00e3o de m\u00e1quinas industriais, m\u00e1quinas de selar latas, m\u00e1quinas de fazer comprimidos, m\u00e1quinas de cortar carne...","publisher":{"@id":"https:\/\/distribucionarc.com\/bg\/#organization"},"potentialAction":[{"@type":"SearchAction","target":{"@type":"EntryPoint","urlTemplate":"https:\/\/distribucionarc.com\/bg\/?s={search_term_string}"},"query-input":{"@type":"PropertyValueSpecification","valueRequired":true,"valueName":"search_term_string"}}],"inLanguage":"pt-PT"},{"@type":"Organization","@id":"https:\/\/distribucionarc.com\/bg\/#organization","name":"Distribui\u00e7\u00e3o ARC","url":"https:\/\/distribucionarc.com\/bg\/","logo":{"@type":"ImageObject","inLanguage":"pt-PT","@id":"https:\/\/distribucionarc.com\/bg\/#\/schema\/logo\/image\/","url":"https:\/\/distribucionarc.com\/wp-content\/uploads\/2024\/10\/distribucion-ARC-COLOR-SIN-FONDO-e1732295305345.png","contentUrl":"https:\/\/distribucionarc.com\/wp-content\/uploads\/2024\/10\/distribucion-ARC-COLOR-SIN-FONDO-e1732295305345.png","width":1164,"height":558,"caption":"Distribuci\u00f3n ARC"},"image":{"@id":"https:\/\/distribucionarc.com\/bg\/#\/schema\/logo\/image\/"},"description":"Empresa especializada no fabrico e distribui\u00e7\u00e3o de m\u00e1quinas industriais para os sectores alimentar e farmac\u00eautico. Somos especializados em: M\u00e1quinas de cortar carne Fabrico de comprimidos Sistemas de transporte industrial Linhas de engarrafamento Dispensadores E muito mais... Oferecemos solu\u00e7\u00f5es inovadoras e personalizadas para otimizar os processos de produ\u00e7\u00e3o da sua empresa.","email":"Admistracion@distribucionarc.com","telephone":"+34 643496664","legalName":"ARC TECH SOLUTIONS","foundingDate":"2024-04-09","vatID":"B55480172","numberOfEmployees":{"@type":"QuantitativeValue","minValue":"1","maxValue":"10"}}]}},"_links":{"self":[{"href":"https:\/\/distribucionarc.com\/pt\/wp-json\/wp\/v2\/product\/6892","targetHints":{"allow":["GET"]}}],"collection":[{"href":"https:\/\/distribucionarc.com\/pt\/wp-json\/wp\/v2\/product"}],"about":[{"href":"https:\/\/distribucionarc.com\/pt\/wp-json\/wp\/v2\/types\/product"}],"replies":[{"embeddable":true,"href":"https:\/\/distribucionarc.com\/pt\/wp-json\/wp\/v2\/comments?post=6892"}],"version-history":[{"count":0,"href":"https:\/\/distribucionarc.com\/pt\/wp-json\/wp\/v2\/product\/6892\/revisions"}],"wp:featuredmedia":[{"embeddable":true,"href":"https:\/\/distribucionarc.com\/pt\/wp-json\/wp\/v2\/media\/6906"}],"wp:attachment":[{"href":"https:\/\/distribucionarc.com\/pt\/wp-json\/wp\/v2\/media?parent=6892"}],"wp:term":[{"taxonomy":"product_brand","embeddable":true,"href":"https:\/\/distribucionarc.com\/pt\/wp-json\/wp\/v2\/product_brand?post=6892"},{"taxonomy":"product_cat","embeddable":true,"href":"https:\/\/distribucionarc.com\/pt\/wp-json\/wp\/v2\/product_cat?post=6892"},{"taxonomy":"product_tag","embeddable":true,"href":"https:\/\/distribucionarc.com\/pt\/wp-json\/wp\/v2\/product_tag?post=6892"}],"curies":[{"name":"wp","href":"https:\/\/api.w.org\/{rel}","templated":true}]}}