{"id":732,"date":"2020-07-01T19:00:24","date_gmt":"2020-07-01T19:00:24","guid":{"rendered":"https:\/\/distribucionarc.com\/?post_type=product&#038;p=732"},"modified":"2023-02-10T12:15:33","modified_gmt":"2023-02-10T12:15:33","slug":"fritadeira-eletrica-profissional-industrial-para-peixe-frito-batatas-etc-28l","status":"publish","type":"product","link":"https:\/\/distribucionarc.com\/pt\/producto\/freidora-electrica-profesional-industrial-para-pescado-frito-patatas-etc-28l\/","title":{"rendered":"Fritadeira el\u00e9trica profissional industrial para peixe frito, batatas, etc. 28 litros"},"content":{"rendered":"<div class=\"description-row description-text\">\n<h2>Fritadeira el\u00e9trica \u2013 28 litros<\/h2>\n<p>A fritadeira el\u00e9trica <span style=\"color: #ff0000;\">PARA<\/span><span style=\"color: #0000ff;\">R<\/span>C DISTRIBUTION foi projetado para uso profissional e opera a 3.000 volts. Permite preparar deliciosos fritos de forma confort\u00e1vel independentemente do tipo de produto que se pretende preparar. Ideal para o seu <strong>ind\u00fastria de restaurantes<\/strong> qualquer <strong>bar,<\/strong> lhe permitir\u00e1 oferecer experi\u00eancias gastron\u00f4micas extraordin\u00e1rias.<\/p>\n<\/div>\n<div class=\"product-icon--wrapper\">\n<div class=\"product--icon\">\n<div class=\"icon-body\">\n<div class=\"product_icon_container svg-icon\"><\/div>\n<div class=\"icon-text\">\n<p>Este eletrodom\u00e9stico tem capacidade m\u00e1xima de \u00f3leo de at\u00e9 14 litros e <strong>volume total de 28 litros<\/strong>. Voc\u00ea pode utiliz\u00e1-lo profissionalmente de uma forma muito vers\u00e1til, sendo especialmente adequado para preparar <strong>peixe<\/strong>, <strong>aperitivos, croquetes ou batatas fritas.<\/strong><\/p>\n<\/div>\n<\/div>\n<h3 class=\"product--icon-headline\">Lanches r\u00e1pidos e crocantes com a fritadeira el\u00e9trica <span style=\"color: #ff0000;\">PARA<\/span><span style=\"color: #0000ff;\">R<\/span>CFRT28L para gastronomia<\/h3>\n<div class=\"icon-body\">\n<div class=\"product_icon_easy_clean svg-icon\"><\/div>\n<div class=\"icon-text\">\n<p>O cesto da fritadeira el\u00e9trica mede 20 x 22 x 10 cm. Os restos de comida que possam permanecer no tanque acumulam-se no fundo do mesmo, na chamada zona fria, para que n\u00e3o queimem. Desta forma o azeite mant\u00e9m o seu sabor natural. Al\u00e9m disso, drenar o \u00f3leo \u00e9 simples.<\/p>\n<\/div>\n<\/div>\n<div class=\"icon-body\">\n<div class=\"product_icon_voltage svg-icon\"><\/div>\n<div class=\"icon-text\">\n<p>Gra\u00e7as ao alto desempenho do<strong>\u00a0elemento de aquecimento<\/strong> remov\u00edvel <strong>4500<\/strong>\u00a0<strong>watt<\/strong>, o \u00f3leo da fritadeira atinge rapidamente a temperatura m\u00e1xima de 200 \u00b0C. Para melhores resultados, o termostato de alta sensibilidade mant\u00e9m o calor do tanque de \u00f3leo a uma temperatura constante. <span style=\"color: #0000ff;\">Esta temperatura \u00e9 atingida muito rapidamente e com uma placa eletr\u00f3nica inteligente, o consumo de eletricidade \u00e9 reduzido ao m\u00ednimo quando o \u00f3leo est\u00e1 quente.<\/span> <span style=\"color: #ff0000;\">Caso o \u00f3leo superaque\u00e7a ou a cabe\u00e7a de aquecimento seja removida, um fus\u00edvel desconecta automaticamente a unidade.<\/span><\/p>\n<\/div>\n<\/div>\n<div class=\"icon-body\">\n<div class=\"product_icon_durable svg-icon\"><\/div>\n<div class=\"icon-text\">\n<p>A capa de design moderno, fabricada em\u00a0<strong>a\u00e7o inoxid\u00e1vel de longa vida<\/strong>, \u00e9 muito <strong>resistente<\/strong> e, gra\u00e7as ao seu elemento de aquecimento remov\u00edvel, f\u00e1cil de limpar. Escolha hoje uma fritadeira el\u00e9trica potente \u2013 seus clientes e convidados v\u00e3o agradecer.<\/p>\n<p><b>Dados t\u00e9cnicos<\/b><\/p>\n<ul>\n<li>Modelo <span style=\"color: #ff0000;\">PARA<\/span><span style=\"color: #0000ff;\">R<\/span>CFRT28L<\/li>\n<li>Material da caixa em a\u00e7o inoxid\u00e1vel<\/li>\n<li>N\u00famero de cestas e dep\u00f3sito 1<\/li>\n<li>Volume do tanque 28L<\/li>\n<li>Capacidade de \u00f3leo 23L<\/li>\n<li>Pot\u00eancia 4500 watts<\/li>\n<li>Sem fun\u00e7\u00e3o de temporizador<\/li>\n<li>Tens\u00e3o de rede 230V \/ 50Hz<\/li>\n<li>Dimens\u00f5es 63x49x45cm<\/li>\n<li>Peso ca. 23kg<\/li>\n<\/ul>\n<\/div>\n<\/div>\n<\/div>\n<\/div>","protected":false},"excerpt":{"rendered":"<h2>FRITADEIRA INDUSTRIAL TANQUE 28L<\/h2>\n<p>&nbsp;<\/p>\n<h3>A marca <span style=\"color: #ff0000;\">PARA<\/span><span style=\"color: #0000ff;\">R<\/span>A C utiliza materiais cuidadosamente selecionados, oferecendo assim produtos de alta qualidade para o setor industrial. Materiais de alta qualidade permitem que nossos produtos tenham uma longa vida \u00fatil.<\/h3>\n<p>Fritadeira perfeita para peixe frito, batatas, etc.<\/p>\n<p>todas as nossas m\u00e1quinas t\u00eam <strong>2 anos de garantia<\/strong><\/p>\n<p><strong>suporte t\u00e9cnico em caso de avaria<\/strong><\/p>\n<p>tudo que voc\u00ea precisa para o seu neg\u00f3cio em um s\u00f3 lugar<\/p>","protected":false},"featured_media":733,"comment_status":"open","ping_status":"closed","template":"","meta":{"wds_primary_product_brand":0,"wds_primary_product_cat":0},"product_brand":[],"product_cat":[38],"product_tag":[],"class_list":{"0":"post-732","1":"product","2":"type-product","3":"status-publish","4":"has-post-thumbnail","6":"product_cat-freidoras","7":"product_shipping_class-express","9":"first","10":"instock","11":"taxable","12":"shipping-taxable","13":"purchasable","14":"product-type-simple"},"yoast_head":"<!-- This site is optimized with the Yoast SEO Premium plugin v24.9 (Yoast SEO v26.1) - https:\/\/yoast.com\/wordpress\/plugins\/seo\/ -->\n<title>Freidora el\u00e9ctrica profesional industrial para pescado frito, patatas, etc. 28l - distribuci\u00f3n ARC<\/title>\n<meta name=\"robots\" content=\"index, follow, max-snippet:-1, max-image-preview:large, max-video-preview:-1\" \/>\n<link rel=\"canonical\" href=\"https:\/\/distribucionarc.com\/pt\/produto\/fritadeira-eletrica-profissional-industrial-para-peixe-frito-batatas-etc-28l\/\" \/>\n<meta property=\"og:locale\" content=\"pt_PT\" \/>\n<meta property=\"og:type\" content=\"article\" \/>\n<meta property=\"og:title\" content=\"Freidora el\u00e9ctrica profesional industrial para pescado frito, patatas, etc. 28l\" \/>\n<meta property=\"og:description\" content=\"FREIDORA INDUSTRIAL TANQUE DE 28L &nbsp; La marca ARC utiliza materiales cuidadosamente seleccionados ofreciendo as\u00ed productos de alta calidad para el sector de la industria. Los materiales de alta calidad posibilitan que nuestros productos tengan una larga vida util. freidora perfecta para pescado frito, patatas, etc  toda nuestra maquinaria tiene garantia de 2 a\u00f1os  soporte tecnico en caso de averia  todo lo necesario para su negocio en un solo lugar\" \/>\n<meta property=\"og:url\" content=\"https:\/\/distribucionarc.com\/pt\/produto\/fritadeira-eletrica-profissional-industrial-para-peixe-frito-batatas-etc-28l\/\" \/>\n<meta property=\"og:site_name\" content=\"distribuci\u00f3n ARC\" \/>\n<meta property=\"article:modified_time\" content=\"2023-02-10T12:15:33+00:00\" \/>\n<meta property=\"og:image\" content=\"https:\/\/distribucionarc.com\/wp-content\/uploads\/2020\/07\/freidora-profesional-industrial-28L-0.jpg\" \/>\n\t<meta property=\"og:image:width\" content=\"1500\" \/>\n\t<meta property=\"og:image:height\" content=\"1500\" \/>\n\t<meta property=\"og:image:type\" content=\"image\/jpeg\" \/>\n<meta name=\"twitter:card\" content=\"summary_large_image\" \/>\n<meta name=\"twitter:label1\" content=\"Tempo estimado de leitura\" \/>\n\t<meta name=\"twitter:data1\" content=\"2 minutos\" \/>\n<script type=\"application\/ld+json\" class=\"yoast-schema-graph\">{\"@context\":\"https:\/\/schema.org\",\"@graph\":[{\"@type\":\"WebPage\",\"@id\":\"https:\/\/distribucionarc.com\/bg\/producto\/freidora-electrica-profesional-industrial-para-pescado-frito-patatas-etc-28l\/\",\"url\":\"https:\/\/distribucionarc.com\/bg\/producto\/freidora-electrica-profesional-industrial-para-pescado-frito-patatas-etc-28l\/\",\"name\":\"Freidora el\u00e9ctrica profesional industrial para pescado frito, patatas, etc. 28l - distribuci\u00f3n ARC\",\"isPartOf\":{\"@id\":\"https:\/\/www.distribucionarc.com\/sl\/#website\"},\"primaryImageOfPage\":{\"@id\":\"https:\/\/distribucionarc.com\/bg\/producto\/freidora-electrica-profesional-industrial-para-pescado-frito-patatas-etc-28l\/#primaryimage\"},\"image\":{\"@id\":\"https:\/\/distribucionarc.com\/bg\/producto\/freidora-electrica-profesional-industrial-para-pescado-frito-patatas-etc-28l\/#primaryimage\"},\"thumbnailUrl\":\"https:\/\/distribucionarc.com\/wp-content\/uploads\/2020\/07\/freidora-profesional-industrial-28L-0.jpg\",\"datePublished\":\"2020-07-01T19:00:24+00:00\",\"dateModified\":\"2023-02-10T12:15:33+00:00\",\"breadcrumb\":{\"@id\":\"https:\/\/distribucionarc.com\/bg\/producto\/freidora-electrica-profesional-industrial-para-pescado-frito-patatas-etc-28l\/#breadcrumb\"},\"inLanguage\":\"pt-PT\",\"potentialAction\":[{\"@type\":\"ReadAction\",\"target\":[\"https:\/\/distribucionarc.com\/bg\/producto\/freidora-electrica-profesional-industrial-para-pescado-frito-patatas-etc-28l\/\"]}]},{\"@type\":\"ImageObject\",\"inLanguage\":\"pt-PT\",\"@id\":\"https:\/\/distribucionarc.com\/bg\/producto\/freidora-electrica-profesional-industrial-para-pescado-frito-patatas-etc-28l\/#primaryimage\",\"url\":\"https:\/\/distribucionarc.com\/wp-content\/uploads\/2020\/07\/freidora-profesional-industrial-28L-0.jpg\",\"contentUrl\":\"https:\/\/distribucionarc.com\/wp-content\/uploads\/2020\/07\/freidora-profesional-industrial-28L-0.jpg\",\"width\":1500,\"height\":1500,\"caption\":\"FREIDORA INDUSTRIAL DE 28L\"},{\"@type\":\"BreadcrumbList\",\"@id\":\"https:\/\/distribucionarc.com\/bg\/producto\/freidora-electrica-profesional-industrial-para-pescado-frito-patatas-etc-28l\/#breadcrumb\",\"itemListElement\":[{\"@type\":\"ListItem\",\"position\":1,\"name\":\"Portada\",\"item\":\"https:\/\/www.distribucionarc.com\/\"},{\"@type\":\"ListItem\",\"position\":2,\"name\":\"\u00dcr\u00fcnler\",\"item\":\"https:\/\/www.distribucionarc.com\/tr\/magaza\/\"},{\"@type\":\"ListItem\",\"position\":3,\"name\":\"Freidora el\u00e9ctrica profesional industrial para pescado frito, patatas, etc. 28l\"}]},{\"@type\":\"WebSite\",\"@id\":\"https:\/\/www.distribucionarc.com\/sl\/#website\",\"url\":\"https:\/\/www.distribucionarc.com\/sl\/\",\"name\":\"distribuci\u00f3n ARC\",\"description\":\"Empresa especializada en la fabricaci\u00f3n y distribuci\u00f3n de maquinaria industrial, selladoras de latas, Maquinas de hacer pastillas, Maquinas de cortar carne...\",\"publisher\":{\"@id\":\"https:\/\/www.distribucionarc.com\/sl\/#organization\"},\"potentialAction\":[{\"@type\":\"SearchAction\",\"target\":{\"@type\":\"EntryPoint\",\"urlTemplate\":\"https:\/\/www.distribucionarc.com\/sl\/?s={search_term_string}\"},\"query-input\":{\"@type\":\"PropertyValueSpecification\",\"valueRequired\":true,\"valueName\":\"search_term_string\"}}],\"inLanguage\":\"pt-PT\"},{\"@type\":\"Organization\",\"@id\":\"https:\/\/www.distribucionarc.com\/sl\/#organization\",\"name\":\"Distribuci\u00f3n ARC\",\"url\":\"https:\/\/www.distribucionarc.com\/sl\/\",\"logo\":{\"@type\":\"ImageObject\",\"inLanguage\":\"pt-PT\",\"@id\":\"https:\/\/www.distribucionarc.com\/sl\/#\/schema\/logo\/image\/\",\"url\":\"https:\/\/distribucionarc.com\/wp-content\/uploads\/2024\/10\/distribucion-ARC-COLOR-SIN-FONDO-e1732295305345.png\",\"contentUrl\":\"https:\/\/distribucionarc.com\/wp-content\/uploads\/2024\/10\/distribucion-ARC-COLOR-SIN-FONDO-e1732295305345.png\",\"width\":1164,\"height\":558,\"caption\":\"Distribuci\u00f3n ARC\"},\"image\":{\"@id\":\"https:\/\/www.distribucionarc.com\/sl\/#\/schema\/logo\/image\/\"},\"description\":\"Empresa especializada en la fabricaci\u00f3n y distribuci\u00f3n de maquinaria industrial para los sectores alimentario y farmac\u00e9utico. Nos especializamos en: M\u00e1quinas de cortar carne Fabricaci\u00f3n de comprimidos Sistemas de transporte industrial L\u00edneas de embotellado Dosificadores Y mucho m\u00e1s... Ofrecemos soluciones innovadoras y personalizadas para optimizar los procesos productivos de tu empresa.\",\"email\":\"Admistracion@distribucionarc.com\",\"telephone\":\"+34 643496664\",\"legalName\":\"ARC TECH SOLUTIONS\",\"foundingDate\":\"2024-04-09\",\"vatID\":\"B55480172\",\"numberOfEmployees\":{\"@type\":\"QuantitativeValue\",\"minValue\":\"1\",\"maxValue\":\"10\"}}]}<\/script>\n<!-- \/ Yoast SEO Premium plugin. -->","yoast_head_json":{"title":"Fritadeira el\u00e9trica profissional industrial para peixe frito, batatas, etc. 28l - Distribui\u00e7\u00e3o ARC","robots":{"index":"index","follow":"follow","max-snippet":"max-snippet:-1","max-image-preview":"max-image-preview:large","max-video-preview":"max-video-preview:-1"},"canonical":"https:\/\/distribucionarc.com\/pt\/produto\/fritadeira-eletrica-profissional-industrial-para-peixe-frito-batatas-etc-28l\/","og_locale":"pt_PT","og_type":"article","og_title":"Freidora el\u00e9ctrica profesional industrial para pescado frito, patatas, etc. 28l","og_description":"FREIDORA INDUSTRIAL TANQUE DE 28L &nbsp; La marca ARC utiliza materiales cuidadosamente seleccionados ofreciendo as\u00ed productos de alta calidad para el sector de la industria. Los materiales de alta calidad posibilitan que nuestros productos tengan una larga vida util. freidora perfecta para pescado frito, patatas, etc  toda nuestra maquinaria tiene garantia de 2 a\u00f1os  soporte tecnico en caso de averia  todo lo necesario para su negocio en un solo lugar","og_url":"https:\/\/distribucionarc.com\/pt\/produto\/fritadeira-eletrica-profissional-industrial-para-peixe-frito-batatas-etc-28l\/","og_site_name":"distribuci\u00f3n ARC","article_modified_time":"2023-02-10T12:15:33+00:00","og_image":[{"width":1500,"height":1500,"url":"https:\/\/distribucionarc.com\/wp-content\/uploads\/2020\/07\/freidora-profesional-industrial-28L-0.jpg","type":"image\/jpeg"}],"twitter_card":"summary_large_image","twitter_misc":{"Tempo estimado de leitura":"2 minutos"},"schema":{"@context":"https:\/\/schema.org","@graph":[{"@type":"WebPage","@id":"https:\/\/distribucionarc.com\/bg\/producto\/freidora-electrica-profesional-industrial-para-pescado-frito-patatas-etc-28l\/","url":"https:\/\/distribucionarc.com\/bg\/producto\/freidora-electrica-profesional-industrial-para-pescado-frito-patatas-etc-28l\/","name":"Fritadeira el\u00e9trica profissional industrial para peixe frito, batatas, etc. 28l - Distribui\u00e7\u00e3o ARC","isPartOf":{"@id":"https:\/\/www.distribucionarc.com\/sl\/#website"},"primaryImageOfPage":{"@id":"https:\/\/distribucionarc.com\/bg\/producto\/freidora-electrica-profesional-industrial-para-pescado-frito-patatas-etc-28l\/#primaryimage"},"image":{"@id":"https:\/\/distribucionarc.com\/bg\/producto\/freidora-electrica-profesional-industrial-para-pescado-frito-patatas-etc-28l\/#primaryimage"},"thumbnailUrl":"https:\/\/distribucionarc.com\/wp-content\/uploads\/2020\/07\/freidora-profesional-industrial-28L-0.jpg","datePublished":"2020-07-01T19:00:24+00:00","dateModified":"2023-02-10T12:15:33+00:00","breadcrumb":{"@id":"https:\/\/distribucionarc.com\/bg\/producto\/freidora-electrica-profesional-industrial-para-pescado-frito-patatas-etc-28l\/#breadcrumb"},"inLanguage":"pt-PT","potentialAction":[{"@type":"ReadAction","target":["https:\/\/distribucionarc.com\/bg\/producto\/freidora-electrica-profesional-industrial-para-pescado-frito-patatas-etc-28l\/"]}]},{"@type":"ImageObject","inLanguage":"pt-PT","@id":"https:\/\/distribucionarc.com\/bg\/producto\/freidora-electrica-profesional-industrial-para-pescado-frito-patatas-etc-28l\/#primaryimage","url":"https:\/\/distribucionarc.com\/wp-content\/uploads\/2020\/07\/freidora-profesional-industrial-28L-0.jpg","contentUrl":"https:\/\/distribucionarc.com\/wp-content\/uploads\/2020\/07\/freidora-profesional-industrial-28L-0.jpg","width":1500,"height":1500,"caption":"FREIDORA INDUSTRIAL DE 28L"},{"@type":"BreadcrumbList","@id":"https:\/\/distribucionarc.com\/bg\/producto\/freidora-electrica-profesional-industrial-para-pescado-frito-patatas-etc-28l\/#breadcrumb","itemListElement":[{"@type":"ListItem","position":1,"name":"Portada","item":"https:\/\/www.distribucionarc.com\/"},{"@type":"ListItem","position":2,"name":"\u00dcr\u00fcnler","item":"https:\/\/www.distribucionarc.com\/tr\/magaza\/"},{"@type":"ListItem","position":3,"name":"Freidora el\u00e9ctrica profesional industrial para pescado frito, patatas, etc. 28l"}]},{"@type":"WebSite","@id":"https:\/\/www.distribucionarc.com\/sl\/#website","url":"https:\/\/www.distribucionarc.com\/sl\/","name":"Distribui\u00e7\u00e3o ARC","description":"Empresa especializada no fabrico e distribui\u00e7\u00e3o de m\u00e1quinas industriais, m\u00e1quinas de selar latas, m\u00e1quinas de fazer comprimidos, m\u00e1quinas de cortar carne...","publisher":{"@id":"https:\/\/www.distribucionarc.com\/sl\/#organization"},"potentialAction":[{"@type":"SearchAction","target":{"@type":"EntryPoint","urlTemplate":"https:\/\/www.distribucionarc.com\/sl\/?s={search_term_string}"},"query-input":{"@type":"PropertyValueSpecification","valueRequired":true,"valueName":"search_term_string"}}],"inLanguage":"pt-PT"},{"@type":"Organization","@id":"https:\/\/www.distribucionarc.com\/sl\/#organization","name":"Distribui\u00e7\u00e3o ARC","url":"https:\/\/www.distribucionarc.com\/sl\/","logo":{"@type":"ImageObject","inLanguage":"pt-PT","@id":"https:\/\/www.distribucionarc.com\/sl\/#\/schema\/logo\/image\/","url":"https:\/\/distribucionarc.com\/wp-content\/uploads\/2024\/10\/distribucion-ARC-COLOR-SIN-FONDO-e1732295305345.png","contentUrl":"https:\/\/distribucionarc.com\/wp-content\/uploads\/2024\/10\/distribucion-ARC-COLOR-SIN-FONDO-e1732295305345.png","width":1164,"height":558,"caption":"Distribuci\u00f3n ARC"},"image":{"@id":"https:\/\/www.distribucionarc.com\/sl\/#\/schema\/logo\/image\/"},"description":"Empresa especializada no fabrico e distribui\u00e7\u00e3o de m\u00e1quinas industriais para os sectores alimentar e farmac\u00eautico. Somos especializados em: M\u00e1quinas de cortar carne Fabrico de comprimidos Sistemas de transporte industrial Linhas de engarrafamento Dispensadores E muito mais... Oferecemos solu\u00e7\u00f5es inovadoras e personalizadas para otimizar os processos de produ\u00e7\u00e3o da sua empresa.","email":"Admistracion@distribucionarc.com","telephone":"+34 643496664","legalName":"ARC TECH SOLUTIONS","foundingDate":"2024-04-09","vatID":"B55480172","numberOfEmployees":{"@type":"QuantitativeValue","minValue":"1","maxValue":"10"}}]}},"_links":{"self":[{"href":"https:\/\/distribucionarc.com\/pt\/wp-json\/wp\/v2\/product\/732","targetHints":{"allow":["GET"]}}],"collection":[{"href":"https:\/\/distribucionarc.com\/pt\/wp-json\/wp\/v2\/product"}],"about":[{"href":"https:\/\/distribucionarc.com\/pt\/wp-json\/wp\/v2\/types\/product"}],"replies":[{"embeddable":true,"href":"https:\/\/distribucionarc.com\/pt\/wp-json\/wp\/v2\/comments?post=732"}],"version-history":[{"count":0,"href":"https:\/\/distribucionarc.com\/pt\/wp-json\/wp\/v2\/product\/732\/revisions"}],"wp:featuredmedia":[{"embeddable":true,"href":"https:\/\/distribucionarc.com\/pt\/wp-json\/wp\/v2\/media\/733"}],"wp:attachment":[{"href":"https:\/\/distribucionarc.com\/pt\/wp-json\/wp\/v2\/media?parent=732"}],"wp:term":[{"taxonomy":"product_brand","embeddable":true,"href":"https:\/\/distribucionarc.com\/pt\/wp-json\/wp\/v2\/product_brand?post=732"},{"taxonomy":"product_cat","embeddable":true,"href":"https:\/\/distribucionarc.com\/pt\/wp-json\/wp\/v2\/product_cat?post=732"},{"taxonomy":"product_tag","embeddable":true,"href":"https:\/\/distribucionarc.com\/pt\/wp-json\/wp\/v2\/product_tag?post=732"}],"curies":[{"name":"wp","href":"https:\/\/api.w.org\/{rel}","templated":true}]}}