{"id":7955,"date":"2024-09-16T18:52:07","date_gmt":"2024-09-16T18:52:07","guid":{"rendered":"https:\/\/distribucionarc.com\/?post_type=product&#038;p=7955"},"modified":"2024-09-16T18:55:27","modified_gmt":"2024-09-16T18:55:27","slug":"maquina-formadora-e-envasadora-de-saquinho-arll1-500-personalizavel-para-pos-e-granulos","status":"publish","type":"product","link":"https:\/\/distribucionarc.com\/pt\/producto\/maquina-formadora-y-llenadora-de-bolsas-sachet-arll1-500-personalizable-para-polvos-y-granulados\/","title":{"rendered":"M\u00e1quina formadora e envasadora de saquinhos ARLL1-500 | Personaliz\u00e1vel para p\u00f3s e gr\u00e2nulos"},"content":{"rendered":"<p>O <strong>M\u00e1quina formadora e envasadora de sacos ARLL1-500<\/strong> \u00c9 uma solu\u00e7\u00e3o eficiente e vers\u00e1til para embalar produtos em p\u00f3 e granulados. Este equipamento pode formar e encher sacos tipo sach\u00ea ou flow pack com faixa de enchimento que varia de <strong>200 gramas at\u00e9 1000 gramas<\/strong>, o que o torna uma op\u00e7\u00e3o adapt\u00e1vel a diferentes necessidades de produ\u00e7\u00e3o.<\/p>\n<p><strong>Personaliza\u00e7\u00e3o do molde:<\/strong> A m\u00e1quina permite alterar os moldes para ajust\u00e1-los a diferentes tamanhos de sacos, desde <strong>21 a 28 cent\u00edmetros<\/strong>, conforme especifica\u00e7\u00f5es do cliente, e suporta folhas de at\u00e9 <strong>45 a 60 cent\u00edmetros<\/strong>. Al\u00e9m disso, \u00e9 compat\u00edvel com um <strong>loteria opcional<\/strong>, que imprime a data, n\u00famero do lote e prazo de validade na embalagem.<\/p>\n<p>Feito com <strong>A\u00e7o inoxid\u00e1vel 304\/316<\/strong>, \u00e9 uma op\u00e7\u00e3o forte e dur\u00e1vel, projetada para atender \u00e0s regulamenta\u00e7\u00f5es da ind\u00fastria farmac\u00eautica e outras \u00e1reas exigentes. Com um desenho <strong>compacto e mec\u00e2nico<\/strong>, a m\u00e1quina \u00e9 f\u00e1cil de manter e reparar, garantindo um <strong>alto desempenho<\/strong> com uma produ\u00e7\u00e3o de <strong>12 a 15 sacos por minuto<\/strong>.<\/p>\n<h3>Produtos que voc\u00ea pode fabricar ou processar:<\/h3>\n<ul>\n<li>P\u00f3s (como leite em p\u00f3, caf\u00e9, suplementos)<\/li>\n<li>Gr\u00e2nulos (como a\u00e7\u00facar, sal, cereais)<\/li>\n<\/ul>\n<h3>Ind\u00fastrias em que pode ser implementado:<\/h3>\n<ul>\n<li>Comida<\/li>\n<li>Farmac\u00eautico<\/li>\n<li>Cosm\u00e9ticos<\/li>\n<li>Suplementos e vitaminas<\/li>\n<\/ul>\n<h3>Especifica\u00e7\u00f5es T\u00e9cnicas:<\/h3>\n<table>\n<thead>\n<tr>\n<th><strong>Especifica\u00e7\u00e3o<\/strong><\/th>\n<th><strong>Detalhe<\/strong><\/th>\n<\/tr>\n<\/thead>\n<tbody>\n<tr>\n<td><strong>Modelo<\/strong><\/td>\n<td>ARLL1-500<\/td>\n<\/tr>\n<tr>\n<td><strong>Dimens\u00f5es da m\u00e1quina<\/strong><\/td>\n<td>168 cent\u00edmetros (altura) x 72 cent\u00edmetros (largura) x 56 cent\u00edmetros (profundidade)<\/td>\n<\/tr>\n<tr>\n<td><strong>Tens\u00e3o<\/strong><\/td>\n<td>110\/220 V\/380 V, 50 Hz\/60 Hz<\/td>\n<\/tr>\n<tr>\n<td><strong>Capacidade de produ\u00e7\u00e3o<\/strong><\/td>\n<td>12 \u2013 15 sacos por minuto<\/td>\n<\/tr>\n<tr>\n<td><strong>Capacidade de armazenamento<\/strong><\/td>\n<td>50 quilogramas<\/td>\n<\/tr>\n<tr>\n<td><strong>Tamanho da folha do saco<\/strong><\/td>\n<td>M\u00e1ximo: 45 \u2013 60 cent\u00edmetros<\/td>\n<\/tr>\n<tr>\n<td><strong>Tamanho do saco formado<\/strong><\/td>\n<td>M\u00e1ximo: 21 \u2013 28 cent\u00edmetros<\/td>\n<\/tr>\n<tr>\n<td><strong>Poder<\/strong><\/td>\n<td>990 watts<\/td>\n<\/tr>\n<tr>\n<td><strong>Peso da m\u00e1quina<\/strong><\/td>\n<td>90 quilogramas<\/td>\n<\/tr>\n<tr>\n<td><strong>Tamanho da tremonha<\/strong><\/td>\n<td>29 x 29 x 44 cent\u00edmetros<\/td>\n<\/tr>\n<tr>\n<td><strong>Material de constru\u00e7\u00e3o<\/strong><\/td>\n<td>A\u00e7o inoxid\u00e1vel 304\/316<\/td>\n<\/tr>\n<\/tbody>\n<\/table>\n<p>Para obter mais informa\u00e7\u00f5es sobre distribui\u00e7\u00e3o e suporte t\u00e9cnico, visite:<br \/>\n<a href=\"https:\/\/distribucionarc.com\/pt\/servico-tecnico\/\" target=\"_new\" rel=\"noopener\"><strong>Servi\u00e7o T\u00e9cnico \u2013 Distribui\u00e7\u00e3o de Arco<\/strong><\/a><\/p>\n<p>&nbsp;<\/p>\n<div style=\"width: 478px;\" class=\"wp-video\"><video class=\"wp-video-shortcode\" id=\"video-7955-1\" width=\"478\" height=\"850\" preload=\"metadata\" controls=\"controls\"><source type=\"video\/mp4\" src=\"https:\/\/distribucionarc.com\/wp-content\/uploads\/2024\/09\/maquina-de-llenado-y-sellador-ARC-.mp4?_=1\" \/><a href=\"https:\/\/distribucionarc.com\/wp-content\/uploads\/2024\/09\/maquina-de-llenado-y-sellador-ARC-.mp4\">https:\/\/distribucionarc.com\/wp-content\/uploads\/2024\/09\/maquina-de-llenado-y-sellador-ARC-.mp4<\/a><\/video><\/div>\n<hr \/>\n<p>Este modelo de m\u00e1quina se destaca pela flexibilidade e capacidade de customiza\u00e7\u00e3o, sendo uma excelente op\u00e7\u00e3o para empresas que buscam automatizar seu processo de embalagem com precis\u00e3o e efici\u00eancia.<\/p>","protected":false},"excerpt":{"rendered":"<p>O <strong>M\u00e1quina formadora e envasadora de saquinho ARLL1-500<\/strong> \u00c9 ideal para embalar produtos em p\u00f3 ou granulados, com capacidade de enchimento de <strong>200g a 1000g<\/strong>. Oferece alta personaliza\u00e7\u00e3o no tamanho das sacolas, inclui opcionalmente <strong>impressora de lote e data<\/strong> e \u00e9 fabricado em <strong>A\u00e7o inoxid\u00e1vel 304\/316<\/strong>, adequado para ind\u00fastrias como farmac\u00eautica.<\/p>","protected":false},"featured_media":7956,"comment_status":"open","ping_status":"closed","template":"","meta":{"wds_primary_product_brand":0,"wds_primary_product_cat":0},"product_brand":[],"product_cat":[22,15,21],"product_tag":[],"class_list":{"0":"post-7955","1":"product","2":"type-product","3":"status-publish","4":"has-post-thumbnail","6":"product_cat-llenadora-de-bolsas-granos-y-polvo","7":"product_cat-llenadoras-y-selladoras-automaticas-flow-pack-sachet","8":"product_cat-maquinas-llenadoras","9":"product_shipping_class-express","11":"first","12":"instock","13":"taxable","14":"shipping-taxable","15":"purchasable","16":"product-type-simple"},"yoast_head":"<!-- This site is optimized with the Yoast SEO Premium plugin v24.9 (Yoast SEO v26.1) - https:\/\/yoast.com\/wordpress\/plugins\/seo\/ -->\n<title>M\u00e1quina Formadora y Llenadora de Bolsas Sachet ARLL1-500 | Personalizable para Polvos y Granulados - distribuci\u00f3n ARC<\/title>\n<meta name=\"robots\" content=\"index, follow, max-snippet:-1, max-image-preview:large, max-video-preview:-1\" \/>\n<link rel=\"canonical\" href=\"https:\/\/distribucionarc.com\/pt\/produto\/maquina-formadora-e-envasadora-de-saquinho-arll1-500-personalizavel-para-pos-e-granulos\/\" \/>\n<meta property=\"og:locale\" content=\"pt_PT\" \/>\n<meta property=\"og:type\" content=\"article\" \/>\n<meta property=\"og:title\" content=\"M\u00e1quina Formadora y Llenadora de Bolsas Sachet ARLL1-500 | Personalizable para Polvos y Granulados\" \/>\n<meta property=\"og:description\" content=\"La M\u00e1quina Formadora y Llenadora de Bolsas Sachet ARLL1-500 es ideal para envasar productos en polvo o granulados, con capacidad de llenado de 200 g a 1000 g. Ofrece alta personalizaci\u00f3n en el tama\u00f1o de las bolsas, incluye opcionalmente impresora de lote y fecha y est\u00e1 fabricada en acero inoxidable 304\/316, apta para industrias como la farmac\u00e9utica.\" \/>\n<meta property=\"og:url\" content=\"https:\/\/distribucionarc.com\/pt\/produto\/maquina-formadora-e-envasadora-de-saquinho-arll1-500-personalizavel-para-pos-e-granulos\/\" \/>\n<meta property=\"og:site_name\" content=\"distribuci\u00f3n ARC\" \/>\n<meta property=\"article:modified_time\" content=\"2024-09-16T18:55:27+00:00\" \/>\n<meta property=\"og:image\" content=\"https:\/\/distribucionarc.com\/wp-content\/uploads\/2024\/09\/Maquina-Formadora-y-Llenadora-de-Bolsas-Sachet.png\" \/>\n\t<meta property=\"og:image:width\" content=\"491\" \/>\n\t<meta property=\"og:image:height\" content=\"593\" \/>\n\t<meta property=\"og:image:type\" content=\"image\/png\" \/>\n<meta name=\"twitter:card\" content=\"summary_large_image\" \/>\n<meta name=\"twitter:label1\" content=\"Tempo estimado de leitura\" \/>\n\t<meta name=\"twitter:data1\" content=\"2 minutos\" \/>\n<script type=\"application\/ld+json\" class=\"yoast-schema-graph\">{\"@context\":\"https:\/\/schema.org\",\"@graph\":[{\"@type\":\"WebPage\",\"@id\":\"https:\/\/distribucionarc.com\/pt\/producto\/maquina-formadora-y-llenadora-de-bolsas-sachet-arll1-500-personalizable-para-polvos-y-granulados\/\",\"url\":\"https:\/\/distribucionarc.com\/pt\/producto\/maquina-formadora-y-llenadora-de-bolsas-sachet-arll1-500-personalizable-para-polvos-y-granulados\/\",\"name\":\"M\u00e1quina Formadora y Llenadora de Bolsas Sachet ARLL1-500 | Personalizable para Polvos y Granulados - distribuci\u00f3n ARC\",\"isPartOf\":{\"@id\":\"https:\/\/www.distribucionarc.com\/tr\/#website\"},\"primaryImageOfPage\":{\"@id\":\"https:\/\/distribucionarc.com\/pt\/producto\/maquina-formadora-y-llenadora-de-bolsas-sachet-arll1-500-personalizable-para-polvos-y-granulados\/#primaryimage\"},\"image\":{\"@id\":\"https:\/\/distribucionarc.com\/pt\/producto\/maquina-formadora-y-llenadora-de-bolsas-sachet-arll1-500-personalizable-para-polvos-y-granulados\/#primaryimage\"},\"thumbnailUrl\":\"https:\/\/distribucionarc.com\/wp-content\/uploads\/2024\/09\/Maquina-Formadora-y-Llenadora-de-Bolsas-Sachet.png\",\"datePublished\":\"2024-09-16T18:52:07+00:00\",\"dateModified\":\"2024-09-16T18:55:27+00:00\",\"breadcrumb\":{\"@id\":\"https:\/\/distribucionarc.com\/pt\/producto\/maquina-formadora-y-llenadora-de-bolsas-sachet-arll1-500-personalizable-para-polvos-y-granulados\/#breadcrumb\"},\"inLanguage\":\"pt-PT\",\"potentialAction\":[{\"@type\":\"ReadAction\",\"target\":[\"https:\/\/distribucionarc.com\/pt\/producto\/maquina-formadora-y-llenadora-de-bolsas-sachet-arll1-500-personalizable-para-polvos-y-granulados\/\"]}]},{\"@type\":\"ImageObject\",\"inLanguage\":\"pt-PT\",\"@id\":\"https:\/\/distribucionarc.com\/pt\/producto\/maquina-formadora-y-llenadora-de-bolsas-sachet-arll1-500-personalizable-para-polvos-y-granulados\/#primaryimage\",\"url\":\"https:\/\/distribucionarc.com\/wp-content\/uploads\/2024\/09\/Maquina-Formadora-y-Llenadora-de-Bolsas-Sachet.png\",\"contentUrl\":\"https:\/\/distribucionarc.com\/wp-content\/uploads\/2024\/09\/Maquina-Formadora-y-Llenadora-de-Bolsas-Sachet.png\",\"width\":491,\"height\":593,\"caption\":\"M\u00e1quina Formadora y Llenadora de Bolsas Sachet\"},{\"@type\":\"BreadcrumbList\",\"@id\":\"https:\/\/distribucionarc.com\/pt\/producto\/maquina-formadora-y-llenadora-de-bolsas-sachet-arll1-500-personalizable-para-polvos-y-granulados\/#breadcrumb\",\"itemListElement\":[{\"@type\":\"ListItem\",\"position\":1,\"name\":\"Portada\",\"item\":\"https:\/\/www.distribucionarc.com\/tr\/\"},{\"@type\":\"ListItem\",\"position\":2,\"name\":\"Produktai\",\"item\":\"https:\/\/distribucionarc.com\/lt\/parduotuve\/\"},{\"@type\":\"ListItem\",\"position\":3,\"name\":\"M\u00e1quina Formadora y Llenadora de Bolsas Sachet ARLL1-500 | Personalizable para Polvos y Granulados\"}]},{\"@type\":\"WebSite\",\"@id\":\"https:\/\/www.distribucionarc.com\/tr\/#website\",\"url\":\"https:\/\/www.distribucionarc.com\/tr\/\",\"name\":\"distribuci\u00f3n ARC\",\"description\":\"Empresa especializada en la fabricaci\u00f3n y distribuci\u00f3n de maquinaria industrial, selladoras de latas, Maquinas de hacer pastillas, Maquinas de cortar carne...\",\"publisher\":{\"@id\":\"https:\/\/www.distribucionarc.com\/tr\/#organization\"},\"potentialAction\":[{\"@type\":\"SearchAction\",\"target\":{\"@type\":\"EntryPoint\",\"urlTemplate\":\"https:\/\/www.distribucionarc.com\/tr\/?s={search_term_string}\"},\"query-input\":{\"@type\":\"PropertyValueSpecification\",\"valueRequired\":true,\"valueName\":\"search_term_string\"}}],\"inLanguage\":\"pt-PT\"},{\"@type\":\"Organization\",\"@id\":\"https:\/\/www.distribucionarc.com\/tr\/#organization\",\"name\":\"Distribuci\u00f3n ARC\",\"url\":\"https:\/\/www.distribucionarc.com\/tr\/\",\"logo\":{\"@type\":\"ImageObject\",\"inLanguage\":\"pt-PT\",\"@id\":\"https:\/\/www.distribucionarc.com\/tr\/#\/schema\/logo\/image\/\",\"url\":\"https:\/\/distribucionarc.com\/wp-content\/uploads\/2024\/10\/distribucion-ARC-COLOR-SIN-FONDO-e1732295305345.png\",\"contentUrl\":\"https:\/\/distribucionarc.com\/wp-content\/uploads\/2024\/10\/distribucion-ARC-COLOR-SIN-FONDO-e1732295305345.png\",\"width\":1164,\"height\":558,\"caption\":\"Distribuci\u00f3n ARC\"},\"image\":{\"@id\":\"https:\/\/www.distribucionarc.com\/tr\/#\/schema\/logo\/image\/\"},\"description\":\"Empresa especializada en la fabricaci\u00f3n y distribuci\u00f3n de maquinaria industrial para los sectores alimentario y farmac\u00e9utico. Nos especializamos en: M\u00e1quinas de cortar carne Fabricaci\u00f3n de comprimidos Sistemas de transporte industrial L\u00edneas de embotellado Dosificadores Y mucho m\u00e1s... Ofrecemos soluciones innovadoras y personalizadas para optimizar los procesos productivos de tu empresa.\",\"email\":\"Admistracion@distribucionarc.com\",\"telephone\":\"+34 643496664\",\"legalName\":\"ARC TECH SOLUTIONS\",\"foundingDate\":\"2024-04-09\",\"vatID\":\"B55480172\",\"numberOfEmployees\":{\"@type\":\"QuantitativeValue\",\"minValue\":\"1\",\"maxValue\":\"10\"}}]}<\/script>\n<!-- \/ Yoast SEO Premium plugin. -->","yoast_head_json":{"title":"M\u00e1quina formadora e envasadora de saquinhos ARLL1-500 | Personaliz\u00e1vel para p\u00f3s e gr\u00e2nulos - distribui\u00e7\u00e3o ARC","robots":{"index":"index","follow":"follow","max-snippet":"max-snippet:-1","max-image-preview":"max-image-preview:large","max-video-preview":"max-video-preview:-1"},"canonical":"https:\/\/distribucionarc.com\/pt\/produto\/maquina-formadora-e-envasadora-de-saquinho-arll1-500-personalizavel-para-pos-e-granulos\/","og_locale":"pt_PT","og_type":"article","og_title":"M\u00e1quina Formadora y Llenadora de Bolsas Sachet ARLL1-500 | Personalizable para Polvos y Granulados","og_description":"La M\u00e1quina Formadora y Llenadora de Bolsas Sachet ARLL1-500 es ideal para envasar productos en polvo o granulados, con capacidad de llenado de 200 g a 1000 g. Ofrece alta personalizaci\u00f3n en el tama\u00f1o de las bolsas, incluye opcionalmente impresora de lote y fecha y est\u00e1 fabricada en acero inoxidable 304\/316, apta para industrias como la farmac\u00e9utica.","og_url":"https:\/\/distribucionarc.com\/pt\/produto\/maquina-formadora-e-envasadora-de-saquinho-arll1-500-personalizavel-para-pos-e-granulos\/","og_site_name":"distribuci\u00f3n ARC","article_modified_time":"2024-09-16T18:55:27+00:00","og_image":[{"width":491,"height":593,"url":"https:\/\/distribucionarc.com\/wp-content\/uploads\/2024\/09\/Maquina-Formadora-y-Llenadora-de-Bolsas-Sachet.png","type":"image\/png"}],"twitter_card":"summary_large_image","twitter_misc":{"Tempo estimado de leitura":"2 minutos"},"schema":{"@context":"https:\/\/schema.org","@graph":[{"@type":"WebPage","@id":"https:\/\/distribucionarc.com\/pt\/producto\/maquina-formadora-y-llenadora-de-bolsas-sachet-arll1-500-personalizable-para-polvos-y-granulados\/","url":"https:\/\/distribucionarc.com\/pt\/producto\/maquina-formadora-y-llenadora-de-bolsas-sachet-arll1-500-personalizable-para-polvos-y-granulados\/","name":"M\u00e1quina formadora e envasadora de saquinhos ARLL1-500 | Personaliz\u00e1vel para p\u00f3s e gr\u00e2nulos - distribui\u00e7\u00e3o ARC","isPartOf":{"@id":"https:\/\/www.distribucionarc.com\/tr\/#website"},"primaryImageOfPage":{"@id":"https:\/\/distribucionarc.com\/pt\/producto\/maquina-formadora-y-llenadora-de-bolsas-sachet-arll1-500-personalizable-para-polvos-y-granulados\/#primaryimage"},"image":{"@id":"https:\/\/distribucionarc.com\/pt\/producto\/maquina-formadora-y-llenadora-de-bolsas-sachet-arll1-500-personalizable-para-polvos-y-granulados\/#primaryimage"},"thumbnailUrl":"https:\/\/distribucionarc.com\/wp-content\/uploads\/2024\/09\/Maquina-Formadora-y-Llenadora-de-Bolsas-Sachet.png","datePublished":"2024-09-16T18:52:07+00:00","dateModified":"2024-09-16T18:55:27+00:00","breadcrumb":{"@id":"https:\/\/distribucionarc.com\/pt\/producto\/maquina-formadora-y-llenadora-de-bolsas-sachet-arll1-500-personalizable-para-polvos-y-granulados\/#breadcrumb"},"inLanguage":"pt-PT","potentialAction":[{"@type":"ReadAction","target":["https:\/\/distribucionarc.com\/pt\/producto\/maquina-formadora-y-llenadora-de-bolsas-sachet-arll1-500-personalizable-para-polvos-y-granulados\/"]}]},{"@type":"ImageObject","inLanguage":"pt-PT","@id":"https:\/\/distribucionarc.com\/pt\/producto\/maquina-formadora-y-llenadora-de-bolsas-sachet-arll1-500-personalizable-para-polvos-y-granulados\/#primaryimage","url":"https:\/\/distribucionarc.com\/wp-content\/uploads\/2024\/09\/Maquina-Formadora-y-Llenadora-de-Bolsas-Sachet.png","contentUrl":"https:\/\/distribucionarc.com\/wp-content\/uploads\/2024\/09\/Maquina-Formadora-y-Llenadora-de-Bolsas-Sachet.png","width":491,"height":593,"caption":"M\u00e1quina Formadora y Llenadora de Bolsas Sachet"},{"@type":"BreadcrumbList","@id":"https:\/\/distribucionarc.com\/pt\/producto\/maquina-formadora-y-llenadora-de-bolsas-sachet-arll1-500-personalizable-para-polvos-y-granulados\/#breadcrumb","itemListElement":[{"@type":"ListItem","position":1,"name":"Portada","item":"https:\/\/www.distribucionarc.com\/tr\/"},{"@type":"ListItem","position":2,"name":"Produktai","item":"https:\/\/distribucionarc.com\/lt\/parduotuve\/"},{"@type":"ListItem","position":3,"name":"M\u00e1quina Formadora y Llenadora de Bolsas Sachet ARLL1-500 | Personalizable para Polvos y Granulados"}]},{"@type":"WebSite","@id":"https:\/\/www.distribucionarc.com\/tr\/#website","url":"https:\/\/www.distribucionarc.com\/tr\/","name":"Distribui\u00e7\u00e3o ARC","description":"Empresa especializada no fabrico e distribui\u00e7\u00e3o de m\u00e1quinas industriais, m\u00e1quinas de selar latas, m\u00e1quinas de fazer comprimidos, m\u00e1quinas de cortar carne...","publisher":{"@id":"https:\/\/www.distribucionarc.com\/tr\/#organization"},"potentialAction":[{"@type":"SearchAction","target":{"@type":"EntryPoint","urlTemplate":"https:\/\/www.distribucionarc.com\/tr\/?s={search_term_string}"},"query-input":{"@type":"PropertyValueSpecification","valueRequired":true,"valueName":"search_term_string"}}],"inLanguage":"pt-PT"},{"@type":"Organization","@id":"https:\/\/www.distribucionarc.com\/tr\/#organization","name":"Distribui\u00e7\u00e3o ARC","url":"https:\/\/www.distribucionarc.com\/tr\/","logo":{"@type":"ImageObject","inLanguage":"pt-PT","@id":"https:\/\/www.distribucionarc.com\/tr\/#\/schema\/logo\/image\/","url":"https:\/\/distribucionarc.com\/wp-content\/uploads\/2024\/10\/distribucion-ARC-COLOR-SIN-FONDO-e1732295305345.png","contentUrl":"https:\/\/distribucionarc.com\/wp-content\/uploads\/2024\/10\/distribucion-ARC-COLOR-SIN-FONDO-e1732295305345.png","width":1164,"height":558,"caption":"Distribuci\u00f3n ARC"},"image":{"@id":"https:\/\/www.distribucionarc.com\/tr\/#\/schema\/logo\/image\/"},"description":"Empresa especializada no fabrico e distribui\u00e7\u00e3o de m\u00e1quinas industriais para os sectores alimentar e farmac\u00eautico. Somos especializados em: M\u00e1quinas de cortar carne Fabrico de comprimidos Sistemas de transporte industrial Linhas de engarrafamento Dispensadores E muito mais... Oferecemos solu\u00e7\u00f5es inovadoras e personalizadas para otimizar os processos de produ\u00e7\u00e3o da sua empresa.","email":"Admistracion@distribucionarc.com","telephone":"+34 643496664","legalName":"ARC TECH SOLUTIONS","foundingDate":"2024-04-09","vatID":"B55480172","numberOfEmployees":{"@type":"QuantitativeValue","minValue":"1","maxValue":"10"}}]}},"_links":{"self":[{"href":"https:\/\/distribucionarc.com\/pt\/wp-json\/wp\/v2\/product\/7955","targetHints":{"allow":["GET"]}}],"collection":[{"href":"https:\/\/distribucionarc.com\/pt\/wp-json\/wp\/v2\/product"}],"about":[{"href":"https:\/\/distribucionarc.com\/pt\/wp-json\/wp\/v2\/types\/product"}],"replies":[{"embeddable":true,"href":"https:\/\/distribucionarc.com\/pt\/wp-json\/wp\/v2\/comments?post=7955"}],"version-history":[{"count":0,"href":"https:\/\/distribucionarc.com\/pt\/wp-json\/wp\/v2\/product\/7955\/revisions"}],"wp:featuredmedia":[{"embeddable":true,"href":"https:\/\/distribucionarc.com\/pt\/wp-json\/wp\/v2\/media\/7956"}],"wp:attachment":[{"href":"https:\/\/distribucionarc.com\/pt\/wp-json\/wp\/v2\/media?parent=7955"}],"wp:term":[{"taxonomy":"product_brand","embeddable":true,"href":"https:\/\/distribucionarc.com\/pt\/wp-json\/wp\/v2\/product_brand?post=7955"},{"taxonomy":"product_cat","embeddable":true,"href":"https:\/\/distribucionarc.com\/pt\/wp-json\/wp\/v2\/product_cat?post=7955"},{"taxonomy":"product_tag","embeddable":true,"href":"https:\/\/distribucionarc.com\/pt\/wp-json\/wp\/v2\/product_tag?post=7955"}],"curies":[{"name":"wp","href":"https:\/\/api.w.org\/{rel}","templated":true}]}}