{"id":8212,"date":"2024-10-28T19:19:09","date_gmt":"2024-10-28T19:19:09","guid":{"rendered":"https:\/\/distribucionarc.com\/?post_type=product&#038;p=8212"},"modified":"2024-10-28T22:47:25","modified_gmt":"2024-10-28T22:47:25","slug":"seladora-de-latas-grande-quadrada-e-circular-anr-170","status":"publish","type":"product","link":"https:\/\/distribucionarc.com\/pt\/producto\/selladora-de-latas-grandes-cuadradas-y-circulares-anr-170\/","title":{"rendered":"Seladora para latas grandes quadradas e circulares ANR-170"},"content":{"rendered":"<p>O <strong>Seladora de latas grandes ANR-170<\/strong> \u00e9 uma m\u00e1quina especializada em selar latas de diversos tamanhos e formatos, principalmente redondas e quadradas, utilizadas em setores como aliment\u00edcio, qu\u00edmico, agr\u00edcola e cosm\u00e9tico. Sua principal fun\u00e7\u00e3o \u00e9 realizar uma veda\u00e7\u00e3o herm\u00e9tica de alta qualidade em diversos tipos de recipientes, garantindo que os produtos em seu interior sejam devidamente conservados, com m\u00ednima exposi\u00e7\u00e3o a contaminantes e maior durabilidade.<\/p>\n<p>O objetivo principal do <strong>m\u00e1quina seladora ANR-170<\/strong> \u00e9 garantir uma veda\u00e7\u00e3o precisa e consistente em recipientes met\u00e1licos de diferentes tamanhos e formatos. Este processo \u00e9 fundamental para preservar a qualidade do produto em seu interior, protegendo-o de fatores externos como ar, umidade ou poss\u00edveis microrganismos. A veda\u00e7\u00e3o de precis\u00e3o tamb\u00e9m facilita a distribui\u00e7\u00e3o e armazenamento do produto.<\/p>\n<p>Seus principais componentes s\u00e3o os seguintes:<\/p>\n<p><strong>A cabe\u00e7a de veda\u00e7\u00e3o,<\/strong> componente essencial que entra em contato direto com a lata, exercendo a press\u00e3o e o calor necess\u00e1rios para fundir as partes do recipiente, garantindo uma veda\u00e7\u00e3o herm\u00e9tica, o <strong>Sistema de alimenta\u00e7\u00e3o <\/strong>que consiste em uma esteira transportadora e guias ajust\u00e1veis que posicionam as latas no local exato para selagem, <strong>Sistema de alimenta\u00e7\u00e3o <\/strong>que consiste em uma esteira transportadora e guias ajust\u00e1veis que posicionam as latas no local exato para a veda\u00e7\u00e3o. O <strong>Estrutura de suporte <\/strong>Fabricada em a\u00e7o resistente (201, 304 e 420), essa estrutura garante estabilidade e durabilidade da m\u00e1quina, suportando o peso das latas e do cabe\u00e7ote selador. Ele <strong>sistema de seguran\u00e7a eu<\/strong>Inclui sensores que interrompem o funcionamento caso sejam detectados problemas, como mau posicionamento de uma lata, o que minimiza acidentes e danos \u00e0 m\u00e1quina.<\/p>\n<p>&nbsp;<\/p>\n<p>A tend\u00eancia em m\u00e1quinas seladoras como a ANR-170 inclui a integra\u00e7\u00e3o de <strong>sistemas de monitoramento em tempo real<\/strong> para detectar e relatar problemas operacionais, um <strong>melhor automa\u00e7\u00e3o<\/strong> para lidar com uma maior variedade de tamanhos e formatos de latas, e modelos futuros poderiam incorporar <strong>sensores inteligentes<\/strong> que ajustam automaticamente a temperatura e a press\u00e3o de veda\u00e7\u00e3o de acordo com o tipo de material do recipiente.<\/p>\n<p>Em resumo, o <strong>m\u00e1quina seladora ANR-170<\/strong> \u00c9 uma m\u00e1quina robusta, eficiente e vers\u00e1til que melhora a produtividade e garante qualidade na veda\u00e7\u00e3o de latas em diversos setores, com manuten\u00e7\u00e3o simples e design focado em durabilidade e seguran\u00e7a.<\/p>\n<p><a href=\"https:\/\/distribucionarc.com\/wp-content\/uploads\/2024\/10\/Sellado-de-Latas-Grandes.png\"><img loading=\"lazy\" decoding=\"async\" class=\"alignnone size-medium wp-image-8213\" src=\"https:\/\/distribucionarc.com\/wp-content\/uploads\/2024\/10\/Sellado-de-Latas-Grandes-292x300.png\" alt=\"\" width=\"292\" height=\"300\" srcset=\"https:\/\/distribucionarc.com\/wp-content\/uploads\/2024\/10\/Sellado-de-Latas-Grandes-292x300.png 292w, https:\/\/distribucionarc.com\/wp-content\/uploads\/2024\/10\/Sellado-de-Latas-Grandes-430x441.png 430w, https:\/\/distribucionarc.com\/wp-content\/uploads\/2024\/10\/Sellado-de-Latas-Grandes-150x154.png 150w, https:\/\/distribucionarc.com\/wp-content\/uploads\/2024\/10\/Sellado-de-Latas-Grandes-12x12.png 12w, https:\/\/distribucionarc.com\/wp-content\/uploads\/2024\/10\/Sellado-de-Latas-Grandes.png 563w\" sizes=\"auto, (max-width: 292px) 100vw, 292px\" \/><\/a>\u00a0 \u00a0 \u00a0 <a href=\"https:\/\/distribucionarc.com\/wp-content\/uploads\/2024\/10\/Selladora-de-Latas-industrial.png\"><img loading=\"lazy\" decoding=\"async\" class=\"alignnone size-medium wp-image-8216\" src=\"https:\/\/distribucionarc.com\/wp-content\/uploads\/2024\/10\/Selladora-de-Latas-industrial-285x300.png\" alt=\"\" width=\"285\" height=\"300\" srcset=\"https:\/\/distribucionarc.com\/wp-content\/uploads\/2024\/10\/Selladora-de-Latas-industrial-285x300.png 285w, https:\/\/distribucionarc.com\/wp-content\/uploads\/2024\/10\/Selladora-de-Latas-industrial-430x452.png 430w, https:\/\/distribucionarc.com\/wp-content\/uploads\/2024\/10\/Selladora-de-Latas-industrial-150x158.png 150w, https:\/\/distribucionarc.com\/wp-content\/uploads\/2024\/10\/Selladora-de-Latas-industrial-11x12.png 11w, https:\/\/distribucionarc.com\/wp-content\/uploads\/2024\/10\/Selladora-de-Latas-industrial.png 541w\" sizes=\"auto, (max-width: 285px) 100vw, 285px\" \/><\/a><\/p>\n<p>&nbsp;<\/p>\n<table>\n<thead>\n<tr>\n<th>Especifica\u00e7\u00e3o<\/th>\n<th>Detalhe<\/th>\n<\/tr>\n<\/thead>\n<tbody>\n<tr>\n<td><strong>Tamanho da m\u00e1quina<\/strong><\/td>\n<td>1000 x 917 x 1885 mm<\/td>\n<\/tr>\n<tr>\n<td><strong>Tens\u00e3o<\/strong><\/td>\n<td>220V\/50Hz<\/td>\n<\/tr>\n<tr>\n<td><strong>Produ\u00e7\u00e3o (rodadas)<\/strong><\/td>\n<td>25-30 latas\/minuto<\/td>\n<\/tr>\n<tr>\n<td><strong>Produ\u00e7\u00e3o (quadrado)<\/strong><\/td>\n<td>15-20 latas\/minuto<\/td>\n<\/tr>\n<tr>\n<td><strong>Poder<\/strong><\/td>\n<td>2,2 kW<\/td>\n<\/tr>\n<tr>\n<td><strong>Di\u00e2metro da lata<\/strong><\/td>\n<td>50-330mm<\/td>\n<\/tr>\n<tr>\n<td><strong>Altura m\u00e1xima da lata<\/strong><\/td>\n<td>420 mm<\/td>\n<\/tr>\n<tr>\n<td><strong>Peso<\/strong><\/td>\n<td>800kg<\/td>\n<\/tr>\n<tr>\n<td><strong>Modelo<\/strong><\/td>\n<td>ANR-170<\/td>\n<\/tr>\n<tr>\n<td><strong>press\u00e3o do ar<\/strong><\/td>\n<td>0,4-0,6MPa<\/td>\n<\/tr>\n<tr>\n<td><strong>Espessura da folha de flandres<\/strong><\/td>\n<td>At\u00e9 0,4 mm<\/td>\n<\/tr>\n<tr>\n<td><strong>velocidade do motor<\/strong><\/td>\n<td>940 rpm<\/td>\n<\/tr>\n<tr>\n<td><strong>SKU<\/strong><\/td>\n<td>AR00127<\/td>\n<\/tr>\n<tr>\n<td><strong>Garantia<\/strong><\/td>\n<td>2 anos<\/td>\n<\/tr>\n<\/tbody>\n<\/table>\n<p>&nbsp;<\/p>\n<p>&nbsp;<\/p>","protected":false},"excerpt":{"rendered":"<p>A m\u00e1quina <strong>Seladora de latas grandes ANR-170<\/strong> \u00e9 um equipamento especializado projetado para vedar com efici\u00eancia latas redondas e de formatos especiais, como as quadradas, em diversos setores industriais, incluindo alimentos, qu\u00edmicos, agr\u00edcolas e cosm\u00e9ticos. Seu funcionamento \u00e9 simples, caracterizado pela alta efici\u00eancia e versatilidade em diversos tipos de veda\u00e7\u00e3o. Fabricado em a\u00e7o de alta qualidade (201, 304 e 420), o ANR-170 oferece durabilidade e resist\u00eancia, com baixo \u00edndice de falhas que garante longa vida \u00fatil. Seus principais componentes incluem cabe\u00e7ote de veda\u00e7\u00e3o, sistema de controle e base de suporte, facilitando seu uso e manuten\u00e7\u00e3o em ambientes industriais. Este equipamento otimiza o processo de embalagem, melhorando a seguran\u00e7a e conserva\u00e7\u00e3o do produto.<\/p>","protected":false},"featured_media":8215,"comment_status":"open","ping_status":"closed","template":"","meta":{"wds_primary_product_brand":0,"wds_primary_product_cat":0},"product_brand":[],"product_cat":[62],"product_tag":[],"class_list":{"0":"post-8212","1":"product","2":"type-product","3":"status-publish","4":"has-post-thumbnail","6":"product_cat-selladoras-de-latas","8":"first","9":"instock","10":"taxable","11":"shipping-taxable","12":"purchasable","13":"product-type-simple"},"yoast_head":"<!-- This site is optimized with the Yoast SEO Premium plugin v24.9 (Yoast SEO v26.1) - https:\/\/yoast.com\/wordpress\/plugins\/seo\/ -->\n<title>Selladora de latas grandes cuadradas y circulares ANR-170 - distribuci\u00f3n ARC<\/title>\n<meta name=\"robots\" content=\"index, follow, max-snippet:-1, max-image-preview:large, max-video-preview:-1\" \/>\n<link rel=\"canonical\" href=\"https:\/\/www.distribucionarc.com\/fr\/producto\/selladora-de-latas-grandes-cuadradas-y-circulares-anr-170\/\" \/>\n<meta property=\"og:locale\" content=\"pt_PT\" \/>\n<meta property=\"og:type\" content=\"article\" \/>\n<meta property=\"og:title\" content=\"Selladora de latas grandes cuadradas y circulares ANR-170\" \/>\n<meta property=\"og:description\" content=\"La m\u00e1quina Selladora de latas grandes ANR-170 es un equipo especializado dise\u00f1ado para sellar eficientemente latas redondas y de formas especiales, como las cuadradas, en diversos sectores industriales, incluyendo alimentos, productos qu\u00edmicos, agr\u00edcolas y cosm\u00e9ticos. Su operaci\u00f3n es simple, caracteriz\u00e1ndose por su alta eficiencia y versatilidad en diferentes tipos de sellado. Fabricada con acero de alta calidad (201, 304 y 420), la ANR-170 ofrece durabilidad y resistencia, con una baja tasa de fallos que garantiza una larga vida \u00fatil. Sus principales componentes incluyen el cabezal de sellado, el sistema de control y la base de soporte, lo que facilita su uso y mantenimiento en entornos industriales. Este equipo optimiza el proceso de envasado, mejorando la seguridad y la conservaci\u00f3n de los productos.\" \/>\n<meta property=\"og:url\" content=\"https:\/\/www.distribucionarc.com\/fr\/producto\/selladora-de-latas-grandes-cuadradas-y-circulares-anr-170\/\" \/>\n<meta property=\"og:site_name\" content=\"distribuci\u00f3n ARC\" \/>\n<meta property=\"article:modified_time\" content=\"2024-10-28T22:47:25+00:00\" \/>\n<meta property=\"og:image\" content=\"https:\/\/www.distribucionarc.com\/wp-content\/uploads\/2024\/10\/Tecnologia-de-Sellado-Preciso-con-la-Selladora-de-latas-grandes.png\" \/>\n\t<meta property=\"og:image:width\" content=\"283\" \/>\n\t<meta property=\"og:image:height\" content=\"457\" \/>\n\t<meta property=\"og:image:type\" content=\"image\/png\" \/>\n<meta name=\"twitter:card\" content=\"summary_large_image\" \/>\n<meta name=\"twitter:label1\" content=\"Tempo estimado de leitura\" \/>\n\t<meta name=\"twitter:data1\" content=\"3 minutos\" \/>\n<script type=\"application\/ld+json\" class=\"yoast-schema-graph\">{\"@context\":\"https:\/\/schema.org\",\"@graph\":[{\"@type\":\"WebPage\",\"@id\":\"https:\/\/www.distribucionarc.com\/fr\/producto\/selladora-de-latas-grandes-cuadradas-y-circulares-anr-170\/\",\"url\":\"https:\/\/www.distribucionarc.com\/fr\/producto\/selladora-de-latas-grandes-cuadradas-y-circulares-anr-170\/\",\"name\":\"Selladora de latas grandes cuadradas y circulares ANR-170 - distribuci\u00f3n ARC\",\"isPartOf\":{\"@id\":\"https:\/\/distribucionarc.com\/de\/#website\"},\"primaryImageOfPage\":{\"@id\":\"https:\/\/www.distribucionarc.com\/fr\/producto\/selladora-de-latas-grandes-cuadradas-y-circulares-anr-170\/#primaryimage\"},\"image\":{\"@id\":\"https:\/\/www.distribucionarc.com\/fr\/producto\/selladora-de-latas-grandes-cuadradas-y-circulares-anr-170\/#primaryimage\"},\"thumbnailUrl\":\"https:\/\/distribucionarc.com\/wp-content\/uploads\/2024\/10\/Tecnologia-de-Sellado-Preciso-con-la-Selladora-de-latas-grandes.png\",\"datePublished\":\"2024-10-28T19:19:09+00:00\",\"dateModified\":\"2024-10-28T22:47:25+00:00\",\"breadcrumb\":{\"@id\":\"https:\/\/www.distribucionarc.com\/fr\/producto\/selladora-de-latas-grandes-cuadradas-y-circulares-anr-170\/#breadcrumb\"},\"inLanguage\":\"pt-PT\",\"potentialAction\":[{\"@type\":\"ReadAction\",\"target\":[\"https:\/\/www.distribucionarc.com\/fr\/producto\/selladora-de-latas-grandes-cuadradas-y-circulares-anr-170\/\"]}]},{\"@type\":\"ImageObject\",\"inLanguage\":\"pt-PT\",\"@id\":\"https:\/\/www.distribucionarc.com\/fr\/producto\/selladora-de-latas-grandes-cuadradas-y-circulares-anr-170\/#primaryimage\",\"url\":\"https:\/\/distribucionarc.com\/wp-content\/uploads\/2024\/10\/Tecnologia-de-Sellado-Preciso-con-la-Selladora-de-latas-grandes.png\",\"contentUrl\":\"https:\/\/distribucionarc.com\/wp-content\/uploads\/2024\/10\/Tecnologia-de-Sellado-Preciso-con-la-Selladora-de-latas-grandes.png\",\"width\":283,\"height\":457},{\"@type\":\"BreadcrumbList\",\"@id\":\"https:\/\/www.distribucionarc.com\/fr\/producto\/selladora-de-latas-grandes-cuadradas-y-circulares-anr-170\/#breadcrumb\",\"itemListElement\":[{\"@type\":\"ListItem\",\"position\":1,\"name\":\"Portada\",\"item\":\"https:\/\/distribucionarc.com\/pl\/\"},{\"@type\":\"ListItem\",\"position\":2,\"name\":\"Produkty\",\"item\":\"https:\/\/distribucionarc.com\/pl\/shop\/\"},{\"@type\":\"ListItem\",\"position\":3,\"name\":\"Selladora de latas grandes cuadradas y circulares ANR-170\"}]},{\"@type\":\"WebSite\",\"@id\":\"https:\/\/distribucionarc.com\/de\/#website\",\"url\":\"https:\/\/distribucionarc.com\/de\/\",\"name\":\"distribuci\u00f3n ARC\",\"description\":\"Empresa especializada en la fabricaci\u00f3n y distribuci\u00f3n de maquinaria industrial, selladoras de latas, Maquinas de hacer pastillas, Maquinas de cortar carne...\",\"publisher\":{\"@id\":\"https:\/\/distribucionarc.com\/de\/#organization\"},\"potentialAction\":[{\"@type\":\"SearchAction\",\"target\":{\"@type\":\"EntryPoint\",\"urlTemplate\":\"https:\/\/distribucionarc.com\/de\/?s={search_term_string}\"},\"query-input\":{\"@type\":\"PropertyValueSpecification\",\"valueRequired\":true,\"valueName\":\"search_term_string\"}}],\"inLanguage\":\"pt-PT\"},{\"@type\":\"Organization\",\"@id\":\"https:\/\/distribucionarc.com\/de\/#organization\",\"name\":\"Distribuci\u00f3n ARC\",\"url\":\"https:\/\/distribucionarc.com\/de\/\",\"logo\":{\"@type\":\"ImageObject\",\"inLanguage\":\"pt-PT\",\"@id\":\"https:\/\/distribucionarc.com\/de\/#\/schema\/logo\/image\/\",\"url\":\"https:\/\/distribucionarc.com\/wp-content\/uploads\/2024\/10\/distribucion-ARC-COLOR-SIN-FONDO-e1732295305345.png\",\"contentUrl\":\"https:\/\/distribucionarc.com\/wp-content\/uploads\/2024\/10\/distribucion-ARC-COLOR-SIN-FONDO-e1732295305345.png\",\"width\":1164,\"height\":558,\"caption\":\"Distribuci\u00f3n ARC\"},\"image\":{\"@id\":\"https:\/\/distribucionarc.com\/de\/#\/schema\/logo\/image\/\"},\"description\":\"Empresa especializada en la fabricaci\u00f3n y distribuci\u00f3n de maquinaria industrial para los sectores alimentario y farmac\u00e9utico. Nos especializamos en: M\u00e1quinas de cortar carne Fabricaci\u00f3n de comprimidos Sistemas de transporte industrial L\u00edneas de embotellado Dosificadores Y mucho m\u00e1s... Ofrecemos soluciones innovadoras y personalizadas para optimizar los procesos productivos de tu empresa.\",\"email\":\"Admistracion@distribucionarc.com\",\"telephone\":\"+34 643496664\",\"legalName\":\"ARC TECH SOLUTIONS\",\"foundingDate\":\"2024-04-09\",\"vatID\":\"B55480172\",\"numberOfEmployees\":{\"@type\":\"QuantitativeValue\",\"minValue\":\"1\",\"maxValue\":\"10\"}}]}<\/script>\n<!-- \/ Yoast SEO Premium plugin. -->","yoast_head_json":{"title":"Seladora de latas grande quadrada e circular ANR-170 - distribui\u00e7\u00e3o ARC","robots":{"index":"index","follow":"follow","max-snippet":"max-snippet:-1","max-image-preview":"max-image-preview:large","max-video-preview":"max-video-preview:-1"},"canonical":"https:\/\/www.distribucionarc.com\/fr\/producto\/selladora-de-latas-grandes-cuadradas-y-circulares-anr-170\/","og_locale":"pt_PT","og_type":"article","og_title":"Selladora de latas grandes cuadradas y circulares ANR-170","og_description":"La m\u00e1quina Selladora de latas grandes ANR-170 es un equipo especializado dise\u00f1ado para sellar eficientemente latas redondas y de formas especiales, como las cuadradas, en diversos sectores industriales, incluyendo alimentos, productos qu\u00edmicos, agr\u00edcolas y cosm\u00e9ticos. Su operaci\u00f3n es simple, caracteriz\u00e1ndose por su alta eficiencia y versatilidad en diferentes tipos de sellado. Fabricada con acero de alta calidad (201, 304 y 420), la ANR-170 ofrece durabilidad y resistencia, con una baja tasa de fallos que garantiza una larga vida \u00fatil. Sus principales componentes incluyen el cabezal de sellado, el sistema de control y la base de soporte, lo que facilita su uso y mantenimiento en entornos industriales. Este equipo optimiza el proceso de envasado, mejorando la seguridad y la conservaci\u00f3n de los productos.","og_url":"https:\/\/www.distribucionarc.com\/fr\/producto\/selladora-de-latas-grandes-cuadradas-y-circulares-anr-170\/","og_site_name":"distribuci\u00f3n ARC","article_modified_time":"2024-10-28T22:47:25+00:00","og_image":[{"width":283,"height":457,"url":"https:\/\/www.distribucionarc.com\/wp-content\/uploads\/2024\/10\/Tecnologia-de-Sellado-Preciso-con-la-Selladora-de-latas-grandes.png","type":"image\/png"}],"twitter_card":"summary_large_image","twitter_misc":{"Tempo estimado de leitura":"3 minutos"},"schema":{"@context":"https:\/\/schema.org","@graph":[{"@type":"WebPage","@id":"https:\/\/www.distribucionarc.com\/fr\/producto\/selladora-de-latas-grandes-cuadradas-y-circulares-anr-170\/","url":"https:\/\/www.distribucionarc.com\/fr\/producto\/selladora-de-latas-grandes-cuadradas-y-circulares-anr-170\/","name":"Seladora de latas grande quadrada e circular ANR-170 - distribui\u00e7\u00e3o ARC","isPartOf":{"@id":"https:\/\/distribucionarc.com\/de\/#website"},"primaryImageOfPage":{"@id":"https:\/\/www.distribucionarc.com\/fr\/producto\/selladora-de-latas-grandes-cuadradas-y-circulares-anr-170\/#primaryimage"},"image":{"@id":"https:\/\/www.distribucionarc.com\/fr\/producto\/selladora-de-latas-grandes-cuadradas-y-circulares-anr-170\/#primaryimage"},"thumbnailUrl":"https:\/\/distribucionarc.com\/wp-content\/uploads\/2024\/10\/Tecnologia-de-Sellado-Preciso-con-la-Selladora-de-latas-grandes.png","datePublished":"2024-10-28T19:19:09+00:00","dateModified":"2024-10-28T22:47:25+00:00","breadcrumb":{"@id":"https:\/\/www.distribucionarc.com\/fr\/producto\/selladora-de-latas-grandes-cuadradas-y-circulares-anr-170\/#breadcrumb"},"inLanguage":"pt-PT","potentialAction":[{"@type":"ReadAction","target":["https:\/\/www.distribucionarc.com\/fr\/producto\/selladora-de-latas-grandes-cuadradas-y-circulares-anr-170\/"]}]},{"@type":"ImageObject","inLanguage":"pt-PT","@id":"https:\/\/www.distribucionarc.com\/fr\/producto\/selladora-de-latas-grandes-cuadradas-y-circulares-anr-170\/#primaryimage","url":"https:\/\/distribucionarc.com\/wp-content\/uploads\/2024\/10\/Tecnologia-de-Sellado-Preciso-con-la-Selladora-de-latas-grandes.png","contentUrl":"https:\/\/distribucionarc.com\/wp-content\/uploads\/2024\/10\/Tecnologia-de-Sellado-Preciso-con-la-Selladora-de-latas-grandes.png","width":283,"height":457},{"@type":"BreadcrumbList","@id":"https:\/\/www.distribucionarc.com\/fr\/producto\/selladora-de-latas-grandes-cuadradas-y-circulares-anr-170\/#breadcrumb","itemListElement":[{"@type":"ListItem","position":1,"name":"Portada","item":"https:\/\/distribucionarc.com\/pl\/"},{"@type":"ListItem","position":2,"name":"Produkty","item":"https:\/\/distribucionarc.com\/pl\/shop\/"},{"@type":"ListItem","position":3,"name":"Selladora de latas grandes cuadradas y circulares ANR-170"}]},{"@type":"WebSite","@id":"https:\/\/distribucionarc.com\/de\/#website","url":"https:\/\/distribucionarc.com\/de\/","name":"Distribui\u00e7\u00e3o ARC","description":"Empresa especializada no fabrico e distribui\u00e7\u00e3o de m\u00e1quinas industriais, m\u00e1quinas de selar latas, m\u00e1quinas de fazer comprimidos, m\u00e1quinas de cortar carne...","publisher":{"@id":"https:\/\/distribucionarc.com\/de\/#organization"},"potentialAction":[{"@type":"SearchAction","target":{"@type":"EntryPoint","urlTemplate":"https:\/\/distribucionarc.com\/de\/?s={search_term_string}"},"query-input":{"@type":"PropertyValueSpecification","valueRequired":true,"valueName":"search_term_string"}}],"inLanguage":"pt-PT"},{"@type":"Organization","@id":"https:\/\/distribucionarc.com\/de\/#organization","name":"Distribui\u00e7\u00e3o ARC","url":"https:\/\/distribucionarc.com\/de\/","logo":{"@type":"ImageObject","inLanguage":"pt-PT","@id":"https:\/\/distribucionarc.com\/de\/#\/schema\/logo\/image\/","url":"https:\/\/distribucionarc.com\/wp-content\/uploads\/2024\/10\/distribucion-ARC-COLOR-SIN-FONDO-e1732295305345.png","contentUrl":"https:\/\/distribucionarc.com\/wp-content\/uploads\/2024\/10\/distribucion-ARC-COLOR-SIN-FONDO-e1732295305345.png","width":1164,"height":558,"caption":"Distribuci\u00f3n ARC"},"image":{"@id":"https:\/\/distribucionarc.com\/de\/#\/schema\/logo\/image\/"},"description":"Empresa especializada no fabrico e distribui\u00e7\u00e3o de m\u00e1quinas industriais para os sectores alimentar e farmac\u00eautico. Somos especializados em: M\u00e1quinas de cortar carne Fabrico de comprimidos Sistemas de transporte industrial Linhas de engarrafamento Dispensadores E muito mais... Oferecemos solu\u00e7\u00f5es inovadoras e personalizadas para otimizar os processos de produ\u00e7\u00e3o da sua empresa.","email":"Admistracion@distribucionarc.com","telephone":"+34 643496664","legalName":"ARC TECH SOLUTIONS","foundingDate":"2024-04-09","vatID":"B55480172","numberOfEmployees":{"@type":"QuantitativeValue","minValue":"1","maxValue":"10"}}]}},"_links":{"self":[{"href":"https:\/\/distribucionarc.com\/pt\/wp-json\/wp\/v2\/product\/8212","targetHints":{"allow":["GET"]}}],"collection":[{"href":"https:\/\/distribucionarc.com\/pt\/wp-json\/wp\/v2\/product"}],"about":[{"href":"https:\/\/distribucionarc.com\/pt\/wp-json\/wp\/v2\/types\/product"}],"replies":[{"embeddable":true,"href":"https:\/\/distribucionarc.com\/pt\/wp-json\/wp\/v2\/comments?post=8212"}],"version-history":[{"count":0,"href":"https:\/\/distribucionarc.com\/pt\/wp-json\/wp\/v2\/product\/8212\/revisions"}],"wp:featuredmedia":[{"embeddable":true,"href":"https:\/\/distribucionarc.com\/pt\/wp-json\/wp\/v2\/media\/8215"}],"wp:attachment":[{"href":"https:\/\/distribucionarc.com\/pt\/wp-json\/wp\/v2\/media?parent=8212"}],"wp:term":[{"taxonomy":"product_brand","embeddable":true,"href":"https:\/\/distribucionarc.com\/pt\/wp-json\/wp\/v2\/product_brand?post=8212"},{"taxonomy":"product_cat","embeddable":true,"href":"https:\/\/distribucionarc.com\/pt\/wp-json\/wp\/v2\/product_cat?post=8212"},{"taxonomy":"product_tag","embeddable":true,"href":"https:\/\/distribucionarc.com\/pt\/wp-json\/wp\/v2\/product_tag?post=8212"}],"curies":[{"name":"wp","href":"https:\/\/api.w.org\/{rel}","templated":true}]}}