{"id":872,"date":"2020-07-14T12:32:47","date_gmt":"2020-07-14T12:32:47","guid":{"rendered":"https:\/\/distribucionarc.com\/?post_type=product&#038;p=872"},"modified":"2024-09-05T13:42:32","modified_gmt":"2024-09-05T13:42:32","slug":"maquina-de-panqueca-de-sufle-duplo","status":"publish","type":"product","link":"https:\/\/distribucionarc.com\/pt\/producto\/maquina-de-panqueques-souffle-doble\/","title":{"rendered":"M\u00e1quina de panqueca dupla sufl\u00ea"},"content":{"rendered":"<h2>M\u00e1quina de panqueca dupla sufl\u00ea<\/h2>\n<p>A alta qualidade dos materiais com os quais \u00e9 feito <strong>m\u00e1quina <span style=\"color: #ff0000;\">PARA<\/span><span style=\"color: #0000ff;\">R<\/span>c<\/strong>, lhe dar\u00e1 longa vida, al\u00e9m de estar pronto para amplo uso comercial. Feito de materiais de a\u00e7o inoxid\u00e1vel, espelho de qualidade alimentar, resist\u00eancia ao esmagamento, antiferrugem e \u00e0 prova d&#039;\u00e1gua, garantindo um<strong>\u00a0sufl\u00ea<\/strong> pr\u00eamio. Seu conforto e facilidade tornam esta m\u00e1quina adequada para uso comercial.<\/p>\n<p>Esse <strong>m\u00e1quina de panqueca<\/strong> <strong><span style=\"color: #ff0000;\">PARA<\/span><span style=\"color: #0000ff;\">R<\/span>CMPS1<\/strong> Possui tubo de aquecimento espesso integrado e superf\u00edcie de tratamento t\u00e9rmico constante, este padeiro dorayaki el\u00e9trico antiaderente pode resistir a temperaturas de at\u00e9 250 \u2103. Alta pot\u00eancia 1300W<\/p>\n<p>Esse <strong>m\u00e1quina de sufl\u00ea de panqueca<\/strong> Cont\u00e9m um painel de controle eletr\u00f4nico, que pode controlar com precis\u00e3o a temperatura e o tempo, f\u00e1cil de usar. Controle independente em ambos os lados, capaz de cozinhar dois ingredientes diferentes ao mesmo tempo. As luzes indicadoras apagar\u00e3o assim que a temperatura necess\u00e1ria for atingida<\/p>\n<p><strong>A m\u00e1quina <span style=\"color: #ff0000;\">PARA<\/span><span style=\"color: #0000ff;\">R<\/span>CMPS1<\/strong> <span style=\"color: #008000;\">Adota panela de cobre puro, antiaderente e boa condu\u00e7\u00e3o, para acelerar o aquecimento e reduzir o consumo de energia<\/span>.<\/p>\n<p>Equipado com tampa de a\u00e7o inoxid\u00e1vel em forma de arco e cabo de alimenta\u00e7\u00e3o espesso, mais seguro de usar. Com quatro almofadas antiderrapantes elevadas, o desempenho de dissipa\u00e7\u00e3o de calor \u00e9 maior.<\/p>\n<h6><\/h6>\n<h6><strong>Garantia\u00a0<span style=\"color: #ff0000;\">PARA<\/span><span style=\"color: #0000ff;\">R<\/span>C 2 ANOS<\/strong><\/h6>\n<h6><span style=\"color: #008000;\">M\u00e1quina de sufl\u00ea de panqueca, baixo consumo 2800w<\/span><\/h6>\n<h6><strong>suporte t\u00e9cnico inclu\u00eddo<\/strong><\/h6>\n<p>&nbsp;<\/p>\n<p>&nbsp;<\/p>\n<table role=\"presentation\" width=\"100%\" cellspacing=\"0\" cellpadding=\"0\">\n<tbody>\n<tr>\n<td class=\"attrLabels\">Temperatura:<\/td>\n<td width=\"50.0%\">30-250\u00baC<\/td>\n<\/tr>\n<tr>\n<td class=\"attrLabels\">Pa\u00eds de distribui\u00e7\u00e3o:<\/td>\n<td width=\"50.0%\">Espanha, Alemanha, EUA<\/td>\n<td class=\"attrLabels\">Peso:<\/td>\n<td width=\"50.0%\"><span style=\"font-size: 16px; font-style: normal; font-weight: 400;\">30 <\/span>kg<\/td>\n<\/tr>\n<tr>\n<td class=\"attrLabels\">Marca:<\/td>\n<td width=\"50.0%\">ARCO<\/td>\n<td class=\"attrLabels\">Altura:<\/td>\n<td width=\"50.0%\">62cm<\/td>\n<\/tr>\n<tr>\n<td class=\"attrLabels\">Cor:<\/td>\n<td width=\"50.0%\">Prata<\/td>\n<td class=\"attrLabels\">Longo:<\/td>\n<td width=\"50.0%\">48cm<\/td>\n<\/tr>\n<tr>\n<td class=\"attrLabels\">Tipo de produto:<\/td>\n<td width=\"50.0%\">M\u00e1quina de panqueca sufl\u00ea<\/td>\n<td class=\"attrLabels\">Largo:<\/td>\n<td width=\"50.0%\">29cm<\/td>\n<\/tr>\n<tr>\n<td class=\"attrLabels\">N\u00famero do fabricante:<\/td>\n<td width=\"50.0%\">ARCMPS1<\/td>\n<td class=\"attrLabels\">Poder:<\/td>\n<td width=\"50.0%\">2800W<\/td>\n<\/tr>\n<tr>\n<td class=\"attrLabels\">Material:<\/td>\n<td width=\"50.0%\">a\u00e7o inoxid\u00e1vel, fio espessado, controle de temperatura, panela de cobre<\/td>\n<td class=\"attrLabels\">tens\u00e3o de entrada<\/td>\n<td width=\"50.0%\">220 V \u2013 60 Hz<\/td>\n<\/tr>\n<tr>\n<td class=\"attrLabels\">Inclui:<\/td>\n<td width=\"50.0%\">\u00a02 tampas de a\u00e7o inoxid\u00e1vel<\/p>\n<p>2 esp\u00e1tulas<\/td>\n<td class=\"attrLabels\">Garantia<\/td>\n<td width=\"50.0%\">2 anos<\/td>\n<\/tr>\n<tr>\n<td class=\"attrLabels\">Ferramentas de instala\u00e7\u00e3o:<\/td>\n<td width=\"50.0%\">Sim<\/td>\n<td class=\"attrLabels\"><\/td>\n<td width=\"50.0%\"><\/td>\n<\/tr>\n<\/tbody>\n<\/table>\n<p>&nbsp;<\/p>\n<p>&nbsp;<\/p>","protected":false},"excerpt":{"rendered":"<h2>Fabricante profissional de sufl\u00ea e panqueca dupla<\/h2>\n<p>O <strong>M\u00e1quina Dupla para Souffl\u00e9 e Panqueca<\/strong> \u00c9 o aparelho ideal para preparar qualquer tipo de <strong>sufl\u00ea<\/strong> de forma r\u00e1pida e f\u00e1cil. Com o seu design vers\u00e1til e funcional, permite cozinhar <strong>sufl\u00eas doces<\/strong> e <strong>sufl\u00eas salgados<\/strong> com a textura fofa e leve que caracteriza este prato.<\/p>\n<p>Este equipamento foi projetado para criar uma ampla variedade de <strong>sufl\u00eas doces<\/strong> gosto dele <strong>sufl\u00ea de chocolate<\/strong> Para os amantes do cacau, o <strong>sufl\u00ea de baunilha<\/strong> com um toque suave e cl\u00e1ssico, ou o refrescante <strong>sufl\u00ea de lim\u00e3o<\/strong> para uma sobremesa leve. Voc\u00ea tamb\u00e9m pode explorar op\u00e7\u00f5es mais inovadoras, como <strong>sufl\u00ea de frutas<\/strong> com combina\u00e7\u00f5es como <strong>morangos, p\u00eassegos ou ma\u00e7\u00e3s<\/strong>.<\/p>\n<p>Quanto \u00e0s op\u00e7\u00f5es de <strong>sufl\u00eas salgados<\/strong>, \u00e9 perfeito para preparar o cl\u00e1ssico <strong>sufl\u00ea de queijo<\/strong> com mix de queijos Gruy\u00e8re ou cheddar, o delicioso <strong>sufl\u00ea de presunto e espinafre<\/strong> para uma refei\u00e7\u00e3o completa, ou mesmo o refinado <strong>sufl\u00ea de peixe<\/strong> para quem procura um prato principal leve e nutritivo. Se voc\u00ea gosta de vegetais, o <strong>sufl\u00ea de espinafre<\/strong> ou o <strong>sufl\u00ea de br\u00f3colis e queijo<\/strong> Eles tamb\u00e9m s\u00e3o excelentes alternativas.<\/p>\n<p>Gra\u00e7as ao seu <strong>compartimento duplo<\/strong>, voc\u00ea pode preparar dois pratos ao mesmo tempo, seja um <strong>sufl\u00ea doce<\/strong> para sobremesa ou um <strong>sufl\u00ea salgado<\/strong> como aperitivo ou prato principal, adaptando-se a todas as prefer\u00eancias culin\u00e1rias da sua fam\u00edlia ou convidados.<\/p>","protected":false},"featured_media":879,"comment_status":"open","ping_status":"closed","template":"","meta":{"wds_primary_product_brand":0,"wds_primary_product_cat":0},"product_brand":[],"product_cat":[51],"product_tag":[],"class_list":{"0":"post-872","1":"product","2":"type-product","3":"status-publish","4":"has-post-thumbnail","6":"product_cat-gofreras-profesionales","7":"product_shipping_class-hosteleria","9":"first","10":"instock","11":"taxable","12":"shipping-taxable","13":"purchasable","14":"product-type-simple"},"yoast_head":"<!-- This site is optimized with the Yoast SEO Premium plugin v24.9 (Yoast SEO v26.1) - https:\/\/yoast.com\/wordpress\/plugins\/seo\/ -->\n<title>M\u00e1quina de panqueques souffl\u00e9 doble - distribuci\u00f3n ARC<\/title>\n<meta name=\"robots\" content=\"index, follow, max-snippet:-1, max-image-preview:large, max-video-preview:-1\" \/>\n<link rel=\"canonical\" href=\"https:\/\/www.distribucionarc.com\/it\/producto\/maquina-de-panqueques-souffle-doble\/\" \/>\n<meta property=\"og:locale\" content=\"pt_PT\" \/>\n<meta property=\"og:type\" content=\"article\" \/>\n<meta property=\"og:title\" content=\"M\u00e1quina de panqueques souffl\u00e9 doble\" \/>\n<meta property=\"og:description\" content=\"M\u00e1quina de hacer Souffl\u00e9 Profesional y Panqueques Doble La M\u00e1quina de hacer souffl\u00e9 y panqueques doble es el aparato ideal para preparar cualquier tipo de souffl\u00e9 de manera r\u00e1pida y sencilla. Con su dise\u00f1o vers\u00e1til y funcional, permite cocinar souffl\u00e9s dulces y souffl\u00e9s salados con la textura esponjosa y ligera que caracteriza a este plato.  Este equipo est\u00e1 dise\u00f1ado para crear una amplia variedad de souffl\u00e9s dulces como el souffl\u00e9 de chocolate para los amantes del cacao, el souffl\u00e9 de vainilla con un toque suave y cl\u00e1sico, o el refrescante souffl\u00e9 de lim\u00f3n para un postre ligero. Tambi\u00e9n puedes explorar opciones m\u00e1s innovadoras como el souffl\u00e9 de frutas con combinaciones como fresas, duraznos o manzanas.  En cuanto a las opciones de souffl\u00e9s salados, es perfecta para preparar el cl\u00e1sico souffl\u00e9 de queso con una mezcla de quesos gruy\u00e8re o cheddar, el delicioso souffl\u00e9 de jam\u00f3n y espinacas para una comida completa, o incluso el refinado souffl\u00e9 de pescado para quienes buscan un plato principal ligero y nutritivo. Si te gustan los vegetales, el souffl\u00e9 de espinacas o el souffl\u00e9 de br\u00f3coli y queso tambi\u00e9n son excelentes alternativas.  Gracias a su doble compartimiento, puedes preparar dos platos al mismo tiempo, ya sea un souffl\u00e9 dulce para el postre o un souffl\u00e9 salado como entrada o plato principal, adapt\u00e1ndose a todas las preferencias culinarias de tu familia o invitados.\" \/>\n<meta property=\"og:url\" content=\"https:\/\/www.distribucionarc.com\/it\/producto\/maquina-de-panqueques-souffle-doble\/\" \/>\n<meta property=\"og:site_name\" content=\"distribuci\u00f3n ARC\" \/>\n<meta property=\"article:modified_time\" content=\"2024-09-05T13:42:32+00:00\" \/>\n<meta property=\"og:image\" content=\"https:\/\/distribucionarc.com\/wp-content\/uploads\/2020\/07\/M\u00e1quina-de-panqueques-Souffl\u00e9-doble-0.jpg\" \/>\n\t<meta property=\"og:image:width\" content=\"1600\" \/>\n\t<meta property=\"og:image:height\" content=\"1600\" \/>\n\t<meta property=\"og:image:type\" content=\"image\/jpeg\" \/>\n<meta name=\"twitter:card\" content=\"summary_large_image\" \/>\n<meta name=\"twitter:label1\" content=\"Tempo estimado de leitura\" \/>\n\t<meta name=\"twitter:data1\" content=\"2 minutos\" \/>\n<script type=\"application\/ld+json\" class=\"yoast-schema-graph\">{\"@context\":\"https:\/\/schema.org\",\"@graph\":[{\"@type\":\"WebPage\",\"@id\":\"https:\/\/www.distribucionarc.com\/it\/producto\/maquina-de-panqueques-souffle-doble\/\",\"url\":\"https:\/\/www.distribucionarc.com\/it\/producto\/maquina-de-panqueques-souffle-doble\/\",\"name\":\"M\u00e1quina de panqueques souffl\u00e9 doble - distribuci\u00f3n ARC\",\"isPartOf\":{\"@id\":\"https:\/\/distribucionarc.com\/bg\/#website\"},\"primaryImageOfPage\":{\"@id\":\"https:\/\/www.distribucionarc.com\/it\/producto\/maquina-de-panqueques-souffle-doble\/#primaryimage\"},\"image\":{\"@id\":\"https:\/\/www.distribucionarc.com\/it\/producto\/maquina-de-panqueques-souffle-doble\/#primaryimage\"},\"thumbnailUrl\":\"https:\/\/distribucionarc.com\/wp-content\/uploads\/2020\/07\/M\u00e1quina-de-panqueques-Souffl\u00e9-doble-0.jpg\",\"datePublished\":\"2020-07-14T12:32:47+00:00\",\"dateModified\":\"2024-09-05T13:42:32+00:00\",\"breadcrumb\":{\"@id\":\"https:\/\/www.distribucionarc.com\/it\/producto\/maquina-de-panqueques-souffle-doble\/#breadcrumb\"},\"inLanguage\":\"pt-PT\",\"potentialAction\":[{\"@type\":\"ReadAction\",\"target\":[\"https:\/\/www.distribucionarc.com\/it\/producto\/maquina-de-panqueques-souffle-doble\/\"]}]},{\"@type\":\"ImageObject\",\"inLanguage\":\"pt-PT\",\"@id\":\"https:\/\/www.distribucionarc.com\/it\/producto\/maquina-de-panqueques-souffle-doble\/#primaryimage\",\"url\":\"https:\/\/distribucionarc.com\/wp-content\/uploads\/2020\/07\/M\u00e1quina-de-panqueques-Souffl\u00e9-doble-0.jpg\",\"contentUrl\":\"https:\/\/distribucionarc.com\/wp-content\/uploads\/2020\/07\/M\u00e1quina-de-panqueques-Souffl\u00e9-doble-0.jpg\",\"width\":1600,\"height\":1600,\"caption\":\"M\u00e1quina de panqueques souffl\u00e9 doble\"},{\"@type\":\"BreadcrumbList\",\"@id\":\"https:\/\/www.distribucionarc.com\/it\/producto\/maquina-de-panqueques-souffle-doble\/#breadcrumb\",\"itemListElement\":[{\"@type\":\"ListItem\",\"position\":1,\"name\":\"Portada\",\"item\":\"https:\/\/distribucionarc.com\/nb\/\"},{\"@type\":\"ListItem\",\"position\":2,\"name\":\"Products\",\"item\":\"https:\/\/www.distribucionarc.com\/en\/shop\/\"},{\"@type\":\"ListItem\",\"position\":3,\"name\":\"M\u00e1quina de panqueques souffl\u00e9 doble\"}]},{\"@type\":\"WebSite\",\"@id\":\"https:\/\/distribucionarc.com\/bg\/#website\",\"url\":\"https:\/\/distribucionarc.com\/bg\/\",\"name\":\"distribuci\u00f3n ARC\",\"description\":\"Empresa especializada en la fabricaci\u00f3n y distribuci\u00f3n de maquinaria industrial, selladoras de latas, Maquinas de hacer pastillas, Maquinas de cortar carne...\",\"publisher\":{\"@id\":\"https:\/\/distribucionarc.com\/bg\/#organization\"},\"potentialAction\":[{\"@type\":\"SearchAction\",\"target\":{\"@type\":\"EntryPoint\",\"urlTemplate\":\"https:\/\/distribucionarc.com\/bg\/?s={search_term_string}\"},\"query-input\":{\"@type\":\"PropertyValueSpecification\",\"valueRequired\":true,\"valueName\":\"search_term_string\"}}],\"inLanguage\":\"pt-PT\"},{\"@type\":\"Organization\",\"@id\":\"https:\/\/distribucionarc.com\/bg\/#organization\",\"name\":\"Distribuci\u00f3n ARC\",\"url\":\"https:\/\/distribucionarc.com\/bg\/\",\"logo\":{\"@type\":\"ImageObject\",\"inLanguage\":\"pt-PT\",\"@id\":\"https:\/\/distribucionarc.com\/bg\/#\/schema\/logo\/image\/\",\"url\":\"https:\/\/distribucionarc.com\/wp-content\/uploads\/2024\/10\/distribucion-ARC-COLOR-SIN-FONDO-e1732295305345.png\",\"contentUrl\":\"https:\/\/distribucionarc.com\/wp-content\/uploads\/2024\/10\/distribucion-ARC-COLOR-SIN-FONDO-e1732295305345.png\",\"width\":1164,\"height\":558,\"caption\":\"Distribuci\u00f3n ARC\"},\"image\":{\"@id\":\"https:\/\/distribucionarc.com\/bg\/#\/schema\/logo\/image\/\"},\"description\":\"Empresa especializada en la fabricaci\u00f3n y distribuci\u00f3n de maquinaria industrial para los sectores alimentario y farmac\u00e9utico. Nos especializamos en: M\u00e1quinas de cortar carne Fabricaci\u00f3n de comprimidos Sistemas de transporte industrial L\u00edneas de embotellado Dosificadores Y mucho m\u00e1s... Ofrecemos soluciones innovadoras y personalizadas para optimizar los procesos productivos de tu empresa.\",\"email\":\"Admistracion@distribucionarc.com\",\"telephone\":\"+34 643496664\",\"legalName\":\"ARC TECH SOLUTIONS\",\"foundingDate\":\"2024-04-09\",\"vatID\":\"B55480172\",\"numberOfEmployees\":{\"@type\":\"QuantitativeValue\",\"minValue\":\"1\",\"maxValue\":\"10\"}}]}<\/script>\n<!-- \/ Yoast SEO Premium plugin. -->","yoast_head_json":{"title":"M\u00e1quina de panqueca dupla sufl\u00ea - distribui\u00e7\u00e3o ARC","robots":{"index":"index","follow":"follow","max-snippet":"max-snippet:-1","max-image-preview":"max-image-preview:large","max-video-preview":"max-video-preview:-1"},"canonical":"https:\/\/www.distribucionarc.com\/it\/producto\/maquina-de-panqueques-souffle-doble\/","og_locale":"pt_PT","og_type":"article","og_title":"M\u00e1quina de panqueques souffl\u00e9 doble","og_description":"M\u00e1quina de hacer Souffl\u00e9 Profesional y Panqueques Doble La M\u00e1quina de hacer souffl\u00e9 y panqueques doble es el aparato ideal para preparar cualquier tipo de souffl\u00e9 de manera r\u00e1pida y sencilla. Con su dise\u00f1o vers\u00e1til y funcional, permite cocinar souffl\u00e9s dulces y souffl\u00e9s salados con la textura esponjosa y ligera que caracteriza a este plato.  Este equipo est\u00e1 dise\u00f1ado para crear una amplia variedad de souffl\u00e9s dulces como el souffl\u00e9 de chocolate para los amantes del cacao, el souffl\u00e9 de vainilla con un toque suave y cl\u00e1sico, o el refrescante souffl\u00e9 de lim\u00f3n para un postre ligero. Tambi\u00e9n puedes explorar opciones m\u00e1s innovadoras como el souffl\u00e9 de frutas con combinaciones como fresas, duraznos o manzanas.  En cuanto a las opciones de souffl\u00e9s salados, es perfecta para preparar el cl\u00e1sico souffl\u00e9 de queso con una mezcla de quesos gruy\u00e8re o cheddar, el delicioso souffl\u00e9 de jam\u00f3n y espinacas para una comida completa, o incluso el refinado souffl\u00e9 de pescado para quienes buscan un plato principal ligero y nutritivo. Si te gustan los vegetales, el souffl\u00e9 de espinacas o el souffl\u00e9 de br\u00f3coli y queso tambi\u00e9n son excelentes alternativas.  Gracias a su doble compartimiento, puedes preparar dos platos al mismo tiempo, ya sea un souffl\u00e9 dulce para el postre o un souffl\u00e9 salado como entrada o plato principal, adapt\u00e1ndose a todas las preferencias culinarias de tu familia o invitados.","og_url":"https:\/\/www.distribucionarc.com\/it\/producto\/maquina-de-panqueques-souffle-doble\/","og_site_name":"distribuci\u00f3n ARC","article_modified_time":"2024-09-05T13:42:32+00:00","og_image":[{"width":1600,"height":1600,"url":"https:\/\/distribucionarc.com\/wp-content\/uploads\/2020\/07\/M\u00e1quina-de-panqueques-Souffl\u00e9-doble-0.jpg","type":"image\/jpeg"}],"twitter_card":"summary_large_image","twitter_misc":{"Tempo estimado de leitura":"2 minutos"},"schema":{"@context":"https:\/\/schema.org","@graph":[{"@type":"WebPage","@id":"https:\/\/www.distribucionarc.com\/it\/producto\/maquina-de-panqueques-souffle-doble\/","url":"https:\/\/www.distribucionarc.com\/it\/producto\/maquina-de-panqueques-souffle-doble\/","name":"M\u00e1quina de panqueca dupla sufl\u00ea - distribui\u00e7\u00e3o ARC","isPartOf":{"@id":"https:\/\/distribucionarc.com\/bg\/#website"},"primaryImageOfPage":{"@id":"https:\/\/www.distribucionarc.com\/it\/producto\/maquina-de-panqueques-souffle-doble\/#primaryimage"},"image":{"@id":"https:\/\/www.distribucionarc.com\/it\/producto\/maquina-de-panqueques-souffle-doble\/#primaryimage"},"thumbnailUrl":"https:\/\/distribucionarc.com\/wp-content\/uploads\/2020\/07\/M\u00e1quina-de-panqueques-Souffl\u00e9-doble-0.jpg","datePublished":"2020-07-14T12:32:47+00:00","dateModified":"2024-09-05T13:42:32+00:00","breadcrumb":{"@id":"https:\/\/www.distribucionarc.com\/it\/producto\/maquina-de-panqueques-souffle-doble\/#breadcrumb"},"inLanguage":"pt-PT","potentialAction":[{"@type":"ReadAction","target":["https:\/\/www.distribucionarc.com\/it\/producto\/maquina-de-panqueques-souffle-doble\/"]}]},{"@type":"ImageObject","inLanguage":"pt-PT","@id":"https:\/\/www.distribucionarc.com\/it\/producto\/maquina-de-panqueques-souffle-doble\/#primaryimage","url":"https:\/\/distribucionarc.com\/wp-content\/uploads\/2020\/07\/M\u00e1quina-de-panqueques-Souffl\u00e9-doble-0.jpg","contentUrl":"https:\/\/distribucionarc.com\/wp-content\/uploads\/2020\/07\/M\u00e1quina-de-panqueques-Souffl\u00e9-doble-0.jpg","width":1600,"height":1600,"caption":"M\u00e1quina de panqueques souffl\u00e9 doble"},{"@type":"BreadcrumbList","@id":"https:\/\/www.distribucionarc.com\/it\/producto\/maquina-de-panqueques-souffle-doble\/#breadcrumb","itemListElement":[{"@type":"ListItem","position":1,"name":"Portada","item":"https:\/\/distribucionarc.com\/nb\/"},{"@type":"ListItem","position":2,"name":"Products","item":"https:\/\/www.distribucionarc.com\/en\/shop\/"},{"@type":"ListItem","position":3,"name":"M\u00e1quina de panqueques souffl\u00e9 doble"}]},{"@type":"WebSite","@id":"https:\/\/distribucionarc.com\/bg\/#website","url":"https:\/\/distribucionarc.com\/bg\/","name":"Distribui\u00e7\u00e3o ARC","description":"Empresa especializada no fabrico e distribui\u00e7\u00e3o de m\u00e1quinas industriais, m\u00e1quinas de selar latas, m\u00e1quinas de fazer comprimidos, m\u00e1quinas de cortar carne...","publisher":{"@id":"https:\/\/distribucionarc.com\/bg\/#organization"},"potentialAction":[{"@type":"SearchAction","target":{"@type":"EntryPoint","urlTemplate":"https:\/\/distribucionarc.com\/bg\/?s={search_term_string}"},"query-input":{"@type":"PropertyValueSpecification","valueRequired":true,"valueName":"search_term_string"}}],"inLanguage":"pt-PT"},{"@type":"Organization","@id":"https:\/\/distribucionarc.com\/bg\/#organization","name":"Distribui\u00e7\u00e3o ARC","url":"https:\/\/distribucionarc.com\/bg\/","logo":{"@type":"ImageObject","inLanguage":"pt-PT","@id":"https:\/\/distribucionarc.com\/bg\/#\/schema\/logo\/image\/","url":"https:\/\/distribucionarc.com\/wp-content\/uploads\/2024\/10\/distribucion-ARC-COLOR-SIN-FONDO-e1732295305345.png","contentUrl":"https:\/\/distribucionarc.com\/wp-content\/uploads\/2024\/10\/distribucion-ARC-COLOR-SIN-FONDO-e1732295305345.png","width":1164,"height":558,"caption":"Distribuci\u00f3n ARC"},"image":{"@id":"https:\/\/distribucionarc.com\/bg\/#\/schema\/logo\/image\/"},"description":"Empresa especializada no fabrico e distribui\u00e7\u00e3o de m\u00e1quinas industriais para os sectores alimentar e farmac\u00eautico. Somos especializados em: M\u00e1quinas de cortar carne Fabrico de comprimidos Sistemas de transporte industrial Linhas de engarrafamento Dispensadores E muito mais... Oferecemos solu\u00e7\u00f5es inovadoras e personalizadas para otimizar os processos de produ\u00e7\u00e3o da sua empresa.","email":"Admistracion@distribucionarc.com","telephone":"+34 643496664","legalName":"ARC TECH SOLUTIONS","foundingDate":"2024-04-09","vatID":"B55480172","numberOfEmployees":{"@type":"QuantitativeValue","minValue":"1","maxValue":"10"}}]}},"_links":{"self":[{"href":"https:\/\/distribucionarc.com\/pt\/wp-json\/wp\/v2\/product\/872","targetHints":{"allow":["GET"]}}],"collection":[{"href":"https:\/\/distribucionarc.com\/pt\/wp-json\/wp\/v2\/product"}],"about":[{"href":"https:\/\/distribucionarc.com\/pt\/wp-json\/wp\/v2\/types\/product"}],"replies":[{"embeddable":true,"href":"https:\/\/distribucionarc.com\/pt\/wp-json\/wp\/v2\/comments?post=872"}],"version-history":[{"count":0,"href":"https:\/\/distribucionarc.com\/pt\/wp-json\/wp\/v2\/product\/872\/revisions"}],"wp:featuredmedia":[{"embeddable":true,"href":"https:\/\/distribucionarc.com\/pt\/wp-json\/wp\/v2\/media\/879"}],"wp:attachment":[{"href":"https:\/\/distribucionarc.com\/pt\/wp-json\/wp\/v2\/media?parent=872"}],"wp:term":[{"taxonomy":"product_brand","embeddable":true,"href":"https:\/\/distribucionarc.com\/pt\/wp-json\/wp\/v2\/product_brand?post=872"},{"taxonomy":"product_cat","embeddable":true,"href":"https:\/\/distribucionarc.com\/pt\/wp-json\/wp\/v2\/product_cat?post=872"},{"taxonomy":"product_tag","embeddable":true,"href":"https:\/\/distribucionarc.com\/pt\/wp-json\/wp\/v2\/product_tag?post=872"}],"curies":[{"name":"wp","href":"https:\/\/api.w.org\/{rel}","templated":true}]}}