{"id":901,"date":"2020-07-14T16:13:43","date_gmt":"2020-07-14T16:13:43","guid":{"rendered":"https:\/\/distribucionarc.com\/?post_type=product&#038;p=901"},"modified":"2020-09-26T15:46:27","modified_gmt":"2020-09-26T15:46:27","slug":"maquina-para-mini-waffles-coracao","status":"publish","type":"product","link":"https:\/\/distribucionarc.com\/pt\/producto\/maquina-para-mini-gofres-corazon\/","title":{"rendered":"Mini m\u00e1quina de panqueca de cora\u00e7\u00e3o"},"content":{"rendered":"<h3>Mini m\u00e1quina de panqueca de cora\u00e7\u00e3o<\/h3>\n<p>&nbsp;<\/p>\n<p>O <strong>m\u00e1quina de waffles<\/strong> <strong><span style=\"color: #ff0000;\">PARA<\/span><span style=\"color: #0000ff;\">R<\/span>CMGC2<\/strong> \u00c9 equipado com placas de ferro fundido e uma bandeja coletora remov\u00edvel de a\u00e7o inoxid\u00e1vel arredondada. As assadeiras s\u00e3o antiaderentes com alta condutividade t\u00e9rmica, o que <span style=\"color: #008000;\"><strong>Favorecem o baixo consumo el\u00e9trico da m\u00e1quina de waffles<\/strong><\/span>.<\/p>\n<p>A parte de aquecimento \u00e9 separada, para que as altas temperaturas n\u00e3o cheguem ao fundo da m\u00e1quina, os componentes eletr\u00f4nicos dentro do corpo ficam protegidos e permitem que ela dure mais anos. \u00c9 muito f\u00e1cil de limpar. Os usu\u00e1rios s\u00f3 precisam usar um pano seco ou \u00famido para limpar a superf\u00edcie, n\u00e3o h\u00e1 necessidade de lav\u00e1-los com \u00e1gua<\/p>\n<p>Este produto \u00e9 muito adequado para assar alimentos <strong>lojas<\/strong>, <strong>restaurantes<\/strong>, <strong>fornos<\/strong>, <strong>sorveterias,<\/strong> etc. Seu sistema eficaz ir\u00e1 ajud\u00e1-lo a fornecer comida quente ao cliente da maneira mais conveniente e simples.<\/p>\n<p>A placa de ferro fundido altamente condutora espalha o calor uniformemente, com a m\u00e1quina de waffles <strong><span style=\"color: #ff0000;\">PARA<\/span><span style=\"color: #0000ff;\">R<\/span>c<\/strong> pode assar at\u00e9 50 pequenos <strong>waffles<\/strong> com formato de cora\u00e7\u00e3o de cada vez, levar\u00e1 apenas 3-5 minutos, o dispositivo de luz ir\u00e1 lembr\u00e1-lo quando o <strong>waffles<\/strong> e a que horas <strong>m\u00e1quina de waffles<\/strong> Chegou ao seu ponto quente.<\/p>\n<p>&nbsp;<\/p>\n<h6><strong>Garantia<span style=\"color: #ff0000;\">\u00a0PARA<\/span><span style=\"color: #0000ff;\">R<\/span>C 2 ANOS<\/strong><\/h6>\n<h6><span style=\"color: #008000;\">Mini m\u00e1quina de waffle de cora\u00e7\u00e3o eficiente, baixo consumo 1600w<\/span><\/h6>\n<h6><strong>suporte t\u00e9cnico inclu\u00eddo<\/strong><\/h6>\n<p>&nbsp;<\/p>\n<table role=\"presentation\" width=\"100%\" cellspacing=\"0\" cellpadding=\"0\">\n<tbody>\n<tr>\n<td class=\"attrLabels\">Temperatura:<\/td>\n<td width=\"50.0%\">0-300\u00baC<\/td>\n<\/tr>\n<tr>\n<td class=\"attrLabels\">Pa\u00eds de distribui\u00e7\u00e3o:<\/td>\n<td width=\"50.0%\">Espanha, Alemanha, EUA<\/td>\n<td class=\"attrLabels\">Peso:<\/td>\n<td width=\"50.0%\">10,5kg<\/td>\n<\/tr>\n<tr>\n<td class=\"attrLabels\">Marca:<\/td>\n<td width=\"50.0%\">ARCO<\/td>\n<td class=\"attrLabels\">Altura:<\/td>\n<td width=\"50.0%\">11,6 cm<\/td>\n<\/tr>\n<tr>\n<td class=\"attrLabels\">Cor:<\/td>\n<td width=\"50.0%\">Prata<\/td>\n<td class=\"attrLabels\">Longo:<\/td>\n<td width=\"50.0%\">\u00a027,6 cm<\/td>\n<\/tr>\n<tr>\n<td class=\"attrLabels\">Tipo de produto:<\/td>\n<td width=\"50.0%\">M\u00e1quina de waffle de cora\u00e7\u00e3o<\/td>\n<td class=\"attrLabels\">Largo:<\/td>\n<td width=\"50.0%\">16,5 cm<\/td>\n<\/tr>\n<tr>\n<td class=\"attrLabels\">N\u00famero do fabricante:<\/td>\n<td width=\"50.0%\">ARCMGC2<\/td>\n<td class=\"attrLabels\">Poder:<\/td>\n<td width=\"50.0%\">2800W<\/td>\n<\/tr>\n<tr>\n<td class=\"attrLabels\">Material:<\/td>\n<td width=\"50.0%\">a\u00e7o inoxid\u00e1vel, placa de Teflon, controle de temperatura<\/td>\n<td class=\"attrLabels\">tens\u00e3o de entrada<\/td>\n<td width=\"50.0%\">220 V \u2013 60 Hz<\/td>\n<\/tr>\n<tr>\n<td class=\"attrLabels\">Tamanho do cora\u00e7\u00e3o:<\/td>\n<td width=\"50.0%\">4cm<\/td>\n<td class=\"attrLabels\">Garantia:<\/td>\n<td width=\"50.0%\">2 ANOS<\/td>\n<\/tr>\n<tr>\n<td class=\"attrLabels\">Ferramentas de instala\u00e7\u00e3o:<\/td>\n<td width=\"50.0%\">Sim<\/td>\n<td class=\"attrLabels\">Produ\u00e7\u00e3o:<\/td>\n<td width=\"50.0%\">50 pe\u00e7as<\/td>\n<\/tr>\n<\/tbody>\n<\/table>\n<p>&nbsp;<\/p>\n<h3><\/h3>","protected":false},"excerpt":{"rendered":"<h2>Mini m\u00e1quina de panqueca de cora\u00e7\u00e3o<\/h2>\n<p>Ele <strong>waffle<\/strong> \u00c9 a comida preferida da maioria das pessoas e com o <strong>m\u00e1quina de waffles<\/strong> de<strong><span style=\"color: #ff0000;\"> PARA<\/span><span style=\"color: #0000ff;\">R<\/span>c<\/strong> Voc\u00ea pode torn\u00e1-los ainda mais atraentes devido ao design do cora\u00e7\u00e3o, fazendo com que seus clientes se apaixonem pelo seu delicioso sabor.<\/p>\n<p><strong><span style=\"color: #ff0000;\">PARA<\/span><span style=\"color: #0000ff;\">R<\/span>CMGC2<\/strong> Ele foi projetado para assar <strong>waffles<\/strong> mais fofinho e tostado em formato de mini cora\u00e7\u00e3o. Composto por duas placas, pode ser utilizado para fazer <strong>50 unidades de waffles<\/strong> de cada vez e este processo leva apenas 5-8 minutos, desta forma voc\u00ea pode obter uma produ\u00e7\u00e3o de 100 <strong>mini<\/strong> <strong>waffles<\/strong> em 10 minutos. Al\u00e9m disso, possui um estilo novo, f\u00e1cil de usar, controle autom\u00e1tico de temperatura, <strong><span style=\"color: #008000;\">baixo consumo de energia<\/span><\/strong>, velocidade de aquecimento r\u00e1pida.<\/p>\n<h6><\/h6>\n<h6><strong>Garantia<span style=\"color: #ff0000;\">\u00a0PARA<\/span><span style=\"color: #0000ff;\">R<\/span>C 2 ANOS<\/strong><\/h6>\n<h6><span style=\"color: #008000;\">Mini m\u00e1quina de waffle de cora\u00e7\u00e3o eficiente, baixo consumo 1600w<\/span><\/h6>\n<h6><strong>suporte t\u00e9cnico inclu\u00eddo<\/strong><\/h6>","protected":false},"featured_media":902,"comment_status":"open","ping_status":"closed","template":"","meta":{"wds_primary_product_brand":0,"wds_primary_product_cat":0},"product_brand":[],"product_cat":[51],"product_tag":[],"class_list":{"0":"post-901","1":"product","2":"type-product","3":"status-publish","4":"has-post-thumbnail","6":"product_cat-gofreras-profesionales","7":"product_shipping_class-hosteleria","9":"first","10":"instock","11":"sale","12":"taxable","13":"shipping-taxable","14":"purchasable","15":"product-type-simple"},"yoast_head":"<!-- This site is optimized with the Yoast SEO Premium plugin v24.9 (Yoast SEO v26.1) - https:\/\/yoast.com\/wordpress\/plugins\/seo\/ -->\n<title>M\u00e1quina para mini pancakes coraz\u00f3n - distribuci\u00f3n ARC<\/title>\n<meta name=\"robots\" content=\"index, follow, max-snippet:-1, max-image-preview:large, max-video-preview:-1\" \/>\n<link rel=\"canonical\" href=\"https:\/\/distribucionarc.com\/pt\/produto\/maquina-para-mini-waffles-coracao\/\" \/>\n<meta property=\"og:locale\" content=\"pt_PT\" \/>\n<meta property=\"og:type\" content=\"article\" \/>\n<meta property=\"og:title\" content=\"M\u00e1quina para mini pancakes coraz\u00f3n\" \/>\n<meta property=\"og:description\" content=\"M\u00e1quina para mini pancakes coraz\u00f3n El gofre es la comida favorita de la mayor\u00eda de la gente y con la m\u00e1quina de gofres de ARC puedes conseguir que sean a\u00fan m\u00e1s atractivos por su dise\u00f1o de coraz\u00f3n enamorando a tus clientes con su delicioso sabor.  ARCMGC2 est\u00e1 dise\u00f1ada para hornear los gofres m\u00e1s esponjosos y tostados en forma de mini coraz\u00f3n. Compuesto de dos placas, se puede utilizar para hacer 50pcs gofres a la vez y este proceso s\u00f3lo toma 5-8 minutos de esta forma puedes obtener una producci\u00f3n de 100 mini gofres en 10 min. Adem\u00e1s, cuenta con estilo novedoso, f\u00e1cil de utilizar, control autom\u00e1tico de la temperatura, bajo consumo de energ\u00eda, velocidad de calentamiento r\u00e1pida.  Garant\u00eda\u00a0ARC 2 A\u00d1OS Maquina para mini gofres coraz\u00f3n eficiente, bajo consumo 1600w soporte t\u00e9cnico\u00a0incluido\" \/>\n<meta property=\"og:url\" content=\"https:\/\/distribucionarc.com\/pt\/produto\/maquina-para-mini-waffles-coracao\/\" \/>\n<meta property=\"og:site_name\" content=\"distribuci\u00f3n ARC\" \/>\n<meta property=\"article:modified_time\" content=\"2020-09-26T15:46:27+00:00\" \/>\n<meta property=\"og:image\" content=\"https:\/\/distribucionarc.com\/wp-content\/uploads\/2020\/07\/M\u00e1quina-para-mini-gofres-coraz\u00f3n-5.jpg\" \/>\n\t<meta property=\"og:image:width\" content=\"1001\" \/>\n\t<meta property=\"og:image:height\" content=\"1001\" \/>\n\t<meta property=\"og:image:type\" content=\"image\/jpeg\" \/>\n<meta name=\"twitter:card\" content=\"summary_large_image\" \/>\n<meta name=\"twitter:label1\" content=\"Tempo estimado de leitura\" \/>\n\t<meta name=\"twitter:data1\" content=\"2 minutos\" \/>\n<script type=\"application\/ld+json\" class=\"yoast-schema-graph\">{\"@context\":\"https:\/\/schema.org\",\"@graph\":[{\"@type\":\"WebPage\",\"@id\":\"https:\/\/distribucionarc.com\/sl\/producto\/maquina-para-mini-gofres-corazon\/\",\"url\":\"https:\/\/distribucionarc.com\/sl\/producto\/maquina-para-mini-gofres-corazon\/\",\"name\":\"M\u00e1quina para mini pancakes coraz\u00f3n - distribuci\u00f3n ARC\",\"isPartOf\":{\"@id\":\"https:\/\/distribucionarc.com\/de\/#website\"},\"primaryImageOfPage\":{\"@id\":\"https:\/\/distribucionarc.com\/sl\/producto\/maquina-para-mini-gofres-corazon\/#primaryimage\"},\"image\":{\"@id\":\"https:\/\/distribucionarc.com\/sl\/producto\/maquina-para-mini-gofres-corazon\/#primaryimage\"},\"thumbnailUrl\":\"https:\/\/distribucionarc.com\/wp-content\/uploads\/2020\/07\/M\u00e1quina-para-mini-gofres-coraz\u00f3n-5.jpg\",\"datePublished\":\"2020-07-14T16:13:43+00:00\",\"dateModified\":\"2020-09-26T15:46:27+00:00\",\"breadcrumb\":{\"@id\":\"https:\/\/distribucionarc.com\/sl\/producto\/maquina-para-mini-gofres-corazon\/#breadcrumb\"},\"inLanguage\":\"pt-PT\",\"potentialAction\":[{\"@type\":\"ReadAction\",\"target\":[\"https:\/\/distribucionarc.com\/sl\/producto\/maquina-para-mini-gofres-corazon\/\"]}]},{\"@type\":\"ImageObject\",\"inLanguage\":\"pt-PT\",\"@id\":\"https:\/\/distribucionarc.com\/sl\/producto\/maquina-para-mini-gofres-corazon\/#primaryimage\",\"url\":\"https:\/\/distribucionarc.com\/wp-content\/uploads\/2020\/07\/M\u00e1quina-para-mini-gofres-coraz\u00f3n-5.jpg\",\"contentUrl\":\"https:\/\/distribucionarc.com\/wp-content\/uploads\/2020\/07\/M\u00e1quina-para-mini-gofres-coraz\u00f3n-5.jpg\",\"width\":1001,\"height\":1001,\"caption\":\"maquina para mini gofres coraz\u00f3n\"},{\"@type\":\"BreadcrumbList\",\"@id\":\"https:\/\/distribucionarc.com\/sl\/producto\/maquina-para-mini-gofres-corazon\/#breadcrumb\",\"itemListElement\":[{\"@type\":\"ListItem\",\"position\":1,\"name\":\"Portada\",\"item\":\"https:\/\/distribucionarc.com\/pl\/\"},{\"@type\":\"ListItem\",\"position\":2,\"name\":\"Produkty\",\"item\":\"https:\/\/distribucionarc.com\/pl\/shop\/\"},{\"@type\":\"ListItem\",\"position\":3,\"name\":\"M\u00e1quina para mini pancakes coraz\u00f3n\"}]},{\"@type\":\"WebSite\",\"@id\":\"https:\/\/distribucionarc.com\/de\/#website\",\"url\":\"https:\/\/distribucionarc.com\/de\/\",\"name\":\"distribuci\u00f3n ARC\",\"description\":\"Empresa especializada en la fabricaci\u00f3n y distribuci\u00f3n de maquinaria industrial, selladoras de latas, Maquinas de hacer pastillas, Maquinas de cortar carne...\",\"publisher\":{\"@id\":\"https:\/\/distribucionarc.com\/de\/#organization\"},\"potentialAction\":[{\"@type\":\"SearchAction\",\"target\":{\"@type\":\"EntryPoint\",\"urlTemplate\":\"https:\/\/distribucionarc.com\/de\/?s={search_term_string}\"},\"query-input\":{\"@type\":\"PropertyValueSpecification\",\"valueRequired\":true,\"valueName\":\"search_term_string\"}}],\"inLanguage\":\"pt-PT\"},{\"@type\":\"Organization\",\"@id\":\"https:\/\/distribucionarc.com\/de\/#organization\",\"name\":\"Distribuci\u00f3n ARC\",\"url\":\"https:\/\/distribucionarc.com\/de\/\",\"logo\":{\"@type\":\"ImageObject\",\"inLanguage\":\"pt-PT\",\"@id\":\"https:\/\/distribucionarc.com\/de\/#\/schema\/logo\/image\/\",\"url\":\"https:\/\/distribucionarc.com\/wp-content\/uploads\/2024\/10\/distribucion-ARC-COLOR-SIN-FONDO-e1732295305345.png\",\"contentUrl\":\"https:\/\/distribucionarc.com\/wp-content\/uploads\/2024\/10\/distribucion-ARC-COLOR-SIN-FONDO-e1732295305345.png\",\"width\":1164,\"height\":558,\"caption\":\"Distribuci\u00f3n ARC\"},\"image\":{\"@id\":\"https:\/\/distribucionarc.com\/de\/#\/schema\/logo\/image\/\"},\"description\":\"Empresa especializada en la fabricaci\u00f3n y distribuci\u00f3n de maquinaria industrial para los sectores alimentario y farmac\u00e9utico. Nos especializamos en: M\u00e1quinas de cortar carne Fabricaci\u00f3n de comprimidos Sistemas de transporte industrial L\u00edneas de embotellado Dosificadores Y mucho m\u00e1s... Ofrecemos soluciones innovadoras y personalizadas para optimizar los procesos productivos de tu empresa.\",\"email\":\"Admistracion@distribucionarc.com\",\"telephone\":\"+34 643496664\",\"legalName\":\"ARC TECH SOLUTIONS\",\"foundingDate\":\"2024-04-09\",\"vatID\":\"B55480172\",\"numberOfEmployees\":{\"@type\":\"QuantitativeValue\",\"minValue\":\"1\",\"maxValue\":\"10\"}}]}<\/script>\n<!-- \/ Yoast SEO Premium plugin. -->","yoast_head_json":{"title":"Mini m\u00e1quina de panqueca de cora\u00e7\u00e3o - distribui\u00e7\u00e3o ARC","robots":{"index":"index","follow":"follow","max-snippet":"max-snippet:-1","max-image-preview":"max-image-preview:large","max-video-preview":"max-video-preview:-1"},"canonical":"https:\/\/distribucionarc.com\/pt\/produto\/maquina-para-mini-waffles-coracao\/","og_locale":"pt_PT","og_type":"article","og_title":"M\u00e1quina para mini pancakes coraz\u00f3n","og_description":"M\u00e1quina para mini pancakes coraz\u00f3n El gofre es la comida favorita de la mayor\u00eda de la gente y con la m\u00e1quina de gofres de ARC puedes conseguir que sean a\u00fan m\u00e1s atractivos por su dise\u00f1o de coraz\u00f3n enamorando a tus clientes con su delicioso sabor.  ARCMGC2 est\u00e1 dise\u00f1ada para hornear los gofres m\u00e1s esponjosos y tostados en forma de mini coraz\u00f3n. Compuesto de dos placas, se puede utilizar para hacer 50pcs gofres a la vez y este proceso s\u00f3lo toma 5-8 minutos de esta forma puedes obtener una producci\u00f3n de 100 mini gofres en 10 min. Adem\u00e1s, cuenta con estilo novedoso, f\u00e1cil de utilizar, control autom\u00e1tico de la temperatura, bajo consumo de energ\u00eda, velocidad de calentamiento r\u00e1pida.  Garant\u00eda\u00a0ARC 2 A\u00d1OS Maquina para mini gofres coraz\u00f3n eficiente, bajo consumo 1600w soporte t\u00e9cnico\u00a0incluido","og_url":"https:\/\/distribucionarc.com\/pt\/produto\/maquina-para-mini-waffles-coracao\/","og_site_name":"distribuci\u00f3n ARC","article_modified_time":"2020-09-26T15:46:27+00:00","og_image":[{"width":1001,"height":1001,"url":"https:\/\/distribucionarc.com\/wp-content\/uploads\/2020\/07\/M\u00e1quina-para-mini-gofres-coraz\u00f3n-5.jpg","type":"image\/jpeg"}],"twitter_card":"summary_large_image","twitter_misc":{"Tempo estimado de leitura":"2 minutos"},"schema":{"@context":"https:\/\/schema.org","@graph":[{"@type":"WebPage","@id":"https:\/\/distribucionarc.com\/sl\/producto\/maquina-para-mini-gofres-corazon\/","url":"https:\/\/distribucionarc.com\/sl\/producto\/maquina-para-mini-gofres-corazon\/","name":"Mini m\u00e1quina de panqueca de cora\u00e7\u00e3o - distribui\u00e7\u00e3o ARC","isPartOf":{"@id":"https:\/\/distribucionarc.com\/de\/#website"},"primaryImageOfPage":{"@id":"https:\/\/distribucionarc.com\/sl\/producto\/maquina-para-mini-gofres-corazon\/#primaryimage"},"image":{"@id":"https:\/\/distribucionarc.com\/sl\/producto\/maquina-para-mini-gofres-corazon\/#primaryimage"},"thumbnailUrl":"https:\/\/distribucionarc.com\/wp-content\/uploads\/2020\/07\/M\u00e1quina-para-mini-gofres-coraz\u00f3n-5.jpg","datePublished":"2020-07-14T16:13:43+00:00","dateModified":"2020-09-26T15:46:27+00:00","breadcrumb":{"@id":"https:\/\/distribucionarc.com\/sl\/producto\/maquina-para-mini-gofres-corazon\/#breadcrumb"},"inLanguage":"pt-PT","potentialAction":[{"@type":"ReadAction","target":["https:\/\/distribucionarc.com\/sl\/producto\/maquina-para-mini-gofres-corazon\/"]}]},{"@type":"ImageObject","inLanguage":"pt-PT","@id":"https:\/\/distribucionarc.com\/sl\/producto\/maquina-para-mini-gofres-corazon\/#primaryimage","url":"https:\/\/distribucionarc.com\/wp-content\/uploads\/2020\/07\/M\u00e1quina-para-mini-gofres-coraz\u00f3n-5.jpg","contentUrl":"https:\/\/distribucionarc.com\/wp-content\/uploads\/2020\/07\/M\u00e1quina-para-mini-gofres-coraz\u00f3n-5.jpg","width":1001,"height":1001,"caption":"maquina para mini gofres coraz\u00f3n"},{"@type":"BreadcrumbList","@id":"https:\/\/distribucionarc.com\/sl\/producto\/maquina-para-mini-gofres-corazon\/#breadcrumb","itemListElement":[{"@type":"ListItem","position":1,"name":"Portada","item":"https:\/\/distribucionarc.com\/pl\/"},{"@type":"ListItem","position":2,"name":"Produkty","item":"https:\/\/distribucionarc.com\/pl\/shop\/"},{"@type":"ListItem","position":3,"name":"M\u00e1quina para mini pancakes coraz\u00f3n"}]},{"@type":"WebSite","@id":"https:\/\/distribucionarc.com\/de\/#website","url":"https:\/\/distribucionarc.com\/de\/","name":"Distribui\u00e7\u00e3o ARC","description":"Empresa especializada no fabrico e distribui\u00e7\u00e3o de m\u00e1quinas industriais, m\u00e1quinas de selar latas, m\u00e1quinas de fazer comprimidos, m\u00e1quinas de cortar carne...","publisher":{"@id":"https:\/\/distribucionarc.com\/de\/#organization"},"potentialAction":[{"@type":"SearchAction","target":{"@type":"EntryPoint","urlTemplate":"https:\/\/distribucionarc.com\/de\/?s={search_term_string}"},"query-input":{"@type":"PropertyValueSpecification","valueRequired":true,"valueName":"search_term_string"}}],"inLanguage":"pt-PT"},{"@type":"Organization","@id":"https:\/\/distribucionarc.com\/de\/#organization","name":"Distribui\u00e7\u00e3o ARC","url":"https:\/\/distribucionarc.com\/de\/","logo":{"@type":"ImageObject","inLanguage":"pt-PT","@id":"https:\/\/distribucionarc.com\/de\/#\/schema\/logo\/image\/","url":"https:\/\/distribucionarc.com\/wp-content\/uploads\/2024\/10\/distribucion-ARC-COLOR-SIN-FONDO-e1732295305345.png","contentUrl":"https:\/\/distribucionarc.com\/wp-content\/uploads\/2024\/10\/distribucion-ARC-COLOR-SIN-FONDO-e1732295305345.png","width":1164,"height":558,"caption":"Distribuci\u00f3n ARC"},"image":{"@id":"https:\/\/distribucionarc.com\/de\/#\/schema\/logo\/image\/"},"description":"Empresa especializada no fabrico e distribui\u00e7\u00e3o de m\u00e1quinas industriais para os sectores alimentar e farmac\u00eautico. Somos especializados em: M\u00e1quinas de cortar carne Fabrico de comprimidos Sistemas de transporte industrial Linhas de engarrafamento Dispensadores E muito mais... Oferecemos solu\u00e7\u00f5es inovadoras e personalizadas para otimizar os processos de produ\u00e7\u00e3o da sua empresa.","email":"Admistracion@distribucionarc.com","telephone":"+34 643496664","legalName":"ARC TECH SOLUTIONS","foundingDate":"2024-04-09","vatID":"B55480172","numberOfEmployees":{"@type":"QuantitativeValue","minValue":"1","maxValue":"10"}}]}},"_links":{"self":[{"href":"https:\/\/distribucionarc.com\/pt\/wp-json\/wp\/v2\/product\/901","targetHints":{"allow":["GET"]}}],"collection":[{"href":"https:\/\/distribucionarc.com\/pt\/wp-json\/wp\/v2\/product"}],"about":[{"href":"https:\/\/distribucionarc.com\/pt\/wp-json\/wp\/v2\/types\/product"}],"replies":[{"embeddable":true,"href":"https:\/\/distribucionarc.com\/pt\/wp-json\/wp\/v2\/comments?post=901"}],"version-history":[{"count":0,"href":"https:\/\/distribucionarc.com\/pt\/wp-json\/wp\/v2\/product\/901\/revisions"}],"wp:featuredmedia":[{"embeddable":true,"href":"https:\/\/distribucionarc.com\/pt\/wp-json\/wp\/v2\/media\/902"}],"wp:attachment":[{"href":"https:\/\/distribucionarc.com\/pt\/wp-json\/wp\/v2\/media?parent=901"}],"wp:term":[{"taxonomy":"product_brand","embeddable":true,"href":"https:\/\/distribucionarc.com\/pt\/wp-json\/wp\/v2\/product_brand?post=901"},{"taxonomy":"product_cat","embeddable":true,"href":"https:\/\/distribucionarc.com\/pt\/wp-json\/wp\/v2\/product_cat?post=901"},{"taxonomy":"product_tag","embeddable":true,"href":"https:\/\/distribucionarc.com\/pt\/wp-json\/wp\/v2\/product_tag?post=901"}],"curies":[{"name":"wp","href":"https:\/\/api.w.org\/{rel}","templated":true}]}}