{"id":923,"date":"2020-07-15T08:17:27","date_gmt":"2020-07-15T08:17:27","guid":{"rendered":"https:\/\/distribucionarc.com\/?post_type=product&#038;p=923"},"modified":"2024-09-05T15:46:43","modified_gmt":"2024-09-05T15:46:43","slug":"extrator-de-mel-eletrico-2m","status":"publish","type":"product","link":"https:\/\/distribucionarc.com\/pt\/producto\/extractor-de-miel-electrico-2m\/","title":{"rendered":"Extrator de mel el\u00e9trico 2M"},"content":{"rendered":"<h3>Extrator de mel el\u00e9trico 2M<\/h3>\n<p>Esse <strong>m\u00e1quina el\u00e9trica industrial<\/strong> para <strong>apicultura<\/strong> Apresenta um corpo de a\u00e7o inoxid\u00e1vel polido de alta qualidade e uma estrutura em forma de colmeia para resist\u00eancia \u00e0 ferrugem e abras\u00e3o. A constru\u00e7\u00e3o de soldagem perfeita tornar\u00e1 mais f\u00e1cil a manuten\u00e7\u00e3o e a limpeza da m\u00e1quina.<\/p>\n<p>O <strong>extrator de mel el\u00e9trico <span style=\"color: #ff0000;\">PARA<\/span><span style=\"color: #0000ff;\">R<\/span>CEME02<\/strong> Possui motor 140W 1.1A, 1300 rpm com op\u00e7\u00f5es de velocidade vari\u00e1vel, este extrator de mel \u00e9 movido por motor el\u00e9trico. O m\u00e9todo de opera\u00e7\u00e3o \u00e9 simples, economizando tempo e trabalho. Al\u00e9m de favorecer o consumo de energia devido ao seu <strong><span style=\"color: #008000;\">motor de baixo consumo<\/span><\/strong>.<\/p>\n<p>O <strong>m\u00e1quinas de apicultura<\/strong> de <strong><span style=\"color: #ff0000;\">PARA<span style=\"color: #0000ff;\">R<\/span><\/span>c<\/strong> Projetado para trabalhos pesados, suporta at\u00e9 2 quadros padr\u00e3o em baixa, m\u00e9dia e alta profundidade, o equipamento fechado no quadro ajuda a n\u00e3o contaminar o <strong>Mel<\/strong>.<br \/>\nA viga espessada integrada \u00e9 constru\u00edda em liga de alum\u00ednio dur\u00e1vel, mais forte e est\u00e1vel. Sem arestas vivas para evitar a contamina\u00e7\u00e3o do<strong> Mel<\/strong> e proporcionar um manuseio mais seguro. Compacto e projetado para oferecer mais estabilidade<br \/>\nPossui 2 tampas transparentes para permitir a observa\u00e7\u00e3o durante o processo de <strong>extra\u00e7\u00e3o<\/strong>. O port\u00e3o <strong>projetado para<\/strong><span style=\"font-size: 16px;\"><strong>querido<\/strong> no fundo do tanque permite que o mel flua \u00e0 vontade.<\/span><\/p>\n<p>O uso de <strong><span style=\"color: #ff0000;\">PARA<\/span><span style=\"color: #0000ff;\">R<\/span>CEME02<\/strong> ir\u00e1 ajud\u00e1-lo no processo <strong>fabrica\u00e7\u00e3o de mel<\/strong> pela sua comodidade e facilidade de processamento, t\u00e3o simples como colocar o<strong> favo de mel<\/strong> nas esquadrias e acionar o motor el\u00e9trico para come\u00e7ar a girar e assim obter o produto final; em muito pouco tempo. Ideal para amadores ou <strong>pequeno apicultor<\/strong>.<\/p>\n<p>&nbsp;<\/p>\n<h6><strong>Garantia\u00a0<span style=\"color: #ff0000;\">PARA<\/span><span style=\"color: #0000ff;\">R<\/span>C 2 ANOS<\/strong><\/h6>\n<h6><span style=\"color: #008000;\">Extrator de mel el\u00e9trico eficiente, baixo consumo 120w<\/span><\/h6>\n<h6><strong>suporte t\u00e9cnico inclu\u00eddo<\/strong><\/h6>\n<p>&nbsp;<\/p>\n<p>&nbsp;<\/p>\n<table role=\"presentation\" width=\"100%\" cellspacing=\"0\" cellpadding=\"0\">\n<tbody>\n<tr>\n<td class=\"attrLabels\">poder:<\/td>\n<td width=\"50.0%\">120W<\/td>\n<\/tr>\n<tr>\n<td class=\"attrLabels\">Pa\u00eds de distribui\u00e7\u00e3o:<\/td>\n<td width=\"50.0%\">Espanha, Alemanha, EUA<\/td>\n<td class=\"attrLabels\">Peso:<\/td>\n<td width=\"50.0%\">18kg<\/td>\n<\/tr>\n<tr>\n<td class=\"attrLabels\">Marca:<\/td>\n<td width=\"50.0%\">ARCO<\/td>\n<td class=\"attrLabels\">Altura:<\/td>\n<td width=\"50.0%\">85cm<\/td>\n<\/tr>\n<tr>\n<td class=\"attrLabels\">Cor:<\/td>\n<td width=\"50.0%\">Prata<\/td>\n<td class=\"attrLabels\">Longo:<\/td>\n<td width=\"50.0%\">\u00a038cm<\/td>\n<\/tr>\n<tr>\n<td class=\"attrLabels\">Tipo de produto:<\/td>\n<td width=\"50.0%\">extrator de mel el\u00e9trico<\/td>\n<td class=\"attrLabels\">Largo:<\/td>\n<td width=\"50.0%\">38cm<\/td>\n<\/tr>\n<tr>\n<td class=\"attrLabels\">N\u00famero do fabricante:<\/td>\n<td width=\"50.0%\">ARCEME02<\/td>\n<td class=\"attrLabels\">Pot\u00eancia do motor:<\/td>\n<td width=\"50.0%\">1.1A<\/td>\n<\/tr>\n<tr>\n<td class=\"attrLabels\">Material:<\/td>\n<td width=\"50.0%\">a\u00e7o inoxid\u00e1vel, motor de baixo consumo, liga de alum\u00ednio<\/td>\n<td class=\"attrLabels\">tens\u00e3o de entrada<\/td>\n<td width=\"50.0%\">220 V \u2013 50 Hz<\/p>\n<p>110 V \u2013 60 Hz<\/td>\n<\/tr>\n<tr>\n<td class=\"attrLabels\">Dimens\u00f5es do cano:<\/td>\n<td width=\"50.0%\">15cm de di\u00e2metro<\/p>\n<p>&nbsp;<\/td>\n<td class=\"attrLabels\">Garantia:<\/td>\n<td width=\"50.0%\">2 ANOS<\/td>\n<\/tr>\n<tr>\n<td class=\"attrLabels\">Altura do cano:<\/td>\n<td width=\"50.0%\">24cm<\/td>\n<td class=\"attrLabels\">Produ\u00e7\u00e3o:<\/td>\n<td width=\"50.0%\">2 marcas<\/td>\n<\/tr>\n<\/tbody>\n<\/table>","protected":false},"excerpt":{"rendered":"<h2><strong>Extrator El\u00e9trico de Mel 2\/4 Quadro - Profissional para Apicultores<\/strong><\/h2>\n<p>Esse <strong>extrator de mel el\u00e9trico profissional<\/strong> foi desenvolvido para apicultores que buscam uma solu\u00e7\u00e3o eficiente e r\u00e1pida para extra\u00e7\u00e3o de mel. Com capacidade para acomodar at\u00e9 <strong>2 caixas profundas<\/strong> e <strong>2 quadrados m\u00e9dios ou rasos<\/strong>, \u00e9 ideal para uso tanto em pequenas produ\u00e7\u00f5es nacionais quanto em opera\u00e7\u00f5es comerciais.<\/p>\n<p>O extrator est\u00e1 equipado para trabalhar com diversos tipos de quadros ap\u00edcolas populares, tais como:<\/p>\n<ul>\n<li><strong>pinturas profundas<\/strong>: Adequado para favos de mel at\u00e9 <strong>48 cent\u00edmetros (cm) x 23 cent\u00edmetros (cm)<\/strong> (18,9&quot; x 9&quot;).<\/li>\n<li><strong>quadrados m\u00e9dios<\/strong>: Ideal para fraldas at\u00e9 <strong>48cm x 16cm<\/strong> (18,9&quot; x 6,3&quot;).<\/li>\n<li><strong>Pinturas de Langstroth<\/strong>: Arma\u00e7\u00e3o mais comum na apicultura moderna, utilizada em tamanhos profundos e m\u00e9dios.<\/li>\n<li><strong>Pinturas dadantes<\/strong>: Frequentemente utilizado na apicultura comercial, apreciado pela sua robustez e tamanho.<\/li>\n<li><strong>Pinturas Warre<\/strong>: Um desenho mais natural e vertical, preferido pelos apicultores org\u00e2nicos.<\/li>\n<li><strong>Molduras universais<\/strong>: Adapt\u00e1vel a diferentes tipos de colmeias e favos de mel.<\/li>\n<\/ul>\n<p>Esse <strong>extrator de mel<\/strong> garante uma extra\u00e7\u00e3o eficaz sem danificar os favos, o que \u00e9 fundamental para a preserva\u00e7\u00e3o do produto. Gra\u00e7as ao seu motor el\u00e9trico, elimina a necessidade de girar manualmente as molduras, tornando a remo\u00e7\u00e3o mais r\u00e1pida e menos trabalhosa.<\/p>\n<p>\u00c9 perfeito para quem procura um <strong>extrator de mel el\u00e9trico<\/strong> ou um <strong>extrator de mel profissional<\/strong> Torne-o vers\u00e1til e f\u00e1cil de usar para apicultores dom\u00e9sticos e comerciais.<\/p>","protected":false},"featured_media":933,"comment_status":"open","ping_status":"closed","template":"","meta":{"wds_primary_product_brand":0,"wds_primary_product_cat":0},"product_brand":[],"product_cat":[55,30],"product_tag":[],"class_list":{"0":"post-923","1":"product","2":"type-product","3":"status-publish","4":"has-post-thumbnail","6":"product_cat-extractor-prensa-de-aceites","7":"product_cat-maquinaria-apicola","9":"first","10":"instock","11":"sale","12":"taxable","13":"shipping-taxable","14":"purchasable","15":"product-type-simple"},"yoast_head":"<!-- This site is optimized with the Yoast SEO Premium plugin v24.9 (Yoast SEO v26.1) - https:\/\/yoast.com\/wordpress\/plugins\/seo\/ -->\n<title>Extractor de miel el\u00e9ctrico 2M - distribuci\u00f3n ARC<\/title>\n<meta name=\"robots\" content=\"index, follow, max-snippet:-1, max-image-preview:large, max-video-preview:-1\" \/>\n<link rel=\"canonical\" href=\"https:\/\/www.distribucionarc.com\/bg\/producto\/extractor-de-miel-electrico-2m\/\" \/>\n<meta property=\"og:locale\" content=\"pt_PT\" \/>\n<meta property=\"og:type\" content=\"article\" \/>\n<meta property=\"og:title\" content=\"Extractor de miel el\u00e9ctrico 2M\" \/>\n<meta property=\"og:description\" content=\"Extractor de miel el\u00e9ctrico de 2\/4 marcos \u2013 Profesional para apicultores Este extractor de miel el\u00e9ctrico profesional est\u00e1 dise\u00f1ado para apicultores que buscan una soluci\u00f3n eficiente y r\u00e1pida para la extracci\u00f3n de miel. Con capacidad para alojar hasta 2 cuadros profundos y 2 cuadros medianos o poco profundos, es ideal tanto para uso en peque\u00f1as producciones dom\u00e9sticas como en operaciones comerciales.  El extractor est\u00e1 equipado para trabajar con varios tipos de cuadros populares en apicultura, tales como:   Cuadros profundos: Adecuados para panales de hasta 48 cent\u00edmetros (cm) x 23 cent\u00edmetros (cm) (18,9&#039;&#039; x 9&#039;&#039;).  Cuadros medianos: Ideales para panales de hasta 48 cm x 16 cm (18,9&#039;&#039; x 6,3&#039;&#039;).  Cuadros Langstroth: El cuadro m\u00e1s com\u00fan en la apicultura moderna, utilizado en tama\u00f1os profundo y mediano.  Cuadros Dadant: Frecuentemente usados en apicultura comercial, apreciados por su robustez y tama\u00f1o.  Cuadros Warre: Un dise\u00f1o m\u00e1s natural y vertical, favorecido por apicultores ecol\u00f3gicos.  Cuadros universales: Adaptables para diferentes tipos de colmenas y panales.  Este extractor de miel garantiza una extracci\u00f3n eficaz sin da\u00f1ar los panales, lo que es crucial para la preservaci\u00f3n del producto. Gracias a su motor el\u00e9ctrico, elimina la necesidad de girar manualmente los marcos, haciendo que la extracci\u00f3n sea m\u00e1s r\u00e1pida y menos laboriosa.  Es perfecto para quienes buscan un extractor de miel el\u00e9ctrico o un extractor de miel profesional que sea vers\u00e1til y f\u00e1cil de usar, tanto para apicultores dom\u00e9sticos como comerciales.\" \/>\n<meta property=\"og:url\" content=\"https:\/\/www.distribucionarc.com\/bg\/producto\/extractor-de-miel-electrico-2m\/\" \/>\n<meta property=\"og:site_name\" content=\"distribuci\u00f3n ARC\" \/>\n<meta property=\"article:modified_time\" content=\"2024-09-05T15:46:43+00:00\" \/>\n<meta property=\"og:image\" content=\"https:\/\/distribucionarc.com\/wp-content\/uploads\/2020\/07\/Extractor-de-miel-el\u00e9ctrico-2M-0.jpg\" \/>\n\t<meta property=\"og:image:width\" content=\"1600\" \/>\n\t<meta property=\"og:image:height\" content=\"1600\" \/>\n\t<meta property=\"og:image:type\" content=\"image\/jpeg\" \/>\n<meta name=\"twitter:card\" content=\"summary_large_image\" \/>\n<meta name=\"twitter:label1\" content=\"Tempo estimado de leitura\" \/>\n\t<meta name=\"twitter:data1\" content=\"2 minutos\" \/>\n<script type=\"application\/ld+json\" class=\"yoast-schema-graph\">{\"@context\":\"https:\/\/schema.org\",\"@graph\":[{\"@type\":\"WebPage\",\"@id\":\"https:\/\/www.distribucionarc.com\/bg\/producto\/extractor-de-miel-electrico-2m\/\",\"url\":\"https:\/\/www.distribucionarc.com\/bg\/producto\/extractor-de-miel-electrico-2m\/\",\"name\":\"Extractor de miel el\u00e9ctrico 2M - distribuci\u00f3n ARC\",\"isPartOf\":{\"@id\":\"https:\/\/www.distribucionarc.com\/sl\/#website\"},\"primaryImageOfPage\":{\"@id\":\"https:\/\/www.distribucionarc.com\/bg\/producto\/extractor-de-miel-electrico-2m\/#primaryimage\"},\"image\":{\"@id\":\"https:\/\/www.distribucionarc.com\/bg\/producto\/extractor-de-miel-electrico-2m\/#primaryimage\"},\"thumbnailUrl\":\"https:\/\/distribucionarc.com\/wp-content\/uploads\/2020\/07\/Extractor-de-miel-el\u00e9ctrico-2M-0.jpg\",\"datePublished\":\"2020-07-15T08:17:27+00:00\",\"dateModified\":\"2024-09-05T15:46:43+00:00\",\"breadcrumb\":{\"@id\":\"https:\/\/www.distribucionarc.com\/bg\/producto\/extractor-de-miel-electrico-2m\/#breadcrumb\"},\"inLanguage\":\"pt-PT\",\"potentialAction\":[{\"@type\":\"ReadAction\",\"target\":[\"https:\/\/www.distribucionarc.com\/bg\/producto\/extractor-de-miel-electrico-2m\/\"]}]},{\"@type\":\"ImageObject\",\"inLanguage\":\"pt-PT\",\"@id\":\"https:\/\/www.distribucionarc.com\/bg\/producto\/extractor-de-miel-electrico-2m\/#primaryimage\",\"url\":\"https:\/\/distribucionarc.com\/wp-content\/uploads\/2020\/07\/Extractor-de-miel-el\u00e9ctrico-2M-0.jpg\",\"contentUrl\":\"https:\/\/distribucionarc.com\/wp-content\/uploads\/2020\/07\/Extractor-de-miel-el\u00e9ctrico-2M-0.jpg\",\"width\":1600,\"height\":1600,\"caption\":\"Extractor de miel el\u00e9ctrico\"},{\"@type\":\"BreadcrumbList\",\"@id\":\"https:\/\/www.distribucionarc.com\/bg\/producto\/extractor-de-miel-electrico-2m\/#breadcrumb\",\"itemListElement\":[{\"@type\":\"ListItem\",\"position\":1,\"name\":\"Portada\",\"item\":\"https:\/\/www.distribucionarc.com\/\"},{\"@type\":\"ListItem\",\"position\":2,\"name\":\"\u00dcr\u00fcnler\",\"item\":\"https:\/\/www.distribucionarc.com\/tr\/magaza\/\"},{\"@type\":\"ListItem\",\"position\":3,\"name\":\"Extractor de miel el\u00e9ctrico 2M\"}]},{\"@type\":\"WebSite\",\"@id\":\"https:\/\/www.distribucionarc.com\/sl\/#website\",\"url\":\"https:\/\/www.distribucionarc.com\/sl\/\",\"name\":\"distribuci\u00f3n ARC\",\"description\":\"Empresa especializada en la fabricaci\u00f3n y distribuci\u00f3n de maquinaria industrial, selladoras de latas, Maquinas de hacer pastillas, Maquinas de cortar carne...\",\"publisher\":{\"@id\":\"https:\/\/www.distribucionarc.com\/sl\/#organization\"},\"potentialAction\":[{\"@type\":\"SearchAction\",\"target\":{\"@type\":\"EntryPoint\",\"urlTemplate\":\"https:\/\/www.distribucionarc.com\/sl\/?s={search_term_string}\"},\"query-input\":{\"@type\":\"PropertyValueSpecification\",\"valueRequired\":true,\"valueName\":\"search_term_string\"}}],\"inLanguage\":\"pt-PT\"},{\"@type\":\"Organization\",\"@id\":\"https:\/\/www.distribucionarc.com\/sl\/#organization\",\"name\":\"Distribuci\u00f3n ARC\",\"url\":\"https:\/\/www.distribucionarc.com\/sl\/\",\"logo\":{\"@type\":\"ImageObject\",\"inLanguage\":\"pt-PT\",\"@id\":\"https:\/\/www.distribucionarc.com\/sl\/#\/schema\/logo\/image\/\",\"url\":\"https:\/\/distribucionarc.com\/wp-content\/uploads\/2024\/10\/distribucion-ARC-COLOR-SIN-FONDO-e1732295305345.png\",\"contentUrl\":\"https:\/\/distribucionarc.com\/wp-content\/uploads\/2024\/10\/distribucion-ARC-COLOR-SIN-FONDO-e1732295305345.png\",\"width\":1164,\"height\":558,\"caption\":\"Distribuci\u00f3n ARC\"},\"image\":{\"@id\":\"https:\/\/www.distribucionarc.com\/sl\/#\/schema\/logo\/image\/\"},\"description\":\"Empresa especializada en la fabricaci\u00f3n y distribuci\u00f3n de maquinaria industrial para los sectores alimentario y farmac\u00e9utico. Nos especializamos en: M\u00e1quinas de cortar carne Fabricaci\u00f3n de comprimidos Sistemas de transporte industrial L\u00edneas de embotellado Dosificadores Y mucho m\u00e1s... Ofrecemos soluciones innovadoras y personalizadas para optimizar los procesos productivos de tu empresa.\",\"email\":\"Admistracion@distribucionarc.com\",\"telephone\":\"+34 643496664\",\"legalName\":\"ARC TECH SOLUTIONS\",\"foundingDate\":\"2024-04-09\",\"vatID\":\"B55480172\",\"numberOfEmployees\":{\"@type\":\"QuantitativeValue\",\"minValue\":\"1\",\"maxValue\":\"10\"}}]}<\/script>\n<!-- \/ Yoast SEO Premium plugin. -->","yoast_head_json":{"title":"Extrator de mel el\u00e9trico 2M - distribui\u00e7\u00e3o ARC","robots":{"index":"index","follow":"follow","max-snippet":"max-snippet:-1","max-image-preview":"max-image-preview:large","max-video-preview":"max-video-preview:-1"},"canonical":"https:\/\/www.distribucionarc.com\/bg\/producto\/extractor-de-miel-electrico-2m\/","og_locale":"pt_PT","og_type":"article","og_title":"Extractor de miel el\u00e9ctrico 2M","og_description":"Extractor de miel el\u00e9ctrico de 2\/4 marcos \u2013 Profesional para apicultores Este extractor de miel el\u00e9ctrico profesional est\u00e1 dise\u00f1ado para apicultores que buscan una soluci\u00f3n eficiente y r\u00e1pida para la extracci\u00f3n de miel. Con capacidad para alojar hasta 2 cuadros profundos y 2 cuadros medianos o poco profundos, es ideal tanto para uso en peque\u00f1as producciones dom\u00e9sticas como en operaciones comerciales.  El extractor est\u00e1 equipado para trabajar con varios tipos de cuadros populares en apicultura, tales como:   Cuadros profundos: Adecuados para panales de hasta 48 cent\u00edmetros (cm) x 23 cent\u00edmetros (cm) (18,9'' x 9'').  Cuadros medianos: Ideales para panales de hasta 48 cm x 16 cm (18,9'' x 6,3'').  Cuadros Langstroth: El cuadro m\u00e1s com\u00fan en la apicultura moderna, utilizado en tama\u00f1os profundo y mediano.  Cuadros Dadant: Frecuentemente usados en apicultura comercial, apreciados por su robustez y tama\u00f1o.  Cuadros Warre: Un dise\u00f1o m\u00e1s natural y vertical, favorecido por apicultores ecol\u00f3gicos.  Cuadros universales: Adaptables para diferentes tipos de colmenas y panales.  Este extractor de miel garantiza una extracci\u00f3n eficaz sin da\u00f1ar los panales, lo que es crucial para la preservaci\u00f3n del producto. Gracias a su motor el\u00e9ctrico, elimina la necesidad de girar manualmente los marcos, haciendo que la extracci\u00f3n sea m\u00e1s r\u00e1pida y menos laboriosa.  Es perfecto para quienes buscan un extractor de miel el\u00e9ctrico o un extractor de miel profesional que sea vers\u00e1til y f\u00e1cil de usar, tanto para apicultores dom\u00e9sticos como comerciales.","og_url":"https:\/\/www.distribucionarc.com\/bg\/producto\/extractor-de-miel-electrico-2m\/","og_site_name":"distribuci\u00f3n ARC","article_modified_time":"2024-09-05T15:46:43+00:00","og_image":[{"width":1600,"height":1600,"url":"https:\/\/distribucionarc.com\/wp-content\/uploads\/2020\/07\/Extractor-de-miel-el\u00e9ctrico-2M-0.jpg","type":"image\/jpeg"}],"twitter_card":"summary_large_image","twitter_misc":{"Tempo estimado de leitura":"2 minutos"},"schema":{"@context":"https:\/\/schema.org","@graph":[{"@type":"WebPage","@id":"https:\/\/www.distribucionarc.com\/bg\/producto\/extractor-de-miel-electrico-2m\/","url":"https:\/\/www.distribucionarc.com\/bg\/producto\/extractor-de-miel-electrico-2m\/","name":"Extrator de mel el\u00e9trico 2M - distribui\u00e7\u00e3o ARC","isPartOf":{"@id":"https:\/\/www.distribucionarc.com\/sl\/#website"},"primaryImageOfPage":{"@id":"https:\/\/www.distribucionarc.com\/bg\/producto\/extractor-de-miel-electrico-2m\/#primaryimage"},"image":{"@id":"https:\/\/www.distribucionarc.com\/bg\/producto\/extractor-de-miel-electrico-2m\/#primaryimage"},"thumbnailUrl":"https:\/\/distribucionarc.com\/wp-content\/uploads\/2020\/07\/Extractor-de-miel-el\u00e9ctrico-2M-0.jpg","datePublished":"2020-07-15T08:17:27+00:00","dateModified":"2024-09-05T15:46:43+00:00","breadcrumb":{"@id":"https:\/\/www.distribucionarc.com\/bg\/producto\/extractor-de-miel-electrico-2m\/#breadcrumb"},"inLanguage":"pt-PT","potentialAction":[{"@type":"ReadAction","target":["https:\/\/www.distribucionarc.com\/bg\/producto\/extractor-de-miel-electrico-2m\/"]}]},{"@type":"ImageObject","inLanguage":"pt-PT","@id":"https:\/\/www.distribucionarc.com\/bg\/producto\/extractor-de-miel-electrico-2m\/#primaryimage","url":"https:\/\/distribucionarc.com\/wp-content\/uploads\/2020\/07\/Extractor-de-miel-el\u00e9ctrico-2M-0.jpg","contentUrl":"https:\/\/distribucionarc.com\/wp-content\/uploads\/2020\/07\/Extractor-de-miel-el\u00e9ctrico-2M-0.jpg","width":1600,"height":1600,"caption":"Extractor de miel el\u00e9ctrico"},{"@type":"BreadcrumbList","@id":"https:\/\/www.distribucionarc.com\/bg\/producto\/extractor-de-miel-electrico-2m\/#breadcrumb","itemListElement":[{"@type":"ListItem","position":1,"name":"Portada","item":"https:\/\/www.distribucionarc.com\/"},{"@type":"ListItem","position":2,"name":"\u00dcr\u00fcnler","item":"https:\/\/www.distribucionarc.com\/tr\/magaza\/"},{"@type":"ListItem","position":3,"name":"Extractor de miel el\u00e9ctrico 2M"}]},{"@type":"WebSite","@id":"https:\/\/www.distribucionarc.com\/sl\/#website","url":"https:\/\/www.distribucionarc.com\/sl\/","name":"Distribui\u00e7\u00e3o ARC","description":"Empresa especializada no fabrico e distribui\u00e7\u00e3o de m\u00e1quinas industriais, m\u00e1quinas de selar latas, m\u00e1quinas de fazer comprimidos, m\u00e1quinas de cortar carne...","publisher":{"@id":"https:\/\/www.distribucionarc.com\/sl\/#organization"},"potentialAction":[{"@type":"SearchAction","target":{"@type":"EntryPoint","urlTemplate":"https:\/\/www.distribucionarc.com\/sl\/?s={search_term_string}"},"query-input":{"@type":"PropertyValueSpecification","valueRequired":true,"valueName":"search_term_string"}}],"inLanguage":"pt-PT"},{"@type":"Organization","@id":"https:\/\/www.distribucionarc.com\/sl\/#organization","name":"Distribui\u00e7\u00e3o ARC","url":"https:\/\/www.distribucionarc.com\/sl\/","logo":{"@type":"ImageObject","inLanguage":"pt-PT","@id":"https:\/\/www.distribucionarc.com\/sl\/#\/schema\/logo\/image\/","url":"https:\/\/distribucionarc.com\/wp-content\/uploads\/2024\/10\/distribucion-ARC-COLOR-SIN-FONDO-e1732295305345.png","contentUrl":"https:\/\/distribucionarc.com\/wp-content\/uploads\/2024\/10\/distribucion-ARC-COLOR-SIN-FONDO-e1732295305345.png","width":1164,"height":558,"caption":"Distribuci\u00f3n ARC"},"image":{"@id":"https:\/\/www.distribucionarc.com\/sl\/#\/schema\/logo\/image\/"},"description":"Empresa especializada no fabrico e distribui\u00e7\u00e3o de m\u00e1quinas industriais para os sectores alimentar e farmac\u00eautico. Somos especializados em: M\u00e1quinas de cortar carne Fabrico de comprimidos Sistemas de transporte industrial Linhas de engarrafamento Dispensadores E muito mais... Oferecemos solu\u00e7\u00f5es inovadoras e personalizadas para otimizar os processos de produ\u00e7\u00e3o da sua empresa.","email":"Admistracion@distribucionarc.com","telephone":"+34 643496664","legalName":"ARC TECH SOLUTIONS","foundingDate":"2024-04-09","vatID":"B55480172","numberOfEmployees":{"@type":"QuantitativeValue","minValue":"1","maxValue":"10"}}]}},"_links":{"self":[{"href":"https:\/\/distribucionarc.com\/pt\/wp-json\/wp\/v2\/product\/923","targetHints":{"allow":["GET"]}}],"collection":[{"href":"https:\/\/distribucionarc.com\/pt\/wp-json\/wp\/v2\/product"}],"about":[{"href":"https:\/\/distribucionarc.com\/pt\/wp-json\/wp\/v2\/types\/product"}],"replies":[{"embeddable":true,"href":"https:\/\/distribucionarc.com\/pt\/wp-json\/wp\/v2\/comments?post=923"}],"version-history":[{"count":0,"href":"https:\/\/distribucionarc.com\/pt\/wp-json\/wp\/v2\/product\/923\/revisions"}],"wp:featuredmedia":[{"embeddable":true,"href":"https:\/\/distribucionarc.com\/pt\/wp-json\/wp\/v2\/media\/933"}],"wp:attachment":[{"href":"https:\/\/distribucionarc.com\/pt\/wp-json\/wp\/v2\/media?parent=923"}],"wp:term":[{"taxonomy":"product_brand","embeddable":true,"href":"https:\/\/distribucionarc.com\/pt\/wp-json\/wp\/v2\/product_brand?post=923"},{"taxonomy":"product_cat","embeddable":true,"href":"https:\/\/distribucionarc.com\/pt\/wp-json\/wp\/v2\/product_cat?post=923"},{"taxonomy":"product_tag","embeddable":true,"href":"https:\/\/distribucionarc.com\/pt\/wp-json\/wp\/v2\/product_tag?post=923"}],"curies":[{"name":"wp","href":"https:\/\/api.w.org\/{rel}","templated":true}]}}