{"id":952,"date":"2020-07-15T11:51:30","date_gmt":"2020-07-15T11:51:30","guid":{"rendered":"https:\/\/distribucionarc.com\/?post_type=product&#038;p=952"},"modified":"2024-09-05T16:38:38","modified_gmt":"2024-09-05T16:38:38","slug":"extrator-de-prensa-de-oleo-eletrico","status":"publish","type":"product","link":"https:\/\/distribucionarc.com\/pt\/producto\/extractor-prensa-de-aceite-electrico\/","title":{"rendered":"extrator el\u00e9trico de prensa de \u00f3leo"},"content":{"rendered":"<h3>extrator el\u00e9trico de prensa de \u00f3leo<\/h3>\n<p>O<strong> extrator el\u00e9trico<\/strong> de <strong><span style=\"color: #ff0000;\">PARA<\/span><span style=\"color: #0000ff;\">R<\/span>c<\/strong> \u00c9 multifuncional permitindo que voc\u00ea execute <strong>prensado a frio<\/strong> a temperaturas de 0-140\u00baC, reservando a maior parte dos nutrientes. <strong>Prensado a quente sem fritar<\/strong> Como possui aquecimento por termostato embutido, aproveite<strong> \u00f3leos saud\u00e1veis e naturais<\/strong>, voc\u00ea tamb\u00e9m pode fritar e <strong>imprensa quente<\/strong> salteando por alguns minutos para obter um \u00f3leo mais puro e arom\u00e1tico.<\/p>\n<p>O <strong>prensa de \u00f3leo autom\u00e1tica<\/strong> de <strong><span style=\"color: #ff0000;\">PARA<\/span><span style=\"color: #0000ff;\">R<\/span>c<\/strong> Adota material de a\u00e7o inoxid\u00e1vel 304 de qualidade alimentar, cobre de qualidade industrial com motor de alta pot\u00eancia, excelente desempenho, levando a altas produ\u00e7\u00f5es de petr\u00f3leo, adaptabilidade para o empres\u00e1rio devido \u00e0 sua simples opera\u00e7\u00e3o e manuten\u00e7\u00e3o, pura britagem f\u00edsica, que ajuda a contribuir para um <span style=\"color: #008000;\"><strong>consumo eficiente de energia<\/strong><\/span>.<\/p>\n<p>O <strong>extrator de \u00f3leo <span style=\"color: #ff0000;\">PARA<\/span><span style=\"color: #0000ff;\">R<\/span>CEPA1<\/strong> Screw \u00e9 uma m\u00e1quina de extra\u00e7\u00e3o de \u00f3leo de \u00faltima gera\u00e7\u00e3o que se caracteriza por alto fluxo de \u00f3leo, boa qualidade, design simples e processo cont\u00ednuo. Esta s\u00e9rie de prensas de \u00f3leo pode ser usada para diversas mat\u00e9rias-primas, como sementes de jatropha, sementes de canola, amendoim, sementes de colza e algod\u00e3o, sementes de gergelim, sementes de azeitona, sementes de girassol, sementes de coco e sementes de grama.<\/p>\n<p>Comparado com o <strong>prensa de parafuso<\/strong> tradicional, o <strong>prensa girat\u00f3ria<\/strong> o \u00f3leo tem a vantagem de ser simples, de estrutura simples, simples e f\u00e1cil de estender, al\u00e9m de fornecer extra\u00e7\u00e3o de \u00f3leo do 95%. Esse <strong>processador de sementes<\/strong>, possui todas as fun\u00e7\u00f5es necess\u00e1rias para realizar o <strong>extra\u00e7\u00e3o de petr\u00f3leo<\/strong> da forma mais confort\u00e1vel e detalhada, enquanto seus programas facilitam a manuten\u00e7\u00e3o da m\u00e1quina, promovendo sua durabilidade<\/p>\n<p><iframe loading=\"lazy\" src=\"https:\/\/www.youtube.com\/embed\/w5DjgxuuS58\" width=\"560\" height=\"315\" frameborder=\"0\" allowfullscreen=\"allowfullscreen\"><\/iframe><\/p>\n<h6><strong>Garantia\u00a0<span style=\"color: #ff0000;\">PARA<\/span><span style=\"color: #0000ff;\">R<\/span>C 2 ANOS<\/strong><\/h6>\n<h6><span style=\"color: #008000;\">Extrator de prensa de \u00f3leo el\u00e9trico, baixo consumo 460 w<\/span><\/h6>\n<h6><strong>suporte t\u00e9cnico inclu\u00eddo<\/strong><\/h6>\n<p>&nbsp;<\/p>\n<table role=\"presentation\" width=\"100%\" cellspacing=\"0\" cellpadding=\"0\">\n<tbody>\n<tr>\n<td class=\"attrLabels\">Temperatura:<\/td>\n<td width=\"50.0%\">0-140\u00baC<\/td>\n<\/tr>\n<tr>\n<td class=\"attrLabels\">Pa\u00eds de distribui\u00e7\u00e3o:<\/td>\n<td width=\"50.0%\">Espanha, Alemanha, EUA<\/td>\n<td class=\"attrLabels\">Peso:<\/td>\n<td width=\"50.0%\">11kg<\/td>\n<\/tr>\n<tr>\n<td class=\"attrLabels\">Marca:<\/td>\n<td width=\"50.0%\">ARCO<\/td>\n<td class=\"attrLabels\">Altura:<\/td>\n<td width=\"50.0%\">24cm<\/td>\n<\/tr>\n<tr>\n<td class=\"attrLabels\">Cor:<\/td>\n<td width=\"50.0%\">Prata<\/td>\n<td class=\"attrLabels\">Longo:<\/td>\n<td width=\"50.0%\">46cm<\/td>\n<\/tr>\n<tr>\n<td class=\"attrLabels\">Tipo de produto:<\/td>\n<td width=\"50.0%\">Extrator el\u00e9trico de prensa de \u00f3leo<\/td>\n<td class=\"attrLabels\">Largo:<\/td>\n<td width=\"50.0%\">19cm<\/td>\n<\/tr>\n<tr>\n<td class=\"attrLabels\">N\u00famero do fabricante:<\/td>\n<td width=\"50.0%\">ARCEPA1<\/td>\n<td class=\"attrLabels\">Poder:<\/td>\n<td width=\"50.0%\">760W<\/td>\n<\/tr>\n<tr>\n<td class=\"attrLabels\">Material:<\/td>\n<td width=\"50.0%\">a\u00e7o inoxid\u00e1vel, motor de alta pot\u00eancia, controle de temperatura<\/td>\n<td class=\"attrLabels\">tens\u00e3o de entrada<\/td>\n<td width=\"50.0%\">220 V \u2013 50 Hz<\/p>\n<p>110 \u2013 60Hz<\/td>\n<\/tr>\n<tr>\n<td class=\"attrLabels\">Tipos de processamento:<\/td>\n<td width=\"50.0%\">frio, quente com ou sem fritura<\/td>\n<td class=\"attrLabels\">Garantia:<\/td>\n<td width=\"50.0%\">2 ANOS<\/td>\n<\/tr>\n<tr>\n<td class=\"attrLabels\">Ferramentas de instala\u00e7\u00e3o:<\/td>\n<td width=\"50.0%\">Sim<\/td>\n<td class=\"attrLabels\">Habilidade:<\/td>\n<td width=\"50.0%\">3-6kg<\/td>\n<\/tr>\n<\/tbody>\n<\/table>\n<p>&nbsp;<\/p>","protected":false},"excerpt":{"rendered":"<h2><strong>M\u00e1quina el\u00e9trica de extra\u00e7\u00e3o de \u00f3leo de sementes \u2013 Profissional para extra\u00e7\u00e3o a quente e a frio<\/strong><\/h2>\n<p>Nosso <strong>m\u00e1quina el\u00e9trica de extra\u00e7\u00e3o de \u00f3leo de semente<\/strong> \u00c9 ideal para quem procura uma solu\u00e7\u00e3o eficiente e profissional para a produ\u00e7\u00e3o de petr\u00f3leo, tanto a frio como a quente. Esse <strong>prensa profissional de extra\u00e7\u00e3o de \u00f3leo<\/strong> pode processar uma grande variedade de sementes, oferecendo versatilidade para diferentes tipos de \u00f3leos.<\/p>\n<p>A m\u00e1quina est\u00e1 equipada com bandeja com funil, com capacidade para processar entre <strong>3 quilogramas (kg) e 6 quilogramas (kg) hora<\/strong> de sementes, o que o torna perfeito para pequenas e m\u00e9dias produ\u00e7\u00f5es.<\/p>\n<h3>Exemplos de sementes que s\u00e3o <strong>m\u00e1quina de extra\u00e7\u00e3o de \u00f3leo<\/strong> pode processar:<\/h3>\n<ul>\n<li><strong>sementes de girassol<\/strong>: Muito comum para produ\u00e7\u00e3o de \u00f3leo de cozinha.<\/li>\n<li><strong>sementes de gergelim<\/strong>: Utilizado na produ\u00e7\u00e3o de \u00f3leos gourmet.<\/li>\n<li><strong>sementes de linho<\/strong>: Ideal para a extra\u00e7\u00e3o de \u00f3leos saud\u00e1veis ricos em \u00f4mega-3.<\/li>\n<li><strong>sementes de chia<\/strong>: Usado para \u00f3leos e cosm\u00e9ticos saud\u00e1veis.<\/li>\n<li><strong>sementes de ab\u00f3bora<\/strong>: Perfeito para extra\u00e7\u00e3o de \u00f3leo nutriente.<\/li>\n<li><strong>sementes de mostarda<\/strong>: Utilizado para \u00f3leos especiais para fins culin\u00e1rios e medicinais.<\/li>\n<li><strong>Sementes de c\u00e2nhamo<\/strong>: Muito procurado pelas suas propriedades nutricionais e cosm\u00e9ticas.<\/li>\n<li><strong>soja<\/strong>: Popular para produ\u00e7\u00e3o de petr\u00f3leo na ind\u00fastria aliment\u00edcia.<\/li>\n<li><strong>Sementes de amendoim<\/strong>: Utilizado para produ\u00e7\u00e3o de \u00f3leos culin\u00e1rios e gourmet.<\/li>\n<li><strong>sementes de algod\u00e3o<\/strong>: Comum na produ\u00e7\u00e3o de \u00f3leo industrial e alimentar.<\/li>\n<li><strong>Nozes<\/strong>: Para azeites gourmet de alto valor agregado.<\/li>\n<li><strong>azeitona azeitona:<\/strong> s\u00f3 pode extrair \u00f3leo da polpa sem a semente<\/li>\n<\/ul>\n<p>Com isso <strong>m\u00e1quina el\u00e9trica de extra\u00e7\u00e3o de \u00f3leo<\/strong>, voc\u00ea pode obter \u00f3leos de alta qualidade a partir de uma grande variedade de sementes. Tanto em processos de extra\u00e7\u00e3o a frio para preservar as propriedades nutricionais, como em processos de extra\u00e7\u00e3o a quente para maximizar o desempenho, esta m\u00e1quina \u00e9 uma op\u00e7\u00e3o ideal para apicultores, lojas de produtos naturais e pequenas f\u00e1bricas.<\/p>\n<p>Se voc\u00ea est\u00e1 procurando um <strong>prensa profissional de extra\u00e7\u00e3o de \u00f3leo<\/strong> Para sementes, esta m\u00e1quina \u00e9 a solu\u00e7\u00e3o perfeita para extrair \u00f3leos de forma r\u00e1pida e eficiente. A capacidade de <strong>3kg a 6kg<\/strong> por ciclo de processamento garante que voc\u00ea possa se adaptar a diferentes volumes de produ\u00e7\u00e3o sem perder qualidade.<\/p>","protected":false},"featured_media":963,"comment_status":"open","ping_status":"closed","template":"","meta":{"wds_primary_product_brand":0,"wds_primary_product_cat":0},"product_brand":[],"product_cat":[55],"product_tag":[],"class_list":{"0":"post-952","1":"product","2":"type-product","3":"status-publish","4":"has-post-thumbnail","6":"product_cat-extractor-prensa-de-aceites","7":"product_shipping_class-express","9":"first","10":"instock","11":"taxable","12":"shipping-taxable","13":"purchasable","14":"product-type-simple"},"yoast_head":"<!-- This site is optimized with the Yoast SEO Premium plugin v24.9 (Yoast SEO v26.1) - https:\/\/yoast.com\/wordpress\/plugins\/seo\/ -->\n<title>Extractor prensa de aceite el\u00e9ctrico - distribuci\u00f3n ARC<\/title>\n<meta name=\"robots\" content=\"index, follow, max-snippet:-1, max-image-preview:large, max-video-preview:-1\" \/>\n<link rel=\"canonical\" href=\"https:\/\/distribucionarc.com\/pt\/produto\/extrator-de-prensa-de-oleo-eletrico\/\" \/>\n<meta property=\"og:locale\" content=\"pt_PT\" \/>\n<meta property=\"og:type\" content=\"article\" \/>\n<meta property=\"og:title\" content=\"Extractor prensa de aceite el\u00e9ctrico\" \/>\n<meta property=\"og:description\" content=\"M\u00e1quina el\u00e9ctrica para extracci\u00f3n de aceite de semillas \u2013 Profesional para extracci\u00f3n en fr\u00edo y caliente Nuestra m\u00e1quina el\u00e9ctrica de extracci\u00f3n de aceite de semillas es ideal para aquellos que buscan una soluci\u00f3n eficiente y profesional para la producci\u00f3n de aceite, tanto en fr\u00edo como en caliente. Esta prensa de extracci\u00f3n de aceite profesional puede procesar una amplia variedad de semillas, ofreciendo versatilidad para diferentes tipos de aceites.  La m\u00e1quina est\u00e1 equipada con una bandeja con embudo, con capacidad para procesar entre 3 kilogramos (kg) y 6 kilogramos (kg) hora de semillas, lo que la hace perfecta para producciones peque\u00f1as y medianas. Ejemplos de semillas que esta m\u00e1quina para extraer aceite puede procesar:   Semillas de girasol: Muy com\u00fan para la producci\u00f3n de aceite de cocina.  Semillas de s\u00e9samo: Utilizadas en la producci\u00f3n de aceites gourmet.  Semillas de lino: Ideales para la extracci\u00f3n de aceites saludables ricos en omega-3.  Semillas de ch\u00eda: Usadas para aceites saludables y cosm\u00e9ticos.  Semillas de calabaza: Perfectas para la extracci\u00f3n de aceite nutritivo.  Semillas de mostaza: Utilizadas para aceites especiales con fines culinarios y medicinales.  Semillas de c\u00e1\u00f1amo: Muy demandadas por sus propiedades nutritivas y cosm\u00e9ticas.  Semillas de soja: Populares para la producci\u00f3n de aceite en la industria alimentaria.  Semillas de man\u00ed (cacahuete): Usadas para la producci\u00f3n de aceites de cocina y gourmet.  Semillas de algod\u00f3n: Com\u00fan en la producci\u00f3n de aceite industrial y alimentario.  Nueces: Para aceites gourmet de alto valor a\u00f1adido.  oliva aceituna: solo puede extraer el aceite de la pulpa sin la semilla  Con esta m\u00e1quina el\u00e9ctrica para extracci\u00f3n de aceite, podr\u00e1s obtener aceites de alta calidad de una gran variedad de semillas. Tanto en procesos de extracci\u00f3n en fr\u00edo para conservar las propiedades nutritivas, como en caliente para maximizar el rendimiento, esta m\u00e1quina es una opci\u00f3n ideal para apicultores, tiendas de productos naturales, y peque\u00f1as f\u00e1bricas.  Si buscas una prensa de extracci\u00f3n de aceite profesional para semillas, esta m\u00e1quina es la soluci\u00f3n perfecta para extraer aceites de forma r\u00e1pida y eficiente. La capacidad de 3 kg a 6 kg por ciclo de procesamiento asegura que puedes adaptarte a diferentes vol\u00famenes de producci\u00f3n sin perder calidad.\" \/>\n<meta property=\"og:url\" content=\"https:\/\/distribucionarc.com\/pt\/produto\/extrator-de-prensa-de-oleo-eletrico\/\" \/>\n<meta property=\"og:site_name\" content=\"distribuci\u00f3n ARC\" \/>\n<meta property=\"article:modified_time\" content=\"2024-09-05T16:38:38+00:00\" \/>\n<meta property=\"og:image\" content=\"https:\/\/distribucionarc.com\/wp-content\/uploads\/2020\/07\/Extractor-prensa-de-aceite-el\u00e9ctrico-0.jpg\" \/>\n\t<meta property=\"og:image:width\" content=\"1600\" \/>\n\t<meta property=\"og:image:height\" content=\"1600\" \/>\n\t<meta property=\"og:image:type\" content=\"image\/jpeg\" \/>\n<meta name=\"twitter:card\" content=\"summary_large_image\" \/>\n<meta name=\"twitter:label1\" content=\"Tempo estimado de leitura\" \/>\n\t<meta name=\"twitter:data1\" content=\"2 minutos\" \/>\n<script type=\"application\/ld+json\" class=\"yoast-schema-graph\">{\"@context\":\"https:\/\/schema.org\",\"@graph\":[{\"@type\":\"WebPage\",\"@id\":\"https:\/\/distribucionarc.com\/el\/producto\/extractor-prensa-de-aceite-electrico\/\",\"url\":\"https:\/\/distribucionarc.com\/el\/producto\/extractor-prensa-de-aceite-electrico\/\",\"name\":\"Extractor prensa de aceite el\u00e9ctrico - distribuci\u00f3n ARC\",\"isPartOf\":{\"@id\":\"https:\/\/distribucionarc.com\/pl\/#website\"},\"primaryImageOfPage\":{\"@id\":\"https:\/\/distribucionarc.com\/el\/producto\/extractor-prensa-de-aceite-electrico\/#primaryimage\"},\"image\":{\"@id\":\"https:\/\/distribucionarc.com\/el\/producto\/extractor-prensa-de-aceite-electrico\/#primaryimage\"},\"thumbnailUrl\":\"https:\/\/distribucionarc.com\/wp-content\/uploads\/2020\/07\/Extractor-prensa-de-aceite-el\u00e9ctrico-0.jpg\",\"datePublished\":\"2020-07-15T11:51:30+00:00\",\"dateModified\":\"2024-09-05T16:38:38+00:00\",\"breadcrumb\":{\"@id\":\"https:\/\/distribucionarc.com\/el\/producto\/extractor-prensa-de-aceite-electrico\/#breadcrumb\"},\"inLanguage\":\"pt-PT\",\"potentialAction\":[{\"@type\":\"ReadAction\",\"target\":[\"https:\/\/distribucionarc.com\/el\/producto\/extractor-prensa-de-aceite-electrico\/\"]}]},{\"@type\":\"ImageObject\",\"inLanguage\":\"pt-PT\",\"@id\":\"https:\/\/distribucionarc.com\/el\/producto\/extractor-prensa-de-aceite-electrico\/#primaryimage\",\"url\":\"https:\/\/distribucionarc.com\/wp-content\/uploads\/2020\/07\/Extractor-prensa-de-aceite-el\u00e9ctrico-0.jpg\",\"contentUrl\":\"https:\/\/distribucionarc.com\/wp-content\/uploads\/2020\/07\/Extractor-prensa-de-aceite-el\u00e9ctrico-0.jpg\",\"width\":1600,\"height\":1600,\"caption\":\"Extractor prensa de aceite el\u00e9ctrico\"},{\"@type\":\"BreadcrumbList\",\"@id\":\"https:\/\/distribucionarc.com\/el\/producto\/extractor-prensa-de-aceite-electrico\/#breadcrumb\",\"itemListElement\":[{\"@type\":\"ListItem\",\"position\":1,\"name\":\"Portada\",\"item\":\"https:\/\/www.distribucionarc.com\/tr\/\"},{\"@type\":\"ListItem\",\"position\":2,\"name\":\"Izdelki\",\"item\":\"https:\/\/www.distribucionarc.com\/sl\/trgovina\/\"},{\"@type\":\"ListItem\",\"position\":3,\"name\":\"Extractor prensa de aceite el\u00e9ctrico\"}]},{\"@type\":\"WebSite\",\"@id\":\"https:\/\/distribucionarc.com\/pl\/#website\",\"url\":\"https:\/\/distribucionarc.com\/pl\/\",\"name\":\"distribuci\u00f3n ARC\",\"description\":\"Empresa especializada en la fabricaci\u00f3n y distribuci\u00f3n de maquinaria industrial, selladoras de latas, Maquinas de hacer pastillas, Maquinas de cortar carne...\",\"publisher\":{\"@id\":\"https:\/\/distribucionarc.com\/pl\/#organization\"},\"potentialAction\":[{\"@type\":\"SearchAction\",\"target\":{\"@type\":\"EntryPoint\",\"urlTemplate\":\"https:\/\/distribucionarc.com\/pl\/?s={search_term_string}\"},\"query-input\":{\"@type\":\"PropertyValueSpecification\",\"valueRequired\":true,\"valueName\":\"search_term_string\"}}],\"inLanguage\":\"pt-PT\"},{\"@type\":\"Organization\",\"@id\":\"https:\/\/distribucionarc.com\/pl\/#organization\",\"name\":\"Distribuci\u00f3n ARC\",\"url\":\"https:\/\/distribucionarc.com\/pl\/\",\"logo\":{\"@type\":\"ImageObject\",\"inLanguage\":\"pt-PT\",\"@id\":\"https:\/\/distribucionarc.com\/pl\/#\/schema\/logo\/image\/\",\"url\":\"https:\/\/distribucionarc.com\/wp-content\/uploads\/2024\/10\/distribucion-ARC-COLOR-SIN-FONDO-e1732295305345.png\",\"contentUrl\":\"https:\/\/distribucionarc.com\/wp-content\/uploads\/2024\/10\/distribucion-ARC-COLOR-SIN-FONDO-e1732295305345.png\",\"width\":1164,\"height\":558,\"caption\":\"Distribuci\u00f3n ARC\"},\"image\":{\"@id\":\"https:\/\/distribucionarc.com\/pl\/#\/schema\/logo\/image\/\"},\"description\":\"Empresa especializada en la fabricaci\u00f3n y distribuci\u00f3n de maquinaria industrial para los sectores alimentario y farmac\u00e9utico. Nos especializamos en: M\u00e1quinas de cortar carne Fabricaci\u00f3n de comprimidos Sistemas de transporte industrial L\u00edneas de embotellado Dosificadores Y mucho m\u00e1s... Ofrecemos soluciones innovadoras y personalizadas para optimizar los procesos productivos de tu empresa.\",\"email\":\"Admistracion@distribucionarc.com\",\"telephone\":\"+34 643496664\",\"legalName\":\"ARC TECH SOLUTIONS\",\"foundingDate\":\"2024-04-09\",\"vatID\":\"B55480172\",\"numberOfEmployees\":{\"@type\":\"QuantitativeValue\",\"minValue\":\"1\",\"maxValue\":\"10\"}}]}<\/script>\n<!-- \/ Yoast SEO Premium plugin. -->","yoast_head_json":{"title":"Extrator el\u00e9trico de prensa de \u00f3leo - distribui\u00e7\u00e3o ARC","robots":{"index":"index","follow":"follow","max-snippet":"max-snippet:-1","max-image-preview":"max-image-preview:large","max-video-preview":"max-video-preview:-1"},"canonical":"https:\/\/distribucionarc.com\/pt\/produto\/extrator-de-prensa-de-oleo-eletrico\/","og_locale":"pt_PT","og_type":"article","og_title":"Extractor prensa de aceite el\u00e9ctrico","og_description":"M\u00e1quina el\u00e9ctrica para extracci\u00f3n de aceite de semillas \u2013 Profesional para extracci\u00f3n en fr\u00edo y caliente Nuestra m\u00e1quina el\u00e9ctrica de extracci\u00f3n de aceite de semillas es ideal para aquellos que buscan una soluci\u00f3n eficiente y profesional para la producci\u00f3n de aceite, tanto en fr\u00edo como en caliente. Esta prensa de extracci\u00f3n de aceite profesional puede procesar una amplia variedad de semillas, ofreciendo versatilidad para diferentes tipos de aceites.  La m\u00e1quina est\u00e1 equipada con una bandeja con embudo, con capacidad para procesar entre 3 kilogramos (kg) y 6 kilogramos (kg) hora de semillas, lo que la hace perfecta para producciones peque\u00f1as y medianas. Ejemplos de semillas que esta m\u00e1quina para extraer aceite puede procesar:   Semillas de girasol: Muy com\u00fan para la producci\u00f3n de aceite de cocina.  Semillas de s\u00e9samo: Utilizadas en la producci\u00f3n de aceites gourmet.  Semillas de lino: Ideales para la extracci\u00f3n de aceites saludables ricos en omega-3.  Semillas de ch\u00eda: Usadas para aceites saludables y cosm\u00e9ticos.  Semillas de calabaza: Perfectas para la extracci\u00f3n de aceite nutritivo.  Semillas de mostaza: Utilizadas para aceites especiales con fines culinarios y medicinales.  Semillas de c\u00e1\u00f1amo: Muy demandadas por sus propiedades nutritivas y cosm\u00e9ticas.  Semillas de soja: Populares para la producci\u00f3n de aceite en la industria alimentaria.  Semillas de man\u00ed (cacahuete): Usadas para la producci\u00f3n de aceites de cocina y gourmet.  Semillas de algod\u00f3n: Com\u00fan en la producci\u00f3n de aceite industrial y alimentario.  Nueces: Para aceites gourmet de alto valor a\u00f1adido.  oliva aceituna: solo puede extraer el aceite de la pulpa sin la semilla  Con esta m\u00e1quina el\u00e9ctrica para extracci\u00f3n de aceite, podr\u00e1s obtener aceites de alta calidad de una gran variedad de semillas. Tanto en procesos de extracci\u00f3n en fr\u00edo para conservar las propiedades nutritivas, como en caliente para maximizar el rendimiento, esta m\u00e1quina es una opci\u00f3n ideal para apicultores, tiendas de productos naturales, y peque\u00f1as f\u00e1bricas.  Si buscas una prensa de extracci\u00f3n de aceite profesional para semillas, esta m\u00e1quina es la soluci\u00f3n perfecta para extraer aceites de forma r\u00e1pida y eficiente. La capacidad de 3 kg a 6 kg por ciclo de procesamiento asegura que puedes adaptarte a diferentes vol\u00famenes de producci\u00f3n sin perder calidad.","og_url":"https:\/\/distribucionarc.com\/pt\/produto\/extrator-de-prensa-de-oleo-eletrico\/","og_site_name":"distribuci\u00f3n ARC","article_modified_time":"2024-09-05T16:38:38+00:00","og_image":[{"width":1600,"height":1600,"url":"https:\/\/distribucionarc.com\/wp-content\/uploads\/2020\/07\/Extractor-prensa-de-aceite-el\u00e9ctrico-0.jpg","type":"image\/jpeg"}],"twitter_card":"summary_large_image","twitter_misc":{"Tempo estimado de leitura":"2 minutos"},"schema":{"@context":"https:\/\/schema.org","@graph":[{"@type":"WebPage","@id":"https:\/\/distribucionarc.com\/el\/producto\/extractor-prensa-de-aceite-electrico\/","url":"https:\/\/distribucionarc.com\/el\/producto\/extractor-prensa-de-aceite-electrico\/","name":"Extrator el\u00e9trico de prensa de \u00f3leo - distribui\u00e7\u00e3o ARC","isPartOf":{"@id":"https:\/\/distribucionarc.com\/pl\/#website"},"primaryImageOfPage":{"@id":"https:\/\/distribucionarc.com\/el\/producto\/extractor-prensa-de-aceite-electrico\/#primaryimage"},"image":{"@id":"https:\/\/distribucionarc.com\/el\/producto\/extractor-prensa-de-aceite-electrico\/#primaryimage"},"thumbnailUrl":"https:\/\/distribucionarc.com\/wp-content\/uploads\/2020\/07\/Extractor-prensa-de-aceite-el\u00e9ctrico-0.jpg","datePublished":"2020-07-15T11:51:30+00:00","dateModified":"2024-09-05T16:38:38+00:00","breadcrumb":{"@id":"https:\/\/distribucionarc.com\/el\/producto\/extractor-prensa-de-aceite-electrico\/#breadcrumb"},"inLanguage":"pt-PT","potentialAction":[{"@type":"ReadAction","target":["https:\/\/distribucionarc.com\/el\/producto\/extractor-prensa-de-aceite-electrico\/"]}]},{"@type":"ImageObject","inLanguage":"pt-PT","@id":"https:\/\/distribucionarc.com\/el\/producto\/extractor-prensa-de-aceite-electrico\/#primaryimage","url":"https:\/\/distribucionarc.com\/wp-content\/uploads\/2020\/07\/Extractor-prensa-de-aceite-el\u00e9ctrico-0.jpg","contentUrl":"https:\/\/distribucionarc.com\/wp-content\/uploads\/2020\/07\/Extractor-prensa-de-aceite-el\u00e9ctrico-0.jpg","width":1600,"height":1600,"caption":"Extractor prensa de aceite el\u00e9ctrico"},{"@type":"BreadcrumbList","@id":"https:\/\/distribucionarc.com\/el\/producto\/extractor-prensa-de-aceite-electrico\/#breadcrumb","itemListElement":[{"@type":"ListItem","position":1,"name":"Portada","item":"https:\/\/www.distribucionarc.com\/tr\/"},{"@type":"ListItem","position":2,"name":"Izdelki","item":"https:\/\/www.distribucionarc.com\/sl\/trgovina\/"},{"@type":"ListItem","position":3,"name":"Extractor prensa de aceite el\u00e9ctrico"}]},{"@type":"WebSite","@id":"https:\/\/distribucionarc.com\/pl\/#website","url":"https:\/\/distribucionarc.com\/pl\/","name":"Distribui\u00e7\u00e3o ARC","description":"Empresa especializada no fabrico e distribui\u00e7\u00e3o de m\u00e1quinas industriais, m\u00e1quinas de selar latas, m\u00e1quinas de fazer comprimidos, m\u00e1quinas de cortar carne...","publisher":{"@id":"https:\/\/distribucionarc.com\/pl\/#organization"},"potentialAction":[{"@type":"SearchAction","target":{"@type":"EntryPoint","urlTemplate":"https:\/\/distribucionarc.com\/pl\/?s={search_term_string}"},"query-input":{"@type":"PropertyValueSpecification","valueRequired":true,"valueName":"search_term_string"}}],"inLanguage":"pt-PT"},{"@type":"Organization","@id":"https:\/\/distribucionarc.com\/pl\/#organization","name":"Distribui\u00e7\u00e3o ARC","url":"https:\/\/distribucionarc.com\/pl\/","logo":{"@type":"ImageObject","inLanguage":"pt-PT","@id":"https:\/\/distribucionarc.com\/pl\/#\/schema\/logo\/image\/","url":"https:\/\/distribucionarc.com\/wp-content\/uploads\/2024\/10\/distribucion-ARC-COLOR-SIN-FONDO-e1732295305345.png","contentUrl":"https:\/\/distribucionarc.com\/wp-content\/uploads\/2024\/10\/distribucion-ARC-COLOR-SIN-FONDO-e1732295305345.png","width":1164,"height":558,"caption":"Distribuci\u00f3n ARC"},"image":{"@id":"https:\/\/distribucionarc.com\/pl\/#\/schema\/logo\/image\/"},"description":"Empresa especializada no fabrico e distribui\u00e7\u00e3o de m\u00e1quinas industriais para os sectores alimentar e farmac\u00eautico. Somos especializados em: M\u00e1quinas de cortar carne Fabrico de comprimidos Sistemas de transporte industrial Linhas de engarrafamento Dispensadores E muito mais... Oferecemos solu\u00e7\u00f5es inovadoras e personalizadas para otimizar os processos de produ\u00e7\u00e3o da sua empresa.","email":"Admistracion@distribucionarc.com","telephone":"+34 643496664","legalName":"ARC TECH SOLUTIONS","foundingDate":"2024-04-09","vatID":"B55480172","numberOfEmployees":{"@type":"QuantitativeValue","minValue":"1","maxValue":"10"}}]}},"_links":{"self":[{"href":"https:\/\/distribucionarc.com\/pt\/wp-json\/wp\/v2\/product\/952","targetHints":{"allow":["GET"]}}],"collection":[{"href":"https:\/\/distribucionarc.com\/pt\/wp-json\/wp\/v2\/product"}],"about":[{"href":"https:\/\/distribucionarc.com\/pt\/wp-json\/wp\/v2\/types\/product"}],"replies":[{"embeddable":true,"href":"https:\/\/distribucionarc.com\/pt\/wp-json\/wp\/v2\/comments?post=952"}],"version-history":[{"count":0,"href":"https:\/\/distribucionarc.com\/pt\/wp-json\/wp\/v2\/product\/952\/revisions"}],"wp:featuredmedia":[{"embeddable":true,"href":"https:\/\/distribucionarc.com\/pt\/wp-json\/wp\/v2\/media\/963"}],"wp:attachment":[{"href":"https:\/\/distribucionarc.com\/pt\/wp-json\/wp\/v2\/media?parent=952"}],"wp:term":[{"taxonomy":"product_brand","embeddable":true,"href":"https:\/\/distribucionarc.com\/pt\/wp-json\/wp\/v2\/product_brand?post=952"},{"taxonomy":"product_cat","embeddable":true,"href":"https:\/\/distribucionarc.com\/pt\/wp-json\/wp\/v2\/product_cat?post=952"},{"taxonomy":"product_tag","embeddable":true,"href":"https:\/\/distribucionarc.com\/pt\/wp-json\/wp\/v2\/product_tag?post=952"}],"curies":[{"name":"wp","href":"https:\/\/api.w.org\/{rel}","templated":true}]}}