{"id":997,"date":"2020-07-15T16:59:51","date_gmt":"2020-07-15T16:59:51","guid":{"rendered":"https:\/\/distribucionarc.com\/?post_type=product&#038;p=997"},"modified":"2024-09-05T18:13:08","modified_gmt":"2024-09-05T18:13:08","slug":"janela-de-exibicao-quente","status":"publish","type":"product","link":"https:\/\/distribucionarc.com\/pt\/producto\/vitrina-expositora-caliente\/","title":{"rendered":"Vitrine quente normal"},"content":{"rendered":"<h3>Vitrine quente normal<\/h3>\n<p>Se procura a solu\u00e7\u00e3o perfeita para manter os seus alimentos quentes \u00e0 temperatura de servi\u00e7o durante v\u00e1rias horas em \u00e1reas de &quot;exposi\u00e7\u00e3o e venda&quot;, procura o<strong> aquecedores<\/strong> e <strong>vitrines de comida quente<\/strong> de <strong><span style=\"color: #ff0000;\">PARA<\/span><span style=\"color: #0000ff;\">R<\/span>c<\/strong>. O <strong>vitrine quente<\/strong> de <strong><span style=\"color: #ff0000;\">PARA<\/span><span style=\"color: #0000ff;\">R<\/span>c<\/strong> oferece solu\u00e7\u00f5es de equipamentos para lanchonetes, buffets, lojas e restaurantes.<\/p>\n<p>Esse <strong>vitrine<\/strong> <strong>quente <span style=\"color: #ff0000;\">PARA<\/span><span style=\"color: #0000ff;\">R<\/span>c<\/strong> A bancada possui estrutura robusta em a\u00e7o inoxid\u00e1vel, paredes de vidro temperado e portas de acr\u00edlico. Com alta estabilidade e melhor visibilidade. Possui portas de f\u00e1cil abertura, vidro temperado combinado com sistema de fechamento magn\u00e9tico. Fornece melhor veda\u00e7\u00e3o da porta.<\/p>\n<p>O <strong>vitrine quente <span style=\"color: #ff0000;\">PARA<\/span><span style=\"color: #0000ff;\">R<\/span>CVEC1<\/strong> Possui bot\u00e3o rotativo de controle termost\u00e1tico, que permite escolher a temperatura mais adequada para diferentes tipos de alimentos. As duas camadas de cestos s\u00e3o compostas por 2 bandejas de a\u00e7o inoxid\u00e1vel medindo 19,5 x 17,5 cm. As bandejas podem ser deslizadas para dentro e para fora, proporcionando maior capacidade para os aquecedores de panelas.<strong> vitrines quentes<\/strong>, geralmente possui baldes para a disposi\u00e7\u00e3o dos alimentos no bar, tamb\u00e9m conhecidos como <strong>vitrines<\/strong>r, s\u00e3o mantidos na temperatura adequada gra\u00e7as ao calor em que os baldes est\u00e3o submersos. Geralmente o <strong>vitrines quentes<\/strong> O banho-maria possui dreno para manuten\u00e7\u00e3o e f\u00e1cil limpeza. Al\u00e9m de portas de correr para manter a temperatura e n\u00e3o desperdi\u00e7ar energia, tornando-o um <strong><span style=\"color: #008000;\">m\u00e1quina de consumo eficiente<\/span><\/strong>.<\/p>\n<p>Luzes decorativas quentes tornam a comida mais atraente e atraente para o cliente; com interruptor liga\/desliga confi\u00e1vel e seguro, \u00e0 prova d&#039;\u00e1gua, \u00e0 prova de poeira e resistente a vazamentos el\u00e9tricos; Uma bandeja para coleta de \u00f3leo est\u00e1 inclu\u00edda na parte inferior.<\/p>\n<p>&nbsp;<\/p>\n<h6><strong>Garantia\u00a0<span style=\"color: #ff0000;\">PARA<span style=\"color: #0000ff;\">R<\/span><\/span>C 2 ANOS<\/strong><\/h6>\n<h6><span style=\"color: #008000;\">Vitrine quente eficiente, baixo consumo 600w<\/span><\/h6>\n<h6><strong>suporte t\u00e9cnico inclu\u00eddo.<\/strong><\/h6>\n<p>&nbsp;<\/p>\n<p>&nbsp;<\/p>\n<table role=\"presentation\" width=\"100%\" cellspacing=\"0\" cellpadding=\"0\">\n<tbody>\n<tr>\n<td class=\"attrLabels\">Temperatura:<\/td>\n<td width=\"50.0%\">30-85\u00baC<\/td>\n<\/tr>\n<tr>\n<td class=\"attrLabels\">Pa\u00eds de distribui\u00e7\u00e3o:<\/td>\n<td width=\"50.0%\">Espanha, Alemanha, EUA<\/td>\n<td class=\"attrLabels\">Peso:<\/td>\n<td width=\"50.0%\">17kg<\/td>\n<\/tr>\n<tr>\n<td class=\"attrLabels\">Marca:<\/td>\n<td width=\"50.0%\">ARCO<\/td>\n<td class=\"attrLabels\">Altura:<\/td>\n<td width=\"50.0%\">51cm<\/td>\n<\/tr>\n<tr>\n<td class=\"attrLabels\">Cor:<\/td>\n<td width=\"50.0%\">Prata<\/td>\n<td class=\"attrLabels\">Longo:<\/td>\n<td width=\"50.0%\">61cm<\/td>\n<\/tr>\n<tr>\n<td class=\"attrLabels\">Tipo de produto:<\/td>\n<td width=\"50.0%\">Vitrine quente<\/td>\n<td class=\"attrLabels\">Largo:<\/td>\n<td width=\"50.0%\">38cm<\/td>\n<\/tr>\n<tr>\n<td class=\"attrLabels\">N\u00famero do fabricante:<\/td>\n<td width=\"50.0%\">ARCVEC1<\/td>\n<td class=\"attrLabels\">Poder:<\/td>\n<td width=\"50.0%\">600 W<\/td>\n<\/tr>\n<tr>\n<td class=\"attrLabels\">Material:<\/td>\n<td width=\"50.0%\">em a\u00e7o inoxid\u00e1vel, com controle de temperatura<\/td>\n<td class=\"attrLabels\">tens\u00e3o de entrada<\/td>\n<td width=\"50.0%\">220 V \u2013 60 Hz<\/td>\n<\/tr>\n<tr>\n<td class=\"attrLabels\">N\u00edveis:<\/td>\n<td width=\"50.0%\">\u00a02<\/td>\n<td class=\"attrLabels\">Tamanho da cabine:<\/td>\n<td width=\"50.0%\">14cm<\/td>\n<\/tr>\n<tr>\n<td class=\"attrLabels\">Ferramentas de instala\u00e7\u00e3o:<\/td>\n<td width=\"50.0%\">Sim<\/td>\n<td class=\"attrLabels\">Garantia:<\/td>\n<td width=\"50.0%\">2 ANOS<\/td>\n<\/tr>\n<\/tbody>\n<\/table>","protected":false},"excerpt":{"rendered":"<h2><strong style=\"font-size: 16px;\">Vitrina caliente Expositor de sobremesa de ARC \u2013 600W<\/strong><\/h2>\n<div class=\"group\/conversation-turn relative flex w-full min-w-0 flex-col agent-turn\">\n<div class=\"flex-col gap-1 md:gap-3\">\n<div class=\"flex max-w-full flex-col flex-grow\">\n<div class=\"min-h-[20px] text-message flex w-full flex-col items-end gap-2 break-words [.text-message+&amp;]:mt-5 overflow-x-auto whitespace-normal\" dir=\"auto\" data-message-author-role=\"assistant\" data-message-id=\"581870f1-c993-4564-b525-941801f8dd53\">\n<div class=\"flex w-full flex-col gap-1 empty:hidden first:pt-[3px]\">\n<div class=\"markdown prose w-full break-words dark:prose-invert light\">\n<p>La <strong>vitrina de exposici\u00f3n caliente de sobremesa<\/strong> de ARC es perfecta para mantener los alimentos calientes y frescos, garantizando una presentaci\u00f3n atractiva. Con una potencia de <strong>600 vatios (W)<\/strong> y fabricada en <strong>acero inoxidable 304<\/strong>, apto para el uso alimentario, asegura durabilidad, seguridad y f\u00e1cil limpieza. Sus dimensiones de <strong>61 cent\u00edmetros (cm) x 38 cent\u00edmetros (cm) x 51 cent\u00edmetros (cm)<\/strong> proporcionan el espacio necesario, con <strong>dos niveles<\/strong> que permiten una excelente exposici\u00f3n de alimentos.<\/p>\n<h3>Productos que puedes exhibir en esta <strong>vitrina caliente de sobremesa<\/strong>:<\/h3>\n<ul>\n<li><strong>Pizzas<\/strong>: Mant\u00e9n porciones individuales de pizza calientes y listas para servir.<\/li>\n<li><strong>Empanadas<\/strong>: Perfectas para mantener crujientes y calientes.<\/li>\n<li><strong>Croissants<\/strong>: Ideal para panader\u00edas y cafeter\u00edas.<\/li>\n<li><strong>Hot dogs<\/strong>: Listos para ser servidos en tiendas de conveniencia o buffets.<\/li>\n<li><strong>Bocadillos<\/strong>: S\u00e1ndwiches y bocadillos calientes, perfectos para cafeter\u00edas.<\/li>\n<li><strong>Hamburguesas<\/strong>: Mant\u00e9n las hamburguesas jugosas y calientes antes de servir.<\/li>\n<li><strong>Panes y boller\u00eda<\/strong>: Exhibe pan reci\u00e9n horneado, manteni\u00e9ndolo caliente.<\/li>\n<li><strong>Carnes asadas<\/strong>: Como pollos asados o costillas, listos para llevar.<\/li>\n<li><strong>Patatas fritas<\/strong>: Mant\u00e9n las patatas crujientes a la temperatura perfecta.<\/li>\n<\/ul>\n<h3>Sectores donde se puede implementar esta <strong>vitrina de exposici\u00f3n caliente<\/strong>:<\/h3>\n<ul>\n<li><strong>Cafeter\u00edas<\/strong>: Exhibe croissants, bocadillos y hamburguesas calientes.<\/li>\n<li><strong>Panader\u00edas y pasteler\u00edas<\/strong>: Perfecta para productos horneados calientes.<\/li>\n<li><strong>Restaurantes de comida r\u00e1pida<\/strong>: Ideal para hamburguesas, pizzas y otros alimentos calientes.<\/li>\n<li><strong>Hoteles<\/strong>: Perfecta para buffets de desayuno, manteniendo el pan y otros productos calientes.<\/li>\n<li><strong>Supermercados<\/strong>: Para comidas preparadas y listas para llevar.<\/li>\n<li><strong>Estaciones de servicio<\/strong>: Hot dogs, empanadas, y bocadillos calientes listos para el cliente en movimiento.<\/li>\n<li><strong>Catering y eventos<\/strong>: Mant\u00e9n la comida caliente y fresca durante eventos o reuniones.<\/li>\n<\/ul>\n<p>La <strong>vitrina caliente de sobremesa<\/strong> de ARC es una opci\u00f3n ideal para cualquier negocio que busque una soluci\u00f3n profesional para mantener y exhibir alimentos calientes de manera atractiva. Esta <strong>vitrina caliente profesional<\/strong> es indispensable para quienes valoran la calidad y el control de temperatura en sus productos.<\/p>\n<\/div>\n<\/div>\n<\/div>\n<\/div>\n<\/div>\n<\/div>\n","protected":false},"featured_media":1005,"comment_status":"open","ping_status":"closed","template":"","meta":{"wds_primary_product_brand":0,"wds_primary_product_cat":0},"product_brand":[],"product_cat":[41],"product_tag":[],"class_list":{"0":"post-997","1":"product","2":"type-product","3":"status-publish","4":"has-post-thumbnail","6":"product_cat-expositor-de-alimentos","7":"product_shipping_class-hosteleria","9":"first","10":"instock","11":"taxable","12":"shipping-taxable","13":"purchasable","14":"product-type-simple"},"yoast_head":"<!-- This site is optimized with the Yoast SEO Premium plugin v24.9 (Yoast SEO v26.1) - https:\/\/yoast.com\/wordpress\/plugins\/seo\/ -->\n<title>Vitrina expositor caliente normal - distribuci\u00f3n ARC<\/title>\n<meta name=\"robots\" content=\"index, follow, max-snippet:-1, max-image-preview:large, max-video-preview:-1\" \/>\n<link rel=\"canonical\" href=\"https:\/\/distribucionarc.com\/pt\/produto\/janela-de-exibicao-quente\/\" \/>\n<meta property=\"og:locale\" content=\"pt_PT\" \/>\n<meta property=\"og:type\" content=\"article\" \/>\n<meta property=\"og:title\" content=\"Vitrina expositor caliente normal\" \/>\n<meta property=\"og:description\" content=\"Vitrina caliente Expositor de sobremesa de ARC \u2013 600W        La vitrina de exposici\u00f3n caliente de sobremesa de ARC es perfecta para mantener los alimentos calientes y frescos, garantizando una presentaci\u00f3n atractiva. Con una potencia de 600 vatios (W) y fabricada en acero inoxidable 304, apto para el uso alimentario, asegura durabilidad, seguridad y f\u00e1cil limpieza. Sus dimensiones de 61 cent\u00edmetros (cm) x 38 cent\u00edmetros (cm) x 51 cent\u00edmetros (cm) proporcionan el espacio necesario, con dos niveles que permiten una excelente exposici\u00f3n de alimentos. Productos que puedes exhibir en esta vitrina caliente de sobremesa:   Pizzas: Mant\u00e9n porciones individuales de pizza calientes y listas para servir.  Empanadas: Perfectas para mantener crujientes y calientes.  Croissants: Ideal para panader\u00edas y cafeter\u00edas.  Hot dogs: Listos para ser servidos en tiendas de conveniencia o buffets.  Bocadillos: S\u00e1ndwiches y bocadillos calientes, perfectos para cafeter\u00edas.  Hamburguesas: Mant\u00e9n las hamburguesas jugosas y calientes antes de servir.  Panes y boller\u00eda: Exhibe pan reci\u00e9n horneado, manteni\u00e9ndolo caliente.  Carnes asadas: Como pollos asados o costillas, listos para llevar.  Patatas fritas: Mant\u00e9n las patatas crujientes a la temperatura perfecta.  Sectores donde se puede implementar esta vitrina de exposici\u00f3n caliente:   Cafeter\u00edas: Exhibe croissants, bocadillos y hamburguesas calientes.  Panader\u00edas y pasteler\u00edas: Perfecta para productos horneados calientes.  Restaurantes de comida r\u00e1pida: Ideal para hamburguesas, pizzas y otros alimentos calientes.  Hoteles: Perfecta para buffets de desayuno, manteniendo el pan y otros productos calientes.  Supermercados: Para comidas preparadas y listas para llevar.  Estaciones de servicio: Hot dogs, empanadas, y bocadillos calientes listos para el cliente en movimiento.  Catering y eventos: Mant\u00e9n la comida caliente y fresca durante eventos o reuniones.  La vitrina caliente de sobremesa de ARC es una opci\u00f3n ideal para cualquier negocio que busque una soluci\u00f3n profesional para mantener y exhibir alimentos calientes de manera atractiva. Esta vitrina caliente profesional es indispensable para quienes valoran la calidad y el control de temperatura en sus productos.\" \/>\n<meta property=\"og:url\" content=\"https:\/\/distribucionarc.com\/pt\/produto\/janela-de-exibicao-quente\/\" \/>\n<meta property=\"og:site_name\" content=\"distribuci\u00f3n ARC\" \/>\n<meta property=\"article:modified_time\" content=\"2024-09-05T18:13:08+00:00\" \/>\n<meta property=\"og:image\" content=\"https:\/\/distribucionarc.com\/wp-content\/uploads\/2020\/07\/vitrina-expositora-caliente-0.jpg\" \/>\n\t<meta property=\"og:image:width\" content=\"1600\" \/>\n\t<meta property=\"og:image:height\" content=\"1600\" \/>\n\t<meta property=\"og:image:type\" content=\"image\/jpeg\" \/>\n<meta name=\"twitter:card\" content=\"summary_large_image\" \/>\n<meta name=\"twitter:label1\" content=\"Tempo estimado de leitura\" \/>\n\t<meta name=\"twitter:data1\" content=\"2 minutos\" \/>\n<script type=\"application\/ld+json\" class=\"yoast-schema-graph\">{\"@context\":\"https:\/\/schema.org\",\"@graph\":[{\"@type\":\"WebPage\",\"@id\":\"https:\/\/distribucionarc.com\/sk\/producto\/vitrina-expositora-caliente\/\",\"url\":\"https:\/\/distribucionarc.com\/sk\/producto\/vitrina-expositora-caliente\/\",\"name\":\"Vitrina expositor caliente normal - distribuci\u00f3n ARC\",\"isPartOf\":{\"@id\":\"https:\/\/www.distribucionarc.com\/sl\/#website\"},\"primaryImageOfPage\":{\"@id\":\"https:\/\/distribucionarc.com\/sk\/producto\/vitrina-expositora-caliente\/#primaryimage\"},\"image\":{\"@id\":\"https:\/\/distribucionarc.com\/sk\/producto\/vitrina-expositora-caliente\/#primaryimage\"},\"thumbnailUrl\":\"https:\/\/distribucionarc.com\/wp-content\/uploads\/2020\/07\/vitrina-expositora-caliente-0.jpg\",\"datePublished\":\"2020-07-15T16:59:51+00:00\",\"dateModified\":\"2024-09-05T18:13:08+00:00\",\"breadcrumb\":{\"@id\":\"https:\/\/distribucionarc.com\/sk\/producto\/vitrina-expositora-caliente\/#breadcrumb\"},\"inLanguage\":\"pt-PT\",\"potentialAction\":[{\"@type\":\"ReadAction\",\"target\":[\"https:\/\/distribucionarc.com\/sk\/producto\/vitrina-expositora-caliente\/\"]}]},{\"@type\":\"ImageObject\",\"inLanguage\":\"pt-PT\",\"@id\":\"https:\/\/distribucionarc.com\/sk\/producto\/vitrina-expositora-caliente\/#primaryimage\",\"url\":\"https:\/\/distribucionarc.com\/wp-content\/uploads\/2020\/07\/vitrina-expositora-caliente-0.jpg\",\"contentUrl\":\"https:\/\/distribucionarc.com\/wp-content\/uploads\/2020\/07\/vitrina-expositora-caliente-0.jpg\",\"width\":1600,\"height\":1600,\"caption\":\"vitrina expositora caliente\"},{\"@type\":\"BreadcrumbList\",\"@id\":\"https:\/\/distribucionarc.com\/sk\/producto\/vitrina-expositora-caliente\/#breadcrumb\",\"itemListElement\":[{\"@type\":\"ListItem\",\"position\":1,\"name\":\"Portada\",\"item\":\"https:\/\/www.distribucionarc.com\/\"},{\"@type\":\"ListItem\",\"position\":2,\"name\":\"\u00dcr\u00fcnler\",\"item\":\"https:\/\/www.distribucionarc.com\/tr\/magaza\/\"},{\"@type\":\"ListItem\",\"position\":3,\"name\":\"Vitrina expositor caliente normal\"}]},{\"@type\":\"WebSite\",\"@id\":\"https:\/\/www.distribucionarc.com\/sl\/#website\",\"url\":\"https:\/\/www.distribucionarc.com\/sl\/\",\"name\":\"distribuci\u00f3n ARC\",\"description\":\"Empresa especializada en la fabricaci\u00f3n y distribuci\u00f3n de maquinaria industrial, selladoras de latas, Maquinas de hacer pastillas, Maquinas de cortar carne...\",\"publisher\":{\"@id\":\"https:\/\/www.distribucionarc.com\/sl\/#organization\"},\"potentialAction\":[{\"@type\":\"SearchAction\",\"target\":{\"@type\":\"EntryPoint\",\"urlTemplate\":\"https:\/\/www.distribucionarc.com\/sl\/?s={search_term_string}\"},\"query-input\":{\"@type\":\"PropertyValueSpecification\",\"valueRequired\":true,\"valueName\":\"search_term_string\"}}],\"inLanguage\":\"pt-PT\"},{\"@type\":\"Organization\",\"@id\":\"https:\/\/www.distribucionarc.com\/sl\/#organization\",\"name\":\"Distribuci\u00f3n ARC\",\"url\":\"https:\/\/www.distribucionarc.com\/sl\/\",\"logo\":{\"@type\":\"ImageObject\",\"inLanguage\":\"pt-PT\",\"@id\":\"https:\/\/www.distribucionarc.com\/sl\/#\/schema\/logo\/image\/\",\"url\":\"https:\/\/distribucionarc.com\/wp-content\/uploads\/2024\/10\/distribucion-ARC-COLOR-SIN-FONDO-e1732295305345.png\",\"contentUrl\":\"https:\/\/distribucionarc.com\/wp-content\/uploads\/2024\/10\/distribucion-ARC-COLOR-SIN-FONDO-e1732295305345.png\",\"width\":1164,\"height\":558,\"caption\":\"Distribuci\u00f3n ARC\"},\"image\":{\"@id\":\"https:\/\/www.distribucionarc.com\/sl\/#\/schema\/logo\/image\/\"},\"description\":\"Empresa especializada en la fabricaci\u00f3n y distribuci\u00f3n de maquinaria industrial para los sectores alimentario y farmac\u00e9utico. Nos especializamos en: M\u00e1quinas de cortar carne Fabricaci\u00f3n de comprimidos Sistemas de transporte industrial L\u00edneas de embotellado Dosificadores Y mucho m\u00e1s... Ofrecemos soluciones innovadoras y personalizadas para optimizar los procesos productivos de tu empresa.\",\"email\":\"Admistracion@distribucionarc.com\",\"telephone\":\"+34 643496664\",\"legalName\":\"ARC TECH SOLUTIONS\",\"foundingDate\":\"2024-04-09\",\"vatID\":\"B55480172\",\"numberOfEmployees\":{\"@type\":\"QuantitativeValue\",\"minValue\":\"1\",\"maxValue\":\"10\"}}]}<\/script>\n<!-- \/ Yoast SEO Premium plugin. -->","yoast_head_json":{"title":"Vitrine quente normal - distribui\u00e7\u00e3o ARC","robots":{"index":"index","follow":"follow","max-snippet":"max-snippet:-1","max-image-preview":"max-image-preview:large","max-video-preview":"max-video-preview:-1"},"canonical":"https:\/\/distribucionarc.com\/pt\/produto\/janela-de-exibicao-quente\/","og_locale":"pt_PT","og_type":"article","og_title":"Vitrina expositor caliente normal","og_description":"Vitrina caliente Expositor de sobremesa de ARC \u2013 600W        La vitrina de exposici\u00f3n caliente de sobremesa de ARC es perfecta para mantener los alimentos calientes y frescos, garantizando una presentaci\u00f3n atractiva. Con una potencia de 600 vatios (W) y fabricada en acero inoxidable 304, apto para el uso alimentario, asegura durabilidad, seguridad y f\u00e1cil limpieza. Sus dimensiones de 61 cent\u00edmetros (cm) x 38 cent\u00edmetros (cm) x 51 cent\u00edmetros (cm) proporcionan el espacio necesario, con dos niveles que permiten una excelente exposici\u00f3n de alimentos. Productos que puedes exhibir en esta vitrina caliente de sobremesa:   Pizzas: Mant\u00e9n porciones individuales de pizza calientes y listas para servir.  Empanadas: Perfectas para mantener crujientes y calientes.  Croissants: Ideal para panader\u00edas y cafeter\u00edas.  Hot dogs: Listos para ser servidos en tiendas de conveniencia o buffets.  Bocadillos: S\u00e1ndwiches y bocadillos calientes, perfectos para cafeter\u00edas.  Hamburguesas: Mant\u00e9n las hamburguesas jugosas y calientes antes de servir.  Panes y boller\u00eda: Exhibe pan reci\u00e9n horneado, manteni\u00e9ndolo caliente.  Carnes asadas: Como pollos asados o costillas, listos para llevar.  Patatas fritas: Mant\u00e9n las patatas crujientes a la temperatura perfecta.  Sectores donde se puede implementar esta vitrina de exposici\u00f3n caliente:   Cafeter\u00edas: Exhibe croissants, bocadillos y hamburguesas calientes.  Panader\u00edas y pasteler\u00edas: Perfecta para productos horneados calientes.  Restaurantes de comida r\u00e1pida: Ideal para hamburguesas, pizzas y otros alimentos calientes.  Hoteles: Perfecta para buffets de desayuno, manteniendo el pan y otros productos calientes.  Supermercados: Para comidas preparadas y listas para llevar.  Estaciones de servicio: Hot dogs, empanadas, y bocadillos calientes listos para el cliente en movimiento.  Catering y eventos: Mant\u00e9n la comida caliente y fresca durante eventos o reuniones.  La vitrina caliente de sobremesa de ARC es una opci\u00f3n ideal para cualquier negocio que busque una soluci\u00f3n profesional para mantener y exhibir alimentos calientes de manera atractiva. Esta vitrina caliente profesional es indispensable para quienes valoran la calidad y el control de temperatura en sus productos.","og_url":"https:\/\/distribucionarc.com\/pt\/produto\/janela-de-exibicao-quente\/","og_site_name":"distribuci\u00f3n ARC","article_modified_time":"2024-09-05T18:13:08+00:00","og_image":[{"width":1600,"height":1600,"url":"https:\/\/distribucionarc.com\/wp-content\/uploads\/2020\/07\/vitrina-expositora-caliente-0.jpg","type":"image\/jpeg"}],"twitter_card":"summary_large_image","twitter_misc":{"Tempo estimado de leitura":"2 minutos"},"schema":{"@context":"https:\/\/schema.org","@graph":[{"@type":"WebPage","@id":"https:\/\/distribucionarc.com\/sk\/producto\/vitrina-expositora-caliente\/","url":"https:\/\/distribucionarc.com\/sk\/producto\/vitrina-expositora-caliente\/","name":"Vitrine quente normal - distribui\u00e7\u00e3o ARC","isPartOf":{"@id":"https:\/\/www.distribucionarc.com\/sl\/#website"},"primaryImageOfPage":{"@id":"https:\/\/distribucionarc.com\/sk\/producto\/vitrina-expositora-caliente\/#primaryimage"},"image":{"@id":"https:\/\/distribucionarc.com\/sk\/producto\/vitrina-expositora-caliente\/#primaryimage"},"thumbnailUrl":"https:\/\/distribucionarc.com\/wp-content\/uploads\/2020\/07\/vitrina-expositora-caliente-0.jpg","datePublished":"2020-07-15T16:59:51+00:00","dateModified":"2024-09-05T18:13:08+00:00","breadcrumb":{"@id":"https:\/\/distribucionarc.com\/sk\/producto\/vitrina-expositora-caliente\/#breadcrumb"},"inLanguage":"pt-PT","potentialAction":[{"@type":"ReadAction","target":["https:\/\/distribucionarc.com\/sk\/producto\/vitrina-expositora-caliente\/"]}]},{"@type":"ImageObject","inLanguage":"pt-PT","@id":"https:\/\/distribucionarc.com\/sk\/producto\/vitrina-expositora-caliente\/#primaryimage","url":"https:\/\/distribucionarc.com\/wp-content\/uploads\/2020\/07\/vitrina-expositora-caliente-0.jpg","contentUrl":"https:\/\/distribucionarc.com\/wp-content\/uploads\/2020\/07\/vitrina-expositora-caliente-0.jpg","width":1600,"height":1600,"caption":"vitrina expositora caliente"},{"@type":"BreadcrumbList","@id":"https:\/\/distribucionarc.com\/sk\/producto\/vitrina-expositora-caliente\/#breadcrumb","itemListElement":[{"@type":"ListItem","position":1,"name":"Portada","item":"https:\/\/www.distribucionarc.com\/"},{"@type":"ListItem","position":2,"name":"\u00dcr\u00fcnler","item":"https:\/\/www.distribucionarc.com\/tr\/magaza\/"},{"@type":"ListItem","position":3,"name":"Vitrina expositor caliente normal"}]},{"@type":"WebSite","@id":"https:\/\/www.distribucionarc.com\/sl\/#website","url":"https:\/\/www.distribucionarc.com\/sl\/","name":"Distribui\u00e7\u00e3o ARC","description":"Empresa especializada no fabrico e distribui\u00e7\u00e3o de m\u00e1quinas industriais, m\u00e1quinas de selar latas, m\u00e1quinas de fazer comprimidos, m\u00e1quinas de cortar carne...","publisher":{"@id":"https:\/\/www.distribucionarc.com\/sl\/#organization"},"potentialAction":[{"@type":"SearchAction","target":{"@type":"EntryPoint","urlTemplate":"https:\/\/www.distribucionarc.com\/sl\/?s={search_term_string}"},"query-input":{"@type":"PropertyValueSpecification","valueRequired":true,"valueName":"search_term_string"}}],"inLanguage":"pt-PT"},{"@type":"Organization","@id":"https:\/\/www.distribucionarc.com\/sl\/#organization","name":"Distribui\u00e7\u00e3o ARC","url":"https:\/\/www.distribucionarc.com\/sl\/","logo":{"@type":"ImageObject","inLanguage":"pt-PT","@id":"https:\/\/www.distribucionarc.com\/sl\/#\/schema\/logo\/image\/","url":"https:\/\/distribucionarc.com\/wp-content\/uploads\/2024\/10\/distribucion-ARC-COLOR-SIN-FONDO-e1732295305345.png","contentUrl":"https:\/\/distribucionarc.com\/wp-content\/uploads\/2024\/10\/distribucion-ARC-COLOR-SIN-FONDO-e1732295305345.png","width":1164,"height":558,"caption":"Distribuci\u00f3n ARC"},"image":{"@id":"https:\/\/www.distribucionarc.com\/sl\/#\/schema\/logo\/image\/"},"description":"Empresa especializada no fabrico e distribui\u00e7\u00e3o de m\u00e1quinas industriais para os sectores alimentar e farmac\u00eautico. Somos especializados em: M\u00e1quinas de cortar carne Fabrico de comprimidos Sistemas de transporte industrial Linhas de engarrafamento Dispensadores E muito mais... Oferecemos solu\u00e7\u00f5es inovadoras e personalizadas para otimizar os processos de produ\u00e7\u00e3o da sua empresa.","email":"Admistracion@distribucionarc.com","telephone":"+34 643496664","legalName":"ARC TECH SOLUTIONS","foundingDate":"2024-04-09","vatID":"B55480172","numberOfEmployees":{"@type":"QuantitativeValue","minValue":"1","maxValue":"10"}}]}},"_links":{"self":[{"href":"https:\/\/distribucionarc.com\/pt\/wp-json\/wp\/v2\/product\/997","targetHints":{"allow":["GET"]}}],"collection":[{"href":"https:\/\/distribucionarc.com\/pt\/wp-json\/wp\/v2\/product"}],"about":[{"href":"https:\/\/distribucionarc.com\/pt\/wp-json\/wp\/v2\/types\/product"}],"replies":[{"embeddable":true,"href":"https:\/\/distribucionarc.com\/pt\/wp-json\/wp\/v2\/comments?post=997"}],"version-history":[{"count":0,"href":"https:\/\/distribucionarc.com\/pt\/wp-json\/wp\/v2\/product\/997\/revisions"}],"wp:featuredmedia":[{"embeddable":true,"href":"https:\/\/distribucionarc.com\/pt\/wp-json\/wp\/v2\/media\/1005"}],"wp:attachment":[{"href":"https:\/\/distribucionarc.com\/pt\/wp-json\/wp\/v2\/media?parent=997"}],"wp:term":[{"taxonomy":"product_brand","embeddable":true,"href":"https:\/\/distribucionarc.com\/pt\/wp-json\/wp\/v2\/product_brand?post=997"},{"taxonomy":"product_cat","embeddable":true,"href":"https:\/\/distribucionarc.com\/pt\/wp-json\/wp\/v2\/product_cat?post=997"},{"taxonomy":"product_tag","embeddable":true,"href":"https:\/\/distribucionarc.com\/pt\/wp-json\/wp\/v2\/product_tag?post=997"}],"curies":[{"name":"wp","href":"https:\/\/api.w.org\/{rel}","templated":true}]}}