{"id":68,"date":"2020-04-15T09:20:08","date_gmt":"2020-04-15T09:20:08","guid":{"rendered":"https:\/\/distribucionarc.com\/?page_id=68"},"modified":"2025-04-24T06:55:00","modified_gmt":"2025-04-24T04:55:00","slug":"politica-de-cookie-uri","status":"publish","type":"page","link":"https:\/\/distribucionarc.com\/ro\/inicio\/politica-de-cookies\/","title":{"rendered":"politica de cookie-uri"},"content":{"rendered":"<div data-elementor-type=\"wp-page\" data-elementor-id=\"68\" class=\"elementor elementor-68\" data-elementor-post-type=\"page\">\n\t\t\t\t<div class=\"elementor-element elementor-element-a152b90 wd-section-stretch e-flex e-con-boxed wpr-particle-no wpr-jarallax-no wpr-parallax-no wpr-sticky-section-no e-con e-parent\" data-id=\"a152b90\" data-element_type=\"container\" data-e-type=\"container\" data-settings=\"{&quot;background_background&quot;:&quot;classic&quot;}\">\n\t\t\t\t\t<div class=\"e-con-inner\">\n\t\t<div class=\"elementor-element elementor-element-09d3b2a e-con-full e-flex wpr-particle-no wpr-jarallax-no wpr-parallax-no wpr-sticky-section-no e-con e-child\" data-id=\"09d3b2a\" data-element_type=\"container\" data-e-type=\"container\">\n\t\t\t\t<div class=\"elementor-element elementor-element-c63fd6d elementor-widget elementor-widget-heading\" data-id=\"c63fd6d\" data-element_type=\"widget\" data-e-type=\"widget\" data-widget_type=\"heading.default\">\n\t\t\t\t\t<h2 class=\"elementor-heading-title elementor-size-default\">politica de cookie-uri<\/h2>\t\t\t\t<\/div>\n\t\t\t\t<\/div>\n\t\t\t\t\t<\/div>\n\t\t\t\t<\/div>\n\t\t<div class=\"wd-negative-gap elementor-element elementor-element-4cdd5007 e-flex e-con-boxed wpr-particle-no wpr-jarallax-no wpr-parallax-no wpr-sticky-section-no e-con e-parent\" data-id=\"4cdd5007\" data-element_type=\"container\" data-e-type=\"container\">\n\t\t\t\t\t<div class=\"e-con-inner\">\n\t\t\t\t<div class=\"elementor-element elementor-element-75fee04d color-scheme-inherit text-left elementor-widget elementor-widget-text-editor\" data-id=\"75fee04d\" data-element_type=\"widget\" data-e-type=\"widget\" data-widget_type=\"text-editor.default\">\n\t\t\t\t\t\t\t\t\t\n<p><strong>Prin intrarea pe site-ul DISTRIBUCION ARC, dac\u0103 v-a\u021bi ajustat browserul pentru a permite acceptarea cookie-urilor, \u00een\u021belegem c\u0103 dori\u021bi s\u0103 utiliza\u021bi serviciile \u0219i produsele DISTRIBUCION ARC \u0219i sunte\u021bi de acord cu utilizarea cookie-urilor sau a altor tehnologii pentru a v\u0103 oferi serviciul dorit.<\/strong><\/p>\n\n<p><strong>Ce este un cookie?<\/strong><\/p>\n\n<p>Un cookie este un caracter alfanumeric trimis de un site web \u0219i stocat \u00een browser-ul utilizatorului prin intermediul browserului s\u0103u de internet, astfel \u00eenc\u00e2t site-ul web s\u0103 poat\u0103 vizualiza informa\u021bii. Cookie-urile permit, de exemplu, s\u0103 fie amintit con\u021binutul co\u0219ului de cump\u0103r\u0103turi, browser-ului dumneavoastr\u0103 s\u0103-\u0219i aminteasc\u0103 numele de utilizator sau s\u0103 efectueze analize statistice pentru a \u00eembun\u0103t\u0103\u021bi con\u021binutul, serviciile \u0219i produsele DISTRIBUCION ARC.<\/p>\n\n<p>Pentru a naviga corect pe DISTRIBUCION ARC \u0219i pentru a utiliza toate func\u021biile sale, trebuie s\u0103 ave\u021bi acceptarea cookie-urilor activat\u0103. Dezactivarea cookie-urilor poate \u00eensemna c\u0103 nu pute\u021bi utiliza site-ul nostru corect.<\/p>\n\n<p><strong>Ce cookie-uri folosim la distribucionarc.com<\/strong><\/p>\n\n<ul class=\"wp-block-list\">\n<li>\u00a0CONSIM\u021a\u0102M\u00c2NT \u2013 permanent \u2013 propriu<\/li>\n<li>\u00a0PHPSESSID \u2013 permanent \u2013 propriu<\/li>\n<li>\u00a0ga \u2013 permanent \u2013 ter\u021b\u00a0<\/li>\n<li>\u00a0gat \u2013 permanent \u2013 ter\u021b<\/li>\n<li>\u00a0gid \u2013 permanent \u2013 ter\u021b<\/li>\n<li>\u00a0moned\u0103 \u2013 permanent\u0103 \u2013 proprie<\/li>\n<li>\u00a0implicit \u2013 permanent \u2013 propriu<\/li>\n<li>\u00a0limba \u2013 permanent\u0103 \u2013 proprie<\/li>\n<\/ul>\n\n<p><strong>Cum s\u0103 activez cookie-urile \u00een browserul meu?<\/strong><\/p>\n\n<p><strong>MICROSOFT INTERNET EXPLORER<\/strong><\/p>\n\n<p>\u2022 Deschide\u021bi meniul \u201eExtras\u201d \u0219i selecta\u021bi \u201eOp\u021biuni Internet\u201d.<br \/>\u2022 Face\u021bi clic pe fila \u201eProtec\u021bia datelor\u201d.<br \/>\u2022 Face\u021bi clic pe butonul \u201eStandard\u201d (sau accesa\u021bi manual op\u021biunea \u201eMediu\u201d) din \u201eSet\u0103ri\u201d.<br \/>\u2022 Face\u021bi clic pe \u201eOK\u201d.<br \/><br \/><strong>MOZILLA FIREFOX<\/strong><br \/><br \/>\u2022 Deschide\u021bi meniul \u201eExtras\u201d.<br \/>\u2022 Selecta\u021bi \u201eSet\u0103ri\u201d.<br \/>\u2022 Selecta\u021bi simbolul \u201eProtec\u021bia datelor\u201d.<br \/>\u2022 Bifa\u021bi caseta de selectare \u201eAccept cookie-uri\u201d.<br \/>\u2022 Face\u021bi clic pe \u201eOK\u201d pentru a salva modific\u0103rile.<br \/><br \/><strong>GOOGLE CHROME<\/strong><br \/><br \/>\u2022 Face\u021bi clic pe meniul \u201eExtras\u201d.<br \/>\u2022 Selecta\u021bi \u201eSet\u0103ri\u201d.<br \/>\u2022 Face\u021bi clic pe fila \u201eSet\u0103ri avansate\u201d sau \u201eDetalii\u201d (\u00een func\u021bie de versiune).<br \/>\u2022 Sub \u201eConfiden\u021bialitate\u201d, face\u021bi clic pe \u201eSet\u0103ri de con\u021binut...\u201d.<br \/>\u2022 Selecta\u021bi op\u021biunea \u201ePermite \u00eenregistrarea datelor locale\u201d.<br \/><br \/><strong>SAFARI<\/strong><br \/><br \/>\u2022 Accesa\u021bi meniul derulant Safari.<br \/>\u2022 Selecta\u021bi \u201eSet\u0103ri\u201d.<br \/>\u2022 Selecta\u021bi fila \u201eProtec\u021bia datelor\u201d.<br \/>\u2022 Sub \u201eBloca\u021bi cookie-uri\u201d, selecta\u021bi \u201eNiciodat\u0103\u201d.<br \/><br \/><strong>Cum dezactivez cookie-urile din browserul meu?<\/strong><br \/><br \/>Func\u021bia Ajutor a majorit\u0103\u021bii browserelor v\u0103 spune cum s\u0103 v\u0103 seta\u021bi browserul s\u0103 nu accepte module cookie, s\u0103 v\u0103 anun\u021be de fiecare dat\u0103 c\u00e2nd primi\u021bi un cookie nou, precum \u0219i s\u0103 dezactiva\u021bi complet toate modulele cookie.<\/p>\n\t\t\t\t\t\t\t\t<\/div>\n\t\t\t\t\t<\/div>\n\t\t\t\t<\/div>\n\t\t\t\t<\/div>","protected":false},"excerpt":{"rendered":"<p>Politica privind cookie-urile C\u00e2nd accesa\u021bi site-ul web DISTRIBUCION ARC, dac\u0103 a\u021bi setat browserul s\u0103 permit\u0103<\/p>","protected":false},"author":1,"featured_media":0,"parent":45,"menu_order":0,"comment_status":"closed","ping_status":"closed","template":"elementor_header_footer","meta":{"footnotes":""},"class_list":["post-68","page","type-page","status-publish","hentry"],"yoast_head":"<!-- This site is optimized with the Yoast SEO Premium plugin v24.9 (Yoast SEO v26.1) - https:\/\/yoast.com\/wordpress\/plugins\/seo\/ -->\n<title>politica de cookies - distribuci\u00f3n ARC<\/title>\n<meta name=\"robots\" content=\"index, follow, max-snippet:-1, max-image-preview:large, max-video-preview:-1\" \/>\n<link rel=\"canonical\" href=\"https:\/\/distribucionarc.com\/ro\/inceput\/politica-de-cookie-uri\/\" \/>\n<meta property=\"og:locale\" content=\"ro_RO\" \/>\n<meta property=\"og:type\" content=\"article\" \/>\n<meta property=\"og:title\" content=\"politica de cookies\" \/>\n<meta property=\"og:description\" content=\"politica de cookies Al entrar en la p\u00e1gina web de DISTRIBUCION ARC, si usted tiene ajustado su navegador para permitir\" \/>\n<meta property=\"og:url\" content=\"https:\/\/distribucionarc.com\/ro\/inceput\/politica-de-cookie-uri\/\" \/>\n<meta property=\"og:site_name\" content=\"distribuci\u00f3n ARC\" \/>\n<meta property=\"article:modified_time\" content=\"2025-04-24T04:55:00+00:00\" \/>\n<meta property=\"og:image\" content=\"https:\/\/distribucionarc.com\/wp-content\/uploads\/2024\/12\/icono-arc.jpg\" \/>\n\t<meta property=\"og:image:width\" content=\"612\" \/>\n\t<meta property=\"og:image:height\" content=\"792\" \/>\n\t<meta property=\"og:image:type\" content=\"image\/jpeg\" \/>\n<meta name=\"twitter:card\" content=\"summary_large_image\" \/>\n<meta name=\"twitter:label1\" content=\"Timp estimat pentru citire\" \/>\n\t<meta name=\"twitter:data1\" content=\"2 minute\" \/>\n<script type=\"application\/ld+json\" class=\"yoast-schema-graph\">{\"@context\":\"https:\/\/schema.org\",\"@graph\":[{\"@type\":\"WebPage\",\"@id\":\"https:\/\/distribucionarc.com\/nl\/inicio\/politica-de-cookies\/\",\"url\":\"https:\/\/distribucionarc.com\/nl\/inicio\/politica-de-cookies\/\",\"name\":\"politica de cookies - distribuci\u00f3n ARC\",\"isPartOf\":{\"@id\":\"https:\/\/www.distribucionarc.com\/sl\/#website\"},\"datePublished\":\"2020-04-15T09:20:08+00:00\",\"dateModified\":\"2025-04-24T04:55:00+00:00\",\"breadcrumb\":{\"@id\":\"https:\/\/distribucionarc.com\/nl\/inicio\/politica-de-cookies\/#breadcrumb\"},\"inLanguage\":\"ro-RO\",\"potentialAction\":[{\"@type\":\"ReadAction\",\"target\":[\"https:\/\/distribucionarc.com\/nl\/inicio\/politica-de-cookies\/\"]}]},{\"@type\":\"BreadcrumbList\",\"@id\":\"https:\/\/distribucionarc.com\/nl\/inicio\/politica-de-cookies\/#breadcrumb\",\"itemListElement\":[{\"@type\":\"ListItem\",\"position\":1,\"name\":\"Portada\",\"item\":\"https:\/\/www.distribucionarc.com\/\"},{\"@type\":\"ListItem\",\"position\":2,\"name\":\"inicio\",\"item\":\"https:\/\/www.distribucionarc.com\/inicio\/\"},{\"@type\":\"ListItem\",\"position\":3,\"name\":\"politica de cookies\"}]},{\"@type\":\"WebSite\",\"@id\":\"https:\/\/www.distribucionarc.com\/sl\/#website\",\"url\":\"https:\/\/www.distribucionarc.com\/sl\/\",\"name\":\"distribuci\u00f3n ARC\",\"description\":\"Empresa especializada en la fabricaci\u00f3n y distribuci\u00f3n de maquinaria industrial, selladoras de latas, Maquinas de hacer pastillas, Maquinas de cortar carne...\",\"publisher\":{\"@id\":\"https:\/\/www.distribucionarc.com\/sl\/#organization\"},\"potentialAction\":[{\"@type\":\"SearchAction\",\"target\":{\"@type\":\"EntryPoint\",\"urlTemplate\":\"https:\/\/www.distribucionarc.com\/sl\/?s={search_term_string}\"},\"query-input\":{\"@type\":\"PropertyValueSpecification\",\"valueRequired\":true,\"valueName\":\"search_term_string\"}}],\"inLanguage\":\"ro-RO\"},{\"@type\":\"Organization\",\"@id\":\"https:\/\/www.distribucionarc.com\/sl\/#organization\",\"name\":\"Distribuci\u00f3n ARC\",\"url\":\"https:\/\/www.distribucionarc.com\/sl\/\",\"logo\":{\"@type\":\"ImageObject\",\"inLanguage\":\"ro-RO\",\"@id\":\"https:\/\/www.distribucionarc.com\/sl\/#\/schema\/logo\/image\/\",\"url\":\"https:\/\/distribucionarc.com\/wp-content\/uploads\/2024\/10\/distribucion-ARC-COLOR-SIN-FONDO-e1732295305345.png\",\"contentUrl\":\"https:\/\/distribucionarc.com\/wp-content\/uploads\/2024\/10\/distribucion-ARC-COLOR-SIN-FONDO-e1732295305345.png\",\"width\":1164,\"height\":558,\"caption\":\"Distribuci\u00f3n ARC\"},\"image\":{\"@id\":\"https:\/\/www.distribucionarc.com\/sl\/#\/schema\/logo\/image\/\"},\"description\":\"Empresa especializada en la fabricaci\u00f3n y distribuci\u00f3n de maquinaria industrial para los sectores alimentario y farmac\u00e9utico. Nos especializamos en: M\u00e1quinas de cortar carne Fabricaci\u00f3n de comprimidos Sistemas de transporte industrial L\u00edneas de embotellado Dosificadores Y mucho m\u00e1s... Ofrecemos soluciones innovadoras y personalizadas para optimizar los procesos productivos de tu empresa.\",\"email\":\"Admistracion@distribucionarc.com\",\"telephone\":\"+34 643496664\",\"legalName\":\"ARC TECH SOLUTIONS\",\"foundingDate\":\"2024-04-09\",\"vatID\":\"B55480172\",\"numberOfEmployees\":{\"@type\":\"QuantitativeValue\",\"minValue\":\"1\",\"maxValue\":\"10\"}}]}<\/script>\n<!-- \/ Yoast SEO Premium plugin. -->","yoast_head_json":{"title":"politica cookie - distributie ARC","robots":{"index":"index","follow":"follow","max-snippet":"max-snippet:-1","max-image-preview":"max-image-preview:large","max-video-preview":"max-video-preview:-1"},"canonical":"https:\/\/distribucionarc.com\/ro\/inceput\/politica-de-cookie-uri\/","og_locale":"ro_RO","og_type":"article","og_title":"politica de cookies","og_description":"politica de cookies Al entrar en la p\u00e1gina web de DISTRIBUCION ARC, si usted tiene ajustado su navegador para permitir","og_url":"https:\/\/distribucionarc.com\/ro\/inceput\/politica-de-cookie-uri\/","og_site_name":"distribuci\u00f3n ARC","article_modified_time":"2025-04-24T04:55:00+00:00","og_image":[{"width":612,"height":792,"url":"https:\/\/distribucionarc.com\/wp-content\/uploads\/2024\/12\/icono-arc.jpg","type":"image\/jpeg"}],"twitter_card":"summary_large_image","twitter_misc":{"Timp estimat pentru citire":"2 minute"},"schema":{"@context":"https:\/\/schema.org","@graph":[{"@type":"WebPage","@id":"https:\/\/distribucionarc.com\/nl\/inicio\/politica-de-cookies\/","url":"https:\/\/distribucionarc.com\/nl\/inicio\/politica-de-cookies\/","name":"politica cookie - distributie ARC","isPartOf":{"@id":"https:\/\/www.distribucionarc.com\/sl\/#website"},"datePublished":"2020-04-15T09:20:08+00:00","dateModified":"2025-04-24T04:55:00+00:00","breadcrumb":{"@id":"https:\/\/distribucionarc.com\/nl\/inicio\/politica-de-cookies\/#breadcrumb"},"inLanguage":"ro-RO","potentialAction":[{"@type":"ReadAction","target":["https:\/\/distribucionarc.com\/nl\/inicio\/politica-de-cookies\/"]}]},{"@type":"BreadcrumbList","@id":"https:\/\/distribucionarc.com\/nl\/inicio\/politica-de-cookies\/#breadcrumb","itemListElement":[{"@type":"ListItem","position":1,"name":"Portada","item":"https:\/\/www.distribucionarc.com\/"},{"@type":"ListItem","position":2,"name":"inicio","item":"https:\/\/www.distribucionarc.com\/inicio\/"},{"@type":"ListItem","position":3,"name":"politica de cookies"}]},{"@type":"WebSite","@id":"https:\/\/www.distribucionarc.com\/sl\/#website","url":"https:\/\/www.distribucionarc.com\/sl\/","name":"Distribu\u021bie ARC","description":"Companie specializat\u0103 \u00een fabricarea \u0219i distribu\u021bia de utilaje industriale, ma\u0219ini de sigilat cutii, ma\u0219ini de fabricat tablete, ma\u0219ini de t\u0103iat carne...","publisher":{"@id":"https:\/\/www.distribucionarc.com\/sl\/#organization"},"potentialAction":[{"@type":"SearchAction","target":{"@type":"EntryPoint","urlTemplate":"https:\/\/www.distribucionarc.com\/sl\/?s={search_term_string}"},"query-input":{"@type":"PropertyValueSpecification","valueRequired":true,"valueName":"search_term_string"}}],"inLanguage":"ro-RO"},{"@type":"Organization","@id":"https:\/\/www.distribucionarc.com\/sl\/#organization","name":"Distribu\u021bie ARC","url":"https:\/\/www.distribucionarc.com\/sl\/","logo":{"@type":"ImageObject","inLanguage":"ro-RO","@id":"https:\/\/www.distribucionarc.com\/sl\/#\/schema\/logo\/image\/","url":"https:\/\/distribucionarc.com\/wp-content\/uploads\/2024\/10\/distribucion-ARC-COLOR-SIN-FONDO-e1732295305345.png","contentUrl":"https:\/\/distribucionarc.com\/wp-content\/uploads\/2024\/10\/distribucion-ARC-COLOR-SIN-FONDO-e1732295305345.png","width":1164,"height":558,"caption":"Distribuci\u00f3n ARC"},"image":{"@id":"https:\/\/www.distribucionarc.com\/sl\/#\/schema\/logo\/image\/"},"description":"Companie specializat\u0103 \u00een fabricarea \u0219i distribu\u021bia de utilaje industriale pentru sectoarele alimentar \u0219i farmaceutic. Suntem specializa\u021bi \u00een: Ma\u0219ini de t\u0103iat carne Fabricarea tabletelor Sisteme de transport industrial Linii de \u00eembuteliere Distribuitoare \u0218i multe altele... Oferim solu\u021bii inovatoare \u0219i personalizate pentru a optimiza procesele de produc\u021bie ale companiei dumneavoastr\u0103.","email":"Admistracion@distribucionarc.com","telephone":"+34 643496664","legalName":"ARC TECH SOLUTIONS","foundingDate":"2024-04-09","vatID":"B55480172","numberOfEmployees":{"@type":"QuantitativeValue","minValue":"1","maxValue":"10"}}]}},"_links":{"self":[{"href":"https:\/\/distribucionarc.com\/ro\/wp-json\/wp\/v2\/pages\/68","targetHints":{"allow":["GET"]}}],"collection":[{"href":"https:\/\/distribucionarc.com\/ro\/wp-json\/wp\/v2\/pages"}],"about":[{"href":"https:\/\/distribucionarc.com\/ro\/wp-json\/wp\/v2\/types\/page"}],"author":[{"embeddable":true,"href":"https:\/\/distribucionarc.com\/ro\/wp-json\/wp\/v2\/users\/1"}],"replies":[{"embeddable":true,"href":"https:\/\/distribucionarc.com\/ro\/wp-json\/wp\/v2\/comments?post=68"}],"version-history":[{"count":4,"href":"https:\/\/distribucionarc.com\/ro\/wp-json\/wp\/v2\/pages\/68\/revisions"}],"predecessor-version":[{"id":16303,"href":"https:\/\/distribucionarc.com\/ro\/wp-json\/wp\/v2\/pages\/68\/revisions\/16303"}],"up":[{"embeddable":true,"href":"https:\/\/distribucionarc.com\/ro\/wp-json\/wp\/v2\/pages\/45"}],"wp:attachment":[{"href":"https:\/\/distribucionarc.com\/ro\/wp-json\/wp\/v2\/media?parent=68"}],"curies":[{"name":"wp","href":"https:\/\/api.w.org\/{rel}","templated":true}]}}