{"id":74,"date":"2020-04-15T09:38:42","date_gmt":"2020-04-15T09:38:42","guid":{"rendered":"https:\/\/distribucionarc.com\/?page_id=74"},"modified":"2025-05-06T15:58:50","modified_gmt":"2025-05-06T13:58:50","slug":"avertisment-legal","status":"publish","type":"page","link":"https:\/\/distribucionarc.com\/ro\/inicio\/aviso-legal\/","title":{"rendered":"aviz legal"},"content":{"rendered":"<div data-elementor-type=\"wp-page\" data-elementor-id=\"74\" class=\"elementor elementor-74\" data-elementor-post-type=\"page\">\n\t\t\t\t<div class=\"elementor-element elementor-element-17a78b4 wd-section-stretch e-flex e-con-boxed wpr-particle-no wpr-jarallax-no wpr-parallax-no wpr-sticky-section-no e-con e-parent\" data-id=\"17a78b4\" data-element_type=\"container\" data-e-type=\"container\" data-settings=\"{&quot;background_background&quot;:&quot;classic&quot;}\">\n\t\t\t\t\t<div class=\"e-con-inner\">\n\t\t<div class=\"elementor-element elementor-element-8e49855 e-con-full e-flex wpr-particle-no wpr-jarallax-no wpr-parallax-no wpr-sticky-section-no e-con e-child\" data-id=\"8e49855\" data-element_type=\"container\" data-e-type=\"container\">\n\t\t\t\t<div class=\"elementor-element elementor-element-3d3bbd4 elementor-widget elementor-widget-heading\" data-id=\"3d3bbd4\" data-element_type=\"widget\" data-e-type=\"widget\" data-widget_type=\"heading.default\">\n\t\t\t\t\t<h2 class=\"elementor-heading-title elementor-size-default\">aviz legal<\/h2>\t\t\t\t<\/div>\n\t\t\t\t<\/div>\n\t\t\t\t\t<\/div>\n\t\t\t\t<\/div>\n\t\t<div class=\"elementor-element elementor-element-7cdcae67 e-flex e-con-boxed wpr-particle-no wpr-jarallax-no wpr-parallax-no wpr-sticky-section-no e-con e-parent\" data-id=\"7cdcae67\" data-element_type=\"container\" data-e-type=\"container\">\n\t\t\t\t\t<div class=\"e-con-inner\">\n\t\t\t\t<div class=\"elementor-element elementor-element-fa54b7a color-scheme-inherit text-left elementor-widget elementor-widget-text-editor\" data-id=\"fa54b7a\" data-element_type=\"widget\" data-e-type=\"widget\" data-widget_type=\"text-editor.default\">\n\t\t\t\t\t\t\t\t\t\n<p>Detaliile v\u00e2nz\u0103torului<\/p>\n\n<p>Proprietar: ARC TECH SOLUTIONS SL<\/p>\n\n<p>Adres\u0103: Carrer Castell N1 Bajo Left 46970 Alaquas (Valencia)<\/p>\n\n<p>CIF: B55480172<\/p>\n\n<p>\u00a0<\/p>\n\n<p>E-mail: info@distribucionarc.com<\/p>\n\n<p>Telefon: +34 643496664<\/p>\n\n<p>Clientul (denumit \u00een continuare \u201e<strong>Client<\/strong>&quot;) care acceseaz\u0103 site-ul web (\u201e<strong>Site-ul web<\/strong>&quot;) de\u021binut\u0103 de DISTRIBUCION ARC. (\u201e<strong>Societate<\/strong>&quot;), \u00eenregistra\u021bi sau cump\u0103ra\u021bi produse prin intermediul site-ului web, sunte\u021bi de acord s\u0103 v\u0103 supune\u021bi \u0219i sunte\u021bi obligat de acest aviz legal \u0219i de condi\u021biile generale, a\u0219a cum sunt scrise \u00een momentul \u00een care accesa\u021bi site-ul web.<\/p>\n\n<p>Reguli de utilizare autorizat\u0103 a site-ului (\u201e<strong>Site-ul web<\/strong>&quot;)<\/p>\n\n<p>Clientul poate accesa Site-ul \u00een mod gratuit, f\u0103r\u0103 a aduce atingere costurilor de conectare prin intermediul re\u021belei de telecomunica\u021bii care trebuie pl\u0103tite entit\u0103\u021bii cu care a fost contractat.<\/p>\n\n<p>\u00cen general, accesul la Site este interzis minorilor sub 18 ani care nu de\u021bin autoriza\u021bia corespunz\u0103toare din partea p\u0103rin\u021bilor sau a tutorilor legali.<\/p>\n\n<p>Clientul se oblig\u0103 s\u0103 respecte prezentul Aviz legal \u0219i avertismentele sau instruc\u021biunile speciale de utilizare con\u021binute \u00een Website \u0219i s\u0103 ac\u021bioneze \u00eentotdeauna \u00een conformitate cu Legea, bunele obiceiuri \u0219i cerin\u021bele bunei-credin\u021be, folosind diligen\u021ba adecvat\u0103 naturii serviciului pe care \u00eel oferi\u021bi. bucur\u0103-te.<\/p>\n\n<p>Clientul trebuie s\u0103 se ab\u021bin\u0103 de la: (i) utilizarea neautorizat\u0103 sau frauduloas\u0103 a Site-ului \u0219i\/sau a con\u021binutului acestuia; (ii) accesarea sau \u00eencercarea de a accesa resurse sau zone restric\u021bionate ale Site-ului, f\u0103r\u0103 a \u00eendeplini condi\u021biile necesare pentru un astfel de acces; (iii) utiliza\u021bi site-ul \u0219i\/sau con\u021binutul \u00een alte scopuri dec\u00e2t achizi\u021bionarea oric\u0103ruia dintre produsele oferite pe site, scopuri sau efecte care sunt ilicite, ilegale, contrar celor stabilite \u00een prezentul aviz legal, cu bun\u0103-credin\u021b\u0103 \u0219i public ordona, d\u0103un\u0103toare drepturilor \u0219i intereselor ter\u021bilor, sau care \u00een orice mod poate deteriora, dezactiva sau supra\u00eenc\u0103rca Site-ul sau \u00eempiedica utilizarea sau bucurarea normal\u0103 a acestuia; (iv) s\u0103 provoace daune persoanelor sau propriet\u0103\u021bilor Companiei, furnizorilor s\u0103i, Clien\u021bilor sau ter\u021bilor; (v) s\u0103 introduc\u0103 sau s\u0103 r\u0103sp\u00e2ndeasc\u0103 viru\u0219i informatici sau orice alte sisteme fizice sau logice \u00een re\u021bea care sunt de natur\u0103 s\u0103 provoace daune sistemelor fizice sau logice ale Societ\u0103\u021bii, furnizorilor acesteia sau ter\u021bilor.<\/p>\n\n<p>Clientul este de acord s\u0103 foloseasc\u0103 Site-ul numai pentru a face interog\u0103ri sau comenzi valabile din punct de vedere legal \u0219i s\u0103 nu fac\u0103 comenzi false sau frauduloase. \u00cen caz contrar, vom fi autoriza\u021bi s\u0103 \u00eel anul\u0103m \u0219i s\u0103 inform\u0103m autorit\u0103\u021bile relevante.<\/p>\n\n<p>Nu vom fi r\u0103spunz\u0103tori pentru nicio daune sau pierdere care v\u0103 afecteaz\u0103 computerul ca urmare a ac\u021biunilor anterioare sau a utiliz\u0103rii site-ului web sau a desc\u0103rc\u0103rii de con\u021binut de pe acesta sau c\u0103tre care acesta poate fi redirec\u021bionat.<\/p>\n\n<p>Site-ul web poate con\u021bine link-uri c\u0103tre alte site-uri web, re\u021bele sociale \u0219i materiale de la ter\u021bi. Aceste link-uri sunt furnizate doar \u00een scop informativ, astfel \u00eenc\u00e2t Compania nu are control asupra con\u021binutului paginilor web sau materialelor men\u021bionate. \u00cen consecin\u021b\u0103, Compania nu va fi r\u0103spunz\u0103toare pentru nicio daune sau pierderi care decurg din utilizarea acestor link-uri sau materiale de la ter\u021bi.<\/p>\n\n<p>Protec\u021bia datelor<\/p>\n\n<p>\u00cen sensul prevederilor Legii organice 15\/1999, din 13 decembrie, privind protec\u021bia datelor cu caracter personal (\u201c<strong>LOPD<\/strong>&quot;), DISTRIBUCION ARC informeaz\u0103 Clientul c\u0103 orice date cu caracter personal furnizate \u00een orice moment \u0219i \u00een mod voluntar companiei noastre sau angaja\u021bilor no\u0219tri, vor fi incluse \u00eentr-un fi\u0219ier automatizat de date cu caracter personal creat \u0219i men\u021binut sub responsabilitatea DISTRIBUCION ARC. \u0219i vor fi procesate \u00een scopul exclusiv de a procesa cererea dumneavoastr\u0103 de comand\u0103, precum \u0219i \u00eentreb\u0103rile sau sugestiile f\u0103cute de Client. V\u0103 pute\u021bi exercita oric\u00e2nd dreptul de acces, rectificare, anulare \u0219i opozi\u021bie, \u00eendrept\u00e2nd cererea dumneavoastr\u0103 la adresa, e-mail, telefon sau fax enumerate \u00een sec\u021biunea anterioar\u0103.<\/p>\n\n<p>Pentru ca informa\u021biile con\u021binute \u00een fi\u0219ierele noastre s\u0103 fie mereu la zi \u0219i s\u0103 nu con\u021bin\u0103 erori, solicit\u0103m Clientului s\u0103 ne informeze, \u00een cel mai scurt timp posibil, cu privire la orice modific\u0103ri \u0219i rectific\u0103ri ale datelor sale personale.<\/p>\n\n<p>V\u0103 inform\u0103m c\u0103 au fost adoptate toate m\u0103surile de securitate tehnice \u0219i organizatorice necesare pentru a garanta protec\u021bia datelor dumneavoastr\u0103 cu caracter personal \u0219i pentru a preveni alterarea, pierderea, tratarea \u0219i\/sau accesul neautorizat a acestora, \u021bin\u00e2nd cont de stadiul tehnicii, de natura datele stocate \u0219i riscurile la care sunt expuse, toate acestea, \u00een conformitate cu prevederile LOPD \u0219i ale regulamentelor de aplicare a acesteia.<\/p>\n\n<p>Cu excep\u021bia c\u00e2mpurilor \u00een care se indic\u0103 \u00een mod expres altfel, livrarea informa\u021biilor solicitate \u00een formularele de solicitare a datelor este obligatorie pentru gestionarea corect\u0103 a comenzilor, \u00eentreb\u0103rilor \u0219i sugestiilor f\u0103cute de dumneavoastr\u0103. Necompletarea c\u00e2mpurilor considerate obligatorii, sau furnizarea de date incorecte, va face imposibil\u0103 gestionarea corect\u0103 a acestora de c\u0103tre DISTRIBUCION ARC.<\/p>\n\n<p>Garan\u021bie \u0219i responsabilitate<\/p>\n\n<p>Utilizarea Site-ului de c\u0103tre Client se realizeaz\u0103 \u00een orice moment pe \u00eentregul s\u0103u risc \u0219i responsabilitate, pe care acesta le recunoa\u0219te \u0219i le accept\u0103 \u00een mod expres, pentru care Compania nu \u00ee\u0219i va asuma nicio responsabilitate, direct\u0103 sau indirect\u0103, derivat\u0103 din utilizarea necorespunz\u0103toare sau necorespunz\u0103toare. utilizarea frauduloas\u0103 sau ilicit\u0103 a Site-ului de c\u0103tre Clien\u021bi.<\/p>\n\n<p>Compania va face tot posibilul pentru a asigura func\u021bionarea f\u0103r\u0103 probleme a site-ului web, recunosc\u00e2nd \u00een mod explicit Clientului c\u0103 nu este posibil s\u0103 ofere disponibilitatea complet\u0103 a 100%. Cu toate acestea, Compania se angajeaz\u0103 s\u0103 men\u021bin\u0103 site-ul online disponibil c\u00e2t mai mult timp posibil. Cu toate acestea, Compania \u00ee\u0219i rezerv\u0103 dreptul de a restric\u021biona accesul la Site-ul online, integral sau par\u021bial, temporar sau permanent, din cauza lucr\u0103rilor de \u00eentre\u021binere, capacit\u0103\u021bii sau evenimentelor \u00een afara controlului Companiei.<\/p>\n\n<p>F\u0103r\u0103 a fi exhaustiv, se men\u021bioneaz\u0103 c\u0103 Societatea nu va fi responsabil\u0103 pentru:<\/p>\n\n<ul class=\"wp-block-list\">\n<li>\u00centreruperi, defec\u021biuni, omisiuni sau deconect\u0103ri ale sistemelor, interferen\u021be sau viru\u0219i, probleme de acces \u0219i, \u00een general, orice problem\u0103 de disponibilitate, defec\u021biune \u0219i\/sau continuitate a furniz\u0103rii serviciilor care poate afecta Site-ul.<\/li>\n<\/ul>\n\n<ul class=\"wp-block-list\">\n<li>Orice deteriorare care poate ap\u0103rea echipamentelor sau dispozitivelor tehnologice ale Clien\u021bilor din cauza utiliz\u0103rii Site-ului.<\/li>\n<\/ul>\n\n<ul class=\"wp-block-list\">\n<li>Ac\u021biunile ter\u021bilor, inclusiv Clien\u021bii \u00een\u0219i\u0219i, dincolo de controlul Societ\u0103\u021bii.<\/li>\n<\/ul>\n\n<p>Proprietatea intelectual\u0103 \u0219i industrial\u0103<\/p>\n\n<p>Compania este proprietarul exclusiv al Site-ului. Orice reproducere integral\u0103 sau par\u021bial\u0103 a site-ului web este interzis\u0103.<\/p>\n\n<p>Toate con\u021binuturile afi\u0219ate pe site \u0219i, \u00een special, orice produse, modele, texte, grafice, logo-uri, pictograme, butoane, software, denumiri comerciale, m\u0103rci, desene industriale sau orice alte semne susceptibile de utilizare industrial\u0103 \u0219i comercial\u0103 sunt supuse \u0219i drepturile de proprietate industrial\u0103 ale Companiei sau ale ter\u021bilor de\u021bin\u0103tori ai acestora care au autorizat \u00een mod corespunz\u0103tor includerea lor pe Site.<\/p>\n\n<p>\u00cen nici un caz nu se va \u00een\u021belege c\u0103 se acord\u0103 vreo licen\u021b\u0103 sau c\u0103 aceste drepturi sunt renun\u021bate, transmise, transferate total sau par\u021bial \u0219i nici nu este conferit niciun drept \u0219i, \u00een special, de modificare, exploatare, reproducere, distribu\u021bie sau comunicare public\u0103 asupra con\u021binutul men\u021bionat f\u0103r\u0103 autorizarea prealabil\u0103 expres\u0103 a Societ\u0103\u021bii sau a proprietarilor corespunz\u0103tori, \u00een consecin\u021b\u0103, Clientul nu poate reproduce, transforma, modifica, dezasambla, face inginerie invers\u0103, distribuie, \u00eenchiria, \u00eemprumuta, pune la dispozi\u021bie sau permite accesul publicului prin nicio modalitate de comunicarea public\u0103 a oric\u0103ruia dintre elementele prev\u0103zute la alineatul precedent.<\/p>\n\n<p>Cookie-uri<\/p>\n\n<p>Site-ul web folose\u0219te cookie-uri, adic\u0103 fi\u0219iere care sunt desc\u0103rcate pe dispozitivul Clientului la accesarea acestuia. Cookie-urile ne permit s\u0103 \u00een\u021belegem, printre altele, cum navigheaz\u0103 Clien\u021bii prin Website, stocheaz\u0103 \u0219i preiau informa\u021bii legate de navigarea \u0219i obiceiurile Clien\u021bilor.<\/p>\n\n<p>Site-ul web folose\u0219te cookie-uri proprii \u0219i ale ter\u021bilor, care permit memorarea datelor de navigare pentru a \u00eembun\u0103t\u0103\u021bi experien\u021ba de navigare. Clientul \u00ee\u0219i poate configura browserul de internet pentru a \u0219terge, bloca sau primi avertismente \u00een cazul \u00een care sunt instalate cookie-uri, f\u0103r\u0103 a aduce atingere faptului c\u0103 pentru a utiliza anumite servicii de pe Site, cookie-urile trebuie s\u0103 fie activate.<\/p>\n\n<p>Cookie-urile utilizate pe site sunt:<\/p>\n\n<ul class=\"wp-block-list\">\n<li>Cookie-uri tehnice: permit Clientului s\u0103 utilizeze diferitele op\u021biuni sau servicii de navigare ale Site-ului, cum ar fi identificarea sesiunii sau efectuarea unui proces de cump\u0103rare sau \u00eenregistrare.<\/li>\n<\/ul>\n\n<ul class=\"wp-block-list\">\n<li>Cookie-uri de personalizare: permit Clientului s\u0103 acceseze un serviciu cu caracteristici generale predefinite, cum ar fi set\u0103rile de limb\u0103 sau de \u021bar\u0103.<\/li>\n<\/ul>\n\n<ul class=\"wp-block-list\">\n<li>Cookie-uri de analiz\u0103: sunt folosite pentru a urm\u0103ri comportamentul Clien\u021bilor pe site-ul nostru, pentru a introduce \u00eembun\u0103t\u0103\u021biri site-ului.<\/li>\n<\/ul>\n\n<ul class=\"wp-block-list\">\n<li>Cookie-uri de publicitate \u0219i de publicitate comportamental\u0103: stocheaz\u0103 informa\u021bii despre comportamentul Clientului \u0219i adapteaz\u0103 publicitatea la acesta.<\/li>\n<\/ul>\n\n<p>Contact<\/p>\n\n<p>V\u0103 st\u0103m la dispozi\u021bie complet\u0103 pentru a v\u0103 r\u0103spunde \u00eentreb\u0103rilor, sugestiilor sau comentariilor cu privire la compania noastr\u0103, produsele noastre, site-ul nostru web sau politica noastr\u0103 de confiden\u021bialitate. Pentru a face acest lucru, ne pute\u021bi contacta prin e-mailul, num\u0103rul de telefon sau num\u0103rul de fax care apare \u00een informa\u021biile v\u00e2nz\u0103torului.<\/p>\n\n<p>Programul nostru de asisten\u021b\u0103 pentru clien\u021bi este de luni p\u00e2n\u0103 vineri, \u00eentre orele 8:00 \u0219i 18:00.<\/p>\n\t\t\t\t\t\t\t\t<\/div>\n\t\t\t\t\t<\/div>\n\t\t\t\t<\/div>\n\t\t\t\t<\/div>","protected":false},"excerpt":{"rendered":"<p>Detalii v\u00e2nz\u0103tor Proprietar: ARC TECH SOLUTIONS SL Adres\u0103: Carrer Castell N1, st\u00e2nga jos, 46970 Alaquas (Valencia) NIF:<\/p>","protected":false},"author":1,"featured_media":0,"parent":45,"menu_order":0,"comment_status":"closed","ping_status":"closed","template":"elementor_header_footer","meta":{"footnotes":""},"class_list":["post-74","page","type-page","status-publish","hentry"],"yoast_head":"<!-- This site is optimized with the Yoast SEO Premium plugin v24.9 (Yoast SEO v26.1) - https:\/\/yoast.com\/wordpress\/plugins\/seo\/ -->\n<title>aviso legal - distribuci\u00f3n ARC<\/title>\n<meta name=\"robots\" content=\"index, follow, max-snippet:-1, max-image-preview:large, max-video-preview:-1\" \/>\n<link rel=\"canonical\" href=\"https:\/\/www.distribucionarc.com\/it\/inicio\/aviso-legal\/\" \/>\n<meta property=\"og:locale\" content=\"ro_RO\" \/>\n<meta property=\"og:type\" content=\"article\" \/>\n<meta property=\"og:title\" content=\"aviso legal\" \/>\n<meta property=\"og:description\" content=\"aviso legal Datos del vendedor Titular: ARC TECH SOLUTIONS S.L Direcci\u00f3n: carrer castell n1 bajo izquierda 46970 alaquas (valencia) N.I.F.:\" \/>\n<meta property=\"og:url\" content=\"https:\/\/www.distribucionarc.com\/it\/inicio\/aviso-legal\/\" \/>\n<meta property=\"og:site_name\" content=\"distribuci\u00f3n ARC\" \/>\n<meta property=\"article:modified_time\" content=\"2025-05-06T13:58:50+00:00\" \/>\n<meta property=\"og:image\" content=\"https:\/\/distribucionarc.com\/wp-content\/uploads\/2024\/12\/icono-arc.jpg\" \/>\n\t<meta property=\"og:image:width\" content=\"612\" \/>\n\t<meta property=\"og:image:height\" content=\"792\" \/>\n\t<meta property=\"og:image:type\" content=\"image\/jpeg\" \/>\n<meta name=\"twitter:card\" content=\"summary_large_image\" \/>\n<meta name=\"twitter:label1\" content=\"Timp estimat pentru citire\" \/>\n\t<meta name=\"twitter:data1\" content=\"8 minute\" \/>\n<script type=\"application\/ld+json\" class=\"yoast-schema-graph\">{\"@context\":\"https:\/\/schema.org\",\"@graph\":[{\"@type\":\"WebPage\",\"@id\":\"https:\/\/www.distribucionarc.com\/it\/inicio\/aviso-legal\/\",\"url\":\"https:\/\/www.distribucionarc.com\/it\/inicio\/aviso-legal\/\",\"name\":\"aviso legal - distribuci\u00f3n ARC\",\"isPartOf\":{\"@id\":\"https:\/\/distribucionarc.com\/pl\/#website\"},\"datePublished\":\"2020-04-15T09:38:42+00:00\",\"dateModified\":\"2025-05-06T13:58:50+00:00\",\"breadcrumb\":{\"@id\":\"https:\/\/www.distribucionarc.com\/it\/inicio\/aviso-legal\/#breadcrumb\"},\"inLanguage\":\"ro-RO\",\"potentialAction\":[{\"@type\":\"ReadAction\",\"target\":[\"https:\/\/www.distribucionarc.com\/it\/inicio\/aviso-legal\/\"]}]},{\"@type\":\"BreadcrumbList\",\"@id\":\"https:\/\/www.distribucionarc.com\/it\/inicio\/aviso-legal\/#breadcrumb\",\"itemListElement\":[{\"@type\":\"ListItem\",\"position\":1,\"name\":\"Portada\",\"item\":\"https:\/\/www.distribucionarc.com\/tr\/\"},{\"@type\":\"ListItem\",\"position\":2,\"name\":\"inicio\",\"item\":\"https:\/\/www.distribucionarc.com\/lt\/inicio\/\"},{\"@type\":\"ListItem\",\"position\":3,\"name\":\"aviso legal\"}]},{\"@type\":\"WebSite\",\"@id\":\"https:\/\/distribucionarc.com\/pl\/#website\",\"url\":\"https:\/\/distribucionarc.com\/pl\/\",\"name\":\"distribuci\u00f3n ARC\",\"description\":\"Empresa especializada en la fabricaci\u00f3n y distribuci\u00f3n de maquinaria industrial, selladoras de latas, Maquinas de hacer pastillas, Maquinas de cortar carne...\",\"publisher\":{\"@id\":\"https:\/\/distribucionarc.com\/pl\/#organization\"},\"potentialAction\":[{\"@type\":\"SearchAction\",\"target\":{\"@type\":\"EntryPoint\",\"urlTemplate\":\"https:\/\/distribucionarc.com\/pl\/?s={search_term_string}\"},\"query-input\":{\"@type\":\"PropertyValueSpecification\",\"valueRequired\":true,\"valueName\":\"search_term_string\"}}],\"inLanguage\":\"ro-RO\"},{\"@type\":\"Organization\",\"@id\":\"https:\/\/distribucionarc.com\/pl\/#organization\",\"name\":\"Distribuci\u00f3n ARC\",\"url\":\"https:\/\/distribucionarc.com\/pl\/\",\"logo\":{\"@type\":\"ImageObject\",\"inLanguage\":\"ro-RO\",\"@id\":\"https:\/\/distribucionarc.com\/pl\/#\/schema\/logo\/image\/\",\"url\":\"https:\/\/distribucionarc.com\/wp-content\/uploads\/2024\/10\/distribucion-ARC-COLOR-SIN-FONDO-e1732295305345.png\",\"contentUrl\":\"https:\/\/distribucionarc.com\/wp-content\/uploads\/2024\/10\/distribucion-ARC-COLOR-SIN-FONDO-e1732295305345.png\",\"width\":1164,\"height\":558,\"caption\":\"Distribuci\u00f3n ARC\"},\"image\":{\"@id\":\"https:\/\/distribucionarc.com\/pl\/#\/schema\/logo\/image\/\"},\"description\":\"Empresa especializada en la fabricaci\u00f3n y distribuci\u00f3n de maquinaria industrial para los sectores alimentario y farmac\u00e9utico. Nos especializamos en: M\u00e1quinas de cortar carne Fabricaci\u00f3n de comprimidos Sistemas de transporte industrial L\u00edneas de embotellado Dosificadores Y mucho m\u00e1s... Ofrecemos soluciones innovadoras y personalizadas para optimizar los procesos productivos de tu empresa.\",\"email\":\"Admistracion@distribucionarc.com\",\"telephone\":\"+34 643496664\",\"legalName\":\"ARC TECH SOLUTIONS\",\"foundingDate\":\"2024-04-09\",\"vatID\":\"B55480172\",\"numberOfEmployees\":{\"@type\":\"QuantitativeValue\",\"minValue\":\"1\",\"maxValue\":\"10\"}}]}<\/script>\n<!-- \/ Yoast SEO Premium plugin. -->","yoast_head_json":{"title":"Aviz legal - distributie ARC","robots":{"index":"index","follow":"follow","max-snippet":"max-snippet:-1","max-image-preview":"max-image-preview:large","max-video-preview":"max-video-preview:-1"},"canonical":"https:\/\/www.distribucionarc.com\/it\/inicio\/aviso-legal\/","og_locale":"ro_RO","og_type":"article","og_title":"aviso legal","og_description":"aviso legal Datos del vendedor Titular: ARC TECH SOLUTIONS S.L Direcci\u00f3n: carrer castell n1 bajo izquierda 46970 alaquas (valencia) N.I.F.:","og_url":"https:\/\/www.distribucionarc.com\/it\/inicio\/aviso-legal\/","og_site_name":"distribuci\u00f3n ARC","article_modified_time":"2025-05-06T13:58:50+00:00","og_image":[{"width":612,"height":792,"url":"https:\/\/distribucionarc.com\/wp-content\/uploads\/2024\/12\/icono-arc.jpg","type":"image\/jpeg"}],"twitter_card":"summary_large_image","twitter_misc":{"Timp estimat pentru citire":"8 minute"},"schema":{"@context":"https:\/\/schema.org","@graph":[{"@type":"WebPage","@id":"https:\/\/www.distribucionarc.com\/it\/inicio\/aviso-legal\/","url":"https:\/\/www.distribucionarc.com\/it\/inicio\/aviso-legal\/","name":"Aviz legal - distributie ARC","isPartOf":{"@id":"https:\/\/distribucionarc.com\/pl\/#website"},"datePublished":"2020-04-15T09:38:42+00:00","dateModified":"2025-05-06T13:58:50+00:00","breadcrumb":{"@id":"https:\/\/www.distribucionarc.com\/it\/inicio\/aviso-legal\/#breadcrumb"},"inLanguage":"ro-RO","potentialAction":[{"@type":"ReadAction","target":["https:\/\/www.distribucionarc.com\/it\/inicio\/aviso-legal\/"]}]},{"@type":"BreadcrumbList","@id":"https:\/\/www.distribucionarc.com\/it\/inicio\/aviso-legal\/#breadcrumb","itemListElement":[{"@type":"ListItem","position":1,"name":"Portada","item":"https:\/\/www.distribucionarc.com\/tr\/"},{"@type":"ListItem","position":2,"name":"inicio","item":"https:\/\/www.distribucionarc.com\/lt\/inicio\/"},{"@type":"ListItem","position":3,"name":"aviso legal"}]},{"@type":"WebSite","@id":"https:\/\/distribucionarc.com\/pl\/#website","url":"https:\/\/distribucionarc.com\/pl\/","name":"Distribu\u021bie ARC","description":"Companie specializat\u0103 \u00een fabricarea \u0219i distribu\u021bia de utilaje industriale, ma\u0219ini de sigilat cutii, ma\u0219ini de fabricat tablete, ma\u0219ini de t\u0103iat carne...","publisher":{"@id":"https:\/\/distribucionarc.com\/pl\/#organization"},"potentialAction":[{"@type":"SearchAction","target":{"@type":"EntryPoint","urlTemplate":"https:\/\/distribucionarc.com\/pl\/?s={search_term_string}"},"query-input":{"@type":"PropertyValueSpecification","valueRequired":true,"valueName":"search_term_string"}}],"inLanguage":"ro-RO"},{"@type":"Organization","@id":"https:\/\/distribucionarc.com\/pl\/#organization","name":"Distribu\u021bie ARC","url":"https:\/\/distribucionarc.com\/pl\/","logo":{"@type":"ImageObject","inLanguage":"ro-RO","@id":"https:\/\/distribucionarc.com\/pl\/#\/schema\/logo\/image\/","url":"https:\/\/distribucionarc.com\/wp-content\/uploads\/2024\/10\/distribucion-ARC-COLOR-SIN-FONDO-e1732295305345.png","contentUrl":"https:\/\/distribucionarc.com\/wp-content\/uploads\/2024\/10\/distribucion-ARC-COLOR-SIN-FONDO-e1732295305345.png","width":1164,"height":558,"caption":"Distribuci\u00f3n ARC"},"image":{"@id":"https:\/\/distribucionarc.com\/pl\/#\/schema\/logo\/image\/"},"description":"Companie specializat\u0103 \u00een fabricarea \u0219i distribu\u021bia de utilaje industriale pentru sectoarele alimentar \u0219i farmaceutic. Suntem specializa\u021bi \u00een: Ma\u0219ini de t\u0103iat carne Fabricarea tabletelor Sisteme de transport industrial Linii de \u00eembuteliere Distribuitoare \u0218i multe altele... Oferim solu\u021bii inovatoare \u0219i personalizate pentru a optimiza procesele de produc\u021bie ale companiei dumneavoastr\u0103.","email":"Admistracion@distribucionarc.com","telephone":"+34 643496664","legalName":"ARC TECH SOLUTIONS","foundingDate":"2024-04-09","vatID":"B55480172","numberOfEmployees":{"@type":"QuantitativeValue","minValue":"1","maxValue":"10"}}]}},"_links":{"self":[{"href":"https:\/\/distribucionarc.com\/ro\/wp-json\/wp\/v2\/pages\/74","targetHints":{"allow":["GET"]}}],"collection":[{"href":"https:\/\/distribucionarc.com\/ro\/wp-json\/wp\/v2\/pages"}],"about":[{"href":"https:\/\/distribucionarc.com\/ro\/wp-json\/wp\/v2\/types\/page"}],"author":[{"embeddable":true,"href":"https:\/\/distribucionarc.com\/ro\/wp-json\/wp\/v2\/users\/1"}],"replies":[{"embeddable":true,"href":"https:\/\/distribucionarc.com\/ro\/wp-json\/wp\/v2\/comments?post=74"}],"version-history":[{"count":5,"href":"https:\/\/distribucionarc.com\/ro\/wp-json\/wp\/v2\/pages\/74\/revisions"}],"predecessor-version":[{"id":17442,"href":"https:\/\/distribucionarc.com\/ro\/wp-json\/wp\/v2\/pages\/74\/revisions\/17442"}],"up":[{"embeddable":true,"href":"https:\/\/distribucionarc.com\/ro\/wp-json\/wp\/v2\/pages\/45"}],"wp:attachment":[{"href":"https:\/\/distribucionarc.com\/ro\/wp-json\/wp\/v2\/media?parent=74"}],"curies":[{"name":"wp","href":"https:\/\/api.w.org\/{rel}","templated":true}]}}