{"id":1043,"date":"2020-07-16T09:25:55","date_gmt":"2020-07-16T09:25:55","guid":{"rendered":"https:\/\/distribucionarc.com\/?post_type=product&#038;p=1043"},"modified":"2024-09-05T21:08:07","modified_gmt":"2024-09-05T21:08:07","slug":"aparat-de-vafe-profesionist","status":"publish","type":"product","link":"https:\/\/distribucionarc.com\/ro\/producto\/gofrera-profesional\/","title":{"rendered":"Aparat profesional de vafe"},"content":{"rendered":"<h2><strong>Aparat profesional de vafe\u00a0<\/strong><\/h2>\n<p>The\u00a0<strong>Aparat de vafe profesional dublu<\/strong>\u00a0de<span style=\"color: #ff0000;\">\u00a0<\/span><strong><span style=\"color: #ff0000;\">LA<\/span><span style=\"color: #0000ff;\">R<\/span>c<\/strong>, adopt\u0103 un design cu cap dublu, f\u0103c\u00e2nd procesul de g\u0103tit de\u00a0<strong>vafe<\/strong> fi mai eficient \u0219i mai profitabil. O putere suficient\u0103 de 1880 W. Forma asigur\u0103 o \u00eenc\u0103lzire continu\u0103 la 360 de grade \u0219i o experien\u021b\u0103 de g\u0103tit mai bun\u0103. \u0218i ei \u00eenc\u0103 mai contribuie <span style=\"color: #008000;\">r<strong>performan\u021b\u0103 energetic\u0103 eficient\u0103<\/strong><\/span>\u00a0al\u00a0<strong>aparat de vafe profesional<\/strong>.<\/p>\n<p>Capul este controlat independent cu butoane netede. Temperatura variaz\u0103 \u00eentre 50 \u0219i 300 \u00b0 C cu lumin\u0103 LED care arat\u0103 starea de func\u021bionare. The <strong>aparat de vafe profesional\u00a0<span style=\"color: #ff0000;\">LA<\/span><span style=\"color: #0000ff;\">R<\/span>CMGE2<\/strong>\u00a0Are un cronometru precis de maxim 5 minute, cu o alarma clara si melodioasa cand vafele sunt gata.<\/p>\n<p>\u0218eful <strong>aparat de vafe profesional<\/strong>\u00a0Adopt\u0103 dou\u0103 matri\u021be (superioar\u0103 \u0219i inferioar\u0103). \u00cempreun\u0103 formeaz\u0103 vafe delicioase. Ambele matri\u021be v\u0103 asigur\u0103 o \u00eenc\u0103lzire uniform\u0103. Suprafa\u021ba de g\u0103tit acoperit\u0103 cu teflon este antiaderent\u0103 \u0219i face ma\u0219ina u\u0219or de cur\u0103\u021bat.\u00a0<strong>vafe<\/strong>.<\/p>\n<p>Suportul din spate \u00eengro\u0219at conecteaz\u0103 matri\u021ba cu\u00a0<strong>aparatul de vafe<\/strong>, suportul frontal adopt\u0103 o structur\u0103 triunghiular\u0103 stabil\u0103. Un astfel de design \u00eembun\u0103t\u0103\u021be\u0219te nivelul de siguran\u021b\u0103, mai durabil \u0219i face ca<strong> aparat de vafe <span style=\"color: #ff0000;\">LA<\/span><span style=\"color: #0000ff;\">R<\/span>CMGE2<\/strong>\u00a0Ob\u021bine\u021bi un design func\u021bional, care este \u0219i elegant din punct de vedere estetic. Set de m\u00e2nere gros din o\u021bel inoxidabil pentru prindere u\u0219oar\u0103 \u0219i utilizare f\u0103r\u0103 efort. Utilizarea unui material bun de disipare a c\u0103ldurii asigur\u0103 c\u0103 temperatura acestuia nu este prea ridicat\u0103. Protejeaz\u0103 utilizatorul de arsuri.<\/p>\n<p>Cu\u00a0<strong>Aparat profesional de vafe<\/strong>\u00a0de\u00a0<strong><span style=\"color: #ff0000;\">LA<\/span><span style=\"color: #0000ff;\">R<\/span>c<\/strong>\u00a0vei primi ceva\u00a0<strong>Vafe<\/strong> unic, cu un design de inim\u0103 foarte izbitor, interior moale \u0219i exterior crocant, cu un gust nesf\u00e2r\u0219it. Ciocolata, bomboane \u0219i alte decora\u021biuni pot fi ad\u0103ugate liber pentru a ad\u0103uga arom\u0103.<\/p>\n<p>&nbsp;<\/p>\n<h6><strong>garan\u021bie\u00a0<span style=\"color: #ff0000;\">LA<\/span><span style=\"color: #0000ff;\">R<\/span>C 2 ANI<\/strong><\/h6>\n<h6><span style=\"color: #008000;\">Aparat de vafe profesional eficient, consum redus 1550w<\/span><\/h6>\n<h6><strong>suport tehnic inclus.<\/strong><\/h6>\n<p>&nbsp;<\/p>\n<p>&nbsp;<\/p>\n<table role=\"presentation\" width=\"100%\" cellspacing=\"0\" cellpadding=\"0\">\n<tbody>\n<tr>\n<td class=\"attrLabels\">Temperatur\u0103:<\/td>\n<td width=\"50.0%\">50-300\u00baC<\/td>\n<\/tr>\n<tr>\n<td class=\"attrLabels\">\u021aara de distribu\u021bie:<\/td>\n<td width=\"50.0%\">Spania, Germania, SUA, America Latin\u0103<\/td>\n<td class=\"attrLabels\">Greutate:<\/td>\n<td width=\"50.0%\">11,6 kg<\/td>\n<\/tr>\n<tr>\n<td class=\"attrLabels\">Marca:<\/td>\n<td width=\"50.0%\">ARC<\/td>\n<td class=\"attrLabels\">\u00cen\u0103l\u0163ime:<\/td>\n<td width=\"50.0%\">33 cm<\/td>\n<\/tr>\n<tr>\n<td class=\"attrLabels\">Culoare:<\/td>\n<td width=\"50.0%\">Argint<\/td>\n<td class=\"attrLabels\">Lung:<\/td>\n<td width=\"50.0%\">49 cm<\/td>\n<\/tr>\n<tr>\n<td class=\"attrLabels\">Tip produs:<\/td>\n<td width=\"50.0%\">Aparat profesional de vafe<\/td>\n<td class=\"attrLabels\">Larg:<\/td>\n<td width=\"50.0%\">39 cm<\/td>\n<\/tr>\n<tr>\n<td class=\"attrLabels\">Numar producator:<\/td>\n<td width=\"50.0%\">ARCMGE2<\/td>\n<td class=\"attrLabels\">Putere:<\/td>\n<td width=\"50.0%\">1880W<\/td>\n<\/tr>\n<tr>\n<td class=\"attrLabels\">Material:<\/td>\n<td width=\"50.0%\">otel inoxidabil, placa de teflon, control al temperaturii<\/td>\n<td class=\"attrLabels\">tensiune de intrare<\/td>\n<td width=\"50.0%\">220V \u2013 60Hz 110V \u2013 50Hz<\/td>\n<\/tr>\n<tr>\n<td class=\"attrLabels\">Dimensiunea vafei:<\/td>\n<td width=\"50.0%\">\u00a035 cm diametru<\/td>\n<td class=\"attrLabels\">Garantie:<\/td>\n<td width=\"50.0%\">2 ANI<\/td>\n<\/tr>\n<tr>\n<td class=\"attrLabels\">Instrumente de instalare:<\/td>\n<td width=\"50.0%\">Da<\/td>\n<td class=\"attrLabels\">Productie:<\/td>\n<td width=\"50.0%\">1 buc\u0103\u021bi<\/td>\n<\/tr>\n<\/tbody>\n<\/table>","protected":false},"excerpt":{"rendered":"<h2><strong>Aparat de vafe \u00een form\u0103 de inim\u0103 \u2013 5 por\u021bii cu cronometru<\/strong><\/h2>\n<p>Noastre <strong>aparat de vafe \u00een form\u0103 de inim\u0103<\/strong> este instrumentul ideal pentru a crea vafe atractive \u0219i delicioase \u00een form\u0103 de inim\u0103, \u00eemp\u0103r\u021bite \u00een <strong>5 portii<\/strong>. Cu a <strong>temporizator reglabil de la 0 la 5 minute<\/strong> \u0219i un interval de temperatur\u0103 de <strong>50 p\u00e2n\u0103 la 300 de grade Celsius (\u00b0C)<\/strong>, acest aparat garanteaza o gatire rapida si precisa. Diametrul vafei este <strong>35 de centimetri (cm)<\/strong>, permi\u021b\u00e2ndu-v\u0103 s\u0103 crea\u021bi vafe mari, atractive, perfecte pentru partajare.<\/p>\n<h3>Produse pe care le pute\u021bi face cu asta <strong>aparat de vafe \u00een form\u0103 de inim\u0103<\/strong>:<\/h3>\n<ul>\n<li><strong>Vafe tradi\u021bionale<\/strong>: Se serveste cu sirop, smantana sau fructe proaspete.<\/li>\n<li><strong>Vafe de ciocolat\u0103<\/strong>: Cu bucatele de ciocolata topita in aluat.<\/li>\n<li><strong>Vafe fara gluten<\/strong>: Alternativa sanatoasa pentru persoanele cu intolerante alimentare.<\/li>\n<li><strong>Vafe din gr\u00e2u integral<\/strong>: Perfect de oferit \u00een meniuri s\u0103n\u0103toase.<\/li>\n<li><strong>Vafe cu fulgi de ov\u0103z cu banane<\/strong>: Op\u021biune delicioas\u0103 \u0219i hr\u0103nitoare.<\/li>\n<li><strong>Vafe savuroase<\/strong>: Umplut cu branza, sunca sau spanac, ideal pentru brunchuri.<\/li>\n<li><strong>Mini pizza cu vafe<\/strong>: Varia\u021bie creativ\u0103 folosind forma inimii pentru baze de pizza.<\/li>\n<\/ul>\n<h3>Sectoarele \u00een care acest lucru poate fi implementat <strong>aparat profesional de vafe inimii<\/strong>:<\/h3>\n<ul>\n<li><strong>Cafenele \u0219i patiserii<\/strong>: Perfect pentru a atrage clien\u021bi cu prezent\u0103ri atr\u0103g\u0103toare de vafe dulci \u0219i s\u0103rate.<\/li>\n<li><strong>Restaurante<\/strong>: Ideal pentru a oferi deserturi \u0219i preparate speciale \u00een form\u0103 de inim\u0103.<\/li>\n<li><strong>camioane cu alimente<\/strong>: Atr\u0103g\u0103toare pentru t\u00e2rguri \u0219i evenimente \u00een care vafele \u00een form\u0103 de inim\u0103 vor fi un succes.<\/li>\n<li><strong>Hoteluri \u0219i bufete<\/strong>: Perfect de oferit la micul dejun \u0219i brunch-uri, cu op\u021biuni personalizabile pentru meseni.<\/li>\n<li><strong>Catering \u0219i evenimente speciale<\/strong>: Cum ar fi nunti, aniversari sau petreceri tematice, unde forma inimii adauga o nota speciala.<\/li>\n<li><strong>Brut\u0103rii<\/strong>: Extinde oferta cu vafe proaspete in forme originale pentru a surprinde clientii.<\/li>\n<li><strong>Mese pentru copii<\/strong>: La evenimente de familie sau \u00een locuri orientate spre copii, forma inimii este deosebit de atractiv\u0103.<\/li>\n<\/ul>\n<p>Cu asta <strong>aparat de vafe \u00een form\u0103 de inim\u0103<\/strong>, po\u021bi oferi produse unice care nu numai c\u0103 arat\u0103 bine, ci \u0219i gust grozav. \u00cen plus, cel <strong>aparat de vafe electric profesional<\/strong> Dispune de un sistem de control al temperaturii u\u0219or de utilizat, asigur\u00e2nd o g\u0103tire perfect\u0103 de fiecare dat\u0103.<\/p>","protected":false},"featured_media":1050,"comment_status":"open","ping_status":"closed","template":"","meta":{"wds_primary_product_brand":0,"wds_primary_product_cat":0},"product_brand":[],"product_cat":[51],"product_tag":[],"class_list":{"0":"post-1043","1":"product","2":"type-product","3":"status-publish","4":"has-post-thumbnail","6":"product_cat-gofreras-profesionales","7":"product_shipping_class-hosteleria","9":"first","10":"instock","11":"taxable","12":"shipping-taxable","13":"purchasable","14":"product-type-simple"},"yoast_head":"<!-- This site is optimized with the Yoast SEO Premium plugin v24.9 (Yoast SEO v26.1) - https:\/\/yoast.com\/wordpress\/plugins\/seo\/ -->\n<title>Gofrera profesional - distribuci\u00f3n ARC<\/title>\n<meta name=\"robots\" content=\"index, follow, max-snippet:-1, max-image-preview:large, max-video-preview:-1\" \/>\n<link rel=\"canonical\" href=\"https:\/\/www.distribucionarc.com\/lt\/producto\/gofrera-profesional\/\" \/>\n<meta property=\"og:locale\" content=\"ro_RO\" \/>\n<meta property=\"og:type\" content=\"article\" \/>\n<meta property=\"og:title\" content=\"Gofrera profesional\" \/>\n<meta property=\"og:description\" content=\"M\u00e1quina para hacer gofres en forma de coraz\u00f3n \u2013 5 porciones con temporizador Nuestra m\u00e1quina para hacer gofres en forma de coraz\u00f3n es la herramienta ideal para crear gofres atractivos y deliciosos en forma de coraz\u00f3n, divididos en 5 porciones. Con un temporizador ajustable de 0 a 5 minutos y un rango de temperatura de 50 a 300 grados cent\u00edgrados (\u00b0C), esta m\u00e1quina garantiza una cocci\u00f3n r\u00e1pida y precisa. El di\u00e1metro del gofre es de 35 cent\u00edmetros (cm), lo que permite crear gofres grandes y atractivos que son perfectos para compartir. Productos que puedes hacer con esta gofrera en forma de coraz\u00f3n:   Gofres tradicionales: Servidos con jarabe, crema o frutas frescas.  Gofres de chocolate: Con trozos de chocolate fundido en la masa.  Gofres sin gluten: Alternativa saludable para personas con intolerancias alimentarias.  Gofres integrales: Perfectos para ofrecer en men\u00fas saludables.  Gofres de avena y pl\u00e1tano: Opci\u00f3n deliciosa y nutritiva.  Gofres salados: Rellenos de queso, jam\u00f3n o espinacas, ideales para brunches.  Mini pizzas de gofre: Variaci\u00f3n creativa usando la forma de coraz\u00f3n para bases de pizza.  Sectores donde se puede implementar esta gofrera de coraz\u00f3n profesional:   Cafeter\u00edas y pasteler\u00edas: Perfecta para atraer a clientes con presentaciones llamativas de gofres dulces y salados.  Restaurantes: Ideal para ofrecer postres y platos especiales en forma de coraz\u00f3n.  Food trucks: Atractiva para ferias y eventos donde los gofres en forma de coraz\u00f3n ser\u00e1n un \u00e9xito.  Hoteles y buffets: Perfecta para ofrecer en desayunos y brunches, con opciones personalizables para los comensales.  Catering y eventos especiales: Como bodas, aniversarios o fiestas tem\u00e1ticas, donde la forma de coraz\u00f3n a\u00f1ade un toque especial.  Panader\u00edas: Ampl\u00eda la oferta con gofres frescos y en formas originales para sorprender a los clientes.  Comidas para ni\u00f1os: En eventos familiares o en locales orientados a ni\u00f1os, la forma de coraz\u00f3n es especialmente atractiva.  Con esta m\u00e1quina de gofres en forma de coraz\u00f3n, puedes ofrecer productos \u00fanicos que no solo se ven bien, sino que tambi\u00e9n tienen un sabor excelente. Adem\u00e1s, la gofrera el\u00e9ctrica profesional cuenta con un sistema de control de temperatura f\u00e1cil de usar, lo que garantiza la cocci\u00f3n perfecta en todo momento.\" \/>\n<meta property=\"og:url\" content=\"https:\/\/www.distribucionarc.com\/lt\/producto\/gofrera-profesional\/\" \/>\n<meta property=\"og:site_name\" content=\"distribuci\u00f3n ARC\" \/>\n<meta property=\"article:modified_time\" content=\"2024-09-05T21:08:07+00:00\" \/>\n<meta property=\"og:image\" content=\"https:\/\/www.distribucionarc.com\/wp-content\/uploads\/2020\/07\/Gofrera-profesional-0.jpg\" \/>\n\t<meta property=\"og:image:width\" content=\"1600\" \/>\n\t<meta property=\"og:image:height\" content=\"1600\" \/>\n\t<meta property=\"og:image:type\" content=\"image\/jpeg\" \/>\n<meta name=\"twitter:card\" content=\"summary_large_image\" \/>\n<meta name=\"twitter:label1\" content=\"Timp estimat pentru citire\" \/>\n\t<meta name=\"twitter:data1\" content=\"2 minute\" \/>\n<script type=\"application\/ld+json\" class=\"yoast-schema-graph\">{\"@context\":\"https:\/\/schema.org\",\"@graph\":[{\"@type\":\"WebPage\",\"@id\":\"https:\/\/www.distribucionarc.com\/lt\/producto\/gofrera-profesional\/\",\"url\":\"https:\/\/www.distribucionarc.com\/lt\/producto\/gofrera-profesional\/\",\"name\":\"Gofrera profesional - distribuci\u00f3n ARC\",\"isPartOf\":{\"@id\":\"https:\/\/www.distribucionarc.com\/sl\/#website\"},\"primaryImageOfPage\":{\"@id\":\"https:\/\/www.distribucionarc.com\/lt\/producto\/gofrera-profesional\/#primaryimage\"},\"image\":{\"@id\":\"https:\/\/www.distribucionarc.com\/lt\/producto\/gofrera-profesional\/#primaryimage\"},\"thumbnailUrl\":\"https:\/\/distribucionarc.com\/wp-content\/uploads\/2020\/07\/Gofrera-profesional-0.jpg\",\"datePublished\":\"2020-07-16T09:25:55+00:00\",\"dateModified\":\"2024-09-05T21:08:07+00:00\",\"breadcrumb\":{\"@id\":\"https:\/\/www.distribucionarc.com\/lt\/producto\/gofrera-profesional\/#breadcrumb\"},\"inLanguage\":\"ro-RO\",\"potentialAction\":[{\"@type\":\"ReadAction\",\"target\":[\"https:\/\/www.distribucionarc.com\/lt\/producto\/gofrera-profesional\/\"]}]},{\"@type\":\"ImageObject\",\"inLanguage\":\"ro-RO\",\"@id\":\"https:\/\/www.distribucionarc.com\/lt\/producto\/gofrera-profesional\/#primaryimage\",\"url\":\"https:\/\/distribucionarc.com\/wp-content\/uploads\/2020\/07\/Gofrera-profesional-0.jpg\",\"contentUrl\":\"https:\/\/distribucionarc.com\/wp-content\/uploads\/2020\/07\/Gofrera-profesional-0.jpg\",\"width\":1600,\"height\":1600,\"caption\":\"Gofrera profesional\"},{\"@type\":\"BreadcrumbList\",\"@id\":\"https:\/\/www.distribucionarc.com\/lt\/producto\/gofrera-profesional\/#breadcrumb\",\"itemListElement\":[{\"@type\":\"ListItem\",\"position\":1,\"name\":\"Portada\",\"item\":\"https:\/\/www.distribucionarc.com\/\"},{\"@type\":\"ListItem\",\"position\":2,\"name\":\"\u00dcr\u00fcnler\",\"item\":\"https:\/\/www.distribucionarc.com\/tr\/magaza\/\"},{\"@type\":\"ListItem\",\"position\":3,\"name\":\"Gofrera profesional\"}]},{\"@type\":\"WebSite\",\"@id\":\"https:\/\/www.distribucionarc.com\/sl\/#website\",\"url\":\"https:\/\/www.distribucionarc.com\/sl\/\",\"name\":\"distribuci\u00f3n ARC\",\"description\":\"Empresa especializada en la fabricaci\u00f3n y distribuci\u00f3n de maquinaria industrial, selladoras de latas, Maquinas de hacer pastillas, Maquinas de cortar carne...\",\"publisher\":{\"@id\":\"https:\/\/www.distribucionarc.com\/sl\/#organization\"},\"potentialAction\":[{\"@type\":\"SearchAction\",\"target\":{\"@type\":\"EntryPoint\",\"urlTemplate\":\"https:\/\/www.distribucionarc.com\/sl\/?s={search_term_string}\"},\"query-input\":{\"@type\":\"PropertyValueSpecification\",\"valueRequired\":true,\"valueName\":\"search_term_string\"}}],\"inLanguage\":\"ro-RO\"},{\"@type\":\"Organization\",\"@id\":\"https:\/\/www.distribucionarc.com\/sl\/#organization\",\"name\":\"Distribuci\u00f3n ARC\",\"url\":\"https:\/\/www.distribucionarc.com\/sl\/\",\"logo\":{\"@type\":\"ImageObject\",\"inLanguage\":\"ro-RO\",\"@id\":\"https:\/\/www.distribucionarc.com\/sl\/#\/schema\/logo\/image\/\",\"url\":\"https:\/\/distribucionarc.com\/wp-content\/uploads\/2024\/10\/distribucion-ARC-COLOR-SIN-FONDO-e1732295305345.png\",\"contentUrl\":\"https:\/\/distribucionarc.com\/wp-content\/uploads\/2024\/10\/distribucion-ARC-COLOR-SIN-FONDO-e1732295305345.png\",\"width\":1164,\"height\":558,\"caption\":\"Distribuci\u00f3n ARC\"},\"image\":{\"@id\":\"https:\/\/www.distribucionarc.com\/sl\/#\/schema\/logo\/image\/\"},\"description\":\"Empresa especializada en la fabricaci\u00f3n y distribuci\u00f3n de maquinaria industrial para los sectores alimentario y farmac\u00e9utico. Nos especializamos en: M\u00e1quinas de cortar carne Fabricaci\u00f3n de comprimidos Sistemas de transporte industrial L\u00edneas de embotellado Dosificadores Y mucho m\u00e1s... Ofrecemos soluciones innovadoras y personalizadas para optimizar los procesos productivos de tu empresa.\",\"email\":\"Admistracion@distribucionarc.com\",\"telephone\":\"+34 643496664\",\"legalName\":\"ARC TECH SOLUTIONS\",\"foundingDate\":\"2024-04-09\",\"vatID\":\"B55480172\",\"numberOfEmployees\":{\"@type\":\"QuantitativeValue\",\"minValue\":\"1\",\"maxValue\":\"10\"}}]}<\/script>\n<!-- \/ Yoast SEO Premium plugin. -->","yoast_head_json":{"title":"Aparat profesional de vafe - distributie ARC","robots":{"index":"index","follow":"follow","max-snippet":"max-snippet:-1","max-image-preview":"max-image-preview:large","max-video-preview":"max-video-preview:-1"},"canonical":"https:\/\/www.distribucionarc.com\/lt\/producto\/gofrera-profesional\/","og_locale":"ro_RO","og_type":"article","og_title":"Gofrera profesional","og_description":"M\u00e1quina para hacer gofres en forma de coraz\u00f3n \u2013 5 porciones con temporizador Nuestra m\u00e1quina para hacer gofres en forma de coraz\u00f3n es la herramienta ideal para crear gofres atractivos y deliciosos en forma de coraz\u00f3n, divididos en 5 porciones. Con un temporizador ajustable de 0 a 5 minutos y un rango de temperatura de 50 a 300 grados cent\u00edgrados (\u00b0C), esta m\u00e1quina garantiza una cocci\u00f3n r\u00e1pida y precisa. El di\u00e1metro del gofre es de 35 cent\u00edmetros (cm), lo que permite crear gofres grandes y atractivos que son perfectos para compartir. Productos que puedes hacer con esta gofrera en forma de coraz\u00f3n:   Gofres tradicionales: Servidos con jarabe, crema o frutas frescas.  Gofres de chocolate: Con trozos de chocolate fundido en la masa.  Gofres sin gluten: Alternativa saludable para personas con intolerancias alimentarias.  Gofres integrales: Perfectos para ofrecer en men\u00fas saludables.  Gofres de avena y pl\u00e1tano: Opci\u00f3n deliciosa y nutritiva.  Gofres salados: Rellenos de queso, jam\u00f3n o espinacas, ideales para brunches.  Mini pizzas de gofre: Variaci\u00f3n creativa usando la forma de coraz\u00f3n para bases de pizza.  Sectores donde se puede implementar esta gofrera de coraz\u00f3n profesional:   Cafeter\u00edas y pasteler\u00edas: Perfecta para atraer a clientes con presentaciones llamativas de gofres dulces y salados.  Restaurantes: Ideal para ofrecer postres y platos especiales en forma de coraz\u00f3n.  Food trucks: Atractiva para ferias y eventos donde los gofres en forma de coraz\u00f3n ser\u00e1n un \u00e9xito.  Hoteles y buffets: Perfecta para ofrecer en desayunos y brunches, con opciones personalizables para los comensales.  Catering y eventos especiales: Como bodas, aniversarios o fiestas tem\u00e1ticas, donde la forma de coraz\u00f3n a\u00f1ade un toque especial.  Panader\u00edas: Ampl\u00eda la oferta con gofres frescos y en formas originales para sorprender a los clientes.  Comidas para ni\u00f1os: En eventos familiares o en locales orientados a ni\u00f1os, la forma de coraz\u00f3n es especialmente atractiva.  Con esta m\u00e1quina de gofres en forma de coraz\u00f3n, puedes ofrecer productos \u00fanicos que no solo se ven bien, sino que tambi\u00e9n tienen un sabor excelente. Adem\u00e1s, la gofrera el\u00e9ctrica profesional cuenta con un sistema de control de temperatura f\u00e1cil de usar, lo que garantiza la cocci\u00f3n perfecta en todo momento.","og_url":"https:\/\/www.distribucionarc.com\/lt\/producto\/gofrera-profesional\/","og_site_name":"distribuci\u00f3n ARC","article_modified_time":"2024-09-05T21:08:07+00:00","og_image":[{"width":1600,"height":1600,"url":"https:\/\/www.distribucionarc.com\/wp-content\/uploads\/2020\/07\/Gofrera-profesional-0.jpg","type":"image\/jpeg"}],"twitter_card":"summary_large_image","twitter_misc":{"Timp estimat pentru citire":"2 minute"},"schema":{"@context":"https:\/\/schema.org","@graph":[{"@type":"WebPage","@id":"https:\/\/www.distribucionarc.com\/lt\/producto\/gofrera-profesional\/","url":"https:\/\/www.distribucionarc.com\/lt\/producto\/gofrera-profesional\/","name":"Aparat profesional de vafe - distributie ARC","isPartOf":{"@id":"https:\/\/www.distribucionarc.com\/sl\/#website"},"primaryImageOfPage":{"@id":"https:\/\/www.distribucionarc.com\/lt\/producto\/gofrera-profesional\/#primaryimage"},"image":{"@id":"https:\/\/www.distribucionarc.com\/lt\/producto\/gofrera-profesional\/#primaryimage"},"thumbnailUrl":"https:\/\/distribucionarc.com\/wp-content\/uploads\/2020\/07\/Gofrera-profesional-0.jpg","datePublished":"2020-07-16T09:25:55+00:00","dateModified":"2024-09-05T21:08:07+00:00","breadcrumb":{"@id":"https:\/\/www.distribucionarc.com\/lt\/producto\/gofrera-profesional\/#breadcrumb"},"inLanguage":"ro-RO","potentialAction":[{"@type":"ReadAction","target":["https:\/\/www.distribucionarc.com\/lt\/producto\/gofrera-profesional\/"]}]},{"@type":"ImageObject","inLanguage":"ro-RO","@id":"https:\/\/www.distribucionarc.com\/lt\/producto\/gofrera-profesional\/#primaryimage","url":"https:\/\/distribucionarc.com\/wp-content\/uploads\/2020\/07\/Gofrera-profesional-0.jpg","contentUrl":"https:\/\/distribucionarc.com\/wp-content\/uploads\/2020\/07\/Gofrera-profesional-0.jpg","width":1600,"height":1600,"caption":"Gofrera profesional"},{"@type":"BreadcrumbList","@id":"https:\/\/www.distribucionarc.com\/lt\/producto\/gofrera-profesional\/#breadcrumb","itemListElement":[{"@type":"ListItem","position":1,"name":"Portada","item":"https:\/\/www.distribucionarc.com\/"},{"@type":"ListItem","position":2,"name":"\u00dcr\u00fcnler","item":"https:\/\/www.distribucionarc.com\/tr\/magaza\/"},{"@type":"ListItem","position":3,"name":"Gofrera profesional"}]},{"@type":"WebSite","@id":"https:\/\/www.distribucionarc.com\/sl\/#website","url":"https:\/\/www.distribucionarc.com\/sl\/","name":"Distribu\u021bie ARC","description":"Companie specializat\u0103 \u00een fabricarea \u0219i distribu\u021bia de utilaje industriale, ma\u0219ini de sigilat cutii, ma\u0219ini de fabricat tablete, ma\u0219ini de t\u0103iat carne...","publisher":{"@id":"https:\/\/www.distribucionarc.com\/sl\/#organization"},"potentialAction":[{"@type":"SearchAction","target":{"@type":"EntryPoint","urlTemplate":"https:\/\/www.distribucionarc.com\/sl\/?s={search_term_string}"},"query-input":{"@type":"PropertyValueSpecification","valueRequired":true,"valueName":"search_term_string"}}],"inLanguage":"ro-RO"},{"@type":"Organization","@id":"https:\/\/www.distribucionarc.com\/sl\/#organization","name":"Distribu\u021bie ARC","url":"https:\/\/www.distribucionarc.com\/sl\/","logo":{"@type":"ImageObject","inLanguage":"ro-RO","@id":"https:\/\/www.distribucionarc.com\/sl\/#\/schema\/logo\/image\/","url":"https:\/\/distribucionarc.com\/wp-content\/uploads\/2024\/10\/distribucion-ARC-COLOR-SIN-FONDO-e1732295305345.png","contentUrl":"https:\/\/distribucionarc.com\/wp-content\/uploads\/2024\/10\/distribucion-ARC-COLOR-SIN-FONDO-e1732295305345.png","width":1164,"height":558,"caption":"Distribuci\u00f3n ARC"},"image":{"@id":"https:\/\/www.distribucionarc.com\/sl\/#\/schema\/logo\/image\/"},"description":"Companie specializat\u0103 \u00een fabricarea \u0219i distribu\u021bia de utilaje industriale pentru sectoarele alimentar \u0219i farmaceutic. Suntem specializa\u021bi \u00een: Ma\u0219ini de t\u0103iat carne Fabricarea tabletelor Sisteme de transport industrial Linii de \u00eembuteliere Distribuitoare \u0218i multe altele... Oferim solu\u021bii inovatoare \u0219i personalizate pentru a optimiza procesele de produc\u021bie ale companiei dumneavoastr\u0103.","email":"Admistracion@distribucionarc.com","telephone":"+34 643496664","legalName":"ARC TECH SOLUTIONS","foundingDate":"2024-04-09","vatID":"B55480172","numberOfEmployees":{"@type":"QuantitativeValue","minValue":"1","maxValue":"10"}}]}},"_links":{"self":[{"href":"https:\/\/distribucionarc.com\/ro\/wp-json\/wp\/v2\/product\/1043","targetHints":{"allow":["GET"]}}],"collection":[{"href":"https:\/\/distribucionarc.com\/ro\/wp-json\/wp\/v2\/product"}],"about":[{"href":"https:\/\/distribucionarc.com\/ro\/wp-json\/wp\/v2\/types\/product"}],"replies":[{"embeddable":true,"href":"https:\/\/distribucionarc.com\/ro\/wp-json\/wp\/v2\/comments?post=1043"}],"version-history":[{"count":0,"href":"https:\/\/distribucionarc.com\/ro\/wp-json\/wp\/v2\/product\/1043\/revisions"}],"wp:featuredmedia":[{"embeddable":true,"href":"https:\/\/distribucionarc.com\/ro\/wp-json\/wp\/v2\/media\/1050"}],"wp:attachment":[{"href":"https:\/\/distribucionarc.com\/ro\/wp-json\/wp\/v2\/media?parent=1043"}],"wp:term":[{"taxonomy":"product_brand","embeddable":true,"href":"https:\/\/distribucionarc.com\/ro\/wp-json\/wp\/v2\/product_brand?post=1043"},{"taxonomy":"product_cat","embeddable":true,"href":"https:\/\/distribucionarc.com\/ro\/wp-json\/wp\/v2\/product_cat?post=1043"},{"taxonomy":"product_tag","embeddable":true,"href":"https:\/\/distribucionarc.com\/ro\/wp-json\/wp\/v2\/product_tag?post=1043"}],"curies":[{"name":"wp","href":"https:\/\/api.w.org\/{rel}","templated":true}]}}