{"id":1072,"date":"2020-07-16T10:45:36","date_gmt":"2020-07-16T10:45:36","guid":{"rendered":"https:\/\/distribucionarc.com\/?post_type=product&#038;p=1072"},"modified":"2020-09-27T08:46:30","modified_gmt":"2020-09-27T08:46:30","slug":"vitrina-expozant-hot-8-tavi","status":"publish","type":"product","link":"https:\/\/distribucionarc.com\/ro\/producto\/vitrina-expositor-caliente-8-bandejas\/","title":{"rendered":"Vitrina fierbinte 8 tavi"},"content":{"rendered":"<h3>Vitrina fierbinte 8 tavi<\/h3>\n<p>Dac\u0103 sunte\u021bi \u00een c\u0103utarea solu\u021biei perfecte pentru a v\u0103 men\u021bine m\u00e2ncarea cald\u0103 la temperaturi de servire timp de c\u00e2teva ore \u00een zonele de \u201eafi\u0219are \u0219i v\u00e2nzare\u201d, sunte\u021bi \u00een c\u0103utarea<strong>\u00a0\u00eenc\u0103lzitoare<\/strong>\u00a0\u015fi\u00a0<strong>vitrine cu alimente calde<\/strong>\u00a0de\u00a0<strong><span style=\"color: #ff0000;\">LA<\/span><span style=\"color: #0000ff;\">R<\/span>c<\/strong>. The\u00a0<strong>vitrin\u0103 fierbinte<\/strong>\u00a0de\u00a0<strong><span style=\"color: #ff0000;\">LA<\/span><span style=\"color: #0000ff;\">R<\/span>c<\/strong>\u00a0ofera solutii de echipamente pt\u00a0<strong>cafenele<\/strong>,\u00a0<strong>bufete<\/strong>, magazine \u0219i restaurante.<\/p>\n<p>Acest\u00a0<strong>vitrin\u0103<\/strong>\u00a0<strong>fierbinte\u00a0<span style=\"color: #ff0000;\">LA<\/span><span style=\"color: #0000ff;\">R<\/span>c<\/strong>\u00a0Blatul are un cadru robust din o\u021bel inoxidabil, pere\u021bi din sticl\u0103 c\u0103lit\u0103 \u0219i u\u0219i din acril. Cu stabilitate ridicat\u0103 \u0219i vizibilitate \u00eembun\u0103t\u0103\u021bit\u0103. Vine cu u\u0219i u\u0219or de deschis, sticl\u0103 c\u0103lit\u0103 combinat\u0103 cu un sistem de \u00eenchidere magnetic\u0103. Ofer\u0103 etan\u0219are \u00eembun\u0103t\u0103\u021bit\u0103 a u\u0219ii.<\/p>\n<p>The\u00a0<strong>vitrin\u0103 fierbinte\u00a0<span style=\"color: #ff0000;\">LA<\/span><span style=\"color: #0000ff;\">R<\/span>CVEC8B<\/strong> Are un buton de control termostatic rotativ, care v\u0103 permite s\u0103 alege\u021bi temperatura cea mai potrivit\u0103 pentru diferite tipuri de alimente. Cele doua nivele de sustinere au un spatiu inferior de 112 x 39 x 18 cm iar cel superior de 112 x 33 x 18 cm, intre acestea doua fiind distribuit spatiul celor 8 tavi din inox. T\u0103vile pot fi mutate \u00een\u0103untru \u0219i afar\u0103, oferind o capacitate mai mare pentru <strong>\u00eenc\u0103lzitoare<\/strong>\u00a0al<strong>\u00a0vitrine fierbin\u021bi<\/strong>, are \u00een general g\u0103le\u021bi pentru aranjarea alimentelor pe bar, cunoscute \u0219i sub numele\u00a0<strong>vitrine<\/strong>r, se men\u021bin la temperatura corespunz\u0103toare datorit\u0103 c\u0103ldurii \u00een care sunt scufundate g\u0103le\u021bile. \u00cen general, cel\u00a0<strong>vitrine fierbin\u021bi<\/strong>\u00a0Bain-marie are o scurgere pentru intretinere si curatare usoara. La fel \u0219i u\u0219i glisante pentru a men\u021bine temperatura \u0219i a nu pierde energie, transform\u00e2ndu-l \u00eentr-o\u00a0<strong>ma\u0219in\u0103 eficient\u0103 de consum<\/strong>.<\/p>\n<p>Luminile calde decorative fac m\u00e2ncarea mai atractiv\u0103 \u0219i mai atr\u0103g\u0103toare pentru client; cu \u00eentrerup\u0103tor de pornire\/oprire fiabil \u0219i sigur, impermeabil, rezistent la praf \u0219i la scurgerile electrice; \u00cen partea de jos este inclus\u0103 o tav\u0103 pentru colectarea uleiului.<\/p>\n<h6><\/h6>\n<h6><strong>garan\u021bie\u00a0<span style=\"color: #ff0000;\">LA<\/span><span style=\"color: #0000ff;\">R<\/span>C 2 ANI<\/strong><\/h6>\n<h6><span style=\"color: #008000;\">Vitrina fierbinte eficienta, consum redus 600w<\/span><\/h6>\n<h6><strong>suport tehnic inclus.<\/strong><\/h6>\n<p>&nbsp;<\/p>\n<table role=\"presentation\" width=\"100%\" cellspacing=\"0\" cellpadding=\"0\">\n<tbody>\n<tr>\n<td class=\"attrLabels\">Temperatur\u0103:<\/td>\n<td width=\"50.0%\">30-85\u00baC<\/td>\n<\/tr>\n<tr>\n<td class=\"attrLabels\">\u021aara de distribu\u021bie:<\/td>\n<td width=\"50.0%\">Spania, Germania, SUA<\/td>\n<td class=\"attrLabels\">Greutate:<\/td>\n<td width=\"50.0%\">35 kg<\/td>\n<\/tr>\n<tr>\n<td class=\"attrLabels\">Marca:<\/td>\n<td width=\"50.0%\">ARC<\/td>\n<td class=\"attrLabels\">\u00cen\u0103l\u0163ime:<\/td>\n<td width=\"50.0%\">74 cm<\/td>\n<\/tr>\n<tr>\n<td class=\"attrLabels\">Culoare:<\/td>\n<td width=\"50.0%\">Argint<\/td>\n<td class=\"attrLabels\">Lung:<\/td>\n<td width=\"50.0%\">120 cm<\/td>\n<\/tr>\n<tr>\n<td class=\"attrLabels\">Tip produs:<\/td>\n<td width=\"50.0%\">Vitrina fierbinte<\/td>\n<td class=\"attrLabels\">Larg:<\/td>\n<td width=\"50.0%\">\u00a063 cm<\/td>\n<\/tr>\n<tr>\n<td class=\"attrLabels\">Numar producator:<\/td>\n<td width=\"50.0%\">ARVCEC8B<\/td>\n<td class=\"attrLabels\">Putere:<\/td>\n<td width=\"50.0%\">600W<\/td>\n<\/tr>\n<tr>\n<td class=\"attrLabels\">Material:<\/td>\n<td width=\"50.0%\">otel inoxidabil, control al temperaturii<\/td>\n<td class=\"attrLabels\">tensiune de intrare<\/td>\n<td width=\"50.0%\">220V \u2013 60Hz<\/td>\n<\/tr>\n<tr>\n<td class=\"attrLabels\">Niveluri:<\/td>\n<td width=\"50.0%\">\u00a02<\/td>\n<td class=\"attrLabels\">Dimensiunea cabinei:<\/td>\n<td width=\"50.0%\">Partea de jos 112 x 39 x 18 cm<\/p>\n<p>Superioare 112 x 33 x 18 cm<\/td>\n<\/tr>\n<tr>\n<td class=\"attrLabels\">Instrumente de instalare:<\/td>\n<td width=\"50.0%\">Da<\/td>\n<td class=\"attrLabels\">Garantie:<\/td>\n<td width=\"50.0%\">2 ANI<\/td>\n<\/tr>\n<\/tbody>\n<\/table>\n<p>&nbsp;<\/p>","protected":false},"excerpt":{"rendered":"<h2>Vitrina fierbinte 8 tavi<\/h2>\n<p>Pute\u021bi folosi acest lucru<strong>\u00a0vitrin\u0103\u00a0<span style=\"color: #ff0000;\">LA<\/span><span style=\"color: #0000ff;\">R<\/span>c<\/strong>\u00a0\u00eentr-o mare varietate de medii de luat masa, inclusiv\u00a0<strong>cinematografe<\/strong>,\u00a0<strong>brut\u0103rii<\/strong>,\u00a0<strong>cafenele<\/strong>,\u00a0<strong>restaurante fast-food<\/strong>\u00a0\u0219i multe alte unit\u0103\u021bi dedicate\u00a0<strong>ospitalitate<\/strong>.<\/p>\n<p>El\u00a0<strong>afi\u0219aj fierbinte<\/strong> Are 2 niveluri de suport in care sunt distribuite 8 tavi din otel inoxidabil, oferind mai mult spatiu pentru depozitarea alimentelor de diferite dimensiuni. Luminile calde decorative fac m\u00e2ncarea mai atractiv\u0103 \u0219i mai atr\u0103g\u0103toare. Pornirea\/oprirea<strong>\u00a0vitrina fierbinte<\/strong>\u00a0de\u00a0<strong><span style=\"color: #ff0000;\">LA<\/span><span style=\"color: #0000ff;\">R<\/span>c<\/strong>\u00a0Este fiabil \u0219i \u00eembun\u0103t\u0103\u021be\u0219te factorul de siguran\u021b\u0103, astfel \u00eenc\u00e2t durata de via\u021b\u0103 a contra\u00eenc\u0103lzitorului; \u00een plus fa\u021b\u0103 de <span style=\"color: #008000;\">favoarea a\u00a0<strong>consum eficient de energie<\/strong><\/span>. Are o tav\u0103 \u00een partea de jos pentru colectarea uleiului pentru o cur\u0103\u021bare u\u0219oar\u0103. Are o temperatur\u0103 termostatic\u0103 reglabil\u0103, the<span style=\"color: #ff0000;\">\u00a0<\/span><strong><span style=\"color: #ff0000;\">LA<\/span><span style=\"color: #0000ff;\">R<\/span>CVEC8B<\/strong> V\u0103 ajut\u0103 s\u0103 regla\u021bi temperatura \u00een func\u021bie de diferitele tipuri de alimente.<\/p>\n<h6><strong>garan\u021bie\u00a0<span style=\"color: #ff0000;\">LA<\/span><span style=\"color: #0000ff;\">R<\/span>C 2 ANI<\/strong><\/h6>\n<h6><span style=\"color: #008000;\">Vitrina fierbinte eficienta, consum redus 600w<\/span><\/h6>\n<p><strong>Suport tehnic inclus.<\/strong><\/p>","protected":false},"featured_media":1076,"comment_status":"open","ping_status":"closed","template":"","meta":{"wds_primary_product_brand":0,"wds_primary_product_cat":0},"product_brand":[],"product_cat":[41],"product_tag":[],"class_list":{"0":"post-1072","1":"product","2":"type-product","3":"status-publish","4":"has-post-thumbnail","6":"product_cat-expositor-de-alimentos","7":"product_shipping_class-hosteleria","9":"first","10":"instock","11":"sale","12":"taxable","13":"shipping-taxable","14":"purchasable","15":"product-type-simple"},"yoast_head":"<!-- This site is optimized with the Yoast SEO Premium plugin v24.9 (Yoast SEO v26.1) - https:\/\/yoast.com\/wordpress\/plugins\/seo\/ -->\n<title>Vitrina expositor caliente 8 bandejas - distribuci\u00f3n ARC<\/title>\n<meta name=\"robots\" content=\"index, follow, max-snippet:-1, max-image-preview:large, max-video-preview:-1\" \/>\n<link rel=\"canonical\" href=\"https:\/\/distribucionarc.com\/ro\/produs\/vitrina-expozant-hot-8-tavi\/\" \/>\n<meta property=\"og:locale\" content=\"ro_RO\" \/>\n<meta property=\"og:type\" content=\"article\" \/>\n<meta property=\"og:title\" content=\"Vitrina expositor caliente 8 bandejas\" \/>\n<meta property=\"og:description\" content=\"Vitrina expositor caliente 8 bandejas Puede usar esta\u00a0vitrina expositor de\u00a0ARC\u00a0en una amplia variedad de ambientes gastron\u00f3micos, incluyendo\u00a0cines,\u00a0panader\u00edas,\u00a0cafeter\u00edas,\u00a0restaurantes de comida r\u00e1pida\u00a0y muchos otros establecimientos dedicados a la\u00a0hosteler\u00eda.  El\u00a0expositor caliente cuenta con 2 niveles de soporte en los que se reparten 8 bandejas de acero inoxidable, proporcionando m\u00e1s espacio para almacenar alimentos de diferentes tama\u00f1os. Las luces c\u00e1lidas decorativas permiten que los alimentos sean m\u00e1s atractivos y llamativos. El encendido\/apagado de\u00a0la vitrina caliente\u00a0de\u00a0ARC\u00a0es fiable y mejora el factor de seguridad as\u00ed la vida \u00fatil del calentador de contador; adem\u00e1s de favorecer un\u00a0consumo energ\u00e9tico eficiente. Cuenta con una bandeja en la parte inferior para la recolecci\u00f3n de aceite para facilitar su limpieza. Dispone de una temperatura termost\u00e1tica ajustable, la\u00a0ARCVEC8B le facilita ajustar la temperatura seg\u00fan los distintos tipos de alimentos. Garant\u00eda\u00a0ARC 2 A\u00d1OS Vitrina expositora caliente eficiente, bajo consumo 600w Soporte t\u00e9cnico incluido.\" \/>\n<meta property=\"og:url\" content=\"https:\/\/distribucionarc.com\/ro\/produs\/vitrina-expozant-hot-8-tavi\/\" \/>\n<meta property=\"og:site_name\" content=\"distribuci\u00f3n ARC\" \/>\n<meta property=\"article:modified_time\" content=\"2020-09-27T08:46:30+00:00\" \/>\n<meta property=\"og:image\" content=\"https:\/\/distribucionarc.com\/wp-content\/uploads\/2020\/07\/Vitrina-expositor-caliente-8-bandejas-0.jpg\" \/>\n\t<meta property=\"og:image:width\" content=\"1600\" \/>\n\t<meta property=\"og:image:height\" content=\"1600\" \/>\n\t<meta property=\"og:image:type\" content=\"image\/jpeg\" \/>\n<meta name=\"twitter:card\" content=\"summary_large_image\" \/>\n<meta name=\"twitter:label1\" content=\"Timp estimat pentru citire\" \/>\n\t<meta name=\"twitter:data1\" content=\"2 minute\" \/>\n<script type=\"application\/ld+json\" class=\"yoast-schema-graph\">{\"@context\":\"https:\/\/schema.org\",\"@graph\":[{\"@type\":\"WebPage\",\"@id\":\"https:\/\/distribucionarc.com\/lt\/producto\/vitrina-expositor-caliente-8-bandejas\/\",\"url\":\"https:\/\/distribucionarc.com\/lt\/producto\/vitrina-expositor-caliente-8-bandejas\/\",\"name\":\"Vitrina expositor caliente 8 bandejas - distribuci\u00f3n ARC\",\"isPartOf\":{\"@id\":\"https:\/\/www.distribucionarc.com\/#website\"},\"primaryImageOfPage\":{\"@id\":\"https:\/\/distribucionarc.com\/lt\/producto\/vitrina-expositor-caliente-8-bandejas\/#primaryimage\"},\"image\":{\"@id\":\"https:\/\/distribucionarc.com\/lt\/producto\/vitrina-expositor-caliente-8-bandejas\/#primaryimage\"},\"thumbnailUrl\":\"https:\/\/distribucionarc.com\/wp-content\/uploads\/2020\/07\/Vitrina-expositor-caliente-8-bandejas-0.jpg\",\"datePublished\":\"2020-07-16T10:45:36+00:00\",\"dateModified\":\"2020-09-27T08:46:30+00:00\",\"breadcrumb\":{\"@id\":\"https:\/\/distribucionarc.com\/lt\/producto\/vitrina-expositor-caliente-8-bandejas\/#breadcrumb\"},\"inLanguage\":\"ro-RO\",\"potentialAction\":[{\"@type\":\"ReadAction\",\"target\":[\"https:\/\/distribucionarc.com\/lt\/producto\/vitrina-expositor-caliente-8-bandejas\/\"]}]},{\"@type\":\"ImageObject\",\"inLanguage\":\"ro-RO\",\"@id\":\"https:\/\/distribucionarc.com\/lt\/producto\/vitrina-expositor-caliente-8-bandejas\/#primaryimage\",\"url\":\"https:\/\/distribucionarc.com\/wp-content\/uploads\/2020\/07\/Vitrina-expositor-caliente-8-bandejas-0.jpg\",\"contentUrl\":\"https:\/\/distribucionarc.com\/wp-content\/uploads\/2020\/07\/Vitrina-expositor-caliente-8-bandejas-0.jpg\",\"width\":1600,\"height\":1600,\"caption\":\"Vitrina expositor caliente 8 bandejas\"},{\"@type\":\"BreadcrumbList\",\"@id\":\"https:\/\/distribucionarc.com\/lt\/producto\/vitrina-expositor-caliente-8-bandejas\/#breadcrumb\",\"itemListElement\":[{\"@type\":\"ListItem\",\"position\":1,\"name\":\"Portada\",\"item\":\"https:\/\/distribucionarc.com\/pl\/\"},{\"@type\":\"ListItem\",\"position\":2,\"name\":\"\u0627\u0644\u0645\u0646\u062a\u062c\u0627\u062a\",\"item\":\"https:\/\/www.distribucionarc.com\/ar\/%d9%85%d8%ad%d9%84\/\"},{\"@type\":\"ListItem\",\"position\":3,\"name\":\"Vitrina expositor caliente 8 bandejas\"}]},{\"@type\":\"WebSite\",\"@id\":\"https:\/\/www.distribucionarc.com\/#website\",\"url\":\"https:\/\/www.distribucionarc.com\/\",\"name\":\"distribuci\u00f3n ARC\",\"description\":\"Empresa especializada en la fabricaci\u00f3n y distribuci\u00f3n de maquinaria industrial, selladoras de latas, Maquinas de hacer pastillas, Maquinas de cortar carne...\",\"publisher\":{\"@id\":\"https:\/\/www.distribucionarc.com\/#organization\"},\"potentialAction\":[{\"@type\":\"SearchAction\",\"target\":{\"@type\":\"EntryPoint\",\"urlTemplate\":\"https:\/\/www.distribucionarc.com\/?s={search_term_string}\"},\"query-input\":{\"@type\":\"PropertyValueSpecification\",\"valueRequired\":true,\"valueName\":\"search_term_string\"}}],\"inLanguage\":\"ro-RO\"},{\"@type\":\"Organization\",\"@id\":\"https:\/\/www.distribucionarc.com\/#organization\",\"name\":\"Distribuci\u00f3n ARC\",\"url\":\"https:\/\/www.distribucionarc.com\/\",\"logo\":{\"@type\":\"ImageObject\",\"inLanguage\":\"ro-RO\",\"@id\":\"https:\/\/www.distribucionarc.com\/#\/schema\/logo\/image\/\",\"url\":\"https:\/\/distribucionarc.com\/wp-content\/uploads\/2024\/10\/distribucion-ARC-COLOR-SIN-FONDO-e1732295305345.png\",\"contentUrl\":\"https:\/\/distribucionarc.com\/wp-content\/uploads\/2024\/10\/distribucion-ARC-COLOR-SIN-FONDO-e1732295305345.png\",\"width\":1164,\"height\":558,\"caption\":\"Distribuci\u00f3n ARC\"},\"image\":{\"@id\":\"https:\/\/www.distribucionarc.com\/#\/schema\/logo\/image\/\"},\"description\":\"Empresa especializada en la fabricaci\u00f3n y distribuci\u00f3n de maquinaria industrial para los sectores alimentario y farmac\u00e9utico. Nos especializamos en: M\u00e1quinas de cortar carne Fabricaci\u00f3n de comprimidos Sistemas de transporte industrial L\u00edneas de embotellado Dosificadores Y mucho m\u00e1s... Ofrecemos soluciones innovadoras y personalizadas para optimizar los procesos productivos de tu empresa.\",\"email\":\"Admistracion@distribucionarc.com\",\"telephone\":\"+34 643496664\",\"legalName\":\"ARC TECH SOLUTIONS\",\"foundingDate\":\"2024-04-09\",\"vatID\":\"B55480172\",\"numberOfEmployees\":{\"@type\":\"QuantitativeValue\",\"minValue\":\"1\",\"maxValue\":\"10\"}}]}<\/script>\n<!-- \/ Yoast SEO Premium plugin. -->","yoast_head_json":{"title":"Vitrina fierbinte 8 tavi - distributie ARC","robots":{"index":"index","follow":"follow","max-snippet":"max-snippet:-1","max-image-preview":"max-image-preview:large","max-video-preview":"max-video-preview:-1"},"canonical":"https:\/\/distribucionarc.com\/ro\/produs\/vitrina-expozant-hot-8-tavi\/","og_locale":"ro_RO","og_type":"article","og_title":"Vitrina expositor caliente 8 bandejas","og_description":"Vitrina expositor caliente 8 bandejas Puede usar esta\u00a0vitrina expositor de\u00a0ARC\u00a0en una amplia variedad de ambientes gastron\u00f3micos, incluyendo\u00a0cines,\u00a0panader\u00edas,\u00a0cafeter\u00edas,\u00a0restaurantes de comida r\u00e1pida\u00a0y muchos otros establecimientos dedicados a la\u00a0hosteler\u00eda.  El\u00a0expositor caliente cuenta con 2 niveles de soporte en los que se reparten 8 bandejas de acero inoxidable, proporcionando m\u00e1s espacio para almacenar alimentos de diferentes tama\u00f1os. Las luces c\u00e1lidas decorativas permiten que los alimentos sean m\u00e1s atractivos y llamativos. El encendido\/apagado de\u00a0la vitrina caliente\u00a0de\u00a0ARC\u00a0es fiable y mejora el factor de seguridad as\u00ed la vida \u00fatil del calentador de contador; adem\u00e1s de favorecer un\u00a0consumo energ\u00e9tico eficiente. Cuenta con una bandeja en la parte inferior para la recolecci\u00f3n de aceite para facilitar su limpieza. Dispone de una temperatura termost\u00e1tica ajustable, la\u00a0ARCVEC8B le facilita ajustar la temperatura seg\u00fan los distintos tipos de alimentos. Garant\u00eda\u00a0ARC 2 A\u00d1OS Vitrina expositora caliente eficiente, bajo consumo 600w Soporte t\u00e9cnico incluido.","og_url":"https:\/\/distribucionarc.com\/ro\/produs\/vitrina-expozant-hot-8-tavi\/","og_site_name":"distribuci\u00f3n ARC","article_modified_time":"2020-09-27T08:46:30+00:00","og_image":[{"width":1600,"height":1600,"url":"https:\/\/distribucionarc.com\/wp-content\/uploads\/2020\/07\/Vitrina-expositor-caliente-8-bandejas-0.jpg","type":"image\/jpeg"}],"twitter_card":"summary_large_image","twitter_misc":{"Timp estimat pentru citire":"2 minute"},"schema":{"@context":"https:\/\/schema.org","@graph":[{"@type":"WebPage","@id":"https:\/\/distribucionarc.com\/lt\/producto\/vitrina-expositor-caliente-8-bandejas\/","url":"https:\/\/distribucionarc.com\/lt\/producto\/vitrina-expositor-caliente-8-bandejas\/","name":"Vitrina fierbinte 8 tavi - distributie ARC","isPartOf":{"@id":"https:\/\/www.distribucionarc.com\/#website"},"primaryImageOfPage":{"@id":"https:\/\/distribucionarc.com\/lt\/producto\/vitrina-expositor-caliente-8-bandejas\/#primaryimage"},"image":{"@id":"https:\/\/distribucionarc.com\/lt\/producto\/vitrina-expositor-caliente-8-bandejas\/#primaryimage"},"thumbnailUrl":"https:\/\/distribucionarc.com\/wp-content\/uploads\/2020\/07\/Vitrina-expositor-caliente-8-bandejas-0.jpg","datePublished":"2020-07-16T10:45:36+00:00","dateModified":"2020-09-27T08:46:30+00:00","breadcrumb":{"@id":"https:\/\/distribucionarc.com\/lt\/producto\/vitrina-expositor-caliente-8-bandejas\/#breadcrumb"},"inLanguage":"ro-RO","potentialAction":[{"@type":"ReadAction","target":["https:\/\/distribucionarc.com\/lt\/producto\/vitrina-expositor-caliente-8-bandejas\/"]}]},{"@type":"ImageObject","inLanguage":"ro-RO","@id":"https:\/\/distribucionarc.com\/lt\/producto\/vitrina-expositor-caliente-8-bandejas\/#primaryimage","url":"https:\/\/distribucionarc.com\/wp-content\/uploads\/2020\/07\/Vitrina-expositor-caliente-8-bandejas-0.jpg","contentUrl":"https:\/\/distribucionarc.com\/wp-content\/uploads\/2020\/07\/Vitrina-expositor-caliente-8-bandejas-0.jpg","width":1600,"height":1600,"caption":"Vitrina expositor caliente 8 bandejas"},{"@type":"BreadcrumbList","@id":"https:\/\/distribucionarc.com\/lt\/producto\/vitrina-expositor-caliente-8-bandejas\/#breadcrumb","itemListElement":[{"@type":"ListItem","position":1,"name":"Portada","item":"https:\/\/distribucionarc.com\/pl\/"},{"@type":"ListItem","position":2,"name":"\u0627\u0644\u0645\u0646\u062a\u062c\u0627\u062a","item":"https:\/\/www.distribucionarc.com\/ar\/%d9%85%d8%ad%d9%84\/"},{"@type":"ListItem","position":3,"name":"Vitrina expositor caliente 8 bandejas"}]},{"@type":"WebSite","@id":"https:\/\/www.distribucionarc.com\/#website","url":"https:\/\/www.distribucionarc.com\/","name":"Distribu\u021bie ARC","description":"Companie specializat\u0103 \u00een fabricarea \u0219i distribu\u021bia de utilaje industriale, ma\u0219ini de sigilat cutii, ma\u0219ini de fabricat tablete, ma\u0219ini de t\u0103iat carne...","publisher":{"@id":"https:\/\/www.distribucionarc.com\/#organization"},"potentialAction":[{"@type":"SearchAction","target":{"@type":"EntryPoint","urlTemplate":"https:\/\/www.distribucionarc.com\/?s={search_term_string}"},"query-input":{"@type":"PropertyValueSpecification","valueRequired":true,"valueName":"search_term_string"}}],"inLanguage":"ro-RO"},{"@type":"Organization","@id":"https:\/\/www.distribucionarc.com\/#organization","name":"Distribu\u021bie ARC","url":"https:\/\/www.distribucionarc.com\/","logo":{"@type":"ImageObject","inLanguage":"ro-RO","@id":"https:\/\/www.distribucionarc.com\/#\/schema\/logo\/image\/","url":"https:\/\/distribucionarc.com\/wp-content\/uploads\/2024\/10\/distribucion-ARC-COLOR-SIN-FONDO-e1732295305345.png","contentUrl":"https:\/\/distribucionarc.com\/wp-content\/uploads\/2024\/10\/distribucion-ARC-COLOR-SIN-FONDO-e1732295305345.png","width":1164,"height":558,"caption":"Distribuci\u00f3n ARC"},"image":{"@id":"https:\/\/www.distribucionarc.com\/#\/schema\/logo\/image\/"},"description":"Companie specializat\u0103 \u00een fabricarea \u0219i distribu\u021bia de utilaje industriale pentru sectoarele alimentar \u0219i farmaceutic. Suntem specializa\u021bi \u00een: Ma\u0219ini de t\u0103iat carne Fabricarea tabletelor Sisteme de transport industrial Linii de \u00eembuteliere Distribuitoare \u0218i multe altele... Oferim solu\u021bii inovatoare \u0219i personalizate pentru a optimiza procesele de produc\u021bie ale companiei dumneavoastr\u0103.","email":"Admistracion@distribucionarc.com","telephone":"+34 643496664","legalName":"ARC TECH SOLUTIONS","foundingDate":"2024-04-09","vatID":"B55480172","numberOfEmployees":{"@type":"QuantitativeValue","minValue":"1","maxValue":"10"}}]}},"_links":{"self":[{"href":"https:\/\/distribucionarc.com\/ro\/wp-json\/wp\/v2\/product\/1072","targetHints":{"allow":["GET"]}}],"collection":[{"href":"https:\/\/distribucionarc.com\/ro\/wp-json\/wp\/v2\/product"}],"about":[{"href":"https:\/\/distribucionarc.com\/ro\/wp-json\/wp\/v2\/types\/product"}],"replies":[{"embeddable":true,"href":"https:\/\/distribucionarc.com\/ro\/wp-json\/wp\/v2\/comments?post=1072"}],"version-history":[{"count":0,"href":"https:\/\/distribucionarc.com\/ro\/wp-json\/wp\/v2\/product\/1072\/revisions"}],"wp:featuredmedia":[{"embeddable":true,"href":"https:\/\/distribucionarc.com\/ro\/wp-json\/wp\/v2\/media\/1076"}],"wp:attachment":[{"href":"https:\/\/distribucionarc.com\/ro\/wp-json\/wp\/v2\/media?parent=1072"}],"wp:term":[{"taxonomy":"product_brand","embeddable":true,"href":"https:\/\/distribucionarc.com\/ro\/wp-json\/wp\/v2\/product_brand?post=1072"},{"taxonomy":"product_cat","embeddable":true,"href":"https:\/\/distribucionarc.com\/ro\/wp-json\/wp\/v2\/product_cat?post=1072"},{"taxonomy":"product_tag","embeddable":true,"href":"https:\/\/distribucionarc.com\/ro\/wp-json\/wp\/v2\/product_tag?post=1072"}],"curies":[{"name":"wp","href":"https:\/\/api.w.org\/{rel}","templated":true}]}}