{"id":1102,"date":"2020-07-16T14:41:40","date_gmt":"2020-07-16T14:41:40","guid":{"rendered":"https:\/\/distribucionarc.com\/?post_type=product&#038;p=1102"},"modified":"2024-09-08T06:49:31","modified_gmt":"2024-09-08T06:49:31","slug":"cuptor-convectie-cu-abur-profesional","status":"publish","type":"product","link":"https:\/\/distribucionarc.com\/ro\/producto\/horno-de-conveccion-con-vapor-profesional\/","title":{"rendered":"Cuptor profesional cu convec\u021bie cu abur"},"content":{"rendered":"<h3>Cuptor profesional cu convec\u021bie cu abur<\/h3>\n<p>El <strong>cuptor electric<\/strong> de <strong><span style=\"color: #ff0000;\">LA<\/span><span style=\"color: #0000ff;\">R<\/span>c<\/strong> Are sticla securizata ranforsata. Cu performan\u021b\u0103 ridicat\u0103 de izolare termic\u0103 \u0219i rezisten\u021b\u0103 la temperaturi ridicate. EL <strong>cuptor cu convec\u021bie<\/strong>\u00a0poate fi \u00eenc\u0103lzit la o temperatur\u0103 maxim\u0103 de 350 \u00b0 C. De \u00eendat\u0103 ce temperatura dorit\u0103 este atins\u0103, cuptorul cu func\u021bie de abur men\u021bine\u00a0<strong style=\"font-style: inherit;\"><span style=\"font-style: inherit; font-weight: inherit;\">temperatura constanta cu consum minim de energie<\/span><\/strong>. Acest lucru garanteaz\u0103 m\u00e2nc\u0103ruri mai delicate \u0219i mai gustoase.<\/p>\n<p>El <strong>cuptor cu convec\u021bie<\/strong>\u00a0<strong><span style=\"font-style: inherit; color: #ff0000;\">LA<\/span><span style=\"font-style: inherit; color: #0000ff;\">R<\/span>CHEC1<\/strong> Are crampoane din cauciuc antiderapante, iar construc\u021bia solid\u0103 asigur\u0103 o sus\u021binere sigur\u0103. Pentru g\u0103tit perfect, cuptorul electric are un mod de pr\u0103jire dubl\u0103 \u0219i <strong>functie de abur<\/strong>, el <strong>cuptor cu aer cald<\/strong> Este iluminat pentru o vizualizare u\u0219oar\u0103. Tubul de \u00eenc\u0103lzire din o\u021bel inoxidabil \u0219i designul interior al<strong> cuptor cu convec\u021bie<\/strong> de <strong><span style=\"color: #ff0000;\">LA<\/span><span style=\"color: #0000ff;\">R<\/span>c<\/strong> v\u0103 ofer\u0103 \u00eenc\u0103lzire dubl\u0103 <span style=\"color: #008000;\"><strong>performante ridicate<\/strong><\/span>, sistemul de convec\u021bie faciliteaz\u0103 circula\u021bia aerului cald.<\/p>\n<p>Partea din fa\u021b\u0103 a <strong>cuptor electric <span style=\"color: #ff0000;\">LA<span style=\"color: #0000ff;\">R<\/span><\/span>c<\/strong>\u00a0 Este realizat din o\u021bel inoxidabil \u0219i este <strong style=\"font-style: inherit;\">usor de curatat.<\/strong>\u00a0Datorit\u0103 prelucr\u0103rii materialelor rezistente la c\u0103ldur\u0103 \u0219i f\u0103r\u0103 rugin\u0103, cuptorul nu este doar robust, ci are \u0219i o durat\u0103 de via\u021b\u0103 lung\u0103. proiectat pentru lucru prelungit adecvat pentru uz industrial<\/p>\n<p>&nbsp;<\/p>\n<h6>garan\u021bie<strong><span style=\"color: #ff0000;\"> LA<\/span><span style=\"color: #0000ff;\">R<\/span>C 2 ANI<\/strong><\/h6>\n<h6><span style=\"color: #008000;\">Cuptor cu convec\u021bie cu abur eficient, consum redus 2400w<\/span><\/h6>\n<h6>suport tehnic inclus.<\/h6>\n<p>&nbsp;<\/p>\n<table role=\"presentation\" width=\"100%\" cellspacing=\"0\" cellpadding=\"0\">\n<tbody>\n<tr>\n<td class=\"attrLabels\">Temperatur\u0103:<\/td>\n<td width=\"50.0%\">0-350\u00baC<\/td>\n<\/tr>\n<tr>\n<td class=\"attrLabels\">\u021aara de distribu\u021bie:<\/td>\n<td width=\"50.0%\">Spania, Germania, SUA<\/td>\n<td class=\"attrLabels\">Greutate:<\/td>\n<td width=\"50.0%\">39 kg<\/td>\n<\/tr>\n<tr>\n<td class=\"attrLabels\">Marca:<\/td>\n<td width=\"50.0%\">ARC<\/td>\n<td class=\"attrLabels\">\u00cen\u0103l\u0163ime:<\/td>\n<td width=\"50.0%\">58 cm<\/td>\n<\/tr>\n<tr>\n<td class=\"attrLabels\">Culoare:<\/td>\n<td width=\"50.0%\">Argint<\/td>\n<td class=\"attrLabels\">Lung:<\/td>\n<td width=\"50.0%\">60 cm<\/td>\n<\/tr>\n<tr>\n<td class=\"attrLabels\">Tip produs:<\/td>\n<td width=\"50.0%\">cuptor cu convec\u021bie cu abur profesional<\/td>\n<td class=\"attrLabels\">Larg:<\/td>\n<td width=\"50.0%\">56 cm<\/td>\n<\/tr>\n<tr>\n<td class=\"attrLabels\">Numar producator:<\/td>\n<td width=\"50.0%\">ARCHEC1<\/td>\n<td class=\"attrLabels\">Putere:<\/td>\n<td width=\"50.0%\">2400W<\/td>\n<\/tr>\n<tr>\n<td class=\"attrLabels\">Material:<\/td>\n<td width=\"50.0%\">otel inoxidabil, sticla securizata<\/td>\n<td class=\"attrLabels\">tensiune de intrare<\/td>\n<td width=\"50.0%\">220V \u2013 50Hz<\/td>\n<\/tr>\n<tr>\n<td class=\"attrLabels\">Caracteristici:<\/td>\n<td width=\"50.0%\">Mod abur, sistem de convec\u021bie, pr\u0103jire<\/td>\n<td class=\"attrLabels\">niveluri:<\/td>\n<td width=\"50.0%\">4<\/td>\n<\/tr>\n<tr>\n<td class=\"attrLabels\">Instrumente de instalare:<\/td>\n<td width=\"50.0%\">Da<\/td>\n<td class=\"attrLabels\">Garantie:<\/td>\n<td width=\"50.0%\">ARC 2 ANI<\/td>\n<\/tr>\n<\/tbody>\n<\/table>\n<p>&nbsp;<\/p>","protected":false},"excerpt":{"rendered":"<h2><strong>Cuptor mic profesional cu convec\u021bie \u2013 Utilizare maxim\u0103 a spa\u021biului<\/strong><\/h2>\n<p>Acest <strong>cuptor mic de convec\u021bie profesional<\/strong> Este conceput pentru a profita la maximum de spa\u021biul disponibil, cu dimensiuni compacte de <strong>46 centimetri (cm) x 38 centimetri (cm) x 36 centimetri (cm)<\/strong>. \u00cen ciuda dimensiunilor sale mici \u00een compara\u021bie cu alte cuptoare industriale, performan\u021ba sa este impresionant\u0103, datorit\u0103 acestuia <strong>temperatura reglabila<\/strong> \u00eentre <strong>50 \u0219i 350 de grade Celsius (\u00b0C)<\/strong>.<\/p>\n<h3>Produse pe care le pute\u021bi g\u0103ti \u00een aceasta <strong>cuptor cu convec\u021bie profesional<\/strong>:<\/h3>\n<ul>\n<li><strong>pr\u0103jituri<\/strong>: Ideal pentru coacerea unor loturi mici de pr\u0103jituri, pl\u0103cinte sau brio\u0219e.<\/li>\n<li><strong>P\u00e2ini<\/strong>: Perfect pentru brut\u0103riile care trebuie s\u0103 coac\u0103 p\u00e2ine crocant\u0103, aurie, \u00een cantit\u0103\u021bi mai mici.<\/li>\n<li><strong>Cookie-uri<\/strong>: Asigur\u0103 o g\u0103tire uniform\u0103, ob\u021bin\u00e2nd o textur\u0103 crocant\u0103.<\/li>\n<li><strong>Pizza<\/strong>: Ideal pentru mini pizza sau portii individuale.<\/li>\n<li><strong>gratinat de cartofi<\/strong>: Ob\u021bine o textur\u0103 cremoas\u0103 cu o suprafa\u021b\u0103 aurie \u0219i crocant\u0103.<\/li>\n<li><strong>Pe\u0219te la gr\u0103tar<\/strong>: Perfect pentru prepararea rapida a portiilor de peste copt.<\/li>\n<li><strong>legume prajite<\/strong>: Ob\u021bine\u021bi legume crocante, perfect fierte.<\/li>\n<\/ul>\n<h3>Sectoarele \u00een care acest lucru poate fi implementat <strong>cuptor mic cu convec\u021bie<\/strong>:<\/h3>\n<ul>\n<li><strong>Brut\u0103rii<\/strong>: Pentru a coace loturi mici de produse proaspete \u00een mai pu\u021bin timp.<\/li>\n<li><strong>Cafenele<\/strong>: Ideal pentru prepararea prajiturilor, fursecuri si alte produse de patiserie.<\/li>\n<li><strong>restaurante mici<\/strong>: Acest cuptor compact optimizeaza spatiul in bucatariile mici.<\/li>\n<li><strong>camioane cu alimente<\/strong>: Perfect pentru spa\u021bii limitate unde este nevoie de versatilitate.<\/li>\n<li><strong>Magazine de proximitate<\/strong>: Ofer\u0103 produse proasp\u0103t coapte, cum ar fi pizza \u0219i p\u00e2ine.<\/li>\n<li><strong>Hoteluri<\/strong>: Ideal pentru bufetele de mic dejun, coacerea por\u021biilor mici de p\u00e2ine sau produse dulci.<\/li>\n<li><strong>Catering<\/strong>: Usor de transportat pentru evenimente in care este nevoie de un cuptor mic, dar eficient.<\/li>\n<\/ul>\n<p>\u00cen ciuda dimensiunilor sale compacte, aceasta <strong>cuptor cu convec\u021bie profesional<\/strong> asigur\u0103 o distribu\u021bie uniform\u0103 a c\u0103ldurii, f\u0103c\u00e2ndu-l alegerea ideal\u0103 pentru afacerile cu spa\u021biu limitat, dar care necesit\u0103 puterea unui cuptor de calitate. Acest <strong>cuptor mic cu convec\u021bie<\/strong> Este o solu\u021bie versatil\u0103 pentru orice buc\u0103t\u0103rie comercial\u0103 care caut\u0103 calitate \u0219i eficien\u021b\u0103 \u00eentr-un spa\u021biu mic.<\/p>","protected":false},"featured_media":1108,"comment_status":"open","ping_status":"closed","template":"","meta":{"wds_primary_product_brand":0,"wds_primary_product_cat":0},"product_brand":[],"product_cat":[42,40],"product_tag":[],"class_list":{"0":"post-1102","1":"product","2":"type-product","3":"status-publish","4":"has-post-thumbnail","6":"product_cat-asador-de-pollos","7":"product_cat-hornos","8":"product_shipping_class-hosteleria","10":"first","11":"instock","12":"sale","13":"taxable","14":"shipping-taxable","15":"purchasable","16":"product-type-simple"},"yoast_head":"<!-- This site is optimized with the Yoast SEO Premium plugin v24.9 (Yoast SEO v26.1) - https:\/\/yoast.com\/wordpress\/plugins\/seo\/ -->\n<title>Horno de convecci\u00f3n con vapor profesional - distribuci\u00f3n ARC<\/title>\n<meta name=\"robots\" content=\"index, follow, max-snippet:-1, max-image-preview:large, max-video-preview:-1\" \/>\n<link rel=\"canonical\" href=\"https:\/\/distribucionarc.com\/ro\/produs\/cuptor-convectie-cu-abur-profesional\/\" \/>\n<meta property=\"og:locale\" content=\"ro_RO\" \/>\n<meta property=\"og:type\" content=\"article\" \/>\n<meta property=\"og:title\" content=\"Horno de convecci\u00f3n con vapor profesional\" \/>\n<meta property=\"og:description\" content=\"Horno de convecci\u00f3n profesional peque\u00f1o \u2013 M\u00e1ximo aprovechamiento del espacio Este horno de convecci\u00f3n profesional peque\u00f1o est\u00e1 dise\u00f1ado para aprovechar al m\u00e1ximo el espacio disponible, con unas dimensiones compactas de 46 cent\u00edmetros (cm) x 38 cent\u00edmetros (cm) x 36 cent\u00edmetros (cm). A pesar de su tama\u00f1o reducido en comparaci\u00f3n con otros hornos industriales, su rendimiento es impresionante, gracias a su temperatura regulable entre 50 y 350 grados cent\u00edgrados (\u00b0C). Productos que puedes cocinar en este horno de convecci\u00f3n profesional:   Pasteles: Ideal para hornear peque\u00f1os lotes de pasteles, tartas o muffins.  Panes: Perfecto para panader\u00edas que necesitan hornear pan crujiente y dorado en menor cantidad.  Galletas: Garantiza una cocci\u00f3n uniforme, logrando una textura crujiente.  Pizzas: Ideal para mini pizzas o porciones individuales.  Grat\u00e9n de patatas: Logra una textura cremosa con una superficie dorada y crujiente.  Pescado asado: Perfecto para preparar porciones de pescado al horno de manera r\u00e1pida.  Verduras asadas: Obt\u00e9n verduras crujientes y perfectamente cocidas.  Sectores donde se puede implementar este horno de convecci\u00f3n peque\u00f1o:   Panader\u00edas: Para hornear peque\u00f1os lotes de productos frescos en menos tiempo.  Cafeter\u00edas: Ideal para preparar pasteles, galletas y otros productos horneados.  Restaurantes peque\u00f1os: Este horno compacto optimiza el espacio en cocinas peque\u00f1as.  Food trucks: Perfecto para espacios limitados donde se necesita versatilidad.  Tiendas de conveniencia: Ofrece productos reci\u00e9n horneados como pizzas y panes.  Hoteles: Ideal para buffets de desayuno, horneando porciones peque\u00f1as de panes o productos dulces.  Catering: F\u00e1cil de transportar para eventos donde se necesita un horno peque\u00f1o pero eficiente.  A pesar de su tama\u00f1o compacto, este horno de convecci\u00f3n profesional garantiza una distribuci\u00f3n uniforme del calor, lo que lo convierte en la opci\u00f3n ideal para negocios con espacio limitado pero que requieren la potencia de un horno de calidad. Este horno de convecci\u00f3n peque\u00f1o es una soluci\u00f3n vers\u00e1til para cualquier cocina comercial que busque calidad y eficiencia en un espacio reducido.\" \/>\n<meta property=\"og:url\" content=\"https:\/\/distribucionarc.com\/ro\/produs\/cuptor-convectie-cu-abur-profesional\/\" \/>\n<meta property=\"og:site_name\" content=\"distribuci\u00f3n ARC\" \/>\n<meta property=\"article:modified_time\" content=\"2024-09-08T06:49:31+00:00\" \/>\n<meta property=\"og:image\" content=\"https:\/\/distribucionarc.com\/wp-content\/uploads\/2020\/07\/Horno-convecci\u00f3n-vapor-profesional-0.jpg\" \/>\n\t<meta property=\"og:image:width\" content=\"1600\" \/>\n\t<meta property=\"og:image:height\" content=\"1600\" \/>\n\t<meta property=\"og:image:type\" content=\"image\/jpeg\" \/>\n<meta name=\"twitter:card\" content=\"summary_large_image\" \/>\n<meta name=\"twitter:label1\" content=\"Timp estimat pentru citire\" \/>\n\t<meta name=\"twitter:data1\" content=\"2 minute\" \/>\n<script type=\"application\/ld+json\" class=\"yoast-schema-graph\">{\"@context\":\"https:\/\/schema.org\",\"@graph\":[{\"@type\":\"WebPage\",\"@id\":\"https:\/\/distribucionarc.com\/sl\/producto\/horno-de-conveccion-con-vapor-profesional\/\",\"url\":\"https:\/\/distribucionarc.com\/sl\/producto\/horno-de-conveccion-con-vapor-profesional\/\",\"name\":\"Horno de convecci\u00f3n con vapor profesional - distribuci\u00f3n ARC\",\"isPartOf\":{\"@id\":\"https:\/\/www.distribucionarc.com\/#website\"},\"primaryImageOfPage\":{\"@id\":\"https:\/\/distribucionarc.com\/sl\/producto\/horno-de-conveccion-con-vapor-profesional\/#primaryimage\"},\"image\":{\"@id\":\"https:\/\/distribucionarc.com\/sl\/producto\/horno-de-conveccion-con-vapor-profesional\/#primaryimage\"},\"thumbnailUrl\":\"https:\/\/distribucionarc.com\/wp-content\/uploads\/2020\/07\/Horno-convecci\u00f3n-vapor-profesional-0.jpg\",\"datePublished\":\"2020-07-16T14:41:40+00:00\",\"dateModified\":\"2024-09-08T06:49:31+00:00\",\"breadcrumb\":{\"@id\":\"https:\/\/distribucionarc.com\/sl\/producto\/horno-de-conveccion-con-vapor-profesional\/#breadcrumb\"},\"inLanguage\":\"ro-RO\",\"potentialAction\":[{\"@type\":\"ReadAction\",\"target\":[\"https:\/\/distribucionarc.com\/sl\/producto\/horno-de-conveccion-con-vapor-profesional\/\"]}]},{\"@type\":\"ImageObject\",\"inLanguage\":\"ro-RO\",\"@id\":\"https:\/\/distribucionarc.com\/sl\/producto\/horno-de-conveccion-con-vapor-profesional\/#primaryimage\",\"url\":\"https:\/\/distribucionarc.com\/wp-content\/uploads\/2020\/07\/Horno-convecci\u00f3n-vapor-profesional-0.jpg\",\"contentUrl\":\"https:\/\/distribucionarc.com\/wp-content\/uploads\/2020\/07\/Horno-convecci\u00f3n-vapor-profesional-0.jpg\",\"width\":1600,\"height\":1600,\"caption\":\"Horno de convecci\u00f3n de vapor profesional\"},{\"@type\":\"BreadcrumbList\",\"@id\":\"https:\/\/distribucionarc.com\/sl\/producto\/horno-de-conveccion-con-vapor-profesional\/#breadcrumb\",\"itemListElement\":[{\"@type\":\"ListItem\",\"position\":1,\"name\":\"Portada\",\"item\":\"https:\/\/distribucionarc.com\/pl\/\"},{\"@type\":\"ListItem\",\"position\":2,\"name\":\"\u0627\u0644\u0645\u0646\u062a\u062c\u0627\u062a\",\"item\":\"https:\/\/www.distribucionarc.com\/ar\/%d9%85%d8%ad%d9%84\/\"},{\"@type\":\"ListItem\",\"position\":3,\"name\":\"Horno de convecci\u00f3n con vapor profesional\"}]},{\"@type\":\"WebSite\",\"@id\":\"https:\/\/www.distribucionarc.com\/#website\",\"url\":\"https:\/\/www.distribucionarc.com\/\",\"name\":\"distribuci\u00f3n ARC\",\"description\":\"Empresa especializada en la fabricaci\u00f3n y distribuci\u00f3n de maquinaria industrial, selladoras de latas, Maquinas de hacer pastillas, Maquinas de cortar carne...\",\"publisher\":{\"@id\":\"https:\/\/www.distribucionarc.com\/#organization\"},\"potentialAction\":[{\"@type\":\"SearchAction\",\"target\":{\"@type\":\"EntryPoint\",\"urlTemplate\":\"https:\/\/www.distribucionarc.com\/?s={search_term_string}\"},\"query-input\":{\"@type\":\"PropertyValueSpecification\",\"valueRequired\":true,\"valueName\":\"search_term_string\"}}],\"inLanguage\":\"ro-RO\"},{\"@type\":\"Organization\",\"@id\":\"https:\/\/www.distribucionarc.com\/#organization\",\"name\":\"Distribuci\u00f3n ARC\",\"url\":\"https:\/\/www.distribucionarc.com\/\",\"logo\":{\"@type\":\"ImageObject\",\"inLanguage\":\"ro-RO\",\"@id\":\"https:\/\/www.distribucionarc.com\/#\/schema\/logo\/image\/\",\"url\":\"https:\/\/distribucionarc.com\/wp-content\/uploads\/2024\/10\/distribucion-ARC-COLOR-SIN-FONDO-e1732295305345.png\",\"contentUrl\":\"https:\/\/distribucionarc.com\/wp-content\/uploads\/2024\/10\/distribucion-ARC-COLOR-SIN-FONDO-e1732295305345.png\",\"width\":1164,\"height\":558,\"caption\":\"Distribuci\u00f3n ARC\"},\"image\":{\"@id\":\"https:\/\/www.distribucionarc.com\/#\/schema\/logo\/image\/\"},\"description\":\"Empresa especializada en la fabricaci\u00f3n y distribuci\u00f3n de maquinaria industrial para los sectores alimentario y farmac\u00e9utico. Nos especializamos en: M\u00e1quinas de cortar carne Fabricaci\u00f3n de comprimidos Sistemas de transporte industrial L\u00edneas de embotellado Dosificadores Y mucho m\u00e1s... Ofrecemos soluciones innovadoras y personalizadas para optimizar los procesos productivos de tu empresa.\",\"email\":\"Admistracion@distribucionarc.com\",\"telephone\":\"+34 643496664\",\"legalName\":\"ARC TECH SOLUTIONS\",\"foundingDate\":\"2024-04-09\",\"vatID\":\"B55480172\",\"numberOfEmployees\":{\"@type\":\"QuantitativeValue\",\"minValue\":\"1\",\"maxValue\":\"10\"}}]}<\/script>\n<!-- \/ Yoast SEO Premium plugin. -->","yoast_head_json":{"title":"Cuptor cu convec\u021bie cu abur profesional - distribu\u021bie ARC","robots":{"index":"index","follow":"follow","max-snippet":"max-snippet:-1","max-image-preview":"max-image-preview:large","max-video-preview":"max-video-preview:-1"},"canonical":"https:\/\/distribucionarc.com\/ro\/produs\/cuptor-convectie-cu-abur-profesional\/","og_locale":"ro_RO","og_type":"article","og_title":"Horno de convecci\u00f3n con vapor profesional","og_description":"Horno de convecci\u00f3n profesional peque\u00f1o \u2013 M\u00e1ximo aprovechamiento del espacio Este horno de convecci\u00f3n profesional peque\u00f1o est\u00e1 dise\u00f1ado para aprovechar al m\u00e1ximo el espacio disponible, con unas dimensiones compactas de 46 cent\u00edmetros (cm) x 38 cent\u00edmetros (cm) x 36 cent\u00edmetros (cm). A pesar de su tama\u00f1o reducido en comparaci\u00f3n con otros hornos industriales, su rendimiento es impresionante, gracias a su temperatura regulable entre 50 y 350 grados cent\u00edgrados (\u00b0C). Productos que puedes cocinar en este horno de convecci\u00f3n profesional:   Pasteles: Ideal para hornear peque\u00f1os lotes de pasteles, tartas o muffins.  Panes: Perfecto para panader\u00edas que necesitan hornear pan crujiente y dorado en menor cantidad.  Galletas: Garantiza una cocci\u00f3n uniforme, logrando una textura crujiente.  Pizzas: Ideal para mini pizzas o porciones individuales.  Grat\u00e9n de patatas: Logra una textura cremosa con una superficie dorada y crujiente.  Pescado asado: Perfecto para preparar porciones de pescado al horno de manera r\u00e1pida.  Verduras asadas: Obt\u00e9n verduras crujientes y perfectamente cocidas.  Sectores donde se puede implementar este horno de convecci\u00f3n peque\u00f1o:   Panader\u00edas: Para hornear peque\u00f1os lotes de productos frescos en menos tiempo.  Cafeter\u00edas: Ideal para preparar pasteles, galletas y otros productos horneados.  Restaurantes peque\u00f1os: Este horno compacto optimiza el espacio en cocinas peque\u00f1as.  Food trucks: Perfecto para espacios limitados donde se necesita versatilidad.  Tiendas de conveniencia: Ofrece productos reci\u00e9n horneados como pizzas y panes.  Hoteles: Ideal para buffets de desayuno, horneando porciones peque\u00f1as de panes o productos dulces.  Catering: F\u00e1cil de transportar para eventos donde se necesita un horno peque\u00f1o pero eficiente.  A pesar de su tama\u00f1o compacto, este horno de convecci\u00f3n profesional garantiza una distribuci\u00f3n uniforme del calor, lo que lo convierte en la opci\u00f3n ideal para negocios con espacio limitado pero que requieren la potencia de un horno de calidad. Este horno de convecci\u00f3n peque\u00f1o es una soluci\u00f3n vers\u00e1til para cualquier cocina comercial que busque calidad y eficiencia en un espacio reducido.","og_url":"https:\/\/distribucionarc.com\/ro\/produs\/cuptor-convectie-cu-abur-profesional\/","og_site_name":"distribuci\u00f3n ARC","article_modified_time":"2024-09-08T06:49:31+00:00","og_image":[{"width":1600,"height":1600,"url":"https:\/\/distribucionarc.com\/wp-content\/uploads\/2020\/07\/Horno-convecci\u00f3n-vapor-profesional-0.jpg","type":"image\/jpeg"}],"twitter_card":"summary_large_image","twitter_misc":{"Timp estimat pentru citire":"2 minute"},"schema":{"@context":"https:\/\/schema.org","@graph":[{"@type":"WebPage","@id":"https:\/\/distribucionarc.com\/sl\/producto\/horno-de-conveccion-con-vapor-profesional\/","url":"https:\/\/distribucionarc.com\/sl\/producto\/horno-de-conveccion-con-vapor-profesional\/","name":"Cuptor cu convec\u021bie cu abur profesional - distribu\u021bie ARC","isPartOf":{"@id":"https:\/\/www.distribucionarc.com\/#website"},"primaryImageOfPage":{"@id":"https:\/\/distribucionarc.com\/sl\/producto\/horno-de-conveccion-con-vapor-profesional\/#primaryimage"},"image":{"@id":"https:\/\/distribucionarc.com\/sl\/producto\/horno-de-conveccion-con-vapor-profesional\/#primaryimage"},"thumbnailUrl":"https:\/\/distribucionarc.com\/wp-content\/uploads\/2020\/07\/Horno-convecci\u00f3n-vapor-profesional-0.jpg","datePublished":"2020-07-16T14:41:40+00:00","dateModified":"2024-09-08T06:49:31+00:00","breadcrumb":{"@id":"https:\/\/distribucionarc.com\/sl\/producto\/horno-de-conveccion-con-vapor-profesional\/#breadcrumb"},"inLanguage":"ro-RO","potentialAction":[{"@type":"ReadAction","target":["https:\/\/distribucionarc.com\/sl\/producto\/horno-de-conveccion-con-vapor-profesional\/"]}]},{"@type":"ImageObject","inLanguage":"ro-RO","@id":"https:\/\/distribucionarc.com\/sl\/producto\/horno-de-conveccion-con-vapor-profesional\/#primaryimage","url":"https:\/\/distribucionarc.com\/wp-content\/uploads\/2020\/07\/Horno-convecci\u00f3n-vapor-profesional-0.jpg","contentUrl":"https:\/\/distribucionarc.com\/wp-content\/uploads\/2020\/07\/Horno-convecci\u00f3n-vapor-profesional-0.jpg","width":1600,"height":1600,"caption":"Horno de convecci\u00f3n de vapor profesional"},{"@type":"BreadcrumbList","@id":"https:\/\/distribucionarc.com\/sl\/producto\/horno-de-conveccion-con-vapor-profesional\/#breadcrumb","itemListElement":[{"@type":"ListItem","position":1,"name":"Portada","item":"https:\/\/distribucionarc.com\/pl\/"},{"@type":"ListItem","position":2,"name":"\u0627\u0644\u0645\u0646\u062a\u062c\u0627\u062a","item":"https:\/\/www.distribucionarc.com\/ar\/%d9%85%d8%ad%d9%84\/"},{"@type":"ListItem","position":3,"name":"Horno de convecci\u00f3n con vapor profesional"}]},{"@type":"WebSite","@id":"https:\/\/www.distribucionarc.com\/#website","url":"https:\/\/www.distribucionarc.com\/","name":"Distribu\u021bie ARC","description":"Companie specializat\u0103 \u00een fabricarea \u0219i distribu\u021bia de utilaje industriale, ma\u0219ini de sigilat cutii, ma\u0219ini de fabricat tablete, ma\u0219ini de t\u0103iat carne...","publisher":{"@id":"https:\/\/www.distribucionarc.com\/#organization"},"potentialAction":[{"@type":"SearchAction","target":{"@type":"EntryPoint","urlTemplate":"https:\/\/www.distribucionarc.com\/?s={search_term_string}"},"query-input":{"@type":"PropertyValueSpecification","valueRequired":true,"valueName":"search_term_string"}}],"inLanguage":"ro-RO"},{"@type":"Organization","@id":"https:\/\/www.distribucionarc.com\/#organization","name":"Distribu\u021bie ARC","url":"https:\/\/www.distribucionarc.com\/","logo":{"@type":"ImageObject","inLanguage":"ro-RO","@id":"https:\/\/www.distribucionarc.com\/#\/schema\/logo\/image\/","url":"https:\/\/distribucionarc.com\/wp-content\/uploads\/2024\/10\/distribucion-ARC-COLOR-SIN-FONDO-e1732295305345.png","contentUrl":"https:\/\/distribucionarc.com\/wp-content\/uploads\/2024\/10\/distribucion-ARC-COLOR-SIN-FONDO-e1732295305345.png","width":1164,"height":558,"caption":"Distribuci\u00f3n ARC"},"image":{"@id":"https:\/\/www.distribucionarc.com\/#\/schema\/logo\/image\/"},"description":"Companie specializat\u0103 \u00een fabricarea \u0219i distribu\u021bia de utilaje industriale pentru sectoarele alimentar \u0219i farmaceutic. Suntem specializa\u021bi \u00een: Ma\u0219ini de t\u0103iat carne Fabricarea tabletelor Sisteme de transport industrial Linii de \u00eembuteliere Distribuitoare \u0218i multe altele... Oferim solu\u021bii inovatoare \u0219i personalizate pentru a optimiza procesele de produc\u021bie ale companiei dumneavoastr\u0103.","email":"Admistracion@distribucionarc.com","telephone":"+34 643496664","legalName":"ARC TECH SOLUTIONS","foundingDate":"2024-04-09","vatID":"B55480172","numberOfEmployees":{"@type":"QuantitativeValue","minValue":"1","maxValue":"10"}}]}},"_links":{"self":[{"href":"https:\/\/distribucionarc.com\/ro\/wp-json\/wp\/v2\/product\/1102","targetHints":{"allow":["GET"]}}],"collection":[{"href":"https:\/\/distribucionarc.com\/ro\/wp-json\/wp\/v2\/product"}],"about":[{"href":"https:\/\/distribucionarc.com\/ro\/wp-json\/wp\/v2\/types\/product"}],"replies":[{"embeddable":true,"href":"https:\/\/distribucionarc.com\/ro\/wp-json\/wp\/v2\/comments?post=1102"}],"version-history":[{"count":0,"href":"https:\/\/distribucionarc.com\/ro\/wp-json\/wp\/v2\/product\/1102\/revisions"}],"wp:featuredmedia":[{"embeddable":true,"href":"https:\/\/distribucionarc.com\/ro\/wp-json\/wp\/v2\/media\/1108"}],"wp:attachment":[{"href":"https:\/\/distribucionarc.com\/ro\/wp-json\/wp\/v2\/media?parent=1102"}],"wp:term":[{"taxonomy":"product_brand","embeddable":true,"href":"https:\/\/distribucionarc.com\/ro\/wp-json\/wp\/v2\/product_brand?post=1102"},{"taxonomy":"product_cat","embeddable":true,"href":"https:\/\/distribucionarc.com\/ro\/wp-json\/wp\/v2\/product_cat?post=1102"},{"taxonomy":"product_tag","embeddable":true,"href":"https:\/\/distribucionarc.com\/ro\/wp-json\/wp\/v2\/product_tag?post=1102"}],"curies":[{"name":"wp","href":"https:\/\/api.w.org\/{rel}","templated":true}]}}