{"id":1115,"date":"2020-07-16T15:52:59","date_gmt":"2020-07-16T15:52:59","guid":{"rendered":"https:\/\/distribucionarc.com\/?post_type=product&#038;p=1115"},"modified":"2024-09-08T07:07:35","modified_gmt":"2024-09-08T07:07:35","slug":"hot-dog-frigarui-fabricat-de-vafe","status":"publish","type":"product","link":"https:\/\/distribucionarc.com\/ro\/producto\/gofrera-de-brocheta-perrito-caliente\/","title":{"rendered":"Aparat de vafe pentru frigarui Hot Dog"},"content":{"rendered":"<h3>Aparat de vafe pentru frigarui Hot Dog<\/h3>\n<p><strong>Ma\u0219ina de vafe <span style=\"color: #ff0000;\">LA<\/span><span style=\"color: #0000ff;\">R<\/span>c <\/strong>Este fabricat din o\u021bel inoxidabil, este durabil, puternic \u0219i u\u0219or de cur\u0103\u021bat. Are o plac\u0103 de \u00eenc\u0103lzire din font\u0103 cu strat de teflon pentru a preveni <strong>C\u00e2inele de porumb<\/strong> se lipe\u0219te de suprafa\u021b\u0103 \u0219i este conceput pentru utilizare pe termen lung. Forma de copt pe care o are este rezistent\u0103 la coroziune \u0219i ofer\u0103 o conductivitate termic\u0103 ridicat\u0103. Este foarte usor de curatat. Utilizatorii trebuie s\u0103 foloseasc\u0103 doar o c\u00e2rp\u0103 uscat\u0103 sau umed\u0103 pentru a cur\u0103\u021ba suprafa\u021ba, nu este nevoie s\u0103 le spele cu ap\u0103.<\/p>\n<p>\u00cen\u00a0<strong><span style=\"color: #ff0000;\">LA<\/span><span style=\"color: #0000ff;\">R<\/span>c<\/strong> Suntem interesa\u021bi de confortul clien\u021bilor no\u0219tri, de aceea ma\u0219ina noastr\u0103 comercial\u0103 are un buton de control al temperaturii pe partea din fa\u021b\u0103 a ma\u0219inii. <strong>Aparat de vafe<\/strong>. Temperatura poate fi reglat\u0103 \u00eentre 0 \u0219i 300\u2103. Butonul temporizatorului de 0-5 minute v\u0103 permite s\u0103 lucra\u021bi mai liber, f\u0103r\u0103 a fi nevoie s\u0103 v\u0103 face\u021bi griji cu privire la timpul de coacere. <strong>Aparatul de frigarui pentru vafe <span style=\"color: #ff0000;\">LA<\/span><span style=\"color: #0000ff;\">R<\/span>CGSP1<\/strong> V\u0103 va permite s\u0103 face\u021bi loturi de 6 vafe \u00een 2-4 minute.<\/p>\n<p>Acest\u00a0<strong>aparat de vafe de porumb c\u00e2ine<\/strong>\u00a0Are o plac\u0103 de gunoi cu m\u00e2ner care v\u0103 permite s\u0103 depozita\u021bi de\u0219eurile din<strong> vafe<\/strong> pentru curatare usoara. M\u00e2nerul din o\u021bel inoxidabil. Plitele rezistente la c\u0103ldur\u0103 de la dreapta la st\u00e2nga v\u0103 \u00eempiedic\u0103 s\u0103 v\u0103 ard\u0103 m\u00e2inile \u00een timpul g\u0103titului. \u00cen plus, cel <strong>aparat de vafe<\/strong>\u00a0de\u00a0<strong><span style=\"color: #ff0000;\">LA<\/span><span style=\"color: #0000ff;\">R<\/span>c<\/strong>\u00a0<span style=\"color: #008000;\"><strong>nu numai<\/strong><\/span> <span style=\"color: #008000;\"><strong>stabilizeaza temperatura dar si consumul acesteia odata ce atinge temperatura maxima<\/strong><\/span><\/p>\n<p>Designul s\u0103u original este ideal pentru uz casnic sau comercial. Cantitatea mare de detalii \u0219i mirosul atractiv vor atrage mul\u021bi clien\u021bi.<\/p>\n<h6><\/h6>\n<h6><strong>garan\u021bie\u00a0<span style=\"color: #ff0000;\">LA<\/span><span style=\"color: #0000ff;\">R<\/span>C 2 ANI<\/strong><\/h6>\n<h6><span style=\"color: #008000;\"><strong>Aparat de frigarui eficient pentru vafe, consum redus 1300w<\/strong><\/span><\/h6>\n<h6><strong>suport tehnic inclus.<\/strong><\/h6>\n<p>&nbsp;<\/p>\n<p>&nbsp;<\/p>\n<table role=\"presentation\" width=\"100%\" cellspacing=\"0\" cellpadding=\"0\">\n<tbody>\n<tr>\n<td class=\"attrLabels\">Temperatur\u0103:<\/td>\n<td width=\"50.0%\">50-300\u00baC<\/td>\n<\/tr>\n<tr>\n<td class=\"attrLabels\">\u021aara de distribu\u021bie:<\/td>\n<td width=\"50.0%\">Spania, Germania, SUA<\/td>\n<td class=\"attrLabels\">Greutate:<\/td>\n<td width=\"50.0%\">9 kg<\/td>\n<\/tr>\n<tr>\n<td class=\"attrLabels\">Marca:<\/td>\n<td width=\"50.0%\">ARC<\/td>\n<td class=\"attrLabels\">\u00cen\u0103l\u0163ime:<\/td>\n<td width=\"50.0%\">30 cm<\/td>\n<\/tr>\n<tr>\n<td class=\"attrLabels\">Culoare:<\/td>\n<td width=\"50.0%\">Argint<\/td>\n<td class=\"attrLabels\">Lung:<\/td>\n<td width=\"50.0%\">38 cm<\/td>\n<\/tr>\n<tr>\n<td class=\"attrLabels\">Tip produs:<\/td>\n<td width=\"50.0%\">Aparat de frigarui pentru vafe<\/td>\n<td class=\"attrLabels\">Larg:<\/td>\n<td width=\"50.0%\">31 cm<\/td>\n<\/tr>\n<tr>\n<td class=\"attrLabels\">Numar producator:<\/td>\n<td width=\"50.0%\">ARCGSP1<\/td>\n<td class=\"attrLabels\">Putere:<\/td>\n<td width=\"50.0%\">1300W<\/td>\n<\/tr>\n<tr>\n<td class=\"attrLabels\">Material:<\/td>\n<td width=\"50.0%\">otel inoxidabil, placa de teflon, control al temperaturii<\/td>\n<td class=\"attrLabels\">tensiune de intrare<\/td>\n<td width=\"50.0%\">220V \u2013 60Hz<\/td>\n<\/tr>\n<tr>\n<td class=\"attrLabels\">Dimensiunea frigarui:<\/td>\n<td width=\"50.0%\">14 \u00d7 0,5 cm<\/td>\n<td class=\"attrLabels\">Timp pe rund\u0103:<\/td>\n<td width=\"50.0%\">2-4 min<\/td>\n<\/tr>\n<tr>\n<td class=\"attrLabels\">Instrumente de instalare:<\/td>\n<td width=\"50.0%\">Da<\/td>\n<td class=\"attrLabels\">Productie:<\/td>\n<td width=\"50.0%\">6 buc\u0103\u021bi<\/td>\n<\/tr>\n<\/tbody>\n<\/table>","protected":false},"excerpt":{"rendered":"<h2>Ma\u0219in\u0103 profesional\u0103 pentru vafele Stick<\/h2>\n<p>The <strong>ma\u0219in\u0103 profesional\u0103 de f\u0103cut batoane de vafe<\/strong> v\u0103 permite s\u0103 oferi\u021bi vafe lungi \u0219i delicioase, cunoscute popular ca <strong>yoghini<\/strong> sau vafe pe un bat. Inspirat de prezentarea acestor deserturi distractive, acest aparat v\u0103 permite s\u0103 g\u0103ti\u021bi <strong>6 vafe pe lot \u00een doar 2 p\u00e2n\u0103 la 4 minute<\/strong>, oferind o op\u021biune rapid\u0103, atractiv\u0103 \u0219i u\u0219or de servit.<\/p>\n<p>Datorit\u0103 designului s\u0103u eficient \u0219i timpului rapid de g\u0103tire, aceasta <strong>aparat profesionist de vafe<\/strong> Este ideal pentru afacerile cu un aflux mare de clien\u021bi. Vafele, fiind pe baton, sunt perfecte pentru a fi consumate din mers, f\u0103c\u00e2ndu-le o op\u021biune irezistibil\u0103 pentru orice local.<\/p>\n<h3>Produse pe care le pute\u021bi crea cu aceasta <strong>aparat de vafe pe baton<\/strong>:<\/h3>\n<ul>\n<li><strong>Yoghini umplu\u021bi cu ciocolat\u0103<\/strong>: Vafe alungite umplute cu ciocolata, crema de patiserie sau fructe.<\/li>\n<li><strong>Vafe savuroase<\/strong>: Umplut cu br\u00e2nz\u0103 sau c\u00e2rna\u021bi pentru o op\u021biune inovatoare.<\/li>\n<li><strong>Fulgi de ovaz si vafe cu fructe<\/strong>: s\u0103n\u0103tos \u0219i delicios pentru op\u021biunile de meniu de fitness.<\/li>\n<li><strong>Mini pizza cu vafe<\/strong>: O op\u021biune creativ\u0103 pentru meniuri s\u0103rate.<\/li>\n<li><strong>Vafe cu toppinguri<\/strong>: Personalizat cu ciocolata, caramel sau fructe proaspete.<\/li>\n<li><strong>Dulce de leche waffles<\/strong>: O alt\u0103 op\u021biune dulce care atrage iubitorii de arome tradi\u021bionale.<\/li>\n<li><strong>Vafe cu Nutella<\/strong>: Pentru fanii ciocolatei.<\/li>\n<\/ul>\n<h3>Sectoarele \u00een care pute\u021bi implementa acest lucru <strong>aparat profesionist de vafe<\/strong>:<\/h3>\n<ul>\n<li><strong>Targuri si evenimente<\/strong>: The <strong>vafe pe un bat<\/strong> Sunt ideale pentru a fi savurate \u00een mi\u0219care, f\u0103c\u00e2nd din aceast\u0103 ma\u0219in\u0103 unealta perfect\u0103 pentru standurile de la t\u00e2rguri \u0219i pie\u021be.<\/li>\n<li><strong>camioane cu alimente<\/strong>: Ofera o optiune rapida si atractiva care se adapteaza perfect conceptului de street food.<\/li>\n<li><strong>Cafenele \u0219i patiserii<\/strong>: The <strong>vafe pe un bat<\/strong> Pot fi complementul perfect pentru micul dejun sau gust\u0103ri, atr\u0103g\u00e2nd at\u00e2t adul\u021bii, c\u00e2t \u0219i copiii.<\/li>\n<li><strong>Chio\u0219curi \u00een centrele comerciale<\/strong>: Aceste vafe sunt irezistibile \u0219i u\u0219or de transportat, ideale pentru o gustare rapid\u0103 \u00een timpul c\u0103l\u0103toriei.<\/li>\n<li><strong>Cinematografe \u0219i teatre<\/strong>: O varianta diferita si practica pentru cei care cauta o gustare dulce in timpul spectacolului.<\/li>\n<li><strong>parcuri de distractii<\/strong>: Perfect pentru a vinde la chio\u0219curi \u0219i pentru a atrage un public de toate v\u00e2rstele.<\/li>\n<li><strong>Evenimente \u0219i catering<\/strong>: Ideal pentru petreceri, nunti sau evenimente tematice, unde vafele pe bat se remarca prin prezentarea lor unica.<\/li>\n<\/ul>\n<p>Cu asta <strong>ma\u0219in\u0103 profesional\u0103 de f\u0103cut yoghini<\/strong>, nu vei oferi doar un desert delicios \u0219i atractiv din punct de vedere vizual, ci \u0219i o op\u021biune rapid\u0103 \u0219i u\u0219or de consumat. Inspirat de batoanele de vafe care au succes \u00een pie\u021be \u0219i t\u00e2rguri, acest aparat v\u0103 va permite s\u0103 v\u0103 diferen\u021bia\u021bi meniul cu produse inovatoare \u0219i personalizabile.<\/p>","protected":false},"featured_media":1120,"comment_status":"open","ping_status":"closed","template":"","meta":{"wds_primary_product_brand":0,"wds_primary_product_cat":0},"product_brand":[],"product_cat":[51],"product_tag":[],"class_list":{"0":"post-1115","1":"product","2":"type-product","3":"status-publish","4":"has-post-thumbnail","6":"product_cat-gofreras-profesionales","7":"product_shipping_class-hosteleria","9":"first","10":"instock","11":"taxable","12":"shipping-taxable","13":"purchasable","14":"product-type-simple"},"yoast_head":"<!-- This site is optimized with the Yoast SEO Premium plugin v24.9 (Yoast SEO v26.1) - https:\/\/yoast.com\/wordpress\/plugins\/seo\/ -->\n<title>Gofrera de brocheta perrito caliente - distribuci\u00f3n ARC<\/title>\n<meta name=\"robots\" content=\"index, follow, max-snippet:-1, max-image-preview:large, max-video-preview:-1\" \/>\n<link rel=\"canonical\" href=\"https:\/\/www.distribucionarc.com\/nb\/producto\/gofrera-de-brocheta-perrito-caliente\/\" \/>\n<meta property=\"og:locale\" content=\"ro_RO\" \/>\n<meta property=\"og:type\" content=\"article\" \/>\n<meta property=\"og:title\" content=\"Gofrera de brocheta perrito caliente\" \/>\n<meta property=\"og:description\" content=\"M\u00e1quina Profesional de Gofres Pinchados en Palo La m\u00e1quina profesional para hacer gofres en palo te permite ofrecer gofres alargados y deliciosos, conocidos popularmente como yoguis o gofres en palo. Inspirada en la presentaci\u00f3n de estos divertidos postres, esta m\u00e1quina te permite cocinar 6 gofres por tanda en tan solo 2 a 4 minutos, brindando una opci\u00f3n r\u00e1pida, atractiva y f\u00e1cil de servir.  Gracias a su dise\u00f1o eficiente y al r\u00e1pido tiempo de cocci\u00f3n, esta gofrera en palo profesional es ideal para negocios con gran afluencia de clientes. Los gofres, al estar en un palo, son perfectos para comer en movimiento, lo que los convierte en una opci\u00f3n irresistible para cualquier establecimiento. Productos que puedes crear con esta m\u00e1quina de gofres en palo:   Yoguis rellenos de chocolate: Gofres alargados rellenos de chocolate, crema pastelera o frutas.  Gofres salados: Rellenos de queso o embutidos para una opci\u00f3n innovadora.  Gofres de avena y frutas: Saludables y deliciosos para opciones de men\u00fa fitness.  Mini pizzas de gofre: Una opci\u00f3n creativa para men\u00fas salados.  Gofres con coberturas: Personalizados con chocolate, caramelo o fruta fresca.  Gofres de dulce de leche: Otra opci\u00f3n dulce que atrae a los amantes de los sabores tradicionales.  Gofres de Nutella: Para los fan\u00e1ticos del chocolate.  Sectores donde puedes implementar esta gofrera en palo profesional:   Ferias y eventos: Los gofres en palo son ideales para ser disfrutados en movimiento, haciendo de esta m\u00e1quina la herramienta perfecta para puestos en ferias y mercados.  Food trucks: Ofrece una opci\u00f3n r\u00e1pida y llamativa que se adapta perfectamente al concepto de comida callejera.  Cafeter\u00edas y pasteler\u00edas: Los gofres en palo pueden ser el complemento perfecto para desayunos o meriendas, atrayendo tanto a adultos como a ni\u00f1os.  Kioskos en centros comerciales: Estos gofres son irresistibles y f\u00e1ciles de llevar, ideales para un snack r\u00e1pido mientras se pasea.  Cines y teatros: Una opci\u00f3n diferente y pr\u00e1ctica para quienes buscan un snack dulce durante la funci\u00f3n.  Parques de atracciones: Perfectos para vender en quioscos y atraer a un p\u00fablico de todas las edades.  Eventos y catering: Ideales para fiestas, bodas o eventos tem\u00e1ticos, donde los gofres en palo destacan por su presentaci\u00f3n \u00fanica.  Con esta m\u00e1quina profesional para hacer yoguis, no solo estar\u00e1s ofreciendo un postre delicioso y visualmente atractivo, sino tambi\u00e9n una opci\u00f3n r\u00e1pida y f\u00e1cil de consumir. Inspirada en los gofres en palo que triunfan en mercados y ferias, esta m\u00e1quina te permitir\u00e1 diferenciar tu men\u00fa con productos innovadores y personalizables.\" \/>\n<meta property=\"og:url\" content=\"https:\/\/www.distribucionarc.com\/nb\/producto\/gofrera-de-brocheta-perrito-caliente\/\" \/>\n<meta property=\"og:site_name\" content=\"distribuci\u00f3n ARC\" \/>\n<meta property=\"article:modified_time\" content=\"2024-09-08T07:07:35+00:00\" \/>\n<meta property=\"og:image\" content=\"https:\/\/www.distribucionarc.com\/wp-content\/uploads\/2020\/07\/Gofrera-brocheta-perrito-caliente-0.jpg\" \/>\n\t<meta property=\"og:image:width\" content=\"1600\" \/>\n\t<meta property=\"og:image:height\" content=\"1600\" \/>\n\t<meta property=\"og:image:type\" content=\"image\/jpeg\" \/>\n<meta name=\"twitter:card\" content=\"summary_large_image\" \/>\n<meta name=\"twitter:label1\" content=\"Timp estimat pentru citire\" \/>\n\t<meta name=\"twitter:data1\" content=\"2 minute\" \/>\n<script type=\"application\/ld+json\" class=\"yoast-schema-graph\">{\"@context\":\"https:\/\/schema.org\",\"@graph\":[{\"@type\":\"WebPage\",\"@id\":\"https:\/\/www.distribucionarc.com\/nb\/producto\/gofrera-de-brocheta-perrito-caliente\/\",\"url\":\"https:\/\/www.distribucionarc.com\/nb\/producto\/gofrera-de-brocheta-perrito-caliente\/\",\"name\":\"Gofrera de brocheta perrito caliente - distribuci\u00f3n ARC\",\"isPartOf\":{\"@id\":\"https:\/\/www.distribucionarc.com\/sl\/#website\"},\"primaryImageOfPage\":{\"@id\":\"https:\/\/www.distribucionarc.com\/nb\/producto\/gofrera-de-brocheta-perrito-caliente\/#primaryimage\"},\"image\":{\"@id\":\"https:\/\/www.distribucionarc.com\/nb\/producto\/gofrera-de-brocheta-perrito-caliente\/#primaryimage\"},\"thumbnailUrl\":\"https:\/\/distribucionarc.com\/wp-content\/uploads\/2020\/07\/Gofrera-brocheta-perrito-caliente-0.jpg\",\"datePublished\":\"2020-07-16T15:52:59+00:00\",\"dateModified\":\"2024-09-08T07:07:35+00:00\",\"breadcrumb\":{\"@id\":\"https:\/\/www.distribucionarc.com\/nb\/producto\/gofrera-de-brocheta-perrito-caliente\/#breadcrumb\"},\"inLanguage\":\"ro-RO\",\"potentialAction\":[{\"@type\":\"ReadAction\",\"target\":[\"https:\/\/www.distribucionarc.com\/nb\/producto\/gofrera-de-brocheta-perrito-caliente\/\"]}]},{\"@type\":\"ImageObject\",\"inLanguage\":\"ro-RO\",\"@id\":\"https:\/\/www.distribucionarc.com\/nb\/producto\/gofrera-de-brocheta-perrito-caliente\/#primaryimage\",\"url\":\"https:\/\/distribucionarc.com\/wp-content\/uploads\/2020\/07\/Gofrera-brocheta-perrito-caliente-0.jpg\",\"contentUrl\":\"https:\/\/distribucionarc.com\/wp-content\/uploads\/2020\/07\/Gofrera-brocheta-perrito-caliente-0.jpg\",\"width\":1600,\"height\":1600,\"caption\":\"Gofrera brocheta perrito caliente\"},{\"@type\":\"BreadcrumbList\",\"@id\":\"https:\/\/www.distribucionarc.com\/nb\/producto\/gofrera-de-brocheta-perrito-caliente\/#breadcrumb\",\"itemListElement\":[{\"@type\":\"ListItem\",\"position\":1,\"name\":\"Portada\",\"item\":\"https:\/\/www.distribucionarc.com\/\"},{\"@type\":\"ListItem\",\"position\":2,\"name\":\"\u00dcr\u00fcnler\",\"item\":\"https:\/\/www.distribucionarc.com\/tr\/magaza\/\"},{\"@type\":\"ListItem\",\"position\":3,\"name\":\"Gofrera de brocheta perrito caliente\"}]},{\"@type\":\"WebSite\",\"@id\":\"https:\/\/www.distribucionarc.com\/sl\/#website\",\"url\":\"https:\/\/www.distribucionarc.com\/sl\/\",\"name\":\"distribuci\u00f3n ARC\",\"description\":\"Empresa especializada en la fabricaci\u00f3n y distribuci\u00f3n de maquinaria industrial, selladoras de latas, Maquinas de hacer pastillas, Maquinas de cortar carne...\",\"publisher\":{\"@id\":\"https:\/\/www.distribucionarc.com\/sl\/#organization\"},\"potentialAction\":[{\"@type\":\"SearchAction\",\"target\":{\"@type\":\"EntryPoint\",\"urlTemplate\":\"https:\/\/www.distribucionarc.com\/sl\/?s={search_term_string}\"},\"query-input\":{\"@type\":\"PropertyValueSpecification\",\"valueRequired\":true,\"valueName\":\"search_term_string\"}}],\"inLanguage\":\"ro-RO\"},{\"@type\":\"Organization\",\"@id\":\"https:\/\/www.distribucionarc.com\/sl\/#organization\",\"name\":\"Distribuci\u00f3n ARC\",\"url\":\"https:\/\/www.distribucionarc.com\/sl\/\",\"logo\":{\"@type\":\"ImageObject\",\"inLanguage\":\"ro-RO\",\"@id\":\"https:\/\/www.distribucionarc.com\/sl\/#\/schema\/logo\/image\/\",\"url\":\"https:\/\/distribucionarc.com\/wp-content\/uploads\/2024\/10\/distribucion-ARC-COLOR-SIN-FONDO-e1732295305345.png\",\"contentUrl\":\"https:\/\/distribucionarc.com\/wp-content\/uploads\/2024\/10\/distribucion-ARC-COLOR-SIN-FONDO-e1732295305345.png\",\"width\":1164,\"height\":558,\"caption\":\"Distribuci\u00f3n ARC\"},\"image\":{\"@id\":\"https:\/\/www.distribucionarc.com\/sl\/#\/schema\/logo\/image\/\"},\"description\":\"Empresa especializada en la fabricaci\u00f3n y distribuci\u00f3n de maquinaria industrial para los sectores alimentario y farmac\u00e9utico. Nos especializamos en: M\u00e1quinas de cortar carne Fabricaci\u00f3n de comprimidos Sistemas de transporte industrial L\u00edneas de embotellado Dosificadores Y mucho m\u00e1s... Ofrecemos soluciones innovadoras y personalizadas para optimizar los procesos productivos de tu empresa.\",\"email\":\"Admistracion@distribucionarc.com\",\"telephone\":\"+34 643496664\",\"legalName\":\"ARC TECH SOLUTIONS\",\"foundingDate\":\"2024-04-09\",\"vatID\":\"B55480172\",\"numberOfEmployees\":{\"@type\":\"QuantitativeValue\",\"minValue\":\"1\",\"maxValue\":\"10\"}}]}<\/script>\n<!-- \/ Yoast SEO Premium plugin. -->","yoast_head_json":{"title":"Aparat de vafe pentru frigarui hot dog - distributie ARC","robots":{"index":"index","follow":"follow","max-snippet":"max-snippet:-1","max-image-preview":"max-image-preview:large","max-video-preview":"max-video-preview:-1"},"canonical":"https:\/\/www.distribucionarc.com\/nb\/producto\/gofrera-de-brocheta-perrito-caliente\/","og_locale":"ro_RO","og_type":"article","og_title":"Gofrera de brocheta perrito caliente","og_description":"M\u00e1quina Profesional de Gofres Pinchados en Palo La m\u00e1quina profesional para hacer gofres en palo te permite ofrecer gofres alargados y deliciosos, conocidos popularmente como yoguis o gofres en palo. Inspirada en la presentaci\u00f3n de estos divertidos postres, esta m\u00e1quina te permite cocinar 6 gofres por tanda en tan solo 2 a 4 minutos, brindando una opci\u00f3n r\u00e1pida, atractiva y f\u00e1cil de servir.  Gracias a su dise\u00f1o eficiente y al r\u00e1pido tiempo de cocci\u00f3n, esta gofrera en palo profesional es ideal para negocios con gran afluencia de clientes. Los gofres, al estar en un palo, son perfectos para comer en movimiento, lo que los convierte en una opci\u00f3n irresistible para cualquier establecimiento. Productos que puedes crear con esta m\u00e1quina de gofres en palo:   Yoguis rellenos de chocolate: Gofres alargados rellenos de chocolate, crema pastelera o frutas.  Gofres salados: Rellenos de queso o embutidos para una opci\u00f3n innovadora.  Gofres de avena y frutas: Saludables y deliciosos para opciones de men\u00fa fitness.  Mini pizzas de gofre: Una opci\u00f3n creativa para men\u00fas salados.  Gofres con coberturas: Personalizados con chocolate, caramelo o fruta fresca.  Gofres de dulce de leche: Otra opci\u00f3n dulce que atrae a los amantes de los sabores tradicionales.  Gofres de Nutella: Para los fan\u00e1ticos del chocolate.  Sectores donde puedes implementar esta gofrera en palo profesional:   Ferias y eventos: Los gofres en palo son ideales para ser disfrutados en movimiento, haciendo de esta m\u00e1quina la herramienta perfecta para puestos en ferias y mercados.  Food trucks: Ofrece una opci\u00f3n r\u00e1pida y llamativa que se adapta perfectamente al concepto de comida callejera.  Cafeter\u00edas y pasteler\u00edas: Los gofres en palo pueden ser el complemento perfecto para desayunos o meriendas, atrayendo tanto a adultos como a ni\u00f1os.  Kioskos en centros comerciales: Estos gofres son irresistibles y f\u00e1ciles de llevar, ideales para un snack r\u00e1pido mientras se pasea.  Cines y teatros: Una opci\u00f3n diferente y pr\u00e1ctica para quienes buscan un snack dulce durante la funci\u00f3n.  Parques de atracciones: Perfectos para vender en quioscos y atraer a un p\u00fablico de todas las edades.  Eventos y catering: Ideales para fiestas, bodas o eventos tem\u00e1ticos, donde los gofres en palo destacan por su presentaci\u00f3n \u00fanica.  Con esta m\u00e1quina profesional para hacer yoguis, no solo estar\u00e1s ofreciendo un postre delicioso y visualmente atractivo, sino tambi\u00e9n una opci\u00f3n r\u00e1pida y f\u00e1cil de consumir. Inspirada en los gofres en palo que triunfan en mercados y ferias, esta m\u00e1quina te permitir\u00e1 diferenciar tu men\u00fa con productos innovadores y personalizables.","og_url":"https:\/\/www.distribucionarc.com\/nb\/producto\/gofrera-de-brocheta-perrito-caliente\/","og_site_name":"distribuci\u00f3n ARC","article_modified_time":"2024-09-08T07:07:35+00:00","og_image":[{"width":1600,"height":1600,"url":"https:\/\/www.distribucionarc.com\/wp-content\/uploads\/2020\/07\/Gofrera-brocheta-perrito-caliente-0.jpg","type":"image\/jpeg"}],"twitter_card":"summary_large_image","twitter_misc":{"Timp estimat pentru citire":"2 minute"},"schema":{"@context":"https:\/\/schema.org","@graph":[{"@type":"WebPage","@id":"https:\/\/www.distribucionarc.com\/nb\/producto\/gofrera-de-brocheta-perrito-caliente\/","url":"https:\/\/www.distribucionarc.com\/nb\/producto\/gofrera-de-brocheta-perrito-caliente\/","name":"Aparat de vafe pentru frigarui hot dog - distributie ARC","isPartOf":{"@id":"https:\/\/www.distribucionarc.com\/sl\/#website"},"primaryImageOfPage":{"@id":"https:\/\/www.distribucionarc.com\/nb\/producto\/gofrera-de-brocheta-perrito-caliente\/#primaryimage"},"image":{"@id":"https:\/\/www.distribucionarc.com\/nb\/producto\/gofrera-de-brocheta-perrito-caliente\/#primaryimage"},"thumbnailUrl":"https:\/\/distribucionarc.com\/wp-content\/uploads\/2020\/07\/Gofrera-brocheta-perrito-caliente-0.jpg","datePublished":"2020-07-16T15:52:59+00:00","dateModified":"2024-09-08T07:07:35+00:00","breadcrumb":{"@id":"https:\/\/www.distribucionarc.com\/nb\/producto\/gofrera-de-brocheta-perrito-caliente\/#breadcrumb"},"inLanguage":"ro-RO","potentialAction":[{"@type":"ReadAction","target":["https:\/\/www.distribucionarc.com\/nb\/producto\/gofrera-de-brocheta-perrito-caliente\/"]}]},{"@type":"ImageObject","inLanguage":"ro-RO","@id":"https:\/\/www.distribucionarc.com\/nb\/producto\/gofrera-de-brocheta-perrito-caliente\/#primaryimage","url":"https:\/\/distribucionarc.com\/wp-content\/uploads\/2020\/07\/Gofrera-brocheta-perrito-caliente-0.jpg","contentUrl":"https:\/\/distribucionarc.com\/wp-content\/uploads\/2020\/07\/Gofrera-brocheta-perrito-caliente-0.jpg","width":1600,"height":1600,"caption":"Gofrera brocheta perrito caliente"},{"@type":"BreadcrumbList","@id":"https:\/\/www.distribucionarc.com\/nb\/producto\/gofrera-de-brocheta-perrito-caliente\/#breadcrumb","itemListElement":[{"@type":"ListItem","position":1,"name":"Portada","item":"https:\/\/www.distribucionarc.com\/"},{"@type":"ListItem","position":2,"name":"\u00dcr\u00fcnler","item":"https:\/\/www.distribucionarc.com\/tr\/magaza\/"},{"@type":"ListItem","position":3,"name":"Gofrera de brocheta perrito caliente"}]},{"@type":"WebSite","@id":"https:\/\/www.distribucionarc.com\/sl\/#website","url":"https:\/\/www.distribucionarc.com\/sl\/","name":"Distribu\u021bie ARC","description":"Companie specializat\u0103 \u00een fabricarea \u0219i distribu\u021bia de utilaje industriale, ma\u0219ini de sigilat cutii, ma\u0219ini de fabricat tablete, ma\u0219ini de t\u0103iat carne...","publisher":{"@id":"https:\/\/www.distribucionarc.com\/sl\/#organization"},"potentialAction":[{"@type":"SearchAction","target":{"@type":"EntryPoint","urlTemplate":"https:\/\/www.distribucionarc.com\/sl\/?s={search_term_string}"},"query-input":{"@type":"PropertyValueSpecification","valueRequired":true,"valueName":"search_term_string"}}],"inLanguage":"ro-RO"},{"@type":"Organization","@id":"https:\/\/www.distribucionarc.com\/sl\/#organization","name":"Distribu\u021bie ARC","url":"https:\/\/www.distribucionarc.com\/sl\/","logo":{"@type":"ImageObject","inLanguage":"ro-RO","@id":"https:\/\/www.distribucionarc.com\/sl\/#\/schema\/logo\/image\/","url":"https:\/\/distribucionarc.com\/wp-content\/uploads\/2024\/10\/distribucion-ARC-COLOR-SIN-FONDO-e1732295305345.png","contentUrl":"https:\/\/distribucionarc.com\/wp-content\/uploads\/2024\/10\/distribucion-ARC-COLOR-SIN-FONDO-e1732295305345.png","width":1164,"height":558,"caption":"Distribuci\u00f3n ARC"},"image":{"@id":"https:\/\/www.distribucionarc.com\/sl\/#\/schema\/logo\/image\/"},"description":"Companie specializat\u0103 \u00een fabricarea \u0219i distribu\u021bia de utilaje industriale pentru sectoarele alimentar \u0219i farmaceutic. Suntem specializa\u021bi \u00een: Ma\u0219ini de t\u0103iat carne Fabricarea tabletelor Sisteme de transport industrial Linii de \u00eembuteliere Distribuitoare \u0218i multe altele... Oferim solu\u021bii inovatoare \u0219i personalizate pentru a optimiza procesele de produc\u021bie ale companiei dumneavoastr\u0103.","email":"Admistracion@distribucionarc.com","telephone":"+34 643496664","legalName":"ARC TECH SOLUTIONS","foundingDate":"2024-04-09","vatID":"B55480172","numberOfEmployees":{"@type":"QuantitativeValue","minValue":"1","maxValue":"10"}}]}},"_links":{"self":[{"href":"https:\/\/distribucionarc.com\/ro\/wp-json\/wp\/v2\/product\/1115","targetHints":{"allow":["GET"]}}],"collection":[{"href":"https:\/\/distribucionarc.com\/ro\/wp-json\/wp\/v2\/product"}],"about":[{"href":"https:\/\/distribucionarc.com\/ro\/wp-json\/wp\/v2\/types\/product"}],"replies":[{"embeddable":true,"href":"https:\/\/distribucionarc.com\/ro\/wp-json\/wp\/v2\/comments?post=1115"}],"version-history":[{"count":0,"href":"https:\/\/distribucionarc.com\/ro\/wp-json\/wp\/v2\/product\/1115\/revisions"}],"wp:featuredmedia":[{"embeddable":true,"href":"https:\/\/distribucionarc.com\/ro\/wp-json\/wp\/v2\/media\/1120"}],"wp:attachment":[{"href":"https:\/\/distribucionarc.com\/ro\/wp-json\/wp\/v2\/media?parent=1115"}],"wp:term":[{"taxonomy":"product_brand","embeddable":true,"href":"https:\/\/distribucionarc.com\/ro\/wp-json\/wp\/v2\/product_brand?post=1115"},{"taxonomy":"product_cat","embeddable":true,"href":"https:\/\/distribucionarc.com\/ro\/wp-json\/wp\/v2\/product_cat?post=1115"},{"taxonomy":"product_tag","embeddable":true,"href":"https:\/\/distribucionarc.com\/ro\/wp-json\/wp\/v2\/product_tag?post=1115"}],"curies":[{"name":"wp","href":"https:\/\/api.w.org\/{rel}","templated":true}]}}