{"id":1156,"date":"2020-07-17T11:31:11","date_gmt":"2020-07-17T11:31:11","guid":{"rendered":"https:\/\/distribucionarc.com\/?post_type=product&#038;p=1156"},"modified":"2024-09-08T15:03:58","modified_gmt":"2024-09-08T15:03:58","slug":"apa-alcool-distilator-38-5l","status":"publish","type":"product","link":"https:\/\/distribucionarc.com\/ro\/producto\/destilador-alcohol-de-agua-38-5l\/","title":{"rendered":"Distilator de ap\u0103 alcool de 38,5 l"},"content":{"rendered":"<h3>Distilator de ap\u0103 alcool de 38,5 l<\/h3>\n<p>El <strong>distilator de alcool<\/strong> de <strong><span style=\"color: #ff0000;\">LA<\/span><span style=\"color: #0000ff;\">R<\/span>c<\/strong> Este potrivit pentru distilarea vinului de fructe, apei, rachiului, extragerea plantelor etc. Recomandat at\u00e2t pentru \u00eencep\u0103tori, c\u00e2t \u0219i pentru profesioni\u0219ti. Capabil s\u0103 aplice toate tipurile de metode de \u00eenc\u0103lzire.<\/p>\n<p>El <strong>distilator de alcool<\/strong> <strong><span style=\"color: #ff0000;\">LA<\/span><span style=\"color: #0000ff;\">R<\/span>c<\/strong> Are o capacitate mare de produc\u021bie pentru a produce p\u00e2n\u0103 la <strong>38,5 L<\/strong> de materie. Robustul <strong>distilator<\/strong> O\u021belul inoxidabil dureaz\u0103 ani de zile. Fundul \u00eengro\u0219at permite toate tipurile de metode de \u00eenc\u0103lzire.<\/p>\n<p>R\u0103cirea de <strong>distilator de ap\u0103<\/strong> Este de tip deschis, cu design dublu butoi. Bobinele de cupru au o zon\u0103 mare de contact cu lichidul de r\u0103cire cu apa, care ofer\u0103 a <span style=\"color: #0000ff;\"><strong>performan\u021ba de r\u0103cire \u0219i men\u021binerea unei temperaturi destul de sc\u0103zute a produsului distilat<\/strong><\/span>. Apa care circul\u0103 intr\u0103 prin orificiul de admisie inferioar\u0103 \u0219i se scurge din orificiul de evacuare superior. Tuburile flexibile \u0219i robuste din silicon de calitate alimentar\u0103 asigur\u0103 un flux rapid de ap\u0103. Pompa suplimentar\u0103 de ap\u0103 de circula\u021bie economise\u0219te ap\u0103 \u0219i asigur\u0103 mai mult\u0103 produc\u021bie. Termometrul \u00eencorporat \u00een capacul <strong>distilator de alcool<\/strong> <strong><span style=\"color: #ff0000;\">LA<\/span><span style=\"color: #0000ff;\">R<\/span>CDAF1<\/strong> Permite monitorizarea u\u0219oar\u0103 a temperaturii \u00een timpul procesului de distilare.<\/p>\n<p>Patru c\u00e2rlige rapide ajut\u0103 la etan\u0219area etan\u0219\u0103 <strong>trusa de distilare<\/strong>, m\u00e2nerele de ridicare ata\u0219ate cupei men\u021bin o cantitate mare de tensiune. Con\u021bine supap\u0103 de evacuare a aerului unidirec\u021bional\u0103 implicat\u0103 pentru aplicarea \u00een procesul de fermentare a cerealelor.<\/p>\n<h6><\/h6>\n<h6><strong>garan\u021bie\u00a0<span style=\"color: #ff0000;\">LA<\/span><span style=\"color: #0000ff;\">R<\/span>C 2 ANI<\/strong><\/h6>\n<h6><span style=\"color: #0000ff;\">Sistem de racire rapida\u00a0<\/span><\/h6>\n<h6><strong>suport tehnic inclus.<\/strong><\/h6>\n<p>&nbsp;<\/p>\n<table>\n<thead>\n<tr>\n<th><strong>Caracteristici<\/strong><\/th>\n<th><strong>Descriere<\/strong><\/th>\n<\/tr>\n<\/thead>\n<tbody>\n<tr>\n<td><strong>Temperatura reglabila<\/strong><\/td>\n<td>0-350 \u00baC \u2013 Adaptabil la \u00eenc\u0103lzirea \u0219i distilarea diferitelor lichide.<\/td>\n<\/tr>\n<tr>\n<td><strong>Capacitate butoi<\/strong><\/td>\n<td>38,5 litri (L) \u2013 Ideal pentru distilare \u00een lot mediu.<\/td>\n<\/tr>\n<tr>\n<td><strong>Dimensiuni<\/strong><\/td>\n<td><strong>\u00cen\u0103l\u0163ime<\/strong>: 47 cm, <strong>Lung<\/strong>: 46 cm, <strong>Larg<\/strong>: 46 cm<\/td>\n<\/tr>\n<tr>\n<td><strong>Greutate<\/strong><\/td>\n<td>7,2 kg \u2013 U\u0219or \u0219i u\u0219or de manevrat pentru instal\u0103ri rapide.<\/td>\n<\/tr>\n<tr>\n<td><strong>Material<\/strong><\/td>\n<td>O\u021bel inoxidabil 304 \u2013 Rezisten\u021b\u0103 ridicat\u0103 la coroziune \u0219i sigur\u0103 pentru alimente.<\/td>\n<\/tr>\n<tr>\n<td><strong>Tip capac<\/strong><\/td>\n<td>Inchidere etansa cu carlige de siguranta pentru a asigura presiune si siguranta maxima.<\/td>\n<\/tr>\n<tr>\n<td><strong>garan\u021bie<\/strong><\/td>\n<td>2 ani \u2013 Acoperire complet\u0103 a produsului.<\/td>\n<\/tr>\n<tr>\n<td><strong>Marca<\/strong><\/td>\n<td>ARC \u2013 Recunoscut pentru calitatea sa \u00een echipamentele de distilare.<\/td>\n<\/tr>\n<tr>\n<td><strong>Facilitate<\/strong><\/td>\n<td>Include instrumente pentru instalare rapid\u0103 \u0219i u\u0219oar\u0103.<\/td>\n<\/tr>\n<tr>\n<td><strong>Controlul presiunii<\/strong><\/td>\n<td>Sistem de control integrat pentru distilare precis\u0103.<\/td>\n<\/tr>\n<tr>\n<td><strong>\u021a\u0103ri cu suport tehnic<\/strong><\/td>\n<td><strong>Consulta\u021bi suportul tehnic <a href=\"https:\/\/distribucionarc.com\/ro\/serviciul-tehnic\/\">Aici<\/a><\/strong><\/td>\n<\/tr>\n<\/tbody>\n<\/table>\n<p>&nbsp;<\/p>","protected":false},"excerpt":{"rendered":"<h2><strong>Distilator de alcool de 38 litri \u2013 Utilizare profesional\u0103 \u0219i hobby<\/strong><\/h2>\n<p>Acest <strong>Distilator de alcool de 38 litri<\/strong> Este o ma\u0219in\u0103 versatil\u0103 care se adapteaz\u0103 la ambele <strong>hobbyisti<\/strong> ca utilizatori <strong>profesionisti<\/strong>. Capacitatea sa de a <strong>38 litri<\/strong> \u00eel face ideal pentru produc\u021bia casnic\u0103 de alcool, distilare a apei, uleiuri esen\u021biale \u0219i alte lichide. Cu designul s\u0103u din o\u021bel inoxidabil de \u00eenalt\u0103 calitate, acest distilator asigur\u0103 durabilitate, rezisten\u021b\u0103 la coroziune \u0219i siguran\u021b\u0103 \u00een contact cu alimentele.<\/p>\n<h3>Caracteristici principale:<\/h3>\n<ul>\n<li><strong>Capacitate 38 litri (L).<\/strong>: Suficient pentru loturi medii spre mari, ceea ce \u00eel face o op\u021biune flexibil\u0103 at\u00e2t pentru utilizatorii casnici, c\u00e2t \u0219i pentru produc\u021biile comerciale mici.<\/li>\n<li><strong>O\u021bel inoxidabil alimentar<\/strong>: Structura este realizat\u0103 din o\u021bel inoxidabil 304, asigur\u00e2nd c\u0103 toate procesele sunt sigure \u0219i lipsite de contaminan\u021bi.<\/li>\n<li><strong>Sistem de racire eficient<\/strong>: Distilatorul vine cu un sistem de condensare care folose\u0219te ap\u0103 pentru a r\u0103ci vaporii \u0219i a-i transforma \u00een lichid. Acest sistem asigur\u0103 performan\u021be optime \u00een extrac\u021bia produsului.<\/li>\n<li><strong>Versatilitate \u00een utiliz\u0103ri<\/strong>: De\u0219i este folosit mai ales pentru distilare <strong>alcool<\/strong> (cum ar fi coniac, rom, vodc\u0103, whisky etc.), poate fi folosit \u0219i pentru a distila <strong>ap\u0103<\/strong>, uleiuri esen\u021biale, \u0219i chiar pentru extrac\u021bia alcoolilor pe baz\u0103 de fructe \u0219i ierburi.<\/li>\n<\/ul>\n<h3>Exemple de utilizare:<\/h3>\n<ul>\n<li><strong>distilare a alcoolului<\/strong>: Potrivit pentru cei care doresc s\u0103 creeze b\u0103uturi alcoolice precum schnapps sau whisky acas\u0103 sau \u00een loturi mici comerciale.<\/li>\n<li><strong>distilarea apei<\/strong>: Util pentru producerea apei purificate pentru uz industrial sau consum.<\/li>\n<li><strong>Uleiuri esen\u021biale<\/strong>: Permite extragerea uleiurilor esen\u021biale din ierburi precum lavand\u0103 sau eucalipt, f\u0103c\u00e2ndu-l un instrument popular pentru <strong>industria cosmetic\u0103<\/strong> fie <strong>aromaterapie<\/strong>.<\/li>\n<\/ul>\n<h3>Sectoarele \u00een care poate fi implementat:<\/h3>\n<ul>\n<li><strong>Utilizatori amatori<\/strong>: Ideal pentru persoanele care practic\u0103 distilarea ca hobby, deoarece dimensiunea sa este gestionabil\u0103 \u0219i func\u021bionarea este simpl\u0103.<\/li>\n<li><strong>Distilerii mici<\/strong>: Perfect pentru distilerii de tip boutique care au nevoie de o ma\u0219in\u0103 de \u00eencredere pentru produc\u021bia de loturi mici.<\/li>\n<li><strong>Industria uleiurilor esen\u021biale<\/strong>: Potrivit \u0219i pentru \u00eentreprinderile mici care extrag uleiuri esen\u021biale din plante \u0219i ierburi.<\/li>\n<li><strong>Fabrici mici de b\u0103uturi<\/strong>: Acest distilator poate fi folosit la producerea de b\u0103uturi alcoolice artizanale, cum ar fi lichiorurile \u0219i b\u0103uturile spirtoase.<\/li>\n<\/ul>","protected":false},"featured_media":6031,"comment_status":"open","ping_status":"closed","template":"","meta":{"wds_primary_product_brand":0,"wds_primary_product_cat":0},"product_brand":[],"product_cat":[54],"product_tag":[],"class_list":{"0":"post-1156","1":"product","2":"type-product","3":"status-publish","4":"has-post-thumbnail","6":"product_cat-maceracion-fermentacion","7":"product_shipping_class-hosteleria","9":"first","10":"instock","11":"sale","12":"taxable","13":"shipping-taxable","14":"purchasable","15":"product-type-simple"},"yoast_head":"<!-- This site is optimized with the Yoast SEO Premium plugin v24.9 (Yoast SEO v26.1) - https:\/\/yoast.com\/wordpress\/plugins\/seo\/ -->\n<title>Destilador alcohol de agua 38.5L - distribuci\u00f3n ARC<\/title>\n<meta name=\"robots\" content=\"index, follow, max-snippet:-1, max-image-preview:large, max-video-preview:-1\" \/>\n<link rel=\"canonical\" href=\"https:\/\/www.distribucionarc.com\/tr\/producto\/destilador-alcohol-de-agua-38-5l\/\" \/>\n<meta property=\"og:locale\" content=\"ro_RO\" \/>\n<meta property=\"og:type\" content=\"article\" \/>\n<meta property=\"og:title\" content=\"Destilador alcohol de agua 38.5L\" \/>\n<meta property=\"og:description\" content=\"Destilador de alcohol de 38 litros \u2013 Uso profesional y aficionado Este destilador de alcohol de 38 litros es una m\u00e1quina vers\u00e1til que se adapta tanto a hobbyistas como a usuarios profesionales. Su capacidad de 38 litros lo hace ideal para la producci\u00f3n casera de alcohol, destilaci\u00f3n de agua, aceites esenciales y otros l\u00edquidos. Con su dise\u00f1o de acero inoxidable de alta calidad, este destilador garantiza durabilidad, resistencia a la corrosi\u00f3n y seguridad en contacto con alimentos. Caracter\u00edsticas principales:   Capacidad de 38 litros (L): Suficiente para lotes medianos a grandes, lo que lo convierte en una opci\u00f3n flexible tanto para usuarios caseros como para peque\u00f1as producciones comerciales.  Acero inoxidable de grado alimenticio: La estructura est\u00e1 fabricada en acero inoxidable 304, garantizando que todos los procesos sean seguros y libres de contaminantes.  Sistema de enfriamiento eficiente: El destilador viene con un sistema de condensaci\u00f3n que utiliza agua para enfriar los vapores y transformarlos en l\u00edquido. Este sistema asegura un rendimiento \u00f3ptimo en la extracci\u00f3n del producto.  Versatilidad en usos: Aunque es mayormente utilizado para destilar alcohol (como aguardiente, ron, vodka, whisky, etc.), tambi\u00e9n se puede utilizar para destilar agua, aceites esenciales, e incluso para la extracci\u00f3n de alcoholes a base de frutas y hierbas.  Ejemplos de uso:   Destilaci\u00f3n de alcohol: Adecuado para quienes buscan crear bebidas alcoh\u00f3licas como aguardiente o whisky en casa o en peque\u00f1os lotes comerciales.  Destilaci\u00f3n de agua: \u00datil para producir agua purificada para usos industriales o consumo.  Aceites esenciales: Permite la extracci\u00f3n de aceites esenciales a partir de hierbas como lavanda o eucalipto, lo que lo convierte en una herramienta popular para la industria cosm\u00e9tica o aromaterapia.  Sectores donde se puede implementar:   Usuarios aficionados: Ideal para personas que practican la destilaci\u00f3n como hobby, ya que su tama\u00f1o es manejable y su operaci\u00f3n sencilla.  Peque\u00f1as destiler\u00edas: Perfecto para destiler\u00edas boutique que necesitan una m\u00e1quina confiable para peque\u00f1os lotes de producci\u00f3n.  Industria de aceites esenciales: Tambi\u00e9n es adecuado para peque\u00f1as empresas que extraen aceites esenciales de plantas y hierbas.  Peque\u00f1as f\u00e1bricas de bebidas: Este destilador se puede utilizar en la producci\u00f3n de bebidas alcoh\u00f3licas artesanales, como licores y aguardientes.\" \/>\n<meta property=\"og:url\" content=\"https:\/\/www.distribucionarc.com\/tr\/producto\/destilador-alcohol-de-agua-38-5l\/\" \/>\n<meta property=\"og:site_name\" content=\"distribuci\u00f3n ARC\" \/>\n<meta property=\"article:modified_time\" content=\"2024-09-08T15:03:58+00:00\" \/>\n<meta property=\"og:image\" content=\"https:\/\/www.distribucionarc.com\/wp-content\/uploads\/2020\/07\/Destilador-alcohol-de-agua-38.5L-imagen-producto.jpg\" \/>\n\t<meta property=\"og:image:width\" content=\"1600\" \/>\n\t<meta property=\"og:image:height\" content=\"1600\" \/>\n\t<meta property=\"og:image:type\" content=\"image\/jpeg\" \/>\n<meta name=\"twitter:card\" content=\"summary_large_image\" \/>\n<meta name=\"twitter:label1\" content=\"Timp estimat pentru citire\" \/>\n\t<meta name=\"twitter:data1\" content=\"2 minute\" \/>\n<script type=\"application\/ld+json\" class=\"yoast-schema-graph\">{\"@context\":\"https:\/\/schema.org\",\"@graph\":[{\"@type\":\"WebPage\",\"@id\":\"https:\/\/www.distribucionarc.com\/tr\/producto\/destilador-alcohol-de-agua-38-5l\/\",\"url\":\"https:\/\/www.distribucionarc.com\/tr\/producto\/destilador-alcohol-de-agua-38-5l\/\",\"name\":\"Destilador alcohol de agua 38.5L - distribuci\u00f3n ARC\",\"isPartOf\":{\"@id\":\"https:\/\/www.distribucionarc.com\/it\/#website\"},\"primaryImageOfPage\":{\"@id\":\"https:\/\/www.distribucionarc.com\/tr\/producto\/destilador-alcohol-de-agua-38-5l\/#primaryimage\"},\"image\":{\"@id\":\"https:\/\/www.distribucionarc.com\/tr\/producto\/destilador-alcohol-de-agua-38-5l\/#primaryimage\"},\"thumbnailUrl\":\"https:\/\/distribucionarc.com\/wp-content\/uploads\/2020\/07\/Destilador-alcohol-de-agua-38.5L-imagen-producto.jpg\",\"datePublished\":\"2020-07-17T11:31:11+00:00\",\"dateModified\":\"2024-09-08T15:03:58+00:00\",\"breadcrumb\":{\"@id\":\"https:\/\/www.distribucionarc.com\/tr\/producto\/destilador-alcohol-de-agua-38-5l\/#breadcrumb\"},\"inLanguage\":\"ro-RO\",\"potentialAction\":[{\"@type\":\"ReadAction\",\"target\":[\"https:\/\/www.distribucionarc.com\/tr\/producto\/destilador-alcohol-de-agua-38-5l\/\"]}]},{\"@type\":\"ImageObject\",\"inLanguage\":\"ro-RO\",\"@id\":\"https:\/\/www.distribucionarc.com\/tr\/producto\/destilador-alcohol-de-agua-38-5l\/#primaryimage\",\"url\":\"https:\/\/distribucionarc.com\/wp-content\/uploads\/2020\/07\/Destilador-alcohol-de-agua-38.5L-imagen-producto.jpg\",\"contentUrl\":\"https:\/\/distribucionarc.com\/wp-content\/uploads\/2020\/07\/Destilador-alcohol-de-agua-38.5L-imagen-producto.jpg\",\"width\":1600,\"height\":1600},{\"@type\":\"BreadcrumbList\",\"@id\":\"https:\/\/www.distribucionarc.com\/tr\/producto\/destilador-alcohol-de-agua-38-5l\/#breadcrumb\",\"itemListElement\":[{\"@type\":\"ListItem\",\"position\":1,\"name\":\"Portada\",\"item\":\"https:\/\/distribucionarc.com\/nl\/\"},{\"@type\":\"ListItem\",\"position\":2,\"name\":\"Productos\",\"item\":\"https:\/\/distribucionarc.com\/shop\/\"},{\"@type\":\"ListItem\",\"position\":3,\"name\":\"Destilador alcohol de agua 38.5L\"}]},{\"@type\":\"WebSite\",\"@id\":\"https:\/\/www.distribucionarc.com\/it\/#website\",\"url\":\"https:\/\/www.distribucionarc.com\/it\/\",\"name\":\"distribuci\u00f3n ARC\",\"description\":\"Empresa especializada en la fabricaci\u00f3n y distribuci\u00f3n de maquinaria industrial, selladoras de latas, Maquinas de hacer pastillas, Maquinas de cortar carne...\",\"publisher\":{\"@id\":\"https:\/\/www.distribucionarc.com\/it\/#organization\"},\"potentialAction\":[{\"@type\":\"SearchAction\",\"target\":{\"@type\":\"EntryPoint\",\"urlTemplate\":\"https:\/\/www.distribucionarc.com\/it\/?s={search_term_string}\"},\"query-input\":{\"@type\":\"PropertyValueSpecification\",\"valueRequired\":true,\"valueName\":\"search_term_string\"}}],\"inLanguage\":\"ro-RO\"},{\"@type\":\"Organization\",\"@id\":\"https:\/\/www.distribucionarc.com\/it\/#organization\",\"name\":\"Distribuci\u00f3n ARC\",\"url\":\"https:\/\/www.distribucionarc.com\/it\/\",\"logo\":{\"@type\":\"ImageObject\",\"inLanguage\":\"ro-RO\",\"@id\":\"https:\/\/www.distribucionarc.com\/it\/#\/schema\/logo\/image\/\",\"url\":\"https:\/\/distribucionarc.com\/wp-content\/uploads\/2024\/10\/distribucion-ARC-COLOR-SIN-FONDO-e1732295305345.png\",\"contentUrl\":\"https:\/\/distribucionarc.com\/wp-content\/uploads\/2024\/10\/distribucion-ARC-COLOR-SIN-FONDO-e1732295305345.png\",\"width\":1164,\"height\":558,\"caption\":\"Distribuci\u00f3n ARC\"},\"image\":{\"@id\":\"https:\/\/www.distribucionarc.com\/it\/#\/schema\/logo\/image\/\"},\"description\":\"Empresa especializada en la fabricaci\u00f3n y distribuci\u00f3n de maquinaria industrial para los sectores alimentario y farmac\u00e9utico. Nos especializamos en: M\u00e1quinas de cortar carne Fabricaci\u00f3n de comprimidos Sistemas de transporte industrial L\u00edneas de embotellado Dosificadores Y mucho m\u00e1s... Ofrecemos soluciones innovadoras y personalizadas para optimizar los procesos productivos de tu empresa.\",\"email\":\"Admistracion@distribucionarc.com\",\"telephone\":\"+34 643496664\",\"legalName\":\"ARC TECH SOLUTIONS\",\"foundingDate\":\"2024-04-09\",\"vatID\":\"B55480172\",\"numberOfEmployees\":{\"@type\":\"QuantitativeValue\",\"minValue\":\"1\",\"maxValue\":\"10\"}}]}<\/script>\n<!-- \/ Yoast SEO Premium plugin. -->","yoast_head_json":{"title":"Distilator apa alcool 38.5L - distributie ARC","robots":{"index":"index","follow":"follow","max-snippet":"max-snippet:-1","max-image-preview":"max-image-preview:large","max-video-preview":"max-video-preview:-1"},"canonical":"https:\/\/www.distribucionarc.com\/tr\/producto\/destilador-alcohol-de-agua-38-5l\/","og_locale":"ro_RO","og_type":"article","og_title":"Destilador alcohol de agua 38.5L","og_description":"Destilador de alcohol de 38 litros \u2013 Uso profesional y aficionado Este destilador de alcohol de 38 litros es una m\u00e1quina vers\u00e1til que se adapta tanto a hobbyistas como a usuarios profesionales. Su capacidad de 38 litros lo hace ideal para la producci\u00f3n casera de alcohol, destilaci\u00f3n de agua, aceites esenciales y otros l\u00edquidos. Con su dise\u00f1o de acero inoxidable de alta calidad, este destilador garantiza durabilidad, resistencia a la corrosi\u00f3n y seguridad en contacto con alimentos. Caracter\u00edsticas principales:   Capacidad de 38 litros (L): Suficiente para lotes medianos a grandes, lo que lo convierte en una opci\u00f3n flexible tanto para usuarios caseros como para peque\u00f1as producciones comerciales.  Acero inoxidable de grado alimenticio: La estructura est\u00e1 fabricada en acero inoxidable 304, garantizando que todos los procesos sean seguros y libres de contaminantes.  Sistema de enfriamiento eficiente: El destilador viene con un sistema de condensaci\u00f3n que utiliza agua para enfriar los vapores y transformarlos en l\u00edquido. Este sistema asegura un rendimiento \u00f3ptimo en la extracci\u00f3n del producto.  Versatilidad en usos: Aunque es mayormente utilizado para destilar alcohol (como aguardiente, ron, vodka, whisky, etc.), tambi\u00e9n se puede utilizar para destilar agua, aceites esenciales, e incluso para la extracci\u00f3n de alcoholes a base de frutas y hierbas.  Ejemplos de uso:   Destilaci\u00f3n de alcohol: Adecuado para quienes buscan crear bebidas alcoh\u00f3licas como aguardiente o whisky en casa o en peque\u00f1os lotes comerciales.  Destilaci\u00f3n de agua: \u00datil para producir agua purificada para usos industriales o consumo.  Aceites esenciales: Permite la extracci\u00f3n de aceites esenciales a partir de hierbas como lavanda o eucalipto, lo que lo convierte en una herramienta popular para la industria cosm\u00e9tica o aromaterapia.  Sectores donde se puede implementar:   Usuarios aficionados: Ideal para personas que practican la destilaci\u00f3n como hobby, ya que su tama\u00f1o es manejable y su operaci\u00f3n sencilla.  Peque\u00f1as destiler\u00edas: Perfecto para destiler\u00edas boutique que necesitan una m\u00e1quina confiable para peque\u00f1os lotes de producci\u00f3n.  Industria de aceites esenciales: Tambi\u00e9n es adecuado para peque\u00f1as empresas que extraen aceites esenciales de plantas y hierbas.  Peque\u00f1as f\u00e1bricas de bebidas: Este destilador se puede utilizar en la producci\u00f3n de bebidas alcoh\u00f3licas artesanales, como licores y aguardientes.","og_url":"https:\/\/www.distribucionarc.com\/tr\/producto\/destilador-alcohol-de-agua-38-5l\/","og_site_name":"distribuci\u00f3n ARC","article_modified_time":"2024-09-08T15:03:58+00:00","og_image":[{"width":1600,"height":1600,"url":"https:\/\/www.distribucionarc.com\/wp-content\/uploads\/2020\/07\/Destilador-alcohol-de-agua-38.5L-imagen-producto.jpg","type":"image\/jpeg"}],"twitter_card":"summary_large_image","twitter_misc":{"Timp estimat pentru citire":"2 minute"},"schema":{"@context":"https:\/\/schema.org","@graph":[{"@type":"WebPage","@id":"https:\/\/www.distribucionarc.com\/tr\/producto\/destilador-alcohol-de-agua-38-5l\/","url":"https:\/\/www.distribucionarc.com\/tr\/producto\/destilador-alcohol-de-agua-38-5l\/","name":"Distilator apa alcool 38.5L - distributie ARC","isPartOf":{"@id":"https:\/\/www.distribucionarc.com\/it\/#website"},"primaryImageOfPage":{"@id":"https:\/\/www.distribucionarc.com\/tr\/producto\/destilador-alcohol-de-agua-38-5l\/#primaryimage"},"image":{"@id":"https:\/\/www.distribucionarc.com\/tr\/producto\/destilador-alcohol-de-agua-38-5l\/#primaryimage"},"thumbnailUrl":"https:\/\/distribucionarc.com\/wp-content\/uploads\/2020\/07\/Destilador-alcohol-de-agua-38.5L-imagen-producto.jpg","datePublished":"2020-07-17T11:31:11+00:00","dateModified":"2024-09-08T15:03:58+00:00","breadcrumb":{"@id":"https:\/\/www.distribucionarc.com\/tr\/producto\/destilador-alcohol-de-agua-38-5l\/#breadcrumb"},"inLanguage":"ro-RO","potentialAction":[{"@type":"ReadAction","target":["https:\/\/www.distribucionarc.com\/tr\/producto\/destilador-alcohol-de-agua-38-5l\/"]}]},{"@type":"ImageObject","inLanguage":"ro-RO","@id":"https:\/\/www.distribucionarc.com\/tr\/producto\/destilador-alcohol-de-agua-38-5l\/#primaryimage","url":"https:\/\/distribucionarc.com\/wp-content\/uploads\/2020\/07\/Destilador-alcohol-de-agua-38.5L-imagen-producto.jpg","contentUrl":"https:\/\/distribucionarc.com\/wp-content\/uploads\/2020\/07\/Destilador-alcohol-de-agua-38.5L-imagen-producto.jpg","width":1600,"height":1600},{"@type":"BreadcrumbList","@id":"https:\/\/www.distribucionarc.com\/tr\/producto\/destilador-alcohol-de-agua-38-5l\/#breadcrumb","itemListElement":[{"@type":"ListItem","position":1,"name":"Portada","item":"https:\/\/distribucionarc.com\/nl\/"},{"@type":"ListItem","position":2,"name":"Productos","item":"https:\/\/distribucionarc.com\/shop\/"},{"@type":"ListItem","position":3,"name":"Destilador alcohol de agua 38.5L"}]},{"@type":"WebSite","@id":"https:\/\/www.distribucionarc.com\/it\/#website","url":"https:\/\/www.distribucionarc.com\/it\/","name":"Distribu\u021bie ARC","description":"Companie specializat\u0103 \u00een fabricarea \u0219i distribu\u021bia de utilaje industriale, ma\u0219ini de sigilat cutii, ma\u0219ini de fabricat tablete, ma\u0219ini de t\u0103iat carne...","publisher":{"@id":"https:\/\/www.distribucionarc.com\/it\/#organization"},"potentialAction":[{"@type":"SearchAction","target":{"@type":"EntryPoint","urlTemplate":"https:\/\/www.distribucionarc.com\/it\/?s={search_term_string}"},"query-input":{"@type":"PropertyValueSpecification","valueRequired":true,"valueName":"search_term_string"}}],"inLanguage":"ro-RO"},{"@type":"Organization","@id":"https:\/\/www.distribucionarc.com\/it\/#organization","name":"Distribu\u021bie ARC","url":"https:\/\/www.distribucionarc.com\/it\/","logo":{"@type":"ImageObject","inLanguage":"ro-RO","@id":"https:\/\/www.distribucionarc.com\/it\/#\/schema\/logo\/image\/","url":"https:\/\/distribucionarc.com\/wp-content\/uploads\/2024\/10\/distribucion-ARC-COLOR-SIN-FONDO-e1732295305345.png","contentUrl":"https:\/\/distribucionarc.com\/wp-content\/uploads\/2024\/10\/distribucion-ARC-COLOR-SIN-FONDO-e1732295305345.png","width":1164,"height":558,"caption":"Distribuci\u00f3n ARC"},"image":{"@id":"https:\/\/www.distribucionarc.com\/it\/#\/schema\/logo\/image\/"},"description":"Companie specializat\u0103 \u00een fabricarea \u0219i distribu\u021bia de utilaje industriale pentru sectoarele alimentar \u0219i farmaceutic. Suntem specializa\u021bi \u00een: Ma\u0219ini de t\u0103iat carne Fabricarea tabletelor Sisteme de transport industrial Linii de \u00eembuteliere Distribuitoare \u0218i multe altele... Oferim solu\u021bii inovatoare \u0219i personalizate pentru a optimiza procesele de produc\u021bie ale companiei dumneavoastr\u0103.","email":"Admistracion@distribucionarc.com","telephone":"+34 643496664","legalName":"ARC TECH SOLUTIONS","foundingDate":"2024-04-09","vatID":"B55480172","numberOfEmployees":{"@type":"QuantitativeValue","minValue":"1","maxValue":"10"}}]}},"_links":{"self":[{"href":"https:\/\/distribucionarc.com\/ro\/wp-json\/wp\/v2\/product\/1156","targetHints":{"allow":["GET"]}}],"collection":[{"href":"https:\/\/distribucionarc.com\/ro\/wp-json\/wp\/v2\/product"}],"about":[{"href":"https:\/\/distribucionarc.com\/ro\/wp-json\/wp\/v2\/types\/product"}],"replies":[{"embeddable":true,"href":"https:\/\/distribucionarc.com\/ro\/wp-json\/wp\/v2\/comments?post=1156"}],"version-history":[{"count":0,"href":"https:\/\/distribucionarc.com\/ro\/wp-json\/wp\/v2\/product\/1156\/revisions"}],"wp:featuredmedia":[{"embeddable":true,"href":"https:\/\/distribucionarc.com\/ro\/wp-json\/wp\/v2\/media\/6031"}],"wp:attachment":[{"href":"https:\/\/distribucionarc.com\/ro\/wp-json\/wp\/v2\/media?parent=1156"}],"wp:term":[{"taxonomy":"product_brand","embeddable":true,"href":"https:\/\/distribucionarc.com\/ro\/wp-json\/wp\/v2\/product_brand?post=1156"},{"taxonomy":"product_cat","embeddable":true,"href":"https:\/\/distribucionarc.com\/ro\/wp-json\/wp\/v2\/product_cat?post=1156"},{"taxonomy":"product_tag","embeddable":true,"href":"https:\/\/distribucionarc.com\/ro\/wp-json\/wp\/v2\/product_tag?post=1156"}],"curies":[{"name":"wp","href":"https:\/\/api.w.org\/{rel}","templated":true}]}}