{"id":1306,"date":"2020-07-29T13:54:04","date_gmt":"2020-07-29T13:54:04","guid":{"rendered":"https:\/\/distribucionarc.com\/?post_type=product&#038;p=1306"},"modified":"2024-10-06T07:11:27","modified_gmt":"2024-10-06T07:11:27","slug":"dozator-profesional-de-ciocolata-calda","status":"publish","type":"product","link":"https:\/\/distribucionarc.com\/ro\/producto\/dispensador-chocolatera-caliente-profesional\/","title":{"rendered":"Dozator profesional de ciocolata calda"},"content":{"rendered":"<h3>Dozator profesional de ciocolata calda<\/h3>\n<p>El <strong>dozator de ciocolata<\/strong> de <strong><span style=\"color: #ff0000;\">LA<\/span><span style=\"color: #0000ff;\">R<\/span>c<\/strong> Este partenerul perfect pentru orice buc\u0103t\u0103rie cu o cerere mare de ciocolat\u0103 cald\u0103, cu rezervorul s\u0103u de 10 L, design elegant, \u00eenc\u0103lzire rapid\u0103 \u0219i control constant al temperaturii.<\/p>\n<p>The <strong>producator de ciocolata<\/strong> de <strong><span style=\"color: #ff0000;\">LA<\/span><span style=\"color: #0000ff;\">R<\/span>c<\/strong> Are un rezervor cu o capacitate de 10 L pentru a facilita umplerea si a avea la dispozitie mai mult produs Structura sa robusta si eleganta este realizata din otel inoxidabil de cea mai buna calitate alimentara pentru a nu altera aromele.<\/p>\n<p>El <strong>dozator de ciocolata <span style=\"color: #ff0000;\">LA<\/span><span style=\"color: #0000ff;\">R<\/span>CMCH1<\/strong> Are controlul temperaturii cu senzori care men\u021bin lumina aprins\u0103 sau stins\u0103. <strong>producator de ciocolata<\/strong>, \u00een func\u021bie de intervalul de temperatur\u0103 care se potrive\u0219te cel mai bine nevoilor dumneavoastr\u0103. Designul de \u00eenc\u0103lzire cu barier\u0103 de ap\u0103 este cel mai eficient \u00een prevenirea arderii ciocolatei \u00een partea de jos a rezervorului.<\/p>\n<p>The <strong>producator de ciocolata<\/strong> de <strong><span style=\"color: #ff0000;\">LA<\/span><span style=\"color: #0000ff;\">R<\/span>c<\/strong> Este foarte usor de folosit deoarece are un sistem de evacuare si drenare a aburului, controlul automat al temperaturii face ca produsul sa ajunga usor la temperatura pe care o considerati. Pe l\u00e2ng\u0103 promovarea consumului redus de energie.<\/p>\n<h6><\/h6>\n<h6><strong>garan\u021bie\u00a0<span style=\"color: #ff0000;\">LA<\/span><span style=\"color: #0000ff;\">R<\/span>C 2 ANI<\/strong><\/h6>\n<h6><span style=\"color: #008000;\">Dozator eficient de ciocolata, consum redus 350w<\/span><\/h6>\n<h6><strong>suport tehnic inclus<\/strong><\/h6>\n<p>&nbsp;<\/p>\n<p>&nbsp;<\/p>\n<table role=\"presentation\" width=\"100%\" cellspacing=\"0\" cellpadding=\"0\">\n<tbody>\n<tr>\n<td class=\"attrLabels\">Temperatur\u0103:<\/td>\n<td width=\"50.0%\">\u00a030 \u2013 90\u00baC<\/td>\n<\/tr>\n<tr>\n<td class=\"attrLabels\">\u021aara de distribu\u021bie:<\/td>\n<td width=\"50.0%\">Spania, Germania, SUA<\/td>\n<td class=\"attrLabels\">Greutate:<\/td>\n<td width=\"50.0%\">15 kg<\/td>\n<\/tr>\n<tr>\n<td class=\"attrLabels\">Marca:<\/td>\n<td width=\"50.0%\">ARC<\/td>\n<td class=\"attrLabels\">\u00cen\u0103l\u0163ime:<\/td>\n<td width=\"50.0%\">49 cm<\/td>\n<\/tr>\n<tr>\n<td class=\"attrLabels\">Culoare:<\/td>\n<td width=\"50.0%\">Negru<\/td>\n<td class=\"attrLabels\">Lung:<\/td>\n<td width=\"50.0%\">36 cm<\/td>\n<\/tr>\n<tr>\n<td class=\"attrLabels\">Tip produs:<\/td>\n<td width=\"50.0%\">dozator de ciocolata<\/td>\n<td class=\"attrLabels\">Larg:<\/td>\n<td width=\"50.0%\">\u00a018 cm<\/td>\n<\/tr>\n<tr>\n<td class=\"attrLabels\">Numar producator:<\/td>\n<td width=\"50.0%\">ARCMCH1<\/td>\n<td class=\"attrLabels\">Putere:<\/td>\n<td width=\"50.0%\">\u00a0350W<\/td>\n<\/tr>\n<tr>\n<td class=\"attrLabels\">Material:<\/td>\n<td width=\"50.0%\">otel inoxidabil, control temperatura, senzori de temperatura<\/td>\n<td class=\"attrLabels\">tensiune de intrare<\/td>\n<td width=\"50.0%\">220V \u2013 60Hz<\/td>\n<\/tr>\n<tr>\n<td class=\"attrLabels\">Compartimente:<\/td>\n<td width=\"50.0%\">\u00a01<\/td>\n<td class=\"attrLabels\">Dimensiune rezervor:<\/td>\n<td width=\"50.0%\">9L<\/td>\n<\/tr>\n<tr>\n<td class=\"attrLabels\">Instrumente de instalare:<\/td>\n<td width=\"50.0%\">Da<\/td>\n<td class=\"attrLabels\">Garantie:<\/td>\n<td width=\"50.0%\">2 ANI<\/td>\n<\/tr>\n<\/tbody>\n<\/table>\n<p>&nbsp;<\/p>\n<p>&nbsp;<\/p>\n<p>&nbsp;<\/p>","protected":false},"excerpt":{"rendered":"<h2>Dozator profesional de ciocolata calda<\/h2>\n<p>Cel mai simplu mod de a conserva \u0219i servi ceva la fel de delicios ca <strong>ciocolat\u0103 fierbinte<\/strong>, cu <strong>producator de ciocolata<\/strong> de <strong><span style=\"color: #ff0000;\">LA<\/span><span style=\"color: #0000ff;\">R<\/span>c<\/strong> Ve\u021bi ob\u021bine un produs la temperatura corespunz\u0103toare care va p\u0103stra toat\u0103 aroma \u0219i propriet\u0103\u021bile produsului.<\/p>\n<p>Cu <strong>distribuitor de b\u0103uturi calde<\/strong> de <strong><span style=\"color: #ff0000;\">LA<\/span><span style=\"color: #0000ff;\">R<\/span>c<\/strong> Ve\u021bi vedea produc\u021bia crescut\u0103 datorit\u0103 manipul\u0103rii u\u0219oare \u0219i execut\u0103rii rapide. Va trebui s\u0103 a\u0219tepta\u021bi doar 0 p\u00e2n\u0103 la 3 minute pentru <strong>producator de ciocolata <span style=\"color: #ff0000;\">LA<\/span><span style=\"color: #0000ff;\">R<\/span>CMCH1<\/strong> aduce\u021bi produsul la temperatura ideal\u0103. Acest <strong>dozator de ciocolata<\/strong> Este cel mai potrivit pentru restaurante, cafenele, baruri, hoteluri, bufete etc.<\/p>\n<h6><strong>garan\u021bie\u00a0<span style=\"color: #ff0000;\">LA<\/span><span style=\"color: #0000ff;\">R<\/span>C 2 ANI<\/strong><\/h6>\n<h6><span style=\"color: #008000;\">Dozator eficient de ciocolata, consum redus 350w<\/span><\/h6>\n<h6><strong>suport tehnic inclus<\/strong><\/h6>","protected":false},"featured_media":1708,"comment_status":"open","ping_status":"closed","template":"","meta":{"wds_primary_product_brand":0,"wds_primary_product_cat":0},"product_brand":[],"product_cat":[57],"product_tag":[],"class_list":{"0":"post-1306","1":"product","2":"type-product","3":"status-publish","4":"has-post-thumbnail","6":"product_cat-dosificadores-dispensadores","7":"product_shipping_class-hosteleria","9":"first","10":"instock","11":"sale","12":"taxable","13":"shipping-taxable","14":"purchasable","15":"product-type-simple"},"yoast_head":"<!-- This site is optimized with the Yoast SEO Premium plugin v24.9 (Yoast SEO v26.1) - https:\/\/yoast.com\/wordpress\/plugins\/seo\/ -->\n<title>Dispensador Chocolatera caliente profesional - distribuci\u00f3n ARC<\/title>\n<meta name=\"robots\" content=\"index, follow, max-snippet:-1, max-image-preview:large, max-video-preview:-1\" \/>\n<link rel=\"canonical\" href=\"https:\/\/www.distribucionarc.com\/ro\/producto\/dispensador-chocolatera-caliente-profesional\/\" \/>\n<meta property=\"og:locale\" content=\"ro_RO\" \/>\n<meta property=\"og:type\" content=\"article\" \/>\n<meta property=\"og:title\" content=\"Dispensador Chocolatera caliente profesional\" \/>\n<meta property=\"og:description\" content=\"Dispensadora Chocolatera caliente profesional La forma m\u00e1s sencilla de conservar y servir algo tan delicioso como el chocolate caliente, con la chocolatera de ARC obtendr\u00e1 un producto a la temperatura adecuada que conservar\u00e1 todo el sabor y propiedades del producto.  Con el dispensador de bebidas calientes de ARC ver\u00e1 aumentada su producci\u00f3n por f\u00e1cil manejo y r\u00e1pida ejecuci\u00f3n. Tan solo tendr\u00e1 que esperar de 0 a 3 min para que la chocolatera ARCMCH1 lleve el producto a la temperatura ideal. Este dispensador de chocolate es el m\u00e1s adecuado para restaurantes, cafeter\u00edas, bar, hoteles, buffets, etc. Garant\u00eda\u00a0ARC 2 A\u00d1OS Dispensador de chocolate eficiente, bajo consumo 350w soporte t\u00e9cnico incluido\" \/>\n<meta property=\"og:url\" content=\"https:\/\/www.distribucionarc.com\/ro\/producto\/dispensador-chocolatera-caliente-profesional\/\" \/>\n<meta property=\"og:site_name\" content=\"distribuci\u00f3n ARC\" \/>\n<meta property=\"article:modified_time\" content=\"2024-10-06T07:11:27+00:00\" \/>\n<meta property=\"og:image\" content=\"https:\/\/www.distribucionarc.com\/wp-content\/uploads\/2020\/07\/Dispensador-Chocolatera-caliente-profesional-0.jpg\" \/>\n\t<meta property=\"og:image:width\" content=\"1600\" \/>\n\t<meta property=\"og:image:height\" content=\"1600\" \/>\n\t<meta property=\"og:image:type\" content=\"image\/jpeg\" \/>\n<meta name=\"twitter:card\" content=\"summary_large_image\" \/>\n<meta name=\"twitter:label1\" content=\"Timp estimat pentru citire\" \/>\n\t<meta name=\"twitter:data1\" content=\"2 minute\" \/>\n<script type=\"application\/ld+json\" class=\"yoast-schema-graph\">{\"@context\":\"https:\/\/schema.org\",\"@graph\":[{\"@type\":\"WebPage\",\"@id\":\"https:\/\/www.distribucionarc.com\/ro\/producto\/dispensador-chocolatera-caliente-profesional\/\",\"url\":\"https:\/\/www.distribucionarc.com\/ro\/producto\/dispensador-chocolatera-caliente-profesional\/\",\"name\":\"Dispensador Chocolatera caliente profesional - distribuci\u00f3n ARC\",\"isPartOf\":{\"@id\":\"https:\/\/distribucionarc.com\/de\/#website\"},\"primaryImageOfPage\":{\"@id\":\"https:\/\/www.distribucionarc.com\/ro\/producto\/dispensador-chocolatera-caliente-profesional\/#primaryimage\"},\"image\":{\"@id\":\"https:\/\/www.distribucionarc.com\/ro\/producto\/dispensador-chocolatera-caliente-profesional\/#primaryimage\"},\"thumbnailUrl\":\"https:\/\/distribucionarc.com\/wp-content\/uploads\/2020\/07\/Dispensador-Chocolatera-caliente-profesional-0.jpg\",\"datePublished\":\"2020-07-29T13:54:04+00:00\",\"dateModified\":\"2024-10-06T07:11:27+00:00\",\"breadcrumb\":{\"@id\":\"https:\/\/www.distribucionarc.com\/ro\/producto\/dispensador-chocolatera-caliente-profesional\/#breadcrumb\"},\"inLanguage\":\"ro-RO\",\"potentialAction\":[{\"@type\":\"ReadAction\",\"target\":[\"https:\/\/www.distribucionarc.com\/ro\/producto\/dispensador-chocolatera-caliente-profesional\/\"]}]},{\"@type\":\"ImageObject\",\"inLanguage\":\"ro-RO\",\"@id\":\"https:\/\/www.distribucionarc.com\/ro\/producto\/dispensador-chocolatera-caliente-profesional\/#primaryimage\",\"url\":\"https:\/\/distribucionarc.com\/wp-content\/uploads\/2020\/07\/Dispensador-Chocolatera-caliente-profesional-0.jpg\",\"contentUrl\":\"https:\/\/distribucionarc.com\/wp-content\/uploads\/2020\/07\/Dispensador-Chocolatera-caliente-profesional-0.jpg\",\"width\":1600,\"height\":1600,\"caption\":\"Dispensador chocolate caliente profesional\"},{\"@type\":\"BreadcrumbList\",\"@id\":\"https:\/\/www.distribucionarc.com\/ro\/producto\/dispensador-chocolatera-caliente-profesional\/#breadcrumb\",\"itemListElement\":[{\"@type\":\"ListItem\",\"position\":1,\"name\":\"Portada\",\"item\":\"https:\/\/distribucionarc.com\/pl\/\"},{\"@type\":\"ListItem\",\"position\":2,\"name\":\"Produkty\",\"item\":\"https:\/\/distribucionarc.com\/pl\/shop\/\"},{\"@type\":\"ListItem\",\"position\":3,\"name\":\"Dispensador Chocolatera caliente profesional\"}]},{\"@type\":\"WebSite\",\"@id\":\"https:\/\/distribucionarc.com\/de\/#website\",\"url\":\"https:\/\/distribucionarc.com\/de\/\",\"name\":\"distribuci\u00f3n ARC\",\"description\":\"Empresa especializada en la fabricaci\u00f3n y distribuci\u00f3n de maquinaria industrial, selladoras de latas, Maquinas de hacer pastillas, Maquinas de cortar carne...\",\"publisher\":{\"@id\":\"https:\/\/distribucionarc.com\/de\/#organization\"},\"potentialAction\":[{\"@type\":\"SearchAction\",\"target\":{\"@type\":\"EntryPoint\",\"urlTemplate\":\"https:\/\/distribucionarc.com\/de\/?s={search_term_string}\"},\"query-input\":{\"@type\":\"PropertyValueSpecification\",\"valueRequired\":true,\"valueName\":\"search_term_string\"}}],\"inLanguage\":\"ro-RO\"},{\"@type\":\"Organization\",\"@id\":\"https:\/\/distribucionarc.com\/de\/#organization\",\"name\":\"Distribuci\u00f3n ARC\",\"url\":\"https:\/\/distribucionarc.com\/de\/\",\"logo\":{\"@type\":\"ImageObject\",\"inLanguage\":\"ro-RO\",\"@id\":\"https:\/\/distribucionarc.com\/de\/#\/schema\/logo\/image\/\",\"url\":\"https:\/\/distribucionarc.com\/wp-content\/uploads\/2024\/10\/distribucion-ARC-COLOR-SIN-FONDO-e1732295305345.png\",\"contentUrl\":\"https:\/\/distribucionarc.com\/wp-content\/uploads\/2024\/10\/distribucion-ARC-COLOR-SIN-FONDO-e1732295305345.png\",\"width\":1164,\"height\":558,\"caption\":\"Distribuci\u00f3n ARC\"},\"image\":{\"@id\":\"https:\/\/distribucionarc.com\/de\/#\/schema\/logo\/image\/\"},\"description\":\"Empresa especializada en la fabricaci\u00f3n y distribuci\u00f3n de maquinaria industrial para los sectores alimentario y farmac\u00e9utico. Nos especializamos en: M\u00e1quinas de cortar carne Fabricaci\u00f3n de comprimidos Sistemas de transporte industrial L\u00edneas de embotellado Dosificadores Y mucho m\u00e1s... Ofrecemos soluciones innovadoras y personalizadas para optimizar los procesos productivos de tu empresa.\",\"email\":\"Admistracion@distribucionarc.com\",\"telephone\":\"+34 643496664\",\"legalName\":\"ARC TECH SOLUTIONS\",\"foundingDate\":\"2024-04-09\",\"vatID\":\"B55480172\",\"numberOfEmployees\":{\"@type\":\"QuantitativeValue\",\"minValue\":\"1\",\"maxValue\":\"10\"}}]}<\/script>\n<!-- \/ Yoast SEO Premium plugin. -->","yoast_head_json":{"title":"Dozator profesional de ciocolata calda - distributie ARC","robots":{"index":"index","follow":"follow","max-snippet":"max-snippet:-1","max-image-preview":"max-image-preview:large","max-video-preview":"max-video-preview:-1"},"canonical":"https:\/\/www.distribucionarc.com\/ro\/producto\/dispensador-chocolatera-caliente-profesional\/","og_locale":"ro_RO","og_type":"article","og_title":"Dispensador Chocolatera caliente profesional","og_description":"Dispensadora Chocolatera caliente profesional La forma m\u00e1s sencilla de conservar y servir algo tan delicioso como el chocolate caliente, con la chocolatera de ARC obtendr\u00e1 un producto a la temperatura adecuada que conservar\u00e1 todo el sabor y propiedades del producto.  Con el dispensador de bebidas calientes de ARC ver\u00e1 aumentada su producci\u00f3n por f\u00e1cil manejo y r\u00e1pida ejecuci\u00f3n. Tan solo tendr\u00e1 que esperar de 0 a 3 min para que la chocolatera ARCMCH1 lleve el producto a la temperatura ideal. Este dispensador de chocolate es el m\u00e1s adecuado para restaurantes, cafeter\u00edas, bar, hoteles, buffets, etc. Garant\u00eda\u00a0ARC 2 A\u00d1OS Dispensador de chocolate eficiente, bajo consumo 350w soporte t\u00e9cnico incluido","og_url":"https:\/\/www.distribucionarc.com\/ro\/producto\/dispensador-chocolatera-caliente-profesional\/","og_site_name":"distribuci\u00f3n ARC","article_modified_time":"2024-10-06T07:11:27+00:00","og_image":[{"width":1600,"height":1600,"url":"https:\/\/www.distribucionarc.com\/wp-content\/uploads\/2020\/07\/Dispensador-Chocolatera-caliente-profesional-0.jpg","type":"image\/jpeg"}],"twitter_card":"summary_large_image","twitter_misc":{"Timp estimat pentru citire":"2 minute"},"schema":{"@context":"https:\/\/schema.org","@graph":[{"@type":"WebPage","@id":"https:\/\/www.distribucionarc.com\/ro\/producto\/dispensador-chocolatera-caliente-profesional\/","url":"https:\/\/www.distribucionarc.com\/ro\/producto\/dispensador-chocolatera-caliente-profesional\/","name":"Dozator profesional de ciocolata calda - distributie ARC","isPartOf":{"@id":"https:\/\/distribucionarc.com\/de\/#website"},"primaryImageOfPage":{"@id":"https:\/\/www.distribucionarc.com\/ro\/producto\/dispensador-chocolatera-caliente-profesional\/#primaryimage"},"image":{"@id":"https:\/\/www.distribucionarc.com\/ro\/producto\/dispensador-chocolatera-caliente-profesional\/#primaryimage"},"thumbnailUrl":"https:\/\/distribucionarc.com\/wp-content\/uploads\/2020\/07\/Dispensador-Chocolatera-caliente-profesional-0.jpg","datePublished":"2020-07-29T13:54:04+00:00","dateModified":"2024-10-06T07:11:27+00:00","breadcrumb":{"@id":"https:\/\/www.distribucionarc.com\/ro\/producto\/dispensador-chocolatera-caliente-profesional\/#breadcrumb"},"inLanguage":"ro-RO","potentialAction":[{"@type":"ReadAction","target":["https:\/\/www.distribucionarc.com\/ro\/producto\/dispensador-chocolatera-caliente-profesional\/"]}]},{"@type":"ImageObject","inLanguage":"ro-RO","@id":"https:\/\/www.distribucionarc.com\/ro\/producto\/dispensador-chocolatera-caliente-profesional\/#primaryimage","url":"https:\/\/distribucionarc.com\/wp-content\/uploads\/2020\/07\/Dispensador-Chocolatera-caliente-profesional-0.jpg","contentUrl":"https:\/\/distribucionarc.com\/wp-content\/uploads\/2020\/07\/Dispensador-Chocolatera-caliente-profesional-0.jpg","width":1600,"height":1600,"caption":"Dispensador chocolate caliente profesional"},{"@type":"BreadcrumbList","@id":"https:\/\/www.distribucionarc.com\/ro\/producto\/dispensador-chocolatera-caliente-profesional\/#breadcrumb","itemListElement":[{"@type":"ListItem","position":1,"name":"Portada","item":"https:\/\/distribucionarc.com\/pl\/"},{"@type":"ListItem","position":2,"name":"Produkty","item":"https:\/\/distribucionarc.com\/pl\/shop\/"},{"@type":"ListItem","position":3,"name":"Dispensador Chocolatera caliente profesional"}]},{"@type":"WebSite","@id":"https:\/\/distribucionarc.com\/de\/#website","url":"https:\/\/distribucionarc.com\/de\/","name":"Distribu\u021bie ARC","description":"Companie specializat\u0103 \u00een fabricarea \u0219i distribu\u021bia de utilaje industriale, ma\u0219ini de sigilat cutii, ma\u0219ini de fabricat tablete, ma\u0219ini de t\u0103iat carne...","publisher":{"@id":"https:\/\/distribucionarc.com\/de\/#organization"},"potentialAction":[{"@type":"SearchAction","target":{"@type":"EntryPoint","urlTemplate":"https:\/\/distribucionarc.com\/de\/?s={search_term_string}"},"query-input":{"@type":"PropertyValueSpecification","valueRequired":true,"valueName":"search_term_string"}}],"inLanguage":"ro-RO"},{"@type":"Organization","@id":"https:\/\/distribucionarc.com\/de\/#organization","name":"Distribu\u021bie ARC","url":"https:\/\/distribucionarc.com\/de\/","logo":{"@type":"ImageObject","inLanguage":"ro-RO","@id":"https:\/\/distribucionarc.com\/de\/#\/schema\/logo\/image\/","url":"https:\/\/distribucionarc.com\/wp-content\/uploads\/2024\/10\/distribucion-ARC-COLOR-SIN-FONDO-e1732295305345.png","contentUrl":"https:\/\/distribucionarc.com\/wp-content\/uploads\/2024\/10\/distribucion-ARC-COLOR-SIN-FONDO-e1732295305345.png","width":1164,"height":558,"caption":"Distribuci\u00f3n ARC"},"image":{"@id":"https:\/\/distribucionarc.com\/de\/#\/schema\/logo\/image\/"},"description":"Companie specializat\u0103 \u00een fabricarea \u0219i distribu\u021bia de utilaje industriale pentru sectoarele alimentar \u0219i farmaceutic. Suntem specializa\u021bi \u00een: Ma\u0219ini de t\u0103iat carne Fabricarea tabletelor Sisteme de transport industrial Linii de \u00eembuteliere Distribuitoare \u0218i multe altele... Oferim solu\u021bii inovatoare \u0219i personalizate pentru a optimiza procesele de produc\u021bie ale companiei dumneavoastr\u0103.","email":"Admistracion@distribucionarc.com","telephone":"+34 643496664","legalName":"ARC TECH SOLUTIONS","foundingDate":"2024-04-09","vatID":"B55480172","numberOfEmployees":{"@type":"QuantitativeValue","minValue":"1","maxValue":"10"}}]}},"_links":{"self":[{"href":"https:\/\/distribucionarc.com\/ro\/wp-json\/wp\/v2\/product\/1306","targetHints":{"allow":["GET"]}}],"collection":[{"href":"https:\/\/distribucionarc.com\/ro\/wp-json\/wp\/v2\/product"}],"about":[{"href":"https:\/\/distribucionarc.com\/ro\/wp-json\/wp\/v2\/types\/product"}],"replies":[{"embeddable":true,"href":"https:\/\/distribucionarc.com\/ro\/wp-json\/wp\/v2\/comments?post=1306"}],"version-history":[{"count":0,"href":"https:\/\/distribucionarc.com\/ro\/wp-json\/wp\/v2\/product\/1306\/revisions"}],"wp:featuredmedia":[{"embeddable":true,"href":"https:\/\/distribucionarc.com\/ro\/wp-json\/wp\/v2\/media\/1708"}],"wp:attachment":[{"href":"https:\/\/distribucionarc.com\/ro\/wp-json\/wp\/v2\/media?parent=1306"}],"wp:term":[{"taxonomy":"product_brand","embeddable":true,"href":"https:\/\/distribucionarc.com\/ro\/wp-json\/wp\/v2\/product_brand?post=1306"},{"taxonomy":"product_cat","embeddable":true,"href":"https:\/\/distribucionarc.com\/ro\/wp-json\/wp\/v2\/product_cat?post=1306"},{"taxonomy":"product_tag","embeddable":true,"href":"https:\/\/distribucionarc.com\/ro\/wp-json\/wp\/v2\/product_tag?post=1306"}],"curies":[{"name":"wp","href":"https:\/\/api.w.org\/{rel}","templated":true}]}}