{"id":1308,"date":"2020-07-23T09:08:03","date_gmt":"2020-07-23T09:08:03","guid":{"rendered":"https:\/\/distribucionarc.com\/?post_type=product&#038;p=1308"},"modified":"2020-10-09T09:25:00","modified_gmt":"2020-10-09T09:25:00","slug":"masina-carnati-7l","status":"publish","type":"product","link":"https:\/\/distribucionarc.com\/ro\/producto\/maquina-para-embutidos-7l\/","title":{"rendered":"Aparat de c\u00e2rna\u021bi de 7 litri"},"content":{"rendered":"<h3>Aparat de c\u00e2rna\u021bi de 7 litri<\/h3>\n<p>Cu <strong>ma\u0219in\u0103 de c\u00e2rna\u021bi<\/strong>s din <strong><span style=\"color: #ff0000;\">LA<\/span><span style=\"color: #0000ff;\">R<\/span>c<\/strong> Pur \u0219i simplu umple\u021bi intestinul pentru a crea c\u00e2rna\u021bi de cas\u0103 foarte repede.<\/p>\n<p>The <strong>ma\u0219in\u0103 de c\u00e2rna\u021bi<\/strong> de <strong><span style=\"color: #ff0000;\">LA<\/span><span style=\"color: #0000ff;\">R<\/span>c<\/strong> Este realizata cu un corp din otel inoxidabil (si nu din fonta, ca si alte utilaje de acest tip) de cea mai buna calitate pentru alimentatie, astfel incat sa nu se schimbe aroma produselor dumneavoastra.  Soliditate \u0219i picioare din cauciuc antiderapante pentru a-i oferi stabilitate maxim\u0103.  Grosimea cilindrului spre deosebire de altele <strong>umpluturi<\/strong> \u00eei va oferi durabilitate excep\u021bional\u0103 \u0219i respectarea deplin\u0103 a celor mai stricte standarde de igien\u0103.<\/p>\n<p>The <strong>umplutur\u0103 de c\u00e2rna\u021bi <span style=\"color: #ff0000;\">LA<\/span><span style=\"color: #0000ff;\">R<\/span>CMPS1<\/strong> Are viteza manuala dubla, pentru a se potrivi nevoilor utilizatorului, operatiunile de golire si umplere sunt extrem de simple. Butoiul \u00eenclinat la 90\u00ba ajut\u0103 la simplificarea umplerii<\/p>\n<p>Are o supap\u0103 de evacuare a aerului pentru a reduce prezen\u021ba aerului \u00een cojile \u0219i carnea ambalat\u0103. Ma\u0219ina de c\u00e2rna\u021bi are 4 p\u00e2lnii de dimensiuni diferite pentru orice nevoie.<\/p>\n<p>The <strong>dozator de c\u00e2rna\u021bi<\/strong> de <strong><span style=\"color: #ff0000;\">LA<\/span><span style=\"color: #0000ff;\">R<\/span>c<\/strong> Se g\u00e2nde\u0219te la toat\u0103 lumea, motiv pentru care este adaptat \u0219i pentru st\u00e2ngaci. Cele mai bune ma\u0219ini pentru a v\u0103 cre\u0219te produc\u021bia f\u0103r\u0103 a modifica aroma produsului dumneavoastr\u0103.<\/p>\n<h6><strong>garan\u021bie\u00a0<span style=\"color: #ff0000;\">LA<\/span><span style=\"color: #0000ff;\">R<\/span>C 2 ANI<\/strong><\/h6>\n<h6><span style=\"color: #000000;\">Umplutur\u0103 manual\u0103 de c\u00e2rna\u021bi<\/span><\/h6>\n<p><strong>suport tehnic inclus<\/strong><\/p>\n<p>&nbsp;<\/p>\n<table role=\"presentation\" width=\"100%\" cellspacing=\"0\" cellpadding=\"0\">\n<tbody>\n<tr>\n<td class=\"attrLabels\">tip:<\/td>\n<td width=\"50.0%\">manual<\/td>\n<\/tr>\n<tr>\n<td class=\"attrLabels\">\u021aara de distribu\u021bie:<\/td>\n<td width=\"50.0%\">Spania, Germania, SUA<\/td>\n<td class=\"attrLabels\">Greutate:<\/td>\n<td width=\"50.0%\">20 kg<\/td>\n<\/tr>\n<tr>\n<td class=\"attrLabels\">Marca:<\/td>\n<td width=\"50.0%\">ARC<\/td>\n<td class=\"attrLabels\">\u00cen\u0103l\u0163ime:<\/td>\n<td width=\"50.0%\">78,4 cm<\/td>\n<\/tr>\n<tr>\n<td class=\"attrLabels\">Culoare:<\/td>\n<td width=\"50.0%\">Argint<\/td>\n<td class=\"attrLabels\">Lung:<\/td>\n<td width=\"50.0%\">28,95 cm<\/td>\n<\/tr>\n<tr>\n<td class=\"attrLabels\">Tip produs:<\/td>\n<td width=\"50.0%\">ma\u0219in\u0103 de c\u00e2rna\u021bi<\/td>\n<td class=\"attrLabels\">Larg:<\/td>\n<td width=\"50.0%\">\u00a028,95 cm<\/td>\n<\/tr>\n<tr>\n<td class=\"attrLabels\">Numar producator:<\/td>\n<td width=\"50.0%\">ARCMPS1<\/td>\n<td class=\"attrLabels\">Diametru: p\u00e2lnii<\/td>\n<td width=\"50.0%\">\u00a01,6 cm\/2,2 cm\/3,2 cm\/3,8 cm<\/td>\n<\/tr>\n<tr>\n<td class=\"attrLabels\">Material:<\/td>\n<td width=\"50.0%\">otel inoxidabil, cauciuc antiderapant, supapa de evacuare<\/td>\n<td class=\"attrLabels\">Dimensiune:<\/td>\n<td width=\"50.0%\">7L<\/td>\n<\/tr>\n<tr>\n<td class=\"attrLabels\">Vitez\u0103:<\/td>\n<td width=\"50.0%\">\u00cencet\/Rapid<\/td>\n<td class=\"attrLabels\">\u00a0Garantie:<\/td>\n<td width=\"50.0%\">2 ANI<\/td>\n<\/tr>\n<tr>\n<td class=\"attrLabels\">Instrumente de instalare:<\/td>\n<td width=\"50.0%\">Da<\/td>\n<td class=\"attrLabels\"><\/td>\n<td width=\"50.0%\"><\/td>\n<\/tr>\n<\/tbody>\n<\/table>","protected":false},"excerpt":{"rendered":"<h2>Aparat de c\u00e2rna\u021bi de 7 litri<\/h2>\n<p>The<strong> ma\u0219in\u0103 de c\u00e2rna\u021bi<\/strong> de <strong><span style=\"color: #ff0000;\">LA<\/span><span style=\"color: #0000ff;\">R<\/span>c<\/strong> 7 litri face extrem de u\u0219or s\u0103 se produc\u0103 mezeluri. Este ideal pentru medii de acas\u0103 sau restaurante \u0219i nu modific\u0103 aroma produsului. Are 4 p\u00e2lnii interschimbabile pentru umplere, este u\u0219or de cur\u0103\u021bat \u0219i poate func\u021biona la 2 viteze de \u00eempingere \u0219i ridicare.<\/p>\n<p>The<strong> \u00eendesat <span style=\"color: #ff0000;\">LA<\/span><span style=\"color: #0000ff;\">R<\/span>CMPS1<\/strong> Este fabricat din o\u021bel inoxidabil de \u00eenalt\u0103 calitate \u0219i vine cu caracteristici de ultim\u0103 genera\u021bie. Se caracterizeaz\u0103 printr-un sistem de conexiune de siguran\u021b\u0103 pentru unirea cilindrului cu piedestalul, astfel \u00eenc\u00e2t este u\u0219or demontat par\u021bial pentru umplere \u0219i complet pentru cur\u0103\u021bare. Pistonul \u00eencorporeaz\u0103 o supap\u0103 pneumatic\u0103 pentru a preveni p\u0103trunderea excesiv\u0103 a aerului \u0219i pentru a crea c\u00e2rna\u021bi perfecti.<\/p>\n<h6><strong>garan\u021bie\u00a0<span style=\"color: #ff0000;\">LA<\/span><span style=\"color: #0000ff;\">R<\/span>C 2 ANI<\/strong><\/h6>\n<h6><span style=\"color: #000000;\">Umplutur\u0103 manual\u0103 de c\u00e2rna\u021bi<\/span><\/h6>\n<p><strong>suport tehnic inclus<\/strong><\/p>","protected":false},"featured_media":1315,"comment_status":"open","ping_status":"closed","template":"","meta":{"wds_primary_product_brand":0,"wds_primary_product_cat":0},"product_brand":[],"product_cat":[50],"product_tag":[],"class_list":{"0":"post-1308","1":"product","2":"type-product","3":"status-publish","4":"has-post-thumbnail","6":"product_cat-elaboradoras-de-croquetas-y-albondigas","7":"product_shipping_class-hosteleria","9":"first","10":"instock","11":"sale","12":"taxable","13":"shipping-taxable","14":"purchasable","15":"product-type-simple"},"yoast_head":"<!-- This site is optimized with the Yoast SEO Premium plugin v24.9 (Yoast SEO v26.1) - https:\/\/yoast.com\/wordpress\/plugins\/seo\/ -->\n<title>M\u00e1quina para embutidos 7L - distribuci\u00f3n ARC<\/title>\n<meta name=\"robots\" content=\"index, follow, max-snippet:-1, max-image-preview:large, max-video-preview:-1\" \/>\n<link rel=\"canonical\" href=\"https:\/\/distribucionarc.com\/ro\/produs\/masina-carnati-7l\/\" \/>\n<meta property=\"og:locale\" content=\"ro_RO\" \/>\n<meta property=\"og:type\" content=\"article\" \/>\n<meta property=\"og:title\" content=\"M\u00e1quina para embutidos 7L\" \/>\n<meta property=\"og:description\" content=\"M\u00e1quina para embutidos 7L La m\u00e1quina de salchichas de ARC 7 litros hace que sea extremadamente f\u00e1cil producir carnes curadas. Es ideal para ambientes dom\u00e9sticos o restaurantes y no altera el sabor del producto. Tiene 4 embudos intercambiables para el llenado, es f\u00e1cil de limpiar y puede operar a 2 velocidades de empuje y elevaci\u00f3n.  La embutidora ARCMPS1 est\u00e1 hecha de acero inoxidable de alta calidad y viene con caracter\u00edsticas de \u00faltima generaci\u00f3n. Se caracteriza por un sistema de uni\u00f3n de seguridad, para unir el ca\u00f1\u00f3n al pedestal, por lo que se desmonta f\u00e1cilmente parcialmente para su llenado y totalmente para su limpieza. El pist\u00f3n incorpora una v\u00e1lvula neum\u00e1tica para evitar la penetraci\u00f3n excesiva del aire y crear salchichas perfectas. Garant\u00eda\u00a0ARC 2 A\u00d1OS Rellenadora de embutidos manual soporte t\u00e9cnico incluido\" \/>\n<meta property=\"og:url\" content=\"https:\/\/distribucionarc.com\/ro\/produs\/masina-carnati-7l\/\" \/>\n<meta property=\"og:site_name\" content=\"distribuci\u00f3n ARC\" \/>\n<meta property=\"article:modified_time\" content=\"2020-10-09T09:25:00+00:00\" \/>\n<meta property=\"og:image\" content=\"https:\/\/distribucionarc.com\/wp-content\/uploads\/2020\/07\/M\u00e1quina-para-embutidos-7L-0.jpg\" \/>\n\t<meta property=\"og:image:width\" content=\"1600\" \/>\n\t<meta property=\"og:image:height\" content=\"1600\" \/>\n\t<meta property=\"og:image:type\" content=\"image\/jpeg\" \/>\n<meta name=\"twitter:card\" content=\"summary_large_image\" \/>\n<meta name=\"twitter:label1\" content=\"Timp estimat pentru citire\" \/>\n\t<meta name=\"twitter:data1\" content=\"1 minut\" \/>\n<script type=\"application\/ld+json\" class=\"yoast-schema-graph\">{\"@context\":\"https:\/\/schema.org\",\"@graph\":[{\"@type\":\"WebPage\",\"@id\":\"https:\/\/distribucionarc.com\/nl\/producto\/maquina-para-embutidos-7l\/\",\"url\":\"https:\/\/distribucionarc.com\/nl\/producto\/maquina-para-embutidos-7l\/\",\"name\":\"M\u00e1quina para embutidos 7L - distribuci\u00f3n ARC\",\"isPartOf\":{\"@id\":\"https:\/\/distribucionarc.com\/de\/#website\"},\"primaryImageOfPage\":{\"@id\":\"https:\/\/distribucionarc.com\/nl\/producto\/maquina-para-embutidos-7l\/#primaryimage\"},\"image\":{\"@id\":\"https:\/\/distribucionarc.com\/nl\/producto\/maquina-para-embutidos-7l\/#primaryimage\"},\"thumbnailUrl\":\"https:\/\/distribucionarc.com\/wp-content\/uploads\/2020\/07\/M\u00e1quina-para-embutidos-7L-0.jpg\",\"datePublished\":\"2020-07-23T09:08:03+00:00\",\"dateModified\":\"2020-10-09T09:25:00+00:00\",\"breadcrumb\":{\"@id\":\"https:\/\/distribucionarc.com\/nl\/producto\/maquina-para-embutidos-7l\/#breadcrumb\"},\"inLanguage\":\"ro-RO\",\"potentialAction\":[{\"@type\":\"ReadAction\",\"target\":[\"https:\/\/distribucionarc.com\/nl\/producto\/maquina-para-embutidos-7l\/\"]}]},{\"@type\":\"ImageObject\",\"inLanguage\":\"ro-RO\",\"@id\":\"https:\/\/distribucionarc.com\/nl\/producto\/maquina-para-embutidos-7l\/#primaryimage\",\"url\":\"https:\/\/distribucionarc.com\/wp-content\/uploads\/2020\/07\/M\u00e1quina-para-embutidos-7L-0.jpg\",\"contentUrl\":\"https:\/\/distribucionarc.com\/wp-content\/uploads\/2020\/07\/M\u00e1quina-para-embutidos-7L-0.jpg\",\"width\":1600,\"height\":1600,\"caption\":\"Maquina para embutidos 7L\"},{\"@type\":\"BreadcrumbList\",\"@id\":\"https:\/\/distribucionarc.com\/nl\/producto\/maquina-para-embutidos-7l\/#breadcrumb\",\"itemListElement\":[{\"@type\":\"ListItem\",\"position\":1,\"name\":\"Portada\",\"item\":\"https:\/\/distribucionarc.com\/pl\/\"},{\"@type\":\"ListItem\",\"position\":2,\"name\":\"Produkty\",\"item\":\"https:\/\/distribucionarc.com\/pl\/shop\/\"},{\"@type\":\"ListItem\",\"position\":3,\"name\":\"M\u00e1quina para embutidos 7L\"}]},{\"@type\":\"WebSite\",\"@id\":\"https:\/\/distribucionarc.com\/de\/#website\",\"url\":\"https:\/\/distribucionarc.com\/de\/\",\"name\":\"distribuci\u00f3n ARC\",\"description\":\"Empresa especializada en la fabricaci\u00f3n y distribuci\u00f3n de maquinaria industrial, selladoras de latas, Maquinas de hacer pastillas, Maquinas de cortar carne...\",\"publisher\":{\"@id\":\"https:\/\/distribucionarc.com\/de\/#organization\"},\"potentialAction\":[{\"@type\":\"SearchAction\",\"target\":{\"@type\":\"EntryPoint\",\"urlTemplate\":\"https:\/\/distribucionarc.com\/de\/?s={search_term_string}\"},\"query-input\":{\"@type\":\"PropertyValueSpecification\",\"valueRequired\":true,\"valueName\":\"search_term_string\"}}],\"inLanguage\":\"ro-RO\"},{\"@type\":\"Organization\",\"@id\":\"https:\/\/distribucionarc.com\/de\/#organization\",\"name\":\"Distribuci\u00f3n ARC\",\"url\":\"https:\/\/distribucionarc.com\/de\/\",\"logo\":{\"@type\":\"ImageObject\",\"inLanguage\":\"ro-RO\",\"@id\":\"https:\/\/distribucionarc.com\/de\/#\/schema\/logo\/image\/\",\"url\":\"https:\/\/distribucionarc.com\/wp-content\/uploads\/2024\/10\/distribucion-ARC-COLOR-SIN-FONDO-e1732295305345.png\",\"contentUrl\":\"https:\/\/distribucionarc.com\/wp-content\/uploads\/2024\/10\/distribucion-ARC-COLOR-SIN-FONDO-e1732295305345.png\",\"width\":1164,\"height\":558,\"caption\":\"Distribuci\u00f3n ARC\"},\"image\":{\"@id\":\"https:\/\/distribucionarc.com\/de\/#\/schema\/logo\/image\/\"},\"description\":\"Empresa especializada en la fabricaci\u00f3n y distribuci\u00f3n de maquinaria industrial para los sectores alimentario y farmac\u00e9utico. Nos especializamos en: M\u00e1quinas de cortar carne Fabricaci\u00f3n de comprimidos Sistemas de transporte industrial L\u00edneas de embotellado Dosificadores Y mucho m\u00e1s... Ofrecemos soluciones innovadoras y personalizadas para optimizar los procesos productivos de tu empresa.\",\"email\":\"Admistracion@distribucionarc.com\",\"telephone\":\"+34 643496664\",\"legalName\":\"ARC TECH SOLUTIONS\",\"foundingDate\":\"2024-04-09\",\"vatID\":\"B55480172\",\"numberOfEmployees\":{\"@type\":\"QuantitativeValue\",\"minValue\":\"1\",\"maxValue\":\"10\"}}]}<\/script>\n<!-- \/ Yoast SEO Premium plugin. -->","yoast_head_json":{"title":"Ma\u0219in\u0103 de c\u00e2rna\u021bi 7L - distribu\u021bie ARC","robots":{"index":"index","follow":"follow","max-snippet":"max-snippet:-1","max-image-preview":"max-image-preview:large","max-video-preview":"max-video-preview:-1"},"canonical":"https:\/\/distribucionarc.com\/ro\/produs\/masina-carnati-7l\/","og_locale":"ro_RO","og_type":"article","og_title":"M\u00e1quina para embutidos 7L","og_description":"M\u00e1quina para embutidos 7L La m\u00e1quina de salchichas de ARC 7 litros hace que sea extremadamente f\u00e1cil producir carnes curadas. Es ideal para ambientes dom\u00e9sticos o restaurantes y no altera el sabor del producto. Tiene 4 embudos intercambiables para el llenado, es f\u00e1cil de limpiar y puede operar a 2 velocidades de empuje y elevaci\u00f3n.  La embutidora ARCMPS1 est\u00e1 hecha de acero inoxidable de alta calidad y viene con caracter\u00edsticas de \u00faltima generaci\u00f3n. Se caracteriza por un sistema de uni\u00f3n de seguridad, para unir el ca\u00f1\u00f3n al pedestal, por lo que se desmonta f\u00e1cilmente parcialmente para su llenado y totalmente para su limpieza. El pist\u00f3n incorpora una v\u00e1lvula neum\u00e1tica para evitar la penetraci\u00f3n excesiva del aire y crear salchichas perfectas. Garant\u00eda\u00a0ARC 2 A\u00d1OS Rellenadora de embutidos manual soporte t\u00e9cnico incluido","og_url":"https:\/\/distribucionarc.com\/ro\/produs\/masina-carnati-7l\/","og_site_name":"distribuci\u00f3n ARC","article_modified_time":"2020-10-09T09:25:00+00:00","og_image":[{"width":1600,"height":1600,"url":"https:\/\/distribucionarc.com\/wp-content\/uploads\/2020\/07\/M\u00e1quina-para-embutidos-7L-0.jpg","type":"image\/jpeg"}],"twitter_card":"summary_large_image","twitter_misc":{"Timp estimat pentru citire":"1 minut"},"schema":{"@context":"https:\/\/schema.org","@graph":[{"@type":"WebPage","@id":"https:\/\/distribucionarc.com\/nl\/producto\/maquina-para-embutidos-7l\/","url":"https:\/\/distribucionarc.com\/nl\/producto\/maquina-para-embutidos-7l\/","name":"Ma\u0219in\u0103 de c\u00e2rna\u021bi 7L - distribu\u021bie ARC","isPartOf":{"@id":"https:\/\/distribucionarc.com\/de\/#website"},"primaryImageOfPage":{"@id":"https:\/\/distribucionarc.com\/nl\/producto\/maquina-para-embutidos-7l\/#primaryimage"},"image":{"@id":"https:\/\/distribucionarc.com\/nl\/producto\/maquina-para-embutidos-7l\/#primaryimage"},"thumbnailUrl":"https:\/\/distribucionarc.com\/wp-content\/uploads\/2020\/07\/M\u00e1quina-para-embutidos-7L-0.jpg","datePublished":"2020-07-23T09:08:03+00:00","dateModified":"2020-10-09T09:25:00+00:00","breadcrumb":{"@id":"https:\/\/distribucionarc.com\/nl\/producto\/maquina-para-embutidos-7l\/#breadcrumb"},"inLanguage":"ro-RO","potentialAction":[{"@type":"ReadAction","target":["https:\/\/distribucionarc.com\/nl\/producto\/maquina-para-embutidos-7l\/"]}]},{"@type":"ImageObject","inLanguage":"ro-RO","@id":"https:\/\/distribucionarc.com\/nl\/producto\/maquina-para-embutidos-7l\/#primaryimage","url":"https:\/\/distribucionarc.com\/wp-content\/uploads\/2020\/07\/M\u00e1quina-para-embutidos-7L-0.jpg","contentUrl":"https:\/\/distribucionarc.com\/wp-content\/uploads\/2020\/07\/M\u00e1quina-para-embutidos-7L-0.jpg","width":1600,"height":1600,"caption":"Maquina para embutidos 7L"},{"@type":"BreadcrumbList","@id":"https:\/\/distribucionarc.com\/nl\/producto\/maquina-para-embutidos-7l\/#breadcrumb","itemListElement":[{"@type":"ListItem","position":1,"name":"Portada","item":"https:\/\/distribucionarc.com\/pl\/"},{"@type":"ListItem","position":2,"name":"Produkty","item":"https:\/\/distribucionarc.com\/pl\/shop\/"},{"@type":"ListItem","position":3,"name":"M\u00e1quina para embutidos 7L"}]},{"@type":"WebSite","@id":"https:\/\/distribucionarc.com\/de\/#website","url":"https:\/\/distribucionarc.com\/de\/","name":"Distribu\u021bie ARC","description":"Companie specializat\u0103 \u00een fabricarea \u0219i distribu\u021bia de utilaje industriale, ma\u0219ini de sigilat cutii, ma\u0219ini de fabricat tablete, ma\u0219ini de t\u0103iat carne...","publisher":{"@id":"https:\/\/distribucionarc.com\/de\/#organization"},"potentialAction":[{"@type":"SearchAction","target":{"@type":"EntryPoint","urlTemplate":"https:\/\/distribucionarc.com\/de\/?s={search_term_string}"},"query-input":{"@type":"PropertyValueSpecification","valueRequired":true,"valueName":"search_term_string"}}],"inLanguage":"ro-RO"},{"@type":"Organization","@id":"https:\/\/distribucionarc.com\/de\/#organization","name":"Distribu\u021bie ARC","url":"https:\/\/distribucionarc.com\/de\/","logo":{"@type":"ImageObject","inLanguage":"ro-RO","@id":"https:\/\/distribucionarc.com\/de\/#\/schema\/logo\/image\/","url":"https:\/\/distribucionarc.com\/wp-content\/uploads\/2024\/10\/distribucion-ARC-COLOR-SIN-FONDO-e1732295305345.png","contentUrl":"https:\/\/distribucionarc.com\/wp-content\/uploads\/2024\/10\/distribucion-ARC-COLOR-SIN-FONDO-e1732295305345.png","width":1164,"height":558,"caption":"Distribuci\u00f3n ARC"},"image":{"@id":"https:\/\/distribucionarc.com\/de\/#\/schema\/logo\/image\/"},"description":"Companie specializat\u0103 \u00een fabricarea \u0219i distribu\u021bia de utilaje industriale pentru sectoarele alimentar \u0219i farmaceutic. Suntem specializa\u021bi \u00een: Ma\u0219ini de t\u0103iat carne Fabricarea tabletelor Sisteme de transport industrial Linii de \u00eembuteliere Distribuitoare \u0218i multe altele... Oferim solu\u021bii inovatoare \u0219i personalizate pentru a optimiza procesele de produc\u021bie ale companiei dumneavoastr\u0103.","email":"Admistracion@distribucionarc.com","telephone":"+34 643496664","legalName":"ARC TECH SOLUTIONS","foundingDate":"2024-04-09","vatID":"B55480172","numberOfEmployees":{"@type":"QuantitativeValue","minValue":"1","maxValue":"10"}}]}},"_links":{"self":[{"href":"https:\/\/distribucionarc.com\/ro\/wp-json\/wp\/v2\/product\/1308","targetHints":{"allow":["GET"]}}],"collection":[{"href":"https:\/\/distribucionarc.com\/ro\/wp-json\/wp\/v2\/product"}],"about":[{"href":"https:\/\/distribucionarc.com\/ro\/wp-json\/wp\/v2\/types\/product"}],"replies":[{"embeddable":true,"href":"https:\/\/distribucionarc.com\/ro\/wp-json\/wp\/v2\/comments?post=1308"}],"version-history":[{"count":0,"href":"https:\/\/distribucionarc.com\/ro\/wp-json\/wp\/v2\/product\/1308\/revisions"}],"wp:featuredmedia":[{"embeddable":true,"href":"https:\/\/distribucionarc.com\/ro\/wp-json\/wp\/v2\/media\/1315"}],"wp:attachment":[{"href":"https:\/\/distribucionarc.com\/ro\/wp-json\/wp\/v2\/media?parent=1308"}],"wp:term":[{"taxonomy":"product_brand","embeddable":true,"href":"https:\/\/distribucionarc.com\/ro\/wp-json\/wp\/v2\/product_brand?post=1308"},{"taxonomy":"product_cat","embeddable":true,"href":"https:\/\/distribucionarc.com\/ro\/wp-json\/wp\/v2\/product_cat?post=1308"},{"taxonomy":"product_tag","embeddable":true,"href":"https:\/\/distribucionarc.com\/ro\/wp-json\/wp\/v2\/product_tag?post=1308"}],"curies":[{"name":"wp","href":"https:\/\/api.w.org\/{rel}","templated":true}]}}