{"id":1343,"date":"2020-07-23T10:16:39","date_gmt":"2020-07-23T10:16:39","guid":{"rendered":"https:\/\/distribucionarc.com\/?post_type=product&#038;p=1343"},"modified":"2020-09-29T18:25:55","modified_gmt":"2020-09-29T18:25:55","slug":"extractor-electric-miere-4m","status":"publish","type":"product","link":"https:\/\/distribucionarc.com\/ro\/producto\/extractor-de-miel-electrico-4m\/","title":{"rendered":"Extractor electric de miere 4M"},"content":{"rendered":"<h3><strong>Extractor electric de miere 4M<\/strong><\/h3>\n<p>Acest\u00a0<strong>ma\u0219in\u0103 electric\u0103 industrial\u0103<\/strong>\u00a0pentru\u00a0<strong>apicultur\u0103<\/strong>\u00a0Dispune de un corp din o\u021bel inoxidabil lustruit de \u00eenalt\u0103 calitate \u0219i un cadru de stup pentru rezisten\u021b\u0103 la rugin\u0103 \u0219i abraziune. Construc\u021bia de sudare f\u0103r\u0103 sudur\u0103 v\u0103 va facilita \u00eentre\u021binerea \u0219i cur\u0103\u021barea ma\u0219inii.<\/p>\n<p>The\u00a0<strong>extractor electric de miere <span style=\"color: #ff0000\">LA<\/span><span style=\"color: #0000ff\">R<\/span>CEME03<\/strong>\u00a0Are un motor de 120W 1.1A, 1300 rpm cu optiuni de viteza variabila, acest extractor de miere este alimentat de un motor electric. Metoda de operare este simpl\u0103, economisind timp \u0219i for\u021b\u0103 de munc\u0103. Pe l\u00e2ng\u0103 faptul c\u0103 favorizeaz\u0103 consumul de energie datorit\u0103 acestuia\u00a0<strong>motor cu consum redus<\/strong>.<\/p>\n<p>The\u00a0<strong>ma\u0219ini de apicultura<\/strong>\u00a0de\u00a0<strong><span style=\"color: #ff0000\">LA<\/span><span style=\"color: #0000ff\">R<\/span>c<\/strong> Este proiectat pentru sarcini grele, manevreaz\u0103 p\u00e2n\u0103 la 4 rame standard la ad\u00e2ncime mic\u0103, medie \u0219i mare, echipamentul \u00eenchis de pe cadru ajut\u0103 s\u0103 nu contamineze <strong>Miere<\/strong>.<br \/>\nGrinda \u00eengro\u0219at\u0103 integrat\u0103 este construit\u0103 din aliaj de aluminiu durabil, care este mai puternic \u0219i mai stabil. F\u0103r\u0103 margini ascu\u021bite pentru a evita contaminarea<strong>\u00a0Miere<\/strong>\u00a0\u0219i ofer\u0103 o manipulare mai sigur\u0103. Compact \u0219i conceput pentru a v\u0103 oferi mai mult\u0103 stabilitate<br \/>\nAre 2 capace transparente pentru a permite observarea in timpul procesului de\u00a0<strong>extrac\u0163ie<\/strong>. Poarta\u00a0<strong>conceput pentru miere<\/strong>\u00a0\u00een fundul rezervorului permite mierii s\u0103 curg\u0103 dup\u0103 bunul plac.<\/p>\n<p>Utilizarea\u00a0<strong><span style=\"color: #ff0000\">LA<\/span><span style=\"color: #0000ff\">R<\/span>CEME03<\/strong>\u00a0v\u0103 va ajuta \u00een acest proces\u00a0<strong>fabricarea mierii<\/strong>\u00a0pentru comoditatea \u0219i u\u0219urin\u021ba de prelucrare, la fel de simplu ca plasarea<strong>\u00a0fagure<\/strong>\u00a0pe rame si activati motorul electric pentru a incepe sa se roteasca si obtineti astfel produsul final; \u00eentr-un timp foarte scurt. Ideal pentru pasionat sau\u00a0<strong>mic apicultor<\/strong>.<\/p>\n<h6><strong>garan\u021bie\u00a0<span style=\"color: red\">LA<\/span><span style=\"color: blue\">R<\/span>C 2 ANI<\/strong><\/h6>\n<h6><span style=\"color: green\">Extractor de miere electric eficient, consum redus 120w<\/span><\/h6>\n<h6><strong>suport tehnic inclus<\/strong><\/h6>\n<p>&nbsp;<\/p>\n<p>&nbsp;<\/p>\n<table role=\"presentation\" width=\"100%\" cellspacing=\"0\" cellpadding=\"0\">\n<tbody>\n<tr>\n<td class=\"attrLabels\">putere:<\/td>\n<td width=\"50.0%\">120W<\/td>\n<\/tr>\n<tr>\n<td class=\"attrLabels\">\u021aara de distribu\u021bie:<\/td>\n<td width=\"50.0%\">Spania, Germania, SUA<\/td>\n<td class=\"attrLabels\">Greutate:<\/td>\n<td width=\"50.0%\">23 kg<\/td>\n<\/tr>\n<tr>\n<td class=\"attrLabels\">Marca:<\/td>\n<td width=\"50.0%\">ARC<\/td>\n<td class=\"attrLabels\">\u00cen\u0103l\u0163ime:<\/td>\n<td width=\"50.0%\">78 cm<\/td>\n<\/tr>\n<tr>\n<td class=\"attrLabels\">Culoare:<\/td>\n<td width=\"50.0%\">Argint<\/td>\n<td class=\"attrLabels\">Lung:<\/td>\n<td width=\"50.0%\">\u00a053 cm<\/td>\n<\/tr>\n<tr>\n<td class=\"attrLabels\">Tip produs:<\/td>\n<td width=\"50.0%\">extractor electric de miere<\/td>\n<td class=\"attrLabels\">Larg:<\/td>\n<td width=\"50.0%\">53 cm<\/td>\n<\/tr>\n<tr>\n<td class=\"attrLabels\">Numar producator:<\/td>\n<td width=\"50.0%\">ARCEME03<\/td>\n<td class=\"attrLabels\">Puterea motorului:<\/td>\n<td width=\"50.0%\">1.1A<\/td>\n<\/tr>\n<tr>\n<td class=\"attrLabels\">Material:<\/td>\n<td width=\"50.0%\">otel inoxidabil, motor consum redus, aliaj de aluminiu<\/td>\n<td class=\"attrLabels\">tensiune de intrare<\/td>\n<td width=\"50.0%\">220V \u2013 50Hz110V \u2013 60Hz<\/td>\n<\/tr>\n<tr>\n<td class=\"attrLabels\">Dimensiuni butoi:<\/td>\n<td width=\"50.0%\">50 cm diametru<\/td>\n<td class=\"attrLabels\">Garantie:<\/td>\n<td width=\"50.0%\">2 ANI<\/td>\n<\/tr>\n<tr>\n<td class=\"attrLabels\">\u00cen\u0103l\u021bimea butoiului:<\/td>\n<td width=\"50.0%\">60 cm<\/td>\n<td class=\"attrLabels\">Productie:<\/td>\n<td width=\"50.0%\">4 m\u0103rci<\/td>\n<\/tr>\n<\/tbody>\n<\/table>","protected":false},"excerpt":{"rendered":"<h2>Extractor electric de miere 4M<\/h2>\n<p>El<strong>\u00a0extractor electric de miere<\/strong>\u00a0de<strong>\u00a0<span style=\"color: red\">LA<\/span><span style=\"color: blue\">R<\/span>c<\/strong> Este conceput pentru a prelucra 4 rame, este realizat din otel inoxidabil extrem de rezistent. Acest <strong>ma\u0219ini de apicultura<\/strong>\u00a0este furnizat unui<strong>\u00a0pret imbatabil<\/strong>\u00a0pentru grija lor \u00een produc\u021bia de miere \u0219i materialele lor de cea mai bun\u0103 calitate.<\/p>\n<p>El\u00a0<strong>extractor de rahat<\/strong>l Vine cu 2 capace transparente \u0219i 2 m\u00e2nere laterale pentru transport u\u0219or. Partea interioar\u0103 inferioar\u0103 a tulpinii are form\u0103 conic\u0103. The\u00a0<strong>Miere<\/strong>\u00a0Se descarc\u0103 din dozatorul de 5 cm cu dispozitiv de blocare. El\u00a0<strong>extractor electric de miere<\/strong> este conceput pentru a procesa <strong>4 rame<\/strong>\u00a0\u0219i este potrivit pentru rame cu ad\u00e2ncime mic\u0103, medie \u0219i mare. Angrenajele metalice sunt complet interne pentru a le \u00eempiedica s\u0103 se murd\u0103reasc\u0103 cu miere. El\u00a0<strong>extractor de miere\u00a0<span style=\"color: red\">LA<\/span><span style=\"color: blue\">R<\/span>CEME03<\/strong>\u00a0Este unul dintre pu\u021binele de pe pia\u021b\u0103 echipate cu un rulment ridicat inferior care \u00eempiedic\u0103 p\u0103trunderea mierii extrase. Finisajul din o\u021bel inoxidabil lustruit \u00een oglind\u0103 \u00eei confer\u0103 caracteristici foarte elegante.<\/p>\n<h6><strong>garan\u021bie\u00a0<span style=\"color: red\">LA<\/span><span style=\"color: blue\">R<\/span>C 2 ANI<\/strong><\/h6>\n<h6><span style=\"color: green\">Extractor de miere electric eficient, consum redus 120w<\/span><\/h6>\n<h6><strong>suport tehnic inclus<\/strong><\/h6>","protected":false},"featured_media":1352,"comment_status":"open","ping_status":"closed","template":"","meta":{"wds_primary_product_brand":0,"wds_primary_product_cat":0},"product_brand":[],"product_cat":[30],"product_tag":[],"class_list":{"0":"post-1343","1":"product","2":"type-product","3":"status-publish","4":"has-post-thumbnail","6":"product_cat-maquinaria-apicola","7":"product_shipping_class-express","9":"first","10":"instock","11":"sale","12":"taxable","13":"shipping-taxable","14":"purchasable","15":"product-type-simple"},"yoast_head":"<!-- This site is optimized with the Yoast SEO Premium plugin v24.9 (Yoast SEO v26.1) - https:\/\/yoast.com\/wordpress\/plugins\/seo\/ -->\n<title>Extractor de miel el\u00e9ctrico 4M - distribuci\u00f3n ARC<\/title>\n<meta name=\"robots\" content=\"index, follow, max-snippet:-1, max-image-preview:large, max-video-preview:-1\" \/>\n<link rel=\"canonical\" href=\"https:\/\/distribucionarc.com\/ro\/produs\/extractor-electric-miere-4m\/\" \/>\n<meta property=\"og:locale\" content=\"ro_RO\" \/>\n<meta property=\"og:type\" content=\"article\" \/>\n<meta property=\"og:title\" content=\"Extractor de miel el\u00e9ctrico 4M\" \/>\n<meta property=\"og:description\" content=\"Extractor de miel el\u00e9ctrico 4M El\u00a0Extractor de miel el\u00e9ctrico\u00a0de\u00a0ARC est\u00e1 dise\u00f1ada para procesar 4 marcos, est\u00e1 hecho de acero inoxidable extremadamente duradero. Esta maquinaria ap\u00edcola\u00a0se proporciona a un\u00a0precio inmejorable\u00a0por su cuidado en la elaboraci\u00f3n de la miel y sus materiales de primera calidad.  El\u00a0extractor de miel viene con 2 tapas transparentes y 2 asas laterales para facilitar el transporte. La parte inferior interna del tallo tiene forma c\u00f3nica. La\u00a0miel\u00a0se descarga del dispensador de 5 cm con un dispositivo de bloqueo. El\u00a0extractor de miel el\u00e9ctrico est\u00e1 dise\u00f1ado para procesar 4\u00a0marcos\u00a0y es adecuado para marcos de baja, media y alta profundidad. Los engranajes met\u00e1licos son totalmente internos para evitar que se ensucie con la miel. El\u00a0extractor de miel\u00a0ARCEME03\u00a0es uno de los pocos en el mercado equipado con un rodamiento elevado m\u00e1s bajo que impide la penetraci\u00f3n de la miel extra\u00edda. El acabado de acero inoxidable pulido espejo le da unas caracter\u00edsticas muy elegantes. Garant\u00eda\u00a0ARC 2 A\u00d1OS Extractor de miel el\u00e9ctrico eficiente, bajo consumo 120w soporte t\u00e9cnico\u00a0incluido\" \/>\n<meta property=\"og:url\" content=\"https:\/\/distribucionarc.com\/ro\/produs\/extractor-electric-miere-4m\/\" \/>\n<meta property=\"og:site_name\" content=\"distribuci\u00f3n ARC\" \/>\n<meta property=\"article:modified_time\" content=\"2020-09-29T18:25:55+00:00\" \/>\n<meta property=\"og:image\" content=\"https:\/\/distribucionarc.com\/wp-content\/uploads\/2020\/07\/Extractor-de-miel-el\u00e9ctrico-4M-2.jpg\" \/>\n\t<meta property=\"og:image:width\" content=\"1600\" \/>\n\t<meta property=\"og:image:height\" content=\"1600\" \/>\n\t<meta property=\"og:image:type\" content=\"image\/jpeg\" \/>\n<meta name=\"twitter:card\" content=\"summary_large_image\" \/>\n<meta name=\"twitter:label1\" content=\"Timp estimat pentru citire\" \/>\n\t<meta name=\"twitter:data1\" content=\"2 minute\" \/>\n<script type=\"application\/ld+json\" class=\"yoast-schema-graph\">{\"@context\":\"https:\/\/schema.org\",\"@graph\":[{\"@type\":\"WebPage\",\"@id\":\"https:\/\/distribucionarc.com\/en\/producto\/extractor-de-miel-electrico-4m\/\",\"url\":\"https:\/\/distribucionarc.com\/en\/producto\/extractor-de-miel-electrico-4m\/\",\"name\":\"Extractor de miel el\u00e9ctrico 4M - distribuci\u00f3n ARC\",\"isPartOf\":{\"@id\":\"https:\/\/www.distribucionarc.com\/de\/#website\"},\"primaryImageOfPage\":{\"@id\":\"https:\/\/distribucionarc.com\/en\/producto\/extractor-de-miel-electrico-4m\/#primaryimage\"},\"image\":{\"@id\":\"https:\/\/distribucionarc.com\/en\/producto\/extractor-de-miel-electrico-4m\/#primaryimage\"},\"thumbnailUrl\":\"https:\/\/distribucionarc.com\/wp-content\/uploads\/2020\/07\/Extractor-de-miel-el\u00e9ctrico-4M-2.jpg\",\"datePublished\":\"2020-07-23T10:16:39+00:00\",\"dateModified\":\"2020-09-29T18:25:55+00:00\",\"breadcrumb\":{\"@id\":\"https:\/\/distribucionarc.com\/en\/producto\/extractor-de-miel-electrico-4m\/#breadcrumb\"},\"inLanguage\":\"ro-RO\",\"potentialAction\":[{\"@type\":\"ReadAction\",\"target\":[\"https:\/\/distribucionarc.com\/en\/producto\/extractor-de-miel-electrico-4m\/\"]}]},{\"@type\":\"ImageObject\",\"inLanguage\":\"ro-RO\",\"@id\":\"https:\/\/distribucionarc.com\/en\/producto\/extractor-de-miel-electrico-4m\/#primaryimage\",\"url\":\"https:\/\/distribucionarc.com\/wp-content\/uploads\/2020\/07\/Extractor-de-miel-el\u00e9ctrico-4M-2.jpg\",\"contentUrl\":\"https:\/\/distribucionarc.com\/wp-content\/uploads\/2020\/07\/Extractor-de-miel-el\u00e9ctrico-4M-2.jpg\",\"width\":1600,\"height\":1600,\"caption\":\"Extractor de miel el\u00e9ctrico 4M\"},{\"@type\":\"BreadcrumbList\",\"@id\":\"https:\/\/distribucionarc.com\/en\/producto\/extractor-de-miel-electrico-4m\/#breadcrumb\",\"itemListElement\":[{\"@type\":\"ListItem\",\"position\":1,\"name\":\"Portada\",\"item\":\"https:\/\/www.distribucionarc.com\/en\/\"},{\"@type\":\"ListItem\",\"position\":2,\"name\":\"Products\",\"item\":\"https:\/\/www.distribucionarc.com\/en\/shop\/\"},{\"@type\":\"ListItem\",\"position\":3,\"name\":\"Extractor de miel el\u00e9ctrico 4M\"}]},{\"@type\":\"WebSite\",\"@id\":\"https:\/\/www.distribucionarc.com\/de\/#website\",\"url\":\"https:\/\/www.distribucionarc.com\/de\/\",\"name\":\"distribuci\u00f3n ARC\",\"description\":\"Empresa especializada en la fabricaci\u00f3n y distribuci\u00f3n de maquinaria industrial, selladoras de latas, Maquinas de hacer pastillas, Maquinas de cortar carne...\",\"publisher\":{\"@id\":\"https:\/\/www.distribucionarc.com\/de\/#organization\"},\"potentialAction\":[{\"@type\":\"SearchAction\",\"target\":{\"@type\":\"EntryPoint\",\"urlTemplate\":\"https:\/\/www.distribucionarc.com\/de\/?s={search_term_string}\"},\"query-input\":{\"@type\":\"PropertyValueSpecification\",\"valueRequired\":true,\"valueName\":\"search_term_string\"}}],\"inLanguage\":\"ro-RO\"},{\"@type\":\"Organization\",\"@id\":\"https:\/\/www.distribucionarc.com\/de\/#organization\",\"name\":\"Distribuci\u00f3n ARC\",\"url\":\"https:\/\/www.distribucionarc.com\/de\/\",\"logo\":{\"@type\":\"ImageObject\",\"inLanguage\":\"ro-RO\",\"@id\":\"https:\/\/www.distribucionarc.com\/de\/#\/schema\/logo\/image\/\",\"url\":\"https:\/\/distribucionarc.com\/wp-content\/uploads\/2024\/10\/distribucion-ARC-COLOR-SIN-FONDO-e1732295305345.png\",\"contentUrl\":\"https:\/\/distribucionarc.com\/wp-content\/uploads\/2024\/10\/distribucion-ARC-COLOR-SIN-FONDO-e1732295305345.png\",\"width\":1164,\"height\":558,\"caption\":\"Distribuci\u00f3n ARC\"},\"image\":{\"@id\":\"https:\/\/www.distribucionarc.com\/de\/#\/schema\/logo\/image\/\"},\"description\":\"Empresa especializada en la fabricaci\u00f3n y distribuci\u00f3n de maquinaria industrial para los sectores alimentario y farmac\u00e9utico. Nos especializamos en: M\u00e1quinas de cortar carne Fabricaci\u00f3n de comprimidos Sistemas de transporte industrial L\u00edneas de embotellado Dosificadores Y mucho m\u00e1s... Ofrecemos soluciones innovadoras y personalizadas para optimizar los procesos productivos de tu empresa.\",\"email\":\"Admistracion@distribucionarc.com\",\"telephone\":\"+34 643496664\",\"legalName\":\"ARC TECH SOLUTIONS\",\"foundingDate\":\"2024-04-09\",\"vatID\":\"B55480172\",\"numberOfEmployees\":{\"@type\":\"QuantitativeValue\",\"minValue\":\"1\",\"maxValue\":\"10\"}}]}<\/script>\n<!-- \/ Yoast SEO Premium plugin. -->","yoast_head_json":{"title":"Extractor electric de miere 4M - distributie ARC","robots":{"index":"index","follow":"follow","max-snippet":"max-snippet:-1","max-image-preview":"max-image-preview:large","max-video-preview":"max-video-preview:-1"},"canonical":"https:\/\/distribucionarc.com\/ro\/produs\/extractor-electric-miere-4m\/","og_locale":"ro_RO","og_type":"article","og_title":"Extractor de miel el\u00e9ctrico 4M","og_description":"Extractor de miel el\u00e9ctrico 4M El\u00a0Extractor de miel el\u00e9ctrico\u00a0de\u00a0ARC est\u00e1 dise\u00f1ada para procesar 4 marcos, est\u00e1 hecho de acero inoxidable extremadamente duradero. Esta maquinaria ap\u00edcola\u00a0se proporciona a un\u00a0precio inmejorable\u00a0por su cuidado en la elaboraci\u00f3n de la miel y sus materiales de primera calidad.  El\u00a0extractor de miel viene con 2 tapas transparentes y 2 asas laterales para facilitar el transporte. La parte inferior interna del tallo tiene forma c\u00f3nica. La\u00a0miel\u00a0se descarga del dispensador de 5 cm con un dispositivo de bloqueo. El\u00a0extractor de miel el\u00e9ctrico est\u00e1 dise\u00f1ado para procesar 4\u00a0marcos\u00a0y es adecuado para marcos de baja, media y alta profundidad. Los engranajes met\u00e1licos son totalmente internos para evitar que se ensucie con la miel. El\u00a0extractor de miel\u00a0ARCEME03\u00a0es uno de los pocos en el mercado equipado con un rodamiento elevado m\u00e1s bajo que impide la penetraci\u00f3n de la miel extra\u00edda. El acabado de acero inoxidable pulido espejo le da unas caracter\u00edsticas muy elegantes. Garant\u00eda\u00a0ARC 2 A\u00d1OS Extractor de miel el\u00e9ctrico eficiente, bajo consumo 120w soporte t\u00e9cnico\u00a0incluido","og_url":"https:\/\/distribucionarc.com\/ro\/produs\/extractor-electric-miere-4m\/","og_site_name":"distribuci\u00f3n ARC","article_modified_time":"2020-09-29T18:25:55+00:00","og_image":[{"width":1600,"height":1600,"url":"https:\/\/distribucionarc.com\/wp-content\/uploads\/2020\/07\/Extractor-de-miel-el\u00e9ctrico-4M-2.jpg","type":"image\/jpeg"}],"twitter_card":"summary_large_image","twitter_misc":{"Timp estimat pentru citire":"2 minute"},"schema":{"@context":"https:\/\/schema.org","@graph":[{"@type":"WebPage","@id":"https:\/\/distribucionarc.com\/en\/producto\/extractor-de-miel-electrico-4m\/","url":"https:\/\/distribucionarc.com\/en\/producto\/extractor-de-miel-electrico-4m\/","name":"Extractor electric de miere 4M - distributie ARC","isPartOf":{"@id":"https:\/\/www.distribucionarc.com\/de\/#website"},"primaryImageOfPage":{"@id":"https:\/\/distribucionarc.com\/en\/producto\/extractor-de-miel-electrico-4m\/#primaryimage"},"image":{"@id":"https:\/\/distribucionarc.com\/en\/producto\/extractor-de-miel-electrico-4m\/#primaryimage"},"thumbnailUrl":"https:\/\/distribucionarc.com\/wp-content\/uploads\/2020\/07\/Extractor-de-miel-el\u00e9ctrico-4M-2.jpg","datePublished":"2020-07-23T10:16:39+00:00","dateModified":"2020-09-29T18:25:55+00:00","breadcrumb":{"@id":"https:\/\/distribucionarc.com\/en\/producto\/extractor-de-miel-electrico-4m\/#breadcrumb"},"inLanguage":"ro-RO","potentialAction":[{"@type":"ReadAction","target":["https:\/\/distribucionarc.com\/en\/producto\/extractor-de-miel-electrico-4m\/"]}]},{"@type":"ImageObject","inLanguage":"ro-RO","@id":"https:\/\/distribucionarc.com\/en\/producto\/extractor-de-miel-electrico-4m\/#primaryimage","url":"https:\/\/distribucionarc.com\/wp-content\/uploads\/2020\/07\/Extractor-de-miel-el\u00e9ctrico-4M-2.jpg","contentUrl":"https:\/\/distribucionarc.com\/wp-content\/uploads\/2020\/07\/Extractor-de-miel-el\u00e9ctrico-4M-2.jpg","width":1600,"height":1600,"caption":"Extractor de miel el\u00e9ctrico 4M"},{"@type":"BreadcrumbList","@id":"https:\/\/distribucionarc.com\/en\/producto\/extractor-de-miel-electrico-4m\/#breadcrumb","itemListElement":[{"@type":"ListItem","position":1,"name":"Portada","item":"https:\/\/www.distribucionarc.com\/en\/"},{"@type":"ListItem","position":2,"name":"Products","item":"https:\/\/www.distribucionarc.com\/en\/shop\/"},{"@type":"ListItem","position":3,"name":"Extractor de miel el\u00e9ctrico 4M"}]},{"@type":"WebSite","@id":"https:\/\/www.distribucionarc.com\/de\/#website","url":"https:\/\/www.distribucionarc.com\/de\/","name":"Distribu\u021bie ARC","description":"Companie specializat\u0103 \u00een fabricarea \u0219i distribu\u021bia de utilaje industriale, ma\u0219ini de sigilat cutii, ma\u0219ini de fabricat tablete, ma\u0219ini de t\u0103iat carne...","publisher":{"@id":"https:\/\/www.distribucionarc.com\/de\/#organization"},"potentialAction":[{"@type":"SearchAction","target":{"@type":"EntryPoint","urlTemplate":"https:\/\/www.distribucionarc.com\/de\/?s={search_term_string}"},"query-input":{"@type":"PropertyValueSpecification","valueRequired":true,"valueName":"search_term_string"}}],"inLanguage":"ro-RO"},{"@type":"Organization","@id":"https:\/\/www.distribucionarc.com\/de\/#organization","name":"Distribu\u021bie ARC","url":"https:\/\/www.distribucionarc.com\/de\/","logo":{"@type":"ImageObject","inLanguage":"ro-RO","@id":"https:\/\/www.distribucionarc.com\/de\/#\/schema\/logo\/image\/","url":"https:\/\/distribucionarc.com\/wp-content\/uploads\/2024\/10\/distribucion-ARC-COLOR-SIN-FONDO-e1732295305345.png","contentUrl":"https:\/\/distribucionarc.com\/wp-content\/uploads\/2024\/10\/distribucion-ARC-COLOR-SIN-FONDO-e1732295305345.png","width":1164,"height":558,"caption":"Distribuci\u00f3n ARC"},"image":{"@id":"https:\/\/www.distribucionarc.com\/de\/#\/schema\/logo\/image\/"},"description":"Companie specializat\u0103 \u00een fabricarea \u0219i distribu\u021bia de utilaje industriale pentru sectoarele alimentar \u0219i farmaceutic. Suntem specializa\u021bi \u00een: Ma\u0219ini de t\u0103iat carne Fabricarea tabletelor Sisteme de transport industrial Linii de \u00eembuteliere Distribuitoare \u0218i multe altele... Oferim solu\u021bii inovatoare \u0219i personalizate pentru a optimiza procesele de produc\u021bie ale companiei dumneavoastr\u0103.","email":"Admistracion@distribucionarc.com","telephone":"+34 643496664","legalName":"ARC TECH SOLUTIONS","foundingDate":"2024-04-09","vatID":"B55480172","numberOfEmployees":{"@type":"QuantitativeValue","minValue":"1","maxValue":"10"}}]}},"_links":{"self":[{"href":"https:\/\/distribucionarc.com\/ro\/wp-json\/wp\/v2\/product\/1343","targetHints":{"allow":["GET"]}}],"collection":[{"href":"https:\/\/distribucionarc.com\/ro\/wp-json\/wp\/v2\/product"}],"about":[{"href":"https:\/\/distribucionarc.com\/ro\/wp-json\/wp\/v2\/types\/product"}],"replies":[{"embeddable":true,"href":"https:\/\/distribucionarc.com\/ro\/wp-json\/wp\/v2\/comments?post=1343"}],"version-history":[{"count":0,"href":"https:\/\/distribucionarc.com\/ro\/wp-json\/wp\/v2\/product\/1343\/revisions"}],"wp:featuredmedia":[{"embeddable":true,"href":"https:\/\/distribucionarc.com\/ro\/wp-json\/wp\/v2\/media\/1352"}],"wp:attachment":[{"href":"https:\/\/distribucionarc.com\/ro\/wp-json\/wp\/v2\/media?parent=1343"}],"wp:term":[{"taxonomy":"product_brand","embeddable":true,"href":"https:\/\/distribucionarc.com\/ro\/wp-json\/wp\/v2\/product_brand?post=1343"},{"taxonomy":"product_cat","embeddable":true,"href":"https:\/\/distribucionarc.com\/ro\/wp-json\/wp\/v2\/product_cat?post=1343"},{"taxonomy":"product_tag","embeddable":true,"href":"https:\/\/distribucionarc.com\/ro\/wp-json\/wp\/v2\/product_tag?post=1343"}],"curies":[{"name":"wp","href":"https:\/\/api.w.org\/{rel}","templated":true}]}}