{"id":1368,"date":"2020-07-23T15:26:48","date_gmt":"2020-07-23T15:26:48","guid":{"rendered":"https:\/\/distribucionarc.com\/?post_type=product&#038;p=1368"},"modified":"2023-05-06T18:01:14","modified_gmt":"2023-05-06T18:01:14","slug":"feliere-carne-profesionala-500kg","status":"publish","type":"product","link":"https:\/\/distribucionarc.com\/ro\/producto\/cortadora-fileteadora-de-carnes-profesional-500kg\/","title":{"rendered":"T\u0103i\u0103tor profesional de filet carne 500Kg"},"content":{"rendered":"<h3>T\u0103i\u0103tor profesional de filet carne 500Kg<\/h3>\n<p>Cu <strong>ma\u0219ini de t\u0103iat carne profesionale<\/strong> de <strong><span style=\"color: #ff0000;\">LA<\/span><span style=\"color: #0000ff;\">R<\/span>c<\/strong> Ve\u021bi putea ob\u021bine un produs care se potrive\u0219te nevoilor dumneavoastr\u0103, aceast\u0103 ma\u0219in\u0103 v\u0103 va p\u0103stra mai bine produsele facilit\u00e2nd t\u0103ierea \u00een cel mai scurt timp posibil, pute\u021bi regla filtrul \u00een func\u021bie de cererea clien\u021bilor dumneavoastr\u0103 pentru a ob\u021bine t\u0103ieturi uniforme \u0219i precise.<\/p>\n<p>The <strong>ma\u0219in\u0103 de filet profesional\u0103<\/strong> de<strong><span style=\"color: #ff0000;\"> LA<\/span><span style=\"color: #0000ff;\">R<\/span>c<\/strong> Este realizat complet din o\u021bel inoxidabil pentru a-i garanta duritatea \u0219i robuste\u021bea. Lamele adopt\u0103 un alt material special pentru sectorul alimentar, a c\u0103rui duritate poate atinge o duritate de 52\u00ba, permi\u021b\u00e2ndu-le s\u0103 fie folosite pentru o perioad\u0103 lung\u0103 de timp.<\/p>\n<p>Acest <strong>feliator comercial <span style=\"color: #ff0000;\">LA<\/span><span style=\"color: #0000ff;\">R<\/span>CMFTC1<\/strong> Are un buton de protec\u021bie sigur, c\u00e2nd ma\u0219ina este expus\u0103, se blocheaz\u0103 automat. <strong>Acest filtru profesional<\/strong> isi va creste productia ajungand <span style=\"color: #ff0000;\"><b style=\"color: #ff0000;\">legume \u015fi fructe <\/b><span style=\"color: #ff0000;\"><b>500 kg<\/b><\/span><b style=\"color: #ff0000;\"> pe or\u0103,<\/b><\/span> \u00een timp ce beneficiaz\u0103 de <span style=\"color: #008000;\"><strong>motor cu consum redus<\/strong><\/span>.<\/p>\n<p>Filtrul profesional vine cu o lam\u0103 liber\u0103 de 0,3 cm, datorit\u0103 acesteia poate produce t\u0103ieturi de la 0,25 la 50 cm. Aparatul de feliere profesional este cel mai potrivit pentru delicatese, baruri, restaurante, procesatoare de carne, bufete, hoteluri.<\/p>\n<h6>garan\u021bie<strong>\u00a0<span style=\"color: #ff0000;\">LA<\/span><span style=\"color: #0000ff;\">R<\/span>C 2 ANI<\/strong><\/h6>\n<h6><span style=\"color: #008000;\">cel mai eficient motor consum redus 1000w<\/span><\/h6>\n<h6>suport tehnic inclus.<\/h6>\n<p>&nbsp;<\/p>\n<p>&nbsp;<\/p>\n<table role=\"presentation\" width=\"100%\" cellspacing=\"0\" cellpadding=\"0\">\n<tbody>\n<tr>\n<td class=\"attrLabels\">Putere:<\/td>\n<td width=\"50.0%\">1000W<\/td>\n<\/tr>\n<tr>\n<td class=\"attrLabels\">Voltaj:<\/td>\n<td width=\"50.0%\">110V \u2013 220V 50Hz p\u00e2n\u0103 la 60Hz<\/td>\n<td class=\"attrLabels\">Greutate:<\/td>\n<td width=\"50.0%\">50 kg<\/td>\n<\/tr>\n<tr>\n<td class=\"attrLabels\">\u021aara de distribu\u021bie:<\/td>\n<td width=\"50.0%\">Spania, Germania, SUA<\/td>\n<td class=\"attrLabels\">\u00cen\u0103l\u0163ime:<\/td>\n<td width=\"50.0%\">74,5 cm<\/td>\n<\/tr>\n<tr>\n<td class=\"attrLabels\">Marca:<\/td>\n<td width=\"50.0%\">ARC<\/td>\n<td class=\"attrLabels\">Lung:<\/td>\n<td width=\"50.0%\">12&quot;<\/td>\n<\/tr>\n<tr>\n<td class=\"attrLabels\">Tip produs:<\/td>\n<td width=\"50.0%\">Filtre profesionale pentru feliere<\/td>\n<td class=\"attrLabels\">Larg:<\/td>\n<td width=\"50.0%\">\u00a053 cm<\/td>\n<\/tr>\n<tr>\n<td class=\"attrLabels\">Numar producator:<\/td>\n<td width=\"50.0%\">ARCMFTC1<\/td>\n<td class=\"attrLabels\">Viteza de lucru:<\/td>\n<td width=\"50.0%\">\u00a0500 kg pe or\u0103<\/td>\n<\/tr>\n<tr>\n<td class=\"attrLabels\">Material:<\/td>\n<td width=\"50.0%\">o\u021bel inoxidabil, ro\u021bi antiderapante,<\/td>\n<td class=\"attrLabels\">Dimensiune de intrare:<\/td>\n<td width=\"50.0%\">14,5 x 7 cm<\/td>\n<\/tr>\n<tr>\n<td class=\"attrLabels\">Culoare:<\/td>\n<td width=\"50.0%\">Argint<\/td>\n<td class=\"attrLabels\">Productie:<\/td>\n<td width=\"50.0%\">360 kg<\/td>\n<\/tr>\n<tr>\n<td class=\"attrLabels\">Instrumente de instalare:<\/td>\n<td width=\"50.0%\">Da<\/td>\n<td class=\"attrLabels\">Garantie:<\/td>\n<td width=\"50.0%\">2 ANI<\/td>\n<\/tr>\n<\/tbody>\n<\/table>\n<p>&nbsp;<\/p>\n<p>&nbsp;<\/p>\n<p>&nbsp;<\/p>","protected":false},"excerpt":{"rendered":"<h2>T\u0103i\u0103tor profesional de filet carne 500Kg<\/h2>\n<p>Acest <strong>ma\u0219in\u0103 de t\u0103iat carne din comer\u021b<span style=\"color: #ff0000;\"> LA<\/span><span style=\"color: #0000ff;\">R<\/span>c<\/strong> Este potrivit pentru industria restaurantelor, procesatoare de carne, bufete, hoteluri. Cu aceast\u0103 t\u0103ietoare profesional\u0103 v\u0103 ve\u021bi cre\u0219te produc\u021bia, fiind capabil s\u0103 procesa\u021bi <span style=\"color: #ff0000;\"><strong>500 kg pe or\u0103<\/strong><\/span>.<\/p>\n<p>The <strong>ma\u0219in\u0103 de filet profesional\u0103<span style=\"color: #ff0000;\"> LA<\/span><span style=\"color: #0000ff;\">R<\/span>CMFTC1<\/strong> Este eficient \u00een t\u0103ierea \u00een buc\u0103\u021bi a c\u0103rnii de vit\u0103, porc, miel \u0219i alte c\u0103rni. Suprafa\u021ba acestor felii de carne este neted\u0103, iar grosimea este aceea\u0219i, este foarte util\u0103 pentru a men\u021bine calitatea c\u0103rnii proaspete. The <strong>feliere carne<\/strong> Este conceput pentru a fi simplu \u0219i curat, liber s\u0103 se roteasc\u0103; Unitatea de cu\u021bit poate fi \u00eendep\u0103rtat\u0103, cur\u0103\u021bat\u0103 \u0219i reglat\u0103 mai u\u0219or. Fabricat din o\u021bel inoxidabil de cea mai bun\u0103 calitate pentru sectorul alimentar.<\/p>\n<h6>garan\u021bie<strong>\u00a0<span style=\"color: #ff0000;\">LA<\/span><span style=\"color: #0000ff;\">R<\/span>C 2 ANI<\/strong><\/h6>\n<h6><span style=\"color: #008000;\">cel mai eficient motor consum redus 1000w<\/span><\/h6>\n<h6>suport tehnic inclus.<\/h6>\n<p>&nbsp;<\/p>","protected":false},"featured_media":1374,"comment_status":"open","ping_status":"closed","template":"","meta":{"wds_primary_product_brand":0,"wds_primary_product_cat":0},"product_brand":[],"product_cat":[43],"product_tag":[],"class_list":{"0":"post-1368","1":"product","2":"type-product","3":"status-publish","4":"has-post-thumbnail","6":"product_cat-cortadoras-de-alimentos","7":"product_shipping_class-express","9":"first","10":"instock","11":"sale","12":"taxable","13":"shipping-taxable","14":"purchasable","15":"product-type-simple"},"yoast_head":"<!-- This site is optimized with the Yoast SEO Premium plugin v24.9 (Yoast SEO v26.1) - https:\/\/yoast.com\/wordpress\/plugins\/seo\/ -->\n<title>Cortadora fileteadora de carnes profesional 500Kg - distribuci\u00f3n ARC<\/title>\n<meta name=\"robots\" content=\"index, follow, max-snippet:-1, max-image-preview:large, max-video-preview:-1\" \/>\n<link rel=\"canonical\" href=\"https:\/\/distribucionarc.com\/ro\/produs\/feliere-carne-profesionala-500kg\/\" \/>\n<meta property=\"og:locale\" content=\"ro_RO\" \/>\n<meta property=\"og:type\" content=\"article\" \/>\n<meta property=\"og:title\" content=\"Cortadora fileteadora de carnes profesional 500Kg\" \/>\n<meta property=\"og:description\" content=\"Cortadora fileteadora de carnes profesional 500Kg Esta cortadora comercial de carne ARC es el adecuado para la industria de restaurantes, procesadores de carnes, buffet, hoteles. Con esta cortadora profesional aumentara su produccion al poder procesar 500Kg por hora.  La fileteadora profesional ARCMFTC1 es eficaz en el corte de carne de res, cerdo, cordero y otras carnes en trozos. la superficie de estas carnes en rodajas es lisa y el espesor es igual, resulta muy \u00fatil para mantener la calidad de la carne fresca. La cortadora de carne est\u00e1 dise\u00f1ada para ser simple y limpia, libre de girar; la unidad de cuchillo se puede quitar, limpiar y ajustar m\u00e1s f\u00e1cilmente. Fabricada de acero inoxidable de la mejor calidad para el \u00e1mbito alimenticio. Garant\u00eda\u00a0ARC 2 A\u00d1OS motor m\u00e1s eficiente bajo consumo 1000w soporte t\u00e9cnico\u00a0incluido. &nbsp;\" \/>\n<meta property=\"og:url\" content=\"https:\/\/distribucionarc.com\/ro\/produs\/feliere-carne-profesionala-500kg\/\" \/>\n<meta property=\"og:site_name\" content=\"distribuci\u00f3n ARC\" \/>\n<meta property=\"article:modified_time\" content=\"2023-05-06T18:01:14+00:00\" \/>\n<meta property=\"og:image\" content=\"https:\/\/distribucionarc.com\/wp-content\/uploads\/2020\/07\/Cortadora-fileteadora-de-carnes-profesional-500Kg-0.jpg\" \/>\n\t<meta property=\"og:image:width\" content=\"1600\" \/>\n\t<meta property=\"og:image:height\" content=\"1600\" \/>\n\t<meta property=\"og:image:type\" content=\"image\/jpeg\" \/>\n<meta name=\"twitter:card\" content=\"summary_large_image\" \/>\n<meta name=\"twitter:label1\" content=\"Timp estimat pentru citire\" \/>\n\t<meta name=\"twitter:data1\" content=\"1 minut\" \/>\n<script type=\"application\/ld+json\" class=\"yoast-schema-graph\">{\"@context\":\"https:\/\/schema.org\",\"@graph\":[{\"@type\":\"WebPage\",\"@id\":\"https:\/\/distribucionarc.com\/producto\/cortadora-fileteadora-de-carnes-profesional-500kg\/\",\"url\":\"https:\/\/distribucionarc.com\/producto\/cortadora-fileteadora-de-carnes-profesional-500kg\/\",\"name\":\"Cortadora fileteadora de carnes profesional 500Kg - distribuci\u00f3n ARC\",\"isPartOf\":{\"@id\":\"https:\/\/distribucionarc.com\/pl\/#website\"},\"primaryImageOfPage\":{\"@id\":\"https:\/\/distribucionarc.com\/producto\/cortadora-fileteadora-de-carnes-profesional-500kg\/#primaryimage\"},\"image\":{\"@id\":\"https:\/\/distribucionarc.com\/producto\/cortadora-fileteadora-de-carnes-profesional-500kg\/#primaryimage\"},\"thumbnailUrl\":\"https:\/\/distribucionarc.com\/wp-content\/uploads\/2020\/07\/Cortadora-fileteadora-de-carnes-profesional-500Kg-0.jpg\",\"datePublished\":\"2020-07-23T15:26:48+00:00\",\"dateModified\":\"2023-05-06T18:01:14+00:00\",\"breadcrumb\":{\"@id\":\"https:\/\/distribucionarc.com\/producto\/cortadora-fileteadora-de-carnes-profesional-500kg\/#breadcrumb\"},\"inLanguage\":\"ro-RO\",\"potentialAction\":[{\"@type\":\"ReadAction\",\"target\":[\"https:\/\/distribucionarc.com\/producto\/cortadora-fileteadora-de-carnes-profesional-500kg\/\"]}]},{\"@type\":\"ImageObject\",\"inLanguage\":\"ro-RO\",\"@id\":\"https:\/\/distribucionarc.com\/producto\/cortadora-fileteadora-de-carnes-profesional-500kg\/#primaryimage\",\"url\":\"https:\/\/distribucionarc.com\/wp-content\/uploads\/2020\/07\/Cortadora-fileteadora-de-carnes-profesional-500Kg-0.jpg\",\"contentUrl\":\"https:\/\/distribucionarc.com\/wp-content\/uploads\/2020\/07\/Cortadora-fileteadora-de-carnes-profesional-500Kg-0.jpg\",\"width\":1600,\"height\":1600,\"caption\":\"Cortadora fileteadora de carnes profesional 500Kg\"},{\"@type\":\"BreadcrumbList\",\"@id\":\"https:\/\/distribucionarc.com\/producto\/cortadora-fileteadora-de-carnes-profesional-500kg\/#breadcrumb\",\"itemListElement\":[{\"@type\":\"ListItem\",\"position\":1,\"name\":\"Portada\",\"item\":\"https:\/\/www.distribucionarc.com\/tr\/\"},{\"@type\":\"ListItem\",\"position\":2,\"name\":\"Izdelki\",\"item\":\"https:\/\/www.distribucionarc.com\/sl\/trgovina\/\"},{\"@type\":\"ListItem\",\"position\":3,\"name\":\"Cortadora fileteadora de carnes profesional 500Kg\"}]},{\"@type\":\"WebSite\",\"@id\":\"https:\/\/distribucionarc.com\/pl\/#website\",\"url\":\"https:\/\/distribucionarc.com\/pl\/\",\"name\":\"distribuci\u00f3n ARC\",\"description\":\"Empresa especializada en la fabricaci\u00f3n y distribuci\u00f3n de maquinaria industrial, selladoras de latas, Maquinas de hacer pastillas, Maquinas de cortar carne...\",\"publisher\":{\"@id\":\"https:\/\/distribucionarc.com\/pl\/#organization\"},\"potentialAction\":[{\"@type\":\"SearchAction\",\"target\":{\"@type\":\"EntryPoint\",\"urlTemplate\":\"https:\/\/distribucionarc.com\/pl\/?s={search_term_string}\"},\"query-input\":{\"@type\":\"PropertyValueSpecification\",\"valueRequired\":true,\"valueName\":\"search_term_string\"}}],\"inLanguage\":\"ro-RO\"},{\"@type\":\"Organization\",\"@id\":\"https:\/\/distribucionarc.com\/pl\/#organization\",\"name\":\"Distribuci\u00f3n ARC\",\"url\":\"https:\/\/distribucionarc.com\/pl\/\",\"logo\":{\"@type\":\"ImageObject\",\"inLanguage\":\"ro-RO\",\"@id\":\"https:\/\/distribucionarc.com\/pl\/#\/schema\/logo\/image\/\",\"url\":\"https:\/\/distribucionarc.com\/wp-content\/uploads\/2024\/10\/distribucion-ARC-COLOR-SIN-FONDO-e1732295305345.png\",\"contentUrl\":\"https:\/\/distribucionarc.com\/wp-content\/uploads\/2024\/10\/distribucion-ARC-COLOR-SIN-FONDO-e1732295305345.png\",\"width\":1164,\"height\":558,\"caption\":\"Distribuci\u00f3n ARC\"},\"image\":{\"@id\":\"https:\/\/distribucionarc.com\/pl\/#\/schema\/logo\/image\/\"},\"description\":\"Empresa especializada en la fabricaci\u00f3n y distribuci\u00f3n de maquinaria industrial para los sectores alimentario y farmac\u00e9utico. Nos especializamos en: M\u00e1quinas de cortar carne Fabricaci\u00f3n de comprimidos Sistemas de transporte industrial L\u00edneas de embotellado Dosificadores Y mucho m\u00e1s... Ofrecemos soluciones innovadoras y personalizadas para optimizar los procesos productivos de tu empresa.\",\"email\":\"Admistracion@distribucionarc.com\",\"telephone\":\"+34 643496664\",\"legalName\":\"ARC TECH SOLUTIONS\",\"foundingDate\":\"2024-04-09\",\"vatID\":\"B55480172\",\"numberOfEmployees\":{\"@type\":\"QuantitativeValue\",\"minValue\":\"1\",\"maxValue\":\"10\"}}]}<\/script>\n<!-- \/ Yoast SEO Premium plugin. -->","yoast_head_json":{"title":"T\u0103i\u0103tor profesional de filet carne 500Kg - distribu\u021bie ARC","robots":{"index":"index","follow":"follow","max-snippet":"max-snippet:-1","max-image-preview":"max-image-preview:large","max-video-preview":"max-video-preview:-1"},"canonical":"https:\/\/distribucionarc.com\/ro\/produs\/feliere-carne-profesionala-500kg\/","og_locale":"ro_RO","og_type":"article","og_title":"Cortadora fileteadora de carnes profesional 500Kg","og_description":"Cortadora fileteadora de carnes profesional 500Kg Esta cortadora comercial de carne ARC es el adecuado para la industria de restaurantes, procesadores de carnes, buffet, hoteles. Con esta cortadora profesional aumentara su produccion al poder procesar 500Kg por hora.  La fileteadora profesional ARCMFTC1 es eficaz en el corte de carne de res, cerdo, cordero y otras carnes en trozos. la superficie de estas carnes en rodajas es lisa y el espesor es igual, resulta muy \u00fatil para mantener la calidad de la carne fresca. La cortadora de carne est\u00e1 dise\u00f1ada para ser simple y limpia, libre de girar; la unidad de cuchillo se puede quitar, limpiar y ajustar m\u00e1s f\u00e1cilmente. Fabricada de acero inoxidable de la mejor calidad para el \u00e1mbito alimenticio. Garant\u00eda\u00a0ARC 2 A\u00d1OS motor m\u00e1s eficiente bajo consumo 1000w soporte t\u00e9cnico\u00a0incluido. &nbsp;","og_url":"https:\/\/distribucionarc.com\/ro\/produs\/feliere-carne-profesionala-500kg\/","og_site_name":"distribuci\u00f3n ARC","article_modified_time":"2023-05-06T18:01:14+00:00","og_image":[{"width":1600,"height":1600,"url":"https:\/\/distribucionarc.com\/wp-content\/uploads\/2020\/07\/Cortadora-fileteadora-de-carnes-profesional-500Kg-0.jpg","type":"image\/jpeg"}],"twitter_card":"summary_large_image","twitter_misc":{"Timp estimat pentru citire":"1 minut"},"schema":{"@context":"https:\/\/schema.org","@graph":[{"@type":"WebPage","@id":"https:\/\/distribucionarc.com\/producto\/cortadora-fileteadora-de-carnes-profesional-500kg\/","url":"https:\/\/distribucionarc.com\/producto\/cortadora-fileteadora-de-carnes-profesional-500kg\/","name":"T\u0103i\u0103tor profesional de filet carne 500Kg - distribu\u021bie ARC","isPartOf":{"@id":"https:\/\/distribucionarc.com\/pl\/#website"},"primaryImageOfPage":{"@id":"https:\/\/distribucionarc.com\/producto\/cortadora-fileteadora-de-carnes-profesional-500kg\/#primaryimage"},"image":{"@id":"https:\/\/distribucionarc.com\/producto\/cortadora-fileteadora-de-carnes-profesional-500kg\/#primaryimage"},"thumbnailUrl":"https:\/\/distribucionarc.com\/wp-content\/uploads\/2020\/07\/Cortadora-fileteadora-de-carnes-profesional-500Kg-0.jpg","datePublished":"2020-07-23T15:26:48+00:00","dateModified":"2023-05-06T18:01:14+00:00","breadcrumb":{"@id":"https:\/\/distribucionarc.com\/producto\/cortadora-fileteadora-de-carnes-profesional-500kg\/#breadcrumb"},"inLanguage":"ro-RO","potentialAction":[{"@type":"ReadAction","target":["https:\/\/distribucionarc.com\/producto\/cortadora-fileteadora-de-carnes-profesional-500kg\/"]}]},{"@type":"ImageObject","inLanguage":"ro-RO","@id":"https:\/\/distribucionarc.com\/producto\/cortadora-fileteadora-de-carnes-profesional-500kg\/#primaryimage","url":"https:\/\/distribucionarc.com\/wp-content\/uploads\/2020\/07\/Cortadora-fileteadora-de-carnes-profesional-500Kg-0.jpg","contentUrl":"https:\/\/distribucionarc.com\/wp-content\/uploads\/2020\/07\/Cortadora-fileteadora-de-carnes-profesional-500Kg-0.jpg","width":1600,"height":1600,"caption":"Cortadora fileteadora de carnes profesional 500Kg"},{"@type":"BreadcrumbList","@id":"https:\/\/distribucionarc.com\/producto\/cortadora-fileteadora-de-carnes-profesional-500kg\/#breadcrumb","itemListElement":[{"@type":"ListItem","position":1,"name":"Portada","item":"https:\/\/www.distribucionarc.com\/tr\/"},{"@type":"ListItem","position":2,"name":"Izdelki","item":"https:\/\/www.distribucionarc.com\/sl\/trgovina\/"},{"@type":"ListItem","position":3,"name":"Cortadora fileteadora de carnes profesional 500Kg"}]},{"@type":"WebSite","@id":"https:\/\/distribucionarc.com\/pl\/#website","url":"https:\/\/distribucionarc.com\/pl\/","name":"Distribu\u021bie ARC","description":"Companie specializat\u0103 \u00een fabricarea \u0219i distribu\u021bia de utilaje industriale, ma\u0219ini de sigilat cutii, ma\u0219ini de fabricat tablete, ma\u0219ini de t\u0103iat carne...","publisher":{"@id":"https:\/\/distribucionarc.com\/pl\/#organization"},"potentialAction":[{"@type":"SearchAction","target":{"@type":"EntryPoint","urlTemplate":"https:\/\/distribucionarc.com\/pl\/?s={search_term_string}"},"query-input":{"@type":"PropertyValueSpecification","valueRequired":true,"valueName":"search_term_string"}}],"inLanguage":"ro-RO"},{"@type":"Organization","@id":"https:\/\/distribucionarc.com\/pl\/#organization","name":"Distribu\u021bie ARC","url":"https:\/\/distribucionarc.com\/pl\/","logo":{"@type":"ImageObject","inLanguage":"ro-RO","@id":"https:\/\/distribucionarc.com\/pl\/#\/schema\/logo\/image\/","url":"https:\/\/distribucionarc.com\/wp-content\/uploads\/2024\/10\/distribucion-ARC-COLOR-SIN-FONDO-e1732295305345.png","contentUrl":"https:\/\/distribucionarc.com\/wp-content\/uploads\/2024\/10\/distribucion-ARC-COLOR-SIN-FONDO-e1732295305345.png","width":1164,"height":558,"caption":"Distribuci\u00f3n ARC"},"image":{"@id":"https:\/\/distribucionarc.com\/pl\/#\/schema\/logo\/image\/"},"description":"Companie specializat\u0103 \u00een fabricarea \u0219i distribu\u021bia de utilaje industriale pentru sectoarele alimentar \u0219i farmaceutic. Suntem specializa\u021bi \u00een: Ma\u0219ini de t\u0103iat carne Fabricarea tabletelor Sisteme de transport industrial Linii de \u00eembuteliere Distribuitoare \u0218i multe altele... Oferim solu\u021bii inovatoare \u0219i personalizate pentru a optimiza procesele de produc\u021bie ale companiei dumneavoastr\u0103.","email":"Admistracion@distribucionarc.com","telephone":"+34 643496664","legalName":"ARC TECH SOLUTIONS","foundingDate":"2024-04-09","vatID":"B55480172","numberOfEmployees":{"@type":"QuantitativeValue","minValue":"1","maxValue":"10"}}]}},"_links":{"self":[{"href":"https:\/\/distribucionarc.com\/ro\/wp-json\/wp\/v2\/product\/1368","targetHints":{"allow":["GET"]}}],"collection":[{"href":"https:\/\/distribucionarc.com\/ro\/wp-json\/wp\/v2\/product"}],"about":[{"href":"https:\/\/distribucionarc.com\/ro\/wp-json\/wp\/v2\/types\/product"}],"replies":[{"embeddable":true,"href":"https:\/\/distribucionarc.com\/ro\/wp-json\/wp\/v2\/comments?post=1368"}],"version-history":[{"count":0,"href":"https:\/\/distribucionarc.com\/ro\/wp-json\/wp\/v2\/product\/1368\/revisions"}],"wp:featuredmedia":[{"embeddable":true,"href":"https:\/\/distribucionarc.com\/ro\/wp-json\/wp\/v2\/media\/1374"}],"wp:attachment":[{"href":"https:\/\/distribucionarc.com\/ro\/wp-json\/wp\/v2\/media?parent=1368"}],"wp:term":[{"taxonomy":"product_brand","embeddable":true,"href":"https:\/\/distribucionarc.com\/ro\/wp-json\/wp\/v2\/product_brand?post=1368"},{"taxonomy":"product_cat","embeddable":true,"href":"https:\/\/distribucionarc.com\/ro\/wp-json\/wp\/v2\/product_cat?post=1368"},{"taxonomy":"product_tag","embeddable":true,"href":"https:\/\/distribucionarc.com\/ro\/wp-json\/wp\/v2\/product_tag?post=1368"}],"curies":[{"name":"wp","href":"https:\/\/api.w.org\/{rel}","templated":true}]}}