{"id":1406,"date":"2020-07-24T10:10:37","date_gmt":"2020-07-24T10:10:37","guid":{"rendered":"https:\/\/distribucionarc.com\/?post_type=product&#038;p=1406"},"modified":"2022-08-09T10:24:37","modified_gmt":"2022-08-09T10:24:37","slug":"aparat-de-gheata-pentru-cuburi-de-gheata-70-kg","status":"publish","type":"product","link":"https:\/\/distribucionarc.com\/ro\/producto\/maquina-de-hielo-para-cubitos-de-hielo-70-kg\/","title":{"rendered":"Ma\u0219in\u0103 pentru cuburi de ghea\u021b\u0103 60 Kg"},"content":{"rendered":"<h3>Aparat de gheata pentru cuburi de gheata de 60 Kg<\/h3>\n<p>The\u00a0<strong>ma\u0219in\u0103 de ghea\u021b\u0103<\/strong>\u00a0este dotat cu a<strong>\u00a0sistem automat de protectie<\/strong>\u00a0care se poate opri automat c\u00e2nd ghea\u021ba este plin\u0103 sau lipsa de ap\u0103, evit\u00e2nd efectiv accidentele.<\/p>\n<p>Adopt\u0103 compresor SECOP importat, care are un nucleu puternic \u0219i poate fi operat silen\u021bios.\u00a0<span style=\"color: #008000;\"><strong>V\u0103 va oferi economii de energie \u0219i va contribui la respectarea mediului.<\/strong><\/span>, poate maximiza eficien\u021ba produc\u021biei de ghea\u021b\u0103.<\/p>\n<p>The<strong>\u00a0ma\u0219in\u0103 de ghea\u021b\u0103<\/strong>\u00a0de\u00a0<strong><span style=\"color: #ff0000;\">LA<\/span><span style=\"color: #0000ff;\">R<\/span>c<\/strong> Este \u00eenconjurat de izola\u021bie din spum\u0103 cu dublu strat, care poate \u00eempiedica eficient topirea cuburilor de ghea\u021b\u0103 timp de 3-5 ore dup\u0103 pan\u0103 de curent. Designul vizualizat permite o vedere directa a interiorului fara a fi nevoie sa scoateti husa. Dispun\u00e2nd de un bol de ghea\u021b\u0103 multi-raster de 45 de buc\u0103\u021bi (5 x 9), acesta<strong>\u00a0ma\u0219in\u0103 cub\u00a0<span style=\"color: #ff0000;\">LA<\/span><span style=\"color: #0000ff;\">R<\/span>CMCH60<\/strong> este capabil s\u0103 produc\u0103 \u00een jur de (55-60 kg) rafinat <strong>cuburi de ghea\u021b\u0103 limpede<\/strong> la fiecare 24 de ore. Grosimea cuburilor de ghea\u021b\u0103 poate fi reglat\u0103 liber \u00een func\u021bie de nevoie. Are si pompa de drenaj pentru a facilita golirea.<\/p>\n<p>Acest\u00a0<strong>ma\u0219in\u0103 de ghea\u021b\u0103\u00a0<span style=\"color: #ff0000;\">LA<\/span><span style=\"color: #0000ff;\">R<\/span>c<\/strong>\u00a0 Este echipat cu un panou LCD tactil inteligent capabil s\u0103 controleze cu precizie temperatura \u0219i s\u0103 regleze timpul. Datorit\u0103 func\u021biei de a\u0219teptare, aparatul de ghea\u021b\u0103 poate fi oprit noaptea \u0219i repornit diminea\u021ba.<\/p>\n<p>The\u00a0<strong>ma\u0219in\u0103 pentru cuburi de ghea\u021b\u0103<\/strong>\u00a0poate\u00a0<span style=\"color: #00ccff;\"><strong>curata automat<\/strong><\/span> \u00een aproximativ 30 de minute cu un singur buton, economisind timp \u0219i efort. Utiliza\u021bi <span style=\"color: #800080;\"><strong>Lumin\u0103 albastr\u0103 NANO-UV<\/strong><\/span>, c\u0103 <span style=\"color: #00ccff;\"><strong>Contribuie la iluminarea interioar\u0103 \u0219i este eficient\u0103 pentru sterilizare.<\/strong>.<\/span><\/p>\n<h6><strong>garan\u021bie\u00a0<span style=\"color: #ff0000;\">LA<\/span><span style=\"color: #0000ff;\">R<\/span>C 2 ANI<\/strong><\/h6>\n<h6><span style=\"color: #008000;\"><strong>Ma\u0219in\u0103 eficient\u0103 pentru cuburi de ghea\u021b\u0103, consum redus 300w<\/strong><\/span><\/h6>\n<h6><strong>suport tehnic inclus.<\/strong><\/h6>\n<p>&nbsp;<\/p>\n<table role=\"presentation\" width=\"100%\" cellspacing=\"0\" cellpadding=\"0\">\n<tbody>\n<tr>\n<td class=\"attrLabels\">Putere:<\/td>\n<td width=\"50.0%\">300W<\/td>\n<\/tr>\n<tr>\n<td class=\"attrLabels\">Voltaj:<\/td>\n<td width=\"50.0%\">220V \u2013 240V, 50Hz<\/td>\n<td class=\"attrLabels\">Greutate:<\/td>\n<td width=\"50.0%\">70 kg<\/td>\n<\/tr>\n<tr>\n<td class=\"attrLabels\">\u021aara de distribu\u021bie:<\/td>\n<td width=\"50.0%\">Spania, Germania, SUA<\/td>\n<td class=\"attrLabels\">\u00cen\u0103l\u0163ime:<\/td>\n<td width=\"50.0%\">83 cm<\/td>\n<\/tr>\n<tr>\n<td class=\"attrLabels\">Marca:<\/td>\n<td width=\"50.0%\">ARC<\/td>\n<td class=\"attrLabels\">Lung:<\/td>\n<td width=\"50.0%\">50 cm<\/td>\n<\/tr>\n<tr>\n<td class=\"attrLabels\">Tip produs:<\/td>\n<td width=\"50.0%\">Ma\u0219in\u0103 pentru cuburi de ghea\u021b\u0103<\/td>\n<td class=\"attrLabels\">Larg:<\/td>\n<td width=\"50.0%\">\u00a037 cm<\/td>\n<\/tr>\n<tr>\n<td class=\"attrLabels\">Numar producator:<\/td>\n<td width=\"50.0%\">ARCMCH70<\/td>\n<td class=\"attrLabels\">Viteza de lucru:<\/td>\n<td width=\"50.0%\">\u00a060 Kg<\/td>\n<\/tr>\n<tr>\n<td class=\"attrLabels\">Material:<\/td>\n<td width=\"50.0%\">O\u021bel inoxidabil, ecran tactil LCD, lumin\u0103 albastr\u0103 UV, motor optimizat, pomp\u0103 de drenaj<\/td>\n<td class=\"attrLabels\">dimensiunea cubului de ghea\u021b\u0103:<\/td>\n<td width=\"50.0%\">22x22x22mm<\/td>\n<\/tr>\n<tr>\n<td class=\"attrLabels\">Culoare:<\/td>\n<td width=\"50.0%\">Argint<\/td>\n<td class=\"attrLabels\">Depozitare:<\/td>\n<td width=\"50.0%\">20 kg<\/td>\n<\/tr>\n<tr>\n<td class=\"attrLabels\">Instrumente de instalare:<\/td>\n<td width=\"50.0%\">Da<\/td>\n<td class=\"attrLabels\">Garantie:<\/td>\n<td width=\"50.0%\">2 ANI<\/td>\n<\/tr>\n<\/tbody>\n<\/table>","protected":false},"excerpt":{"rendered":"<h2>Aparat de gheata pentru cuburi de gheata de 60 Kg<\/h2>\n<p>Nu mai pierde timpul cump\u0103r\u00e2nd pungi de ghea\u021b\u0103, cu\u00a0<strong>ma\u0219ini pentru cuburi de ghea\u021b\u0103<\/strong>\u00a0de<span style=\"color: #ff0000;\">\u00a0<\/span><strong><span style=\"color: #ff0000;\">LA<\/span><span style=\"color: #0000ff;\">R<\/span>C;<\/strong> Nu va trebui s\u0103 merge\u021bi nic\u0103ieri pentru a avea \u00eentotdeauna rezervele pline, p\u0103str\u00e2ndu-l \u00een timp ce se face mai mult\u0103 ghea\u021b\u0103.<\/p>\n<p>Acest\u00a0<strong>ma\u0219in\u0103 de ghea\u021b\u0103\u00a0<span style=\"color: #ff0000;\">LA<\/span><span style=\"color: #0000ff;\">R<\/span>c<\/strong>\u00a0De \u00eenalt\u0103 calitate este realizat din o\u021bel inoxidabil de cea mai bun\u0103 calitate, special pentru alimente cu izola\u021bie cu spum\u0103 dublu strat.  The\u00a0<strong>ma\u0219in\u0103 pentru cuburi de ghea\u021b\u0103<\/strong>\u00a0<strong><span style=\"color: #ff0000;\">LA<\/span><span style=\"color: #0000ff;\">R<\/span>CMCH60<\/strong>\u00a0Are o capacitate de<span style=\"color: #3366ff;\">\u00a0<span style=\"color: #0000ff;\"><strong>Produc\u021bia de ghea\u021b\u0103 de 60 kg \u00een 24 de ore<\/strong><\/span><\/span> si o capacitate de depozitare a ghetii de 20 Kg, cu <strong>ma\u0219in\u0103 de ghea\u021b\u0103<\/strong>\u00a0Pute\u021bi regla grosimea cuburilor dup\u0103 cum este necesar.<\/p>\n<h6><strong>garan\u021bie <span style=\"color: #ff0000;\">LA<\/span><span style=\"color: #0000ff;\">R<\/span>C 2 ANI<\/strong><\/h6>\n<h6><span style=\"color: #008000;\"><strong>Ma\u0219in\u0103 eficient\u0103 pentru cuburi de ghea\u021b\u0103, consum redus 300w<\/strong><\/span><\/h6>\n<h6><strong>suport tehnic inclus.<\/strong><\/h6>","protected":false},"featured_media":1413,"comment_status":"open","ping_status":"closed","template":"","meta":{"wds_primary_product_brand":0,"wds_primary_product_cat":0},"product_brand":[],"product_cat":[59],"product_tag":[],"class_list":{"0":"post-1406","1":"product","2":"type-product","3":"status-publish","4":"has-post-thumbnail","6":"product_cat-hielo","7":"product_shipping_class-hosteleria","9":"first","10":"instock","11":"sale","12":"taxable","13":"shipping-taxable","14":"purchasable","15":"product-type-simple"},"yoast_head":"<!-- This site is optimized with the Yoast SEO Premium plugin v24.9 (Yoast SEO v26.1) - https:\/\/yoast.com\/wordpress\/plugins\/seo\/ -->\n<title>M\u00e1quina para cubitos de hielo 60 Kg - distribuci\u00f3n ARC<\/title>\n<meta name=\"robots\" content=\"index, follow, max-snippet:-1, max-image-preview:large, max-video-preview:-1\" \/>\n<link rel=\"canonical\" href=\"https:\/\/www.distribucionarc.com\/producto\/maquina-de-hielo-para-cubitos-de-hielo-70-kg\/\" \/>\n<meta property=\"og:locale\" content=\"ro_RO\" \/>\n<meta property=\"og:type\" content=\"article\" \/>\n<meta property=\"og:title\" content=\"M\u00e1quina para cubitos de hielo 60 Kg\" \/>\n<meta property=\"og:description\" content=\"M\u00e1quina de hielo para cubitos de hielo 60 Kg No pierdas m\u00e1s el tiempo comprando sacos de hielo, con las\u00a0m\u00e1quinas para cubitos de hielo\u00a0de\u00a0ARC; no tendr\u00e1s que ir a ning\u00fan lado para tener tus reservas siempre llenas, al almacenarlo mientras se va fabricando m\u00e1s hielo.  Esta\u00a0m\u00e1quina de hielo\u00a0ARC\u00a0de alta calidad est\u00e1 hecha de acero inoxidable de la mejor calidad, especial para alimentos con aislamiento de espuma de doble capa. \u00a0La\u00a0m\u00e1quina para cubitos de hielo\u00a0ARCMCH60\u00a0cuenta con una capacidad de\u00a0producci\u00f3n de hielo de 60 kg en 24 horas y una capacidad de almacenamiento de hielo de 20 Kg, con la maquina de hielo\u00a0usted podr\u00e1 ajustar el grosor de los cubitos seg\u00fan le sea necesario. Garant\u00eda ARC 2 A\u00d1OS Maquina para cubitos de hielo eficiente, bajo consumo 300w soporte t\u00e9cnico\u00a0incluido.\" \/>\n<meta property=\"og:url\" content=\"https:\/\/www.distribucionarc.com\/producto\/maquina-de-hielo-para-cubitos-de-hielo-70-kg\/\" \/>\n<meta property=\"og:site_name\" content=\"distribuci\u00f3n ARC\" \/>\n<meta property=\"article:modified_time\" content=\"2022-08-09T10:24:37+00:00\" \/>\n<meta property=\"og:image\" content=\"https:\/\/distribucionarc.com\/wp-content\/uploads\/2020\/07\/M\u00e1quina-de-hielo-para-cubitos-de-hielo-70-Kg-0.jpg\" \/>\n\t<meta property=\"og:image:width\" content=\"1600\" \/>\n\t<meta property=\"og:image:height\" content=\"1600\" \/>\n\t<meta property=\"og:image:type\" content=\"image\/jpeg\" \/>\n<meta name=\"twitter:card\" content=\"summary_large_image\" \/>\n<meta name=\"twitter:label1\" content=\"Timp estimat pentru citire\" \/>\n\t<meta name=\"twitter:data1\" content=\"2 minute\" \/>\n<script type=\"application\/ld+json\" class=\"yoast-schema-graph\">{\"@context\":\"https:\/\/schema.org\",\"@graph\":[{\"@type\":\"WebPage\",\"@id\":\"https:\/\/www.distribucionarc.com\/producto\/maquina-de-hielo-para-cubitos-de-hielo-70-kg\/\",\"url\":\"https:\/\/www.distribucionarc.com\/producto\/maquina-de-hielo-para-cubitos-de-hielo-70-kg\/\",\"name\":\"M\u00e1quina para cubitos de hielo 60 Kg - distribuci\u00f3n ARC\",\"isPartOf\":{\"@id\":\"https:\/\/www.distribucionarc.com\/de\/#website\"},\"primaryImageOfPage\":{\"@id\":\"https:\/\/www.distribucionarc.com\/producto\/maquina-de-hielo-para-cubitos-de-hielo-70-kg\/#primaryimage\"},\"image\":{\"@id\":\"https:\/\/www.distribucionarc.com\/producto\/maquina-de-hielo-para-cubitos-de-hielo-70-kg\/#primaryimage\"},\"thumbnailUrl\":\"https:\/\/distribucionarc.com\/wp-content\/uploads\/2020\/07\/M\u00e1quina-de-hielo-para-cubitos-de-hielo-70-Kg-0.jpg\",\"datePublished\":\"2020-07-24T10:10:37+00:00\",\"dateModified\":\"2022-08-09T10:24:37+00:00\",\"breadcrumb\":{\"@id\":\"https:\/\/www.distribucionarc.com\/producto\/maquina-de-hielo-para-cubitos-de-hielo-70-kg\/#breadcrumb\"},\"inLanguage\":\"ro-RO\",\"potentialAction\":[{\"@type\":\"ReadAction\",\"target\":[\"https:\/\/www.distribucionarc.com\/producto\/maquina-de-hielo-para-cubitos-de-hielo-70-kg\/\"]}]},{\"@type\":\"ImageObject\",\"inLanguage\":\"ro-RO\",\"@id\":\"https:\/\/www.distribucionarc.com\/producto\/maquina-de-hielo-para-cubitos-de-hielo-70-kg\/#primaryimage\",\"url\":\"https:\/\/distribucionarc.com\/wp-content\/uploads\/2020\/07\/M\u00e1quina-de-hielo-para-cubitos-de-hielo-70-Kg-0.jpg\",\"contentUrl\":\"https:\/\/distribucionarc.com\/wp-content\/uploads\/2020\/07\/M\u00e1quina-de-hielo-para-cubitos-de-hielo-70-Kg-0.jpg\",\"width\":1600,\"height\":1600,\"caption\":\"M\u00e1quina de hielo para cubitos de hielo 70 Kg\"},{\"@type\":\"BreadcrumbList\",\"@id\":\"https:\/\/www.distribucionarc.com\/producto\/maquina-de-hielo-para-cubitos-de-hielo-70-kg\/#breadcrumb\",\"itemListElement\":[{\"@type\":\"ListItem\",\"position\":1,\"name\":\"Portada\",\"item\":\"https:\/\/www.distribucionarc.com\/en\/\"},{\"@type\":\"ListItem\",\"position\":2,\"name\":\"Products\",\"item\":\"https:\/\/www.distribucionarc.com\/en\/shop\/\"},{\"@type\":\"ListItem\",\"position\":3,\"name\":\"M\u00e1quina para cubitos de hielo 60 Kg\"}]},{\"@type\":\"WebSite\",\"@id\":\"https:\/\/www.distribucionarc.com\/de\/#website\",\"url\":\"https:\/\/www.distribucionarc.com\/de\/\",\"name\":\"distribuci\u00f3n ARC\",\"description\":\"Empresa especializada en la fabricaci\u00f3n y distribuci\u00f3n de maquinaria industrial, selladoras de latas, Maquinas de hacer pastillas, Maquinas de cortar carne...\",\"publisher\":{\"@id\":\"https:\/\/www.distribucionarc.com\/de\/#organization\"},\"potentialAction\":[{\"@type\":\"SearchAction\",\"target\":{\"@type\":\"EntryPoint\",\"urlTemplate\":\"https:\/\/www.distribucionarc.com\/de\/?s={search_term_string}\"},\"query-input\":{\"@type\":\"PropertyValueSpecification\",\"valueRequired\":true,\"valueName\":\"search_term_string\"}}],\"inLanguage\":\"ro-RO\"},{\"@type\":\"Organization\",\"@id\":\"https:\/\/www.distribucionarc.com\/de\/#organization\",\"name\":\"Distribuci\u00f3n ARC\",\"url\":\"https:\/\/www.distribucionarc.com\/de\/\",\"logo\":{\"@type\":\"ImageObject\",\"inLanguage\":\"ro-RO\",\"@id\":\"https:\/\/www.distribucionarc.com\/de\/#\/schema\/logo\/image\/\",\"url\":\"https:\/\/distribucionarc.com\/wp-content\/uploads\/2024\/10\/distribucion-ARC-COLOR-SIN-FONDO-e1732295305345.png\",\"contentUrl\":\"https:\/\/distribucionarc.com\/wp-content\/uploads\/2024\/10\/distribucion-ARC-COLOR-SIN-FONDO-e1732295305345.png\",\"width\":1164,\"height\":558,\"caption\":\"Distribuci\u00f3n ARC\"},\"image\":{\"@id\":\"https:\/\/www.distribucionarc.com\/de\/#\/schema\/logo\/image\/\"},\"description\":\"Empresa especializada en la fabricaci\u00f3n y distribuci\u00f3n de maquinaria industrial para los sectores alimentario y farmac\u00e9utico. Nos especializamos en: M\u00e1quinas de cortar carne Fabricaci\u00f3n de comprimidos Sistemas de transporte industrial L\u00edneas de embotellado Dosificadores Y mucho m\u00e1s... Ofrecemos soluciones innovadoras y personalizadas para optimizar los procesos productivos de tu empresa.\",\"email\":\"Admistracion@distribucionarc.com\",\"telephone\":\"+34 643496664\",\"legalName\":\"ARC TECH SOLUTIONS\",\"foundingDate\":\"2024-04-09\",\"vatID\":\"B55480172\",\"numberOfEmployees\":{\"@type\":\"QuantitativeValue\",\"minValue\":\"1\",\"maxValue\":\"10\"}}]}<\/script>\n<!-- \/ Yoast SEO Premium plugin. -->","yoast_head_json":{"title":"Ma\u0219in\u0103 pentru cuburi de ghea\u021b\u0103 60 Kg - distribu\u021bie ARC","robots":{"index":"index","follow":"follow","max-snippet":"max-snippet:-1","max-image-preview":"max-image-preview:large","max-video-preview":"max-video-preview:-1"},"canonical":"https:\/\/www.distribucionarc.com\/producto\/maquina-de-hielo-para-cubitos-de-hielo-70-kg\/","og_locale":"ro_RO","og_type":"article","og_title":"M\u00e1quina para cubitos de hielo 60 Kg","og_description":"M\u00e1quina de hielo para cubitos de hielo 60 Kg No pierdas m\u00e1s el tiempo comprando sacos de hielo, con las\u00a0m\u00e1quinas para cubitos de hielo\u00a0de\u00a0ARC; no tendr\u00e1s que ir a ning\u00fan lado para tener tus reservas siempre llenas, al almacenarlo mientras se va fabricando m\u00e1s hielo.  Esta\u00a0m\u00e1quina de hielo\u00a0ARC\u00a0de alta calidad est\u00e1 hecha de acero inoxidable de la mejor calidad, especial para alimentos con aislamiento de espuma de doble capa. \u00a0La\u00a0m\u00e1quina para cubitos de hielo\u00a0ARCMCH60\u00a0cuenta con una capacidad de\u00a0producci\u00f3n de hielo de 60 kg en 24 horas y una capacidad de almacenamiento de hielo de 20 Kg, con la maquina de hielo\u00a0usted podr\u00e1 ajustar el grosor de los cubitos seg\u00fan le sea necesario. Garant\u00eda ARC 2 A\u00d1OS Maquina para cubitos de hielo eficiente, bajo consumo 300w soporte t\u00e9cnico\u00a0incluido.","og_url":"https:\/\/www.distribucionarc.com\/producto\/maquina-de-hielo-para-cubitos-de-hielo-70-kg\/","og_site_name":"distribuci\u00f3n ARC","article_modified_time":"2022-08-09T10:24:37+00:00","og_image":[{"width":1600,"height":1600,"url":"https:\/\/distribucionarc.com\/wp-content\/uploads\/2020\/07\/M\u00e1quina-de-hielo-para-cubitos-de-hielo-70-Kg-0.jpg","type":"image\/jpeg"}],"twitter_card":"summary_large_image","twitter_misc":{"Timp estimat pentru citire":"2 minute"},"schema":{"@context":"https:\/\/schema.org","@graph":[{"@type":"WebPage","@id":"https:\/\/www.distribucionarc.com\/producto\/maquina-de-hielo-para-cubitos-de-hielo-70-kg\/","url":"https:\/\/www.distribucionarc.com\/producto\/maquina-de-hielo-para-cubitos-de-hielo-70-kg\/","name":"Ma\u0219in\u0103 pentru cuburi de ghea\u021b\u0103 60 Kg - distribu\u021bie ARC","isPartOf":{"@id":"https:\/\/www.distribucionarc.com\/de\/#website"},"primaryImageOfPage":{"@id":"https:\/\/www.distribucionarc.com\/producto\/maquina-de-hielo-para-cubitos-de-hielo-70-kg\/#primaryimage"},"image":{"@id":"https:\/\/www.distribucionarc.com\/producto\/maquina-de-hielo-para-cubitos-de-hielo-70-kg\/#primaryimage"},"thumbnailUrl":"https:\/\/distribucionarc.com\/wp-content\/uploads\/2020\/07\/M\u00e1quina-de-hielo-para-cubitos-de-hielo-70-Kg-0.jpg","datePublished":"2020-07-24T10:10:37+00:00","dateModified":"2022-08-09T10:24:37+00:00","breadcrumb":{"@id":"https:\/\/www.distribucionarc.com\/producto\/maquina-de-hielo-para-cubitos-de-hielo-70-kg\/#breadcrumb"},"inLanguage":"ro-RO","potentialAction":[{"@type":"ReadAction","target":["https:\/\/www.distribucionarc.com\/producto\/maquina-de-hielo-para-cubitos-de-hielo-70-kg\/"]}]},{"@type":"ImageObject","inLanguage":"ro-RO","@id":"https:\/\/www.distribucionarc.com\/producto\/maquina-de-hielo-para-cubitos-de-hielo-70-kg\/#primaryimage","url":"https:\/\/distribucionarc.com\/wp-content\/uploads\/2020\/07\/M\u00e1quina-de-hielo-para-cubitos-de-hielo-70-Kg-0.jpg","contentUrl":"https:\/\/distribucionarc.com\/wp-content\/uploads\/2020\/07\/M\u00e1quina-de-hielo-para-cubitos-de-hielo-70-Kg-0.jpg","width":1600,"height":1600,"caption":"M\u00e1quina de hielo para cubitos de hielo 70 Kg"},{"@type":"BreadcrumbList","@id":"https:\/\/www.distribucionarc.com\/producto\/maquina-de-hielo-para-cubitos-de-hielo-70-kg\/#breadcrumb","itemListElement":[{"@type":"ListItem","position":1,"name":"Portada","item":"https:\/\/www.distribucionarc.com\/en\/"},{"@type":"ListItem","position":2,"name":"Products","item":"https:\/\/www.distribucionarc.com\/en\/shop\/"},{"@type":"ListItem","position":3,"name":"M\u00e1quina para cubitos de hielo 60 Kg"}]},{"@type":"WebSite","@id":"https:\/\/www.distribucionarc.com\/de\/#website","url":"https:\/\/www.distribucionarc.com\/de\/","name":"Distribu\u021bie ARC","description":"Companie specializat\u0103 \u00een fabricarea \u0219i distribu\u021bia de utilaje industriale, ma\u0219ini de sigilat cutii, ma\u0219ini de fabricat tablete, ma\u0219ini de t\u0103iat carne...","publisher":{"@id":"https:\/\/www.distribucionarc.com\/de\/#organization"},"potentialAction":[{"@type":"SearchAction","target":{"@type":"EntryPoint","urlTemplate":"https:\/\/www.distribucionarc.com\/de\/?s={search_term_string}"},"query-input":{"@type":"PropertyValueSpecification","valueRequired":true,"valueName":"search_term_string"}}],"inLanguage":"ro-RO"},{"@type":"Organization","@id":"https:\/\/www.distribucionarc.com\/de\/#organization","name":"Distribu\u021bie ARC","url":"https:\/\/www.distribucionarc.com\/de\/","logo":{"@type":"ImageObject","inLanguage":"ro-RO","@id":"https:\/\/www.distribucionarc.com\/de\/#\/schema\/logo\/image\/","url":"https:\/\/distribucionarc.com\/wp-content\/uploads\/2024\/10\/distribucion-ARC-COLOR-SIN-FONDO-e1732295305345.png","contentUrl":"https:\/\/distribucionarc.com\/wp-content\/uploads\/2024\/10\/distribucion-ARC-COLOR-SIN-FONDO-e1732295305345.png","width":1164,"height":558,"caption":"Distribuci\u00f3n ARC"},"image":{"@id":"https:\/\/www.distribucionarc.com\/de\/#\/schema\/logo\/image\/"},"description":"Companie specializat\u0103 \u00een fabricarea \u0219i distribu\u021bia de utilaje industriale pentru sectoarele alimentar \u0219i farmaceutic. Suntem specializa\u021bi \u00een: Ma\u0219ini de t\u0103iat carne Fabricarea tabletelor Sisteme de transport industrial Linii de \u00eembuteliere Distribuitoare \u0218i multe altele... Oferim solu\u021bii inovatoare \u0219i personalizate pentru a optimiza procesele de produc\u021bie ale companiei dumneavoastr\u0103.","email":"Admistracion@distribucionarc.com","telephone":"+34 643496664","legalName":"ARC TECH SOLUTIONS","foundingDate":"2024-04-09","vatID":"B55480172","numberOfEmployees":{"@type":"QuantitativeValue","minValue":"1","maxValue":"10"}}]}},"_links":{"self":[{"href":"https:\/\/distribucionarc.com\/ro\/wp-json\/wp\/v2\/product\/1406","targetHints":{"allow":["GET"]}}],"collection":[{"href":"https:\/\/distribucionarc.com\/ro\/wp-json\/wp\/v2\/product"}],"about":[{"href":"https:\/\/distribucionarc.com\/ro\/wp-json\/wp\/v2\/types\/product"}],"replies":[{"embeddable":true,"href":"https:\/\/distribucionarc.com\/ro\/wp-json\/wp\/v2\/comments?post=1406"}],"version-history":[{"count":0,"href":"https:\/\/distribucionarc.com\/ro\/wp-json\/wp\/v2\/product\/1406\/revisions"}],"wp:featuredmedia":[{"embeddable":true,"href":"https:\/\/distribucionarc.com\/ro\/wp-json\/wp\/v2\/media\/1413"}],"wp:attachment":[{"href":"https:\/\/distribucionarc.com\/ro\/wp-json\/wp\/v2\/media?parent=1406"}],"wp:term":[{"taxonomy":"product_brand","embeddable":true,"href":"https:\/\/distribucionarc.com\/ro\/wp-json\/wp\/v2\/product_brand?post=1406"},{"taxonomy":"product_cat","embeddable":true,"href":"https:\/\/distribucionarc.com\/ro\/wp-json\/wp\/v2\/product_cat?post=1406"},{"taxonomy":"product_tag","embeddable":true,"href":"https:\/\/distribucionarc.com\/ro\/wp-json\/wp\/v2\/product_tag?post=1406"}],"curies":[{"name":"wp","href":"https:\/\/api.w.org\/{rel}","templated":true}]}}