{"id":1421,"date":"2020-07-24T12:18:25","date_gmt":"2020-07-24T12:18:25","guid":{"rendered":"https:\/\/distribucionarc.com\/?post_type=product&#038;p=1421"},"modified":"2020-09-29T18:45:55","modified_gmt":"2020-09-29T18:45:55","slug":"masina-cuburi-de-gheata-18-kg","status":"publish","type":"product","link":"https:\/\/distribucionarc.com\/ro\/producto\/maquina-para-cubitos-de-hielo-18-kg\/","title":{"rendered":"Ma\u0219in\u0103 pentru cuburi de ghea\u021b\u0103 18 Kg"},"content":{"rendered":"<h3>Aparat de gheata pentru cuburi de gheata 18 Kg<\/h3>\n<p>Acest <strong>ma\u0219in\u0103 portabil\u0103 pentru cuburi de ghea\u021b\u0103<\/strong> de<strong><span style=\"color: #ff0000;\"> LA<\/span><span style=\"color: #0000ff;\">R<\/span>c<\/strong> Cu un design atemporal se adapteaz\u0103 oric\u0103rui mediu. Ideal pentru familii, cafenele, petreceri, restaurante, baruri, hoteluri, magazine, baruri pe plaja.<\/p>\n<p>Cu <strong>ma\u0219in\u0103 cub <span style=\"color: #ff0000;\">LA<\/span><span style=\"color: #0000ff;\">R<\/span>CMCH18<\/strong> poate produce <span style=\"color: #0000ff;\"><strong>24 de cuburi \u00een 13-25 de minute<\/strong><\/span> (\u00een func\u021bie de temperatura ambiant\u0103) \u0219i <span style=\"color: #0000ff;\"><strong>p\u00e2n\u0103 la 18 kg \u00een 24 de ore<\/strong><\/span>. Lui <span style=\"color: #008000;\"><strong>motorul este eficient \u0219i contribuie la economisirea energiei<\/strong><\/span>.<\/p>\n<p>Gestionarea u\u0219oar\u0103 a condi\u021biilor de func\u021bionare, <span style=\"color: #00ccff;\"><strong>functie de curatare automata<\/strong><\/span>, butoanele de pe afi\u0219ajul LCD arat\u0103 starea de func\u021bionare a dispozitivului <strong>ma\u0219in\u0103 de ghea\u021b\u0103<\/strong> de <strong><span style=\"color: #ff0000;\">LA<\/span><span style=\"color: #0000ff;\">R<\/span>c<\/strong> tot timpul. Dac\u0103 g\u0103leata cu ghea\u021b\u0103 este plin\u0103 sau nivelul apei este prea sc\u0103zut, v\u0103 anun\u021b\u0103 cu o alarm\u0103.<\/p>\n<p>Corpul rezervorului are 3 straturi. Recipientul de calitate alimentar\u0103 con\u021bine p\u00e2n\u0103 la 1,1 kg de ghea\u021b\u0103. Spuma de \u00eenalt\u0103 densitate serve\u0219te pentru re\u021binerea c\u0103ldurii \u0219i izola\u021bie.<\/p>\n<p>Acest<strong> aparat portabil de ghea\u021b\u0103<\/strong> Este potrivit pentru umplere manual\u0103 \u0219i automat\u0103 (conducta de ap\u0103 este conectat\u0103 la spatele ma\u0219inii) \u00een conformitate cu reglement\u0103rile.<\/p>\n<p>Tava de picurare practica este usor de indepartat si curatat. Ventilatorul echipat asigur\u0103 volume mari de aer pentru o disipare mai rapid\u0103 a c\u0103ldurii \u0219i producerea de ghea\u021b\u0103.<\/p>\n<h6><strong>garan\u021bie\u00a0<span style=\"color: #ff0000;\">LA<\/span><span style=\"color: #0000ff;\">R<\/span>C 2 ANI<\/strong><\/h6>\n<h6><span style=\"color: #008000;\"><strong>Ma\u0219in\u0103 eficient\u0103 pentru cuburi de ghea\u021b\u0103, consum redus 100w<\/strong><\/span><\/h6>\n<h6><strong>suport tehnic inclus.<\/strong><\/h6>\n<p>&nbsp;<\/p>\n<p>&nbsp;<\/p>\n<table role=\"presentation\" width=\"100%\" cellspacing=\"0\" cellpadding=\"0\">\n<tbody>\n<tr>\n<td class=\"attrLabels\">Putere:<\/td>\n<td width=\"50.0%\">100W<\/td>\n<\/tr>\n<tr>\n<td class=\"attrLabels\">Voltaj:<\/td>\n<td width=\"50.0%\">220V \u2013 240V, 50Hz \u2013 60Hz<\/td>\n<td class=\"attrLabels\">Greutate:<\/td>\n<td width=\"50.0%\">11,8 kg<\/td>\n<\/tr>\n<tr>\n<td class=\"attrLabels\">\u021aara de distribu\u021bie:<\/td>\n<td width=\"50.0%\">Spania, Germania, SUA<\/td>\n<td class=\"attrLabels\">\u00cen\u0103l\u0163ime:<\/td>\n<td width=\"50.0%\">\u00a034 cm<\/td>\n<\/tr>\n<tr>\n<td class=\"attrLabels\">Marca:<\/td>\n<td width=\"50.0%\">ARC<\/td>\n<td class=\"attrLabels\">Lung:<\/td>\n<td width=\"50.0%\">28,5 cm<\/td>\n<\/tr>\n<tr>\n<td class=\"attrLabels\">Tip produs:<\/td>\n<td width=\"50.0%\">Ma\u0219in\u0103 pentru cuburi de ghea\u021b\u0103<\/td>\n<td class=\"attrLabels\">Larg:<\/td>\n<td width=\"50.0%\">\u00a035,5 cm<\/td>\n<\/tr>\n<tr>\n<td class=\"attrLabels\">Numar producator:<\/td>\n<td width=\"50.0%\">ARCMCH18<\/td>\n<td class=\"attrLabels\">Viteza de lucru:<\/td>\n<td width=\"50.0%\">\u00a013 p\u00e2n\u0103 la 25 de minute pentru 24 de buc\u0103\u021bi<\/td>\n<\/tr>\n<tr>\n<td class=\"attrLabels\">Material:<\/td>\n<td width=\"50.0%\">otel inoxidabil, ecran LCD, motor optimizat<\/td>\n<td class=\"attrLabels\">dimensiunea cubului de ghea\u021b\u0103:<\/td>\n<td width=\"50.0%\">22x22x22mm<\/td>\n<\/tr>\n<tr>\n<td class=\"attrLabels\">Culoare:<\/td>\n<td width=\"50.0%\">Argint<\/td>\n<td class=\"attrLabels\">Depozitare:<\/td>\n<td width=\"50.0%\">1,1 kg<\/td>\n<\/tr>\n<tr>\n<td class=\"attrLabels\">Instrumente de instalare:<\/td>\n<td width=\"50.0%\">Da<\/td>\n<td class=\"attrLabels\">Garantie:<\/td>\n<td width=\"50.0%\">2 ANI<\/td>\n<\/tr>\n<\/tbody>\n<\/table>","protected":false},"excerpt":{"rendered":"<h2>Aparat de gheata pentru cuburi de gheata 18 Kg<\/h2>\n<p>Nu mai pierde timpul cump\u0103r\u00e2nd pungi de ghea\u021b\u0103, cu\u00a0<strong>ma\u0219ini pentru cuburi de ghea\u021b\u0103<\/strong>\u00a0de<span style=\"color: #ff0000;\">\u00a0<\/span><strong><span style=\"color: #ff0000;\">LA<\/span><span style=\"color: #0000ff;\">R<\/span>C;<\/strong> Nu va trebui s\u0103 merge\u021bi nic\u0103ieri pentru a avea \u00eentotdeauna rezervele pline, p\u0103str\u00e2ndu-l \u00een timp ce se face mai mult\u0103 ghea\u021b\u0103.<\/p>\n<p>The <strong>ma\u0219in\u0103 pentru cuburi de ghea\u021b\u0103 <span style=\"color: #ff0000;\">LA<\/span><span style=\"color: #0000ff;\">R<\/span>CMCH18<\/strong> produce p\u00e2n\u0103 la <span style=\"color: #0000ff;\"><strong>18 kg in 24 de ore<\/strong><strong> \u015fi<\/strong><\/span> <span style=\"color: #0000ff;\"><strong>24 de buc\u0103\u021bi de cuburi de ghea\u021b\u0103 \u00een 13-25 de minute<\/strong><\/span>. Operarea este simpl\u0103 \u0219i clar\u0103 prin intermediul ecranului LCD. Capacul transparent v\u0103 ofer\u0103 o bun\u0103 observare. The <strong>ma\u0219in\u0103 de ghea\u021b\u0103<\/strong> de <strong><span style=\"color: #ff0000;\">LA<\/span><span style=\"color: #0000ff;\">R<\/span>c<\/strong> Este robust cu un corp din o\u021bel inoxidabil de cea mai bun\u0103 calitate pentru sectorul alimentar.<\/p>\n<h6><strong>garan\u021bie\u00a0<span style=\"color: #ff0000;\">LA<\/span><span style=\"color: #0000ff;\">R<\/span>C 2 ANI<\/strong><\/h6>\n<h6><span style=\"color: #008000;\"><strong>Ma\u0219in\u0103 eficient\u0103 pentru cuburi de ghea\u021b\u0103, consum redus 100w<\/strong><\/span><\/h6>\n<h6><strong>suport tehnic inclus.<\/strong><\/h6>","protected":false},"featured_media":1428,"comment_status":"open","ping_status":"closed","template":"","meta":{"wds_primary_product_brand":0,"wds_primary_product_cat":0},"product_brand":[],"product_cat":[59],"product_tag":[],"class_list":{"0":"post-1421","1":"product","2":"type-product","3":"status-publish","4":"has-post-thumbnail","6":"product_cat-hielo","7":"product_shipping_class-hosteleria","9":"first","10":"instock","11":"sale","12":"taxable","13":"shipping-taxable","14":"purchasable","15":"product-type-simple"},"yoast_head":"<!-- This site is optimized with the Yoast SEO Premium plugin v24.9 (Yoast SEO v26.1) - https:\/\/yoast.com\/wordpress\/plugins\/seo\/ -->\n<title>Maquina para cubitos de hielo 18 Kg - distribuci\u00f3n ARC<\/title>\n<meta name=\"robots\" content=\"index, follow, max-snippet:-1, max-image-preview:large, max-video-preview:-1\" \/>\n<link rel=\"canonical\" href=\"https:\/\/distribucionarc.com\/ro\/produs\/masina-cuburi-de-gheata-18-kg\/\" \/>\n<meta property=\"og:locale\" content=\"ro_RO\" \/>\n<meta property=\"og:type\" content=\"article\" \/>\n<meta property=\"og:title\" content=\"Maquina para cubitos de hielo 18 Kg\" \/>\n<meta property=\"og:description\" content=\"Maquina de hielo para cubitos de hielo 18 Kg No pierdas m\u00e1s el tiempo comprando sacos de hielo, con las\u00a0m\u00e1quinas para cubitos de hielo\u00a0de\u00a0ARC; no tendr\u00e1s que ir a ning\u00fan lado para tener tus reservas siempre llenas, al almacenarlo mientras se va fabricando m\u00e1s hielo.  La m\u00e1quina de cubitos de hielo ARCMCH18 produce hasta 18 kg en 24 horas y 24 trozos de cubitos de hielo en 13-25 minutos. La operaci\u00f3n es simple y clara a trav\u00e9s de la pantalla LCD. La tapa transparente proporciona una buena observaci\u00f3n para usted. La m\u00e1quina de hielo de ARC es robusta con un cuerpo de acero inoxidable de la mejor calidad para el \u00e1mbito alimenticio. Garant\u00eda\u00a0ARC 2 A\u00d1OS Maquina para cubitos de hielo eficiente, bajo consumo 100w soporte t\u00e9cnico\u00a0incluido.\" \/>\n<meta property=\"og:url\" content=\"https:\/\/distribucionarc.com\/ro\/produs\/masina-cuburi-de-gheata-18-kg\/\" \/>\n<meta property=\"og:site_name\" content=\"distribuci\u00f3n ARC\" \/>\n<meta property=\"article:modified_time\" content=\"2020-09-29T18:45:55+00:00\" \/>\n<meta property=\"og:image\" content=\"https:\/\/distribucionarc.com\/wp-content\/uploads\/2020\/07\/M\u00e1quina-para-cubitos-de-hielo-18-Kg-0.jpg\" \/>\n\t<meta property=\"og:image:width\" content=\"1600\" \/>\n\t<meta property=\"og:image:height\" content=\"1600\" \/>\n\t<meta property=\"og:image:type\" content=\"image\/jpeg\" \/>\n<meta name=\"twitter:card\" content=\"summary_large_image\" \/>\n<meta name=\"twitter:label1\" content=\"Timp estimat pentru citire\" \/>\n\t<meta name=\"twitter:data1\" content=\"2 minute\" \/>\n<script type=\"application\/ld+json\" class=\"yoast-schema-graph\">{\"@context\":\"https:\/\/schema.org\",\"@graph\":[{\"@type\":\"WebPage\",\"@id\":\"https:\/\/distribucionarc.com\/nb\/producto\/maquina-para-cubitos-de-hielo-18-kg\/\",\"url\":\"https:\/\/distribucionarc.com\/nb\/producto\/maquina-para-cubitos-de-hielo-18-kg\/\",\"name\":\"Maquina para cubitos de hielo 18 Kg - distribuci\u00f3n ARC\",\"isPartOf\":{\"@id\":\"https:\/\/www.distribucionarc.com\/de\/#website\"},\"primaryImageOfPage\":{\"@id\":\"https:\/\/distribucionarc.com\/nb\/producto\/maquina-para-cubitos-de-hielo-18-kg\/#primaryimage\"},\"image\":{\"@id\":\"https:\/\/distribucionarc.com\/nb\/producto\/maquina-para-cubitos-de-hielo-18-kg\/#primaryimage\"},\"thumbnailUrl\":\"https:\/\/distribucionarc.com\/wp-content\/uploads\/2020\/07\/M\u00e1quina-para-cubitos-de-hielo-18-Kg-0.jpg\",\"datePublished\":\"2020-07-24T12:18:25+00:00\",\"dateModified\":\"2020-09-29T18:45:55+00:00\",\"breadcrumb\":{\"@id\":\"https:\/\/distribucionarc.com\/nb\/producto\/maquina-para-cubitos-de-hielo-18-kg\/#breadcrumb\"},\"inLanguage\":\"ro-RO\",\"potentialAction\":[{\"@type\":\"ReadAction\",\"target\":[\"https:\/\/distribucionarc.com\/nb\/producto\/maquina-para-cubitos-de-hielo-18-kg\/\"]}]},{\"@type\":\"ImageObject\",\"inLanguage\":\"ro-RO\",\"@id\":\"https:\/\/distribucionarc.com\/nb\/producto\/maquina-para-cubitos-de-hielo-18-kg\/#primaryimage\",\"url\":\"https:\/\/distribucionarc.com\/wp-content\/uploads\/2020\/07\/M\u00e1quina-para-cubitos-de-hielo-18-Kg-0.jpg\",\"contentUrl\":\"https:\/\/distribucionarc.com\/wp-content\/uploads\/2020\/07\/M\u00e1quina-para-cubitos-de-hielo-18-Kg-0.jpg\",\"width\":1600,\"height\":1600,\"caption\":\"M\u00e1quina para cubitos de hielo 18 Kg\"},{\"@type\":\"BreadcrumbList\",\"@id\":\"https:\/\/distribucionarc.com\/nb\/producto\/maquina-para-cubitos-de-hielo-18-kg\/#breadcrumb\",\"itemListElement\":[{\"@type\":\"ListItem\",\"position\":1,\"name\":\"Portada\",\"item\":\"https:\/\/www.distribucionarc.com\/en\/\"},{\"@type\":\"ListItem\",\"position\":2,\"name\":\"Products\",\"item\":\"https:\/\/www.distribucionarc.com\/en\/shop\/\"},{\"@type\":\"ListItem\",\"position\":3,\"name\":\"Maquina para cubitos de hielo 18 Kg\"}]},{\"@type\":\"WebSite\",\"@id\":\"https:\/\/www.distribucionarc.com\/de\/#website\",\"url\":\"https:\/\/www.distribucionarc.com\/de\/\",\"name\":\"distribuci\u00f3n ARC\",\"description\":\"Empresa especializada en la fabricaci\u00f3n y distribuci\u00f3n de maquinaria industrial, selladoras de latas, Maquinas de hacer pastillas, Maquinas de cortar carne...\",\"publisher\":{\"@id\":\"https:\/\/www.distribucionarc.com\/de\/#organization\"},\"potentialAction\":[{\"@type\":\"SearchAction\",\"target\":{\"@type\":\"EntryPoint\",\"urlTemplate\":\"https:\/\/www.distribucionarc.com\/de\/?s={search_term_string}\"},\"query-input\":{\"@type\":\"PropertyValueSpecification\",\"valueRequired\":true,\"valueName\":\"search_term_string\"}}],\"inLanguage\":\"ro-RO\"},{\"@type\":\"Organization\",\"@id\":\"https:\/\/www.distribucionarc.com\/de\/#organization\",\"name\":\"Distribuci\u00f3n ARC\",\"url\":\"https:\/\/www.distribucionarc.com\/de\/\",\"logo\":{\"@type\":\"ImageObject\",\"inLanguage\":\"ro-RO\",\"@id\":\"https:\/\/www.distribucionarc.com\/de\/#\/schema\/logo\/image\/\",\"url\":\"https:\/\/distribucionarc.com\/wp-content\/uploads\/2024\/10\/distribucion-ARC-COLOR-SIN-FONDO-e1732295305345.png\",\"contentUrl\":\"https:\/\/distribucionarc.com\/wp-content\/uploads\/2024\/10\/distribucion-ARC-COLOR-SIN-FONDO-e1732295305345.png\",\"width\":1164,\"height\":558,\"caption\":\"Distribuci\u00f3n ARC\"},\"image\":{\"@id\":\"https:\/\/www.distribucionarc.com\/de\/#\/schema\/logo\/image\/\"},\"description\":\"Empresa especializada en la fabricaci\u00f3n y distribuci\u00f3n de maquinaria industrial para los sectores alimentario y farmac\u00e9utico. Nos especializamos en: M\u00e1quinas de cortar carne Fabricaci\u00f3n de comprimidos Sistemas de transporte industrial L\u00edneas de embotellado Dosificadores Y mucho m\u00e1s... Ofrecemos soluciones innovadoras y personalizadas para optimizar los procesos productivos de tu empresa.\",\"email\":\"Admistracion@distribucionarc.com\",\"telephone\":\"+34 643496664\",\"legalName\":\"ARC TECH SOLUTIONS\",\"foundingDate\":\"2024-04-09\",\"vatID\":\"B55480172\",\"numberOfEmployees\":{\"@type\":\"QuantitativeValue\",\"minValue\":\"1\",\"maxValue\":\"10\"}}]}<\/script>\n<!-- \/ Yoast SEO Premium plugin. -->","yoast_head_json":{"title":"Aparat pentru cuburi de gheata de 18 Kg - distributie ARC","robots":{"index":"index","follow":"follow","max-snippet":"max-snippet:-1","max-image-preview":"max-image-preview:large","max-video-preview":"max-video-preview:-1"},"canonical":"https:\/\/distribucionarc.com\/ro\/produs\/masina-cuburi-de-gheata-18-kg\/","og_locale":"ro_RO","og_type":"article","og_title":"Maquina para cubitos de hielo 18 Kg","og_description":"Maquina de hielo para cubitos de hielo 18 Kg No pierdas m\u00e1s el tiempo comprando sacos de hielo, con las\u00a0m\u00e1quinas para cubitos de hielo\u00a0de\u00a0ARC; no tendr\u00e1s que ir a ning\u00fan lado para tener tus reservas siempre llenas, al almacenarlo mientras se va fabricando m\u00e1s hielo.  La m\u00e1quina de cubitos de hielo ARCMCH18 produce hasta 18 kg en 24 horas y 24 trozos de cubitos de hielo en 13-25 minutos. La operaci\u00f3n es simple y clara a trav\u00e9s de la pantalla LCD. La tapa transparente proporciona una buena observaci\u00f3n para usted. La m\u00e1quina de hielo de ARC es robusta con un cuerpo de acero inoxidable de la mejor calidad para el \u00e1mbito alimenticio. Garant\u00eda\u00a0ARC 2 A\u00d1OS Maquina para cubitos de hielo eficiente, bajo consumo 100w soporte t\u00e9cnico\u00a0incluido.","og_url":"https:\/\/distribucionarc.com\/ro\/produs\/masina-cuburi-de-gheata-18-kg\/","og_site_name":"distribuci\u00f3n ARC","article_modified_time":"2020-09-29T18:45:55+00:00","og_image":[{"width":1600,"height":1600,"url":"https:\/\/distribucionarc.com\/wp-content\/uploads\/2020\/07\/M\u00e1quina-para-cubitos-de-hielo-18-Kg-0.jpg","type":"image\/jpeg"}],"twitter_card":"summary_large_image","twitter_misc":{"Timp estimat pentru citire":"2 minute"},"schema":{"@context":"https:\/\/schema.org","@graph":[{"@type":"WebPage","@id":"https:\/\/distribucionarc.com\/nb\/producto\/maquina-para-cubitos-de-hielo-18-kg\/","url":"https:\/\/distribucionarc.com\/nb\/producto\/maquina-para-cubitos-de-hielo-18-kg\/","name":"Aparat pentru cuburi de gheata de 18 Kg - distributie ARC","isPartOf":{"@id":"https:\/\/www.distribucionarc.com\/de\/#website"},"primaryImageOfPage":{"@id":"https:\/\/distribucionarc.com\/nb\/producto\/maquina-para-cubitos-de-hielo-18-kg\/#primaryimage"},"image":{"@id":"https:\/\/distribucionarc.com\/nb\/producto\/maquina-para-cubitos-de-hielo-18-kg\/#primaryimage"},"thumbnailUrl":"https:\/\/distribucionarc.com\/wp-content\/uploads\/2020\/07\/M\u00e1quina-para-cubitos-de-hielo-18-Kg-0.jpg","datePublished":"2020-07-24T12:18:25+00:00","dateModified":"2020-09-29T18:45:55+00:00","breadcrumb":{"@id":"https:\/\/distribucionarc.com\/nb\/producto\/maquina-para-cubitos-de-hielo-18-kg\/#breadcrumb"},"inLanguage":"ro-RO","potentialAction":[{"@type":"ReadAction","target":["https:\/\/distribucionarc.com\/nb\/producto\/maquina-para-cubitos-de-hielo-18-kg\/"]}]},{"@type":"ImageObject","inLanguage":"ro-RO","@id":"https:\/\/distribucionarc.com\/nb\/producto\/maquina-para-cubitos-de-hielo-18-kg\/#primaryimage","url":"https:\/\/distribucionarc.com\/wp-content\/uploads\/2020\/07\/M\u00e1quina-para-cubitos-de-hielo-18-Kg-0.jpg","contentUrl":"https:\/\/distribucionarc.com\/wp-content\/uploads\/2020\/07\/M\u00e1quina-para-cubitos-de-hielo-18-Kg-0.jpg","width":1600,"height":1600,"caption":"M\u00e1quina para cubitos de hielo 18 Kg"},{"@type":"BreadcrumbList","@id":"https:\/\/distribucionarc.com\/nb\/producto\/maquina-para-cubitos-de-hielo-18-kg\/#breadcrumb","itemListElement":[{"@type":"ListItem","position":1,"name":"Portada","item":"https:\/\/www.distribucionarc.com\/en\/"},{"@type":"ListItem","position":2,"name":"Products","item":"https:\/\/www.distribucionarc.com\/en\/shop\/"},{"@type":"ListItem","position":3,"name":"Maquina para cubitos de hielo 18 Kg"}]},{"@type":"WebSite","@id":"https:\/\/www.distribucionarc.com\/de\/#website","url":"https:\/\/www.distribucionarc.com\/de\/","name":"Distribu\u021bie ARC","description":"Companie specializat\u0103 \u00een fabricarea \u0219i distribu\u021bia de utilaje industriale, ma\u0219ini de sigilat cutii, ma\u0219ini de fabricat tablete, ma\u0219ini de t\u0103iat carne...","publisher":{"@id":"https:\/\/www.distribucionarc.com\/de\/#organization"},"potentialAction":[{"@type":"SearchAction","target":{"@type":"EntryPoint","urlTemplate":"https:\/\/www.distribucionarc.com\/de\/?s={search_term_string}"},"query-input":{"@type":"PropertyValueSpecification","valueRequired":true,"valueName":"search_term_string"}}],"inLanguage":"ro-RO"},{"@type":"Organization","@id":"https:\/\/www.distribucionarc.com\/de\/#organization","name":"Distribu\u021bie ARC","url":"https:\/\/www.distribucionarc.com\/de\/","logo":{"@type":"ImageObject","inLanguage":"ro-RO","@id":"https:\/\/www.distribucionarc.com\/de\/#\/schema\/logo\/image\/","url":"https:\/\/distribucionarc.com\/wp-content\/uploads\/2024\/10\/distribucion-ARC-COLOR-SIN-FONDO-e1732295305345.png","contentUrl":"https:\/\/distribucionarc.com\/wp-content\/uploads\/2024\/10\/distribucion-ARC-COLOR-SIN-FONDO-e1732295305345.png","width":1164,"height":558,"caption":"Distribuci\u00f3n ARC"},"image":{"@id":"https:\/\/www.distribucionarc.com\/de\/#\/schema\/logo\/image\/"},"description":"Companie specializat\u0103 \u00een fabricarea \u0219i distribu\u021bia de utilaje industriale pentru sectoarele alimentar \u0219i farmaceutic. Suntem specializa\u021bi \u00een: Ma\u0219ini de t\u0103iat carne Fabricarea tabletelor Sisteme de transport industrial Linii de \u00eembuteliere Distribuitoare \u0218i multe altele... Oferim solu\u021bii inovatoare \u0219i personalizate pentru a optimiza procesele de produc\u021bie ale companiei dumneavoastr\u0103.","email":"Admistracion@distribucionarc.com","telephone":"+34 643496664","legalName":"ARC TECH SOLUTIONS","foundingDate":"2024-04-09","vatID":"B55480172","numberOfEmployees":{"@type":"QuantitativeValue","minValue":"1","maxValue":"10"}}]}},"_links":{"self":[{"href":"https:\/\/distribucionarc.com\/ro\/wp-json\/wp\/v2\/product\/1421","targetHints":{"allow":["GET"]}}],"collection":[{"href":"https:\/\/distribucionarc.com\/ro\/wp-json\/wp\/v2\/product"}],"about":[{"href":"https:\/\/distribucionarc.com\/ro\/wp-json\/wp\/v2\/types\/product"}],"replies":[{"embeddable":true,"href":"https:\/\/distribucionarc.com\/ro\/wp-json\/wp\/v2\/comments?post=1421"}],"version-history":[{"count":0,"href":"https:\/\/distribucionarc.com\/ro\/wp-json\/wp\/v2\/product\/1421\/revisions"}],"wp:featuredmedia":[{"embeddable":true,"href":"https:\/\/distribucionarc.com\/ro\/wp-json\/wp\/v2\/media\/1428"}],"wp:attachment":[{"href":"https:\/\/distribucionarc.com\/ro\/wp-json\/wp\/v2\/media?parent=1421"}],"wp:term":[{"taxonomy":"product_brand","embeddable":true,"href":"https:\/\/distribucionarc.com\/ro\/wp-json\/wp\/v2\/product_brand?post=1421"},{"taxonomy":"product_cat","embeddable":true,"href":"https:\/\/distribucionarc.com\/ro\/wp-json\/wp\/v2\/product_cat?post=1421"},{"taxonomy":"product_tag","embeddable":true,"href":"https:\/\/distribucionarc.com\/ro\/wp-json\/wp\/v2\/product_tag?post=1421"}],"curies":[{"name":"wp","href":"https:\/\/api.w.org\/{rel}","templated":true}]}}