{"id":1443,"date":"2020-07-24T14:44:52","date_gmt":"2020-07-24T14:44:52","guid":{"rendered":"https:\/\/distribucionarc.com\/?post_type=product&#038;p=1443"},"modified":"2020-10-09T11:14:42","modified_gmt":"2020-10-09T11:14:42","slug":"aparat-profesional-de-lapte-vegetal","status":"publish","type":"product","link":"https:\/\/distribucionarc.com\/ro\/producto\/maquina-profesional-para-leche-vegetal\/","title":{"rendered":"Ma\u0219in\u0103 profesional\u0103 pentru lapte vegetal"},"content":{"rendered":"<h2>Ma\u0219in\u0103 profesional\u0103 pentru lapte vegetal<\/h2>\n<p>Ve\u021bi putea produce lapte de soia rafinat \u0219i fraged, acesta <strong>ma\u0219in\u0103 automat\u0103 pentru lapte vegetal<\/strong> Este potrivit pentru toate tipurile de fasole, arahide etc.<\/p>\n<p>Corpul lui <strong>aparat de lapte de soia<span style=\"color: #ff0000;\"> LA<\/span><span style=\"color: #0000ff;\">R<\/span>c<\/strong> Este realizat din o\u021bel inoxidabil \u00eengro\u0219at \u0219i aliaj de aluminiu alimentar. Motorul integral din cupru pentru viteza mare, 2800 r\/min, nu se va supraincalzi usor, cea mai buna alegere pentru a obtine performante maxime. Metoda tradi\u021bional\u0103 de rafinare fizic\u0103, nu va distruge pere\u021bii celulari ai fasolei, nu va men\u021bine eficient nutri\u021bia \u0219i nu va extrage proteine.<\/p>\n<p>Baza \u00eengro\u0219at\u0103 a <strong>aparat de lapte vegetal<\/strong> de <strong><span style=\"color: #ff0000;\">LA<\/span><span style=\"color: #0000ff;\">R<\/span>c<\/strong> Este anticoroziv pentru a promova durabilitatea. Este ata\u0219at cu picioare mari de cauciuc pentru a v\u0103 oferi mai mult\u0103 stabilitate \u00een timpul procesului. Catarame robuste adoptate pe ambele p\u0103r\u021bi se ata\u0219eaz\u0103 cu u\u0219urin\u021b\u0103 \u0219i ferm de aparatul de lapte f\u0103r\u0103 lapte \u0219i previn scurgerile accidentale.<\/p>\n<p>Designul avansat al <strong>ma\u0219in\u0103 de soia <span style=\"color: #ff0000;\">LA<\/span><span style=\"color: #0000ff;\">R<\/span>CMLV1<\/strong> M\u0103cinare \u00eembun\u0103t\u0103\u021bit\u0103, ro\u021bi duble de nisip alb. Se filtreaz\u0103 cu fier \u0219i plas\u0103 dens\u0103. De\u0219eurile \u0219i deliciosul lapte de soia sunt separate \u00een dou\u0103 prize, f\u0103r\u0103 a fi nevoie de munc\u0103 suplimentar\u0103.<\/p>\n<p>Produce p\u00e2n\u0103 la <span style=\"color: #0000ff;\"><strong>35 kg de soia pe or\u0103<\/strong><\/span> cu efort minim pe l\u00e2ng\u0103 profitarea de motorul eficient cu consum redus de energie.<\/p>\n<h6><strong>garan\u021bie\u00a0<span style=\"color: #ff0000;\">LA<\/span><span style=\"color: #0000ff;\">R<\/span>C 2 ANI<\/strong><\/h6>\n<h6><span style=\"color: #008000;\">Ma\u0219in\u0103 automat\u0103 pentru lapte vegetal eficient, consum redus 1000 w<\/span><\/h6>\n<h6><strong>suport tehnic inclus<\/strong><\/h6>\n<p>&nbsp;<\/p>\n<p>&nbsp;<\/p>\n<table role=\"presentation\" width=\"100%\" cellspacing=\"0\" cellpadding=\"0\">\n<tbody>\n<tr>\n<td class=\"attrLabels\">Culoare:<\/td>\n<td width=\"50.0%\">Argint<\/td>\n<\/tr>\n<tr>\n<td class=\"attrLabels\">\u021aara de distribu\u021bie:<\/td>\n<td width=\"50.0%\">Spania, Germania, SUA<\/td>\n<td class=\"attrLabels\">Greutate:<\/td>\n<td width=\"50.0%\">35 kg<\/td>\n<\/tr>\n<tr>\n<td class=\"attrLabels\">Marca:<\/td>\n<td width=\"50.0%\">ARC<\/td>\n<td class=\"attrLabels\">\u00cen\u0103l\u0163ime:<\/td>\n<td width=\"50.0%\">70 cm<\/td>\n<\/tr>\n<tr>\n<td class=\"attrLabels\">Garantie:<\/td>\n<td width=\"50.0%\">2 ANI<\/td>\n<td class=\"attrLabels\">Lung:<\/td>\n<td width=\"50.0%\">34 cm<\/td>\n<\/tr>\n<tr>\n<td class=\"attrLabels\">Tip produs:<\/td>\n<td width=\"50.0%\">aparat de lapte de soia<\/td>\n<td class=\"attrLabels\">Larg:<\/td>\n<td width=\"50.0%\">34 cm<\/td>\n<\/tr>\n<tr>\n<td class=\"attrLabels\">Numar producator:<\/td>\n<td width=\"50.0%\">ARCMLV1<\/td>\n<td class=\"attrLabels\">Putere:<\/td>\n<td width=\"50.0%\">1000W<\/td>\n<\/tr>\n<tr>\n<td class=\"attrLabels\">Material:<\/td>\n<td width=\"50.0%\">o\u021bel inoxidabil, motor din cupru de mare putere,<\/td>\n<td class=\"attrLabels\">tensiune de intrare<\/td>\n<td width=\"50.0%\">220V \u2013 50Hz110V \u2013 60Hz<\/td>\n<\/tr>\n<tr>\n<td class=\"attrLabels\">Tipuri de prelucrare:<\/td>\n<td width=\"50.0%\">rece, fierbinte cu sau f\u0103r\u0103 pr\u0103jire<\/td>\n<td class=\"attrLabels\">Turatie motor:<\/td>\n<td width=\"50.0%\">\u00a02800 rpm<\/td>\n<\/tr>\n<tr>\n<td class=\"attrLabels\">Instrumente de instalare:<\/td>\n<td width=\"50.0%\">Da<\/td>\n<td class=\"attrLabels\">Abilitatea:<\/td>\n<td width=\"50.0%\">35 kg pe or\u0103<\/td>\n<\/tr>\n<\/tbody>\n<\/table>\n<p>&nbsp;<\/p>","protected":false},"excerpt":{"rendered":"<h3>Ma\u0219in\u0103 profesional\u0103 pentru lapte vegetal<\/h3>\n<p>Lapte proasp\u0103t, s\u0103n\u0103tos \u0219i gustos! Cu <strong>moara electrica de rafinare<\/strong> de<strong>\u00a0<\/strong><span style=\"color: #ff0000;\"><strong>LA<\/strong><\/span><span style=\"color: #0000ff;\"><strong><span style=\"font-style: inherit; font-weight: inherit;\">R<\/span><\/strong><\/span><strong>c<\/strong>\u00a0V\u0103 pute\u021bi \u00eembog\u0103\u021bi buc\u0103t\u0103ria cu cele mai bune b\u0103uturi speciale vegetale f\u0103cute din nuci, cereale sau semin\u021be f\u0103r\u0103 aditivi.<\/p>\n<p>The <strong>aparat automat de lapte de soia <span style=\"color: #ff0000;\">LA<\/span><span style=\"color: #0000ff;\">R<\/span>c<\/strong> Adopt\u0103 metode vechi, dar cu mai pu\u021bin zgomot \u0219i produc\u021bie mai mare, care la r\u00e2ndul lor men\u021bin eficient nutri\u021bia \u0219i extrag toate proteinele. Laptele \u0219i de\u0219eurile sunt separate. Potrivit pentru diverse materiale, inclusiv soia, fasole neagr\u0103, arahide, susan negru, nuc\u0103, migdale, fructe de lup etc. The <strong>aparat de lapte de soia <span style=\"color: #ff0000;\">LA<\/span><span style=\"color: #0000ff;\">R<\/span>CMLV1\u00a0 <\/strong>Are un corp robust din o\u021bel inoxidabil de cea mai bun\u0103 calitate alimentar\u0103.<\/p>\n<div class=\"summary entry-summary\">\n<div class=\"woocommerce-product-details__short-description\"><\/div>\n<\/div>\n<div class=\"woocommerce-tabs wc-tabs-wrapper\">\n<h6><strong>garan\u021bie\u00a0<span style=\"color: #ff0000;\">LA<\/span><span style=\"color: #0000ff;\">R<\/span>C 2 ANI<\/strong><\/h6>\n<h6><span style=\"color: #008000;\">Ma\u0219in\u0103 automat\u0103 pentru lapte vegetal eficient, consum redus 1000 w<\/span><\/h6>\n<h6><strong>suport tehnic inclus<\/strong><\/h6>\n<\/div>","protected":false},"featured_media":1450,"comment_status":"open","ping_status":"closed","template":"","meta":{"wds_primary_product_brand":0,"wds_primary_product_cat":0},"product_brand":[],"product_cat":[55],"product_tag":[],"class_list":{"0":"post-1443","1":"product","2":"type-product","3":"status-publish","4":"has-post-thumbnail","6":"product_cat-extractor-prensa-de-aceites","7":"product_shipping_class-hosteleria","9":"first","10":"instock","11":"sale","12":"taxable","13":"shipping-taxable","14":"purchasable","15":"product-type-simple"},"yoast_head":"<!-- This site is optimized with the Yoast SEO Premium plugin v24.9 (Yoast SEO v26.1) - https:\/\/yoast.com\/wordpress\/plugins\/seo\/ -->\n<title>Maquina profesional para leche vegetal - distribuci\u00f3n ARC<\/title>\n<meta name=\"robots\" content=\"index, follow, max-snippet:-1, max-image-preview:large, max-video-preview:-1\" \/>\n<link rel=\"canonical\" href=\"https:\/\/www.distribucionarc.com\/sk\/producto\/maquina-profesional-para-leche-vegetal\/\" \/>\n<meta property=\"og:locale\" content=\"ro_RO\" \/>\n<meta property=\"og:type\" content=\"article\" \/>\n<meta property=\"og:title\" content=\"Maquina profesional para leche vegetal\" \/>\n<meta property=\"og:description\" content=\"Maquina profesional para leche vegetal \u00a1Leche fresca, sana y sabrosa! Con el molino refinador el\u00e9ctrico de\u00a0ARC\u00a0puedes enriquecer tu cocina con las mejores bebidas vegetales especiales de frutos secos, granos o semillas sin aditivos.  La m\u00e1quina autom\u00e1tica de leche de soja ARC adopta m\u00e9todos antiguos, pero de menor ruido y mayor producci\u00f3n que a su vez mantienen eficazmente la nutrici\u00f3n y extrae todas las prote\u00ednas. La leche y los residuos est\u00e1n separados. Adecuado para diversos materiales incluyendo soja, frijol negro, cacahuete, s\u00e9samo negro, nuez, almendra, baya de lobo, etc. La m\u00e1quina para leche de soja ARCMLV1\u00a0 tiene un cuerpo robusto de acero inoxidable de la mejor calidad alimentaria.     Garant\u00eda\u00a0ARC 2 A\u00d1OS Maquina automatica para leche vegetal eficiente, bajo consumo 1000 w soporte t\u00e9cnico\u00a0incluido\" \/>\n<meta property=\"og:url\" content=\"https:\/\/www.distribucionarc.com\/sk\/producto\/maquina-profesional-para-leche-vegetal\/\" \/>\n<meta property=\"og:site_name\" content=\"distribuci\u00f3n ARC\" \/>\n<meta property=\"article:modified_time\" content=\"2020-10-09T11:14:42+00:00\" \/>\n<meta property=\"og:image\" content=\"https:\/\/distribucionarc.com\/wp-content\/uploads\/2020\/07\/M\u00e1quina-profesional-para-leche-vegetal-0.jpg\" \/>\n\t<meta property=\"og:image:width\" content=\"1600\" \/>\n\t<meta property=\"og:image:height\" content=\"1600\" \/>\n\t<meta property=\"og:image:type\" content=\"image\/jpeg\" \/>\n<meta name=\"twitter:card\" content=\"summary_large_image\" \/>\n<meta name=\"twitter:label1\" content=\"Timp estimat pentru citire\" \/>\n\t<meta name=\"twitter:data1\" content=\"2 minute\" \/>\n<script type=\"application\/ld+json\" class=\"yoast-schema-graph\">{\"@context\":\"https:\/\/schema.org\",\"@graph\":[{\"@type\":\"WebPage\",\"@id\":\"https:\/\/www.distribucionarc.com\/sk\/producto\/maquina-profesional-para-leche-vegetal\/\",\"url\":\"https:\/\/www.distribucionarc.com\/sk\/producto\/maquina-profesional-para-leche-vegetal\/\",\"name\":\"Maquina profesional para leche vegetal - distribuci\u00f3n ARC\",\"isPartOf\":{\"@id\":\"https:\/\/www.distribucionarc.com\/sl\/#website\"},\"primaryImageOfPage\":{\"@id\":\"https:\/\/www.distribucionarc.com\/sk\/producto\/maquina-profesional-para-leche-vegetal\/#primaryimage\"},\"image\":{\"@id\":\"https:\/\/www.distribucionarc.com\/sk\/producto\/maquina-profesional-para-leche-vegetal\/#primaryimage\"},\"thumbnailUrl\":\"https:\/\/distribucionarc.com\/wp-content\/uploads\/2020\/07\/M\u00e1quina-profesional-para-leche-vegetal-0.jpg\",\"datePublished\":\"2020-07-24T14:44:52+00:00\",\"dateModified\":\"2020-10-09T11:14:42+00:00\",\"breadcrumb\":{\"@id\":\"https:\/\/www.distribucionarc.com\/sk\/producto\/maquina-profesional-para-leche-vegetal\/#breadcrumb\"},\"inLanguage\":\"ro-RO\",\"potentialAction\":[{\"@type\":\"ReadAction\",\"target\":[\"https:\/\/www.distribucionarc.com\/sk\/producto\/maquina-profesional-para-leche-vegetal\/\"]}]},{\"@type\":\"ImageObject\",\"inLanguage\":\"ro-RO\",\"@id\":\"https:\/\/www.distribucionarc.com\/sk\/producto\/maquina-profesional-para-leche-vegetal\/#primaryimage\",\"url\":\"https:\/\/distribucionarc.com\/wp-content\/uploads\/2020\/07\/M\u00e1quina-profesional-para-leche-vegetal-0.jpg\",\"contentUrl\":\"https:\/\/distribucionarc.com\/wp-content\/uploads\/2020\/07\/M\u00e1quina-profesional-para-leche-vegetal-0.jpg\",\"width\":1600,\"height\":1600,\"caption\":\"M\u00e1quina profesional para leche vegetal\"},{\"@type\":\"BreadcrumbList\",\"@id\":\"https:\/\/www.distribucionarc.com\/sk\/producto\/maquina-profesional-para-leche-vegetal\/#breadcrumb\",\"itemListElement\":[{\"@type\":\"ListItem\",\"position\":1,\"name\":\"Portada\",\"item\":\"https:\/\/www.distribucionarc.com\/\"},{\"@type\":\"ListItem\",\"position\":2,\"name\":\"\u00dcr\u00fcnler\",\"item\":\"https:\/\/www.distribucionarc.com\/tr\/magaza\/\"},{\"@type\":\"ListItem\",\"position\":3,\"name\":\"Maquina profesional para leche vegetal\"}]},{\"@type\":\"WebSite\",\"@id\":\"https:\/\/www.distribucionarc.com\/sl\/#website\",\"url\":\"https:\/\/www.distribucionarc.com\/sl\/\",\"name\":\"distribuci\u00f3n ARC\",\"description\":\"Empresa especializada en la fabricaci\u00f3n y distribuci\u00f3n de maquinaria industrial, selladoras de latas, Maquinas de hacer pastillas, Maquinas de cortar carne...\",\"publisher\":{\"@id\":\"https:\/\/www.distribucionarc.com\/sl\/#organization\"},\"potentialAction\":[{\"@type\":\"SearchAction\",\"target\":{\"@type\":\"EntryPoint\",\"urlTemplate\":\"https:\/\/www.distribucionarc.com\/sl\/?s={search_term_string}\"},\"query-input\":{\"@type\":\"PropertyValueSpecification\",\"valueRequired\":true,\"valueName\":\"search_term_string\"}}],\"inLanguage\":\"ro-RO\"},{\"@type\":\"Organization\",\"@id\":\"https:\/\/www.distribucionarc.com\/sl\/#organization\",\"name\":\"Distribuci\u00f3n ARC\",\"url\":\"https:\/\/www.distribucionarc.com\/sl\/\",\"logo\":{\"@type\":\"ImageObject\",\"inLanguage\":\"ro-RO\",\"@id\":\"https:\/\/www.distribucionarc.com\/sl\/#\/schema\/logo\/image\/\",\"url\":\"https:\/\/distribucionarc.com\/wp-content\/uploads\/2024\/10\/distribucion-ARC-COLOR-SIN-FONDO-e1732295305345.png\",\"contentUrl\":\"https:\/\/distribucionarc.com\/wp-content\/uploads\/2024\/10\/distribucion-ARC-COLOR-SIN-FONDO-e1732295305345.png\",\"width\":1164,\"height\":558,\"caption\":\"Distribuci\u00f3n ARC\"},\"image\":{\"@id\":\"https:\/\/www.distribucionarc.com\/sl\/#\/schema\/logo\/image\/\"},\"description\":\"Empresa especializada en la fabricaci\u00f3n y distribuci\u00f3n de maquinaria industrial para los sectores alimentario y farmac\u00e9utico. Nos especializamos en: M\u00e1quinas de cortar carne Fabricaci\u00f3n de comprimidos Sistemas de transporte industrial L\u00edneas de embotellado Dosificadores Y mucho m\u00e1s... Ofrecemos soluciones innovadoras y personalizadas para optimizar los procesos productivos de tu empresa.\",\"email\":\"Admistracion@distribucionarc.com\",\"telephone\":\"+34 643496664\",\"legalName\":\"ARC TECH SOLUTIONS\",\"foundingDate\":\"2024-04-09\",\"vatID\":\"B55480172\",\"numberOfEmployees\":{\"@type\":\"QuantitativeValue\",\"minValue\":\"1\",\"maxValue\":\"10\"}}]}<\/script>\n<!-- \/ Yoast SEO Premium plugin. -->","yoast_head_json":{"title":"Ma\u0219in\u0103 profesional\u0103 pentru lapte vegetal - distribu\u021bie ARC","robots":{"index":"index","follow":"follow","max-snippet":"max-snippet:-1","max-image-preview":"max-image-preview:large","max-video-preview":"max-video-preview:-1"},"canonical":"https:\/\/www.distribucionarc.com\/sk\/producto\/maquina-profesional-para-leche-vegetal\/","og_locale":"ro_RO","og_type":"article","og_title":"Maquina profesional para leche vegetal","og_description":"Maquina profesional para leche vegetal \u00a1Leche fresca, sana y sabrosa! Con el molino refinador el\u00e9ctrico de\u00a0ARC\u00a0puedes enriquecer tu cocina con las mejores bebidas vegetales especiales de frutos secos, granos o semillas sin aditivos.  La m\u00e1quina autom\u00e1tica de leche de soja ARC adopta m\u00e9todos antiguos, pero de menor ruido y mayor producci\u00f3n que a su vez mantienen eficazmente la nutrici\u00f3n y extrae todas las prote\u00ednas. La leche y los residuos est\u00e1n separados. Adecuado para diversos materiales incluyendo soja, frijol negro, cacahuete, s\u00e9samo negro, nuez, almendra, baya de lobo, etc. La m\u00e1quina para leche de soja ARCMLV1\u00a0 tiene un cuerpo robusto de acero inoxidable de la mejor calidad alimentaria.     Garant\u00eda\u00a0ARC 2 A\u00d1OS Maquina automatica para leche vegetal eficiente, bajo consumo 1000 w soporte t\u00e9cnico\u00a0incluido","og_url":"https:\/\/www.distribucionarc.com\/sk\/producto\/maquina-profesional-para-leche-vegetal\/","og_site_name":"distribuci\u00f3n ARC","article_modified_time":"2020-10-09T11:14:42+00:00","og_image":[{"width":1600,"height":1600,"url":"https:\/\/distribucionarc.com\/wp-content\/uploads\/2020\/07\/M\u00e1quina-profesional-para-leche-vegetal-0.jpg","type":"image\/jpeg"}],"twitter_card":"summary_large_image","twitter_misc":{"Timp estimat pentru citire":"2 minute"},"schema":{"@context":"https:\/\/schema.org","@graph":[{"@type":"WebPage","@id":"https:\/\/www.distribucionarc.com\/sk\/producto\/maquina-profesional-para-leche-vegetal\/","url":"https:\/\/www.distribucionarc.com\/sk\/producto\/maquina-profesional-para-leche-vegetal\/","name":"Ma\u0219in\u0103 profesional\u0103 pentru lapte vegetal - distribu\u021bie ARC","isPartOf":{"@id":"https:\/\/www.distribucionarc.com\/sl\/#website"},"primaryImageOfPage":{"@id":"https:\/\/www.distribucionarc.com\/sk\/producto\/maquina-profesional-para-leche-vegetal\/#primaryimage"},"image":{"@id":"https:\/\/www.distribucionarc.com\/sk\/producto\/maquina-profesional-para-leche-vegetal\/#primaryimage"},"thumbnailUrl":"https:\/\/distribucionarc.com\/wp-content\/uploads\/2020\/07\/M\u00e1quina-profesional-para-leche-vegetal-0.jpg","datePublished":"2020-07-24T14:44:52+00:00","dateModified":"2020-10-09T11:14:42+00:00","breadcrumb":{"@id":"https:\/\/www.distribucionarc.com\/sk\/producto\/maquina-profesional-para-leche-vegetal\/#breadcrumb"},"inLanguage":"ro-RO","potentialAction":[{"@type":"ReadAction","target":["https:\/\/www.distribucionarc.com\/sk\/producto\/maquina-profesional-para-leche-vegetal\/"]}]},{"@type":"ImageObject","inLanguage":"ro-RO","@id":"https:\/\/www.distribucionarc.com\/sk\/producto\/maquina-profesional-para-leche-vegetal\/#primaryimage","url":"https:\/\/distribucionarc.com\/wp-content\/uploads\/2020\/07\/M\u00e1quina-profesional-para-leche-vegetal-0.jpg","contentUrl":"https:\/\/distribucionarc.com\/wp-content\/uploads\/2020\/07\/M\u00e1quina-profesional-para-leche-vegetal-0.jpg","width":1600,"height":1600,"caption":"M\u00e1quina profesional para leche vegetal"},{"@type":"BreadcrumbList","@id":"https:\/\/www.distribucionarc.com\/sk\/producto\/maquina-profesional-para-leche-vegetal\/#breadcrumb","itemListElement":[{"@type":"ListItem","position":1,"name":"Portada","item":"https:\/\/www.distribucionarc.com\/"},{"@type":"ListItem","position":2,"name":"\u00dcr\u00fcnler","item":"https:\/\/www.distribucionarc.com\/tr\/magaza\/"},{"@type":"ListItem","position":3,"name":"Maquina profesional para leche vegetal"}]},{"@type":"WebSite","@id":"https:\/\/www.distribucionarc.com\/sl\/#website","url":"https:\/\/www.distribucionarc.com\/sl\/","name":"Distribu\u021bie ARC","description":"Companie specializat\u0103 \u00een fabricarea \u0219i distribu\u021bia de utilaje industriale, ma\u0219ini de sigilat cutii, ma\u0219ini de fabricat tablete, ma\u0219ini de t\u0103iat carne...","publisher":{"@id":"https:\/\/www.distribucionarc.com\/sl\/#organization"},"potentialAction":[{"@type":"SearchAction","target":{"@type":"EntryPoint","urlTemplate":"https:\/\/www.distribucionarc.com\/sl\/?s={search_term_string}"},"query-input":{"@type":"PropertyValueSpecification","valueRequired":true,"valueName":"search_term_string"}}],"inLanguage":"ro-RO"},{"@type":"Organization","@id":"https:\/\/www.distribucionarc.com\/sl\/#organization","name":"Distribu\u021bie ARC","url":"https:\/\/www.distribucionarc.com\/sl\/","logo":{"@type":"ImageObject","inLanguage":"ro-RO","@id":"https:\/\/www.distribucionarc.com\/sl\/#\/schema\/logo\/image\/","url":"https:\/\/distribucionarc.com\/wp-content\/uploads\/2024\/10\/distribucion-ARC-COLOR-SIN-FONDO-e1732295305345.png","contentUrl":"https:\/\/distribucionarc.com\/wp-content\/uploads\/2024\/10\/distribucion-ARC-COLOR-SIN-FONDO-e1732295305345.png","width":1164,"height":558,"caption":"Distribuci\u00f3n ARC"},"image":{"@id":"https:\/\/www.distribucionarc.com\/sl\/#\/schema\/logo\/image\/"},"description":"Companie specializat\u0103 \u00een fabricarea \u0219i distribu\u021bia de utilaje industriale pentru sectoarele alimentar \u0219i farmaceutic. Suntem specializa\u021bi \u00een: Ma\u0219ini de t\u0103iat carne Fabricarea tabletelor Sisteme de transport industrial Linii de \u00eembuteliere Distribuitoare \u0218i multe altele... Oferim solu\u021bii inovatoare \u0219i personalizate pentru a optimiza procesele de produc\u021bie ale companiei dumneavoastr\u0103.","email":"Admistracion@distribucionarc.com","telephone":"+34 643496664","legalName":"ARC TECH SOLUTIONS","foundingDate":"2024-04-09","vatID":"B55480172","numberOfEmployees":{"@type":"QuantitativeValue","minValue":"1","maxValue":"10"}}]}},"_links":{"self":[{"href":"https:\/\/distribucionarc.com\/ro\/wp-json\/wp\/v2\/product\/1443","targetHints":{"allow":["GET"]}}],"collection":[{"href":"https:\/\/distribucionarc.com\/ro\/wp-json\/wp\/v2\/product"}],"about":[{"href":"https:\/\/distribucionarc.com\/ro\/wp-json\/wp\/v2\/types\/product"}],"replies":[{"embeddable":true,"href":"https:\/\/distribucionarc.com\/ro\/wp-json\/wp\/v2\/comments?post=1443"}],"version-history":[{"count":0,"href":"https:\/\/distribucionarc.com\/ro\/wp-json\/wp\/v2\/product\/1443\/revisions"}],"wp:featuredmedia":[{"embeddable":true,"href":"https:\/\/distribucionarc.com\/ro\/wp-json\/wp\/v2\/media\/1450"}],"wp:attachment":[{"href":"https:\/\/distribucionarc.com\/ro\/wp-json\/wp\/v2\/media?parent=1443"}],"wp:term":[{"taxonomy":"product_brand","embeddable":true,"href":"https:\/\/distribucionarc.com\/ro\/wp-json\/wp\/v2\/product_brand?post=1443"},{"taxonomy":"product_cat","embeddable":true,"href":"https:\/\/distribucionarc.com\/ro\/wp-json\/wp\/v2\/product_cat?post=1443"},{"taxonomy":"product_tag","embeddable":true,"href":"https:\/\/distribucionarc.com\/ro\/wp-json\/wp\/v2\/product_tag?post=1443"}],"curies":[{"name":"wp","href":"https:\/\/api.w.org\/{rel}","templated":true}]}}