{"id":1474,"date":"2020-07-25T09:37:55","date_gmt":"2020-07-25T09:37:55","guid":{"rendered":"https:\/\/distribucionarc.com\/?post_type=product&#038;p=1474"},"modified":"2023-01-06T16:48:38","modified_gmt":"2023-01-06T16:48:38","slug":"friteuza-electrica-pentru-cartofi-peste-prajiti-2x10l","status":"publish","type":"product","link":"https:\/\/distribucionarc.com\/ro\/producto\/freidora-electrica-para-pescado-frito-patatas-2x10l\/","title":{"rendered":"Friteuza electrica pentru peste prajit, cartofi, 2x10L"},"content":{"rendered":"<h2>Friteuza electrica pentru peste prajit, cartofi, 2x10L<\/h2>\n<div class=\"icon-body\">\n<div class=\"icon-text\">\n<p>The <strong>friteuza electrica <span style=\"color: #ff0000;\">LA<\/span><span style=\"color: #0000ff;\">R<\/span>c<\/strong>\u00a0 Separ\u0103 orice resturi de alimente care pot r\u0103m\u00e2ne \u00een co\u0219, acestea se acumuleaz\u0103 \u00een partea de jos a co\u0219ului, \u00een a\u0219a-numita zon\u0103 rece, pentru a nu arde. \u00cen acest fel uleiul \u00ee\u0219i men\u021bine aroma natural\u0103. \u00cen plus, scurgerea uleiului este u\u0219oar\u0103.<\/p>\n<\/div>\n<\/div>\n<div class=\"icon-body\">\n<div class=\"product_icon_voltage svg-icon\"><span style=\"font-size: 16px;\">Datorit\u0103 performan\u021bei ridicate a<\/span><strong style=\"font-size: 16px;\">\u00a0element de \u00eenc\u0103lzire<\/strong><span style=\"font-size: 16px;\"> amovibil<strong> 2500<\/strong><\/span><span style=\"font-size: 16px;\">\u00a0<\/span><strong style=\"font-size: 16px;\">watt<\/strong>, uleiul de <strong style=\"font-size: 16px;\">friteuza<\/strong> Atinge rapid temperatura maxim\u0103 de 200 \u00b0C. Pentru rezultate optime, termostatul de \u00eenalt\u0103 sensibilitate men\u021bine c\u0103ldura rezervorului de ulei la o temperatur\u0103 constant\u0103. Cu friteuza <strong><span style=\"color: #ff0000;\">LA<\/span><span style=\"color: #0000ff;\">R<\/span>CFE20<\/strong> Aceast\u0103 temperatur\u0103 este atins\u0103 foarte repede \u0219i cu o plac\u0103 electronic\u0103 inteligent\u0103, consumul de energie electric\u0103 este men\u021binut la minim odat\u0103 ce uleiul este fierbinte. \u00cen cazul \u00een care uleiul se supra\u00eenc\u0103lze\u0219te sau capul de \u00eenc\u0103lzire este \u00eendep\u0103rtat, o siguran\u021b\u0103 deconecteaz\u0103 automat unitatea.<\/div>\n<\/div>\n<div class=\"icon-body\">\n<div class=\"product_icon_durable svg-icon\"><\/div>\n<div class=\"icon-text\">\n<p>Husa cu design modern, fabricata in\u00a0<strong>o\u021bel inoxidabil de lung\u0103 durat\u0103<\/strong>, este foarte rezistent si, datorita elementului sau de incalzire detasabil, usor de curatat. Decide-te ast\u0103zi pentru o friteuz\u0103 electric\u0103 puternic\u0103 \u2013 clien\u021bii \u0219i oaspe\u021bii t\u0103i \u00ee\u021bi vor mul\u021bumi.<\/p>\n<\/div>\n<h6>garan\u021bie<strong><span style=\"color: #ff0000;\"> LA<\/span><span style=\"color: #0000ff;\">R<\/span>C 2 ANI<\/strong><\/h6>\n<h6><span style=\"color: #008000;\">Friteuza electrica eficienta, consum redus 2500w<\/span><\/h6>\n<h6>suport tehnic inclus.<\/h6>\n<\/div>\n<p>&nbsp;<\/p>\n<table role=\"presentation\" width=\"100%\" cellspacing=\"0\" cellpadding=\"0\">\n<tbody>\n<tr>\n<td class=\"attrLabels\">Temperatur\u0103:<\/td>\n<td width=\"50.0%\">60-200\u00baC<\/td>\n<\/tr>\n<tr>\n<td class=\"attrLabels\">\u021aara de distribu\u021bie:<\/td>\n<td width=\"50.0%\">Spania, Germania, SUA<\/td>\n<td class=\"attrLabels\">Greutate:<\/td>\n<td width=\"50.0%\">25.kg<\/td>\n<\/tr>\n<tr>\n<td class=\"attrLabels\">Marca:<\/td>\n<td width=\"50.0%\">ARC<\/td>\n<td class=\"attrLabels\">\u00cen\u0103l\u0163ime:<\/td>\n<td width=\"50.0%\">49 cm<\/td>\n<\/tr>\n<tr>\n<td class=\"attrLabels\">Culoare:<\/td>\n<td width=\"50.0%\">Argint<\/td>\n<td class=\"attrLabels\">Lung:<\/td>\n<td width=\"50.0%\">57 cm<\/td>\n<\/tr>\n<tr>\n<td class=\"attrLabels\">Tip produs:<\/td>\n<td width=\"50.0%\">cuptor de piatra<\/td>\n<td class=\"attrLabels\">Larg:<\/td>\n<td width=\"50.0%\">35 cm<\/td>\n<\/tr>\n<tr>\n<td class=\"attrLabels\">Numar producator:<\/td>\n<td width=\"50.0%\">ARCFE20<\/td>\n<td class=\"attrLabels\">Putere:<\/td>\n<td width=\"50.0%\">5000W<\/td>\n<\/tr>\n<tr>\n<td class=\"attrLabels\">Material:<\/td>\n<td width=\"50.0%\">otel inoxidabil, control al temperaturii<\/td>\n<td class=\"attrLabels\">tensiune de intrare<\/td>\n<td width=\"50.0%\">220V \u2013 50Hz<\/td>\n<\/tr>\n<tr>\n<td class=\"attrLabels\">Litri:<\/td>\n<td width=\"50.0%\">10 x 2<\/td>\n<td class=\"attrLabels\">Garantie:<\/td>\n<td width=\"50.0%\">2 ANI<\/td>\n<\/tr>\n<tr>\n<td class=\"attrLabels\">Instrumente de instalare:<\/td>\n<td width=\"50.0%\">Da<\/td>\n<td class=\"attrLabels\"><\/td>\n<td width=\"50.0%\"><\/td>\n<\/tr>\n<\/tbody>\n<\/table>\n<p>&nbsp;<\/p>","protected":false},"excerpt":{"rendered":"<h2>Friteuza electrica pentru peste prajit, cartofi, 2x10L<\/h2>\n<div class=\"description-row description-text\">\n<p>The<strong> friteuza electrica<\/strong> de <strong><span style=\"color: #ff0000;\">LA<\/span><span style=\"color: #0000ff;\">R<\/span>c<\/strong> Este conceput pentru uz profesional. v\u0103 permite s\u0103 preg\u0103ti\u021bi prajituri delicioase \u00een mod confortabil, indiferent de tipul de preparate pe care dori\u021bi s\u0103 le preg\u0103ti\u021bi. Ideal pentru restaurantul sau barul tau, iti va permite sa oferi experiente gastronomice extraordinare.<\/p>\n<\/div>\n<div class=\"product-icon--wrapper\">\n<div class=\"product--icon\">\n<div class=\"icon-body\">\n<div class=\"product_icon_container svg-icon\"><span style=\"font-size: 16px;\">Acest <strong>friteuza <span style=\"color: #ff0000;\">LA<\/span><span style=\"color: #0000ff;\">R<\/span>CFE20<\/strong> Are o capacitate maxim\u0103 de ulei de p\u00e2n\u0103 la 10 litri \u0219i a <\/span><strong style=\"font-size: 16px;\">volum total de 20 litri<\/strong><span style=\"font-size: 16px;\">. Il poti folosi profesional intr-un mod foarte versatil, fiind deosebit de potrivit pentru preparare\u00a0<\/span><strong style=\"font-size: 16px;\">pe\u015fte<\/strong><span style=\"font-size: 16px;\">, aperitive sau chipsuri.<\/span><\/div>\n<\/div>\n<div><\/div>\n<\/div>\n<\/div>\n<div>\n<h6>garan\u021bie<strong><span style=\"color: #ff0000;\"> LA<\/span><span style=\"color: #0000ff;\">R<\/span>C 2 ANI<\/strong><\/h6>\n<h6><span style=\"color: #008000;\">Friteuza electrica eficienta, consum redus 2500w<\/span><\/h6>\n<h6>suport tehnic inclus.<\/h6>\n<\/div>","protected":false},"featured_media":1483,"comment_status":"open","ping_status":"closed","template":"","meta":{"wds_primary_product_brand":0,"wds_primary_product_cat":0},"product_brand":[],"product_cat":[38],"product_tag":[],"class_list":{"0":"post-1474","1":"product","2":"type-product","3":"status-publish","4":"has-post-thumbnail","6":"product_cat-freidoras","7":"product_shipping_class-hosteleria","9":"first","10":"instock","11":"taxable","12":"shipping-taxable","13":"purchasable","14":"product-type-simple"},"yoast_head":"<!-- This site is optimized with the Yoast SEO Premium plugin v24.9 (Yoast SEO v26.1) - https:\/\/yoast.com\/wordpress\/plugins\/seo\/ -->\n<title>Freidora el\u00e9ctrica para pescado frito, patatas, 2x10L - distribuci\u00f3n ARC<\/title>\n<meta name=\"robots\" content=\"index, follow, max-snippet:-1, max-image-preview:large, max-video-preview:-1\" \/>\n<link rel=\"canonical\" href=\"https:\/\/www.distribucionarc.com\/ro\/producto\/freidora-electrica-para-pescado-frito-patatas-2x10l\/\" \/>\n<meta property=\"og:locale\" content=\"ro_RO\" \/>\n<meta property=\"og:type\" content=\"article\" \/>\n<meta property=\"og:title\" content=\"Freidora el\u00e9ctrica para pescado frito, patatas, 2x10L\" \/>\n<meta property=\"og:description\" content=\"Freidora el\u00e9ctrica para pescado frito, patatas, 2x10L   La freidora el\u00e9ctrica de ARC est\u00e1 dise\u00f1ada para uso profesional. le permite preparar fritura deliciosa de manera c\u00f3moda independientemente del tipo de platos que desees preparar. Ideal para tu restaurante o bar, te permitir\u00e1 ofrecer extraordinarias experiencias gastron\u00f3micas.      Esta freidora ARCFE20 tiene una capacidad m\u00e1xima de aceite de hasta 10 litros y un volumen total de 20 litros. Podr\u00e1s utilizarla profesionalmente de manera muy vers\u00e1til, siendo especialmente adecuada para preparar\u00a0pescado, aperitivos o patatas fritas.      Garant\u00eda ARC 2 A\u00d1OS Freidora el\u00e9ctrica eficiente, bajo consumo 2500w soporte t\u00e9cnico\u00a0incluido.\" \/>\n<meta property=\"og:url\" content=\"https:\/\/www.distribucionarc.com\/ro\/producto\/freidora-electrica-para-pescado-frito-patatas-2x10l\/\" \/>\n<meta property=\"og:site_name\" content=\"distribuci\u00f3n ARC\" \/>\n<meta property=\"article:modified_time\" content=\"2023-01-06T16:48:38+00:00\" \/>\n<meta property=\"og:image\" content=\"https:\/\/distribucionarc.com\/wp-content\/uploads\/2020\/07\/Freidora-el\u00e9ctrica-para-pescado-frito-patatas-2x-10L-0.jpg\" \/>\n\t<meta property=\"og:image:width\" content=\"1600\" \/>\n\t<meta property=\"og:image:height\" content=\"1600\" \/>\n\t<meta property=\"og:image:type\" content=\"image\/jpeg\" \/>\n<meta name=\"twitter:card\" content=\"summary_large_image\" \/>\n<meta name=\"twitter:label1\" content=\"Timp estimat pentru citire\" \/>\n\t<meta name=\"twitter:data1\" content=\"1 minut\" \/>\n<script type=\"application\/ld+json\" class=\"yoast-schema-graph\">{\"@context\":\"https:\/\/schema.org\",\"@graph\":[{\"@type\":\"WebPage\",\"@id\":\"https:\/\/www.distribucionarc.com\/ro\/producto\/freidora-electrica-para-pescado-frito-patatas-2x10l\/\",\"url\":\"https:\/\/www.distribucionarc.com\/ro\/producto\/freidora-electrica-para-pescado-frito-patatas-2x10l\/\",\"name\":\"Freidora el\u00e9ctrica para pescado frito, patatas, 2x10L - distribuci\u00f3n ARC\",\"isPartOf\":{\"@id\":\"https:\/\/distribucionarc.com\/ro\/#website\"},\"primaryImageOfPage\":{\"@id\":\"https:\/\/www.distribucionarc.com\/ro\/producto\/freidora-electrica-para-pescado-frito-patatas-2x10l\/#primaryimage\"},\"image\":{\"@id\":\"https:\/\/www.distribucionarc.com\/ro\/producto\/freidora-electrica-para-pescado-frito-patatas-2x10l\/#primaryimage\"},\"thumbnailUrl\":\"https:\/\/distribucionarc.com\/wp-content\/uploads\/2020\/07\/Freidora-el\u00e9ctrica-para-pescado-frito-patatas-2x-10L-0.jpg\",\"datePublished\":\"2020-07-25T09:37:55+00:00\",\"dateModified\":\"2023-01-06T16:48:38+00:00\",\"breadcrumb\":{\"@id\":\"https:\/\/www.distribucionarc.com\/ro\/producto\/freidora-electrica-para-pescado-frito-patatas-2x10l\/#breadcrumb\"},\"inLanguage\":\"ro-RO\",\"potentialAction\":[{\"@type\":\"ReadAction\",\"target\":[\"https:\/\/www.distribucionarc.com\/ro\/producto\/freidora-electrica-para-pescado-frito-patatas-2x10l\/\"]}]},{\"@type\":\"ImageObject\",\"inLanguage\":\"ro-RO\",\"@id\":\"https:\/\/www.distribucionarc.com\/ro\/producto\/freidora-electrica-para-pescado-frito-patatas-2x10l\/#primaryimage\",\"url\":\"https:\/\/distribucionarc.com\/wp-content\/uploads\/2020\/07\/Freidora-el\u00e9ctrica-para-pescado-frito-patatas-2x-10L-0.jpg\",\"contentUrl\":\"https:\/\/distribucionarc.com\/wp-content\/uploads\/2020\/07\/Freidora-el\u00e9ctrica-para-pescado-frito-patatas-2x-10L-0.jpg\",\"width\":1600,\"height\":1600,\"caption\":\"Freidora el\u00e9ctrica para pescado frito patatas 2x10L\"},{\"@type\":\"BreadcrumbList\",\"@id\":\"https:\/\/www.distribucionarc.com\/ro\/producto\/freidora-electrica-para-pescado-frito-patatas-2x10l\/#breadcrumb\",\"itemListElement\":[{\"@type\":\"ListItem\",\"position\":1,\"name\":\"Portada\",\"item\":\"https:\/\/distribucionarc.com\/ar\/\"},{\"@type\":\"ListItem\",\"position\":2,\"name\":\"Proizvodi\",\"item\":\"https:\/\/www.distribucionarc.com\/hr\/ducan\/\"},{\"@type\":\"ListItem\",\"position\":3,\"name\":\"Freidora el\u00e9ctrica para pescado frito, patatas, 2x10L\"}]},{\"@type\":\"WebSite\",\"@id\":\"https:\/\/distribucionarc.com\/ro\/#website\",\"url\":\"https:\/\/distribucionarc.com\/ro\/\",\"name\":\"distribuci\u00f3n ARC\",\"description\":\"Empresa especializada en la fabricaci\u00f3n y distribuci\u00f3n de maquinaria industrial, selladoras de latas, Maquinas de hacer pastillas, Maquinas de cortar carne...\",\"publisher\":{\"@id\":\"https:\/\/distribucionarc.com\/ro\/#organization\"},\"potentialAction\":[{\"@type\":\"SearchAction\",\"target\":{\"@type\":\"EntryPoint\",\"urlTemplate\":\"https:\/\/distribucionarc.com\/ro\/?s={search_term_string}\"},\"query-input\":{\"@type\":\"PropertyValueSpecification\",\"valueRequired\":true,\"valueName\":\"search_term_string\"}}],\"inLanguage\":\"ro-RO\"},{\"@type\":\"Organization\",\"@id\":\"https:\/\/distribucionarc.com\/ro\/#organization\",\"name\":\"Distribuci\u00f3n ARC\",\"url\":\"https:\/\/distribucionarc.com\/ro\/\",\"logo\":{\"@type\":\"ImageObject\",\"inLanguage\":\"ro-RO\",\"@id\":\"https:\/\/distribucionarc.com\/ro\/#\/schema\/logo\/image\/\",\"url\":\"https:\/\/distribucionarc.com\/wp-content\/uploads\/2024\/10\/distribucion-ARC-COLOR-SIN-FONDO-e1732295305345.png\",\"contentUrl\":\"https:\/\/distribucionarc.com\/wp-content\/uploads\/2024\/10\/distribucion-ARC-COLOR-SIN-FONDO-e1732295305345.png\",\"width\":1164,\"height\":558,\"caption\":\"Distribuci\u00f3n ARC\"},\"image\":{\"@id\":\"https:\/\/distribucionarc.com\/ro\/#\/schema\/logo\/image\/\"},\"description\":\"Empresa especializada en la fabricaci\u00f3n y distribuci\u00f3n de maquinaria industrial para los sectores alimentario y farmac\u00e9utico. Nos especializamos en: M\u00e1quinas de cortar carne Fabricaci\u00f3n de comprimidos Sistemas de transporte industrial L\u00edneas de embotellado Dosificadores Y mucho m\u00e1s... Ofrecemos soluciones innovadoras y personalizadas para optimizar los procesos productivos de tu empresa.\",\"email\":\"Admistracion@distribucionarc.com\",\"telephone\":\"+34 643496664\",\"legalName\":\"ARC TECH SOLUTIONS\",\"foundingDate\":\"2024-04-09\",\"vatID\":\"B55480172\",\"numberOfEmployees\":{\"@type\":\"QuantitativeValue\",\"minValue\":\"1\",\"maxValue\":\"10\"}}]}<\/script>\n<!-- \/ Yoast SEO Premium plugin. -->","yoast_head_json":{"title":"Friteuza electrica pentru peste prajit, cartofi, 2x10L - distributie ARC","robots":{"index":"index","follow":"follow","max-snippet":"max-snippet:-1","max-image-preview":"max-image-preview:large","max-video-preview":"max-video-preview:-1"},"canonical":"https:\/\/www.distribucionarc.com\/ro\/producto\/freidora-electrica-para-pescado-frito-patatas-2x10l\/","og_locale":"ro_RO","og_type":"article","og_title":"Freidora el\u00e9ctrica para pescado frito, patatas, 2x10L","og_description":"Freidora el\u00e9ctrica para pescado frito, patatas, 2x10L   La freidora el\u00e9ctrica de ARC est\u00e1 dise\u00f1ada para uso profesional. le permite preparar fritura deliciosa de manera c\u00f3moda independientemente del tipo de platos que desees preparar. Ideal para tu restaurante o bar, te permitir\u00e1 ofrecer extraordinarias experiencias gastron\u00f3micas.      Esta freidora ARCFE20 tiene una capacidad m\u00e1xima de aceite de hasta 10 litros y un volumen total de 20 litros. Podr\u00e1s utilizarla profesionalmente de manera muy vers\u00e1til, siendo especialmente adecuada para preparar\u00a0pescado, aperitivos o patatas fritas.      Garant\u00eda ARC 2 A\u00d1OS Freidora el\u00e9ctrica eficiente, bajo consumo 2500w soporte t\u00e9cnico\u00a0incluido.","og_url":"https:\/\/www.distribucionarc.com\/ro\/producto\/freidora-electrica-para-pescado-frito-patatas-2x10l\/","og_site_name":"distribuci\u00f3n ARC","article_modified_time":"2023-01-06T16:48:38+00:00","og_image":[{"width":1600,"height":1600,"url":"https:\/\/distribucionarc.com\/wp-content\/uploads\/2020\/07\/Freidora-el\u00e9ctrica-para-pescado-frito-patatas-2x-10L-0.jpg","type":"image\/jpeg"}],"twitter_card":"summary_large_image","twitter_misc":{"Timp estimat pentru citire":"1 minut"},"schema":{"@context":"https:\/\/schema.org","@graph":[{"@type":"WebPage","@id":"https:\/\/www.distribucionarc.com\/ro\/producto\/freidora-electrica-para-pescado-frito-patatas-2x10l\/","url":"https:\/\/www.distribucionarc.com\/ro\/producto\/freidora-electrica-para-pescado-frito-patatas-2x10l\/","name":"Friteuza electrica pentru peste prajit, cartofi, 2x10L - distributie ARC","isPartOf":{"@id":"https:\/\/distribucionarc.com\/ro\/#website"},"primaryImageOfPage":{"@id":"https:\/\/www.distribucionarc.com\/ro\/producto\/freidora-electrica-para-pescado-frito-patatas-2x10l\/#primaryimage"},"image":{"@id":"https:\/\/www.distribucionarc.com\/ro\/producto\/freidora-electrica-para-pescado-frito-patatas-2x10l\/#primaryimage"},"thumbnailUrl":"https:\/\/distribucionarc.com\/wp-content\/uploads\/2020\/07\/Freidora-el\u00e9ctrica-para-pescado-frito-patatas-2x-10L-0.jpg","datePublished":"2020-07-25T09:37:55+00:00","dateModified":"2023-01-06T16:48:38+00:00","breadcrumb":{"@id":"https:\/\/www.distribucionarc.com\/ro\/producto\/freidora-electrica-para-pescado-frito-patatas-2x10l\/#breadcrumb"},"inLanguage":"ro-RO","potentialAction":[{"@type":"ReadAction","target":["https:\/\/www.distribucionarc.com\/ro\/producto\/freidora-electrica-para-pescado-frito-patatas-2x10l\/"]}]},{"@type":"ImageObject","inLanguage":"ro-RO","@id":"https:\/\/www.distribucionarc.com\/ro\/producto\/freidora-electrica-para-pescado-frito-patatas-2x10l\/#primaryimage","url":"https:\/\/distribucionarc.com\/wp-content\/uploads\/2020\/07\/Freidora-el\u00e9ctrica-para-pescado-frito-patatas-2x-10L-0.jpg","contentUrl":"https:\/\/distribucionarc.com\/wp-content\/uploads\/2020\/07\/Freidora-el\u00e9ctrica-para-pescado-frito-patatas-2x-10L-0.jpg","width":1600,"height":1600,"caption":"Freidora el\u00e9ctrica para pescado frito patatas 2x10L"},{"@type":"BreadcrumbList","@id":"https:\/\/www.distribucionarc.com\/ro\/producto\/freidora-electrica-para-pescado-frito-patatas-2x10l\/#breadcrumb","itemListElement":[{"@type":"ListItem","position":1,"name":"Portada","item":"https:\/\/distribucionarc.com\/ar\/"},{"@type":"ListItem","position":2,"name":"Proizvodi","item":"https:\/\/www.distribucionarc.com\/hr\/ducan\/"},{"@type":"ListItem","position":3,"name":"Freidora el\u00e9ctrica para pescado frito, patatas, 2x10L"}]},{"@type":"WebSite","@id":"https:\/\/distribucionarc.com\/ro\/#website","url":"https:\/\/distribucionarc.com\/ro\/","name":"Distribu\u021bie ARC","description":"Companie specializat\u0103 \u00een fabricarea \u0219i distribu\u021bia de utilaje industriale, ma\u0219ini de sigilat cutii, ma\u0219ini de fabricat tablete, ma\u0219ini de t\u0103iat carne...","publisher":{"@id":"https:\/\/distribucionarc.com\/ro\/#organization"},"potentialAction":[{"@type":"SearchAction","target":{"@type":"EntryPoint","urlTemplate":"https:\/\/distribucionarc.com\/ro\/?s={search_term_string}"},"query-input":{"@type":"PropertyValueSpecification","valueRequired":true,"valueName":"search_term_string"}}],"inLanguage":"ro-RO"},{"@type":"Organization","@id":"https:\/\/distribucionarc.com\/ro\/#organization","name":"Distribu\u021bie ARC","url":"https:\/\/distribucionarc.com\/ro\/","logo":{"@type":"ImageObject","inLanguage":"ro-RO","@id":"https:\/\/distribucionarc.com\/ro\/#\/schema\/logo\/image\/","url":"https:\/\/distribucionarc.com\/wp-content\/uploads\/2024\/10\/distribucion-ARC-COLOR-SIN-FONDO-e1732295305345.png","contentUrl":"https:\/\/distribucionarc.com\/wp-content\/uploads\/2024\/10\/distribucion-ARC-COLOR-SIN-FONDO-e1732295305345.png","width":1164,"height":558,"caption":"Distribuci\u00f3n ARC"},"image":{"@id":"https:\/\/distribucionarc.com\/ro\/#\/schema\/logo\/image\/"},"description":"Companie specializat\u0103 \u00een fabricarea \u0219i distribu\u021bia de utilaje industriale pentru sectoarele alimentar \u0219i farmaceutic. Suntem specializa\u021bi \u00een: Ma\u0219ini de t\u0103iat carne Fabricarea tabletelor Sisteme de transport industrial Linii de \u00eembuteliere Distribuitoare \u0218i multe altele... Oferim solu\u021bii inovatoare \u0219i personalizate pentru a optimiza procesele de produc\u021bie ale companiei dumneavoastr\u0103.","email":"Admistracion@distribucionarc.com","telephone":"+34 643496664","legalName":"ARC TECH SOLUTIONS","foundingDate":"2024-04-09","vatID":"B55480172","numberOfEmployees":{"@type":"QuantitativeValue","minValue":"1","maxValue":"10"}}]}},"_links":{"self":[{"href":"https:\/\/distribucionarc.com\/ro\/wp-json\/wp\/v2\/product\/1474","targetHints":{"allow":["GET"]}}],"collection":[{"href":"https:\/\/distribucionarc.com\/ro\/wp-json\/wp\/v2\/product"}],"about":[{"href":"https:\/\/distribucionarc.com\/ro\/wp-json\/wp\/v2\/types\/product"}],"replies":[{"embeddable":true,"href":"https:\/\/distribucionarc.com\/ro\/wp-json\/wp\/v2\/comments?post=1474"}],"version-history":[{"count":0,"href":"https:\/\/distribucionarc.com\/ro\/wp-json\/wp\/v2\/product\/1474\/revisions"}],"wp:featuredmedia":[{"embeddable":true,"href":"https:\/\/distribucionarc.com\/ro\/wp-json\/wp\/v2\/media\/1483"}],"wp:attachment":[{"href":"https:\/\/distribucionarc.com\/ro\/wp-json\/wp\/v2\/media?parent=1474"}],"wp:term":[{"taxonomy":"product_brand","embeddable":true,"href":"https:\/\/distribucionarc.com\/ro\/wp-json\/wp\/v2\/product_brand?post=1474"},{"taxonomy":"product_cat","embeddable":true,"href":"https:\/\/distribucionarc.com\/ro\/wp-json\/wp\/v2\/product_cat?post=1474"},{"taxonomy":"product_tag","embeddable":true,"href":"https:\/\/distribucionarc.com\/ro\/wp-json\/wp\/v2\/product_tag?post=1474"}],"curies":[{"name":"wp","href":"https:\/\/api.w.org\/{rel}","templated":true}]}}