{"id":1495,"date":"2020-07-25T13:22:21","date_gmt":"2020-07-25T13:22:21","guid":{"rendered":"https:\/\/distribucionarc.com\/?post_type=product&#038;p=1495"},"modified":"2020-09-27T10:00:40","modified_gmt":"2020-09-27T10:00:40","slug":"fumator-gratar-profesionist","status":"publish","type":"product","link":"https:\/\/distribucionarc.com\/ro\/producto\/ahumador-barbacoa-profesional\/","title":{"rendered":"Afum\u0103tor profesionist pentru gr\u0103tar"},"content":{"rendered":"<h3>Afum\u0103tor profesionist pentru gr\u0103tar<\/h3>\n<p>Acest <strong>gratar electric<\/strong> de<strong><span style=\"color: red;\"> LA<\/span><span style=\"color: blue;\">R<\/span>c<\/strong> Este fabricat din o\u021bel inoxidabil foarte durabil \u0219i de calitate alimentar\u0103. Motorul s\u0103u eficient <strong><span style=\"color: green;\">va ajuta la economisirea consumului de energie.<\/span><\/strong><\/p>\n<p>Cu asta <strong>fum\u0103tor electric <span style=\"color: red;\">LA<\/span><span style=\"color: blue;\">R<\/span>CBAP01<\/strong> Poti gati si afumati in acelasi timp pentru a da mai bine o nota unica preparatelor tale, usor de folosit; Doar conecta\u021bi gr\u0103tarul, porni\u021bi elementul de \u00eenc\u0103lzire \u0219i gata.<\/p>\n<p>Pute\u021bi deschide <strong>Fumator electric ARC<\/strong> Pentru un control mai constant, trei suporturi cromate de 40 x 25 cm ofer\u0103 mult spa\u021biu, \u00een timp ce trei c\u00e2rlige v\u0103 permit s\u0103 ag\u0103\u021ba\u021bi c\u00e2rna\u021bi, \u0219unci etc. O tav\u0103 de picurare deta\u0219abil\u0103 colecteaz\u0103 condensul \u0219i gr\u0103simea, facilit\u00e2nd cur\u0103\u021barea. Intensitatea fumului poate fi reglat\u0103 convenabil datorit\u0103 u\u0219ii de ventila\u021bie din spatele afum\u0103torului electric.<\/p>\n<h6><\/h6>\n<h6><strong>garan\u021bie\u00a0<span style=\"color: #ff0000;\">LA<\/span><span style=\"color: #0000ff;\">R<\/span>C 2 ANI<\/strong><\/h6>\n<h6><span style=\"color: #008000;\">Afumator electric eficient gratar, consum redus 1400w<\/span><\/h6>\n<h6><strong>suport tehnic inclus<\/strong><\/h6>\n<p>&nbsp;<\/p>\n<table role=\"presentation\" width=\"100%\" cellspacing=\"0\" cellpadding=\"0\">\n<tbody>\n<tr>\n<td class=\"attrLabels\">Temperatur\u0103:<\/td>\n<td width=\"50.0%\">50-300\u00baC<\/td>\n<\/tr>\n<tr>\n<td class=\"attrLabels\">\u021aara de distribu\u021bie:<\/td>\n<td width=\"50.0%\">Spania, Germania, SUA<\/td>\n<td class=\"attrLabels\">Greutate:<\/td>\n<td width=\"50.0%\">13,5 kg<\/td>\n<\/tr>\n<tr>\n<td class=\"attrLabels\">Marca:<\/td>\n<td width=\"50.0%\">ARC<\/td>\n<td class=\"attrLabels\">\u00cen\u0103l\u0163ime:<\/td>\n<td width=\"50.0%\">74 cm<\/td>\n<\/tr>\n<tr>\n<td class=\"attrLabels\">Culoare:<\/td>\n<td width=\"50.0%\">Argint<\/td>\n<td class=\"attrLabels\">Lung:<\/td>\n<td width=\"50.0%\">54 cm<\/td>\n<\/tr>\n<tr>\n<td class=\"attrLabels\">Tip produs:<\/td>\n<td width=\"50.0%\">\u00a0plita electrica de bucatarie<\/td>\n<td class=\"attrLabels\">Larg:<\/td>\n<td width=\"50.0%\">45 cm<\/td>\n<\/tr>\n<tr>\n<td class=\"attrLabels\">Numar producator:<\/td>\n<td width=\"50.0%\">ARCBAP01<\/td>\n<td class=\"attrLabels\">dimensiuni interioare:<\/td>\n<td width=\"50.0%\">45 x 57,5 x 29 cm<\/td>\n<\/tr>\n<tr>\n<td class=\"attrLabels\">Material:<\/td>\n<td width=\"50.0%\">otel inoxidabil, gratar, control temperatura<\/td>\n<td class=\"attrLabels\">Tensiune de intrare:<\/td>\n<td width=\"50.0%\">220V \u2013 50Hz<\/td>\n<\/tr>\n<tr>\n<td class=\"attrLabels\">Niveluri:<\/td>\n<td width=\"50.0%\">Op\u021biune 3 plus 3 c\u00e2rlige<\/td>\n<td class=\"attrLabels\">\u00a0Putere:<\/td>\n<td width=\"50.0%\">1400W<\/td>\n<\/tr>\n<tr>\n<td class=\"attrLabels\">Dimensiunea fierului de calcat:<\/td>\n<td width=\"50.0%\">40x25cm<\/td>\n<td class=\"attrLabels\">Garantie:<\/td>\n<td width=\"50.0%\">2 ANI<\/td>\n<\/tr>\n<\/tbody>\n<\/table>","protected":false},"excerpt":{"rendered":"<h2>Afum\u0103tor profesionist pentru gr\u0103tar<\/h2>\n<p>Acest<strong> gratar electric <\/strong>v\u0103 va ajuta s\u0103 oferi\u021bi un punct suplimentar de arom\u0103 g\u0103titului dvs<strong> Fumator electric gratar <span style=\"color: #ff0000;\">LA<\/span><span style=\"color: #0000ff;\">R<\/span>c<\/strong> Are o putere de 1400W pentru a frige u\u0219or pe\u0219te, carne, c\u00e2rna\u021bi, tofu, legume etc.<\/p>\n<p>Manevrarea u\u0219oar\u0103 a preg\u0103tirii \u0219i aprinderii <strong>fum\u0103tor electric<\/strong> V\u0103 va ajuta s\u0103 economisi\u021bi timp, astfel \u00eenc\u00e2t clien\u021bii s\u0103 se poat\u0103 bucura de m\u00e2nc\u0103ruri rafinate care p\u0103streaz\u0103 g\u0103titul \u0219i aroma unei fripturi autentice. Fabricat din cel mai bun o\u021bel inoxidabil de calitate alimentar\u0103.  Acest<strong> gratar electric<\/strong> <span style=\"color: #ff0000;\"><strong>LA<\/strong><\/span><span style=\"color: #0000ff;\"><strong>R<\/strong><\/span><strong>CBAP01<\/strong> \u00ce\u021bi va face locul diferit de ceilal\u021bi. Are o u\u0219\u0103 de ventila\u021bie \u00een spate, un termometru de p\u00e2n\u0103 la 300\u00baC pe u\u0219\u0103 \u0219i un m\u00e2ner de transport \u00een partea de sus.<\/p>\n<h6><strong>garan\u021bie\u00a0<span style=\"color: #ff0000;\">LA<\/span><span style=\"color: #0000ff;\">R<\/span>C 2 ANI<\/strong><\/h6>\n<h6><span style=\"color: #008000;\">Afumator electric eficient gratar, consum redus 1400w<\/span><\/h6>\n<h6><strong>suport tehnic inclus<\/strong><\/h6>\n<p>&nbsp;<\/p>","protected":false},"featured_media":1499,"comment_status":"open","ping_status":"closed","template":"","meta":{"wds_primary_product_brand":0,"wds_primary_product_cat":0},"product_brand":[],"product_cat":[60],"product_tag":[],"class_list":{"0":"post-1495","1":"product","2":"type-product","3":"status-publish","4":"has-post-thumbnail","6":"product_cat-ahumadores-profesionales","7":"product_shipping_class-hosteleria","9":"first","10":"instock","11":"sale","12":"taxable","13":"shipping-taxable","14":"purchasable","15":"product-type-simple"},"yoast_head":"<!-- This site is optimized with the Yoast SEO Premium plugin v24.9 (Yoast SEO v26.1) - https:\/\/yoast.com\/wordpress\/plugins\/seo\/ -->\n<title>Ahumador barbacoa profesional - distribuci\u00f3n ARC<\/title>\n<meta name=\"robots\" content=\"index, follow, max-snippet:-1, max-image-preview:large, max-video-preview:-1\" \/>\n<link rel=\"canonical\" href=\"https:\/\/www.distribucionarc.com\/ro\/producto\/ahumador-barbacoa-profesional\/\" \/>\n<meta property=\"og:locale\" content=\"ro_RO\" \/>\n<meta property=\"og:type\" content=\"article\" \/>\n<meta property=\"og:title\" content=\"Ahumador barbacoa profesional\" \/>\n<meta property=\"og:description\" content=\"Ahumador barbacoa profesional Esta barbacoa el\u00e9ctrica le ayudar\u00e1 a darle un punto extra de sabor a su cocina, el Ahumador barbacoa el\u00e9ctrica ARC cuenta con 1400W de potencia para asar suavemente pescados, carnes, embutidos, tofu, verduras, etc.  El f\u00e1cil manejo de preparaci\u00f3n y encendido del ahumador el\u00e9ctrico le ayudar\u00e1 a ahorrar tiempo para que sus clientes disfruten de unos exquisitos platos que conservan la cocci\u00f3n y sabor de un aut\u00e9ntico asado. Hecho del acero inoxidable de la mejor calidad alimentaria. \u00a0Esta barbacoa el\u00e9ctrica ARCBAP01 har\u00e1 que tu local sea diferente de los dem\u00e1s.\u00a0Dispone de puerta de ventilaci\u00f3n en la parte posterior, term\u00f3metro de hasta 300\u00baC en la puerta y asa de transporte en la parte superior Garant\u00eda\u00a0ARC 2 A\u00d1OS Ahumador barbacoa el\u00e9ctrico eficiente, bajo consumo 1400w soporte t\u00e9cnico\u00a0incluido &nbsp;\" \/>\n<meta property=\"og:url\" content=\"https:\/\/www.distribucionarc.com\/ro\/producto\/ahumador-barbacoa-profesional\/\" \/>\n<meta property=\"og:site_name\" content=\"distribuci\u00f3n ARC\" \/>\n<meta property=\"article:modified_time\" content=\"2020-09-27T10:00:40+00:00\" \/>\n<meta property=\"og:image\" content=\"https:\/\/www.distribucionarc.com\/wp-content\/uploads\/2020\/07\/Ahumador-barbacoa-profesional-0.jpg\" \/>\n\t<meta property=\"og:image:width\" content=\"1500\" \/>\n\t<meta property=\"og:image:height\" content=\"1500\" \/>\n\t<meta property=\"og:image:type\" content=\"image\/jpeg\" \/>\n<meta name=\"twitter:card\" content=\"summary_large_image\" \/>\n<meta name=\"twitter:label1\" content=\"Timp estimat pentru citire\" \/>\n\t<meta name=\"twitter:data1\" content=\"1 minut\" \/>\n<script type=\"application\/ld+json\" class=\"yoast-schema-graph\">{\"@context\":\"https:\/\/schema.org\",\"@graph\":[{\"@type\":\"WebPage\",\"@id\":\"https:\/\/www.distribucionarc.com\/ro\/producto\/ahumador-barbacoa-profesional\/\",\"url\":\"https:\/\/www.distribucionarc.com\/ro\/producto\/ahumador-barbacoa-profesional\/\",\"name\":\"Ahumador barbacoa profesional - distribuci\u00f3n ARC\",\"isPartOf\":{\"@id\":\"https:\/\/www.distribucionarc.com\/sl\/#website\"},\"primaryImageOfPage\":{\"@id\":\"https:\/\/www.distribucionarc.com\/ro\/producto\/ahumador-barbacoa-profesional\/#primaryimage\"},\"image\":{\"@id\":\"https:\/\/www.distribucionarc.com\/ro\/producto\/ahumador-barbacoa-profesional\/#primaryimage\"},\"thumbnailUrl\":\"https:\/\/distribucionarc.com\/wp-content\/uploads\/2020\/07\/Ahumador-barbacoa-profesional-0.jpg\",\"datePublished\":\"2020-07-25T13:22:21+00:00\",\"dateModified\":\"2020-09-27T10:00:40+00:00\",\"breadcrumb\":{\"@id\":\"https:\/\/www.distribucionarc.com\/ro\/producto\/ahumador-barbacoa-profesional\/#breadcrumb\"},\"inLanguage\":\"ro-RO\",\"potentialAction\":[{\"@type\":\"ReadAction\",\"target\":[\"https:\/\/www.distribucionarc.com\/ro\/producto\/ahumador-barbacoa-profesional\/\"]}]},{\"@type\":\"ImageObject\",\"inLanguage\":\"ro-RO\",\"@id\":\"https:\/\/www.distribucionarc.com\/ro\/producto\/ahumador-barbacoa-profesional\/#primaryimage\",\"url\":\"https:\/\/distribucionarc.com\/wp-content\/uploads\/2020\/07\/Ahumador-barbacoa-profesional-0.jpg\",\"contentUrl\":\"https:\/\/distribucionarc.com\/wp-content\/uploads\/2020\/07\/Ahumador-barbacoa-profesional-0.jpg\",\"width\":1500,\"height\":1500,\"caption\":\"Ahumador barbacoa profesional\"},{\"@type\":\"BreadcrumbList\",\"@id\":\"https:\/\/www.distribucionarc.com\/ro\/producto\/ahumador-barbacoa-profesional\/#breadcrumb\",\"itemListElement\":[{\"@type\":\"ListItem\",\"position\":1,\"name\":\"Portada\",\"item\":\"https:\/\/www.distribucionarc.com\/\"},{\"@type\":\"ListItem\",\"position\":2,\"name\":\"\u00dcr\u00fcnler\",\"item\":\"https:\/\/www.distribucionarc.com\/tr\/magaza\/\"},{\"@type\":\"ListItem\",\"position\":3,\"name\":\"Ahumador barbacoa profesional\"}]},{\"@type\":\"WebSite\",\"@id\":\"https:\/\/www.distribucionarc.com\/sl\/#website\",\"url\":\"https:\/\/www.distribucionarc.com\/sl\/\",\"name\":\"distribuci\u00f3n ARC\",\"description\":\"Empresa especializada en la fabricaci\u00f3n y distribuci\u00f3n de maquinaria industrial, selladoras de latas, Maquinas de hacer pastillas, Maquinas de cortar carne...\",\"publisher\":{\"@id\":\"https:\/\/www.distribucionarc.com\/sl\/#organization\"},\"potentialAction\":[{\"@type\":\"SearchAction\",\"target\":{\"@type\":\"EntryPoint\",\"urlTemplate\":\"https:\/\/www.distribucionarc.com\/sl\/?s={search_term_string}\"},\"query-input\":{\"@type\":\"PropertyValueSpecification\",\"valueRequired\":true,\"valueName\":\"search_term_string\"}}],\"inLanguage\":\"ro-RO\"},{\"@type\":\"Organization\",\"@id\":\"https:\/\/www.distribucionarc.com\/sl\/#organization\",\"name\":\"Distribuci\u00f3n ARC\",\"url\":\"https:\/\/www.distribucionarc.com\/sl\/\",\"logo\":{\"@type\":\"ImageObject\",\"inLanguage\":\"ro-RO\",\"@id\":\"https:\/\/www.distribucionarc.com\/sl\/#\/schema\/logo\/image\/\",\"url\":\"https:\/\/distribucionarc.com\/wp-content\/uploads\/2024\/10\/distribucion-ARC-COLOR-SIN-FONDO-e1732295305345.png\",\"contentUrl\":\"https:\/\/distribucionarc.com\/wp-content\/uploads\/2024\/10\/distribucion-ARC-COLOR-SIN-FONDO-e1732295305345.png\",\"width\":1164,\"height\":558,\"caption\":\"Distribuci\u00f3n ARC\"},\"image\":{\"@id\":\"https:\/\/www.distribucionarc.com\/sl\/#\/schema\/logo\/image\/\"},\"description\":\"Empresa especializada en la fabricaci\u00f3n y distribuci\u00f3n de maquinaria industrial para los sectores alimentario y farmac\u00e9utico. Nos especializamos en: M\u00e1quinas de cortar carne Fabricaci\u00f3n de comprimidos Sistemas de transporte industrial L\u00edneas de embotellado Dosificadores Y mucho m\u00e1s... Ofrecemos soluciones innovadoras y personalizadas para optimizar los procesos productivos de tu empresa.\",\"email\":\"Admistracion@distribucionarc.com\",\"telephone\":\"+34 643496664\",\"legalName\":\"ARC TECH SOLUTIONS\",\"foundingDate\":\"2024-04-09\",\"vatID\":\"B55480172\",\"numberOfEmployees\":{\"@type\":\"QuantitativeValue\",\"minValue\":\"1\",\"maxValue\":\"10\"}}]}<\/script>\n<!-- \/ Yoast SEO Premium plugin. -->","yoast_head_json":{"title":"Afumator gratar profesional - distributie ARC","robots":{"index":"index","follow":"follow","max-snippet":"max-snippet:-1","max-image-preview":"max-image-preview:large","max-video-preview":"max-video-preview:-1"},"canonical":"https:\/\/www.distribucionarc.com\/ro\/producto\/ahumador-barbacoa-profesional\/","og_locale":"ro_RO","og_type":"article","og_title":"Ahumador barbacoa profesional","og_description":"Ahumador barbacoa profesional Esta barbacoa el\u00e9ctrica le ayudar\u00e1 a darle un punto extra de sabor a su cocina, el Ahumador barbacoa el\u00e9ctrica ARC cuenta con 1400W de potencia para asar suavemente pescados, carnes, embutidos, tofu, verduras, etc.  El f\u00e1cil manejo de preparaci\u00f3n y encendido del ahumador el\u00e9ctrico le ayudar\u00e1 a ahorrar tiempo para que sus clientes disfruten de unos exquisitos platos que conservan la cocci\u00f3n y sabor de un aut\u00e9ntico asado. Hecho del acero inoxidable de la mejor calidad alimentaria. \u00a0Esta barbacoa el\u00e9ctrica ARCBAP01 har\u00e1 que tu local sea diferente de los dem\u00e1s.\u00a0Dispone de puerta de ventilaci\u00f3n en la parte posterior, term\u00f3metro de hasta 300\u00baC en la puerta y asa de transporte en la parte superior Garant\u00eda\u00a0ARC 2 A\u00d1OS Ahumador barbacoa el\u00e9ctrico eficiente, bajo consumo 1400w soporte t\u00e9cnico\u00a0incluido &nbsp;","og_url":"https:\/\/www.distribucionarc.com\/ro\/producto\/ahumador-barbacoa-profesional\/","og_site_name":"distribuci\u00f3n ARC","article_modified_time":"2020-09-27T10:00:40+00:00","og_image":[{"width":1500,"height":1500,"url":"https:\/\/www.distribucionarc.com\/wp-content\/uploads\/2020\/07\/Ahumador-barbacoa-profesional-0.jpg","type":"image\/jpeg"}],"twitter_card":"summary_large_image","twitter_misc":{"Timp estimat pentru citire":"1 minut"},"schema":{"@context":"https:\/\/schema.org","@graph":[{"@type":"WebPage","@id":"https:\/\/www.distribucionarc.com\/ro\/producto\/ahumador-barbacoa-profesional\/","url":"https:\/\/www.distribucionarc.com\/ro\/producto\/ahumador-barbacoa-profesional\/","name":"Afumator gratar profesional - distributie ARC","isPartOf":{"@id":"https:\/\/www.distribucionarc.com\/sl\/#website"},"primaryImageOfPage":{"@id":"https:\/\/www.distribucionarc.com\/ro\/producto\/ahumador-barbacoa-profesional\/#primaryimage"},"image":{"@id":"https:\/\/www.distribucionarc.com\/ro\/producto\/ahumador-barbacoa-profesional\/#primaryimage"},"thumbnailUrl":"https:\/\/distribucionarc.com\/wp-content\/uploads\/2020\/07\/Ahumador-barbacoa-profesional-0.jpg","datePublished":"2020-07-25T13:22:21+00:00","dateModified":"2020-09-27T10:00:40+00:00","breadcrumb":{"@id":"https:\/\/www.distribucionarc.com\/ro\/producto\/ahumador-barbacoa-profesional\/#breadcrumb"},"inLanguage":"ro-RO","potentialAction":[{"@type":"ReadAction","target":["https:\/\/www.distribucionarc.com\/ro\/producto\/ahumador-barbacoa-profesional\/"]}]},{"@type":"ImageObject","inLanguage":"ro-RO","@id":"https:\/\/www.distribucionarc.com\/ro\/producto\/ahumador-barbacoa-profesional\/#primaryimage","url":"https:\/\/distribucionarc.com\/wp-content\/uploads\/2020\/07\/Ahumador-barbacoa-profesional-0.jpg","contentUrl":"https:\/\/distribucionarc.com\/wp-content\/uploads\/2020\/07\/Ahumador-barbacoa-profesional-0.jpg","width":1500,"height":1500,"caption":"Ahumador barbacoa profesional"},{"@type":"BreadcrumbList","@id":"https:\/\/www.distribucionarc.com\/ro\/producto\/ahumador-barbacoa-profesional\/#breadcrumb","itemListElement":[{"@type":"ListItem","position":1,"name":"Portada","item":"https:\/\/www.distribucionarc.com\/"},{"@type":"ListItem","position":2,"name":"\u00dcr\u00fcnler","item":"https:\/\/www.distribucionarc.com\/tr\/magaza\/"},{"@type":"ListItem","position":3,"name":"Ahumador barbacoa profesional"}]},{"@type":"WebSite","@id":"https:\/\/www.distribucionarc.com\/sl\/#website","url":"https:\/\/www.distribucionarc.com\/sl\/","name":"Distribu\u021bie ARC","description":"Companie specializat\u0103 \u00een fabricarea \u0219i distribu\u021bia de utilaje industriale, ma\u0219ini de sigilat cutii, ma\u0219ini de fabricat tablete, ma\u0219ini de t\u0103iat carne...","publisher":{"@id":"https:\/\/www.distribucionarc.com\/sl\/#organization"},"potentialAction":[{"@type":"SearchAction","target":{"@type":"EntryPoint","urlTemplate":"https:\/\/www.distribucionarc.com\/sl\/?s={search_term_string}"},"query-input":{"@type":"PropertyValueSpecification","valueRequired":true,"valueName":"search_term_string"}}],"inLanguage":"ro-RO"},{"@type":"Organization","@id":"https:\/\/www.distribucionarc.com\/sl\/#organization","name":"Distribu\u021bie ARC","url":"https:\/\/www.distribucionarc.com\/sl\/","logo":{"@type":"ImageObject","inLanguage":"ro-RO","@id":"https:\/\/www.distribucionarc.com\/sl\/#\/schema\/logo\/image\/","url":"https:\/\/distribucionarc.com\/wp-content\/uploads\/2024\/10\/distribucion-ARC-COLOR-SIN-FONDO-e1732295305345.png","contentUrl":"https:\/\/distribucionarc.com\/wp-content\/uploads\/2024\/10\/distribucion-ARC-COLOR-SIN-FONDO-e1732295305345.png","width":1164,"height":558,"caption":"Distribuci\u00f3n ARC"},"image":{"@id":"https:\/\/www.distribucionarc.com\/sl\/#\/schema\/logo\/image\/"},"description":"Companie specializat\u0103 \u00een fabricarea \u0219i distribu\u021bia de utilaje industriale pentru sectoarele alimentar \u0219i farmaceutic. Suntem specializa\u021bi \u00een: Ma\u0219ini de t\u0103iat carne Fabricarea tabletelor Sisteme de transport industrial Linii de \u00eembuteliere Distribuitoare \u0218i multe altele... Oferim solu\u021bii inovatoare \u0219i personalizate pentru a optimiza procesele de produc\u021bie ale companiei dumneavoastr\u0103.","email":"Admistracion@distribucionarc.com","telephone":"+34 643496664","legalName":"ARC TECH SOLUTIONS","foundingDate":"2024-04-09","vatID":"B55480172","numberOfEmployees":{"@type":"QuantitativeValue","minValue":"1","maxValue":"10"}}]}},"_links":{"self":[{"href":"https:\/\/distribucionarc.com\/ro\/wp-json\/wp\/v2\/product\/1495","targetHints":{"allow":["GET"]}}],"collection":[{"href":"https:\/\/distribucionarc.com\/ro\/wp-json\/wp\/v2\/product"}],"about":[{"href":"https:\/\/distribucionarc.com\/ro\/wp-json\/wp\/v2\/types\/product"}],"replies":[{"embeddable":true,"href":"https:\/\/distribucionarc.com\/ro\/wp-json\/wp\/v2\/comments?post=1495"}],"version-history":[{"count":0,"href":"https:\/\/distribucionarc.com\/ro\/wp-json\/wp\/v2\/product\/1495\/revisions"}],"wp:featuredmedia":[{"embeddable":true,"href":"https:\/\/distribucionarc.com\/ro\/wp-json\/wp\/v2\/media\/1499"}],"wp:attachment":[{"href":"https:\/\/distribucionarc.com\/ro\/wp-json\/wp\/v2\/media?parent=1495"}],"wp:term":[{"taxonomy":"product_brand","embeddable":true,"href":"https:\/\/distribucionarc.com\/ro\/wp-json\/wp\/v2\/product_brand?post=1495"},{"taxonomy":"product_cat","embeddable":true,"href":"https:\/\/distribucionarc.com\/ro\/wp-json\/wp\/v2\/product_cat?post=1495"},{"taxonomy":"product_tag","embeddable":true,"href":"https:\/\/distribucionarc.com\/ro\/wp-json\/wp\/v2\/product_tag?post=1495"}],"curies":[{"name":"wp","href":"https:\/\/api.w.org\/{rel}","templated":true}]}}